{"id":9686,"date":"2025-08-27T10:57:43","date_gmt":"2025-08-27T10:57:43","guid":{"rendered":"https:\/\/slot71.silverline.dev\/?post_type=product&#038;p=9686"},"modified":"2025-10-28T12:45:24","modified_gmt":"2025-10-28T12:45:24","slug":"5-32oz-round-glass-mason-jar-with-aluminum-lid","status":"publish","type":"product","link":"https:\/\/reihey.com\/tr\/product\/5-32oz-round-glass-mason-jar-with-aluminum-lid\/","title":{"rendered":"5-32oz Yuvarlak Cam Kavanoz Al\u00fcminyum Kapak ile"},"content":{"rendered":"","protected":false},"excerpt":{"rendered":"<p><!-- Desk Version --><\/p>\n<table class=\"desk-tab\">\n<tbody>\n<tr>\n<th>Malzeme<\/th>\n<th>Renk<\/th>\n<th>Kapasiteli<\/th>\n<th>Kapak<\/th>\n<th>Kullan\u0131m<\/th>\n<\/tr>\n<tr>\n<td>Cam<\/td>\n<td>\u015eeffaf<\/td>\n<td>5oz<\/td>\n<td>Metal vida kapak<\/td>\n<td>G\u0131da<\/td>\n<\/tr>\n<tr>\n<td><\/td>\n<td><\/td>\n<td>8oz<\/td>\n<td><\/td>\n<td><\/td>\n<\/tr>\n<tr>\n<td><\/td>\n<td><\/td>\n<td>10oz<\/td>\n<td><\/td>\n<td><\/td>\n<\/tr>\n<tr>\n<td><\/td>\n<td><\/td>\n<td>12oz<\/td>\n<td><\/td>\n<td><\/td>\n<\/tr>\n<tr>\n<td><\/td>\n<td><\/td>\n<td>16oz<\/td>\n<td><\/td>\n<td><\/td>\n<\/tr>\n<tr>\n<td><\/td>\n<td><\/td>\n<td>25oz<\/td>\n<td><\/td>\n<td><\/td>\n<\/tr>\n<tr>\n<td><\/td>\n<td><\/td>\n<td>32oz<\/td>\n<td><\/td>\n<td><\/td>\n<\/tr>\n<\/tbody>\n<\/table>\n<p><!-- Mobile Version --><\/p>\n<table class=\"mob-tab\">\n<tbody>\n<tr>\n<th>Malzeme<\/th>\n<td>Cam<\/td>\n<\/tr>\n<tr>\n<th>Renk<\/th>\n<td>\u015eeffaf<\/td>\n<\/tr>\n<tr>\n<th>Kapasiteli<\/th>\n<td>5oz<br \/>\n8oz<br \/>\n10oz<br \/>\n12oz<br \/>\n16oz<br \/>\n25oz<br \/>\n32oz<\/td>\n<\/tr>\n<tr>\n<th>Kapak<\/th>\n<td>Metal vida kapak<\/td>\n<\/tr>\n<tr>\n<th>Kullan\u0131m<\/th>\n<td>G\u0131da<\/td>\n<\/tr>\n<\/tbody>\n<\/table>\n<p>\u00c7evre Dostu: Bu kavanozlarda cam kullan\u0131m\u0131 s\u00fcrd\u00fcr\u00fclebilirli\u011fe olan ba\u011fl\u0131l\u0131\u011f\u0131m\u0131z\u0131 yans\u0131t\u0131r. Malzeme tamamen geri d\u00f6n\u00fc\u015ft\u00fcr\u00fclebilir olup \u00e7evrenin korunmas\u0131na katk\u0131da bulunur. Optimum Boyut: Bu kavanozlar \u00e7e\u015fitli boyutlarda mevcuttur ve \u00e7ok say\u0131da konserve gereksinimini kar\u015f\u0131lamak \u00fczere tasarlanm\u0131\u015ft\u0131r. Ev kullan\u0131m\u0131, kafeler veya ticari ihtiya\u00e7lar i\u00e7in idealdir. \u00c7ok Y\u00f6nl\u00fc Kullan\u0131m: Bu cam kavanozlar geni\u015f bir yelpazede yiyeceklerin konserve edilmesi i\u00e7in m\u00fckemmeldir. \u00c7atlak desenleri ayr\u0131ca mutfak dekorunuza zarif bir dokunu\u015f katar ve \u015f\u0131k dekor \u00f6\u011feleri olarak bile kullan\u0131labilir.<\/p>","protected":false},"featured_media":992141,"comment_status":"closed","ping_status":"closed","template":"","meta":{"_acf_changed":false},"product_brand":[],"product_cat":[601,603,591,595],"product_tag":[],"class_list":{"0":"post-9686","1":"product","2":"type-product","3":"status-publish","4":"has-post-thumbnail","6":"product_cat-food-beverage","7":"product_cat-wholesale-glass-jam-jar","8":"product_cat-glass-jar-manfacturer","9":"product_cat-wholesale-mason-jar","11":"first","12":"instock","13":"shipping-taxable","14":"product-type-simple"},"acf":[],"yoast_head":"<!-- This site is optimized with the Yoast SEO plugin v26.7 - https:\/\/yoast.com\/wordpress\/plugins\/seo\/ -->\n<title>5-32oz Round Glass Mason Jar with Aluminum Lid - Reihey Glass<\/title>\n<meta name=\"robots\" content=\"index, follow, max-snippet:-1, max-image-preview:large, max-video-preview:-1\" \/>\n<link rel=\"canonical\" href=\"https:\/\/reihey.com\/tr\/product\/5-32oz-round-glass-mason-jar-with-aluminum-lid\/\" \/>\n<meta property=\"og:locale\" content=\"tr_TR\" \/>\n<meta property=\"og:type\" content=\"article\" \/>\n<meta property=\"og:title\" content=\"5-32oz Round Glass Mason Jar with Aluminum Lid - Reihey Glass\" \/>\n<meta property=\"og:description\" content=\"Material Color Capacity Lid Usage   Glass Clear 5oz Metal screw lid Food     8oz       10oz       12oz       16oz       25oz       32oz          Material Glass   Color Clear   Capacity 5oz 8oz 10oz 12oz 16oz 25oz 32oz   Lid Metal screw lid   Usage Food    Eco-Friendly: The use of glass in these jars reflects our dedication to sustainability. The material is fully recyclable, contributing to the preservation of the environment. Optimal Size: These jars are available in various sizes to cater to a multitude of canning requirements. They&#039;re ideal for home use, cafes, or commercial needs. Versatile Use: These glass jars are perfect for canning a wide array of foods. Their diamond pattern also adds an elegant touch to your kitchen decor and can even be used as stylish decor items.\" \/>\n<meta property=\"og:url\" content=\"https:\/\/reihey.com\/tr\/product\/5-32oz-round-glass-mason-jar-with-aluminum-lid\/\" \/>\n<meta property=\"og:site_name\" content=\"Reihey Glass\" \/>\n<meta property=\"article:modified_time\" content=\"2025-10-28T12:45:24+00:00\" \/>\n<meta property=\"og:image\" content=\"https:\/\/reihey.com\/wp-content\/uploads\/2025\/08\/f-3.jpg\" \/>\n\t<meta property=\"og:image:width\" content=\"800\" \/>\n\t<meta property=\"og:image:height\" content=\"800\" \/>\n\t<meta property=\"og:image:type\" content=\"image\/jpeg\" \/>\n<meta name=\"twitter:card\" content=\"summary_large_image\" \/>\n<meta name=\"twitter:label1\" content=\"Est. reading time\" \/>\n\t<meta name=\"twitter:data1\" content=\"1 dakika\" \/>\n<script type=\"application\/ld+json\" class=\"yoast-schema-graph\">{\"@context\":\"https:\/\/schema.org\",\"@graph\":[{\"@type\":\"WebPage\",\"@id\":\"https:\/\/reihey.com\/product\/5-32oz-round-glass-mason-jar-with-aluminum-lid\/\",\"url\":\"https:\/\/reihey.com\/product\/5-32oz-round-glass-mason-jar-with-aluminum-lid\/\",\"name\":\"5-32oz Round Glass Mason Jar with Aluminum Lid - Reihey Glass\",\"isPartOf\":{\"@id\":\"https:\/\/reihey.com\/#website\"},\"primaryImageOfPage\":{\"@id\":\"https:\/\/reihey.com\/product\/5-32oz-round-glass-mason-jar-with-aluminum-lid\/#primaryimage\"},\"image\":{\"@id\":\"https:\/\/reihey.com\/product\/5-32oz-round-glass-mason-jar-with-aluminum-lid\/#primaryimage\"},\"thumbnailUrl\":\"https:\/\/reihey.com\/wp-content\/uploads\/2025\/08\/f-3.jpg\",\"datePublished\":\"2025-08-27T10:57:43+00:00\",\"dateModified\":\"2025-10-28T12:45:24+00:00\",\"breadcrumb\":{\"@id\":\"https:\/\/reihey.com\/product\/5-32oz-round-glass-mason-jar-with-aluminum-lid\/#breadcrumb\"},\"inLanguage\":\"tr\",\"potentialAction\":[{\"@type\":\"ReadAction\",\"target\":[\"https:\/\/reihey.com\/product\/5-32oz-round-glass-mason-jar-with-aluminum-lid\/\"]}]},{\"@type\":\"ImageObject\",\"inLanguage\":\"tr\",\"@id\":\"https:\/\/reihey.com\/product\/5-32oz-round-glass-mason-jar-with-aluminum-lid\/#primaryimage\",\"url\":\"https:\/\/reihey.com\/wp-content\/uploads\/2025\/08\/f-3.jpg\",\"contentUrl\":\"https:\/\/reihey.com\/wp-content\/uploads\/2025\/08\/f-3.jpg\",\"width\":800,\"height\":800},{\"@type\":\"BreadcrumbList\",\"@id\":\"https:\/\/reihey.com\/product\/5-32oz-round-glass-mason-jar-with-aluminum-lid\/#breadcrumb\",\"itemListElement\":[{\"@type\":\"ListItem\",\"position\":1,\"name\":\"Home\",\"item\":\"https:\/\/reihey.com\/\"},{\"@type\":\"ListItem\",\"position\":2,\"name\":\"Shop\",\"item\":\"https:\/\/reihey.com\/shop\/\"},{\"@type\":\"ListItem\",\"position\":3,\"name\":\"5-32oz Round Glass Mason Jar with Aluminum Lid\"}]},{\"@type\":\"WebSite\",\"@id\":\"https:\/\/reihey.com\/#website\",\"url\":\"https:\/\/reihey.com\/\",\"name\":\"Reihey Glass\",\"description\":\"\",\"publisher\":{\"@id\":\"https:\/\/reihey.com\/#organization\"},\"potentialAction\":[{\"@type\":\"SearchAction\",\"target\":{\"@type\":\"EntryPoint\",\"urlTemplate\":\"https:\/\/reihey.com\/?s={search_term_string}\"},\"query-input\":{\"@type\":\"PropertyValueSpecification\",\"valueRequired\":true,\"valueName\":\"search_term_string\"}}],\"inLanguage\":\"tr\"},{\"@type\":\"Organization\",\"@id\":\"https:\/\/reihey.com\/#organization\",\"name\":\"Reihey Glass\",\"url\":\"https:\/\/reihey.com\/\",\"logo\":{\"@type\":\"ImageObject\",\"inLanguage\":\"tr\",\"@id\":\"https:\/\/reihey.com\/#\/schema\/logo\/image\/\",\"url\":\"https:\/\/reihey.com\/wp-content\/uploads\/2023\/07\/Reihey-logo-2026.svg\",\"contentUrl\":\"https:\/\/reihey.com\/wp-content\/uploads\/2023\/07\/Reihey-logo-2026.svg\",\"width\":1984,\"height\":566,\"caption\":\"Reihey Glass\"},\"image\":{\"@id\":\"https:\/\/reihey.com\/#\/schema\/logo\/image\/\"}}]}<\/script>\n<!-- \/ Yoast SEO plugin. -->","yoast_head_json":{"title":"5-32oz Yuvarlak Cam Kavanoz Mente\u015fe Al\u00fcminyum Kapak - Reihey Glass","robots":{"index":"index","follow":"follow","max-snippet":"max-snippet:-1","max-image-preview":"max-image-preview:large","max-video-preview":"max-video-preview:-1"},"canonical":"https:\/\/reihey.com\/tr\/product\/5-32oz-round-glass-mason-jar-with-aluminum-lid\/","og_locale":"tr_TR","og_type":"article","og_title":"5-32oz Round Glass Mason Jar with Aluminum Lid - Reihey Glass","og_description":"Material Color Capacity Lid Usage   Glass Clear 5oz Metal screw lid Food     8oz       10oz       12oz       16oz       25oz       32oz          Material Glass   Color Clear   Capacity 5oz 8oz 10oz 12oz 16oz 25oz 32oz   Lid Metal screw lid   Usage Food    Eco-Friendly: The use of glass in these jars reflects our dedication to sustainability. The material is fully recyclable, contributing to the preservation of the environment. Optimal Size: These jars are available in various sizes to cater to a multitude of canning requirements. They're ideal for home use, cafes, or commercial needs. Versatile Use: These glass jars are perfect for canning a wide array of foods. Their diamond pattern also adds an elegant touch to your kitchen decor and can even be used as stylish decor items.","og_url":"https:\/\/reihey.com\/tr\/product\/5-32oz-round-glass-mason-jar-with-aluminum-lid\/","og_site_name":"Reihey Glass","article_modified_time":"2025-10-28T12:45:24+00:00","og_image":[{"width":800,"height":800,"url":"https:\/\/reihey.com\/wp-content\/uploads\/2025\/08\/f-3.jpg","type":"image\/jpeg"}],"twitter_card":"summary_large_image","twitter_misc":{"Est. reading time":"1 dakika"},"schema":{"@context":"https:\/\/schema.org","@graph":[{"@type":"WebPage","@id":"https:\/\/reihey.com\/product\/5-32oz-round-glass-mason-jar-with-aluminum-lid\/","url":"https:\/\/reihey.com\/product\/5-32oz-round-glass-mason-jar-with-aluminum-lid\/","name":"5-32oz Yuvarlak Cam Kavanoz Mente\u015fe Al\u00fcminyum Kapak - Reihey Glass","isPartOf":{"@id":"https:\/\/reihey.com\/#website"},"primaryImageOfPage":{"@id":"https:\/\/reihey.com\/product\/5-32oz-round-glass-mason-jar-with-aluminum-lid\/#primaryimage"},"image":{"@id":"https:\/\/reihey.com\/product\/5-32oz-round-glass-mason-jar-with-aluminum-lid\/#primaryimage"},"thumbnailUrl":"https:\/\/reihey.com\/wp-content\/uploads\/2025\/08\/f-3.jpg","datePublished":"2025-08-27T10:57:43+00:00","dateModified":"2025-10-28T12:45:24+00:00","breadcrumb":{"@id":"https:\/\/reihey.com\/product\/5-32oz-round-glass-mason-jar-with-aluminum-lid\/#breadcrumb"},"inLanguage":"tr","potentialAction":[{"@type":"ReadAction","target":["https:\/\/reihey.com\/product\/5-32oz-round-glass-mason-jar-with-aluminum-lid\/"]}]},{"@type":"ImageObject","inLanguage":"tr","@id":"https:\/\/reihey.com\/product\/5-32oz-round-glass-mason-jar-with-aluminum-lid\/#primaryimage","url":"https:\/\/reihey.com\/wp-content\/uploads\/2025\/08\/f-3.jpg","contentUrl":"https:\/\/reihey.com\/wp-content\/uploads\/2025\/08\/f-3.jpg","width":800,"height":800},{"@type":"BreadcrumbList","@id":"https:\/\/reihey.com\/product\/5-32oz-round-glass-mason-jar-with-aluminum-lid\/#breadcrumb","itemListElement":[{"@type":"ListItem","position":1,"name":"Home","item":"https:\/\/reihey.com\/"},{"@type":"ListItem","position":2,"name":"Shop","item":"https:\/\/reihey.com\/shop\/"},{"@type":"ListItem","position":3,"name":"5-32oz Round Glass Mason Jar with Aluminum Lid"}]},{"@type":"WebSite","@id":"https:\/\/reihey.com\/#website","url":"https:\/\/reihey.com\/","name":"Reihey Cam","description":"","publisher":{"@id":"https:\/\/reihey.com\/#organization"},"potentialAction":[{"@type":"SearchAction","target":{"@type":"EntryPoint","urlTemplate":"https:\/\/reihey.com\/?s={search_term_string}"},"query-input":{"@type":"PropertyValueSpecification","valueRequired":true,"valueName":"search_term_string"}}],"inLanguage":"tr"},{"@type":"Organization","@id":"https:\/\/reihey.com\/#organization","name":"Reihey Cam","url":"https:\/\/reihey.com\/","logo":{"@type":"ImageObject","inLanguage":"tr","@id":"https:\/\/reihey.com\/#\/schema\/logo\/image\/","url":"https:\/\/reihey.com\/wp-content\/uploads\/2023\/07\/Reihey-logo-2026.svg","contentUrl":"https:\/\/reihey.com\/wp-content\/uploads\/2023\/07\/Reihey-logo-2026.svg","width":1984,"height":566,"caption":"Reihey Glass"},"image":{"@id":"https:\/\/reihey.com\/#\/schema\/logo\/image\/"}}]}},"_links":{"self":[{"href":"https:\/\/reihey.com\/tr\/wp-json\/wp\/v2\/product\/9686","targetHints":{"allow":["GET"]}}],"collection":[{"href":"https:\/\/reihey.com\/tr\/wp-json\/wp\/v2\/product"}],"about":[{"href":"https:\/\/reihey.com\/tr\/wp-json\/wp\/v2\/types\/product"}],"replies":[{"embeddable":true,"href":"https:\/\/reihey.com\/tr\/wp-json\/wp\/v2\/comments?post=9686"}],"version-history":[{"count":4,"href":"https:\/\/reihey.com\/tr\/wp-json\/wp\/v2\/product\/9686\/revisions"}],"predecessor-version":[{"id":998006,"href":"https:\/\/reihey.com\/tr\/wp-json\/wp\/v2\/product\/9686\/revisions\/998006"}],"wp:featuredmedia":[{"embeddable":true,"href":"https:\/\/reihey.com\/tr\/wp-json\/wp\/v2\/media\/992141"}],"wp:attachment":[{"href":"https:\/\/reihey.com\/tr\/wp-json\/wp\/v2\/media?parent=9686"}],"wp:term":[{"taxonomy":"product_brand","embeddable":true,"href":"https:\/\/reihey.com\/tr\/wp-json\/wp\/v2\/product_brand?post=9686"},{"taxonomy":"product_cat","embeddable":true,"href":"https:\/\/reihey.com\/tr\/wp-json\/wp\/v2\/product_cat?post=9686"},{"taxonomy":"product_tag","embeddable":true,"href":"https:\/\/reihey.com\/tr\/wp-json\/wp\/v2\/product_tag?post=9686"}],"curies":[{"name":"wp","href":"https:\/\/api.w.org\/{rel}","templated":true}]}}