{"id":9634,"date":"2025-08-27T10:57:13","date_gmt":"2025-08-27T10:57:13","guid":{"rendered":"https:\/\/slot71.silverline.dev\/?post_type=product&#038;p=9634"},"modified":"2026-03-12T04:02:45","modified_gmt":"2026-03-12T04:02:45","slug":"7oz-wide-mouth-trumpet-martini-glasses","status":"publish","type":"product","link":"https:\/\/reihey.com\/tr\/product\/7oz-wide-mouth-trumpet-martini-glasses\/","title":{"rendered":"7oz Geni\u015f A\u011f\u0131zl\u0131 Tr\u00fcmbet Martini Bardaklar\u0131"},"content":{"rendered":"","protected":false},"excerpt":{"rendered":"<table class=\"desk-tab\">\n<tbody>\n<tr>\n<th>\u0130sim<\/th>\n<th>Malzeme<\/th>\n<th>Kapasiteli<\/th>\n<th>Renk<\/th>\n<th>Size<\/th>\n<th>Kullan\u0131m<\/th>\n<th>Ambalaj<\/th>\n<\/tr>\n<tr>\n<td>Kokteyl Bardaklar\u0131<\/td>\n<td>Cam<\/td>\n<td>7oz<\/td>\n<td>\u015eeffaf<\/td>\n<td>93*53mm<\/td>\n<td>Kokteyl<\/td>\n<td>1. Standart ihracat kutusu\u2013Xadetler\/kutu, Ykutusu\/kutu.<\/td>\n<\/tr>\n<tr>\n<td><\/td>\n<td><\/td>\n<td><\/td>\n<td><\/td>\n<td><\/td>\n<td><\/td>\n<td>2. \u00d6zel paket: LOGONUZ ile beyaz kutu<\/td>\n<\/tr>\n<tr>\n<td><\/td>\n<td><\/td>\n<td><\/td>\n<td><\/td>\n<td><\/td>\n<td><\/td>\n<td>3. Logonuz ile renkli hediye kutusu<\/td>\n<\/tr>\n<\/tbody>\n<\/table>\n<table class=\"mob-tab\">\n<tbody>\n<tr>\n<th>\u0130sim<\/th>\n<td>Kokteyl Bardaklar\u0131<\/td>\n<\/tr>\n<tr>\n<th>Malzeme<\/th>\n<td>Cam<\/td>\n<\/tr>\n<tr>\n<th>Kapasiteli<\/th>\n<td>7oz<\/td>\n<\/tr>\n<tr>\n<th>Renk<\/th>\n<td>\u015eeffaf<\/td>\n<\/tr>\n<tr>\n<th>Size<\/th>\n<td>93*53mm<\/td>\n<\/tr>\n<tr>\n<th>Kullan\u0131m<\/th>\n<td>Kokteyl<\/td>\n<\/tr>\n<tr>\n<th>Ambalaj<\/th>\n<td>1. Standart ihracat kutusu\u2013Xadetler\/kutu, Ykutusu\/kutu.<br \/>\n2. \u00d6zel paket: LOGONUZ ile beyaz kutu<br \/>\n3. Logonuz ile renkli hediye kutusu<\/td>\n<\/tr>\n<\/tbody>\n<\/table>\n<p><strong>\u00c7OK AMA\u00c7LI:<\/strong> Ev bar\u0131n\u0131zda \u015fampanya ve martini ile zarif kokteyller haz\u0131rlaman\u0131n yan\u0131 s\u0131ra mutfaklar\u0131n\u0131zda tatl\u0131 coupe tatl\u0131lar\u0131n\u0131 haz\u0131rlamak dahil olmak \u00fczere farkl\u0131 i\u00e7ecekler i\u00e7in kullan\u0131labilir.<\/p>\n<p><strong>EK\u0130P Z\u0130YARETLER\u0130N\u0130 ETK\u0130LEY\u0130N:<\/strong> Her t\u00fcrl\u00fc davet i\u00e7in uygun ve her t\u00fcrl\u00fc i\u00e7ecek i\u00e7in dayan\u0131kl\u0131 ve h\u0131zl\u0131 temizleme i\u00e7in bula\u015f\u0131k makinesinde g\u00fcvenli<\/p>","protected":false},"featured_media":992111,"comment_status":"closed","ping_status":"closed","template":"","meta":{"_acf_changed":false},"product_brand":[],"product_cat":[640,637],"product_tag":[],"class_list":{"0":"post-9634","1":"product","2":"type-product","3":"status-publish","4":"has-post-thumbnail","6":"product_cat-glass-cocktail-cup-manufacturer","7":"product_cat-drinking-glasses","9":"first","10":"instock","11":"shipping-taxable","12":"product-type-simple"},"acf":[],"yoast_head":"<!-- This site is optimized with the Yoast SEO plugin v26.7 - https:\/\/yoast.com\/wordpress\/plugins\/seo\/ -->\n<title>7oz Wide Mouth Trumpet Martini Glasses - Reihey Glass<\/title>\n<meta name=\"robots\" content=\"index, follow, max-snippet:-1, max-image-preview:large, max-video-preview:-1\" \/>\n<link rel=\"canonical\" href=\"https:\/\/reihey.com\/tr\/product\/7oz-wide-mouth-trumpet-martini-glasses\/\" \/>\n<meta property=\"og:locale\" content=\"tr_TR\" \/>\n<meta property=\"og:type\" content=\"article\" \/>\n<meta property=\"og:title\" content=\"7oz Wide Mouth Trumpet Martini Glasses - Reihey Glass\" \/>\n<meta property=\"og:description\" content=\"Name Material Capacity Color Size Usage Packing   Cocktail Glasses Glass 7oz Transparent 93*53mm Cocktail 1. Standard export carton--Xpcs\/box, Ybox\/carton.         2. Custom pack: white box with your LOGO         3. Color gift box with your logo       Name Cocktail Glasses   Material Glass   Capacity 7oz   Color Transparent   Size 93*53mm   Usage Cocktail   Packing 1. Standard export carton--Xpcs\/box, Ybox\/carton. 2. Custom pack: white box with your LOGO 3. Color gift box with your logo    MULTIPURPOSE: Can be used for different drinks including preparing elegant cocktails with champagne and martini in your home bar as well as preparing sweet coupe desserts in your kitchen.  IMPRESS YOUR GUESTS: Suitable for every occasion and every kind of drink, durable and dishwasher safe for quick, easy cleanup\" \/>\n<meta property=\"og:url\" content=\"https:\/\/reihey.com\/tr\/product\/7oz-wide-mouth-trumpet-martini-glasses\/\" \/>\n<meta property=\"og:site_name\" content=\"Reihey Glass\" \/>\n<meta property=\"article:modified_time\" content=\"2026-03-12T04:02:45+00:00\" \/>\n<meta property=\"og:image\" content=\"https:\/\/reihey.com\/wp-content\/uploads\/2025\/08\/1-65.jpg\" \/>\n\t<meta property=\"og:image:width\" content=\"800\" \/>\n\t<meta property=\"og:image:height\" content=\"800\" \/>\n\t<meta property=\"og:image:type\" content=\"image\/jpeg\" \/>\n<meta name=\"twitter:card\" content=\"summary_large_image\" \/>\n<meta name=\"twitter:label1\" content=\"Est. reading time\" \/>\n\t<meta name=\"twitter:data1\" content=\"1 dakika\" \/>\n<script type=\"application\/ld+json\" class=\"yoast-schema-graph\">{\"@context\":\"https:\/\/schema.org\",\"@graph\":[{\"@type\":\"WebPage\",\"@id\":\"https:\/\/reihey.com\/product\/7oz-wide-mouth-trumpet-martini-glasses\/\",\"url\":\"https:\/\/reihey.com\/product\/7oz-wide-mouth-trumpet-martini-glasses\/\",\"name\":\"7oz Wide Mouth Trumpet Martini Glasses - Reihey Glass\",\"isPartOf\":{\"@id\":\"https:\/\/reihey.com\/#website\"},\"primaryImageOfPage\":{\"@id\":\"https:\/\/reihey.com\/product\/7oz-wide-mouth-trumpet-martini-glasses\/#primaryimage\"},\"image\":{\"@id\":\"https:\/\/reihey.com\/product\/7oz-wide-mouth-trumpet-martini-glasses\/#primaryimage\"},\"thumbnailUrl\":\"https:\/\/reihey.com\/wp-content\/uploads\/2025\/08\/1-65.jpg\",\"datePublished\":\"2025-08-27T10:57:13+00:00\",\"dateModified\":\"2026-03-12T04:02:45+00:00\",\"breadcrumb\":{\"@id\":\"https:\/\/reihey.com\/product\/7oz-wide-mouth-trumpet-martini-glasses\/#breadcrumb\"},\"inLanguage\":\"tr\",\"potentialAction\":[{\"@type\":\"ReadAction\",\"target\":[\"https:\/\/reihey.com\/product\/7oz-wide-mouth-trumpet-martini-glasses\/\"]}]},{\"@type\":\"ImageObject\",\"inLanguage\":\"tr\",\"@id\":\"https:\/\/reihey.com\/product\/7oz-wide-mouth-trumpet-martini-glasses\/#primaryimage\",\"url\":\"https:\/\/reihey.com\/wp-content\/uploads\/2025\/08\/1-65.jpg\",\"contentUrl\":\"https:\/\/reihey.com\/wp-content\/uploads\/2025\/08\/1-65.jpg\",\"width\":800,\"height\":800,\"caption\":\"7oz Wide Mouth Trumpet Martini Glasses\"},{\"@type\":\"BreadcrumbList\",\"@id\":\"https:\/\/reihey.com\/product\/7oz-wide-mouth-trumpet-martini-glasses\/#breadcrumb\",\"itemListElement\":[{\"@type\":\"ListItem\",\"position\":1,\"name\":\"Home\",\"item\":\"https:\/\/reihey.com\/\"},{\"@type\":\"ListItem\",\"position\":2,\"name\":\"Shop\",\"item\":\"https:\/\/reihey.com\/shop\/\"},{\"@type\":\"ListItem\",\"position\":3,\"name\":\"7oz Wide Mouth Trumpet Martini Glasses\"}]},{\"@type\":\"WebSite\",\"@id\":\"https:\/\/reihey.com\/#website\",\"url\":\"https:\/\/reihey.com\/\",\"name\":\"Reihey Glass\",\"description\":\"\",\"publisher\":{\"@id\":\"https:\/\/reihey.com\/#organization\"},\"potentialAction\":[{\"@type\":\"SearchAction\",\"target\":{\"@type\":\"EntryPoint\",\"urlTemplate\":\"https:\/\/reihey.com\/?s={search_term_string}\"},\"query-input\":{\"@type\":\"PropertyValueSpecification\",\"valueRequired\":true,\"valueName\":\"search_term_string\"}}],\"inLanguage\":\"tr\"},{\"@type\":\"Organization\",\"@id\":\"https:\/\/reihey.com\/#organization\",\"name\":\"Reihey Glass\",\"url\":\"https:\/\/reihey.com\/\",\"logo\":{\"@type\":\"ImageObject\",\"inLanguage\":\"tr\",\"@id\":\"https:\/\/reihey.com\/#\/schema\/logo\/image\/\",\"url\":\"https:\/\/reihey.com\/wp-content\/uploads\/2023\/07\/Reihey-logo-2026.svg\",\"contentUrl\":\"https:\/\/reihey.com\/wp-content\/uploads\/2023\/07\/Reihey-logo-2026.svg\",\"width\":1984,\"height\":566,\"caption\":\"Reihey Glass\"},\"image\":{\"@id\":\"https:\/\/reihey.com\/#\/schema\/logo\/image\/\"}}]}<\/script>\n<!-- \/ Yoast SEO plugin. -->","yoast_head_json":{"title":"7oz Geni\u015f A\u011f\u0131zl\u0131 Trumpe Darmas\u0131 Martini Kadehleri - Reihey Glass","robots":{"index":"index","follow":"follow","max-snippet":"max-snippet:-1","max-image-preview":"max-image-preview:large","max-video-preview":"max-video-preview:-1"},"canonical":"https:\/\/reihey.com\/tr\/product\/7oz-wide-mouth-trumpet-martini-glasses\/","og_locale":"tr_TR","og_type":"article","og_title":"7oz Wide Mouth Trumpet Martini Glasses - Reihey Glass","og_description":"Name Material Capacity Color Size Usage Packing   Cocktail Glasses Glass 7oz Transparent 93*53mm Cocktail 1. Standard export carton--Xpcs\/box, Ybox\/carton.         2. Custom pack: white box with your LOGO         3. Color gift box with your logo       Name Cocktail Glasses   Material Glass   Capacity 7oz   Color Transparent   Size 93*53mm   Usage Cocktail   Packing 1. Standard export carton--Xpcs\/box, Ybox\/carton. 2. Custom pack: white box with your LOGO 3. Color gift box with your logo    MULTIPURPOSE: Can be used for different drinks including preparing elegant cocktails with champagne and martini in your home bar as well as preparing sweet coupe desserts in your kitchen.  IMPRESS YOUR GUESTS: Suitable for every occasion and every kind of drink, durable and dishwasher safe for quick, easy cleanup","og_url":"https:\/\/reihey.com\/tr\/product\/7oz-wide-mouth-trumpet-martini-glasses\/","og_site_name":"Reihey Glass","article_modified_time":"2026-03-12T04:02:45+00:00","og_image":[{"width":800,"height":800,"url":"https:\/\/reihey.com\/wp-content\/uploads\/2025\/08\/1-65.jpg","type":"image\/jpeg"}],"twitter_card":"summary_large_image","twitter_misc":{"Est. reading time":"1 dakika"},"schema":{"@context":"https:\/\/schema.org","@graph":[{"@type":"WebPage","@id":"https:\/\/reihey.com\/product\/7oz-wide-mouth-trumpet-martini-glasses\/","url":"https:\/\/reihey.com\/product\/7oz-wide-mouth-trumpet-martini-glasses\/","name":"7oz Geni\u015f A\u011f\u0131zl\u0131 Trumpe Darmas\u0131 Martini Kadehleri - Reihey Glass","isPartOf":{"@id":"https:\/\/reihey.com\/#website"},"primaryImageOfPage":{"@id":"https:\/\/reihey.com\/product\/7oz-wide-mouth-trumpet-martini-glasses\/#primaryimage"},"image":{"@id":"https:\/\/reihey.com\/product\/7oz-wide-mouth-trumpet-martini-glasses\/#primaryimage"},"thumbnailUrl":"https:\/\/reihey.com\/wp-content\/uploads\/2025\/08\/1-65.jpg","datePublished":"2025-08-27T10:57:13+00:00","dateModified":"2026-03-12T04:02:45+00:00","breadcrumb":{"@id":"https:\/\/reihey.com\/product\/7oz-wide-mouth-trumpet-martini-glasses\/#breadcrumb"},"inLanguage":"tr","potentialAction":[{"@type":"ReadAction","target":["https:\/\/reihey.com\/product\/7oz-wide-mouth-trumpet-martini-glasses\/"]}]},{"@type":"ImageObject","inLanguage":"tr","@id":"https:\/\/reihey.com\/product\/7oz-wide-mouth-trumpet-martini-glasses\/#primaryimage","url":"https:\/\/reihey.com\/wp-content\/uploads\/2025\/08\/1-65.jpg","contentUrl":"https:\/\/reihey.com\/wp-content\/uploads\/2025\/08\/1-65.jpg","width":800,"height":800,"caption":"7oz Wide Mouth Trumpet Martini Glasses"},{"@type":"BreadcrumbList","@id":"https:\/\/reihey.com\/product\/7oz-wide-mouth-trumpet-martini-glasses\/#breadcrumb","itemListElement":[{"@type":"ListItem","position":1,"name":"Home","item":"https:\/\/reihey.com\/"},{"@type":"ListItem","position":2,"name":"Shop","item":"https:\/\/reihey.com\/shop\/"},{"@type":"ListItem","position":3,"name":"7oz Wide Mouth Trumpet Martini Glasses"}]},{"@type":"WebSite","@id":"https:\/\/reihey.com\/#website","url":"https:\/\/reihey.com\/","name":"Reihey Cam","description":"","publisher":{"@id":"https:\/\/reihey.com\/#organization"},"potentialAction":[{"@type":"SearchAction","target":{"@type":"EntryPoint","urlTemplate":"https:\/\/reihey.com\/?s={search_term_string}"},"query-input":{"@type":"PropertyValueSpecification","valueRequired":true,"valueName":"search_term_string"}}],"inLanguage":"tr"},{"@type":"Organization","@id":"https:\/\/reihey.com\/#organization","name":"Reihey Cam","url":"https:\/\/reihey.com\/","logo":{"@type":"ImageObject","inLanguage":"tr","@id":"https:\/\/reihey.com\/#\/schema\/logo\/image\/","url":"https:\/\/reihey.com\/wp-content\/uploads\/2023\/07\/Reihey-logo-2026.svg","contentUrl":"https:\/\/reihey.com\/wp-content\/uploads\/2023\/07\/Reihey-logo-2026.svg","width":1984,"height":566,"caption":"Reihey Glass"},"image":{"@id":"https:\/\/reihey.com\/#\/schema\/logo\/image\/"}}]}},"_links":{"self":[{"href":"https:\/\/reihey.com\/tr\/wp-json\/wp\/v2\/product\/9634","targetHints":{"allow":["GET"]}}],"collection":[{"href":"https:\/\/reihey.com\/tr\/wp-json\/wp\/v2\/product"}],"about":[{"href":"https:\/\/reihey.com\/tr\/wp-json\/wp\/v2\/types\/product"}],"replies":[{"embeddable":true,"href":"https:\/\/reihey.com\/tr\/wp-json\/wp\/v2\/comments?post=9634"}],"version-history":[{"count":7,"href":"https:\/\/reihey.com\/tr\/wp-json\/wp\/v2\/product\/9634\/revisions"}],"predecessor-version":[{"id":998942,"href":"https:\/\/reihey.com\/tr\/wp-json\/wp\/v2\/product\/9634\/revisions\/998942"}],"wp:featuredmedia":[{"embeddable":true,"href":"https:\/\/reihey.com\/tr\/wp-json\/wp\/v2\/media\/992111"}],"wp:attachment":[{"href":"https:\/\/reihey.com\/tr\/wp-json\/wp\/v2\/media?parent=9634"}],"wp:term":[{"taxonomy":"product_brand","embeddable":true,"href":"https:\/\/reihey.com\/tr\/wp-json\/wp\/v2\/product_brand?post=9634"},{"taxonomy":"product_cat","embeddable":true,"href":"https:\/\/reihey.com\/tr\/wp-json\/wp\/v2\/product_cat?post=9634"},{"taxonomy":"product_tag","embeddable":true,"href":"https:\/\/reihey.com\/tr\/wp-json\/wp\/v2\/product_tag?post=9634"}],"curies":[{"name":"wp","href":"https:\/\/api.w.org\/{rel}","templated":true}]}}