{"id":859,"date":"2025-08-27T10:40:26","date_gmt":"2025-08-27T10:40:26","guid":{"rendered":"https:\/\/slot71.silverline.dev\/?post_type=product&#038;p=859"},"modified":"2025-10-29T06:28:29","modified_gmt":"2025-10-29T06:28:29","slug":"reusable-borosilicate-glass-meal-prep-bento-box-airtight-food-storage-containers-with-bamboo-lids","status":"publish","type":"product","link":"https:\/\/reihey.com\/tr\/product\/reusable-borosilicate-glass-meal-prep-bento-box-airtight-food-storage-containers-with-bamboo-lids\/","title":{"rendered":"Yeniden kullan\u0131labilir Borosilikat Cam \u00d6\u011f\u00fcn Haz\u0131rlama Bento Kutusu Havas\u0131z G\u0131da Saklama Kaplar\u0131 Bambu Kapakl\u0131"},"content":{"rendered":"","protected":false},"excerpt":{"rendered":"<table class=\"desk-tab\">\n<tbody>\n<tr>\n<th>Malzeme<\/th>\n<th>Renk<\/th>\n<th>Kapasiteli<\/th>\n<th>Kapak ve Renk<\/th>\n<th>Kullan\u0131m<\/th>\n<th>Ambalaj<\/th>\n<\/tr>\n<tr>\n<td>Borosilikat Cam<\/td>\n<td>\u015eeffaf<\/td>\n<td>Kare: 320ml<\/td>\n<td>Bambu Kapak<\/td>\n<td>G\u0131da<\/td>\n<td>1. Standart ihracat kutusu\u2013Xadetler\/kutu, Ykutusu\/kutu.<\/td>\n<\/tr>\n<tr>\n<td><\/td>\n<td><\/td>\n<td>Kare: 520ml<\/td>\n<td><\/td>\n<td><\/td>\n<td>2. \u00d6zel paket: logonuzla beyaz kutu. Logonuzla renkli hediye kutusu<\/td>\n<\/tr>\n<tr>\n<td><\/td>\n<td><\/td>\n<td>Kare: 800ml<\/td>\n<td><\/td>\n<td><\/td>\n<td><\/td>\n<\/tr>\n<tr>\n<td><\/td>\n<td><\/td>\n<td>Kare: 1200ml<\/td>\n<td><\/td>\n<td><\/td>\n<td><\/td>\n<\/tr>\n<tr>\n<td><\/td>\n<td><\/td>\n<td>Dikd\u00f6rtgen: 370ml<\/td>\n<td><\/td>\n<td><\/td>\n<td><\/td>\n<\/tr>\n<tr>\n<td><\/td>\n<td><\/td>\n<td>Dikd\u00f6rtgen: 640ml<\/td>\n<td><\/td>\n<td><\/td>\n<td><\/td>\n<\/tr>\n<tr>\n<td><\/td>\n<td><\/td>\n<td>Dikd\u00f6rtgen: 1040ml<\/td>\n<td><\/td>\n<td><\/td>\n<td><\/td>\n<\/tr>\n<tr>\n<td><\/td>\n<td><\/td>\n<td>Dikd\u00f6rtgen: 1520ml<\/td>\n<td><\/td>\n<td><\/td>\n<td><\/td>\n<\/tr>\n<tr>\n<td><\/td>\n<td><\/td>\n<td>Yuvarlak: 620ml<\/td>\n<td><\/td>\n<td><\/td>\n<td><\/td>\n<\/tr>\n<tr>\n<td><\/td>\n<td><\/td>\n<td>Yuvarlak: 950ml<\/td>\n<td><\/td>\n<td><\/td>\n<td><\/td>\n<\/tr>\n<tr>\n<td><\/td>\n<td><\/td>\n<td>Yuvarlak: 1300ml<\/td>\n<td><\/td>\n<td><\/td>\n<td><\/td>\n<\/tr>\n<\/tbody>\n<\/table>\n<p><!-- Mobile Version --><\/p>\n<table class=\"mob-tab\">\n<tbody>\n<tr>\n<th>Malzeme<\/th>\n<td>Borosilikat Cam<\/td>\n<\/tr>\n<tr>\n<th>Renk<\/th>\n<td>\u015eeffaf<\/td>\n<\/tr>\n<tr>\n<th>Kapasiteli<\/th>\n<td>Kare: 320ml<br \/>\nKare: 520ml<br \/>\nKare: 800ml<br \/>\nKare: 1200ml<br \/>\nDikd\u00f6rtgen: 370ml<br \/>\nDikd\u00f6rtgen: 640ml<br \/>\nDikd\u00f6rtgen: 1040ml<br \/>\nDikd\u00f6rtgen: 1520ml<br \/>\nYuvarlak: 620ml<br \/>\nYuvarlak: 950ml<br \/>\nYuvarlak: 1300ml<\/td>\n<\/tr>\n<tr>\n<th>Kapak ve Renk<\/th>\n<td>Bambu Kapak<\/td>\n<\/tr>\n<tr>\n<th>Kullan\u0131m<\/th>\n<td>G\u0131da<\/td>\n<\/tr>\n<tr>\n<th>Ambalaj<\/th>\n<td>1. Standart ihracat kutusu\u2013Xadetler\/kutu, Ykutusu\/kutu.<br \/>\n2. \u00d6zel paket: logonuzla beyaz kutu. Logonuzla renkli hediye kutusu<\/td>\n<\/tr>\n<\/tbody>\n<\/table>\n<p><strong>Bu \u00fcr\u00fcne dair<\/strong><br \/>\n1. FIRIN\/IND\u00dcKS\u0130YON\/FREEZER\/BULA\u015eIK MAK\u0130NES\u0130 G\u00dcVENL\u0130-40\u2103\/-40\u2109 dondurucuda ile 400\u2103\/752\u2109 f\u0131r\u0131nda g\u00fcvenli, f\u0131r\u0131n, mikrodalga, bula\u015f\u0131k makinesi ve dondurucu i\u00e7in g\u00fcvenli. Kapaklar f\u0131r\u0131n veya mikrodalga g\u00fcvenli de\u011fildir, \u0131s\u0131tma ve pi\u015firme \u00f6ncesinde kapaklar\u0131 \u00e7\u0131kar\u0131n\u0131z. Kapaklar bula\u015f\u0131k makinesinde y\u0131kanmas\u0131 g\u00fcvenlidir, ancak uzun s\u00fcre y\u00fcksek s\u0131cakl\u0131klar kapak kenar\u0131ndaki silikon conta \u015feridini deforme edebilir. L\u00fctfen kapaklar\u0131 m\u00fcmk\u00fcn oldu\u011funca elinizle y\u0131k\u0131n\u0131z. 2.BPA \u0130\u00c7ERMEZ \u2013 Cam Saklama Kaplar\u0131 BPA i\u00e7ermez ve \u0131s\u0131tma i\u00e7in kolayl\u0131k ve dayan\u0131kl\u0131l\u0131k sa\u011flayan y\u00fcksek borosilikat camdan yap\u0131lm\u0131\u015ft\u0131r. g\u00f6zeneksiz cam, Zararl\u0131 Kimyasallardan Ar\u0131nd\u0131r\u0131lm\u0131\u015fd\u0131r.(BPA i\u00e7ermeyen kapaklar, \u00f6zel tasarlanm\u0131\u015f kilitli kapan\u0131r, s\u0131z\u0131nt\u0131s\u0131z kapaklar tamamen hava ve s\u0131v\u0131 ge\u00e7irmez.)<\/p>","protected":false},"featured_media":991164,"comment_status":"closed","ping_status":"closed","template":"","meta":{"_acf_changed":false},"product_brand":[],"product_cat":[601,605],"product_tag":[],"class_list":{"0":"post-859","1":"product","2":"type-product","3":"status-publish","4":"has-post-thumbnail","6":"product_cat-food-beverage","7":"product_cat-glass-food-container","9":"first","10":"instock","11":"shipping-taxable","12":"product-type-simple"},"acf":[],"yoast_head":"<!-- This site is optimized with the Yoast SEO plugin v26.7 - https:\/\/yoast.com\/wordpress\/plugins\/seo\/ -->\n<title>Reusable Borosilicate Glass Meal Prep Bento Box Airtight Food Storage Containers With Bamboo Lids - Reihey Glass<\/title>\n<meta name=\"robots\" content=\"index, follow, max-snippet:-1, max-image-preview:large, max-video-preview:-1\" \/>\n<link rel=\"canonical\" href=\"https:\/\/reihey.com\/tr\/product\/reusable-borosilicate-glass-meal-prep-bento-box-airtight-food-storage-containers-with-bamboo-lids\/\" \/>\n<meta property=\"og:locale\" content=\"tr_TR\" \/>\n<meta property=\"og:type\" content=\"article\" \/>\n<meta property=\"og:title\" content=\"Reusable Borosilicate Glass Meal Prep Bento Box Airtight Food Storage Containers With Bamboo Lids - Reihey Glass\" \/>\n<meta property=\"og:description\" content=\"Material Color Capacity Cap &amp; Color Usage Packing   Borosilicate Glass Clear Square: 320ml Bamboo Cover Food 1. Standard export carton--Xpcs\/box, Ybox\/carton.     Square: 520ml   2. Curtom pack: white box with your logo.Color gift box with your logo     Square: 800ml        Square: 1200ml        Rectangle: 370ml        Rectangle: 640ml        Rectangle: 1040ml        Rectangle: 1520ml        Round: 620ml        Round: 950ml        Round: 1300ml           Material Borosilicate Glass   Color Clear   Capacity Square: 320ml Square: 520ml Square: 800ml Square: 1200ml Rectangle: 370ml Rectangle: 640ml Rectangle: 1040ml Rectangle: 1520ml Round: 620ml Round: 950ml Round: 1300ml   Cap &amp; Color Bamboo Cover   Usage Food   Packing 1. Standard export carton--Xpcs\/box, Ybox\/carton. 2. Curtom pack: white box with your logo.Color gift box with your logo    About this item 1.OVEN\/MICROWAVE\/FREEZER\/DISHWASHER SAFE-from -40\u2103\/-40\u2109 in freezer to 400\u2103\/752\u2109 in oven, safe for oven, microwave, dishwasher and freezer .The lids are not oven or microwave safe,please remove the lids before heating and cooking food.It&#039;s safe to wash the lids in the dishwasher, but high temperatures over a long period of time can deform the silicone sealing strip at the edge of the lid. Please wash the lids by hand as much as possible. 2.BPA FREE - The Glass Storage Containers are BPA Free, and made out of high-borosilicate glass for easy heating and durability. non-porous glass, Free of Harmful Chemicals.(BPA free lids, specially designed snap down, no leak lids are completely air and liquid proof.)\" \/>\n<meta property=\"og:url\" content=\"https:\/\/reihey.com\/tr\/product\/reusable-borosilicate-glass-meal-prep-bento-box-airtight-food-storage-containers-with-bamboo-lids\/\" \/>\n<meta property=\"og:site_name\" content=\"Reihey Glass\" \/>\n<meta property=\"article:modified_time\" content=\"2025-10-29T06:28:29+00:00\" \/>\n<meta property=\"og:image\" content=\"https:\/\/reihey.com\/wp-content\/uploads\/2025\/08\/Detail-07-2.jpg\" \/>\n\t<meta property=\"og:image:width\" content=\"750\" \/>\n\t<meta property=\"og:image:height\" content=\"750\" \/>\n\t<meta property=\"og:image:type\" content=\"image\/jpeg\" \/>\n<meta name=\"twitter:card\" content=\"summary_large_image\" \/>\n<meta name=\"twitter:label1\" content=\"Est. reading time\" \/>\n\t<meta name=\"twitter:data1\" content=\"1 dakika\" \/>\n<script type=\"application\/ld+json\" class=\"yoast-schema-graph\">{\"@context\":\"https:\/\/schema.org\",\"@graph\":[{\"@type\":\"WebPage\",\"@id\":\"https:\/\/reihey.com\/product\/reusable-borosilicate-glass-meal-prep-bento-box-airtight-food-storage-containers-with-bamboo-lids\/\",\"url\":\"https:\/\/reihey.com\/product\/reusable-borosilicate-glass-meal-prep-bento-box-airtight-food-storage-containers-with-bamboo-lids\/\",\"name\":\"Reusable Borosilicate Glass Meal Prep Bento Box Airtight Food Storage Containers With Bamboo Lids - Reihey Glass\",\"isPartOf\":{\"@id\":\"https:\/\/reihey.com\/#website\"},\"primaryImageOfPage\":{\"@id\":\"https:\/\/reihey.com\/product\/reusable-borosilicate-glass-meal-prep-bento-box-airtight-food-storage-containers-with-bamboo-lids\/#primaryimage\"},\"image\":{\"@id\":\"https:\/\/reihey.com\/product\/reusable-borosilicate-glass-meal-prep-bento-box-airtight-food-storage-containers-with-bamboo-lids\/#primaryimage\"},\"thumbnailUrl\":\"https:\/\/reihey.com\/wp-content\/uploads\/2025\/08\/Detail-07-2.jpg\",\"datePublished\":\"2025-08-27T10:40:26+00:00\",\"dateModified\":\"2025-10-29T06:28:29+00:00\",\"breadcrumb\":{\"@id\":\"https:\/\/reihey.com\/product\/reusable-borosilicate-glass-meal-prep-bento-box-airtight-food-storage-containers-with-bamboo-lids\/#breadcrumb\"},\"inLanguage\":\"tr\",\"potentialAction\":[{\"@type\":\"ReadAction\",\"target\":[\"https:\/\/reihey.com\/product\/reusable-borosilicate-glass-meal-prep-bento-box-airtight-food-storage-containers-with-bamboo-lids\/\"]}]},{\"@type\":\"ImageObject\",\"inLanguage\":\"tr\",\"@id\":\"https:\/\/reihey.com\/product\/reusable-borosilicate-glass-meal-prep-bento-box-airtight-food-storage-containers-with-bamboo-lids\/#primaryimage\",\"url\":\"https:\/\/reihey.com\/wp-content\/uploads\/2025\/08\/Detail-07-2.jpg\",\"contentUrl\":\"https:\/\/reihey.com\/wp-content\/uploads\/2025\/08\/Detail-07-2.jpg\",\"width\":750,\"height\":750},{\"@type\":\"BreadcrumbList\",\"@id\":\"https:\/\/reihey.com\/product\/reusable-borosilicate-glass-meal-prep-bento-box-airtight-food-storage-containers-with-bamboo-lids\/#breadcrumb\",\"itemListElement\":[{\"@type\":\"ListItem\",\"position\":1,\"name\":\"Home\",\"item\":\"https:\/\/reihey.com\/\"},{\"@type\":\"ListItem\",\"position\":2,\"name\":\"Shop\",\"item\":\"https:\/\/reihey.com\/shop\/\"},{\"@type\":\"ListItem\",\"position\":3,\"name\":\"Reusable Borosilicate Glass Meal Prep Bento Box Airtight Food Storage Containers With Bamboo Lids\"}]},{\"@type\":\"WebSite\",\"@id\":\"https:\/\/reihey.com\/#website\",\"url\":\"https:\/\/reihey.com\/\",\"name\":\"Reihey Glass\",\"description\":\"\",\"publisher\":{\"@id\":\"https:\/\/reihey.com\/#organization\"},\"potentialAction\":[{\"@type\":\"SearchAction\",\"target\":{\"@type\":\"EntryPoint\",\"urlTemplate\":\"https:\/\/reihey.com\/?s={search_term_string}\"},\"query-input\":{\"@type\":\"PropertyValueSpecification\",\"valueRequired\":true,\"valueName\":\"search_term_string\"}}],\"inLanguage\":\"tr\"},{\"@type\":\"Organization\",\"@id\":\"https:\/\/reihey.com\/#organization\",\"name\":\"Reihey Glass\",\"url\":\"https:\/\/reihey.com\/\",\"logo\":{\"@type\":\"ImageObject\",\"inLanguage\":\"tr\",\"@id\":\"https:\/\/reihey.com\/#\/schema\/logo\/image\/\",\"url\":\"https:\/\/reihey.com\/wp-content\/uploads\/2023\/07\/Reihey-logo-2026.svg\",\"contentUrl\":\"https:\/\/reihey.com\/wp-content\/uploads\/2023\/07\/Reihey-logo-2026.svg\",\"width\":1984,\"height\":566,\"caption\":\"Reihey Glass\"},\"image\":{\"@id\":\"https:\/\/reihey.com\/#\/schema\/logo\/image\/\"}}]}<\/script>\n<!-- \/ Yoast SEO plugin. -->","yoast_head_json":{"title":"Yeniden kullan\u0131labilir Borosilikat Cam \u00d6\u011f\u00fcn Haz\u0131rlama Bento Kutusu Hava Ge\u00e7irmez Yiyecek Saklama Kaplar\u0131 with Bamboo Kapaklar - Reihey Glass","robots":{"index":"index","follow":"follow","max-snippet":"max-snippet:-1","max-image-preview":"max-image-preview:large","max-video-preview":"max-video-preview:-1"},"canonical":"https:\/\/reihey.com\/tr\/product\/reusable-borosilicate-glass-meal-prep-bento-box-airtight-food-storage-containers-with-bamboo-lids\/","og_locale":"tr_TR","og_type":"article","og_title":"Reusable Borosilicate Glass Meal Prep Bento Box Airtight Food Storage Containers With Bamboo Lids - Reihey Glass","og_description":"Material Color Capacity Cap &amp; Color Usage Packing   Borosilicate Glass Clear Square: 320ml Bamboo Cover Food 1. Standard export carton--Xpcs\/box, Ybox\/carton.     Square: 520ml   2. Curtom pack: white box with your logo.Color gift box with your logo     Square: 800ml        Square: 1200ml        Rectangle: 370ml        Rectangle: 640ml        Rectangle: 1040ml        Rectangle: 1520ml        Round: 620ml        Round: 950ml        Round: 1300ml           Material Borosilicate Glass   Color Clear   Capacity Square: 320ml Square: 520ml Square: 800ml Square: 1200ml Rectangle: 370ml Rectangle: 640ml Rectangle: 1040ml Rectangle: 1520ml Round: 620ml Round: 950ml Round: 1300ml   Cap &amp; Color Bamboo Cover   Usage Food   Packing 1. Standard export carton--Xpcs\/box, Ybox\/carton. 2. Curtom pack: white box with your logo.Color gift box with your logo    About this item 1.OVEN\/MICROWAVE\/FREEZER\/DISHWASHER SAFE-from -40\u2103\/-40\u2109 in freezer to 400\u2103\/752\u2109 in oven, safe for oven, microwave, dishwasher and freezer .The lids are not oven or microwave safe,please remove the lids before heating and cooking food.It's safe to wash the lids in the dishwasher, but high temperatures over a long period of time can deform the silicone sealing strip at the edge of the lid. Please wash the lids by hand as much as possible. 2.BPA FREE - The Glass Storage Containers are BPA Free, and made out of high-borosilicate glass for easy heating and durability. non-porous glass, Free of Harmful Chemicals.(BPA free lids, specially designed snap down, no leak lids are completely air and liquid proof.)","og_url":"https:\/\/reihey.com\/tr\/product\/reusable-borosilicate-glass-meal-prep-bento-box-airtight-food-storage-containers-with-bamboo-lids\/","og_site_name":"Reihey Glass","article_modified_time":"2025-10-29T06:28:29+00:00","og_image":[{"width":750,"height":750,"url":"https:\/\/reihey.com\/wp-content\/uploads\/2025\/08\/Detail-07-2.jpg","type":"image\/jpeg"}],"twitter_card":"summary_large_image","twitter_misc":{"Est. reading time":"1 dakika"},"schema":{"@context":"https:\/\/schema.org","@graph":[{"@type":"WebPage","@id":"https:\/\/reihey.com\/product\/reusable-borosilicate-glass-meal-prep-bento-box-airtight-food-storage-containers-with-bamboo-lids\/","url":"https:\/\/reihey.com\/product\/reusable-borosilicate-glass-meal-prep-bento-box-airtight-food-storage-containers-with-bamboo-lids\/","name":"Yeniden kullan\u0131labilir Borosilikat Cam \u00d6\u011f\u00fcn Haz\u0131rlama Bento Kutusu Hava Ge\u00e7irmez Yiyecek Saklama Kaplar\u0131 with Bamboo Kapaklar - Reihey Glass","isPartOf":{"@id":"https:\/\/reihey.com\/#website"},"primaryImageOfPage":{"@id":"https:\/\/reihey.com\/product\/reusable-borosilicate-glass-meal-prep-bento-box-airtight-food-storage-containers-with-bamboo-lids\/#primaryimage"},"image":{"@id":"https:\/\/reihey.com\/product\/reusable-borosilicate-glass-meal-prep-bento-box-airtight-food-storage-containers-with-bamboo-lids\/#primaryimage"},"thumbnailUrl":"https:\/\/reihey.com\/wp-content\/uploads\/2025\/08\/Detail-07-2.jpg","datePublished":"2025-08-27T10:40:26+00:00","dateModified":"2025-10-29T06:28:29+00:00","breadcrumb":{"@id":"https:\/\/reihey.com\/product\/reusable-borosilicate-glass-meal-prep-bento-box-airtight-food-storage-containers-with-bamboo-lids\/#breadcrumb"},"inLanguage":"tr","potentialAction":[{"@type":"ReadAction","target":["https:\/\/reihey.com\/product\/reusable-borosilicate-glass-meal-prep-bento-box-airtight-food-storage-containers-with-bamboo-lids\/"]}]},{"@type":"ImageObject","inLanguage":"tr","@id":"https:\/\/reihey.com\/product\/reusable-borosilicate-glass-meal-prep-bento-box-airtight-food-storage-containers-with-bamboo-lids\/#primaryimage","url":"https:\/\/reihey.com\/wp-content\/uploads\/2025\/08\/Detail-07-2.jpg","contentUrl":"https:\/\/reihey.com\/wp-content\/uploads\/2025\/08\/Detail-07-2.jpg","width":750,"height":750},{"@type":"BreadcrumbList","@id":"https:\/\/reihey.com\/product\/reusable-borosilicate-glass-meal-prep-bento-box-airtight-food-storage-containers-with-bamboo-lids\/#breadcrumb","itemListElement":[{"@type":"ListItem","position":1,"name":"Home","item":"https:\/\/reihey.com\/"},{"@type":"ListItem","position":2,"name":"Shop","item":"https:\/\/reihey.com\/shop\/"},{"@type":"ListItem","position":3,"name":"Reusable Borosilicate Glass Meal Prep Bento Box Airtight Food Storage Containers With Bamboo Lids"}]},{"@type":"WebSite","@id":"https:\/\/reihey.com\/#website","url":"https:\/\/reihey.com\/","name":"Reihey Cam","description":"","publisher":{"@id":"https:\/\/reihey.com\/#organization"},"potentialAction":[{"@type":"SearchAction","target":{"@type":"EntryPoint","urlTemplate":"https:\/\/reihey.com\/?s={search_term_string}"},"query-input":{"@type":"PropertyValueSpecification","valueRequired":true,"valueName":"search_term_string"}}],"inLanguage":"tr"},{"@type":"Organization","@id":"https:\/\/reihey.com\/#organization","name":"Reihey Cam","url":"https:\/\/reihey.com\/","logo":{"@type":"ImageObject","inLanguage":"tr","@id":"https:\/\/reihey.com\/#\/schema\/logo\/image\/","url":"https:\/\/reihey.com\/wp-content\/uploads\/2023\/07\/Reihey-logo-2026.svg","contentUrl":"https:\/\/reihey.com\/wp-content\/uploads\/2023\/07\/Reihey-logo-2026.svg","width":1984,"height":566,"caption":"Reihey Glass"},"image":{"@id":"https:\/\/reihey.com\/#\/schema\/logo\/image\/"}}]}},"_links":{"self":[{"href":"https:\/\/reihey.com\/tr\/wp-json\/wp\/v2\/product\/859","targetHints":{"allow":["GET"]}}],"collection":[{"href":"https:\/\/reihey.com\/tr\/wp-json\/wp\/v2\/product"}],"about":[{"href":"https:\/\/reihey.com\/tr\/wp-json\/wp\/v2\/types\/product"}],"replies":[{"embeddable":true,"href":"https:\/\/reihey.com\/tr\/wp-json\/wp\/v2\/comments?post=859"}],"version-history":[{"count":4,"href":"https:\/\/reihey.com\/tr\/wp-json\/wp\/v2\/product\/859\/revisions"}],"predecessor-version":[{"id":998212,"href":"https:\/\/reihey.com\/tr\/wp-json\/wp\/v2\/product\/859\/revisions\/998212"}],"wp:featuredmedia":[{"embeddable":true,"href":"https:\/\/reihey.com\/tr\/wp-json\/wp\/v2\/media\/991164"}],"wp:attachment":[{"href":"https:\/\/reihey.com\/tr\/wp-json\/wp\/v2\/media?parent=859"}],"wp:term":[{"taxonomy":"product_brand","embeddable":true,"href":"https:\/\/reihey.com\/tr\/wp-json\/wp\/v2\/product_brand?post=859"},{"taxonomy":"product_cat","embeddable":true,"href":"https:\/\/reihey.com\/tr\/wp-json\/wp\/v2\/product_cat?post=859"},{"taxonomy":"product_tag","embeddable":true,"href":"https:\/\/reihey.com\/tr\/wp-json\/wp\/v2\/product_tag?post=859"}],"curies":[{"name":"wp","href":"https:\/\/api.w.org\/{rel}","templated":true}]}}