{"id":569,"date":"2025-08-27T10:39:45","date_gmt":"2025-08-27T10:39:45","guid":{"rendered":"https:\/\/slot71.silverline.dev\/?post_type=product&#038;p=569"},"modified":"2025-10-29T06:28:20","modified_gmt":"2025-10-29T06:28:20","slug":"big-hourglass-sand-timer-decorative-hour-glasses-with-different-color-sand","status":"publish","type":"product","link":"https:\/\/reihey.com\/tr\/product\/big-hourglass-sand-timer-decorative-hour-glasses-with-different-color-sand\/","title":{"rendered":"B\u00fcy\u00fck Saatli Kum Saatleri Dekoratif Kum Saatleri Farkl\u0131 Renk Kumlarla"},"content":{"rendered":"","protected":false},"excerpt":{"rendered":"<table class=\"desk-tab\">\n<tbody>\n<tr>\n<th>Malzeme<\/th>\n<th>Kapasiteli<\/th>\n<th>Size<\/th>\n<th>Kum Rengi<\/th>\n<th>Kullan\u0131m<\/th>\n<th>Ambalaj<\/th>\n<\/tr>\n<tr>\n<td>Y\u00fcksek borosilikat cam<\/td>\n<td>5 Dakika<\/td>\n<td>5*12cm<\/td>\n<td>Sar\u0131<\/td>\n<td>Mutfak Zamanlay\u0131c\u0131s\u0131<\/td>\n<td>Standard ihracat kartonu\u2013Xpcs\/kutu, Ybox\/karton.<\/td>\n<\/tr>\n<tr>\n<td>Kum<\/td>\n<td>10 Dakika<\/td>\n<td>7*16.5cm<\/td>\n<td>Ye\u015fil<\/td>\n<td>Yumurta Zamanlay\u0131c\u0131s\u0131<\/td>\n<td>\u00d6zel paket: logonuzla beyaz kutu, logonuzla renkli hediye kutusu<\/td>\n<\/tr>\n<tr>\n<td><\/td>\n<td>15 Dakika<\/td>\n<td>8*20cm<\/td>\n<td>Pembe<\/td>\n<td>Hat\u0131ra<\/td>\n<td><\/td>\n<\/tr>\n<tr>\n<td><\/td>\n<td>30 Dakika<\/td>\n<td>9*24cm<\/td>\n<td>Mor<\/td>\n<td><\/td>\n<td><\/td>\n<\/tr>\n<tr>\n<td><\/td>\n<td>60 Dakika<\/td>\n<td><\/td>\n<td>Mavi<\/td>\n<td><\/td>\n<td><\/td>\n<\/tr>\n<\/tbody>\n<\/table>\n<table class=\"mob-tab\">\n<tbody>\n<tr>\n<th>Malzeme<\/th>\n<td>Y\u00fcksek borosilikat cam + kum<\/td>\n<\/tr>\n<tr>\n<th>Kapasiteli<\/th>\n<td>5 Dakika<br \/>\n10 Dakika<br \/>\n15 Dakika<br \/>\n30 Dakika<br \/>\n60 Dakika<\/td>\n<\/tr>\n<tr>\n<th>Size<\/th>\n<td>5*12cm<br \/>\n7*16.5cm<br \/>\n8*20cm<br \/>\n9*24cm<\/td>\n<\/tr>\n<tr>\n<th>Kum Rengi<\/th>\n<td>Sar\u0131<br \/>\nYe\u015fil<br \/>\nPembe<br \/>\nMor<br \/>\nMavi<\/td>\n<\/tr>\n<tr>\n<th>Kullan\u0131m<\/th>\n<td>Mutfak Zamanlay\u0131c\u0131s\u0131<br \/>\nYumurta Zamanlay\u0131c\u0131s\u0131<br \/>\nHat\u0131ra<\/td>\n<\/tr>\n<tr>\n<th>Ambalaj<\/th>\n<td>Standard ihracat kartonu\u2013Xpcs\/kutu, Ybox\/karton.<br \/>\n\u00d6zel paket: logonuzla beyaz kutu, logonuzla renkli hediye kutusu<\/td>\n<\/tr>\n<\/tbody>\n<\/table>\n<p><strong>Bu \u00fcr\u00fcne dair<\/strong><br \/>\n1.Saat kum kronometreleri\u2013y\u00fcksek borosilikat camdan yap\u0131lm\u0131\u015ft\u0131r, el \u00fcfleme ve y\u00fcksek \u00e7\u00f6z\u00fcn\u00fcrl\u00fck, zarif ve hafif. 2.Saat kum kronometreleri\u2013Hayat\u0131n\u0131z i\u00e7in kullan\u0131\u015fl\u0131 bir zaman arac\u0131d\u0131r. Kum sayac\u0131, \u00e7al\u0131\u015fma ve dinlenme i\u00e7in optimal bir zaman \u00e7er\u00e7evesi sa\u011flar ve zaman duygusunu geli\u015ftirir, verimlili\u011fi art\u0131r\u0131r. 3.Saat kum kronometreleri farkl\u0131 durumlarda uygulanabilir; i\u015f, yoga, dekorasyonlar ve daha fazlas\u0131 ve aileniz ve arkada\u015flar\u0131n\u0131z i\u00e7in harika bir hediye olabilir. 4.Bizim kum Saat kronometrelerimiz, sevkiyat s\u0131ras\u0131nda g\u00fcvenli\u011fi sa\u011flayan poliform ile paketlenmi\u015ftir.<\/p>","protected":false},"featured_media":991130,"comment_status":"closed","ping_status":"closed","template":"","meta":{"_acf_changed":false},"product_brand":[],"product_cat":[632,599],"product_tag":[],"class_list":{"0":"post-569","1":"product","2":"type-product","3":"status-publish","4":"has-post-thumbnail","6":"product_cat-home-decor","7":"product_cat-hourglass","9":"first","10":"instock","11":"shipping-taxable","12":"product-type-simple"},"acf":[],"yoast_head":"<!-- This site is optimized with the Yoast SEO plugin v26.7 - https:\/\/yoast.com\/wordpress\/plugins\/seo\/ -->\n<title>Big Hourglass Sand Timer Decorative Hour Glasses with Different Color Sand - Reihey Glass<\/title>\n<meta name=\"robots\" content=\"index, follow, max-snippet:-1, max-image-preview:large, max-video-preview:-1\" \/>\n<link rel=\"canonical\" href=\"https:\/\/reihey.com\/tr\/product\/big-hourglass-sand-timer-decorative-hour-glasses-with-different-color-sand\/\" \/>\n<meta property=\"og:locale\" content=\"tr_TR\" \/>\n<meta property=\"og:type\" content=\"article\" \/>\n<meta property=\"og:title\" content=\"Big Hourglass Sand Timer Decorative Hour Glasses with Different Color Sand - Reihey Glass\" \/>\n<meta property=\"og:description\" content=\"Material Capacity Size Sand Color Usage Packing   High borosilicate glass 5 Minutes 5*12cm Yellow Kitchen Timer Standard export carton--Xpcs\/box, Ybox\/carton.   Sand 10 Minutes 7*16.5cm Green Egg Timer Custom pack: white box with your logo, Color gift box with your logo    15 Minutes 8*20cm Pink Souvenir     30 Minutes 9*24cm Purple      60 Minutes  Blue         Material High borosilicate glass + sand   Capacity 5 Minutes 10 Minutes 15 Minutes 30 Minutes 60 Minutes   Size 5*12cm 7*16.5cm 8*20cm 9*24cm   Sand Color Yellow Green Pink Purple Blue   Usage Kitchen Timer Egg Timer Souvenir   Packing Standard export carton--Xpcs\/box, Ybox\/carton. Custom pack: white box with your logo, Color gift box with your logo    About this item 1.Hourglass sand timers-Made By high borosilicate glass ,hand-blown and high definition, classy and lightweight. 2.Hourglass sand timers-A helpful time tool for your life.The sand timer can provide an optimal time frame for work and rest, and cultivate the sense of time to increase. efficiency. 3.Hourglass sand timers can apply to different occations, work, yoga,decorations and more and can be a great gift for your family and friends. 4.Our hourglass sand timers are packed with polyform,which ensures the safety during shipping.\" \/>\n<meta property=\"og:url\" content=\"https:\/\/reihey.com\/tr\/product\/big-hourglass-sand-timer-decorative-hour-glasses-with-different-color-sand\/\" \/>\n<meta property=\"og:site_name\" content=\"Reihey Glass\" \/>\n<meta property=\"article:modified_time\" content=\"2025-10-29T06:28:20+00:00\" \/>\n<meta property=\"og:image\" content=\"https:\/\/reihey.com\/wp-content\/uploads\/2025\/08\/Main-02-6.jpg\" \/>\n\t<meta property=\"og:image:width\" content=\"750\" \/>\n\t<meta property=\"og:image:height\" content=\"750\" \/>\n\t<meta property=\"og:image:type\" content=\"image\/jpeg\" \/>\n<meta name=\"twitter:card\" content=\"summary_large_image\" \/>\n<meta name=\"twitter:label1\" content=\"Est. reading time\" \/>\n\t<meta name=\"twitter:data1\" content=\"1 dakika\" \/>\n<script type=\"application\/ld+json\" class=\"yoast-schema-graph\">{\"@context\":\"https:\/\/schema.org\",\"@graph\":[{\"@type\":\"WebPage\",\"@id\":\"https:\/\/reihey.com\/product\/big-hourglass-sand-timer-decorative-hour-glasses-with-different-color-sand\/\",\"url\":\"https:\/\/reihey.com\/product\/big-hourglass-sand-timer-decorative-hour-glasses-with-different-color-sand\/\",\"name\":\"Big Hourglass Sand Timer Decorative Hour Glasses with Different Color Sand - Reihey Glass\",\"isPartOf\":{\"@id\":\"https:\/\/reihey.com\/#website\"},\"primaryImageOfPage\":{\"@id\":\"https:\/\/reihey.com\/product\/big-hourglass-sand-timer-decorative-hour-glasses-with-different-color-sand\/#primaryimage\"},\"image\":{\"@id\":\"https:\/\/reihey.com\/product\/big-hourglass-sand-timer-decorative-hour-glasses-with-different-color-sand\/#primaryimage\"},\"thumbnailUrl\":\"https:\/\/reihey.com\/wp-content\/uploads\/2025\/08\/Main-02-6.jpg\",\"datePublished\":\"2025-08-27T10:39:45+00:00\",\"dateModified\":\"2025-10-29T06:28:20+00:00\",\"breadcrumb\":{\"@id\":\"https:\/\/reihey.com\/product\/big-hourglass-sand-timer-decorative-hour-glasses-with-different-color-sand\/#breadcrumb\"},\"inLanguage\":\"tr\",\"potentialAction\":[{\"@type\":\"ReadAction\",\"target\":[\"https:\/\/reihey.com\/product\/big-hourglass-sand-timer-decorative-hour-glasses-with-different-color-sand\/\"]}]},{\"@type\":\"ImageObject\",\"inLanguage\":\"tr\",\"@id\":\"https:\/\/reihey.com\/product\/big-hourglass-sand-timer-decorative-hour-glasses-with-different-color-sand\/#primaryimage\",\"url\":\"https:\/\/reihey.com\/wp-content\/uploads\/2025\/08\/Main-02-6.jpg\",\"contentUrl\":\"https:\/\/reihey.com\/wp-content\/uploads\/2025\/08\/Main-02-6.jpg\",\"width\":750,\"height\":750},{\"@type\":\"BreadcrumbList\",\"@id\":\"https:\/\/reihey.com\/product\/big-hourglass-sand-timer-decorative-hour-glasses-with-different-color-sand\/#breadcrumb\",\"itemListElement\":[{\"@type\":\"ListItem\",\"position\":1,\"name\":\"Home\",\"item\":\"https:\/\/reihey.com\/\"},{\"@type\":\"ListItem\",\"position\":2,\"name\":\"Shop\",\"item\":\"https:\/\/reihey.com\/shop\/\"},{\"@type\":\"ListItem\",\"position\":3,\"name\":\"Big Hourglass Sand Timer Decorative Hour Glasses with Different Color Sand\"}]},{\"@type\":\"WebSite\",\"@id\":\"https:\/\/reihey.com\/#website\",\"url\":\"https:\/\/reihey.com\/\",\"name\":\"Reihey Glass\",\"description\":\"\",\"publisher\":{\"@id\":\"https:\/\/reihey.com\/#organization\"},\"potentialAction\":[{\"@type\":\"SearchAction\",\"target\":{\"@type\":\"EntryPoint\",\"urlTemplate\":\"https:\/\/reihey.com\/?s={search_term_string}\"},\"query-input\":{\"@type\":\"PropertyValueSpecification\",\"valueRequired\":true,\"valueName\":\"search_term_string\"}}],\"inLanguage\":\"tr\"},{\"@type\":\"Organization\",\"@id\":\"https:\/\/reihey.com\/#organization\",\"name\":\"Reihey Glass\",\"url\":\"https:\/\/reihey.com\/\",\"logo\":{\"@type\":\"ImageObject\",\"inLanguage\":\"tr\",\"@id\":\"https:\/\/reihey.com\/#\/schema\/logo\/image\/\",\"url\":\"https:\/\/reihey.com\/wp-content\/uploads\/2023\/07\/Reihey-logo-2026.svg\",\"contentUrl\":\"https:\/\/reihey.com\/wp-content\/uploads\/2023\/07\/Reihey-logo-2026.svg\",\"width\":1984,\"height\":566,\"caption\":\"Reihey Glass\"},\"image\":{\"@id\":\"https:\/\/reihey.com\/#\/schema\/logo\/image\/\"}}]}<\/script>\n<!-- \/ Yoast SEO plugin. -->","yoast_head_json":{"title":"B\u00fcy\u00fck Kum Saatli Dekoratif Saatler Farkl\u0131 Renkli Kumu Olan - Reiheny Cam","robots":{"index":"index","follow":"follow","max-snippet":"max-snippet:-1","max-image-preview":"max-image-preview:large","max-video-preview":"max-video-preview:-1"},"canonical":"https:\/\/reihey.com\/tr\/product\/big-hourglass-sand-timer-decorative-hour-glasses-with-different-color-sand\/","og_locale":"tr_TR","og_type":"article","og_title":"Big Hourglass Sand Timer Decorative Hour Glasses with Different Color Sand - Reihey Glass","og_description":"Material Capacity Size Sand Color Usage Packing   High borosilicate glass 5 Minutes 5*12cm Yellow Kitchen Timer Standard export carton--Xpcs\/box, Ybox\/carton.   Sand 10 Minutes 7*16.5cm Green Egg Timer Custom pack: white box with your logo, Color gift box with your logo    15 Minutes 8*20cm Pink Souvenir     30 Minutes 9*24cm Purple      60 Minutes  Blue         Material High borosilicate glass + sand   Capacity 5 Minutes 10 Minutes 15 Minutes 30 Minutes 60 Minutes   Size 5*12cm 7*16.5cm 8*20cm 9*24cm   Sand Color Yellow Green Pink Purple Blue   Usage Kitchen Timer Egg Timer Souvenir   Packing Standard export carton--Xpcs\/box, Ybox\/carton. Custom pack: white box with your logo, Color gift box with your logo    About this item 1.Hourglass sand timers-Made By high borosilicate glass ,hand-blown and high definition, classy and lightweight. 2.Hourglass sand timers-A helpful time tool for your life.The sand timer can provide an optimal time frame for work and rest, and cultivate the sense of time to increase. efficiency. 3.Hourglass sand timers can apply to different occations, work, yoga,decorations and more and can be a great gift for your family and friends. 4.Our hourglass sand timers are packed with polyform,which ensures the safety during shipping.","og_url":"https:\/\/reihey.com\/tr\/product\/big-hourglass-sand-timer-decorative-hour-glasses-with-different-color-sand\/","og_site_name":"Reihey Glass","article_modified_time":"2025-10-29T06:28:20+00:00","og_image":[{"width":750,"height":750,"url":"https:\/\/reihey.com\/wp-content\/uploads\/2025\/08\/Main-02-6.jpg","type":"image\/jpeg"}],"twitter_card":"summary_large_image","twitter_misc":{"Est. reading time":"1 dakika"},"schema":{"@context":"https:\/\/schema.org","@graph":[{"@type":"WebPage","@id":"https:\/\/reihey.com\/product\/big-hourglass-sand-timer-decorative-hour-glasses-with-different-color-sand\/","url":"https:\/\/reihey.com\/product\/big-hourglass-sand-timer-decorative-hour-glasses-with-different-color-sand\/","name":"B\u00fcy\u00fck Kum Saatli Dekoratif Saatler Farkl\u0131 Renkli Kumu Olan - Reiheny Cam","isPartOf":{"@id":"https:\/\/reihey.com\/#website"},"primaryImageOfPage":{"@id":"https:\/\/reihey.com\/product\/big-hourglass-sand-timer-decorative-hour-glasses-with-different-color-sand\/#primaryimage"},"image":{"@id":"https:\/\/reihey.com\/product\/big-hourglass-sand-timer-decorative-hour-glasses-with-different-color-sand\/#primaryimage"},"thumbnailUrl":"https:\/\/reihey.com\/wp-content\/uploads\/2025\/08\/Main-02-6.jpg","datePublished":"2025-08-27T10:39:45+00:00","dateModified":"2025-10-29T06:28:20+00:00","breadcrumb":{"@id":"https:\/\/reihey.com\/product\/big-hourglass-sand-timer-decorative-hour-glasses-with-different-color-sand\/#breadcrumb"},"inLanguage":"tr","potentialAction":[{"@type":"ReadAction","target":["https:\/\/reihey.com\/product\/big-hourglass-sand-timer-decorative-hour-glasses-with-different-color-sand\/"]}]},{"@type":"ImageObject","inLanguage":"tr","@id":"https:\/\/reihey.com\/product\/big-hourglass-sand-timer-decorative-hour-glasses-with-different-color-sand\/#primaryimage","url":"https:\/\/reihey.com\/wp-content\/uploads\/2025\/08\/Main-02-6.jpg","contentUrl":"https:\/\/reihey.com\/wp-content\/uploads\/2025\/08\/Main-02-6.jpg","width":750,"height":750},{"@type":"BreadcrumbList","@id":"https:\/\/reihey.com\/product\/big-hourglass-sand-timer-decorative-hour-glasses-with-different-color-sand\/#breadcrumb","itemListElement":[{"@type":"ListItem","position":1,"name":"Home","item":"https:\/\/reihey.com\/"},{"@type":"ListItem","position":2,"name":"Shop","item":"https:\/\/reihey.com\/shop\/"},{"@type":"ListItem","position":3,"name":"Big Hourglass Sand Timer Decorative Hour Glasses with Different Color Sand"}]},{"@type":"WebSite","@id":"https:\/\/reihey.com\/#website","url":"https:\/\/reihey.com\/","name":"Reihey Cam","description":"","publisher":{"@id":"https:\/\/reihey.com\/#organization"},"potentialAction":[{"@type":"SearchAction","target":{"@type":"EntryPoint","urlTemplate":"https:\/\/reihey.com\/?s={search_term_string}"},"query-input":{"@type":"PropertyValueSpecification","valueRequired":true,"valueName":"search_term_string"}}],"inLanguage":"tr"},{"@type":"Organization","@id":"https:\/\/reihey.com\/#organization","name":"Reihey Cam","url":"https:\/\/reihey.com\/","logo":{"@type":"ImageObject","inLanguage":"tr","@id":"https:\/\/reihey.com\/#\/schema\/logo\/image\/","url":"https:\/\/reihey.com\/wp-content\/uploads\/2023\/07\/Reihey-logo-2026.svg","contentUrl":"https:\/\/reihey.com\/wp-content\/uploads\/2023\/07\/Reihey-logo-2026.svg","width":1984,"height":566,"caption":"Reihey Glass"},"image":{"@id":"https:\/\/reihey.com\/#\/schema\/logo\/image\/"}}]}},"_links":{"self":[{"href":"https:\/\/reihey.com\/tr\/wp-json\/wp\/v2\/product\/569","targetHints":{"allow":["GET"]}}],"collection":[{"href":"https:\/\/reihey.com\/tr\/wp-json\/wp\/v2\/product"}],"about":[{"href":"https:\/\/reihey.com\/tr\/wp-json\/wp\/v2\/types\/product"}],"replies":[{"embeddable":true,"href":"https:\/\/reihey.com\/tr\/wp-json\/wp\/v2\/comments?post=569"}],"version-history":[{"count":3,"href":"https:\/\/reihey.com\/tr\/wp-json\/wp\/v2\/product\/569\/revisions"}],"predecessor-version":[{"id":998206,"href":"https:\/\/reihey.com\/tr\/wp-json\/wp\/v2\/product\/569\/revisions\/998206"}],"wp:featuredmedia":[{"embeddable":true,"href":"https:\/\/reihey.com\/tr\/wp-json\/wp\/v2\/media\/991130"}],"wp:attachment":[{"href":"https:\/\/reihey.com\/tr\/wp-json\/wp\/v2\/media?parent=569"}],"wp:term":[{"taxonomy":"product_brand","embeddable":true,"href":"https:\/\/reihey.com\/tr\/wp-json\/wp\/v2\/product_brand?post=569"},{"taxonomy":"product_cat","embeddable":true,"href":"https:\/\/reihey.com\/tr\/wp-json\/wp\/v2\/product_cat?post=569"},{"taxonomy":"product_tag","embeddable":true,"href":"https:\/\/reihey.com\/tr\/wp-json\/wp\/v2\/product_tag?post=569"}],"curies":[{"name":"wp","href":"https:\/\/api.w.org\/{rel}","templated":true}]}}