{"id":4435,"date":"2025-08-27T10:48:35","date_gmt":"2025-08-27T10:48:35","guid":{"rendered":"https:\/\/slot71.silverline.dev\/?post_type=product&#038;p=4435"},"modified":"2025-10-28T13:27:21","modified_gmt":"2025-10-28T13:27:21","slug":"clear-borosil-bakeware-crystal-glass-2-1l-round-baking-dish-without-lid-in-oven","status":"publish","type":"product","link":"https:\/\/reihey.com\/tr\/product\/clear-borosil-bakeware-crystal-glass-2-1l-round-baking-dish-without-lid-in-oven\/","title":{"rendered":"A\u00e7\u0131k borosilikat pi\u015firme gere\u00e7leri kristal cam 2.1L yuvarlak pi\u015firme kab\u0131 kapaks\u0131z f\u0131r\u0131nda"},"content":{"rendered":"","protected":false},"excerpt":{"rendered":"<table class=\"desk-tab\">\n<tbody>\n<tr>\n<th>Malzeme<\/th>\n<th>Renk<\/th>\n<th>Size<\/th>\n<th>Kapasiteli<\/th>\n<th>Kullan\u0131m<\/th>\n<th>Ambalaj<\/th>\n<\/tr>\n<tr>\n<td>Y\u00fcksek Borosilikat Cam<\/td>\n<td>\u015eeffaf<\/td>\n<td>26.3cm*5.7cm<\/td>\n<td>2.1L<\/td>\n<td>Mikrodalga<\/td>\n<td>1. Standart ihracat kutusu\u2013Xadetler\/kutu, Ykutusu\/kutu.<\/td>\n<\/tr>\n<tr>\n<td><\/td>\n<td><\/td>\n<td><\/td>\n<td><\/td>\n<td>F\u0131r\u0131n<\/td>\n<td>2. \u00d6zel paket: logonuzla beyaz kutu. Logonuzla renkli hediye kutusu<\/td>\n<\/tr>\n<tr>\n<td><\/td>\n<td><\/td>\n<td><\/td>\n<td><\/td>\n<td>Dondurucu<\/td>\n<td><\/td>\n<\/tr>\n<tr>\n<td><\/td>\n<td><\/td>\n<td><\/td>\n<td><\/td>\n<td>Bula\u015f\u0131k Makinesi<\/td>\n<td><\/td>\n<\/tr>\n<\/tbody>\n<\/table>\n<p><!-- Mobile Version --><\/p>\n<table class=\"mob-tab\">\n<tbody>\n<tr>\n<th>Malzeme<\/th>\n<td>Y\u00fcksek Borosilikat Cam<\/td>\n<\/tr>\n<tr>\n<th>Renk<\/th>\n<td>\u015eeffaf<\/td>\n<\/tr>\n<tr>\n<th>Size<\/th>\n<td>26.3cm*5.7cm<\/td>\n<\/tr>\n<tr>\n<th>Kapasiteli<\/th>\n<td>2.1L<\/td>\n<\/tr>\n<tr>\n<th>Kullan\u0131m<\/th>\n<td>Mikrodalga<br \/>\nF\u0131r\u0131n<br \/>\nDondurucu<br \/>\nBula\u015f\u0131k Makinesi<\/td>\n<\/tr>\n<tr>\n<th>Ambalaj<\/th>\n<td>1. Standart ihracat kutusu\u2013Xadetler\/kutu, Ykutusu\/kutu.<br \/>\n2. \u00d6zel paket: logonuzla beyaz kutu. Logonuzla renkli hediye kutusu<\/td>\n<\/tr>\n<\/tbody>\n<\/table>\n<p>Kur\u015fun i\u00e7ermeyen ve kadmiyum i\u00e7ermeyen g\u0131da s\u0131n\u0131f\u0131 cam, 2.1L yuvarlak cam pi\u015firme kab\u0131. Cam sofraware, mutfa\u011f\u0131n\u0131z\u0131 ve yemek odan\u0131z\u0131 daha geli\u015fmi\u015f h\u00e2le getirir. Cam renksiz ve kokusuzdur, yap\u0131\u015fmaz tava, temizlemesi kolay, uzun s\u00fcre boyunca yeni gibi g\u00f6r\u00fcn\u00fcr. Cam sa\u011flam ve a\u015f\u0131nmaya dayan\u0131kl\u0131d\u0131r, soyulma olmadan, onlarca y\u0131l s\u00fcrekli kullan\u0131m i\u00e7in. Pi\u015firme s\u0131ras\u0131nda cam herhangi bir yiyecekle kimyasal olarak reaksiyona girmez ve cam geri d\u00f6n\u00fc\u015ft\u00fcr\u00fclebilir bir malzemedir. Kapasite \u00e7e\u015fitleri, yuvarlak ve kare pi\u015firme tencereleri, kullan\u0131m\u0131 daha kullan\u0131\u015fl\u0131. Y\u00fcksek borosilikat cam \u00fcr\u00fcnleri, y\u00fcksek s\u0131cakl\u0131k direnci 300\u00b0C, son derece s\u0131cak ve son derece so\u011fuk 120\u00b0C. Temperli cam, k\u0131r\u0131ld\u0131\u011f\u0131nda keskin olmayan bir a\u00e7\u0131 olu\u015fturur, insan v\u00fccuduna zarar vermez.<\/p>","protected":false},"featured_media":991594,"comment_status":"closed","ping_status":"closed","template":"","meta":{"_acf_changed":false},"product_brand":[],"product_cat":[601,634],"product_tag":[],"class_list":{"0":"post-4435","1":"product","2":"type-product","3":"status-publish","4":"has-post-thumbnail","6":"product_cat-food-beverage","7":"product_cat-glass-bakeware","9":"first","10":"instock","11":"shipping-taxable","12":"product-type-simple"},"acf":[],"yoast_head":"<!-- This site is optimized with the Yoast SEO plugin v26.7 - https:\/\/yoast.com\/wordpress\/plugins\/seo\/ -->\n<title>Clear borosil bakeware crystal glass 2.1L round baking dish without lid in oven - Reihey Glass<\/title>\n<meta name=\"robots\" content=\"index, follow, max-snippet:-1, max-image-preview:large, max-video-preview:-1\" \/>\n<link rel=\"canonical\" href=\"https:\/\/reihey.com\/tr\/product\/clear-borosil-bakeware-crystal-glass-2-1l-round-baking-dish-without-lid-in-oven\/\" \/>\n<meta property=\"og:locale\" content=\"tr_TR\" \/>\n<meta property=\"og:type\" content=\"article\" \/>\n<meta property=\"og:title\" content=\"Clear borosil bakeware crystal glass 2.1L round baking dish without lid in oven - Reihey Glass\" \/>\n<meta property=\"og:description\" content=\"Material Color Size Capacity Usage Packing   High Borosilicate Glass Transparent 26.3cm*5.7cm 2.1L Microwave 1. Standard export carton--Xpcs\/box, Ybox\/carton.       Oven 2. Curtom pack: white box with your logo.Color gift box with your logo       Freezer        Dishwasher         Material High Borosilicate Glass   Color Transparent   Size 26.3cm*5.7cm   Capacity 2.1L   Usage Microwave Oven Freezer Dishwasher   Packing 1. Standard export carton--Xpcs\/box, Ybox\/carton. 2. Curtom pack: white box with your logo.Color gift box with your logo    Lead-free and cadmium-free food grade glass, 2.1L round glass baking pan. Glass tableware, make your kitchen and dining room more advanced. The glass is colorless and odorless, non-stick pan, easy to clean, and looks like new for a long time. The glass is firm and wear-resistant, without peeling, for decades of continuous use. Glass will not chemically react with any food during cooking and glass is a recyclable material. Kinds of capacity, round and square baking pan, more convenient to use. High boron glass products, high temperature resistance 300\u00b0C, extremely hot and extremely cold 120\u00b0C. Tempered glass, broken will form an obtuse angle, no harm to the human body.\" \/>\n<meta property=\"og:url\" content=\"https:\/\/reihey.com\/tr\/product\/clear-borosil-bakeware-crystal-glass-2-1l-round-baking-dish-without-lid-in-oven\/\" \/>\n<meta property=\"og:site_name\" content=\"Reihey Glass\" \/>\n<meta property=\"article:modified_time\" content=\"2025-10-28T13:27:21+00:00\" \/>\n<meta property=\"og:image\" content=\"https:\/\/reihey.com\/wp-content\/uploads\/2025\/08\/glass-bakeware-4-1.png\" \/>\n\t<meta property=\"og:image:width\" content=\"800\" \/>\n\t<meta property=\"og:image:height\" content=\"800\" \/>\n\t<meta property=\"og:image:type\" content=\"image\/png\" \/>\n<meta name=\"twitter:card\" content=\"summary_large_image\" \/>\n<meta name=\"twitter:label1\" content=\"Est. reading time\" \/>\n\t<meta name=\"twitter:data1\" content=\"1 dakika\" \/>\n<script type=\"application\/ld+json\" class=\"yoast-schema-graph\">{\"@context\":\"https:\/\/schema.org\",\"@graph\":[{\"@type\":\"WebPage\",\"@id\":\"https:\/\/reihey.com\/product\/clear-borosil-bakeware-crystal-glass-2-1l-round-baking-dish-without-lid-in-oven\/\",\"url\":\"https:\/\/reihey.com\/product\/clear-borosil-bakeware-crystal-glass-2-1l-round-baking-dish-without-lid-in-oven\/\",\"name\":\"Clear borosil bakeware crystal glass 2.1L round baking dish without lid in oven - Reihey Glass\",\"isPartOf\":{\"@id\":\"https:\/\/reihey.com\/#website\"},\"primaryImageOfPage\":{\"@id\":\"https:\/\/reihey.com\/product\/clear-borosil-bakeware-crystal-glass-2-1l-round-baking-dish-without-lid-in-oven\/#primaryimage\"},\"image\":{\"@id\":\"https:\/\/reihey.com\/product\/clear-borosil-bakeware-crystal-glass-2-1l-round-baking-dish-without-lid-in-oven\/#primaryimage\"},\"thumbnailUrl\":\"https:\/\/reihey.com\/wp-content\/uploads\/2025\/08\/glass-bakeware-4-1.png\",\"datePublished\":\"2025-08-27T10:48:35+00:00\",\"dateModified\":\"2025-10-28T13:27:21+00:00\",\"breadcrumb\":{\"@id\":\"https:\/\/reihey.com\/product\/clear-borosil-bakeware-crystal-glass-2-1l-round-baking-dish-without-lid-in-oven\/#breadcrumb\"},\"inLanguage\":\"tr\",\"potentialAction\":[{\"@type\":\"ReadAction\",\"target\":[\"https:\/\/reihey.com\/product\/clear-borosil-bakeware-crystal-glass-2-1l-round-baking-dish-without-lid-in-oven\/\"]}]},{\"@type\":\"ImageObject\",\"inLanguage\":\"tr\",\"@id\":\"https:\/\/reihey.com\/product\/clear-borosil-bakeware-crystal-glass-2-1l-round-baking-dish-without-lid-in-oven\/#primaryimage\",\"url\":\"https:\/\/reihey.com\/wp-content\/uploads\/2025\/08\/glass-bakeware-4-1.png\",\"contentUrl\":\"https:\/\/reihey.com\/wp-content\/uploads\/2025\/08\/glass-bakeware-4-1.png\",\"width\":800,\"height\":800},{\"@type\":\"BreadcrumbList\",\"@id\":\"https:\/\/reihey.com\/product\/clear-borosil-bakeware-crystal-glass-2-1l-round-baking-dish-without-lid-in-oven\/#breadcrumb\",\"itemListElement\":[{\"@type\":\"ListItem\",\"position\":1,\"name\":\"Home\",\"item\":\"https:\/\/reihey.com\/\"},{\"@type\":\"ListItem\",\"position\":2,\"name\":\"Shop\",\"item\":\"https:\/\/reihey.com\/shop\/\"},{\"@type\":\"ListItem\",\"position\":3,\"name\":\"Clear borosil bakeware crystal glass 2.1L round baking dish without lid in oven\"}]},{\"@type\":\"WebSite\",\"@id\":\"https:\/\/reihey.com\/#website\",\"url\":\"https:\/\/reihey.com\/\",\"name\":\"Reihey Glass\",\"description\":\"\",\"publisher\":{\"@id\":\"https:\/\/reihey.com\/#organization\"},\"potentialAction\":[{\"@type\":\"SearchAction\",\"target\":{\"@type\":\"EntryPoint\",\"urlTemplate\":\"https:\/\/reihey.com\/?s={search_term_string}\"},\"query-input\":{\"@type\":\"PropertyValueSpecification\",\"valueRequired\":true,\"valueName\":\"search_term_string\"}}],\"inLanguage\":\"tr\"},{\"@type\":\"Organization\",\"@id\":\"https:\/\/reihey.com\/#organization\",\"name\":\"Reihey Glass\",\"url\":\"https:\/\/reihey.com\/\",\"logo\":{\"@type\":\"ImageObject\",\"inLanguage\":\"tr\",\"@id\":\"https:\/\/reihey.com\/#\/schema\/logo\/image\/\",\"url\":\"https:\/\/reihey.com\/wp-content\/uploads\/2023\/07\/Reihey-logo-2026.svg\",\"contentUrl\":\"https:\/\/reihey.com\/wp-content\/uploads\/2023\/07\/Reihey-logo-2026.svg\",\"width\":1984,\"height\":566,\"caption\":\"Reihey Glass\"},\"image\":{\"@id\":\"https:\/\/reihey.com\/#\/schema\/logo\/image\/\"}}]}<\/script>\n<!-- \/ Yoast SEO plugin. -->","yoast_head_json":{"title":"Lid olmadan f\u0131r\u0131nda kullan\u0131lan temiz borosilikat cam kavrulabilir \u015feffaf cam 2.1L yuvarlak pi\u015firme kab\u0131 - Reihey Cam","robots":{"index":"index","follow":"follow","max-snippet":"max-snippet:-1","max-image-preview":"max-image-preview:large","max-video-preview":"max-video-preview:-1"},"canonical":"https:\/\/reihey.com\/tr\/product\/clear-borosil-bakeware-crystal-glass-2-1l-round-baking-dish-without-lid-in-oven\/","og_locale":"tr_TR","og_type":"article","og_title":"Clear borosil bakeware crystal glass 2.1L round baking dish without lid in oven - Reihey Glass","og_description":"Material Color Size Capacity Usage Packing   High Borosilicate Glass Transparent 26.3cm*5.7cm 2.1L Microwave 1. Standard export carton--Xpcs\/box, Ybox\/carton.       Oven 2. Curtom pack: white box with your logo.Color gift box with your logo       Freezer        Dishwasher         Material High Borosilicate Glass   Color Transparent   Size 26.3cm*5.7cm   Capacity 2.1L   Usage Microwave Oven Freezer Dishwasher   Packing 1. Standard export carton--Xpcs\/box, Ybox\/carton. 2. Curtom pack: white box with your logo.Color gift box with your logo    Lead-free and cadmium-free food grade glass, 2.1L round glass baking pan. Glass tableware, make your kitchen and dining room more advanced. The glass is colorless and odorless, non-stick pan, easy to clean, and looks like new for a long time. The glass is firm and wear-resistant, without peeling, for decades of continuous use. Glass will not chemically react with any food during cooking and glass is a recyclable material. Kinds of capacity, round and square baking pan, more convenient to use. High boron glass products, high temperature resistance 300\u00b0C, extremely hot and extremely cold 120\u00b0C. Tempered glass, broken will form an obtuse angle, no harm to the human body.","og_url":"https:\/\/reihey.com\/tr\/product\/clear-borosil-bakeware-crystal-glass-2-1l-round-baking-dish-without-lid-in-oven\/","og_site_name":"Reihey Glass","article_modified_time":"2025-10-28T13:27:21+00:00","og_image":[{"width":800,"height":800,"url":"https:\/\/reihey.com\/wp-content\/uploads\/2025\/08\/glass-bakeware-4-1.png","type":"image\/png"}],"twitter_card":"summary_large_image","twitter_misc":{"Est. reading time":"1 dakika"},"schema":{"@context":"https:\/\/schema.org","@graph":[{"@type":"WebPage","@id":"https:\/\/reihey.com\/product\/clear-borosil-bakeware-crystal-glass-2-1l-round-baking-dish-without-lid-in-oven\/","url":"https:\/\/reihey.com\/product\/clear-borosil-bakeware-crystal-glass-2-1l-round-baking-dish-without-lid-in-oven\/","name":"Lid olmadan f\u0131r\u0131nda kullan\u0131lan temiz borosilikat cam kavrulabilir \u015feffaf cam 2.1L yuvarlak pi\u015firme kab\u0131 - Reihey Cam","isPartOf":{"@id":"https:\/\/reihey.com\/#website"},"primaryImageOfPage":{"@id":"https:\/\/reihey.com\/product\/clear-borosil-bakeware-crystal-glass-2-1l-round-baking-dish-without-lid-in-oven\/#primaryimage"},"image":{"@id":"https:\/\/reihey.com\/product\/clear-borosil-bakeware-crystal-glass-2-1l-round-baking-dish-without-lid-in-oven\/#primaryimage"},"thumbnailUrl":"https:\/\/reihey.com\/wp-content\/uploads\/2025\/08\/glass-bakeware-4-1.png","datePublished":"2025-08-27T10:48:35+00:00","dateModified":"2025-10-28T13:27:21+00:00","breadcrumb":{"@id":"https:\/\/reihey.com\/product\/clear-borosil-bakeware-crystal-glass-2-1l-round-baking-dish-without-lid-in-oven\/#breadcrumb"},"inLanguage":"tr","potentialAction":[{"@type":"ReadAction","target":["https:\/\/reihey.com\/product\/clear-borosil-bakeware-crystal-glass-2-1l-round-baking-dish-without-lid-in-oven\/"]}]},{"@type":"ImageObject","inLanguage":"tr","@id":"https:\/\/reihey.com\/product\/clear-borosil-bakeware-crystal-glass-2-1l-round-baking-dish-without-lid-in-oven\/#primaryimage","url":"https:\/\/reihey.com\/wp-content\/uploads\/2025\/08\/glass-bakeware-4-1.png","contentUrl":"https:\/\/reihey.com\/wp-content\/uploads\/2025\/08\/glass-bakeware-4-1.png","width":800,"height":800},{"@type":"BreadcrumbList","@id":"https:\/\/reihey.com\/product\/clear-borosil-bakeware-crystal-glass-2-1l-round-baking-dish-without-lid-in-oven\/#breadcrumb","itemListElement":[{"@type":"ListItem","position":1,"name":"Home","item":"https:\/\/reihey.com\/"},{"@type":"ListItem","position":2,"name":"Shop","item":"https:\/\/reihey.com\/shop\/"},{"@type":"ListItem","position":3,"name":"Clear borosil bakeware crystal glass 2.1L round baking dish without lid in oven"}]},{"@type":"WebSite","@id":"https:\/\/reihey.com\/#website","url":"https:\/\/reihey.com\/","name":"Reihey Cam","description":"","publisher":{"@id":"https:\/\/reihey.com\/#organization"},"potentialAction":[{"@type":"SearchAction","target":{"@type":"EntryPoint","urlTemplate":"https:\/\/reihey.com\/?s={search_term_string}"},"query-input":{"@type":"PropertyValueSpecification","valueRequired":true,"valueName":"search_term_string"}}],"inLanguage":"tr"},{"@type":"Organization","@id":"https:\/\/reihey.com\/#organization","name":"Reihey Cam","url":"https:\/\/reihey.com\/","logo":{"@type":"ImageObject","inLanguage":"tr","@id":"https:\/\/reihey.com\/#\/schema\/logo\/image\/","url":"https:\/\/reihey.com\/wp-content\/uploads\/2023\/07\/Reihey-logo-2026.svg","contentUrl":"https:\/\/reihey.com\/wp-content\/uploads\/2023\/07\/Reihey-logo-2026.svg","width":1984,"height":566,"caption":"Reihey Glass"},"image":{"@id":"https:\/\/reihey.com\/#\/schema\/logo\/image\/"}}]}},"_links":{"self":[{"href":"https:\/\/reihey.com\/tr\/wp-json\/wp\/v2\/product\/4435","targetHints":{"allow":["GET"]}}],"collection":[{"href":"https:\/\/reihey.com\/tr\/wp-json\/wp\/v2\/product"}],"about":[{"href":"https:\/\/reihey.com\/tr\/wp-json\/wp\/v2\/types\/product"}],"replies":[{"embeddable":true,"href":"https:\/\/reihey.com\/tr\/wp-json\/wp\/v2\/comments?post=4435"}],"version-history":[{"count":3,"href":"https:\/\/reihey.com\/tr\/wp-json\/wp\/v2\/product\/4435\/revisions"}],"predecessor-version":[{"id":998107,"href":"https:\/\/reihey.com\/tr\/wp-json\/wp\/v2\/product\/4435\/revisions\/998107"}],"wp:featuredmedia":[{"embeddable":true,"href":"https:\/\/reihey.com\/tr\/wp-json\/wp\/v2\/media\/991594"}],"wp:attachment":[{"href":"https:\/\/reihey.com\/tr\/wp-json\/wp\/v2\/media?parent=4435"}],"wp:term":[{"taxonomy":"product_brand","embeddable":true,"href":"https:\/\/reihey.com\/tr\/wp-json\/wp\/v2\/product_brand?post=4435"},{"taxonomy":"product_cat","embeddable":true,"href":"https:\/\/reihey.com\/tr\/wp-json\/wp\/v2\/product_cat?post=4435"},{"taxonomy":"product_tag","embeddable":true,"href":"https:\/\/reihey.com\/tr\/wp-json\/wp\/v2\/product_tag?post=4435"}],"curies":[{"name":"wp","href":"https:\/\/api.w.org\/{rel}","templated":true}]}}