{"id":4338,"date":"2025-08-27T10:47:52","date_gmt":"2025-08-27T10:47:52","guid":{"rendered":"https:\/\/slot71.silverline.dev\/?post_type=product&#038;p=4338"},"modified":"2025-10-28T13:27:12","modified_gmt":"2025-10-28T13:27:12","slug":"colorful-large-dynamic-round-glass-3d-deep-moving-flowing-sand-art","status":"publish","type":"product","link":"https:\/\/reihey.com\/tr\/product\/colorful-large-dynamic-round-glass-3d-deep-moving-flowing-sand-art\/","title":{"rendered":"Renkli b\u00fcy\u00fck dinamik yuvarlak cam 3d derin hareketli ak\u0131\u015fl\u0131 kum sanat\u0131"},"content":{"rendered":"","protected":false},"excerpt":{"rendered":"<table class=\"desk-tab\">\n<tbody>\n<tr>\n<th>Malzeme<\/th>\n<th>Size<\/th>\n<th>\u015eekil<\/th>\n<th>Zaman<\/th>\n<th>Kum Rengi<\/th>\n<th>Kullan\u0131m<\/th>\n<th>Ambalaj<\/th>\n<\/tr>\n<tr>\n<td>Cam<\/td>\n<td>7 in\u00e7<\/td>\n<td>Yuvarlak<\/td>\n<td>1 dk<\/td>\n<td>Mavi<\/td>\n<td>Zamanlama<\/td>\n<td>Standard ihracat kartonu\u2013Xpcs\/kutu, Ybox\/karton.<\/td>\n<\/tr>\n<tr>\n<td><\/td>\n<td>12 in\u00e7<\/td>\n<td><\/td>\n<td>3 dk<\/td>\n<td>Siyah<\/td>\n<td><\/td>\n<td>\u00d6zel paket: logonuzla beyaz kutu, logonuzla renkli hediye kutusu<\/td>\n<\/tr>\n<tr>\n<td><\/td>\n<td><\/td>\n<td><\/td>\n<td>5 dk<\/td>\n<td>K\u0131rm\u0131z\u0131<\/td>\n<td><\/td>\n<td><\/td>\n<\/tr>\n<tr>\n<td><\/td>\n<td><\/td>\n<td><\/td>\n<td><\/td>\n<td>Ye\u015fil<\/td>\n<td><\/td>\n<td><\/td>\n<\/tr>\n<tr>\n<td><\/td>\n<td><\/td>\n<td><\/td>\n<td><\/td>\n<td>Mor<\/td>\n<td><\/td>\n<td><\/td>\n<\/tr>\n<tr>\n<td><\/td>\n<td><\/td>\n<td><\/td>\n<td><\/td>\n<td>Sar\u0131<\/td>\n<td><\/td>\n<td><\/td>\n<\/tr>\n<tr>\n<td><\/td>\n<td><\/td>\n<td><\/td>\n<td><\/td>\n<td>G\u00fcl Kurusu<\/td>\n<td><\/td>\n<td><\/td>\n<\/tr>\n<\/tbody>\n<\/table>\n<table class=\"mob-tab\">\n<tbody>\n<tr>\n<th>Malzeme<\/th>\n<td>Cam<\/td>\n<\/tr>\n<tr>\n<th>Size<\/th>\n<td>7 in\u00e7<br \/>\n12 in\u00e7<\/td>\n<\/tr>\n<tr>\n<th>\u015eekil<\/th>\n<td>Yuvarlak<\/td>\n<\/tr>\n<tr>\n<th>Zaman<\/th>\n<td>1 dk<br \/>\n3 dk<br \/>\n5 dk<\/td>\n<\/tr>\n<tr>\n<th>Kum Rengi<\/th>\n<td>Mavi<br \/>\nSiyah<br \/>\nK\u0131rm\u0131z\u0131<br \/>\nYe\u015fil<br \/>\nMor<br \/>\nSar\u0131<br \/>\nG\u00fcl Kurusu<\/td>\n<\/tr>\n<tr>\n<th>Kullan\u0131m<\/th>\n<td>Zamanlama<\/td>\n<\/tr>\n<tr>\n<th>Ambalaj<\/th>\n<td>Standard ihracat kartonu\u2013Xpcs\/kutu, Ybox\/karton.<br \/>\n\u00d6zel paket: logonuzla beyaz kutu, logonuzla renkli hediye kutusu<\/td>\n<\/tr>\n<\/tbody>\n<\/table>\n<p><strong>Bu \u00fcr\u00fcne dair<\/strong><br \/>\n1.\u3010Manzaran\u0131n tad\u0131n\u0131 \u00e7\u0131kar\u0131n\u3011- ak\u0131p giden derin deniz kumu s\u00fcrekli d\u00f6n\u00fc\u015fle ba\u015fka bir yeni manzara haritas\u0131 olu\u015fturacak. Yava\u015f\u00e7a akan kuma dal\u0131n ve yava\u015f\u00e7a olu\u015fan manzara haritas\u0131n\u0131 izleyin; da\u011flar ve nehirler aras\u0131ndaym\u0131\u015f gibi, \u015f\u0131r\u0131ldayan su, zihni ar\u0131nd\u0131r\u0131r, g\u00fcn boyu \u00e7al\u0131\u015fman\u0131n yorgunlu\u011funu giderir, stresi azalt\u0131r ve size konforlu bir deneyim verir. 2.\u3010M\u00fckemmel Kalite\u3011- Su gibi \u015feffaf olan kur\u015funsuz y\u00fcksek kaliteli cam, \u015f\u0131r\u0131lt\u0131l\u0131 kum ak\u0131\u015f\u0131n\u0131 tam olarak deneyimlemenizi sa\u011flar. \u00dcr\u00fcn tasar\u0131m\u0131 zeka \u00fcr\u00fcn\u00fc, i\u015f\u00e7ilik kesin, her detay seviyesi belirgin, m\u00fckemmel ince kum ve rengi her akan 3D resme sanatsal bir kavram katar. ABS malzemeden \u00e7er\u00e7eve \u00e7evre dostu sorunlar\u0131yla endi\u015felenmenize gerek yoktur ve m\u00fckemmel bir mobilya dekorasyonudur. 3.\u3010Kum Boyama Dekorasyonu\u3011- M\u00fckemmel ev\/ofis dekorasyonu. Do\u011fal bir manzara resmi evinizi\/ofisinizi manzara ortas\u0131nda yapar, sessiz, do\u011fal, zarif ve tarafs\u0131z. Kumun ak\u0131\u015f\u0131yla olu\u015fan farkl\u0131 manzara resimlerini izlerken Yaratan\u0131n b\u00fcy\u00fcs\u00fcn\u00fc hissedebilir ve her de\u011fi\u015fim bu kadar do\u011fal ve g\u00fczel olabilir. 4.\u3010Y\u00fcksek De\u011ferli Hediyeler\u3011- Duygular\u0131n\u0131z\u0131 manzara i\u00e7inde kendi hislerinizi ifade ederek ve onlar\u0131 \u00f6zel birine hediye ederek iletin. Ofis \u00e7al\u0131\u015fanlar\u0131, a\u011f\u0131r ders \u00e7al\u0131\u015fan \u00f6\u011frenciler ve uzun s\u00fcre bilgisayar ba\u015f\u0131nda \u00e7al\u0131\u015fan insanlar i\u00e7in sanatsal kavramla dolu bir manzara resmi, masalar\u0131n\u0131n m\u00fckemmel bir tamamlay\u0131c\u0131s\u0131d\u0131r. Haf\u0131zal\u0131 suda olmak yorgunlu\u011fa iyi gelir, d\u00fc\u015f\u00fcnceleri te\u015fvik eder ve verimlili\u011fi art\u0131r\u0131r.<\/p>","protected":false},"featured_media":991557,"comment_status":"closed","ping_status":"closed","template":"","meta":{"_acf_changed":false},"product_brand":[],"product_cat":[632,599],"product_tag":[],"class_list":{"0":"post-4338","1":"product","2":"type-product","3":"status-publish","4":"has-post-thumbnail","6":"product_cat-home-decor","7":"product_cat-hourglass","9":"first","10":"instock","11":"shipping-taxable","12":"product-type-simple"},"acf":[],"yoast_head":"<!-- This site is optimized with the Yoast SEO plugin v26.7 - https:\/\/yoast.com\/wordpress\/plugins\/seo\/ -->\n<title>Colorful large dynamic round glass 3d deep moving flowing sand art - Reihey Glass<\/title>\n<meta name=\"robots\" content=\"index, follow, max-snippet:-1, max-image-preview:large, max-video-preview:-1\" \/>\n<link rel=\"canonical\" href=\"https:\/\/reihey.com\/tr\/product\/colorful-large-dynamic-round-glass-3d-deep-moving-flowing-sand-art\/\" \/>\n<meta property=\"og:locale\" content=\"tr_TR\" \/>\n<meta property=\"og:type\" content=\"article\" \/>\n<meta property=\"og:title\" content=\"Colorful large dynamic round glass 3d deep moving flowing sand art - Reihey Glass\" \/>\n<meta property=\"og:description\" content=\"Material Size Shape Time Sand Color Usage Packing   Glass 7inch Round 1min Blue Timing Standard export carton--Xpcs\/box, Ybox\/carton.    12inch  3min Black  Custom pack: white box with your logo, Color gift box with your logo      5min Red         Green         Purple         Yellow         Rose Red         Material Glass   Size 7inch 12inch   Shape Round   Time 1min 3min 5min   Sand Color Blue Black Red Green Purple Yellow Rose Red   Usage Timing   Packing Standard export carton--Xpcs\/box, Ybox\/carton. Custom pack: white box with your logo, Color gift box with your logo    About this item 1.\u3010Indulge in the landscape\u3011- the flowing deep-sea sand will form another new landscape map with the continuous rotation. Immerse in the slowly flowing sand and watch the slowly forming landscape map, as if you are in the mountains and rivers, the gurgling water , purify the mind, relieve the fatigue of a day&#039;s study\/work, relieve stress, and give you a comfortable experience. 2.\u3010Perfect Quality\u3011- High-quality lead-free glass that is transparent like water, allowing you to fully experience the gurgling quicksand. The product design is ingenious, the workmanship is precise, each detail level is distinct, and the perfect fine sand and its color make every 3D picture that flows out is full of artistic conception. The frame of ABS material does not need to worry about its environmental protection problem, and it is an excellent furniture decoration. 3.\u3010Sand Painting Decoration\u3011- The perfect home\/office decoration. A natural landscape painting makes your house\/office in the middle of landscape, quiet, natural, elegant and indifferent. Watching the different landscape pictures formed with the flow of sand, you can feel the magic of the Creator, and every change is so natural and beautiful. 4.\u3010High-value gifts\u3011- Express your heavy feelings by expressing your own feelings in the landscape and presenting them to a special person. For office workers, students with heavy studies, and people who work on computers for a long time, a landscape painting full of artistic conception is the perfect complement to their desks. Being in the murmuring water can wash away fatigue, inspire thoughts, and improve efficiency.\" \/>\n<meta property=\"og:url\" content=\"https:\/\/reihey.com\/tr\/product\/colorful-large-dynamic-round-glass-3d-deep-moving-flowing-sand-art\/\" \/>\n<meta property=\"og:site_name\" content=\"Reihey Glass\" \/>\n<meta property=\"article:modified_time\" content=\"2025-10-28T13:27:12+00:00\" \/>\n<meta property=\"og:image\" content=\"https:\/\/reihey.com\/wp-content\/uploads\/2025\/08\/Main-02-36.jpg\" \/>\n\t<meta property=\"og:image:width\" content=\"930\" \/>\n\t<meta property=\"og:image:height\" content=\"930\" \/>\n\t<meta property=\"og:image:type\" content=\"image\/jpeg\" \/>\n<meta name=\"twitter:card\" content=\"summary_large_image\" \/>\n<meta name=\"twitter:label1\" content=\"Est. reading time\" \/>\n\t<meta name=\"twitter:data1\" content=\"1 dakika\" \/>\n<script type=\"application\/ld+json\" class=\"yoast-schema-graph\">{\"@context\":\"https:\/\/schema.org\",\"@graph\":[{\"@type\":\"WebPage\",\"@id\":\"https:\/\/reihey.com\/product\/colorful-large-dynamic-round-glass-3d-deep-moving-flowing-sand-art\/\",\"url\":\"https:\/\/reihey.com\/product\/colorful-large-dynamic-round-glass-3d-deep-moving-flowing-sand-art\/\",\"name\":\"Colorful large dynamic round glass 3d deep moving flowing sand art - Reihey Glass\",\"isPartOf\":{\"@id\":\"https:\/\/reihey.com\/#website\"},\"primaryImageOfPage\":{\"@id\":\"https:\/\/reihey.com\/product\/colorful-large-dynamic-round-glass-3d-deep-moving-flowing-sand-art\/#primaryimage\"},\"image\":{\"@id\":\"https:\/\/reihey.com\/product\/colorful-large-dynamic-round-glass-3d-deep-moving-flowing-sand-art\/#primaryimage\"},\"thumbnailUrl\":\"https:\/\/reihey.com\/wp-content\/uploads\/2025\/08\/Main-02-36.jpg\",\"datePublished\":\"2025-08-27T10:47:52+00:00\",\"dateModified\":\"2025-10-28T13:27:12+00:00\",\"breadcrumb\":{\"@id\":\"https:\/\/reihey.com\/product\/colorful-large-dynamic-round-glass-3d-deep-moving-flowing-sand-art\/#breadcrumb\"},\"inLanguage\":\"tr\",\"potentialAction\":[{\"@type\":\"ReadAction\",\"target\":[\"https:\/\/reihey.com\/product\/colorful-large-dynamic-round-glass-3d-deep-moving-flowing-sand-art\/\"]}]},{\"@type\":\"ImageObject\",\"inLanguage\":\"tr\",\"@id\":\"https:\/\/reihey.com\/product\/colorful-large-dynamic-round-glass-3d-deep-moving-flowing-sand-art\/#primaryimage\",\"url\":\"https:\/\/reihey.com\/wp-content\/uploads\/2025\/08\/Main-02-36.jpg\",\"contentUrl\":\"https:\/\/reihey.com\/wp-content\/uploads\/2025\/08\/Main-02-36.jpg\",\"width\":930,\"height\":930},{\"@type\":\"BreadcrumbList\",\"@id\":\"https:\/\/reihey.com\/product\/colorful-large-dynamic-round-glass-3d-deep-moving-flowing-sand-art\/#breadcrumb\",\"itemListElement\":[{\"@type\":\"ListItem\",\"position\":1,\"name\":\"Home\",\"item\":\"https:\/\/reihey.com\/\"},{\"@type\":\"ListItem\",\"position\":2,\"name\":\"Shop\",\"item\":\"https:\/\/reihey.com\/shop\/\"},{\"@type\":\"ListItem\",\"position\":3,\"name\":\"Colorful large dynamic round glass 3d deep moving flowing sand art\"}]},{\"@type\":\"WebSite\",\"@id\":\"https:\/\/reihey.com\/#website\",\"url\":\"https:\/\/reihey.com\/\",\"name\":\"Reihey Glass\",\"description\":\"\",\"publisher\":{\"@id\":\"https:\/\/reihey.com\/#organization\"},\"potentialAction\":[{\"@type\":\"SearchAction\",\"target\":{\"@type\":\"EntryPoint\",\"urlTemplate\":\"https:\/\/reihey.com\/?s={search_term_string}\"},\"query-input\":{\"@type\":\"PropertyValueSpecification\",\"valueRequired\":true,\"valueName\":\"search_term_string\"}}],\"inLanguage\":\"tr\"},{\"@type\":\"Organization\",\"@id\":\"https:\/\/reihey.com\/#organization\",\"name\":\"Reihey Glass\",\"url\":\"https:\/\/reihey.com\/\",\"logo\":{\"@type\":\"ImageObject\",\"inLanguage\":\"tr\",\"@id\":\"https:\/\/reihey.com\/#\/schema\/logo\/image\/\",\"url\":\"https:\/\/reihey.com\/wp-content\/uploads\/2023\/07\/Reihey-logo-2026.svg\",\"contentUrl\":\"https:\/\/reihey.com\/wp-content\/uploads\/2023\/07\/Reihey-logo-2026.svg\",\"width\":1984,\"height\":566,\"caption\":\"Reihey Glass\"},\"image\":{\"@id\":\"https:\/\/reihey.com\/#\/schema\/logo\/image\/\"}}]}<\/script>\n<!-- \/ Yoast SEO plugin. -->","yoast_head_json":{"title":"Renkli b\u00fcy\u00fck dinamik yuvarlak cam 3d derin hareketli akan kum sanat\u0131 - Reihey Glass","robots":{"index":"index","follow":"follow","max-snippet":"max-snippet:-1","max-image-preview":"max-image-preview:large","max-video-preview":"max-video-preview:-1"},"canonical":"https:\/\/reihey.com\/tr\/product\/colorful-large-dynamic-round-glass-3d-deep-moving-flowing-sand-art\/","og_locale":"tr_TR","og_type":"article","og_title":"Colorful large dynamic round glass 3d deep moving flowing sand art - Reihey Glass","og_description":"Material Size Shape Time Sand Color Usage Packing   Glass 7inch Round 1min Blue Timing Standard export carton--Xpcs\/box, Ybox\/carton.    12inch  3min Black  Custom pack: white box with your logo, Color gift box with your logo      5min Red         Green         Purple         Yellow         Rose Red         Material Glass   Size 7inch 12inch   Shape Round   Time 1min 3min 5min   Sand Color Blue Black Red Green Purple Yellow Rose Red   Usage Timing   Packing Standard export carton--Xpcs\/box, Ybox\/carton. Custom pack: white box with your logo, Color gift box with your logo    About this item 1.\u3010Indulge in the landscape\u3011- the flowing deep-sea sand will form another new landscape map with the continuous rotation. Immerse in the slowly flowing sand and watch the slowly forming landscape map, as if you are in the mountains and rivers, the gurgling water , purify the mind, relieve the fatigue of a day's study\/work, relieve stress, and give you a comfortable experience. 2.\u3010Perfect Quality\u3011- High-quality lead-free glass that is transparent like water, allowing you to fully experience the gurgling quicksand. The product design is ingenious, the workmanship is precise, each detail level is distinct, and the perfect fine sand and its color make every 3D picture that flows out is full of artistic conception. The frame of ABS material does not need to worry about its environmental protection problem, and it is an excellent furniture decoration. 3.\u3010Sand Painting Decoration\u3011- The perfect home\/office decoration. A natural landscape painting makes your house\/office in the middle of landscape, quiet, natural, elegant and indifferent. Watching the different landscape pictures formed with the flow of sand, you can feel the magic of the Creator, and every change is so natural and beautiful. 4.\u3010High-value gifts\u3011- Express your heavy feelings by expressing your own feelings in the landscape and presenting them to a special person. For office workers, students with heavy studies, and people who work on computers for a long time, a landscape painting full of artistic conception is the perfect complement to their desks. Being in the murmuring water can wash away fatigue, inspire thoughts, and improve efficiency.","og_url":"https:\/\/reihey.com\/tr\/product\/colorful-large-dynamic-round-glass-3d-deep-moving-flowing-sand-art\/","og_site_name":"Reihey Glass","article_modified_time":"2025-10-28T13:27:12+00:00","og_image":[{"width":930,"height":930,"url":"https:\/\/reihey.com\/wp-content\/uploads\/2025\/08\/Main-02-36.jpg","type":"image\/jpeg"}],"twitter_card":"summary_large_image","twitter_misc":{"Est. reading time":"1 dakika"},"schema":{"@context":"https:\/\/schema.org","@graph":[{"@type":"WebPage","@id":"https:\/\/reihey.com\/product\/colorful-large-dynamic-round-glass-3d-deep-moving-flowing-sand-art\/","url":"https:\/\/reihey.com\/product\/colorful-large-dynamic-round-glass-3d-deep-moving-flowing-sand-art\/","name":"Renkli b\u00fcy\u00fck dinamik yuvarlak cam 3d derin hareketli akan kum sanat\u0131 - Reihey Glass","isPartOf":{"@id":"https:\/\/reihey.com\/#website"},"primaryImageOfPage":{"@id":"https:\/\/reihey.com\/product\/colorful-large-dynamic-round-glass-3d-deep-moving-flowing-sand-art\/#primaryimage"},"image":{"@id":"https:\/\/reihey.com\/product\/colorful-large-dynamic-round-glass-3d-deep-moving-flowing-sand-art\/#primaryimage"},"thumbnailUrl":"https:\/\/reihey.com\/wp-content\/uploads\/2025\/08\/Main-02-36.jpg","datePublished":"2025-08-27T10:47:52+00:00","dateModified":"2025-10-28T13:27:12+00:00","breadcrumb":{"@id":"https:\/\/reihey.com\/product\/colorful-large-dynamic-round-glass-3d-deep-moving-flowing-sand-art\/#breadcrumb"},"inLanguage":"tr","potentialAction":[{"@type":"ReadAction","target":["https:\/\/reihey.com\/product\/colorful-large-dynamic-round-glass-3d-deep-moving-flowing-sand-art\/"]}]},{"@type":"ImageObject","inLanguage":"tr","@id":"https:\/\/reihey.com\/product\/colorful-large-dynamic-round-glass-3d-deep-moving-flowing-sand-art\/#primaryimage","url":"https:\/\/reihey.com\/wp-content\/uploads\/2025\/08\/Main-02-36.jpg","contentUrl":"https:\/\/reihey.com\/wp-content\/uploads\/2025\/08\/Main-02-36.jpg","width":930,"height":930},{"@type":"BreadcrumbList","@id":"https:\/\/reihey.com\/product\/colorful-large-dynamic-round-glass-3d-deep-moving-flowing-sand-art\/#breadcrumb","itemListElement":[{"@type":"ListItem","position":1,"name":"Home","item":"https:\/\/reihey.com\/"},{"@type":"ListItem","position":2,"name":"Shop","item":"https:\/\/reihey.com\/shop\/"},{"@type":"ListItem","position":3,"name":"Colorful large dynamic round glass 3d deep moving flowing sand art"}]},{"@type":"WebSite","@id":"https:\/\/reihey.com\/#website","url":"https:\/\/reihey.com\/","name":"Reihey Cam","description":"","publisher":{"@id":"https:\/\/reihey.com\/#organization"},"potentialAction":[{"@type":"SearchAction","target":{"@type":"EntryPoint","urlTemplate":"https:\/\/reihey.com\/?s={search_term_string}"},"query-input":{"@type":"PropertyValueSpecification","valueRequired":true,"valueName":"search_term_string"}}],"inLanguage":"tr"},{"@type":"Organization","@id":"https:\/\/reihey.com\/#organization","name":"Reihey Cam","url":"https:\/\/reihey.com\/","logo":{"@type":"ImageObject","inLanguage":"tr","@id":"https:\/\/reihey.com\/#\/schema\/logo\/image\/","url":"https:\/\/reihey.com\/wp-content\/uploads\/2023\/07\/Reihey-logo-2026.svg","contentUrl":"https:\/\/reihey.com\/wp-content\/uploads\/2023\/07\/Reihey-logo-2026.svg","width":1984,"height":566,"caption":"Reihey Glass"},"image":{"@id":"https:\/\/reihey.com\/#\/schema\/logo\/image\/"}}]}},"_links":{"self":[{"href":"https:\/\/reihey.com\/tr\/wp-json\/wp\/v2\/product\/4338","targetHints":{"allow":["GET"]}}],"collection":[{"href":"https:\/\/reihey.com\/tr\/wp-json\/wp\/v2\/product"}],"about":[{"href":"https:\/\/reihey.com\/tr\/wp-json\/wp\/v2\/types\/product"}],"replies":[{"embeddable":true,"href":"https:\/\/reihey.com\/tr\/wp-json\/wp\/v2\/comments?post=4338"}],"version-history":[{"count":4,"href":"https:\/\/reihey.com\/tr\/wp-json\/wp\/v2\/product\/4338\/revisions"}],"predecessor-version":[{"id":998099,"href":"https:\/\/reihey.com\/tr\/wp-json\/wp\/v2\/product\/4338\/revisions\/998099"}],"wp:featuredmedia":[{"embeddable":true,"href":"https:\/\/reihey.com\/tr\/wp-json\/wp\/v2\/media\/991557"}],"wp:attachment":[{"href":"https:\/\/reihey.com\/tr\/wp-json\/wp\/v2\/media?parent=4338"}],"wp:term":[{"taxonomy":"product_brand","embeddable":true,"href":"https:\/\/reihey.com\/tr\/wp-json\/wp\/v2\/product_brand?post=4338"},{"taxonomy":"product_cat","embeddable":true,"href":"https:\/\/reihey.com\/tr\/wp-json\/wp\/v2\/product_cat?post=4338"},{"taxonomy":"product_tag","embeddable":true,"href":"https:\/\/reihey.com\/tr\/wp-json\/wp\/v2\/product_tag?post=4338"}],"curies":[{"name":"wp","href":"https:\/\/api.w.org\/{rel}","templated":true}]}}