{"id":4286,"date":"2025-08-27T10:47:34","date_gmt":"2025-08-27T10:47:34","guid":{"rendered":"https:\/\/slot71.silverline.dev\/?post_type=product&#038;p=4286"},"modified":"2025-10-29T06:14:50","modified_gmt":"2025-10-29T06:14:50","slug":"various-models-gold-sequins-sand-decorative-hourglass-timer","status":"publish","type":"product","link":"https:\/\/reihey.com\/tr\/product\/various-models-gold-sequins-sand-decorative-hourglass-timer\/","title":{"rendered":"Cam Vazos Small and Large Size Handmade Glass Vase Dekoratif \u015eeffaf Vazolar"},"content":{"rendered":"","protected":false},"excerpt":{"rendered":"<table class=\"desk-tab\">\n<tbody>\n<tr>\n<th>Malzeme<\/th>\n<th>Size<\/th>\n<th>Kum Rengi<\/th>\n<th>Kullan\u0131m<\/th>\n<th>Ambalaj<\/th>\n<\/tr>\n<tr>\n<td>Cam<\/td>\n<td>6.5cm*16cm<\/td>\n<td>Alt\u0131n<\/td>\n<td>Zamanlama<\/td>\n<td>Standard ihracat kartonu\u2013Xpcs\/kutu, Ybox\/karton.<\/td>\n<\/tr>\n<tr>\n<td>Kum<\/td>\n<td>8cm*20cm<\/td>\n<td><\/td>\n<td><\/td>\n<td>\u00d6zel paket: logonuzla beyaz kutu, logonuzla renkli hediye kutusu<\/td>\n<\/tr>\n<tr>\n<td><\/td>\n<td>9.5cm*25cm<\/td>\n<td><\/td>\n<td><\/td>\n<td><\/td>\n<\/tr>\n<\/tbody>\n<\/table>\n<table class=\"mob-tab\">\n<tbody>\n<tr>\n<th>Malzeme<\/th>\n<td>Cam + Kum<\/td>\n<\/tr>\n<tr>\n<th>Size<\/th>\n<td>6.5cm*16cm,<br \/>\n8cm*20cm,<br \/>\n9.5cm*25cm<\/td>\n<\/tr>\n<tr>\n<th>Kum Rengi<\/th>\n<td>Alt\u0131n<\/td>\n<\/tr>\n<tr>\n<th>Kullan\u0131m<\/th>\n<td>Zamanlama<\/td>\n<\/tr>\n<tr>\n<th>Ambalaj<\/th>\n<td>Standard ihracat kartonu\u2013Xpcs\/kutu, Ybox\/karton.<br \/>\n\u00d6zel paket: logonuzla beyaz kutu, logonuzla renkli hediye kutusu<\/td>\n<\/tr>\n<\/tbody>\n<\/table>\n<p><strong>Bu \u00fcr\u00fcne dair<\/strong><br \/>\n1.Fonksiyon: Zaman y\u00f6netimi y\u00f6ntemleri form\u00fcle et. Bu, ultra verimli bir verimlilik arac\u0131d\u0131r. Bazen ak\u0131ll\u0131 telefonlardan daha verimli ve daha do\u011fald\u0131r. 2.Kendiniz kum y\u00fckleyin: \u00c7\u00f6l veya plaj gezisinden kum getirebilir ve sonra hat\u0131ra olarak bir kum saati i\u00e7ine koyabilirsiniz. kabuk: Kum saatin d\u0131\u015f\u0131 \u015feffaf, sert; daha kal\u0131n cam, daha saydam, temiz kum ve daha g\u00fczel g\u00f6r\u00fcn\u00fcm, y\u00fcksek kaliteli metal s\u00fctunlar, kusursuz birle\u015fmi\u015f vida kapaklar. E\u015fsiz yarat\u0131c\u0131 hat\u0131ralar\/ofis ev dekorasyonu hediyeleri. 3.Zaman s\u0131n\u0131r\u0131: Hayatta zamanl\u0131 bir kum saati kullanmak erteleme al\u0131\u015fkanl\u0131\u011f\u0131n\u0131 de\u011fi\u015ftirebilir ve hayat verimlili\u011fini art\u0131rabilir. \u00d6rne\u011fin, kum saati s\u00fcresi 15 dakika \u00e7ocuklar\u0131n oyun oynamas\u0131 i\u00e7in zaman olarak ayarlanabilir; 30 dakika \u00e7al\u0131\u015fma s\u00fcresi veya 60 dakika egzersiz s\u00fcresi vb.<\/p>","protected":false},"featured_media":991543,"comment_status":"closed","ping_status":"closed","template":"","meta":{"_acf_changed":false},"product_brand":[],"product_cat":[632,599],"product_tag":[],"class_list":{"0":"post-4286","1":"product","2":"type-product","3":"status-publish","4":"has-post-thumbnail","6":"product_cat-home-decor","7":"product_cat-hourglass","9":"first","10":"instock","11":"shipping-taxable","12":"product-type-simple"},"acf":[],"yoast_head":"<!-- This site is optimized with the Yoast SEO plugin v26.7 - https:\/\/yoast.com\/wordpress\/plugins\/seo\/ -->\n<title>Various models gold sequins sand decorative hourglass timer - Reihey Glass<\/title>\n<meta name=\"robots\" content=\"index, follow, max-snippet:-1, max-image-preview:large, max-video-preview:-1\" \/>\n<link rel=\"canonical\" href=\"https:\/\/reihey.com\/tr\/product\/various-models-gold-sequins-sand-decorative-hourglass-timer\/\" \/>\n<meta property=\"og:locale\" content=\"tr_TR\" \/>\n<meta property=\"og:type\" content=\"article\" \/>\n<meta property=\"og:title\" content=\"Various models gold sequins sand decorative hourglass timer - Reihey Glass\" \/>\n<meta property=\"og:description\" content=\"Material Size Sand Color Usage Packing   Glass 6.5cm*16cm Gold Timing Standard export carton--Xpcs\/box, Ybox\/carton.   Sand 8cm*20cm   Custom pack: white box with your logo, Color gift box with your logo    9.5cm*25cm          Material Glass + Sand   Size 6.5cm*16cm, 8cm*20cm, 9.5cm*25cm   Sand Color Gold   Usage Timing   Packing Standard export carton--Xpcs\/box, Ybox\/carton. Custom pack: white box with your logo, Color gift box with your logo    About this item 1.Function: Formulate time management methods. This is an ultra-efficient productivity tool. Sometimes, it is more efficient and more natural than a smartphone. 2.Load the sand yourself: You can bring back sand from a desert or beach trip, and then put it in an hourglass as a souvenir. shell: The outside of the hourglass is transparent, hard; thicker glass, more translucent, smooth sand and more beautiful appearance, high-quality metal pillars, exquisite seamless screw caps. Unique creative souvenirs\/office home decoration gifts. 3.Time limit: Using a timed hourglass in life can change the habit of procrastination and improve life efficiency. For example, 15 minutes of hourglass time can be set as the time for children to play games; 30 minutes of work time or 60 minutes of fitness exercise time, etc.\" \/>\n<meta property=\"og:url\" content=\"https:\/\/reihey.com\/tr\/product\/various-models-gold-sequins-sand-decorative-hourglass-timer\/\" \/>\n<meta property=\"og:site_name\" content=\"Reihey Glass\" \/>\n<meta property=\"article:modified_time\" content=\"2025-10-29T06:14:50+00:00\" \/>\n<meta property=\"og:image\" content=\"https:\/\/reihey.com\/wp-content\/uploads\/2025\/08\/Hourglass-1-1.png\" \/>\n\t<meta property=\"og:image:width\" content=\"750\" \/>\n\t<meta property=\"og:image:height\" content=\"750\" \/>\n\t<meta property=\"og:image:type\" content=\"image\/png\" \/>\n<meta name=\"twitter:card\" content=\"summary_large_image\" \/>\n<meta name=\"twitter:label1\" content=\"Est. reading time\" \/>\n\t<meta name=\"twitter:data1\" content=\"1 dakika\" \/>\n<script type=\"application\/ld+json\" class=\"yoast-schema-graph\">{\"@context\":\"https:\/\/schema.org\",\"@graph\":[{\"@type\":\"WebPage\",\"@id\":\"https:\/\/reihey.com\/product\/various-models-gold-sequins-sand-decorative-hourglass-timer\/\",\"url\":\"https:\/\/reihey.com\/product\/various-models-gold-sequins-sand-decorative-hourglass-timer\/\",\"name\":\"Various models gold sequins sand decorative hourglass timer - Reihey Glass\",\"isPartOf\":{\"@id\":\"https:\/\/reihey.com\/#website\"},\"primaryImageOfPage\":{\"@id\":\"https:\/\/reihey.com\/product\/various-models-gold-sequins-sand-decorative-hourglass-timer\/#primaryimage\"},\"image\":{\"@id\":\"https:\/\/reihey.com\/product\/various-models-gold-sequins-sand-decorative-hourglass-timer\/#primaryimage\"},\"thumbnailUrl\":\"https:\/\/reihey.com\/wp-content\/uploads\/2025\/08\/Hourglass-1-1.png\",\"datePublished\":\"2025-08-27T10:47:34+00:00\",\"dateModified\":\"2025-10-29T06:14:50+00:00\",\"breadcrumb\":{\"@id\":\"https:\/\/reihey.com\/product\/various-models-gold-sequins-sand-decorative-hourglass-timer\/#breadcrumb\"},\"inLanguage\":\"tr\",\"potentialAction\":[{\"@type\":\"ReadAction\",\"target\":[\"https:\/\/reihey.com\/product\/various-models-gold-sequins-sand-decorative-hourglass-timer\/\"]}]},{\"@type\":\"ImageObject\",\"inLanguage\":\"tr\",\"@id\":\"https:\/\/reihey.com\/product\/various-models-gold-sequins-sand-decorative-hourglass-timer\/#primaryimage\",\"url\":\"https:\/\/reihey.com\/wp-content\/uploads\/2025\/08\/Hourglass-1-1.png\",\"contentUrl\":\"https:\/\/reihey.com\/wp-content\/uploads\/2025\/08\/Hourglass-1-1.png\",\"width\":750,\"height\":750},{\"@type\":\"BreadcrumbList\",\"@id\":\"https:\/\/reihey.com\/product\/various-models-gold-sequins-sand-decorative-hourglass-timer\/#breadcrumb\",\"itemListElement\":[{\"@type\":\"ListItem\",\"position\":1,\"name\":\"Home\",\"item\":\"https:\/\/reihey.com\/\"},{\"@type\":\"ListItem\",\"position\":2,\"name\":\"Shop\",\"item\":\"https:\/\/reihey.com\/shop\/\"},{\"@type\":\"ListItem\",\"position\":3,\"name\":\"Various models gold sequins sand decorative hourglass timer\"}]},{\"@type\":\"WebSite\",\"@id\":\"https:\/\/reihey.com\/#website\",\"url\":\"https:\/\/reihey.com\/\",\"name\":\"Reihey Glass\",\"description\":\"\",\"publisher\":{\"@id\":\"https:\/\/reihey.com\/#organization\"},\"potentialAction\":[{\"@type\":\"SearchAction\",\"target\":{\"@type\":\"EntryPoint\",\"urlTemplate\":\"https:\/\/reihey.com\/?s={search_term_string}\"},\"query-input\":{\"@type\":\"PropertyValueSpecification\",\"valueRequired\":true,\"valueName\":\"search_term_string\"}}],\"inLanguage\":\"tr\"},{\"@type\":\"Organization\",\"@id\":\"https:\/\/reihey.com\/#organization\",\"name\":\"Reihey Glass\",\"url\":\"https:\/\/reihey.com\/\",\"logo\":{\"@type\":\"ImageObject\",\"inLanguage\":\"tr\",\"@id\":\"https:\/\/reihey.com\/#\/schema\/logo\/image\/\",\"url\":\"https:\/\/reihey.com\/wp-content\/uploads\/2023\/07\/Reihey-logo-2026.svg\",\"contentUrl\":\"https:\/\/reihey.com\/wp-content\/uploads\/2023\/07\/Reihey-logo-2026.svg\",\"width\":1984,\"height\":566,\"caption\":\"Reihey Glass\"},\"image\":{\"@id\":\"https:\/\/reihey.com\/#\/schema\/logo\/image\/\"}}]}<\/script>\n<!-- \/ Yoast SEO plugin. -->","yoast_head_json":{"title":"\u00c7e\u015fitli modeller alt\u0131n pul, kum dekoratif kum saati zamanlay\u0131c\u0131 - Reihey Cam","robots":{"index":"index","follow":"follow","max-snippet":"max-snippet:-1","max-image-preview":"max-image-preview:large","max-video-preview":"max-video-preview:-1"},"canonical":"https:\/\/reihey.com\/tr\/product\/various-models-gold-sequins-sand-decorative-hourglass-timer\/","og_locale":"tr_TR","og_type":"article","og_title":"Various models gold sequins sand decorative hourglass timer - Reihey Glass","og_description":"Material Size Sand Color Usage Packing   Glass 6.5cm*16cm Gold Timing Standard export carton--Xpcs\/box, Ybox\/carton.   Sand 8cm*20cm   Custom pack: white box with your logo, Color gift box with your logo    9.5cm*25cm          Material Glass + Sand   Size 6.5cm*16cm, 8cm*20cm, 9.5cm*25cm   Sand Color Gold   Usage Timing   Packing Standard export carton--Xpcs\/box, Ybox\/carton. Custom pack: white box with your logo, Color gift box with your logo    About this item 1.Function: Formulate time management methods. This is an ultra-efficient productivity tool. Sometimes, it is more efficient and more natural than a smartphone. 2.Load the sand yourself: You can bring back sand from a desert or beach trip, and then put it in an hourglass as a souvenir. shell: The outside of the hourglass is transparent, hard; thicker glass, more translucent, smooth sand and more beautiful appearance, high-quality metal pillars, exquisite seamless screw caps. Unique creative souvenirs\/office home decoration gifts. 3.Time limit: Using a timed hourglass in life can change the habit of procrastination and improve life efficiency. For example, 15 minutes of hourglass time can be set as the time for children to play games; 30 minutes of work time or 60 minutes of fitness exercise time, etc.","og_url":"https:\/\/reihey.com\/tr\/product\/various-models-gold-sequins-sand-decorative-hourglass-timer\/","og_site_name":"Reihey Glass","article_modified_time":"2025-10-29T06:14:50+00:00","og_image":[{"width":750,"height":750,"url":"https:\/\/reihey.com\/wp-content\/uploads\/2025\/08\/Hourglass-1-1.png","type":"image\/png"}],"twitter_card":"summary_large_image","twitter_misc":{"Est. reading time":"1 dakika"},"schema":{"@context":"https:\/\/schema.org","@graph":[{"@type":"WebPage","@id":"https:\/\/reihey.com\/product\/various-models-gold-sequins-sand-decorative-hourglass-timer\/","url":"https:\/\/reihey.com\/product\/various-models-gold-sequins-sand-decorative-hourglass-timer\/","name":"\u00c7e\u015fitli modeller alt\u0131n pul, kum dekoratif kum saati zamanlay\u0131c\u0131 - Reihey Cam","isPartOf":{"@id":"https:\/\/reihey.com\/#website"},"primaryImageOfPage":{"@id":"https:\/\/reihey.com\/product\/various-models-gold-sequins-sand-decorative-hourglass-timer\/#primaryimage"},"image":{"@id":"https:\/\/reihey.com\/product\/various-models-gold-sequins-sand-decorative-hourglass-timer\/#primaryimage"},"thumbnailUrl":"https:\/\/reihey.com\/wp-content\/uploads\/2025\/08\/Hourglass-1-1.png","datePublished":"2025-08-27T10:47:34+00:00","dateModified":"2025-10-29T06:14:50+00:00","breadcrumb":{"@id":"https:\/\/reihey.com\/product\/various-models-gold-sequins-sand-decorative-hourglass-timer\/#breadcrumb"},"inLanguage":"tr","potentialAction":[{"@type":"ReadAction","target":["https:\/\/reihey.com\/product\/various-models-gold-sequins-sand-decorative-hourglass-timer\/"]}]},{"@type":"ImageObject","inLanguage":"tr","@id":"https:\/\/reihey.com\/product\/various-models-gold-sequins-sand-decorative-hourglass-timer\/#primaryimage","url":"https:\/\/reihey.com\/wp-content\/uploads\/2025\/08\/Hourglass-1-1.png","contentUrl":"https:\/\/reihey.com\/wp-content\/uploads\/2025\/08\/Hourglass-1-1.png","width":750,"height":750},{"@type":"BreadcrumbList","@id":"https:\/\/reihey.com\/product\/various-models-gold-sequins-sand-decorative-hourglass-timer\/#breadcrumb","itemListElement":[{"@type":"ListItem","position":1,"name":"Home","item":"https:\/\/reihey.com\/"},{"@type":"ListItem","position":2,"name":"Shop","item":"https:\/\/reihey.com\/shop\/"},{"@type":"ListItem","position":3,"name":"Various models gold sequins sand decorative hourglass timer"}]},{"@type":"WebSite","@id":"https:\/\/reihey.com\/#website","url":"https:\/\/reihey.com\/","name":"Reihey Cam","description":"","publisher":{"@id":"https:\/\/reihey.com\/#organization"},"potentialAction":[{"@type":"SearchAction","target":{"@type":"EntryPoint","urlTemplate":"https:\/\/reihey.com\/?s={search_term_string}"},"query-input":{"@type":"PropertyValueSpecification","valueRequired":true,"valueName":"search_term_string"}}],"inLanguage":"tr"},{"@type":"Organization","@id":"https:\/\/reihey.com\/#organization","name":"Reihey Cam","url":"https:\/\/reihey.com\/","logo":{"@type":"ImageObject","inLanguage":"tr","@id":"https:\/\/reihey.com\/#\/schema\/logo\/image\/","url":"https:\/\/reihey.com\/wp-content\/uploads\/2023\/07\/Reihey-logo-2026.svg","contentUrl":"https:\/\/reihey.com\/wp-content\/uploads\/2023\/07\/Reihey-logo-2026.svg","width":1984,"height":566,"caption":"Reihey Glass"},"image":{"@id":"https:\/\/reihey.com\/#\/schema\/logo\/image\/"}}]}},"_links":{"self":[{"href":"https:\/\/reihey.com\/tr\/wp-json\/wp\/v2\/product\/4286","targetHints":{"allow":["GET"]}}],"collection":[{"href":"https:\/\/reihey.com\/tr\/wp-json\/wp\/v2\/product"}],"about":[{"href":"https:\/\/reihey.com\/tr\/wp-json\/wp\/v2\/types\/product"}],"replies":[{"embeddable":true,"href":"https:\/\/reihey.com\/tr\/wp-json\/wp\/v2\/comments?post=4286"}],"version-history":[{"count":4,"href":"https:\/\/reihey.com\/tr\/wp-json\/wp\/v2\/product\/4286\/revisions"}],"predecessor-version":[{"id":998166,"href":"https:\/\/reihey.com\/tr\/wp-json\/wp\/v2\/product\/4286\/revisions\/998166"}],"wp:featuredmedia":[{"embeddable":true,"href":"https:\/\/reihey.com\/tr\/wp-json\/wp\/v2\/media\/991543"}],"wp:attachment":[{"href":"https:\/\/reihey.com\/tr\/wp-json\/wp\/v2\/media?parent=4286"}],"wp:term":[{"taxonomy":"product_brand","embeddable":true,"href":"https:\/\/reihey.com\/tr\/wp-json\/wp\/v2\/product_brand?post=4286"},{"taxonomy":"product_cat","embeddable":true,"href":"https:\/\/reihey.com\/tr\/wp-json\/wp\/v2\/product_cat?post=4286"},{"taxonomy":"product_tag","embeddable":true,"href":"https:\/\/reihey.com\/tr\/wp-json\/wp\/v2\/product_tag?post=4286"}],"curies":[{"name":"wp","href":"https:\/\/api.w.org\/{rel}","templated":true}]}}