{"id":4256,"date":"2025-08-27T10:47:27","date_gmt":"2025-08-27T10:47:27","guid":{"rendered":"https:\/\/slot71.silverline.dev\/?post_type=product&#038;p=4256"},"modified":"2025-10-29T06:14:50","modified_gmt":"2025-10-29T06:14:50","slug":"square-flower-vase-square-glass-cube-vase-fish-tank-clear-glass-vases","status":"publish","type":"product","link":"https:\/\/reihey.com\/tr\/product\/square-flower-vase-square-glass-cube-vase-fish-tank-clear-glass-vases\/","title":{"rendered":"Kare \u00c7i\u00e7ek Vazosu Kare Cam K\u00fcp Vazosu Akvaryum \u015eeffaf Cam Vazolar"},"content":{"rendered":"","protected":false},"excerpt":{"rendered":"<table class=\"desk-tab\">\n<tbody>\n<tr>\n<th>Malzeme<\/th>\n<th>Size<\/th>\n<th>Kapasiteli<\/th>\n<th>Renk<\/th>\n<th>Kullan\u0131m<\/th>\n<th>Ambalaj<\/th>\n<\/tr>\n<tr>\n<td>Cam<\/td>\n<td>6*6<\/td>\n<td>100ml \u2013<\/td>\n<td>\u015eeffaf<\/td>\n<td>Dekoratif<\/td>\n<td>Standard ihracat kartonu\u2013Xpcs\/kutu, Ybox\/karton.<\/td>\n<\/tr>\n<tr>\n<td><\/td>\n<td>8*8<\/td>\n<td>800ml<\/td>\n<td><\/td>\n<td><\/td>\n<td>\u00d6zel paket: logonuzla beyaz kutu, logonuzla renkli hediye kutusu<\/td>\n<\/tr>\n<tr>\n<td><\/td>\n<td>10*10<\/td>\n<td><\/td>\n<td><\/td>\n<td><\/td>\n<td><\/td>\n<\/tr>\n<tr>\n<td><\/td>\n<td>15*15<\/td>\n<td><\/td>\n<td><\/td>\n<td><\/td>\n<td><\/td>\n<\/tr>\n<tr>\n<td><\/td>\n<td>20*20<\/td>\n<td><\/td>\n<td><\/td>\n<td><\/td>\n<td><\/td>\n<\/tr>\n<\/tbody>\n<\/table>\n<table class=\"mob-tab\">\n<tbody>\n<tr>\n<th>Malzeme<\/th>\n<td>Cam<\/td>\n<\/tr>\n<tr>\n<th>Kapasiteli<\/th>\n<td>6*6<br \/>\n8*8<br \/>\n10*10<br \/>\n15*15<br \/>\n20*20<\/td>\n<\/tr>\n<tr>\n<th>Kapasiteli<\/th>\n<td>100ml-800ml<\/td>\n<\/tr>\n<tr>\n<th>Renk<\/th>\n<td>\u015eeffaf<\/td>\n<\/tr>\n<tr>\n<th>Kullan\u0131m<\/th>\n<td>Dekoratif<\/td>\n<\/tr>\n<tr>\n<th>Ambalaj<\/th>\n<td>Standard ihracat kartonu\u2013Xpcs\/kutu, Ybox\/karton.<br \/>\n\u00d6zel paket: logonuzla beyaz kutu, logonuzla renkli hediye kutusu<\/td>\n<\/tr>\n<\/tbody>\n<\/table>\n<p>PREMIUM MALZEME: Bu vaz\u0131 temiz, kal\u0131n camdan yap\u0131lm\u0131\u015ft\u0131r. \u015ei\u015fe d\u00fczg\u00fcn hatlara ve ince i\u015f\u00e7ili\u011fe sahiptir. \u015ei\u015fenin alt\u0131 kal\u0131n ve sa\u011flamd\u0131r, devrilmeyi \u00f6nler. \u00d6ZEL TASARIM: Bu \u015feffaf vazoda yeni bir g\u00f6r\u00fcn\u00fcm vard\u0131r ve \u00e7e\u015fitli dallar, kurutulmu\u015f \u00e7i\u00e7ekler, pampas otu ve hidroponik vaz\u0131 olarak da kullan\u0131labilir; evde dekor olarak m\u00fckemmeldir. GEN\u0130\u015e KULLANIM: Bu temiz cam vaz\u0131 yaln\u0131zca ev dekorasyonu i\u00e7in de\u011fil, d\u00fc\u011f\u00fcnler,Partiler, Noel, \u015e\u00fckran G\u00fcn\u00fc i\u00e7in de kullan\u0131labilir ve arkada\u015flara, aileye, sevenlere hediye olarak verilebilir.<\/p>","protected":false},"featured_media":991539,"comment_status":"closed","ping_status":"closed","template":"","meta":{"_acf_changed":false},"product_brand":[],"product_cat":[632,600],"product_tag":[],"class_list":{"0":"post-4256","1":"product","2":"type-product","3":"status-publish","4":"has-post-thumbnail","6":"product_cat-home-decor","7":"product_cat-vase","9":"first","10":"instock","11":"shipping-taxable","12":"product-type-simple"},"acf":[],"yoast_head":"<!-- This site is optimized with the Yoast SEO plugin v26.7 - https:\/\/yoast.com\/wordpress\/plugins\/seo\/ -->\n<title>Square Flower Vase Square Glass Cube Vase Fish Tank Clear Glass Vases - Reihey Glass<\/title>\n<meta name=\"robots\" content=\"index, follow, max-snippet:-1, max-image-preview:large, max-video-preview:-1\" \/>\n<link rel=\"canonical\" href=\"https:\/\/reihey.com\/tr\/product\/square-flower-vase-square-glass-cube-vase-fish-tank-clear-glass-vases\/\" \/>\n<meta property=\"og:locale\" content=\"tr_TR\" \/>\n<meta property=\"og:type\" content=\"article\" \/>\n<meta property=\"og:title\" content=\"Square Flower Vase Square Glass Cube Vase Fish Tank Clear Glass Vases - Reihey Glass\" \/>\n<meta property=\"og:description\" content=\"Material Size Capacity Color Usage Packing   Glass 6*6 100ml - Transparent Decorate Standard export carton--Xpcs\/box, Ybox\/carton.    8*8 800ml   Custom pack: white box with your logo, Color gift box with your logo    10*10        15*15        20*20           Material Glass   Capacity 6*6 8*8 10*10 15*15 20*20   Capacity 100ml-800ml   Color Transparent   Usage Decorate   Packing Standard export carton--Xpcs\/box, Ybox\/carton. Custom pack: white box with your logo, Color gift box with your logo    PREMIUM MATERIAL: This vase is made of clear thick glass. The bottle has smooth lines and fine craftsmanship. The bottom of the bottle is thick and sturdy to prevent tipping. UNIQUE DESIGN: This transparent vase has a new look and can be inserted into various branches, dried flowers, pampas grass, and can also be used as a hydroponic vase, perfect as a decoration at home. WIDE USE: This clear glass vase can not only be used as home decoration, but also can be used for weddings, parties, Christmas, Thanksgiving, and can be used as gifts for friends, family, lovers.\" \/>\n<meta property=\"og:url\" content=\"https:\/\/reihey.com\/tr\/product\/square-flower-vase-square-glass-cube-vase-fish-tank-clear-glass-vases\/\" \/>\n<meta property=\"og:site_name\" content=\"Reihey Glass\" \/>\n<meta property=\"article:modified_time\" content=\"2025-10-29T06:14:50+00:00\" \/>\n<meta property=\"og:image\" content=\"https:\/\/reihey.com\/wp-content\/uploads\/2025\/08\/Vase-1-4.png\" \/>\n\t<meta property=\"og:image:width\" content=\"800\" \/>\n\t<meta property=\"og:image:height\" content=\"800\" \/>\n\t<meta property=\"og:image:type\" content=\"image\/png\" \/>\n<meta name=\"twitter:card\" content=\"summary_large_image\" \/>\n<meta name=\"twitter:label1\" content=\"Est. reading time\" \/>\n\t<meta name=\"twitter:data1\" content=\"1 dakika\" \/>\n<script type=\"application\/ld+json\" class=\"yoast-schema-graph\">{\"@context\":\"https:\/\/schema.org\",\"@graph\":[{\"@type\":\"WebPage\",\"@id\":\"https:\/\/reihey.com\/product\/square-flower-vase-square-glass-cube-vase-fish-tank-clear-glass-vases\/\",\"url\":\"https:\/\/reihey.com\/product\/square-flower-vase-square-glass-cube-vase-fish-tank-clear-glass-vases\/\",\"name\":\"Square Flower Vase Square Glass Cube Vase Fish Tank Clear Glass Vases - Reihey Glass\",\"isPartOf\":{\"@id\":\"https:\/\/reihey.com\/#website\"},\"primaryImageOfPage\":{\"@id\":\"https:\/\/reihey.com\/product\/square-flower-vase-square-glass-cube-vase-fish-tank-clear-glass-vases\/#primaryimage\"},\"image\":{\"@id\":\"https:\/\/reihey.com\/product\/square-flower-vase-square-glass-cube-vase-fish-tank-clear-glass-vases\/#primaryimage\"},\"thumbnailUrl\":\"https:\/\/reihey.com\/wp-content\/uploads\/2025\/08\/Vase-1-4.png\",\"datePublished\":\"2025-08-27T10:47:27+00:00\",\"dateModified\":\"2025-10-29T06:14:50+00:00\",\"breadcrumb\":{\"@id\":\"https:\/\/reihey.com\/product\/square-flower-vase-square-glass-cube-vase-fish-tank-clear-glass-vases\/#breadcrumb\"},\"inLanguage\":\"tr\",\"potentialAction\":[{\"@type\":\"ReadAction\",\"target\":[\"https:\/\/reihey.com\/product\/square-flower-vase-square-glass-cube-vase-fish-tank-clear-glass-vases\/\"]}]},{\"@type\":\"ImageObject\",\"inLanguage\":\"tr\",\"@id\":\"https:\/\/reihey.com\/product\/square-flower-vase-square-glass-cube-vase-fish-tank-clear-glass-vases\/#primaryimage\",\"url\":\"https:\/\/reihey.com\/wp-content\/uploads\/2025\/08\/Vase-1-4.png\",\"contentUrl\":\"https:\/\/reihey.com\/wp-content\/uploads\/2025\/08\/Vase-1-4.png\",\"width\":800,\"height\":800},{\"@type\":\"BreadcrumbList\",\"@id\":\"https:\/\/reihey.com\/product\/square-flower-vase-square-glass-cube-vase-fish-tank-clear-glass-vases\/#breadcrumb\",\"itemListElement\":[{\"@type\":\"ListItem\",\"position\":1,\"name\":\"Home\",\"item\":\"https:\/\/reihey.com\/\"},{\"@type\":\"ListItem\",\"position\":2,\"name\":\"Shop\",\"item\":\"https:\/\/reihey.com\/shop\/\"},{\"@type\":\"ListItem\",\"position\":3,\"name\":\"Square Flower Vase Square Glass Cube Vase Fish Tank Clear Glass Vases\"}]},{\"@type\":\"WebSite\",\"@id\":\"https:\/\/reihey.com\/#website\",\"url\":\"https:\/\/reihey.com\/\",\"name\":\"Reihey Glass\",\"description\":\"\",\"publisher\":{\"@id\":\"https:\/\/reihey.com\/#organization\"},\"potentialAction\":[{\"@type\":\"SearchAction\",\"target\":{\"@type\":\"EntryPoint\",\"urlTemplate\":\"https:\/\/reihey.com\/?s={search_term_string}\"},\"query-input\":{\"@type\":\"PropertyValueSpecification\",\"valueRequired\":true,\"valueName\":\"search_term_string\"}}],\"inLanguage\":\"tr\"},{\"@type\":\"Organization\",\"@id\":\"https:\/\/reihey.com\/#organization\",\"name\":\"Reihey Glass\",\"url\":\"https:\/\/reihey.com\/\",\"logo\":{\"@type\":\"ImageObject\",\"inLanguage\":\"tr\",\"@id\":\"https:\/\/reihey.com\/#\/schema\/logo\/image\/\",\"url\":\"https:\/\/reihey.com\/wp-content\/uploads\/2023\/07\/Reihey-logo-2026.svg\",\"contentUrl\":\"https:\/\/reihey.com\/wp-content\/uploads\/2023\/07\/Reihey-logo-2026.svg\",\"width\":1984,\"height\":566,\"caption\":\"Reihey Glass\"},\"image\":{\"@id\":\"https:\/\/reihey.com\/#\/schema\/logo\/image\/\"}}]}<\/script>\n<!-- \/ Yoast SEO plugin. -->","yoast_head_json":{"title":"Kare \u00c7i\u00e7ek Vazosu Kare Cam K\u00fcp Vazosu Akvaryum \u015eeffaf Cam Vazolar - Reihey Glass","robots":{"index":"index","follow":"follow","max-snippet":"max-snippet:-1","max-image-preview":"max-image-preview:large","max-video-preview":"max-video-preview:-1"},"canonical":"https:\/\/reihey.com\/tr\/product\/square-flower-vase-square-glass-cube-vase-fish-tank-clear-glass-vases\/","og_locale":"tr_TR","og_type":"article","og_title":"Square Flower Vase Square Glass Cube Vase Fish Tank Clear Glass Vases - Reihey Glass","og_description":"Material Size Capacity Color Usage Packing   Glass 6*6 100ml - Transparent Decorate Standard export carton--Xpcs\/box, Ybox\/carton.    8*8 800ml   Custom pack: white box with your logo, Color gift box with your logo    10*10        15*15        20*20           Material Glass   Capacity 6*6 8*8 10*10 15*15 20*20   Capacity 100ml-800ml   Color Transparent   Usage Decorate   Packing Standard export carton--Xpcs\/box, Ybox\/carton. Custom pack: white box with your logo, Color gift box with your logo    PREMIUM MATERIAL: This vase is made of clear thick glass. The bottle has smooth lines and fine craftsmanship. The bottom of the bottle is thick and sturdy to prevent tipping. UNIQUE DESIGN: This transparent vase has a new look and can be inserted into various branches, dried flowers, pampas grass, and can also be used as a hydroponic vase, perfect as a decoration at home. WIDE USE: This clear glass vase can not only be used as home decoration, but also can be used for weddings, parties, Christmas, Thanksgiving, and can be used as gifts for friends, family, lovers.","og_url":"https:\/\/reihey.com\/tr\/product\/square-flower-vase-square-glass-cube-vase-fish-tank-clear-glass-vases\/","og_site_name":"Reihey Glass","article_modified_time":"2025-10-29T06:14:50+00:00","og_image":[{"width":800,"height":800,"url":"https:\/\/reihey.com\/wp-content\/uploads\/2025\/08\/Vase-1-4.png","type":"image\/png"}],"twitter_card":"summary_large_image","twitter_misc":{"Est. reading time":"1 dakika"},"schema":{"@context":"https:\/\/schema.org","@graph":[{"@type":"WebPage","@id":"https:\/\/reihey.com\/product\/square-flower-vase-square-glass-cube-vase-fish-tank-clear-glass-vases\/","url":"https:\/\/reihey.com\/product\/square-flower-vase-square-glass-cube-vase-fish-tank-clear-glass-vases\/","name":"Kare \u00c7i\u00e7ek Vazosu Kare Cam K\u00fcp Vazosu Akvaryum \u015eeffaf Cam Vazolar - Reihey Glass","isPartOf":{"@id":"https:\/\/reihey.com\/#website"},"primaryImageOfPage":{"@id":"https:\/\/reihey.com\/product\/square-flower-vase-square-glass-cube-vase-fish-tank-clear-glass-vases\/#primaryimage"},"image":{"@id":"https:\/\/reihey.com\/product\/square-flower-vase-square-glass-cube-vase-fish-tank-clear-glass-vases\/#primaryimage"},"thumbnailUrl":"https:\/\/reihey.com\/wp-content\/uploads\/2025\/08\/Vase-1-4.png","datePublished":"2025-08-27T10:47:27+00:00","dateModified":"2025-10-29T06:14:50+00:00","breadcrumb":{"@id":"https:\/\/reihey.com\/product\/square-flower-vase-square-glass-cube-vase-fish-tank-clear-glass-vases\/#breadcrumb"},"inLanguage":"tr","potentialAction":[{"@type":"ReadAction","target":["https:\/\/reihey.com\/product\/square-flower-vase-square-glass-cube-vase-fish-tank-clear-glass-vases\/"]}]},{"@type":"ImageObject","inLanguage":"tr","@id":"https:\/\/reihey.com\/product\/square-flower-vase-square-glass-cube-vase-fish-tank-clear-glass-vases\/#primaryimage","url":"https:\/\/reihey.com\/wp-content\/uploads\/2025\/08\/Vase-1-4.png","contentUrl":"https:\/\/reihey.com\/wp-content\/uploads\/2025\/08\/Vase-1-4.png","width":800,"height":800},{"@type":"BreadcrumbList","@id":"https:\/\/reihey.com\/product\/square-flower-vase-square-glass-cube-vase-fish-tank-clear-glass-vases\/#breadcrumb","itemListElement":[{"@type":"ListItem","position":1,"name":"Home","item":"https:\/\/reihey.com\/"},{"@type":"ListItem","position":2,"name":"Shop","item":"https:\/\/reihey.com\/shop\/"},{"@type":"ListItem","position":3,"name":"Square Flower Vase Square Glass Cube Vase Fish Tank Clear Glass Vases"}]},{"@type":"WebSite","@id":"https:\/\/reihey.com\/#website","url":"https:\/\/reihey.com\/","name":"Reihey Cam","description":"","publisher":{"@id":"https:\/\/reihey.com\/#organization"},"potentialAction":[{"@type":"SearchAction","target":{"@type":"EntryPoint","urlTemplate":"https:\/\/reihey.com\/?s={search_term_string}"},"query-input":{"@type":"PropertyValueSpecification","valueRequired":true,"valueName":"search_term_string"}}],"inLanguage":"tr"},{"@type":"Organization","@id":"https:\/\/reihey.com\/#organization","name":"Reihey Cam","url":"https:\/\/reihey.com\/","logo":{"@type":"ImageObject","inLanguage":"tr","@id":"https:\/\/reihey.com\/#\/schema\/logo\/image\/","url":"https:\/\/reihey.com\/wp-content\/uploads\/2023\/07\/Reihey-logo-2026.svg","contentUrl":"https:\/\/reihey.com\/wp-content\/uploads\/2023\/07\/Reihey-logo-2026.svg","width":1984,"height":566,"caption":"Reihey Glass"},"image":{"@id":"https:\/\/reihey.com\/#\/schema\/logo\/image\/"}}]}},"_links":{"self":[{"href":"https:\/\/reihey.com\/tr\/wp-json\/wp\/v2\/product\/4256","targetHints":{"allow":["GET"]}}],"collection":[{"href":"https:\/\/reihey.com\/tr\/wp-json\/wp\/v2\/product"}],"about":[{"href":"https:\/\/reihey.com\/tr\/wp-json\/wp\/v2\/types\/product"}],"replies":[{"embeddable":true,"href":"https:\/\/reihey.com\/tr\/wp-json\/wp\/v2\/comments?post=4256"}],"version-history":[{"count":8,"href":"https:\/\/reihey.com\/tr\/wp-json\/wp\/v2\/product\/4256\/revisions"}],"predecessor-version":[{"id":998164,"href":"https:\/\/reihey.com\/tr\/wp-json\/wp\/v2\/product\/4256\/revisions\/998164"}],"wp:featuredmedia":[{"embeddable":true,"href":"https:\/\/reihey.com\/tr\/wp-json\/wp\/v2\/media\/991539"}],"wp:attachment":[{"href":"https:\/\/reihey.com\/tr\/wp-json\/wp\/v2\/media?parent=4256"}],"wp:term":[{"taxonomy":"product_brand","embeddable":true,"href":"https:\/\/reihey.com\/tr\/wp-json\/wp\/v2\/product_brand?post=4256"},{"taxonomy":"product_cat","embeddable":true,"href":"https:\/\/reihey.com\/tr\/wp-json\/wp\/v2\/product_cat?post=4256"},{"taxonomy":"product_tag","embeddable":true,"href":"https:\/\/reihey.com\/tr\/wp-json\/wp\/v2\/product_tag?post=4256"}],"curies":[{"name":"wp","href":"https:\/\/api.w.org\/{rel}","templated":true}]}}