{"id":4057,"date":"2025-08-27T10:45:12","date_gmt":"2025-08-27T10:45:12","guid":{"rendered":"https:\/\/slot71.silverline.dev\/?post_type=product&#038;p=4057"},"modified":"2025-10-29T06:14:26","modified_gmt":"2025-10-29T06:14:26","slug":"7oz-wine-tasting-glasses","status":"publish","type":"product","link":"https:\/\/reihey.com\/tr\/product\/7oz-wine-tasting-glasses\/","title":{"rendered":"7oz \u015earap Tad\u0131m Bardaklar\u0131"},"content":{"rendered":"","protected":false},"excerpt":{"rendered":"<table class=\"desk-tab\">\n<tbody>\n<tr>\n<th>\u0130sim<\/th>\n<th>Malzeme<\/th>\n<th>Kapasiteli<\/th>\n<th>Renk<\/th>\n<th>Size<\/th>\n<th>Kullan\u0131m<\/th>\n<th>Ambalaj<\/th>\n<\/tr>\n<tr>\n<td>\u015earap Bardaklar\u0131<\/td>\n<td>Cam<\/td>\n<td>7oz<\/td>\n<td>\u015eeffaf<\/td>\n<td>100*65mm<\/td>\n<td>\u015earap<\/td>\n<td>1. Standart ihracat kutusu\u2013Xadetler\/kutu, Ykutusu\/kutu.<\/td>\n<\/tr>\n<tr>\n<td><\/td>\n<td><\/td>\n<td><\/td>\n<td><\/td>\n<td><\/td>\n<td><\/td>\n<td>2. \u00d6zel paket: logonuzla beyaz kutu. Logonuzla renkli hediye kutusu<\/td>\n<\/tr>\n<\/tbody>\n<\/table>\n<table class=\"mob-tab\">\n<tbody>\n<tr>\n<th>\u0130sim<\/th>\n<td>\u015earap Bardaklar\u0131<\/td>\n<\/tr>\n<tr>\n<th>Malzeme<\/th>\n<td>Cam<\/td>\n<\/tr>\n<tr>\n<th>Kapasiteli<\/th>\n<td>7oz<\/td>\n<\/tr>\n<tr>\n<th>Renk<\/th>\n<td>\u015eeffaf<\/td>\n<\/tr>\n<tr>\n<th>Size<\/th>\n<td>100*65mm<\/td>\n<\/tr>\n<tr>\n<th>Kullan\u0131m<\/th>\n<td>\u015earap<\/td>\n<\/tr>\n<tr>\n<th>Ambalaj<\/th>\n<td>\n        1. Standart ihracat kutusu\u2013Xadetler\/kutu, Ykutusu\/kutu.<br \/>\n        2. \u00d6zel paket: logonuzla beyaz kutu. Logonuzla renkli hediye kutusu\n      <\/td>\n<\/tr>\n<\/tbody>\n<\/table>\n<p>Y\u00fcksek saydam camdan yap\u0131lm\u0131\u015f bu temiz \u015farap bardaklar\u0131 \u015farab\u0131n rengini daha iyi g\u00f6sterebilir. Bardak a\u011fz\u0131 d\u00fczg\u00fcnd\u00fcr.<\/p>\n<p>Diki\u015fsiz tasar\u0131m k\u0131r\u0131lma riskini azalt\u0131r. Kat\u0131 taban deste\u011fi devrilmeyi \u00f6nler.<\/p>\n<p>Basit tasar\u0131m\u0131 ve zarif kalitesiyle bu \u015farap barda\u011f\u0131 seti parti, aile yeme\u011fi, y\u0131ld\u00f6n\u00fcm\u00fc veya herhangi \u00f6zel g\u00fcnler i\u00e7in olduk\u00e7a uygundur.<\/p>\n<p>Bu \u015farap bardaklar\u0131 g\u00fcnl\u00fck kullan\u0131m i\u00e7in yeterince dayan\u0131kl\u0131d\u0131r. T\u00fcm \u015farap bardaklar\u0131 bula\u015f\u0131k makinesinde y\u0131kanabilir, b\u00f6ylece y\u0131kama h\u0131zl\u0131 ve kolay olur.<\/p>","protected":false},"featured_media":991446,"comment_status":"closed","ping_status":"closed","template":"","meta":{"_acf_changed":false},"product_brand":[],"product_cat":[637,607],"product_tag":[],"class_list":{"0":"post-4057","1":"product","2":"type-product","3":"status-publish","4":"has-post-thumbnail","6":"product_cat-drinking-glasses","7":"product_cat-glass-wine-cup-manufacturer","9":"first","10":"instock","11":"shipping-taxable","12":"product-type-simple"},"acf":[],"yoast_head":"<!-- This site is optimized with the Yoast SEO plugin v26.7 - https:\/\/yoast.com\/wordpress\/plugins\/seo\/ -->\n<title>7oz Wine Tasting Glasses - Reihey Glass<\/title>\n<meta name=\"robots\" content=\"index, follow, max-snippet:-1, max-image-preview:large, max-video-preview:-1\" \/>\n<link rel=\"canonical\" href=\"https:\/\/reihey.com\/tr\/product\/7oz-wine-tasting-glasses\/\" \/>\n<meta property=\"og:locale\" content=\"tr_TR\" \/>\n<meta property=\"og:type\" content=\"article\" \/>\n<meta property=\"og:title\" content=\"7oz Wine Tasting Glasses - Reihey Glass\" \/>\n<meta property=\"og:description\" content=\"Name    Material    Capacity    Color    Size    Usage    Packing          Wine Glasses    Glass    7oz    Transparent    100*65mm    Wine    1. Standard export carton--Xpcs\/box, Ybox\/carton.                                  2. Custom pack: white box with your LOGO. Color gift box with your logo                 Name    Wine Glasses          Material    Glass          Capacity    7oz          Color    Transparent          Size    100*65mm          Usage    Wine          Packing         1. Standard export carton--Xpcs\/box, Ybox\/carton.     2. Custom pack: white box with your LOGO. Color gift box with your logo             Made of high transparency glass, these clear wine glasses can display the color of the wine better. The mouth of the cup is smooth.  Seamless design reduces the risk of breakage. The solid base provides support to prevent overturning.  With its simple design and exquisite quality, this wine glasses set is quite suitable for party, family dinner, anniversary or any special occasions.  These wine glasses are durable enough for daily use. All wine glasses are dishwasher safe to make your washing-up quick and easy.\" \/>\n<meta property=\"og:url\" content=\"https:\/\/reihey.com\/tr\/product\/7oz-wine-tasting-glasses\/\" \/>\n<meta property=\"og:site_name\" content=\"Reihey Glass\" \/>\n<meta property=\"article:modified_time\" content=\"2025-10-29T06:14:26+00:00\" \/>\n<meta property=\"og:image\" content=\"https:\/\/reihey.com\/wp-content\/uploads\/2025\/08\/1-41-1.jpg\" \/>\n\t<meta property=\"og:image:width\" content=\"800\" \/>\n\t<meta property=\"og:image:height\" content=\"800\" \/>\n\t<meta property=\"og:image:type\" content=\"image\/jpeg\" \/>\n<meta name=\"twitter:card\" content=\"summary_large_image\" \/>\n<meta name=\"twitter:label1\" content=\"Est. reading time\" \/>\n\t<meta name=\"twitter:data1\" content=\"1 dakika\" \/>\n<script type=\"application\/ld+json\" class=\"yoast-schema-graph\">{\"@context\":\"https:\/\/schema.org\",\"@graph\":[{\"@type\":\"WebPage\",\"@id\":\"https:\/\/reihey.com\/product\/7oz-wine-tasting-glasses\/\",\"url\":\"https:\/\/reihey.com\/product\/7oz-wine-tasting-glasses\/\",\"name\":\"7oz Wine Tasting Glasses - Reihey Glass\",\"isPartOf\":{\"@id\":\"https:\/\/reihey.com\/#website\"},\"primaryImageOfPage\":{\"@id\":\"https:\/\/reihey.com\/product\/7oz-wine-tasting-glasses\/#primaryimage\"},\"image\":{\"@id\":\"https:\/\/reihey.com\/product\/7oz-wine-tasting-glasses\/#primaryimage\"},\"thumbnailUrl\":\"https:\/\/reihey.com\/wp-content\/uploads\/2025\/08\/1-41-1.jpg\",\"datePublished\":\"2025-08-27T10:45:12+00:00\",\"dateModified\":\"2025-10-29T06:14:26+00:00\",\"breadcrumb\":{\"@id\":\"https:\/\/reihey.com\/product\/7oz-wine-tasting-glasses\/#breadcrumb\"},\"inLanguage\":\"tr\",\"potentialAction\":[{\"@type\":\"ReadAction\",\"target\":[\"https:\/\/reihey.com\/product\/7oz-wine-tasting-glasses\/\"]}]},{\"@type\":\"ImageObject\",\"inLanguage\":\"tr\",\"@id\":\"https:\/\/reihey.com\/product\/7oz-wine-tasting-glasses\/#primaryimage\",\"url\":\"https:\/\/reihey.com\/wp-content\/uploads\/2025\/08\/1-41-1.jpg\",\"contentUrl\":\"https:\/\/reihey.com\/wp-content\/uploads\/2025\/08\/1-41-1.jpg\",\"width\":800,\"height\":800},{\"@type\":\"BreadcrumbList\",\"@id\":\"https:\/\/reihey.com\/product\/7oz-wine-tasting-glasses\/#breadcrumb\",\"itemListElement\":[{\"@type\":\"ListItem\",\"position\":1,\"name\":\"Home\",\"item\":\"https:\/\/reihey.com\/\"},{\"@type\":\"ListItem\",\"position\":2,\"name\":\"Shop\",\"item\":\"https:\/\/reihey.com\/shop\/\"},{\"@type\":\"ListItem\",\"position\":3,\"name\":\"7oz Wine Tasting Glasses\"}]},{\"@type\":\"WebSite\",\"@id\":\"https:\/\/reihey.com\/#website\",\"url\":\"https:\/\/reihey.com\/\",\"name\":\"Reihey Glass\",\"description\":\"\",\"publisher\":{\"@id\":\"https:\/\/reihey.com\/#organization\"},\"potentialAction\":[{\"@type\":\"SearchAction\",\"target\":{\"@type\":\"EntryPoint\",\"urlTemplate\":\"https:\/\/reihey.com\/?s={search_term_string}\"},\"query-input\":{\"@type\":\"PropertyValueSpecification\",\"valueRequired\":true,\"valueName\":\"search_term_string\"}}],\"inLanguage\":\"tr\"},{\"@type\":\"Organization\",\"@id\":\"https:\/\/reihey.com\/#organization\",\"name\":\"Reihey Glass\",\"url\":\"https:\/\/reihey.com\/\",\"logo\":{\"@type\":\"ImageObject\",\"inLanguage\":\"tr\",\"@id\":\"https:\/\/reihey.com\/#\/schema\/logo\/image\/\",\"url\":\"https:\/\/reihey.com\/wp-content\/uploads\/2023\/07\/Reihey-logo-2026.svg\",\"contentUrl\":\"https:\/\/reihey.com\/wp-content\/uploads\/2023\/07\/Reihey-logo-2026.svg\",\"width\":1984,\"height\":566,\"caption\":\"Reihey Glass\"},\"image\":{\"@id\":\"https:\/\/reihey.com\/#\/schema\/logo\/image\/\"}}]}<\/script>\n<!-- \/ Yoast SEO plugin. -->","yoast_head_json":{"title":"7oz \u015earap Tad\u0131m Bardaklar\u0131 - Reihey Glass","robots":{"index":"index","follow":"follow","max-snippet":"max-snippet:-1","max-image-preview":"max-image-preview:large","max-video-preview":"max-video-preview:-1"},"canonical":"https:\/\/reihey.com\/tr\/product\/7oz-wine-tasting-glasses\/","og_locale":"tr_TR","og_type":"article","og_title":"7oz Wine Tasting Glasses - Reihey Glass","og_description":"Name    Material    Capacity    Color    Size    Usage    Packing          Wine Glasses    Glass    7oz    Transparent    100*65mm    Wine    1. Standard export carton--Xpcs\/box, Ybox\/carton.                                  2. Custom pack: white box with your LOGO. Color gift box with your logo                 Name    Wine Glasses          Material    Glass          Capacity    7oz          Color    Transparent          Size    100*65mm          Usage    Wine          Packing         1. Standard export carton--Xpcs\/box, Ybox\/carton.     2. Custom pack: white box with your LOGO. Color gift box with your logo             Made of high transparency glass, these clear wine glasses can display the color of the wine better. The mouth of the cup is smooth.  Seamless design reduces the risk of breakage. The solid base provides support to prevent overturning.  With its simple design and exquisite quality, this wine glasses set is quite suitable for party, family dinner, anniversary or any special occasions.  These wine glasses are durable enough for daily use. All wine glasses are dishwasher safe to make your washing-up quick and easy.","og_url":"https:\/\/reihey.com\/tr\/product\/7oz-wine-tasting-glasses\/","og_site_name":"Reihey Glass","article_modified_time":"2025-10-29T06:14:26+00:00","og_image":[{"width":800,"height":800,"url":"https:\/\/reihey.com\/wp-content\/uploads\/2025\/08\/1-41-1.jpg","type":"image\/jpeg"}],"twitter_card":"summary_large_image","twitter_misc":{"Est. reading time":"1 dakika"},"schema":{"@context":"https:\/\/schema.org","@graph":[{"@type":"WebPage","@id":"https:\/\/reihey.com\/product\/7oz-wine-tasting-glasses\/","url":"https:\/\/reihey.com\/product\/7oz-wine-tasting-glasses\/","name":"7oz \u015earap Tad\u0131m Bardaklar\u0131 - Reihey Glass","isPartOf":{"@id":"https:\/\/reihey.com\/#website"},"primaryImageOfPage":{"@id":"https:\/\/reihey.com\/product\/7oz-wine-tasting-glasses\/#primaryimage"},"image":{"@id":"https:\/\/reihey.com\/product\/7oz-wine-tasting-glasses\/#primaryimage"},"thumbnailUrl":"https:\/\/reihey.com\/wp-content\/uploads\/2025\/08\/1-41-1.jpg","datePublished":"2025-08-27T10:45:12+00:00","dateModified":"2025-10-29T06:14:26+00:00","breadcrumb":{"@id":"https:\/\/reihey.com\/product\/7oz-wine-tasting-glasses\/#breadcrumb"},"inLanguage":"tr","potentialAction":[{"@type":"ReadAction","target":["https:\/\/reihey.com\/product\/7oz-wine-tasting-glasses\/"]}]},{"@type":"ImageObject","inLanguage":"tr","@id":"https:\/\/reihey.com\/product\/7oz-wine-tasting-glasses\/#primaryimage","url":"https:\/\/reihey.com\/wp-content\/uploads\/2025\/08\/1-41-1.jpg","contentUrl":"https:\/\/reihey.com\/wp-content\/uploads\/2025\/08\/1-41-1.jpg","width":800,"height":800},{"@type":"BreadcrumbList","@id":"https:\/\/reihey.com\/product\/7oz-wine-tasting-glasses\/#breadcrumb","itemListElement":[{"@type":"ListItem","position":1,"name":"Home","item":"https:\/\/reihey.com\/"},{"@type":"ListItem","position":2,"name":"Shop","item":"https:\/\/reihey.com\/shop\/"},{"@type":"ListItem","position":3,"name":"7oz Wine Tasting Glasses"}]},{"@type":"WebSite","@id":"https:\/\/reihey.com\/#website","url":"https:\/\/reihey.com\/","name":"Reihey Cam","description":"","publisher":{"@id":"https:\/\/reihey.com\/#organization"},"potentialAction":[{"@type":"SearchAction","target":{"@type":"EntryPoint","urlTemplate":"https:\/\/reihey.com\/?s={search_term_string}"},"query-input":{"@type":"PropertyValueSpecification","valueRequired":true,"valueName":"search_term_string"}}],"inLanguage":"tr"},{"@type":"Organization","@id":"https:\/\/reihey.com\/#organization","name":"Reihey Cam","url":"https:\/\/reihey.com\/","logo":{"@type":"ImageObject","inLanguage":"tr","@id":"https:\/\/reihey.com\/#\/schema\/logo\/image\/","url":"https:\/\/reihey.com\/wp-content\/uploads\/2023\/07\/Reihey-logo-2026.svg","contentUrl":"https:\/\/reihey.com\/wp-content\/uploads\/2023\/07\/Reihey-logo-2026.svg","width":1984,"height":566,"caption":"Reihey Glass"},"image":{"@id":"https:\/\/reihey.com\/#\/schema\/logo\/image\/"}}]}},"_links":{"self":[{"href":"https:\/\/reihey.com\/tr\/wp-json\/wp\/v2\/product\/4057","targetHints":{"allow":["GET"]}}],"collection":[{"href":"https:\/\/reihey.com\/tr\/wp-json\/wp\/v2\/product"}],"about":[{"href":"https:\/\/reihey.com\/tr\/wp-json\/wp\/v2\/types\/product"}],"replies":[{"embeddable":true,"href":"https:\/\/reihey.com\/tr\/wp-json\/wp\/v2\/comments?post=4057"}],"version-history":[{"count":4,"href":"https:\/\/reihey.com\/tr\/wp-json\/wp\/v2\/product\/4057\/revisions"}],"predecessor-version":[{"id":998144,"href":"https:\/\/reihey.com\/tr\/wp-json\/wp\/v2\/product\/4057\/revisions\/998144"}],"wp:featuredmedia":[{"embeddable":true,"href":"https:\/\/reihey.com\/tr\/wp-json\/wp\/v2\/media\/991446"}],"wp:attachment":[{"href":"https:\/\/reihey.com\/tr\/wp-json\/wp\/v2\/media?parent=4057"}],"wp:term":[{"taxonomy":"product_brand","embeddable":true,"href":"https:\/\/reihey.com\/tr\/wp-json\/wp\/v2\/product_brand?post=4057"},{"taxonomy":"product_cat","embeddable":true,"href":"https:\/\/reihey.com\/tr\/wp-json\/wp\/v2\/product_cat?post=4057"},{"taxonomy":"product_tag","embeddable":true,"href":"https:\/\/reihey.com\/tr\/wp-json\/wp\/v2\/product_tag?post=4057"}],"curies":[{"name":"wp","href":"https:\/\/api.w.org\/{rel}","templated":true}]}}