{"id":3451,"date":"2025-08-27T10:41:55","date_gmt":"2025-08-27T10:41:55","guid":{"rendered":"https:\/\/slot71.silverline.dev\/?post_type=product&#038;p=3451"},"modified":"2025-10-29T06:21:19","modified_gmt":"2025-10-29T06:21:19","slug":"glass-pill-bottle-brown-bottle-empty-seal-bottles-medicine-pill-storage","status":"publish","type":"product","link":"https:\/\/reihey.com\/tr\/product\/glass-pill-bottle-brown-bottle-empty-seal-bottles-medicine-pill-storage\/","title":{"rendered":"cam hap \u015fi\u015fesi kahverengi \u015ei\u015fe Bo\u015f Kapama \u015ei\u015feler \u0130la\u00e7 Hap Saklama"},"content":{"rendered":"","protected":false},"excerpt":{"rendered":"<p><!-- Desk Table --><\/p>\n<table class=\"desk-tab\">\n<tbody>\n<tr>\n<th>Malzeme<\/th>\n<th>Kapasiteli<\/th>\n<th>\u015ei\u015fe rengi<\/th>\n<th>Kapatak<\/th>\n<th>Kullan\u0131m<\/th>\n<th>Ambalaj<\/th>\n<\/tr>\n<tr>\n<td>Cam<\/td>\n<td>60ml<\/td>\n<td>Kehribar<\/td>\n<td>Al\u00fcminyum vida kapa\u011f\u0131<\/td>\n<td>Kaps\u00fcl<\/td>\n<td>Standard ihracat kartonu\u2013Xpcs\/kutu,Ybox\/karton.<\/td>\n<\/tr>\n<tr>\n<td><\/td>\n<td>75ml<\/td>\n<td><\/td>\n<td><\/td>\n<td>Di\u011fer \u0130la\u00e7lar<\/td>\n<td>\u00d6zel paket: logonuzla beyaz kutu, logonuzla renkli hediye kutusu<\/td>\n<\/tr>\n<tr>\n<td><\/td>\n<td>100ml<\/td>\n<td><\/td>\n<td><\/td>\n<td><\/td>\n<td><\/td>\n<\/tr>\n<tr>\n<td><\/td>\n<td>120ml<\/td>\n<td><\/td>\n<td><\/td>\n<td><\/td>\n<td><\/td>\n<\/tr>\n<tr>\n<td><\/td>\n<td>150ml<\/td>\n<td><\/td>\n<td><\/td>\n<td><\/td>\n<td><\/td>\n<\/tr>\n<tr>\n<td><\/td>\n<td>200ml<\/td>\n<td><\/td>\n<td><\/td>\n<td><\/td>\n<td><\/td>\n<\/tr>\n<tr>\n<td><\/td>\n<td>250ml<\/td>\n<td><\/td>\n<td><\/td>\n<td><\/td>\n<td><\/td>\n<\/tr>\n<tr>\n<td><\/td>\n<td>300ml<\/td>\n<td><\/td>\n<td><\/td>\n<td><\/td>\n<td><\/td>\n<\/tr>\n<tr>\n<td><\/td>\n<td>400ml<\/td>\n<td><\/td>\n<td><\/td>\n<td><\/td>\n<td><\/td>\n<\/tr>\n<tr>\n<td><\/td>\n<td>500ml<\/td>\n<td><\/td>\n<td><\/td>\n<td><\/td>\n<td><\/td>\n<\/tr>\n<\/tbody>\n<\/table>\n<p><!-- Mobile Table --><\/p>\n<table class=\"mob-tab\">\n<tbody>\n<tr>\n<th>Malzeme<\/th>\n<td>Cam<\/td>\n<\/tr>\n<tr>\n<th>Kapasiteli<\/th>\n<td>60ml<br \/>\n75ml<br \/>\n100ml<br \/>\n120ml<br \/>\n150ml<br \/>\n200ml<br \/>\n250ml<br \/>\n300ml<br \/>\n400ml<br \/>\n500ml<\/td>\n<\/tr>\n<tr>\n<th>\u015ei\u015fe rengi<\/th>\n<td>Kehribar<\/td>\n<\/tr>\n<tr>\n<th>Kapatak<\/th>\n<td>Al\u00fcminyum vida kapa\u011f\u0131<\/td>\n<\/tr>\n<tr>\n<th>Kullan\u0131m<\/th>\n<td>Kaps\u00fcl<br \/>\nDi\u011fer \u0130la\u00e7lar<\/td>\n<\/tr>\n<tr>\n<th>Ambalaj<\/th>\n<td>Standard ihracat kartonu\u2013Xpcs\/kutu,Ybox\/karton.<br \/>\n\u00d6zel paket: logonuzla beyaz kutu, logonuzla renkli hediye kutusu<\/td>\n<\/tr>\n<\/tbody>\n<\/table>\n<p><strong>Bu \u00fcr\u00fcne dair<\/strong><br \/>\n1.Amber \u015ei\u015feler nakliye ve depolama s\u0131ras\u0131nda \u0131\u015f\u0131\u011fa hassas materyalleri korur. Amber \u015fi\u015feler UV \u0131\u015f\u0131n ge\u00e7irgenli\u011fini azalt\u0131r ve \u0131\u015f\u0131\u011fa hassas materyallerin depolanmas\u0131 i\u00e7in USP gereksinimlerini kar\u015f\u0131lar 2.FDA -21CFR uygunlu\u011funda g\u0131da temas\u0131na uygun USP S\u0131n\u0131f\u0131 VI re\u00e7ine kullan\u0131larak \u00fcretilmi\u015ftir LABORATUVAR DERECES\u0130 || A\u011f\u0131r metallerden ar\u0131nd\u0131r\u0131lm\u0131\u015f. Entegre s\u0131zd\u0131rmazl\u0131k halkas\u0131 ile s\u0131zd\u0131rmaz kapak. 3.SON DERECE YAPIM TEKNOLOJ\u0130S\u0130 || Tutarl\u0131 duvar kal\u0131nl\u0131\u011f\u0131 ve i\u00e7\/d\u0131\u015f y\u00fczeylerin d\u00fczg\u00fcnl\u00fc\u011f\u00fc i\u00e7in hassas enjeksiyon kal\u0131plama S\u00dcRD\u00dcR\u00dcLEB\u0130L\u0130L\u0130K || Cam \u015fi\u015felere g\u00f6re g\u00fcvenli, k\u0131r\u0131lmaya dayan\u0131kl\u0131 alternatif. Yeniden kullan\u0131labilir. 4.LABORATORLAR, SINIFLAR &amp; EV \u0130\u00c7\u0130N HAR\u0130KA || 5.Laboratuvarlarda, s\u0131n\u0131flarda veya evde kullan\u0131m i\u00e7in tasarlanm\u0131\u015ft\u0131r.<\/p>","protected":false},"featured_media":991252,"comment_status":"closed","ping_status":"closed","template":"","meta":{"_acf_changed":false},"product_brand":[],"product_cat":[611,618,729],"product_tag":[],"class_list":{"0":"post-3451","1":"product","2":"type-product","3":"status-publish","4":"has-post-thumbnail","6":"product_cat-glass-bottle-manufacturer","7":"product_cat-glass-pill-bottle-manufacturer","8":"product_cat-healthy-medicine","10":"first","11":"instock","12":"shipping-taxable","13":"product-type-simple"},"acf":[],"yoast_head":"<!-- This site is optimized with the Yoast SEO plugin v26.7 - https:\/\/yoast.com\/wordpress\/plugins\/seo\/ -->\n<title>glass pill bottle brown Bottle Empty Seal Bottles Medicine Pill Storage - Reihey Glass<\/title>\n<meta name=\"robots\" content=\"index, follow, max-snippet:-1, max-image-preview:large, max-video-preview:-1\" \/>\n<link rel=\"canonical\" href=\"https:\/\/reihey.com\/tr\/product\/glass-pill-bottle-brown-bottle-empty-seal-bottles-medicine-pill-storage\/\" \/>\n<meta property=\"og:locale\" content=\"tr_TR\" \/>\n<meta property=\"og:type\" content=\"article\" \/>\n<meta property=\"og:title\" content=\"glass pill bottle brown Bottle Empty Seal Bottles Medicine Pill Storage - Reihey Glass\" \/>\n<meta property=\"og:description\" content=\"Material Capacity Bottle color Cap Usage Packing   Glass 60ml Amber Aluminum screw cap Pill Standard export carton--Xpcs\/box,Ybox\/carton.    75ml   Other Medicine Custom pack: white box with your logo, Color gift box with your logo    100ml        120ml        150ml        200ml        250ml        300ml        400ml        500ml            Material Glass   Capacity 60ml 75ml 100ml 120ml 150ml 200ml 250ml 300ml 400ml 500ml   Bottle color Amber   Cap Aluminum screw cap   Usage Pill Other Medicine   Packing Standard export carton--Xpcs\/box,Ybox\/carton. Custom pack: white box with your logo, Color gift box with your logo    About this item 1.Amber Bottles Protect light-sensitive materials during shipping and storage. Amber bottles reduce UV light transmission and meet USP requirements for storage of light-sensitive materials 2.Manufactured from USP Class VI resin that is FDA -21CFR compliant for food contact LABORATORY GRADE || Free of heavy metals. Leakproof closure with integrated seal ring. 3.STATE OF THE ART MANUFACTURING || Precision molded for consistent wall thickness and smooth interior and exterior surfaces SUSTAINABILITY || Safe, break resistant alternative to glass bottles. Resuable. 4.GREAT FOR LABORATORIES, CLASSROOMS &amp; HOUSEHOLD || 5.Designed for use in laboratories, classrooms, or the home.\" \/>\n<meta property=\"og:url\" content=\"https:\/\/reihey.com\/tr\/product\/glass-pill-bottle-brown-bottle-empty-seal-bottles-medicine-pill-storage\/\" \/>\n<meta property=\"og:site_name\" content=\"Reihey Glass\" \/>\n<meta property=\"article:modified_time\" content=\"2025-10-29T06:21:19+00:00\" \/>\n<meta property=\"og:image\" content=\"https:\/\/reihey.com\/wp-content\/uploads\/2025\/08\/Main-06-38.jpg\" \/>\n\t<meta property=\"og:image:width\" content=\"800\" \/>\n\t<meta property=\"og:image:height\" content=\"800\" \/>\n\t<meta property=\"og:image:type\" content=\"image\/jpeg\" \/>\n<meta name=\"twitter:card\" content=\"summary_large_image\" \/>\n<meta name=\"twitter:label1\" content=\"Est. reading time\" \/>\n\t<meta name=\"twitter:data1\" content=\"1 dakika\" \/>\n<script type=\"application\/ld+json\" class=\"yoast-schema-graph\">{\"@context\":\"https:\/\/schema.org\",\"@graph\":[{\"@type\":\"WebPage\",\"@id\":\"https:\/\/reihey.com\/product\/glass-pill-bottle-brown-bottle-empty-seal-bottles-medicine-pill-storage\/\",\"url\":\"https:\/\/reihey.com\/product\/glass-pill-bottle-brown-bottle-empty-seal-bottles-medicine-pill-storage\/\",\"name\":\"glass pill bottle brown Bottle Empty Seal Bottles Medicine Pill Storage - Reihey Glass\",\"isPartOf\":{\"@id\":\"https:\/\/reihey.com\/#website\"},\"primaryImageOfPage\":{\"@id\":\"https:\/\/reihey.com\/product\/glass-pill-bottle-brown-bottle-empty-seal-bottles-medicine-pill-storage\/#primaryimage\"},\"image\":{\"@id\":\"https:\/\/reihey.com\/product\/glass-pill-bottle-brown-bottle-empty-seal-bottles-medicine-pill-storage\/#primaryimage\"},\"thumbnailUrl\":\"https:\/\/reihey.com\/wp-content\/uploads\/2025\/08\/Main-06-38.jpg\",\"datePublished\":\"2025-08-27T10:41:55+00:00\",\"dateModified\":\"2025-10-29T06:21:19+00:00\",\"breadcrumb\":{\"@id\":\"https:\/\/reihey.com\/product\/glass-pill-bottle-brown-bottle-empty-seal-bottles-medicine-pill-storage\/#breadcrumb\"},\"inLanguage\":\"tr\",\"potentialAction\":[{\"@type\":\"ReadAction\",\"target\":[\"https:\/\/reihey.com\/product\/glass-pill-bottle-brown-bottle-empty-seal-bottles-medicine-pill-storage\/\"]}]},{\"@type\":\"ImageObject\",\"inLanguage\":\"tr\",\"@id\":\"https:\/\/reihey.com\/product\/glass-pill-bottle-brown-bottle-empty-seal-bottles-medicine-pill-storage\/#primaryimage\",\"url\":\"https:\/\/reihey.com\/wp-content\/uploads\/2025\/08\/Main-06-38.jpg\",\"contentUrl\":\"https:\/\/reihey.com\/wp-content\/uploads\/2025\/08\/Main-06-38.jpg\",\"width\":800,\"height\":800},{\"@type\":\"BreadcrumbList\",\"@id\":\"https:\/\/reihey.com\/product\/glass-pill-bottle-brown-bottle-empty-seal-bottles-medicine-pill-storage\/#breadcrumb\",\"itemListElement\":[{\"@type\":\"ListItem\",\"position\":1,\"name\":\"Home\",\"item\":\"https:\/\/reihey.com\/\"},{\"@type\":\"ListItem\",\"position\":2,\"name\":\"Shop\",\"item\":\"https:\/\/reihey.com\/shop\/\"},{\"@type\":\"ListItem\",\"position\":3,\"name\":\"glass pill bottle brown Bottle Empty Seal Bottles Medicine Pill Storage\"}]},{\"@type\":\"WebSite\",\"@id\":\"https:\/\/reihey.com\/#website\",\"url\":\"https:\/\/reihey.com\/\",\"name\":\"Reihey Glass\",\"description\":\"\",\"publisher\":{\"@id\":\"https:\/\/reihey.com\/#organization\"},\"potentialAction\":[{\"@type\":\"SearchAction\",\"target\":{\"@type\":\"EntryPoint\",\"urlTemplate\":\"https:\/\/reihey.com\/?s={search_term_string}\"},\"query-input\":{\"@type\":\"PropertyValueSpecification\",\"valueRequired\":true,\"valueName\":\"search_term_string\"}}],\"inLanguage\":\"tr\"},{\"@type\":\"Organization\",\"@id\":\"https:\/\/reihey.com\/#organization\",\"name\":\"Reihey Glass\",\"url\":\"https:\/\/reihey.com\/\",\"logo\":{\"@type\":\"ImageObject\",\"inLanguage\":\"tr\",\"@id\":\"https:\/\/reihey.com\/#\/schema\/logo\/image\/\",\"url\":\"https:\/\/reihey.com\/wp-content\/uploads\/2023\/07\/Reihey-logo-2026.svg\",\"contentUrl\":\"https:\/\/reihey.com\/wp-content\/uploads\/2023\/07\/Reihey-logo-2026.svg\",\"width\":1984,\"height\":566,\"caption\":\"Reihey Glass\"},\"image\":{\"@id\":\"https:\/\/reihey.com\/#\/schema\/logo\/image\/\"}}]}<\/script>\n<!-- \/ Yoast SEO plugin. -->","yoast_head_json":{"title":"cam kaps\u00fcl \u015fi\u015fesi kahverengi \u015ei\u015fe Bo\u015f M\u00fch\u00fcr \u015ei\u015feler \u0130la\u00e7 Kaps\u00fcl\u00fc Saklama - Reihey Cam","robots":{"index":"index","follow":"follow","max-snippet":"max-snippet:-1","max-image-preview":"max-image-preview:large","max-video-preview":"max-video-preview:-1"},"canonical":"https:\/\/reihey.com\/tr\/product\/glass-pill-bottle-brown-bottle-empty-seal-bottles-medicine-pill-storage\/","og_locale":"tr_TR","og_type":"article","og_title":"glass pill bottle brown Bottle Empty Seal Bottles Medicine Pill Storage - Reihey Glass","og_description":"Material Capacity Bottle color Cap Usage Packing   Glass 60ml Amber Aluminum screw cap Pill Standard export carton--Xpcs\/box,Ybox\/carton.    75ml   Other Medicine Custom pack: white box with your logo, Color gift box with your logo    100ml        120ml        150ml        200ml        250ml        300ml        400ml        500ml            Material Glass   Capacity 60ml 75ml 100ml 120ml 150ml 200ml 250ml 300ml 400ml 500ml   Bottle color Amber   Cap Aluminum screw cap   Usage Pill Other Medicine   Packing Standard export carton--Xpcs\/box,Ybox\/carton. Custom pack: white box with your logo, Color gift box with your logo    About this item 1.Amber Bottles Protect light-sensitive materials during shipping and storage. Amber bottles reduce UV light transmission and meet USP requirements for storage of light-sensitive materials 2.Manufactured from USP Class VI resin that is FDA -21CFR compliant for food contact LABORATORY GRADE || Free of heavy metals. Leakproof closure with integrated seal ring. 3.STATE OF THE ART MANUFACTURING || Precision molded for consistent wall thickness and smooth interior and exterior surfaces SUSTAINABILITY || Safe, break resistant alternative to glass bottles. Resuable. 4.GREAT FOR LABORATORIES, CLASSROOMS &amp; HOUSEHOLD || 5.Designed for use in laboratories, classrooms, or the home.","og_url":"https:\/\/reihey.com\/tr\/product\/glass-pill-bottle-brown-bottle-empty-seal-bottles-medicine-pill-storage\/","og_site_name":"Reihey Glass","article_modified_time":"2025-10-29T06:21:19+00:00","og_image":[{"width":800,"height":800,"url":"https:\/\/reihey.com\/wp-content\/uploads\/2025\/08\/Main-06-38.jpg","type":"image\/jpeg"}],"twitter_card":"summary_large_image","twitter_misc":{"Est. reading time":"1 dakika"},"schema":{"@context":"https:\/\/schema.org","@graph":[{"@type":"WebPage","@id":"https:\/\/reihey.com\/product\/glass-pill-bottle-brown-bottle-empty-seal-bottles-medicine-pill-storage\/","url":"https:\/\/reihey.com\/product\/glass-pill-bottle-brown-bottle-empty-seal-bottles-medicine-pill-storage\/","name":"cam kaps\u00fcl \u015fi\u015fesi kahverengi \u015ei\u015fe Bo\u015f M\u00fch\u00fcr \u015ei\u015feler \u0130la\u00e7 Kaps\u00fcl\u00fc Saklama - Reihey Cam","isPartOf":{"@id":"https:\/\/reihey.com\/#website"},"primaryImageOfPage":{"@id":"https:\/\/reihey.com\/product\/glass-pill-bottle-brown-bottle-empty-seal-bottles-medicine-pill-storage\/#primaryimage"},"image":{"@id":"https:\/\/reihey.com\/product\/glass-pill-bottle-brown-bottle-empty-seal-bottles-medicine-pill-storage\/#primaryimage"},"thumbnailUrl":"https:\/\/reihey.com\/wp-content\/uploads\/2025\/08\/Main-06-38.jpg","datePublished":"2025-08-27T10:41:55+00:00","dateModified":"2025-10-29T06:21:19+00:00","breadcrumb":{"@id":"https:\/\/reihey.com\/product\/glass-pill-bottle-brown-bottle-empty-seal-bottles-medicine-pill-storage\/#breadcrumb"},"inLanguage":"tr","potentialAction":[{"@type":"ReadAction","target":["https:\/\/reihey.com\/product\/glass-pill-bottle-brown-bottle-empty-seal-bottles-medicine-pill-storage\/"]}]},{"@type":"ImageObject","inLanguage":"tr","@id":"https:\/\/reihey.com\/product\/glass-pill-bottle-brown-bottle-empty-seal-bottles-medicine-pill-storage\/#primaryimage","url":"https:\/\/reihey.com\/wp-content\/uploads\/2025\/08\/Main-06-38.jpg","contentUrl":"https:\/\/reihey.com\/wp-content\/uploads\/2025\/08\/Main-06-38.jpg","width":800,"height":800},{"@type":"BreadcrumbList","@id":"https:\/\/reihey.com\/product\/glass-pill-bottle-brown-bottle-empty-seal-bottles-medicine-pill-storage\/#breadcrumb","itemListElement":[{"@type":"ListItem","position":1,"name":"Home","item":"https:\/\/reihey.com\/"},{"@type":"ListItem","position":2,"name":"Shop","item":"https:\/\/reihey.com\/shop\/"},{"@type":"ListItem","position":3,"name":"glass pill bottle brown Bottle Empty Seal Bottles Medicine Pill Storage"}]},{"@type":"WebSite","@id":"https:\/\/reihey.com\/#website","url":"https:\/\/reihey.com\/","name":"Reihey Cam","description":"","publisher":{"@id":"https:\/\/reihey.com\/#organization"},"potentialAction":[{"@type":"SearchAction","target":{"@type":"EntryPoint","urlTemplate":"https:\/\/reihey.com\/?s={search_term_string}"},"query-input":{"@type":"PropertyValueSpecification","valueRequired":true,"valueName":"search_term_string"}}],"inLanguage":"tr"},{"@type":"Organization","@id":"https:\/\/reihey.com\/#organization","name":"Reihey Cam","url":"https:\/\/reihey.com\/","logo":{"@type":"ImageObject","inLanguage":"tr","@id":"https:\/\/reihey.com\/#\/schema\/logo\/image\/","url":"https:\/\/reihey.com\/wp-content\/uploads\/2023\/07\/Reihey-logo-2026.svg","contentUrl":"https:\/\/reihey.com\/wp-content\/uploads\/2023\/07\/Reihey-logo-2026.svg","width":1984,"height":566,"caption":"Reihey Glass"},"image":{"@id":"https:\/\/reihey.com\/#\/schema\/logo\/image\/"}}]}},"_links":{"self":[{"href":"https:\/\/reihey.com\/tr\/wp-json\/wp\/v2\/product\/3451","targetHints":{"allow":["GET"]}}],"collection":[{"href":"https:\/\/reihey.com\/tr\/wp-json\/wp\/v2\/product"}],"about":[{"href":"https:\/\/reihey.com\/tr\/wp-json\/wp\/v2\/types\/product"}],"replies":[{"embeddable":true,"href":"https:\/\/reihey.com\/tr\/wp-json\/wp\/v2\/comments?post=3451"}],"version-history":[{"count":6,"href":"https:\/\/reihey.com\/tr\/wp-json\/wp\/v2\/product\/3451\/revisions"}],"predecessor-version":[{"id":998172,"href":"https:\/\/reihey.com\/tr\/wp-json\/wp\/v2\/product\/3451\/revisions\/998172"}],"wp:featuredmedia":[{"embeddable":true,"href":"https:\/\/reihey.com\/tr\/wp-json\/wp\/v2\/media\/991252"}],"wp:attachment":[{"href":"https:\/\/reihey.com\/tr\/wp-json\/wp\/v2\/media?parent=3451"}],"wp:term":[{"taxonomy":"product_brand","embeddable":true,"href":"https:\/\/reihey.com\/tr\/wp-json\/wp\/v2\/product_brand?post=3451"},{"taxonomy":"product_cat","embeddable":true,"href":"https:\/\/reihey.com\/tr\/wp-json\/wp\/v2\/product_cat?post=3451"},{"taxonomy":"product_tag","embeddable":true,"href":"https:\/\/reihey.com\/tr\/wp-json\/wp\/v2\/product_tag?post=3451"}],"curies":[{"name":"wp","href":"https:\/\/api.w.org\/{rel}","templated":true}]}}