{"id":10819,"date":"2025-08-27T11:38:59","date_gmt":"2025-08-27T11:38:59","guid":{"rendered":"https:\/\/slot71.silverline.dev\/?post_type=product&#038;p=10819"},"modified":"2025-10-28T08:00:07","modified_gmt":"2025-10-28T08:00:07","slug":"50ml-100ml-round-shape-glass-perfume-bottle-thick-bottom","status":"publish","type":"product","link":"https:\/\/reihey.com\/tr\/product\/50ml-100ml-round-shape-glass-perfume-bottle-thick-bottom\/","title":{"rendered":"50ml 100ml Yuvarlak \u015eekilli cam Parf\u00fcm \u015ei\u015fesi Kal\u0131n taban"},"content":{"rendered":"","protected":false},"excerpt":{"rendered":"<table class=\"desk-tab\">\n<tbody>\n<tr>\n<th>Malzeme<\/th>\n<th>Renk<\/th>\n<th>Kapasiteli<\/th>\n<th>Kapak<\/th>\n<th>Kullan\u0131m<\/th>\n<\/tr>\n<tr>\n<td>Cam<\/td>\n<td>\u015eeffaf<\/td>\n<td>50ml<\/td>\n<td>Plastik kapak<\/td>\n<td>Parf\u00fcm<\/td>\n<\/tr>\n<tr>\n<td><\/td>\n<td><\/td>\n<td>100ml<\/td>\n<td><\/td>\n<td>Esansiyel Ya\u011f<\/td>\n<\/tr>\n<\/tbody>\n<\/table>\n<table class=\"mob-tab\">\n<tbody>\n<tr>\n<th>Malzeme<\/th>\n<td>Cam<\/td>\n<\/tr>\n<tr>\n<th>Renk<\/th>\n<td>\u015eeffaf<\/td>\n<\/tr>\n<tr>\n<th>Kapasiteli<\/th>\n<td>50ml<br \/>\n100ml<\/td>\n<\/tr>\n<tr>\n<th>Kapak<\/th>\n<td>Plastik kapak<\/td>\n<\/tr>\n<tr>\n<th>Kullan\u0131m<\/th>\n<td>Parf\u00fcm<br \/>\nEsansiyel Ya\u011f<\/td>\n<\/tr>\n<\/tbody>\n<\/table>\n<p>MALIYET-ETK\u0130L\u0130 \u2014\u2013 Zarif ince sis parf\u00fcm atomizeri ile daha iyi emiliminizi sa\u011flar ve \u015fi\u015fenin ince t\u00fcp\u00fc dipte biter ve parf\u00fcm\u00fcn her damlas\u0131n\u0131 israf etmez. \u00c7OK AMA\u00c7LI KULLANIMLAR \u2014\u2013 Esansiyel ya\u011flar, aromaterapi, v\u00fccut spreyleri, ilk yard\u0131m kitleri, ev ila\u00e7lar\u0131, ev yap\u0131m\u0131 DIY spreyler, do\u011fal parf\u00fcmler, hava tazeleyiciler, parf\u00fcm numune \u015fi\u015fesi ve daha fazlas\u0131.<\/p>","protected":false},"featured_media":992935,"comment_status":"closed","ping_status":"closed","template":"","meta":{"_acf_changed":false},"product_brand":[],"product_cat":[611,629,632],"product_tag":[],"class_list":{"0":"post-10819","1":"product","2":"type-product","3":"status-publish","4":"has-post-thumbnail","6":"product_cat-glass-bottle-manufacturer","7":"product_cat-wholesale-glass-perfume-bottle","8":"product_cat-home-decor","10":"first","11":"instock","12":"shipping-taxable","13":"product-type-simple"},"acf":[],"yoast_head":"<!-- This site is optimized with the Yoast SEO plugin v26.7 - https:\/\/yoast.com\/wordpress\/plugins\/seo\/ -->\n<title>50ml 100ml Round Shape glass Perfume Bottle Thick bottom - Reihey Glass<\/title>\n<meta name=\"robots\" content=\"index, follow, max-snippet:-1, max-image-preview:large, max-video-preview:-1\" \/>\n<link rel=\"canonical\" href=\"https:\/\/reihey.com\/tr\/product\/50ml-100ml-round-shape-glass-perfume-bottle-thick-bottom\/\" \/>\n<meta property=\"og:locale\" content=\"tr_TR\" \/>\n<meta property=\"og:type\" content=\"article\" \/>\n<meta property=\"og:title\" content=\"50ml 100ml Round Shape glass Perfume Bottle Thick bottom - Reihey Glass\" \/>\n<meta property=\"og:description\" content=\"Material Color Capacity Lid Usage   Glass Clear 50ml Plastic lid Perfume     100ml  Essential Oil       Material Glass   Color Clear   Capacity 50ml 100ml   Lid Plastic lid   Usage Perfume Essential Oil    COST- EFFECTIVE ----- Elegant fine mist perfume atomizer let you better absorption, and the thin tube of the bottle extends to the bottom and does not waste every drop of perfumeit. MANY USES ----- Essential oils, aromatherapy, body mists, first aid kits, home remedies, homemade DIY sprays, natural perfumes, air fresheners, perfume sample bottle, and more.\" \/>\n<meta property=\"og:url\" content=\"https:\/\/reihey.com\/tr\/product\/50ml-100ml-round-shape-glass-perfume-bottle-thick-bottom\/\" \/>\n<meta property=\"og:site_name\" content=\"Reihey Glass\" \/>\n<meta property=\"article:modified_time\" content=\"2025-10-28T08:00:07+00:00\" \/>\n<meta property=\"og:image\" content=\"https:\/\/reihey.com\/wp-content\/uploads\/2025\/08\/\u4e3b\u56fe-02-68.jpg\" \/>\n\t<meta property=\"og:image:width\" content=\"800\" \/>\n\t<meta property=\"og:image:height\" content=\"800\" \/>\n\t<meta property=\"og:image:type\" content=\"image\/jpeg\" \/>\n<meta name=\"twitter:card\" content=\"summary_large_image\" \/>\n<meta name=\"twitter:label1\" content=\"Est. reading time\" \/>\n\t<meta name=\"twitter:data1\" content=\"1 dakika\" \/>\n<script type=\"application\/ld+json\" class=\"yoast-schema-graph\">{\"@context\":\"https:\/\/schema.org\",\"@graph\":[{\"@type\":\"WebPage\",\"@id\":\"https:\/\/reihey.com\/product\/50ml-100ml-round-shape-glass-perfume-bottle-thick-bottom\/\",\"url\":\"https:\/\/reihey.com\/product\/50ml-100ml-round-shape-glass-perfume-bottle-thick-bottom\/\",\"name\":\"50ml 100ml Round Shape glass Perfume Bottle Thick bottom - Reihey Glass\",\"isPartOf\":{\"@id\":\"https:\/\/reihey.com\/#website\"},\"primaryImageOfPage\":{\"@id\":\"https:\/\/reihey.com\/product\/50ml-100ml-round-shape-glass-perfume-bottle-thick-bottom\/#primaryimage\"},\"image\":{\"@id\":\"https:\/\/reihey.com\/product\/50ml-100ml-round-shape-glass-perfume-bottle-thick-bottom\/#primaryimage\"},\"thumbnailUrl\":\"https:\/\/reihey.com\/wp-content\/uploads\/2025\/08\/\u4e3b\u56fe-02-68.jpg\",\"datePublished\":\"2025-08-27T11:38:59+00:00\",\"dateModified\":\"2025-10-28T08:00:07+00:00\",\"breadcrumb\":{\"@id\":\"https:\/\/reihey.com\/product\/50ml-100ml-round-shape-glass-perfume-bottle-thick-bottom\/#breadcrumb\"},\"inLanguage\":\"tr\",\"potentialAction\":[{\"@type\":\"ReadAction\",\"target\":[\"https:\/\/reihey.com\/product\/50ml-100ml-round-shape-glass-perfume-bottle-thick-bottom\/\"]}]},{\"@type\":\"ImageObject\",\"inLanguage\":\"tr\",\"@id\":\"https:\/\/reihey.com\/product\/50ml-100ml-round-shape-glass-perfume-bottle-thick-bottom\/#primaryimage\",\"url\":\"https:\/\/reihey.com\/wp-content\/uploads\/2025\/08\/\u4e3b\u56fe-02-68.jpg\",\"contentUrl\":\"https:\/\/reihey.com\/wp-content\/uploads\/2025\/08\/\u4e3b\u56fe-02-68.jpg\",\"width\":800,\"height\":800},{\"@type\":\"BreadcrumbList\",\"@id\":\"https:\/\/reihey.com\/product\/50ml-100ml-round-shape-glass-perfume-bottle-thick-bottom\/#breadcrumb\",\"itemListElement\":[{\"@type\":\"ListItem\",\"position\":1,\"name\":\"Home\",\"item\":\"https:\/\/reihey.com\/\"},{\"@type\":\"ListItem\",\"position\":2,\"name\":\"Shop\",\"item\":\"https:\/\/reihey.com\/shop\/\"},{\"@type\":\"ListItem\",\"position\":3,\"name\":\"50ml 100ml Round Shape glass Perfume Bottle Thick bottom\"}]},{\"@type\":\"WebSite\",\"@id\":\"https:\/\/reihey.com\/#website\",\"url\":\"https:\/\/reihey.com\/\",\"name\":\"Reihey Glass\",\"description\":\"\",\"publisher\":{\"@id\":\"https:\/\/reihey.com\/#organization\"},\"potentialAction\":[{\"@type\":\"SearchAction\",\"target\":{\"@type\":\"EntryPoint\",\"urlTemplate\":\"https:\/\/reihey.com\/?s={search_term_string}\"},\"query-input\":{\"@type\":\"PropertyValueSpecification\",\"valueRequired\":true,\"valueName\":\"search_term_string\"}}],\"inLanguage\":\"tr\"},{\"@type\":\"Organization\",\"@id\":\"https:\/\/reihey.com\/#organization\",\"name\":\"Reihey Glass\",\"url\":\"https:\/\/reihey.com\/\",\"logo\":{\"@type\":\"ImageObject\",\"inLanguage\":\"tr\",\"@id\":\"https:\/\/reihey.com\/#\/schema\/logo\/image\/\",\"url\":\"https:\/\/reihey.com\/wp-content\/uploads\/2023\/07\/Reihey-logo-2026.svg\",\"contentUrl\":\"https:\/\/reihey.com\/wp-content\/uploads\/2023\/07\/Reihey-logo-2026.svg\",\"width\":1984,\"height\":566,\"caption\":\"Reihey Glass\"},\"image\":{\"@id\":\"https:\/\/reihey.com\/#\/schema\/logo\/image\/\"}}]}<\/script>\n<!-- \/ Yoast SEO plugin. -->","yoast_head_json":{"title":"50ml 100ml Yuvarlak \u015eekilli Cam Parf\u00fcm \u015ei\u015fesi Kal\u0131n taban - Reihey Glass","robots":{"index":"index","follow":"follow","max-snippet":"max-snippet:-1","max-image-preview":"max-image-preview:large","max-video-preview":"max-video-preview:-1"},"canonical":"https:\/\/reihey.com\/tr\/product\/50ml-100ml-round-shape-glass-perfume-bottle-thick-bottom\/","og_locale":"tr_TR","og_type":"article","og_title":"50ml 100ml Round Shape glass Perfume Bottle Thick bottom - Reihey Glass","og_description":"Material Color Capacity Lid Usage   Glass Clear 50ml Plastic lid Perfume     100ml  Essential Oil       Material Glass   Color Clear   Capacity 50ml 100ml   Lid Plastic lid   Usage Perfume Essential Oil    COST- EFFECTIVE ----- Elegant fine mist perfume atomizer let you better absorption, and the thin tube of the bottle extends to the bottom and does not waste every drop of perfumeit. MANY USES ----- Essential oils, aromatherapy, body mists, first aid kits, home remedies, homemade DIY sprays, natural perfumes, air fresheners, perfume sample bottle, and more.","og_url":"https:\/\/reihey.com\/tr\/product\/50ml-100ml-round-shape-glass-perfume-bottle-thick-bottom\/","og_site_name":"Reihey Glass","article_modified_time":"2025-10-28T08:00:07+00:00","og_image":[{"width":800,"height":800,"url":"https:\/\/reihey.com\/wp-content\/uploads\/2025\/08\/\u4e3b\u56fe-02-68.jpg","type":"image\/jpeg"}],"twitter_card":"summary_large_image","twitter_misc":{"Est. reading time":"1 dakika"},"schema":{"@context":"https:\/\/schema.org","@graph":[{"@type":"WebPage","@id":"https:\/\/reihey.com\/product\/50ml-100ml-round-shape-glass-perfume-bottle-thick-bottom\/","url":"https:\/\/reihey.com\/product\/50ml-100ml-round-shape-glass-perfume-bottle-thick-bottom\/","name":"50ml 100ml Yuvarlak \u015eekilli Cam Parf\u00fcm \u015ei\u015fesi Kal\u0131n taban - Reihey Glass","isPartOf":{"@id":"https:\/\/reihey.com\/#website"},"primaryImageOfPage":{"@id":"https:\/\/reihey.com\/product\/50ml-100ml-round-shape-glass-perfume-bottle-thick-bottom\/#primaryimage"},"image":{"@id":"https:\/\/reihey.com\/product\/50ml-100ml-round-shape-glass-perfume-bottle-thick-bottom\/#primaryimage"},"thumbnailUrl":"https:\/\/reihey.com\/wp-content\/uploads\/2025\/08\/\u4e3b\u56fe-02-68.jpg","datePublished":"2025-08-27T11:38:59+00:00","dateModified":"2025-10-28T08:00:07+00:00","breadcrumb":{"@id":"https:\/\/reihey.com\/product\/50ml-100ml-round-shape-glass-perfume-bottle-thick-bottom\/#breadcrumb"},"inLanguage":"tr","potentialAction":[{"@type":"ReadAction","target":["https:\/\/reihey.com\/product\/50ml-100ml-round-shape-glass-perfume-bottle-thick-bottom\/"]}]},{"@type":"ImageObject","inLanguage":"tr","@id":"https:\/\/reihey.com\/product\/50ml-100ml-round-shape-glass-perfume-bottle-thick-bottom\/#primaryimage","url":"https:\/\/reihey.com\/wp-content\/uploads\/2025\/08\/\u4e3b\u56fe-02-68.jpg","contentUrl":"https:\/\/reihey.com\/wp-content\/uploads\/2025\/08\/\u4e3b\u56fe-02-68.jpg","width":800,"height":800},{"@type":"BreadcrumbList","@id":"https:\/\/reihey.com\/product\/50ml-100ml-round-shape-glass-perfume-bottle-thick-bottom\/#breadcrumb","itemListElement":[{"@type":"ListItem","position":1,"name":"Home","item":"https:\/\/reihey.com\/"},{"@type":"ListItem","position":2,"name":"Shop","item":"https:\/\/reihey.com\/shop\/"},{"@type":"ListItem","position":3,"name":"50ml 100ml Round Shape glass Perfume Bottle Thick bottom"}]},{"@type":"WebSite","@id":"https:\/\/reihey.com\/#website","url":"https:\/\/reihey.com\/","name":"Reihey Cam","description":"","publisher":{"@id":"https:\/\/reihey.com\/#organization"},"potentialAction":[{"@type":"SearchAction","target":{"@type":"EntryPoint","urlTemplate":"https:\/\/reihey.com\/?s={search_term_string}"},"query-input":{"@type":"PropertyValueSpecification","valueRequired":true,"valueName":"search_term_string"}}],"inLanguage":"tr"},{"@type":"Organization","@id":"https:\/\/reihey.com\/#organization","name":"Reihey Cam","url":"https:\/\/reihey.com\/","logo":{"@type":"ImageObject","inLanguage":"tr","@id":"https:\/\/reihey.com\/#\/schema\/logo\/image\/","url":"https:\/\/reihey.com\/wp-content\/uploads\/2023\/07\/Reihey-logo-2026.svg","contentUrl":"https:\/\/reihey.com\/wp-content\/uploads\/2023\/07\/Reihey-logo-2026.svg","width":1984,"height":566,"caption":"Reihey Glass"},"image":{"@id":"https:\/\/reihey.com\/#\/schema\/logo\/image\/"}}]}},"_links":{"self":[{"href":"https:\/\/reihey.com\/tr\/wp-json\/wp\/v2\/product\/10819","targetHints":{"allow":["GET"]}}],"collection":[{"href":"https:\/\/reihey.com\/tr\/wp-json\/wp\/v2\/product"}],"about":[{"href":"https:\/\/reihey.com\/tr\/wp-json\/wp\/v2\/types\/product"}],"replies":[{"embeddable":true,"href":"https:\/\/reihey.com\/tr\/wp-json\/wp\/v2\/comments?post=10819"}],"version-history":[{"count":6,"href":"https:\/\/reihey.com\/tr\/wp-json\/wp\/v2\/product\/10819\/revisions"}],"predecessor-version":[{"id":997751,"href":"https:\/\/reihey.com\/tr\/wp-json\/wp\/v2\/product\/10819\/revisions\/997751"}],"wp:featuredmedia":[{"embeddable":true,"href":"https:\/\/reihey.com\/tr\/wp-json\/wp\/v2\/media\/992935"}],"wp:attachment":[{"href":"https:\/\/reihey.com\/tr\/wp-json\/wp\/v2\/media?parent=10819"}],"wp:term":[{"taxonomy":"product_brand","embeddable":true,"href":"https:\/\/reihey.com\/tr\/wp-json\/wp\/v2\/product_brand?post=10819"},{"taxonomy":"product_cat","embeddable":true,"href":"https:\/\/reihey.com\/tr\/wp-json\/wp\/v2\/product_cat?post=10819"},{"taxonomy":"product_tag","embeddable":true,"href":"https:\/\/reihey.com\/tr\/wp-json\/wp\/v2\/product_tag?post=10819"}],"curies":[{"name":"wp","href":"https:\/\/api.w.org\/{rel}","templated":true}]}}