{"id":10722,"date":"2025-08-27T11:37:53","date_gmt":"2025-08-27T11:37:53","guid":{"rendered":"https:\/\/slot71.silverline.dev\/?post_type=product&#038;p=10722"},"modified":"2025-10-28T10:13:02","modified_gmt":"2025-10-28T10:13:02","slug":"5ml-10ml-15ml-20ml-30ml-amber-spray-glass-bottle","status":"publish","type":"product","link":"https:\/\/reihey.com\/tr\/product\/5ml-10ml-15ml-20ml-30ml-amber-spray-glass-bottle\/","title":{"rendered":"5ml 10ml 15ml 20ml 30ml Amber Spray Glass Bottle"},"content":{"rendered":"","protected":false},"excerpt":{"rendered":"<table class=\"desk-tab\">\n<tbody>\n<tr>\n<th>\u0130sim<\/th>\n<th>Malzeme<\/th>\n<th>Kapasiteli<\/th>\n<th>Renk<\/th>\n<th>Size<\/th>\n<th>Kullan\u0131m<\/th>\n<th>Ambalaj<\/th>\n<\/tr>\n<tr>\n<td>Toz Cam \u015ei\u015fe<\/td>\n<td>Cam<\/td>\n<td>5ml<\/td>\n<td>Kehribar<\/td>\n<td>39x21mm<\/td>\n<td>\u00c7ok Ama\u00e7l\u0131<\/td>\n<td>1. Standart ihracat kutusu\u2013Xadetler\/kutu, Ykutusu\/kutu<\/td>\n<\/tr>\n<tr>\n<td><\/td>\n<td><\/td>\n<td>10ml<\/td>\n<td><\/td>\n<td>46x25mm<\/td>\n<td><\/td>\n<td>2. \u00d6zel paket: LOGONUZ ile beyaz kutu, Logonuz ile renkli hediye kutusu<\/td>\n<\/tr>\n<tr>\n<td><\/td>\n<td><\/td>\n<td>15ml<\/td>\n<td><\/td>\n<td>53x28mm<\/td>\n<td><\/td>\n<td><\/td>\n<\/tr>\n<tr>\n<td><\/td>\n<td><\/td>\n<td>20ml<\/td>\n<td><\/td>\n<td>60x28mm<\/td>\n<td><\/td>\n<td><\/td>\n<\/tr>\n<tr>\n<td><\/td>\n<td><\/td>\n<td>30ml<\/td>\n<td><\/td>\n<td>67x32mm<\/td>\n<td><\/td>\n<td><\/td>\n<\/tr>\n<\/tbody>\n<\/table>\n<table class=\"mob-tab\">\n<tbody>\n<tr>\n<th>\u0130sim<\/th>\n<td>Toz Cam \u015ei\u015fe<\/td>\n<\/tr>\n<tr>\n<th>Malzeme<\/th>\n<td>Cam<\/td>\n<\/tr>\n<tr>\n<th>Kapasiteli<\/th>\n<td>5ml<br \/>\n10ml<br \/>\n15ml<br \/>\n20ml<br \/>\n30ml<\/td>\n<\/tr>\n<tr>\n<th>Renk<\/th>\n<td>Kehribar<\/td>\n<\/tr>\n<tr>\n<th>Size<\/th>\n<td>39x21mm<br \/>\n46x25mm<br \/>\n53x28mm<br \/>\n60x28mm<br \/>\n67x32mm<\/td>\n<\/tr>\n<tr>\n<th>Kullan\u0131m<\/th>\n<td>\u00c7ok Ama\u00e7l\u0131<\/td>\n<\/tr>\n<tr>\n<th>Ambalaj<\/th>\n<td>1. Standart ihracat kutusu\u2013Xadetler\/kutu, Ykutusu\/kutu.<br \/>\n2. \u00d6zel paket: LOGONUZ ile beyaz kutu, Logonuz ile renkli hediye kutusu<\/td>\n<\/tr>\n<\/tbody>\n<\/table>\n<p>1.UV korumas\u0131 \u2013 ultraviyole \u0131\u015f\u0131nlar\u0131n\u0131n bozulmas\u0131na kar\u015f\u0131 a\u011f\u0131r hizmet korumas\u0131 sa\u011flar ve temel ya\u011flar\u0131n\u0131z\u0131 g\u00fcvenli tutar ayr\u0131ca cam g\u00fc\u00e7l\u00fc ya\u011flar gibi narenciye i\u00e7eriklerinden etkilenmez. 2. Evde kimyasal i\u00e7ermeyen yeniden kullan\u0131labilir yiyecek s\u0131n\u0131f\u0131 sprey ile plastik kimyasallar\u0131n\u0131 azalt\u0131n; profesyonel ve ki\u015fisel t\u00fcm ihtiya\u00e7lar\u0131n\u0131z i\u00e7in. 3. Evde yapt\u0131\u011f\u0131n\u0131z t\u00fcm kar\u0131\u015f\u0131mlarla \u015fi\u015feleri yeniden doldurun. Hidrojen peroksit veya izopropil alkol dahil s\u0131n\u0131rs\u0131z kullan\u0131m, kendi temizleyici \u00e7\u00f6z\u00fcmlerinizi kar\u0131\u015ft\u0131rma, sukkulentler veya otlar i\u00e7in bitki spreyi, \u00fct\u00fc i\u00e7in ev tipi \u00e7ar\u015faf sprey\u0131, sa\u00e7 nemlendirici sprey, kediler ve k\u00f6pekler i\u00e7in evcil hayvan spreyleri, ev i\u00e7in do\u011fal hava tazeleyici, zemin veya hal\u0131 temizleyici, cam temizli\u011fi i\u00e7in sirke ve su kar\u0131\u015f\u0131m\u0131, araba detaylar\u0131, sebze y\u0131kama, banyo dezenfektan\u0131 ve ev yap\u0131m\u0131 cilt ve g\u00fczellik tarifleri.<\/p>","protected":false},"featured_media":992861,"comment_status":"closed","ping_status":"closed","template":"","meta":{"_acf_changed":false},"product_brand":[],"product_cat":[611,615],"product_tag":[],"class_list":{"0":"post-10722","1":"product","2":"type-product","3":"status-publish","4":"has-post-thumbnail","6":"product_cat-glass-bottle-manufacturer","7":"product_cat-glass-spray-bottle-manufacturer","9":"first","10":"instock","11":"shipping-taxable","12":"product-type-simple"},"acf":[],"yoast_head":"<!-- This site is optimized with the Yoast SEO plugin v26.7 - https:\/\/yoast.com\/wordpress\/plugins\/seo\/ -->\n<title>5ml 10ml 15ml 20ml 30ml Amber Spray Glass Bottle - Reihey Glass<\/title>\n<meta name=\"robots\" content=\"index, follow, max-snippet:-1, max-image-preview:large, max-video-preview:-1\" \/>\n<link rel=\"canonical\" href=\"https:\/\/reihey.com\/tr\/product\/5ml-10ml-15ml-20ml-30ml-amber-spray-glass-bottle\/\" \/>\n<meta property=\"og:locale\" content=\"tr_TR\" \/>\n<meta property=\"og:type\" content=\"article\" \/>\n<meta property=\"og:title\" content=\"5ml 10ml 15ml 20ml 30ml Amber Spray Glass Bottle - Reihey Glass\" \/>\n<meta property=\"og:description\" content=\"Name Material Capacity Color Size Usage Packing   Spray Glass Bottle Glass 5ml Amber 39*21mm Multipurpose 1. Standard export carton--Xpcs\/box, Ybox\/carton     10ml  46*25mm  2. Custom pack: white box with your LOGO, Color gift box with your logo     15ml  53*28mm       20ml  60*28mm       30ml  67*32mm         Name Spray Glass Bottle   Material Glass   Capacity 5ml 10ml 15ml 20ml 30ml   Color Amber   Size 39*21mm 46*25mm 53*28mm 60*28mm 67*32mm   Usage Multipurpose   Packing 1. Standard export carton--Xpcs\/box, Ybox\/carton. 2. Custom pack: white box with your LOGO, Color gift box with your logo    1.UV protection - heavy duty protection against degradation from ultraviolet light and keeps your essential oils safe plus the glass is not affected by strong oils like citrus. 2.Reduce plastic chemicals in your house with a chemical free reusable food grade mister for all your professional and personal needs. 3.Refill the bottles with whatever you make at home. Unlimited uses including hydrogen peroxide or isopropyl alcohol, mixing your own cleaning solutions, plant misting for succulents or herbs, home linen spray for ironing, hair moisturizing spray, pet sprays for cats and dogs, natural air freshener for the house, floor or carpet cleaner, vinegar and water mixture for cleaning windows, car detailing, washing vegetables, bathroom deodorizer and homemade skin and beauty recipes.\" \/>\n<meta property=\"og:url\" content=\"https:\/\/reihey.com\/tr\/product\/5ml-10ml-15ml-20ml-30ml-amber-spray-glass-bottle\/\" \/>\n<meta property=\"og:site_name\" content=\"Reihey Glass\" \/>\n<meta property=\"article:modified_time\" content=\"2025-10-28T10:13:02+00:00\" \/>\n<meta property=\"og:image\" content=\"https:\/\/reihey.com\/wp-content\/uploads\/2025\/08\/1-162.jpg\" \/>\n\t<meta property=\"og:image:width\" content=\"800\" \/>\n\t<meta property=\"og:image:height\" content=\"800\" \/>\n\t<meta property=\"og:image:type\" content=\"image\/jpeg\" \/>\n<meta name=\"twitter:card\" content=\"summary_large_image\" \/>\n<meta name=\"twitter:label1\" content=\"Est. reading time\" \/>\n\t<meta name=\"twitter:data1\" content=\"1 dakika\" \/>\n<script type=\"application\/ld+json\" class=\"yoast-schema-graph\">{\"@context\":\"https:\/\/schema.org\",\"@graph\":[{\"@type\":\"WebPage\",\"@id\":\"https:\/\/reihey.com\/product\/5ml-10ml-15ml-20ml-30ml-amber-spray-glass-bottle\/\",\"url\":\"https:\/\/reihey.com\/product\/5ml-10ml-15ml-20ml-30ml-amber-spray-glass-bottle\/\",\"name\":\"5ml 10ml 15ml 20ml 30ml Amber Spray Glass Bottle - Reihey Glass\",\"isPartOf\":{\"@id\":\"https:\/\/reihey.com\/#website\"},\"primaryImageOfPage\":{\"@id\":\"https:\/\/reihey.com\/product\/5ml-10ml-15ml-20ml-30ml-amber-spray-glass-bottle\/#primaryimage\"},\"image\":{\"@id\":\"https:\/\/reihey.com\/product\/5ml-10ml-15ml-20ml-30ml-amber-spray-glass-bottle\/#primaryimage\"},\"thumbnailUrl\":\"https:\/\/reihey.com\/wp-content\/uploads\/2025\/08\/1-162.jpg\",\"datePublished\":\"2025-08-27T11:37:53+00:00\",\"dateModified\":\"2025-10-28T10:13:02+00:00\",\"breadcrumb\":{\"@id\":\"https:\/\/reihey.com\/product\/5ml-10ml-15ml-20ml-30ml-amber-spray-glass-bottle\/#breadcrumb\"},\"inLanguage\":\"tr\",\"potentialAction\":[{\"@type\":\"ReadAction\",\"target\":[\"https:\/\/reihey.com\/product\/5ml-10ml-15ml-20ml-30ml-amber-spray-glass-bottle\/\"]}]},{\"@type\":\"ImageObject\",\"inLanguage\":\"tr\",\"@id\":\"https:\/\/reihey.com\/product\/5ml-10ml-15ml-20ml-30ml-amber-spray-glass-bottle\/#primaryimage\",\"url\":\"https:\/\/reihey.com\/wp-content\/uploads\/2025\/08\/1-162.jpg\",\"contentUrl\":\"https:\/\/reihey.com\/wp-content\/uploads\/2025\/08\/1-162.jpg\",\"width\":800,\"height\":800},{\"@type\":\"BreadcrumbList\",\"@id\":\"https:\/\/reihey.com\/product\/5ml-10ml-15ml-20ml-30ml-amber-spray-glass-bottle\/#breadcrumb\",\"itemListElement\":[{\"@type\":\"ListItem\",\"position\":1,\"name\":\"Home\",\"item\":\"https:\/\/reihey.com\/\"},{\"@type\":\"ListItem\",\"position\":2,\"name\":\"Shop\",\"item\":\"https:\/\/reihey.com\/shop\/\"},{\"@type\":\"ListItem\",\"position\":3,\"name\":\"5ml 10ml 15ml 20ml 30ml Amber Spray Glass Bottle\"}]},{\"@type\":\"WebSite\",\"@id\":\"https:\/\/reihey.com\/#website\",\"url\":\"https:\/\/reihey.com\/\",\"name\":\"Reihey Glass\",\"description\":\"\",\"publisher\":{\"@id\":\"https:\/\/reihey.com\/#organization\"},\"potentialAction\":[{\"@type\":\"SearchAction\",\"target\":{\"@type\":\"EntryPoint\",\"urlTemplate\":\"https:\/\/reihey.com\/?s={search_term_string}\"},\"query-input\":{\"@type\":\"PropertyValueSpecification\",\"valueRequired\":true,\"valueName\":\"search_term_string\"}}],\"inLanguage\":\"tr\"},{\"@type\":\"Organization\",\"@id\":\"https:\/\/reihey.com\/#organization\",\"name\":\"Reihey Glass\",\"url\":\"https:\/\/reihey.com\/\",\"logo\":{\"@type\":\"ImageObject\",\"inLanguage\":\"tr\",\"@id\":\"https:\/\/reihey.com\/#\/schema\/logo\/image\/\",\"url\":\"https:\/\/reihey.com\/wp-content\/uploads\/2023\/07\/Reihey-logo-2026.svg\",\"contentUrl\":\"https:\/\/reihey.com\/wp-content\/uploads\/2023\/07\/Reihey-logo-2026.svg\",\"width\":1984,\"height\":566,\"caption\":\"Reihey Glass\"},\"image\":{\"@id\":\"https:\/\/reihey.com\/#\/schema\/logo\/image\/\"}}]}<\/script>\n<!-- \/ Yoast SEO plugin. -->","yoast_head_json":{"title":"5ml 10ml 15ml 20ml 30ml Amber Sprey Cam \u015ei\u015fe - Reihey Glass","robots":{"index":"index","follow":"follow","max-snippet":"max-snippet:-1","max-image-preview":"max-image-preview:large","max-video-preview":"max-video-preview:-1"},"canonical":"https:\/\/reihey.com\/tr\/product\/5ml-10ml-15ml-20ml-30ml-amber-spray-glass-bottle\/","og_locale":"tr_TR","og_type":"article","og_title":"5ml 10ml 15ml 20ml 30ml Amber Spray Glass Bottle - Reihey Glass","og_description":"Name Material Capacity Color Size Usage Packing   Spray Glass Bottle Glass 5ml Amber 39*21mm Multipurpose 1. Standard export carton--Xpcs\/box, Ybox\/carton     10ml  46*25mm  2. Custom pack: white box with your LOGO, Color gift box with your logo     15ml  53*28mm       20ml  60*28mm       30ml  67*32mm         Name Spray Glass Bottle   Material Glass   Capacity 5ml 10ml 15ml 20ml 30ml   Color Amber   Size 39*21mm 46*25mm 53*28mm 60*28mm 67*32mm   Usage Multipurpose   Packing 1. Standard export carton--Xpcs\/box, Ybox\/carton. 2. Custom pack: white box with your LOGO, Color gift box with your logo    1.UV protection - heavy duty protection against degradation from ultraviolet light and keeps your essential oils safe plus the glass is not affected by strong oils like citrus. 2.Reduce plastic chemicals in your house with a chemical free reusable food grade mister for all your professional and personal needs. 3.Refill the bottles with whatever you make at home. Unlimited uses including hydrogen peroxide or isopropyl alcohol, mixing your own cleaning solutions, plant misting for succulents or herbs, home linen spray for ironing, hair moisturizing spray, pet sprays for cats and dogs, natural air freshener for the house, floor or carpet cleaner, vinegar and water mixture for cleaning windows, car detailing, washing vegetables, bathroom deodorizer and homemade skin and beauty recipes.","og_url":"https:\/\/reihey.com\/tr\/product\/5ml-10ml-15ml-20ml-30ml-amber-spray-glass-bottle\/","og_site_name":"Reihey Glass","article_modified_time":"2025-10-28T10:13:02+00:00","og_image":[{"width":800,"height":800,"url":"https:\/\/reihey.com\/wp-content\/uploads\/2025\/08\/1-162.jpg","type":"image\/jpeg"}],"twitter_card":"summary_large_image","twitter_misc":{"Est. reading time":"1 dakika"},"schema":{"@context":"https:\/\/schema.org","@graph":[{"@type":"WebPage","@id":"https:\/\/reihey.com\/product\/5ml-10ml-15ml-20ml-30ml-amber-spray-glass-bottle\/","url":"https:\/\/reihey.com\/product\/5ml-10ml-15ml-20ml-30ml-amber-spray-glass-bottle\/","name":"5ml 10ml 15ml 20ml 30ml Amber Sprey Cam \u015ei\u015fe - Reihey Glass","isPartOf":{"@id":"https:\/\/reihey.com\/#website"},"primaryImageOfPage":{"@id":"https:\/\/reihey.com\/product\/5ml-10ml-15ml-20ml-30ml-amber-spray-glass-bottle\/#primaryimage"},"image":{"@id":"https:\/\/reihey.com\/product\/5ml-10ml-15ml-20ml-30ml-amber-spray-glass-bottle\/#primaryimage"},"thumbnailUrl":"https:\/\/reihey.com\/wp-content\/uploads\/2025\/08\/1-162.jpg","datePublished":"2025-08-27T11:37:53+00:00","dateModified":"2025-10-28T10:13:02+00:00","breadcrumb":{"@id":"https:\/\/reihey.com\/product\/5ml-10ml-15ml-20ml-30ml-amber-spray-glass-bottle\/#breadcrumb"},"inLanguage":"tr","potentialAction":[{"@type":"ReadAction","target":["https:\/\/reihey.com\/product\/5ml-10ml-15ml-20ml-30ml-amber-spray-glass-bottle\/"]}]},{"@type":"ImageObject","inLanguage":"tr","@id":"https:\/\/reihey.com\/product\/5ml-10ml-15ml-20ml-30ml-amber-spray-glass-bottle\/#primaryimage","url":"https:\/\/reihey.com\/wp-content\/uploads\/2025\/08\/1-162.jpg","contentUrl":"https:\/\/reihey.com\/wp-content\/uploads\/2025\/08\/1-162.jpg","width":800,"height":800},{"@type":"BreadcrumbList","@id":"https:\/\/reihey.com\/product\/5ml-10ml-15ml-20ml-30ml-amber-spray-glass-bottle\/#breadcrumb","itemListElement":[{"@type":"ListItem","position":1,"name":"Home","item":"https:\/\/reihey.com\/"},{"@type":"ListItem","position":2,"name":"Shop","item":"https:\/\/reihey.com\/shop\/"},{"@type":"ListItem","position":3,"name":"5ml 10ml 15ml 20ml 30ml Amber Spray Glass Bottle"}]},{"@type":"WebSite","@id":"https:\/\/reihey.com\/#website","url":"https:\/\/reihey.com\/","name":"Reihey Cam","description":"","publisher":{"@id":"https:\/\/reihey.com\/#organization"},"potentialAction":[{"@type":"SearchAction","target":{"@type":"EntryPoint","urlTemplate":"https:\/\/reihey.com\/?s={search_term_string}"},"query-input":{"@type":"PropertyValueSpecification","valueRequired":true,"valueName":"search_term_string"}}],"inLanguage":"tr"},{"@type":"Organization","@id":"https:\/\/reihey.com\/#organization","name":"Reihey Cam","url":"https:\/\/reihey.com\/","logo":{"@type":"ImageObject","inLanguage":"tr","@id":"https:\/\/reihey.com\/#\/schema\/logo\/image\/","url":"https:\/\/reihey.com\/wp-content\/uploads\/2023\/07\/Reihey-logo-2026.svg","contentUrl":"https:\/\/reihey.com\/wp-content\/uploads\/2023\/07\/Reihey-logo-2026.svg","width":1984,"height":566,"caption":"Reihey Glass"},"image":{"@id":"https:\/\/reihey.com\/#\/schema\/logo\/image\/"}}]}},"_links":{"self":[{"href":"https:\/\/reihey.com\/tr\/wp-json\/wp\/v2\/product\/10722","targetHints":{"allow":["GET"]}}],"collection":[{"href":"https:\/\/reihey.com\/tr\/wp-json\/wp\/v2\/product"}],"about":[{"href":"https:\/\/reihey.com\/tr\/wp-json\/wp\/v2\/types\/product"}],"replies":[{"embeddable":true,"href":"https:\/\/reihey.com\/tr\/wp-json\/wp\/v2\/comments?post=10722"}],"version-history":[{"count":5,"href":"https:\/\/reihey.com\/tr\/wp-json\/wp\/v2\/product\/10722\/revisions"}],"predecessor-version":[{"id":997771,"href":"https:\/\/reihey.com\/tr\/wp-json\/wp\/v2\/product\/10722\/revisions\/997771"}],"wp:featuredmedia":[{"embeddable":true,"href":"https:\/\/reihey.com\/tr\/wp-json\/wp\/v2\/media\/992861"}],"wp:attachment":[{"href":"https:\/\/reihey.com\/tr\/wp-json\/wp\/v2\/media?parent=10722"}],"wp:term":[{"taxonomy":"product_brand","embeddable":true,"href":"https:\/\/reihey.com\/tr\/wp-json\/wp\/v2\/product_brand?post=10722"},{"taxonomy":"product_cat","embeddable":true,"href":"https:\/\/reihey.com\/tr\/wp-json\/wp\/v2\/product_cat?post=10722"},{"taxonomy":"product_tag","embeddable":true,"href":"https:\/\/reihey.com\/tr\/wp-json\/wp\/v2\/product_tag?post=10722"}],"curies":[{"name":"wp","href":"https:\/\/api.w.org\/{rel}","templated":true}]}}