{"id":10646,"date":"2025-08-27T11:37:05","date_gmt":"2025-08-27T11:37:05","guid":{"rendered":"https:\/\/slot71.silverline.dev\/?post_type=product&#038;p=10646"},"modified":"2025-10-28T10:23:42","modified_gmt":"2025-10-28T10:23:42","slug":"10ml-jade-roll-on-glass-bottle","status":"publish","type":"product","link":"https:\/\/reihey.com\/tr\/product\/10ml-jade-roll-on-glass-bottle\/","title":{"rendered":"10ml Jade Rulo Cam \u015ei\u015fe"},"content":{"rendered":"","protected":false},"excerpt":{"rendered":"<table class=\"desk-tab\">\n<tbody>\n<tr>\n<th>\u0130sim<\/th>\n<th>Malzeme<\/th>\n<th>Kapasiteli<\/th>\n<th>Renk<\/th>\n<th>Size<\/th>\n<th>Kullan\u0131m<\/th>\n<th>Ambalaj<\/th>\n<\/tr>\n<tr>\n<td>Cam \u015ei\u015fe Yuvarlan\u0131r<\/td>\n<td>Cam<\/td>\n<td>10ml<\/td>\n<td>\u015eeffaf<\/td>\n<td>85*20mm<\/td>\n<td>Seyahat<\/td>\n<td>1. Standart ihracat kutusu\u2013Xadetler\/kutu, Ykutusu\/kutu<\/td>\n<\/tr>\n<tr>\n<td><\/td>\n<td><\/td>\n<td><\/td>\n<td><\/td>\n<td><\/td>\n<td>Parf\u00fcm<\/td>\n<td>2. \u00d6zel paket: LOGONUZ ile beyaz kutu, Logonuz ile renkli hediye kutusu<\/td>\n<\/tr>\n<tr>\n<td><\/td>\n<td><\/td>\n<td><\/td>\n<td><\/td>\n<td><\/td>\n<td>Dudak Parlat\u0131c\u0131s\u0131<\/td>\n<td><\/td>\n<\/tr>\n<\/tbody>\n<\/table>\n<table class=\"mob-tab\">\n<tbody>\n<tr>\n<th>\u0130sim<\/th>\n<td>Cam \u015ei\u015fe Yuvarlan\u0131r<\/td>\n<\/tr>\n<tr>\n<th>Malzeme<\/th>\n<td>Cam<\/td>\n<\/tr>\n<tr>\n<th>Kapasiteli<\/th>\n<td>10ml<\/td>\n<\/tr>\n<tr>\n<th>Renk<\/th>\n<td>\u015eeffaf<\/td>\n<\/tr>\n<tr>\n<th>Size<\/th>\n<td>85*20mm<\/td>\n<\/tr>\n<tr>\n<th>Kullan\u0131m<\/th>\n<td>Seyahat<br \/>\nParf\u00fcm<br \/>\nDudak Parlat\u0131c\u0131s\u0131<\/td>\n<\/tr>\n<tr>\n<th>Ambalaj<\/th>\n<td>1. Standart ihracat kutusu\u2013Xadetler\/kutu, Ykutusu\/kutu.<br \/>\n2. \u00d6zel paket: LOGONUZ ile beyaz kutu, Logonuz ile renkli hediye kutusu<\/td>\n<\/tr>\n<\/tbody>\n<\/table>\n<p>Kullan\u0131m:<br \/>\n\u015ei\u015feye nazik\u00e7e topu yerle\u015ftirerek topu yerine ge\u00e7ene kadar kapa\u011f\u0131 s\u0131k\u0131ca s\u0131k\u0131n. Her seferinde m\u00fckemmel miktarda \u00fcr\u00fcn\u00fc uygulamak i\u00e7in yuvarlak \u015fi\u015feyi kullan\u0131n. Topu kapatarak topu \u00e7\u0131kar\u0131n. Esansiyel ya\u011flar, parf\u00fcm ya\u011flar\u0131 veya di\u011fer s\u0131v\u0131lar i\u00e7in m\u00fckemmeldir. G\u00fcvenli, g\u00fcvenli ve kullan\u0131\u015fl\u0131 ambalaj. Seyahate m\u00fckemmel uygun ve \u00e7antaya kolayca s\u0131\u011far.<\/p>","protected":false},"featured_media":992809,"comment_status":"closed","ping_status":"closed","template":"","meta":{"_acf_changed":false},"product_brand":[],"product_cat":[613,611,614],"product_tag":[],"class_list":{"0":"post-10646","1":"product","2":"type-product","3":"status-publish","4":"has-post-thumbnail","6":"product_cat-beauty","7":"product_cat-glass-bottle-manufacturer","8":"product_cat-wholesale-glass-roll-on-bottle","10":"first","11":"instock","12":"shipping-taxable","13":"product-type-simple"},"acf":[],"yoast_head":"<!-- This site is optimized with the Yoast SEO plugin v26.7 - https:\/\/yoast.com\/wordpress\/plugins\/seo\/ -->\n<title>10ml Jade Roll on Glass Bottle - Reihey Glass<\/title>\n<meta name=\"robots\" content=\"index, follow, max-snippet:-1, max-image-preview:large, max-video-preview:-1\" \/>\n<link rel=\"canonical\" href=\"https:\/\/reihey.com\/tr\/product\/10ml-jade-roll-on-glass-bottle\/\" \/>\n<meta property=\"og:locale\" content=\"tr_TR\" \/>\n<meta property=\"og:type\" content=\"article\" \/>\n<meta property=\"og:title\" content=\"10ml Jade Roll on Glass Bottle - Reihey Glass\" \/>\n<meta property=\"og:description\" content=\"Name Material Capacity Color Size Usage Packing   Roll on Glass Bottle Glass 10ml Transparent 85*20mm Travel 1. Standard export carton--Xpcs\/box, Ybox\/carton        Perfume 2. Custom pack: white box with your LOGO, Color gift box with your logo        Lip Gloss        Name Roll on Glass Bottle   Material Glass   Capacity 10ml   Color Transparent   Size 85*20mm   Usage Travel Perfume Lip Gloss   Packing 1. Standard export carton--Xpcs\/box, Ybox\/carton. 2. Custom pack: white box with your LOGO, Color gift box with your logo    How to use: Snap in the roller-ball by gently placing the roller-ball in the bottle and then firmly tighten the cap until the roller-ball snaps in. Use the roll-on bottle to apply the perfect amount of product each time. Remove the roller- ball by applying pressure with the cap. Perfect for essential oils, perfume oils, or other liquids. Safe, secure and convenient packaging. Perfect for travel, and conveniently fits in your purse.\" \/>\n<meta property=\"og:url\" content=\"https:\/\/reihey.com\/tr\/product\/10ml-jade-roll-on-glass-bottle\/\" \/>\n<meta property=\"og:site_name\" content=\"Reihey Glass\" \/>\n<meta property=\"article:modified_time\" content=\"2025-10-28T10:23:42+00:00\" \/>\n<meta property=\"og:image\" content=\"https:\/\/reihey.com\/wp-content\/uploads\/2025\/08\/1-161.jpg\" \/>\n\t<meta property=\"og:image:width\" content=\"800\" \/>\n\t<meta property=\"og:image:height\" content=\"800\" \/>\n\t<meta property=\"og:image:type\" content=\"image\/jpeg\" \/>\n<meta name=\"twitter:card\" content=\"summary_large_image\" \/>\n<meta name=\"twitter:label1\" content=\"Est. reading time\" \/>\n\t<meta name=\"twitter:data1\" content=\"1 dakika\" \/>\n<script type=\"application\/ld+json\" class=\"yoast-schema-graph\">{\"@context\":\"https:\/\/schema.org\",\"@graph\":[{\"@type\":\"WebPage\",\"@id\":\"https:\/\/reihey.com\/product\/10ml-jade-roll-on-glass-bottle\/\",\"url\":\"https:\/\/reihey.com\/product\/10ml-jade-roll-on-glass-bottle\/\",\"name\":\"10ml Jade Roll on Glass Bottle - Reihey Glass\",\"isPartOf\":{\"@id\":\"https:\/\/reihey.com\/#website\"},\"primaryImageOfPage\":{\"@id\":\"https:\/\/reihey.com\/product\/10ml-jade-roll-on-glass-bottle\/#primaryimage\"},\"image\":{\"@id\":\"https:\/\/reihey.com\/product\/10ml-jade-roll-on-glass-bottle\/#primaryimage\"},\"thumbnailUrl\":\"https:\/\/reihey.com\/wp-content\/uploads\/2025\/08\/1-161.jpg\",\"datePublished\":\"2025-08-27T11:37:05+00:00\",\"dateModified\":\"2025-10-28T10:23:42+00:00\",\"breadcrumb\":{\"@id\":\"https:\/\/reihey.com\/product\/10ml-jade-roll-on-glass-bottle\/#breadcrumb\"},\"inLanguage\":\"tr\",\"potentialAction\":[{\"@type\":\"ReadAction\",\"target\":[\"https:\/\/reihey.com\/product\/10ml-jade-roll-on-glass-bottle\/\"]}]},{\"@type\":\"ImageObject\",\"inLanguage\":\"tr\",\"@id\":\"https:\/\/reihey.com\/product\/10ml-jade-roll-on-glass-bottle\/#primaryimage\",\"url\":\"https:\/\/reihey.com\/wp-content\/uploads\/2025\/08\/1-161.jpg\",\"contentUrl\":\"https:\/\/reihey.com\/wp-content\/uploads\/2025\/08\/1-161.jpg\",\"width\":800,\"height\":800},{\"@type\":\"BreadcrumbList\",\"@id\":\"https:\/\/reihey.com\/product\/10ml-jade-roll-on-glass-bottle\/#breadcrumb\",\"itemListElement\":[{\"@type\":\"ListItem\",\"position\":1,\"name\":\"Home\",\"item\":\"https:\/\/reihey.com\/\"},{\"@type\":\"ListItem\",\"position\":2,\"name\":\"Shop\",\"item\":\"https:\/\/reihey.com\/shop\/\"},{\"@type\":\"ListItem\",\"position\":3,\"name\":\"10ml Jade Roll on Glass Bottle\"}]},{\"@type\":\"WebSite\",\"@id\":\"https:\/\/reihey.com\/#website\",\"url\":\"https:\/\/reihey.com\/\",\"name\":\"Reihey Glass\",\"description\":\"\",\"publisher\":{\"@id\":\"https:\/\/reihey.com\/#organization\"},\"potentialAction\":[{\"@type\":\"SearchAction\",\"target\":{\"@type\":\"EntryPoint\",\"urlTemplate\":\"https:\/\/reihey.com\/?s={search_term_string}\"},\"query-input\":{\"@type\":\"PropertyValueSpecification\",\"valueRequired\":true,\"valueName\":\"search_term_string\"}}],\"inLanguage\":\"tr\"},{\"@type\":\"Organization\",\"@id\":\"https:\/\/reihey.com\/#organization\",\"name\":\"Reihey Glass\",\"url\":\"https:\/\/reihey.com\/\",\"logo\":{\"@type\":\"ImageObject\",\"inLanguage\":\"tr\",\"@id\":\"https:\/\/reihey.com\/#\/schema\/logo\/image\/\",\"url\":\"https:\/\/reihey.com\/wp-content\/uploads\/2023\/07\/Reihey-logo-2026.svg\",\"contentUrl\":\"https:\/\/reihey.com\/wp-content\/uploads\/2023\/07\/Reihey-logo-2026.svg\",\"width\":1984,\"height\":566,\"caption\":\"Reihey Glass\"},\"image\":{\"@id\":\"https:\/\/reihey.com\/#\/schema\/logo\/image\/\"}}]}<\/script>\n<!-- \/ Yoast SEO plugin. -->","yoast_head_json":{"title":"10ml Jade Roll on Cam \u015ei\u015fe - Reihey Glass","robots":{"index":"index","follow":"follow","max-snippet":"max-snippet:-1","max-image-preview":"max-image-preview:large","max-video-preview":"max-video-preview:-1"},"canonical":"https:\/\/reihey.com\/tr\/product\/10ml-jade-roll-on-glass-bottle\/","og_locale":"tr_TR","og_type":"article","og_title":"10ml Jade Roll on Glass Bottle - Reihey Glass","og_description":"Name Material Capacity Color Size Usage Packing   Roll on Glass Bottle Glass 10ml Transparent 85*20mm Travel 1. Standard export carton--Xpcs\/box, Ybox\/carton        Perfume 2. Custom pack: white box with your LOGO, Color gift box with your logo        Lip Gloss        Name Roll on Glass Bottle   Material Glass   Capacity 10ml   Color Transparent   Size 85*20mm   Usage Travel Perfume Lip Gloss   Packing 1. Standard export carton--Xpcs\/box, Ybox\/carton. 2. Custom pack: white box with your LOGO, Color gift box with your logo    How to use: Snap in the roller-ball by gently placing the roller-ball in the bottle and then firmly tighten the cap until the roller-ball snaps in. Use the roll-on bottle to apply the perfect amount of product each time. Remove the roller- ball by applying pressure with the cap. Perfect for essential oils, perfume oils, or other liquids. Safe, secure and convenient packaging. Perfect for travel, and conveniently fits in your purse.","og_url":"https:\/\/reihey.com\/tr\/product\/10ml-jade-roll-on-glass-bottle\/","og_site_name":"Reihey Glass","article_modified_time":"2025-10-28T10:23:42+00:00","og_image":[{"width":800,"height":800,"url":"https:\/\/reihey.com\/wp-content\/uploads\/2025\/08\/1-161.jpg","type":"image\/jpeg"}],"twitter_card":"summary_large_image","twitter_misc":{"Est. reading time":"1 dakika"},"schema":{"@context":"https:\/\/schema.org","@graph":[{"@type":"WebPage","@id":"https:\/\/reihey.com\/product\/10ml-jade-roll-on-glass-bottle\/","url":"https:\/\/reihey.com\/product\/10ml-jade-roll-on-glass-bottle\/","name":"10ml Jade Roll on Cam \u015ei\u015fe - Reihey Glass","isPartOf":{"@id":"https:\/\/reihey.com\/#website"},"primaryImageOfPage":{"@id":"https:\/\/reihey.com\/product\/10ml-jade-roll-on-glass-bottle\/#primaryimage"},"image":{"@id":"https:\/\/reihey.com\/product\/10ml-jade-roll-on-glass-bottle\/#primaryimage"},"thumbnailUrl":"https:\/\/reihey.com\/wp-content\/uploads\/2025\/08\/1-161.jpg","datePublished":"2025-08-27T11:37:05+00:00","dateModified":"2025-10-28T10:23:42+00:00","breadcrumb":{"@id":"https:\/\/reihey.com\/product\/10ml-jade-roll-on-glass-bottle\/#breadcrumb"},"inLanguage":"tr","potentialAction":[{"@type":"ReadAction","target":["https:\/\/reihey.com\/product\/10ml-jade-roll-on-glass-bottle\/"]}]},{"@type":"ImageObject","inLanguage":"tr","@id":"https:\/\/reihey.com\/product\/10ml-jade-roll-on-glass-bottle\/#primaryimage","url":"https:\/\/reihey.com\/wp-content\/uploads\/2025\/08\/1-161.jpg","contentUrl":"https:\/\/reihey.com\/wp-content\/uploads\/2025\/08\/1-161.jpg","width":800,"height":800},{"@type":"BreadcrumbList","@id":"https:\/\/reihey.com\/product\/10ml-jade-roll-on-glass-bottle\/#breadcrumb","itemListElement":[{"@type":"ListItem","position":1,"name":"Home","item":"https:\/\/reihey.com\/"},{"@type":"ListItem","position":2,"name":"Shop","item":"https:\/\/reihey.com\/shop\/"},{"@type":"ListItem","position":3,"name":"10ml Jade Roll on Glass Bottle"}]},{"@type":"WebSite","@id":"https:\/\/reihey.com\/#website","url":"https:\/\/reihey.com\/","name":"Reihey Cam","description":"","publisher":{"@id":"https:\/\/reihey.com\/#organization"},"potentialAction":[{"@type":"SearchAction","target":{"@type":"EntryPoint","urlTemplate":"https:\/\/reihey.com\/?s={search_term_string}"},"query-input":{"@type":"PropertyValueSpecification","valueRequired":true,"valueName":"search_term_string"}}],"inLanguage":"tr"},{"@type":"Organization","@id":"https:\/\/reihey.com\/#organization","name":"Reihey Cam","url":"https:\/\/reihey.com\/","logo":{"@type":"ImageObject","inLanguage":"tr","@id":"https:\/\/reihey.com\/#\/schema\/logo\/image\/","url":"https:\/\/reihey.com\/wp-content\/uploads\/2023\/07\/Reihey-logo-2026.svg","contentUrl":"https:\/\/reihey.com\/wp-content\/uploads\/2023\/07\/Reihey-logo-2026.svg","width":1984,"height":566,"caption":"Reihey Glass"},"image":{"@id":"https:\/\/reihey.com\/#\/schema\/logo\/image\/"}}]}},"_links":{"self":[{"href":"https:\/\/reihey.com\/tr\/wp-json\/wp\/v2\/product\/10646","targetHints":{"allow":["GET"]}}],"collection":[{"href":"https:\/\/reihey.com\/tr\/wp-json\/wp\/v2\/product"}],"about":[{"href":"https:\/\/reihey.com\/tr\/wp-json\/wp\/v2\/types\/product"}],"replies":[{"embeddable":true,"href":"https:\/\/reihey.com\/tr\/wp-json\/wp\/v2\/comments?post=10646"}],"version-history":[{"count":5,"href":"https:\/\/reihey.com\/tr\/wp-json\/wp\/v2\/product\/10646\/revisions"}],"predecessor-version":[{"id":997784,"href":"https:\/\/reihey.com\/tr\/wp-json\/wp\/v2\/product\/10646\/revisions\/997784"}],"wp:featuredmedia":[{"embeddable":true,"href":"https:\/\/reihey.com\/tr\/wp-json\/wp\/v2\/media\/992809"}],"wp:attachment":[{"href":"https:\/\/reihey.com\/tr\/wp-json\/wp\/v2\/media?parent=10646"}],"wp:term":[{"taxonomy":"product_brand","embeddable":true,"href":"https:\/\/reihey.com\/tr\/wp-json\/wp\/v2\/product_brand?post=10646"},{"taxonomy":"product_cat","embeddable":true,"href":"https:\/\/reihey.com\/tr\/wp-json\/wp\/v2\/product_cat?post=10646"},{"taxonomy":"product_tag","embeddable":true,"href":"https:\/\/reihey.com\/tr\/wp-json\/wp\/v2\/product_tag?post=10646"}],"curies":[{"name":"wp","href":"https:\/\/api.w.org\/{rel}","templated":true}]}}