{"id":10571,"date":"2025-08-27T11:36:13","date_gmt":"2025-08-27T11:36:13","guid":{"rendered":"https:\/\/slot71.silverline.dev\/?post_type=product&#038;p=10571"},"modified":"2025-10-28T10:36:40","modified_gmt":"2025-10-28T10:36:40","slug":"5-100ml-clear-glass-essential-oil-bottle-with-tamperproof-childproof-cap","status":"publish","type":"product","link":"https:\/\/reihey.com\/tr\/product\/5-100ml-clear-glass-essential-oil-bottle-with-tamperproof-childproof-cap\/","title":{"rendered":"5-100ml \u015eeffaf Cam Esans Ya\u011f\u0131 \u015fi\u015fesi, s\u00f6k\u00fclmez \u00e7ocuk kilitli kapak ile"},"content":{"rendered":"","protected":false},"excerpt":{"rendered":"<table class=\"desk-tab\">\n<tbody>\n<tr>\n<th>Malzeme<\/th>\n<th>Renk<\/th>\n<th>Kapasiteli<\/th>\n<th>Kapak<\/th>\n<th>Kullan\u0131m<\/th>\n<\/tr>\n<tr>\n<td>Cam<\/td>\n<td>\u015eeffaf<\/td>\n<td>5ml<\/td>\n<td>Damlal\u0131k<\/td>\n<td>Esansiyel Ya\u011f<\/td>\n<\/tr>\n<tr>\n<td><\/td>\n<td><\/td>\n<td>10ml<\/td>\n<td><\/td>\n<td>Parf\u00fcm<\/td>\n<\/tr>\n<tr>\n<td><\/td>\n<td><\/td>\n<td>15ml<\/td>\n<td><\/td>\n<td>Sa\u00e7 Ya\u011f\u0131<\/td>\n<\/tr>\n<tr>\n<td><\/td>\n<td><\/td>\n<td>20ml<\/td>\n<td><\/td>\n<td><\/td>\n<\/tr>\n<tr>\n<td><\/td>\n<td><\/td>\n<td>30ml<\/td>\n<td><\/td>\n<td><\/td>\n<\/tr>\n<tr>\n<td><\/td>\n<td><\/td>\n<td>50ml<\/td>\n<td><\/td>\n<td><\/td>\n<\/tr>\n<tr>\n<td><\/td>\n<td><\/td>\n<td>100ml<\/td>\n<td><\/td>\n<td><\/td>\n<\/tr>\n<\/tbody>\n<\/table>\n<table class=\"mob-tab\">\n<tbody>\n<tr>\n<th>Malzeme<\/th>\n<td>Cam<\/td>\n<\/tr>\n<tr>\n<th>Renk<\/th>\n<td>\u015eeffaf<\/td>\n<\/tr>\n<tr>\n<th>Kapasiteli<\/th>\n<td>5ml<br \/>\n10ml<br \/>\n15ml<br \/>\n20ml<br \/>\n30ml<br \/>\n50ml<br \/>\n100ml<\/td>\n<\/tr>\n<tr>\n<th>Kapak<\/th>\n<td>Damlal\u0131k<\/td>\n<\/tr>\n<tr>\n<th>Kullan\u0131m<\/th>\n<td>Esansiyel Ya\u011f<br \/>\nParf\u00fcm<br \/>\nSa\u00e7 Ya\u011f\u0131<\/td>\n<\/tr>\n<\/tbody>\n<\/table>\n<p>Dikkatle yede\u011fi bir pipet \/ damlal\u0131k kullanarak esansiyel ya\u011f\u0131 \u015fi\u015feye aktar\u0131n. Il\u0131k sabunlu suyla kolayca y\u0131kan\u0131r ve uzun s\u00fcre kullan\u0131labilir. S\u0131zd\u0131rmaz tasar\u0131m: vidal\u0131 di\u015fli u\u00e7 a\u011f\u0131z\u0131 \u00e7ekici alt\u0131n kaplama al\u00fcminyum ala\u015f\u0131m kapak ile e\u015fle\u015fir, s\u0131k\u0131ca oturur ve herhangi bir s\u0131v\u0131 s\u0131z\u0131nt\u0131s\u0131n\u0131 etkili bir \u015fekilde \u00f6nler.<\/p>","protected":false},"featured_media":992756,"comment_status":"closed","ping_status":"closed","template":"","meta":{"_acf_changed":false},"product_brand":[],"product_cat":[613,611,622],"product_tag":[],"class_list":{"0":"post-10571","1":"product","2":"type-product","3":"status-publish","4":"has-post-thumbnail","6":"product_cat-beauty","7":"product_cat-glass-bottle-manufacturer","8":"product_cat-wholesale-glass-essential-oil-bottle","10":"first","11":"instock","12":"shipping-taxable","13":"product-type-simple"},"acf":[],"yoast_head":"<!-- This site is optimized with the Yoast SEO plugin v26.7 - https:\/\/yoast.com\/wordpress\/plugins\/seo\/ -->\n<title>5-100ml Clear Glass Essential Oil bottle with tamperproof childproof cap - Reihey Glass<\/title>\n<meta name=\"robots\" content=\"index, follow, max-snippet:-1, max-image-preview:large, max-video-preview:-1\" \/>\n<link rel=\"canonical\" href=\"https:\/\/reihey.com\/tr\/product\/5-100ml-clear-glass-essential-oil-bottle-with-tamperproof-childproof-cap\/\" \/>\n<meta property=\"og:locale\" content=\"tr_TR\" \/>\n<meta property=\"og:type\" content=\"article\" \/>\n<meta property=\"og:title\" content=\"5-100ml Clear Glass Essential Oil bottle with tamperproof childproof cap - Reihey Glass\" \/>\n<meta property=\"og:description\" content=\"Material Color Capacity Lid Usage   Glass Clear 5ml Dropper Essential Oil     10ml  Perfume     15ml  Hair Oil     20ml       30ml       50ml       100ml         Material Glass   Color Clear   Capacity 5ml 10ml 15ml 20ml 30ml 50ml 100ml   Lid Dropper   Usage Essential Oil Perfume Hair Oil    Just use a pipette \/ pipette to transfer the essential oil to the bottle. Easy to wash with warm soapy water and can be used for a long time. Leakinggproof design: the screw thread finish bottle mouth is matched with a attractive golden plated aluminium alloy cap, which fits tightly and can effectively prevent any liquid leakage.\" \/>\n<meta property=\"og:url\" content=\"https:\/\/reihey.com\/tr\/product\/5-100ml-clear-glass-essential-oil-bottle-with-tamperproof-childproof-cap\/\" \/>\n<meta property=\"og:site_name\" content=\"Reihey Glass\" \/>\n<meta property=\"article:modified_time\" content=\"2025-10-28T10:36:40+00:00\" \/>\n<meta property=\"og:image\" content=\"https:\/\/reihey.com\/wp-content\/uploads\/2025\/08\/\u4e3b\u56fe-05-86.jpg\" \/>\n\t<meta property=\"og:image:width\" content=\"800\" \/>\n\t<meta property=\"og:image:height\" content=\"800\" \/>\n\t<meta property=\"og:image:type\" content=\"image\/jpeg\" \/>\n<meta name=\"twitter:card\" content=\"summary_large_image\" \/>\n<meta name=\"twitter:label1\" content=\"Est. reading time\" \/>\n\t<meta name=\"twitter:data1\" content=\"1 dakika\" \/>\n<script type=\"application\/ld+json\" class=\"yoast-schema-graph\">{\"@context\":\"https:\/\/schema.org\",\"@graph\":[{\"@type\":\"WebPage\",\"@id\":\"https:\/\/reihey.com\/product\/5-100ml-clear-glass-essential-oil-bottle-with-tamperproof-childproof-cap\/\",\"url\":\"https:\/\/reihey.com\/product\/5-100ml-clear-glass-essential-oil-bottle-with-tamperproof-childproof-cap\/\",\"name\":\"5-100ml Clear Glass Essential Oil bottle with tamperproof childproof cap - Reihey Glass\",\"isPartOf\":{\"@id\":\"https:\/\/reihey.com\/#website\"},\"primaryImageOfPage\":{\"@id\":\"https:\/\/reihey.com\/product\/5-100ml-clear-glass-essential-oil-bottle-with-tamperproof-childproof-cap\/#primaryimage\"},\"image\":{\"@id\":\"https:\/\/reihey.com\/product\/5-100ml-clear-glass-essential-oil-bottle-with-tamperproof-childproof-cap\/#primaryimage\"},\"thumbnailUrl\":\"https:\/\/reihey.com\/wp-content\/uploads\/2025\/08\/\u4e3b\u56fe-05-86.jpg\",\"datePublished\":\"2025-08-27T11:36:13+00:00\",\"dateModified\":\"2025-10-28T10:36:40+00:00\",\"breadcrumb\":{\"@id\":\"https:\/\/reihey.com\/product\/5-100ml-clear-glass-essential-oil-bottle-with-tamperproof-childproof-cap\/#breadcrumb\"},\"inLanguage\":\"tr\",\"potentialAction\":[{\"@type\":\"ReadAction\",\"target\":[\"https:\/\/reihey.com\/product\/5-100ml-clear-glass-essential-oil-bottle-with-tamperproof-childproof-cap\/\"]}]},{\"@type\":\"ImageObject\",\"inLanguage\":\"tr\",\"@id\":\"https:\/\/reihey.com\/product\/5-100ml-clear-glass-essential-oil-bottle-with-tamperproof-childproof-cap\/#primaryimage\",\"url\":\"https:\/\/reihey.com\/wp-content\/uploads\/2025\/08\/\u4e3b\u56fe-05-86.jpg\",\"contentUrl\":\"https:\/\/reihey.com\/wp-content\/uploads\/2025\/08\/\u4e3b\u56fe-05-86.jpg\",\"width\":800,\"height\":800},{\"@type\":\"BreadcrumbList\",\"@id\":\"https:\/\/reihey.com\/product\/5-100ml-clear-glass-essential-oil-bottle-with-tamperproof-childproof-cap\/#breadcrumb\",\"itemListElement\":[{\"@type\":\"ListItem\",\"position\":1,\"name\":\"Home\",\"item\":\"https:\/\/reihey.com\/\"},{\"@type\":\"ListItem\",\"position\":2,\"name\":\"Shop\",\"item\":\"https:\/\/reihey.com\/shop\/\"},{\"@type\":\"ListItem\",\"position\":3,\"name\":\"5-100ml Clear Glass Essential Oil bottle with tamperproof childproof cap\"}]},{\"@type\":\"WebSite\",\"@id\":\"https:\/\/reihey.com\/#website\",\"url\":\"https:\/\/reihey.com\/\",\"name\":\"Reihey Glass\",\"description\":\"\",\"publisher\":{\"@id\":\"https:\/\/reihey.com\/#organization\"},\"potentialAction\":[{\"@type\":\"SearchAction\",\"target\":{\"@type\":\"EntryPoint\",\"urlTemplate\":\"https:\/\/reihey.com\/?s={search_term_string}\"},\"query-input\":{\"@type\":\"PropertyValueSpecification\",\"valueRequired\":true,\"valueName\":\"search_term_string\"}}],\"inLanguage\":\"tr\"},{\"@type\":\"Organization\",\"@id\":\"https:\/\/reihey.com\/#organization\",\"name\":\"Reihey Glass\",\"url\":\"https:\/\/reihey.com\/\",\"logo\":{\"@type\":\"ImageObject\",\"inLanguage\":\"tr\",\"@id\":\"https:\/\/reihey.com\/#\/schema\/logo\/image\/\",\"url\":\"https:\/\/reihey.com\/wp-content\/uploads\/2023\/07\/Reihey-logo-2026.svg\",\"contentUrl\":\"https:\/\/reihey.com\/wp-content\/uploads\/2023\/07\/Reihey-logo-2026.svg\",\"width\":1984,\"height\":566,\"caption\":\"Reihey Glass\"},\"image\":{\"@id\":\"https:\/\/reihey.com\/#\/schema\/logo\/image\/\"}}]}<\/script>\n<!-- \/ Yoast SEO plugin. -->","yoast_head_json":{"title":"5-100ml Temiz Cam Esans Ya\u011f\u0131 \u015fi\u015fesi, s\u0131zd\u0131rmaz \u00e7ocuk kilitli kapak - Reihey Cam","robots":{"index":"index","follow":"follow","max-snippet":"max-snippet:-1","max-image-preview":"max-image-preview:large","max-video-preview":"max-video-preview:-1"},"canonical":"https:\/\/reihey.com\/tr\/product\/5-100ml-clear-glass-essential-oil-bottle-with-tamperproof-childproof-cap\/","og_locale":"tr_TR","og_type":"article","og_title":"5-100ml Clear Glass Essential Oil bottle with tamperproof childproof cap - Reihey Glass","og_description":"Material Color Capacity Lid Usage   Glass Clear 5ml Dropper Essential Oil     10ml  Perfume     15ml  Hair Oil     20ml       30ml       50ml       100ml         Material Glass   Color Clear   Capacity 5ml 10ml 15ml 20ml 30ml 50ml 100ml   Lid Dropper   Usage Essential Oil Perfume Hair Oil    Just use a pipette \/ pipette to transfer the essential oil to the bottle. Easy to wash with warm soapy water and can be used for a long time. Leakinggproof design: the screw thread finish bottle mouth is matched with a attractive golden plated aluminium alloy cap, which fits tightly and can effectively prevent any liquid leakage.","og_url":"https:\/\/reihey.com\/tr\/product\/5-100ml-clear-glass-essential-oil-bottle-with-tamperproof-childproof-cap\/","og_site_name":"Reihey Glass","article_modified_time":"2025-10-28T10:36:40+00:00","og_image":[{"width":800,"height":800,"url":"https:\/\/reihey.com\/wp-content\/uploads\/2025\/08\/\u4e3b\u56fe-05-86.jpg","type":"image\/jpeg"}],"twitter_card":"summary_large_image","twitter_misc":{"Est. reading time":"1 dakika"},"schema":{"@context":"https:\/\/schema.org","@graph":[{"@type":"WebPage","@id":"https:\/\/reihey.com\/product\/5-100ml-clear-glass-essential-oil-bottle-with-tamperproof-childproof-cap\/","url":"https:\/\/reihey.com\/product\/5-100ml-clear-glass-essential-oil-bottle-with-tamperproof-childproof-cap\/","name":"5-100ml Temiz Cam Esans Ya\u011f\u0131 \u015fi\u015fesi, s\u0131zd\u0131rmaz \u00e7ocuk kilitli kapak - Reihey Cam","isPartOf":{"@id":"https:\/\/reihey.com\/#website"},"primaryImageOfPage":{"@id":"https:\/\/reihey.com\/product\/5-100ml-clear-glass-essential-oil-bottle-with-tamperproof-childproof-cap\/#primaryimage"},"image":{"@id":"https:\/\/reihey.com\/product\/5-100ml-clear-glass-essential-oil-bottle-with-tamperproof-childproof-cap\/#primaryimage"},"thumbnailUrl":"https:\/\/reihey.com\/wp-content\/uploads\/2025\/08\/\u4e3b\u56fe-05-86.jpg","datePublished":"2025-08-27T11:36:13+00:00","dateModified":"2025-10-28T10:36:40+00:00","breadcrumb":{"@id":"https:\/\/reihey.com\/product\/5-100ml-clear-glass-essential-oil-bottle-with-tamperproof-childproof-cap\/#breadcrumb"},"inLanguage":"tr","potentialAction":[{"@type":"ReadAction","target":["https:\/\/reihey.com\/product\/5-100ml-clear-glass-essential-oil-bottle-with-tamperproof-childproof-cap\/"]}]},{"@type":"ImageObject","inLanguage":"tr","@id":"https:\/\/reihey.com\/product\/5-100ml-clear-glass-essential-oil-bottle-with-tamperproof-childproof-cap\/#primaryimage","url":"https:\/\/reihey.com\/wp-content\/uploads\/2025\/08\/\u4e3b\u56fe-05-86.jpg","contentUrl":"https:\/\/reihey.com\/wp-content\/uploads\/2025\/08\/\u4e3b\u56fe-05-86.jpg","width":800,"height":800},{"@type":"BreadcrumbList","@id":"https:\/\/reihey.com\/product\/5-100ml-clear-glass-essential-oil-bottle-with-tamperproof-childproof-cap\/#breadcrumb","itemListElement":[{"@type":"ListItem","position":1,"name":"Home","item":"https:\/\/reihey.com\/"},{"@type":"ListItem","position":2,"name":"Shop","item":"https:\/\/reihey.com\/shop\/"},{"@type":"ListItem","position":3,"name":"5-100ml Clear Glass Essential Oil bottle with tamperproof childproof cap"}]},{"@type":"WebSite","@id":"https:\/\/reihey.com\/#website","url":"https:\/\/reihey.com\/","name":"Reihey Cam","description":"","publisher":{"@id":"https:\/\/reihey.com\/#organization"},"potentialAction":[{"@type":"SearchAction","target":{"@type":"EntryPoint","urlTemplate":"https:\/\/reihey.com\/?s={search_term_string}"},"query-input":{"@type":"PropertyValueSpecification","valueRequired":true,"valueName":"search_term_string"}}],"inLanguage":"tr"},{"@type":"Organization","@id":"https:\/\/reihey.com\/#organization","name":"Reihey Cam","url":"https:\/\/reihey.com\/","logo":{"@type":"ImageObject","inLanguage":"tr","@id":"https:\/\/reihey.com\/#\/schema\/logo\/image\/","url":"https:\/\/reihey.com\/wp-content\/uploads\/2023\/07\/Reihey-logo-2026.svg","contentUrl":"https:\/\/reihey.com\/wp-content\/uploads\/2023\/07\/Reihey-logo-2026.svg","width":1984,"height":566,"caption":"Reihey Glass"},"image":{"@id":"https:\/\/reihey.com\/#\/schema\/logo\/image\/"}}]}},"_links":{"self":[{"href":"https:\/\/reihey.com\/tr\/wp-json\/wp\/v2\/product\/10571","targetHints":{"allow":["GET"]}}],"collection":[{"href":"https:\/\/reihey.com\/tr\/wp-json\/wp\/v2\/product"}],"about":[{"href":"https:\/\/reihey.com\/tr\/wp-json\/wp\/v2\/types\/product"}],"replies":[{"embeddable":true,"href":"https:\/\/reihey.com\/tr\/wp-json\/wp\/v2\/comments?post=10571"}],"version-history":[{"count":8,"href":"https:\/\/reihey.com\/tr\/wp-json\/wp\/v2\/product\/10571\/revisions"}],"predecessor-version":[{"id":994303,"href":"https:\/\/reihey.com\/tr\/wp-json\/wp\/v2\/product\/10571\/revisions\/994303"}],"wp:featuredmedia":[{"embeddable":true,"href":"https:\/\/reihey.com\/tr\/wp-json\/wp\/v2\/media\/992756"}],"wp:attachment":[{"href":"https:\/\/reihey.com\/tr\/wp-json\/wp\/v2\/media?parent=10571"}],"wp:term":[{"taxonomy":"product_brand","embeddable":true,"href":"https:\/\/reihey.com\/tr\/wp-json\/wp\/v2\/product_brand?post=10571"},{"taxonomy":"product_cat","embeddable":true,"href":"https:\/\/reihey.com\/tr\/wp-json\/wp\/v2\/product_cat?post=10571"},{"taxonomy":"product_tag","embeddable":true,"href":"https:\/\/reihey.com\/tr\/wp-json\/wp\/v2\/product_tag?post=10571"}],"curies":[{"name":"wp","href":"https:\/\/api.w.org\/{rel}","templated":true}]}}