{"id":10387,"date":"2025-08-27T11:34:07","date_gmt":"2025-08-27T11:34:07","guid":{"rendered":"https:\/\/slot71.silverline.dev\/?post_type=product&#038;p=10387"},"modified":"2025-10-28T11:34:06","modified_gmt":"2025-10-28T11:34:06","slug":"500ml-automatic-opening-and-closing-cover-glass-oil-bottle","status":"publish","type":"product","link":"https:\/\/reihey.com\/tr\/product\/500ml-automatic-opening-and-closing-cover-glass-oil-bottle\/","title":{"rendered":"500ml Otomatik A\u00e7ma ve Kapatma kapakl\u0131 Cam Ya\u011f \u015ei\u015fesi"},"content":{"rendered":"","protected":false},"excerpt":{"rendered":"<table class=\"desk-tab\">\n<tbody>\n<tr>\n<th>Malzeme<\/th>\n<th>Renk<\/th>\n<th>Kapasiteli<\/th>\n<th>Kapak<\/th>\n<th>Kullan\u0131m<\/th>\n<\/tr>\n<tr>\n<td>Cam<\/td>\n<td>\u015eeffaf<\/td>\n<td>500ml<\/td>\n<td>\u00a0Plastic + Stainless Steel<\/td>\n<td>G\u0131da<\/td>\n<\/tr>\n<\/tbody>\n<\/table>\n<table class=\"mob-tab\">\n<tbody>\n<tr>\n<th>Malzeme<\/th>\n<td>Cam<\/td>\n<\/tr>\n<tr>\n<th>Renk<\/th>\n<td>\u015eeffaf<\/td>\n<\/tr>\n<tr>\n<th>Kapasiteli<\/th>\n<td>500ml<\/td>\n<\/tr>\n<tr>\n<th>Kapak<\/th>\n<td>\u00a0Plastic + Stainless Steel<\/td>\n<\/tr>\n<tr>\n<th>Kullan\u0131m<\/th>\n<td>G\u0131da<\/td>\n<\/tr>\n<\/tbody>\n<\/table>\n<p>\u3010D\u00f6k\u00fclme \u00d6nleyici Tasar\u0131m\u3011 Ya\u011f da\u011f\u0131t\u0131c\u0131s\u0131 zeytinya\u011f\u0131, sirke, \u015farap, salata sosu i\u00e7in kendi yapt\u0131\u011f\u0131n\u0131z ac\u0131 biber ya\u011f\u0131, pi\u015firme, mangal i\u00e7in kullan\u0131ma uygundur; hatta bu \u015fi\u015fe ile ac\u0131 biber ya\u011f\u0131 kar\u0131\u015ft\u0131r\u0131labilir. \u015ei\u015fenin taban\u0131nda kaymaz tasar\u0131m vard\u0131r\u3010YA\u011e D\u00dcZENLEME KONTROL\u00dc\u3011 Ya\u011f \u015fi\u015fesi, yemeklerinize d\u00f6k\u00fclen ya\u011f, sos veya sirke miktar\u0131n\u0131 kontrol eder, b\u00f6ylece daha sa\u011fl\u0131kl\u0131 yemek yiyebilir ve da\u011f\u0131n\u0131kl\u0131\u011f\u0131 \u00f6nleyebilirsiniz. D\u00f6k\u00fclmeyi \u00f6nleyen tasar\u0131m vard\u0131r, cam \u015fi\u015fe ya\u011f s\u0131zd\u0131rmas\u0131n\u0131 etkili bir \u015fekilde \u00f6nler, her zaman temiz ve hijyenik kal\u0131r, \u00fcst k\u0131sm\u0131nda k\u00fc\u00e7\u00fck kap i\u00e7erikleri her zaman taze tutar.<\/p>","protected":false},"featured_media":992622,"comment_status":"closed","ping_status":"closed","template":"","meta":{"_acf_changed":false},"product_brand":[],"product_cat":[611,619],"product_tag":[],"class_list":{"0":"post-10387","1":"product","2":"type-product","3":"status-publish","4":"has-post-thumbnail","6":"product_cat-glass-bottle-manufacturer","7":"product_cat-glass-oil-bottle-manufacturer","9":"first","10":"instock","11":"shipping-taxable","12":"product-type-simple"},"acf":[],"yoast_head":"<!-- This site is optimized with the Yoast SEO plugin v26.7 - https:\/\/yoast.com\/wordpress\/plugins\/seo\/ -->\n<title>500ml Automatic Opening and Closing cover Glass Oil Bottle - Reihey Glass<\/title>\n<meta name=\"robots\" content=\"index, follow, max-snippet:-1, max-image-preview:large, max-video-preview:-1\" \/>\n<link rel=\"canonical\" href=\"https:\/\/reihey.com\/tr\/product\/500ml-automatic-opening-and-closing-cover-glass-oil-bottle\/\" \/>\n<meta property=\"og:locale\" content=\"tr_TR\" \/>\n<meta property=\"og:type\" content=\"article\" \/>\n<meta property=\"og:title\" content=\"500ml Automatic Opening and Closing cover Glass Oil Bottle - Reihey Glass\" \/>\n<meta property=\"og:description\" content=\"Material Color Capacity Lid Usage   Glass Clear 500ml \u00a0Plastic + Stainless Steel Food       Material Glass   Color Clear   Capacity 500ml   Lid \u00a0Plastic + Stainless Steel   Usage Food    \u3010Non-drip Design\u3011 Oil dispenser can be used for olive oil, vinegar, wine, your homemade chilli oil for salad dressing, cooking, barbecue, even can use this bottle mix your chilli oil. There is non-slip design at the bottom of the bottle\u3010CONTROL OIL DISPENSING\u3011 Oil bottle controls the amount of oil, dressing, or vinegar poured into your dishes,thus eating healthier and preventing messes. There is anti-drip design, the glass bottle can prevent effectively oil leaking, always keep your glass bottle clean and hygienic, little cap on the top, can keep the contents always remain fresh.\" \/>\n<meta property=\"og:url\" content=\"https:\/\/reihey.com\/tr\/product\/500ml-automatic-opening-and-closing-cover-glass-oil-bottle\/\" \/>\n<meta property=\"og:site_name\" content=\"Reihey Glass\" \/>\n<meta property=\"article:modified_time\" content=\"2025-10-28T11:34:06+00:00\" \/>\n<meta property=\"og:image\" content=\"https:\/\/reihey.com\/wp-content\/uploads\/2025\/08\/\u4e3b\u56fe-05-89.jpg\" \/>\n\t<meta property=\"og:image:width\" content=\"800\" \/>\n\t<meta property=\"og:image:height\" content=\"800\" \/>\n\t<meta property=\"og:image:type\" content=\"image\/jpeg\" \/>\n<meta name=\"twitter:card\" content=\"summary_large_image\" \/>\n<meta name=\"twitter:label1\" content=\"Est. reading time\" \/>\n\t<meta name=\"twitter:data1\" content=\"2 dakika\" \/>\n<script type=\"application\/ld+json\" class=\"yoast-schema-graph\">{\"@context\":\"https:\/\/schema.org\",\"@graph\":[{\"@type\":\"WebPage\",\"@id\":\"https:\/\/reihey.com\/product\/500ml-automatic-opening-and-closing-cover-glass-oil-bottle\/\",\"url\":\"https:\/\/reihey.com\/product\/500ml-automatic-opening-and-closing-cover-glass-oil-bottle\/\",\"name\":\"500ml Automatic Opening and Closing cover Glass Oil Bottle - Reihey Glass\",\"isPartOf\":{\"@id\":\"https:\/\/reihey.com\/#website\"},\"primaryImageOfPage\":{\"@id\":\"https:\/\/reihey.com\/product\/500ml-automatic-opening-and-closing-cover-glass-oil-bottle\/#primaryimage\"},\"image\":{\"@id\":\"https:\/\/reihey.com\/product\/500ml-automatic-opening-and-closing-cover-glass-oil-bottle\/#primaryimage\"},\"thumbnailUrl\":\"https:\/\/reihey.com\/wp-content\/uploads\/2025\/08\/\u4e3b\u56fe-05-89.jpg\",\"datePublished\":\"2025-08-27T11:34:07+00:00\",\"dateModified\":\"2025-10-28T11:34:06+00:00\",\"breadcrumb\":{\"@id\":\"https:\/\/reihey.com\/product\/500ml-automatic-opening-and-closing-cover-glass-oil-bottle\/#breadcrumb\"},\"inLanguage\":\"tr\",\"potentialAction\":[{\"@type\":\"ReadAction\",\"target\":[\"https:\/\/reihey.com\/product\/500ml-automatic-opening-and-closing-cover-glass-oil-bottle\/\"]}]},{\"@type\":\"ImageObject\",\"inLanguage\":\"tr\",\"@id\":\"https:\/\/reihey.com\/product\/500ml-automatic-opening-and-closing-cover-glass-oil-bottle\/#primaryimage\",\"url\":\"https:\/\/reihey.com\/wp-content\/uploads\/2025\/08\/\u4e3b\u56fe-05-89.jpg\",\"contentUrl\":\"https:\/\/reihey.com\/wp-content\/uploads\/2025\/08\/\u4e3b\u56fe-05-89.jpg\",\"width\":800,\"height\":800},{\"@type\":\"BreadcrumbList\",\"@id\":\"https:\/\/reihey.com\/product\/500ml-automatic-opening-and-closing-cover-glass-oil-bottle\/#breadcrumb\",\"itemListElement\":[{\"@type\":\"ListItem\",\"position\":1,\"name\":\"Home\",\"item\":\"https:\/\/reihey.com\/\"},{\"@type\":\"ListItem\",\"position\":2,\"name\":\"Shop\",\"item\":\"https:\/\/reihey.com\/shop\/\"},{\"@type\":\"ListItem\",\"position\":3,\"name\":\"500ml Automatic Opening and Closing cover Glass Oil Bottle\"}]},{\"@type\":\"WebSite\",\"@id\":\"https:\/\/reihey.com\/#website\",\"url\":\"https:\/\/reihey.com\/\",\"name\":\"Reihey Glass\",\"description\":\"\",\"publisher\":{\"@id\":\"https:\/\/reihey.com\/#organization\"},\"potentialAction\":[{\"@type\":\"SearchAction\",\"target\":{\"@type\":\"EntryPoint\",\"urlTemplate\":\"https:\/\/reihey.com\/?s={search_term_string}\"},\"query-input\":{\"@type\":\"PropertyValueSpecification\",\"valueRequired\":true,\"valueName\":\"search_term_string\"}}],\"inLanguage\":\"tr\"},{\"@type\":\"Organization\",\"@id\":\"https:\/\/reihey.com\/#organization\",\"name\":\"Reihey Glass\",\"url\":\"https:\/\/reihey.com\/\",\"logo\":{\"@type\":\"ImageObject\",\"inLanguage\":\"tr\",\"@id\":\"https:\/\/reihey.com\/#\/schema\/logo\/image\/\",\"url\":\"https:\/\/reihey.com\/wp-content\/uploads\/2023\/07\/Reihey-logo-2026.svg\",\"contentUrl\":\"https:\/\/reihey.com\/wp-content\/uploads\/2023\/07\/Reihey-logo-2026.svg\",\"width\":1984,\"height\":566,\"caption\":\"Reihey Glass\"},\"image\":{\"@id\":\"https:\/\/reihey.com\/#\/schema\/logo\/image\/\"}}]}<\/script>\n<!-- \/ Yoast SEO plugin. -->","yoast_head_json":{"title":"500ml Otomatik A\u00e7\u0131l\u0131r-Kapan\u0131r kapak Cam Ya\u011f \u015ei\u015fesi - Reihen Glass","robots":{"index":"index","follow":"follow","max-snippet":"max-snippet:-1","max-image-preview":"max-image-preview:large","max-video-preview":"max-video-preview:-1"},"canonical":"https:\/\/reihey.com\/tr\/product\/500ml-automatic-opening-and-closing-cover-glass-oil-bottle\/","og_locale":"tr_TR","og_type":"article","og_title":"500ml Automatic Opening and Closing cover Glass Oil Bottle - Reihey Glass","og_description":"Material Color Capacity Lid Usage   Glass Clear 500ml \u00a0Plastic + Stainless Steel Food       Material Glass   Color Clear   Capacity 500ml   Lid \u00a0Plastic + Stainless Steel   Usage Food    \u3010Non-drip Design\u3011 Oil dispenser can be used for olive oil, vinegar, wine, your homemade chilli oil for salad dressing, cooking, barbecue, even can use this bottle mix your chilli oil. There is non-slip design at the bottom of the bottle\u3010CONTROL OIL DISPENSING\u3011 Oil bottle controls the amount of oil, dressing, or vinegar poured into your dishes,thus eating healthier and preventing messes. There is anti-drip design, the glass bottle can prevent effectively oil leaking, always keep your glass bottle clean and hygienic, little cap on the top, can keep the contents always remain fresh.","og_url":"https:\/\/reihey.com\/tr\/product\/500ml-automatic-opening-and-closing-cover-glass-oil-bottle\/","og_site_name":"Reihey Glass","article_modified_time":"2025-10-28T11:34:06+00:00","og_image":[{"width":800,"height":800,"url":"https:\/\/reihey.com\/wp-content\/uploads\/2025\/08\/\u4e3b\u56fe-05-89.jpg","type":"image\/jpeg"}],"twitter_card":"summary_large_image","twitter_misc":{"Est. reading time":"2 dakika"},"schema":{"@context":"https:\/\/schema.org","@graph":[{"@type":"WebPage","@id":"https:\/\/reihey.com\/product\/500ml-automatic-opening-and-closing-cover-glass-oil-bottle\/","url":"https:\/\/reihey.com\/product\/500ml-automatic-opening-and-closing-cover-glass-oil-bottle\/","name":"500ml Otomatik A\u00e7\u0131l\u0131r-Kapan\u0131r kapak Cam Ya\u011f \u015ei\u015fesi - Reihen Glass","isPartOf":{"@id":"https:\/\/reihey.com\/#website"},"primaryImageOfPage":{"@id":"https:\/\/reihey.com\/product\/500ml-automatic-opening-and-closing-cover-glass-oil-bottle\/#primaryimage"},"image":{"@id":"https:\/\/reihey.com\/product\/500ml-automatic-opening-and-closing-cover-glass-oil-bottle\/#primaryimage"},"thumbnailUrl":"https:\/\/reihey.com\/wp-content\/uploads\/2025\/08\/\u4e3b\u56fe-05-89.jpg","datePublished":"2025-08-27T11:34:07+00:00","dateModified":"2025-10-28T11:34:06+00:00","breadcrumb":{"@id":"https:\/\/reihey.com\/product\/500ml-automatic-opening-and-closing-cover-glass-oil-bottle\/#breadcrumb"},"inLanguage":"tr","potentialAction":[{"@type":"ReadAction","target":["https:\/\/reihey.com\/product\/500ml-automatic-opening-and-closing-cover-glass-oil-bottle\/"]}]},{"@type":"ImageObject","inLanguage":"tr","@id":"https:\/\/reihey.com\/product\/500ml-automatic-opening-and-closing-cover-glass-oil-bottle\/#primaryimage","url":"https:\/\/reihey.com\/wp-content\/uploads\/2025\/08\/\u4e3b\u56fe-05-89.jpg","contentUrl":"https:\/\/reihey.com\/wp-content\/uploads\/2025\/08\/\u4e3b\u56fe-05-89.jpg","width":800,"height":800},{"@type":"BreadcrumbList","@id":"https:\/\/reihey.com\/product\/500ml-automatic-opening-and-closing-cover-glass-oil-bottle\/#breadcrumb","itemListElement":[{"@type":"ListItem","position":1,"name":"Home","item":"https:\/\/reihey.com\/"},{"@type":"ListItem","position":2,"name":"Shop","item":"https:\/\/reihey.com\/shop\/"},{"@type":"ListItem","position":3,"name":"500ml Automatic Opening and Closing cover Glass Oil Bottle"}]},{"@type":"WebSite","@id":"https:\/\/reihey.com\/#website","url":"https:\/\/reihey.com\/","name":"Reihey Cam","description":"","publisher":{"@id":"https:\/\/reihey.com\/#organization"},"potentialAction":[{"@type":"SearchAction","target":{"@type":"EntryPoint","urlTemplate":"https:\/\/reihey.com\/?s={search_term_string}"},"query-input":{"@type":"PropertyValueSpecification","valueRequired":true,"valueName":"search_term_string"}}],"inLanguage":"tr"},{"@type":"Organization","@id":"https:\/\/reihey.com\/#organization","name":"Reihey Cam","url":"https:\/\/reihey.com\/","logo":{"@type":"ImageObject","inLanguage":"tr","@id":"https:\/\/reihey.com\/#\/schema\/logo\/image\/","url":"https:\/\/reihey.com\/wp-content\/uploads\/2023\/07\/Reihey-logo-2026.svg","contentUrl":"https:\/\/reihey.com\/wp-content\/uploads\/2023\/07\/Reihey-logo-2026.svg","width":1984,"height":566,"caption":"Reihey Glass"},"image":{"@id":"https:\/\/reihey.com\/#\/schema\/logo\/image\/"}}]}},"_links":{"self":[{"href":"https:\/\/reihey.com\/tr\/wp-json\/wp\/v2\/product\/10387","targetHints":{"allow":["GET"]}}],"collection":[{"href":"https:\/\/reihey.com\/tr\/wp-json\/wp\/v2\/product"}],"about":[{"href":"https:\/\/reihey.com\/tr\/wp-json\/wp\/v2\/types\/product"}],"replies":[{"embeddable":true,"href":"https:\/\/reihey.com\/tr\/wp-json\/wp\/v2\/comments?post=10387"}],"version-history":[{"count":6,"href":"https:\/\/reihey.com\/tr\/wp-json\/wp\/v2\/product\/10387\/revisions"}],"predecessor-version":[{"id":997838,"href":"https:\/\/reihey.com\/tr\/wp-json\/wp\/v2\/product\/10387\/revisions\/997838"}],"wp:featuredmedia":[{"embeddable":true,"href":"https:\/\/reihey.com\/tr\/wp-json\/wp\/v2\/media\/992622"}],"wp:attachment":[{"href":"https:\/\/reihey.com\/tr\/wp-json\/wp\/v2\/media?parent=10387"}],"wp:term":[{"taxonomy":"product_brand","embeddable":true,"href":"https:\/\/reihey.com\/tr\/wp-json\/wp\/v2\/product_brand?post=10387"},{"taxonomy":"product_cat","embeddable":true,"href":"https:\/\/reihey.com\/tr\/wp-json\/wp\/v2\/product_cat?post=10387"},{"taxonomy":"product_tag","embeddable":true,"href":"https:\/\/reihey.com\/tr\/wp-json\/wp\/v2\/product_tag?post=10387"}],"curies":[{"name":"wp","href":"https:\/\/api.w.org\/{rel}","templated":true}]}}