{"id":10181,"date":"2025-08-27T11:17:45","date_gmt":"2025-08-27T11:17:45","guid":{"rendered":"https:\/\/slot71.silverline.dev\/?post_type=product&#038;p=10181"},"modified":"2025-10-28T12:13:12","modified_gmt":"2025-10-28T12:13:12","slug":"500ml-black-white-glass-lotion-bottle-with-plasticwooden-cap","status":"publish","type":"product","link":"https:\/\/reihey.com\/tr\/product\/500ml-black-white-glass-lotion-bottle-with-plasticwooden-cap\/","title":{"rendered":"500ml Siyah Beyaz Cam Losyon \u015ei\u015fesi Plastik ve ah\u015fap kapak ile"},"content":{"rendered":"","protected":false},"excerpt":{"rendered":"<table class=\"desk-tab\">\n<tbody>\n<tr>\n<th>Malzeme<\/th>\n<th>Renk<\/th>\n<th>Kapasiteli<\/th>\n<th>Kapak<\/th>\n<th>Kullan\u0131m<\/th>\n<\/tr>\n<tr>\n<td>Cam<\/td>\n<td>Siyah<\/td>\n<td>500ml<\/td>\n<td>Plastik ve Ah\u015fap<\/td>\n<td>Cilt Bak\u0131m\u0131 Ambalaj\u0131<\/td>\n<\/tr>\n<tr>\n<td><\/td>\n<td>Beyaz<\/td>\n<td><\/td>\n<td><\/td>\n<td><\/td>\n<\/tr>\n<\/tbody>\n<\/table>\n<table class=\"mob-tab\">\n<tbody>\n<tr>\n<th>Malzeme<\/th>\n<td>Cam<\/td>\n<\/tr>\n<tr>\n<th>Renk<\/th>\n<td>Siyah<br \/>\nBeyaz<\/td>\n<\/tr>\n<tr>\n<th>Kapasiteli<\/th>\n<td>500ml<\/td>\n<\/tr>\n<tr>\n<th>Kapak<\/th>\n<td>Plastik ve Ah\u015fap<\/td>\n<\/tr>\n<tr>\n<th>Kullan\u0131m<\/th>\n<td>Cilt Bak\u0131m\u0131 Ambalaj\u0131<\/td>\n<\/tr>\n<\/tbody>\n<\/table>\n<p>Bas\u0131n\u00e7 pompa ba\u015f\u0131n\u0131n tasar\u0131m\u0131, losyonun d\u00fczg\u00fcn ve e\u015fit \u015fekilde bo\u015falmas\u0131n\u0131 sa\u011flar. Doldurma ve temizleme kolayd\u0131r, kapa\u011f\u0131n t\u0131kanmadan kilitlenmesi m\u00fcmk\u00fcnd\u00fcr, koku yok, s\u0131zd\u0131rma endi\u015fesi yok. Makyaj da\u011f\u0131t\u0131c\u0131s\u0131, losyon\/krem\/essansiyel ya\u011f\/\u015fampuan, cilt kremleri vb. i\u00e7in m\u00fckemmel. Seyahat veya kamp veya di\u011fer a\u00e7\u0131k hava kullan\u0131mlar\u0131 i\u00e7in uygundur. Cepenize kolayca s\u0131\u011fd\u0131r\u0131labilir, her yere ta\u015f\u0131mak \u00e7ok kolay<\/p>","protected":false},"featured_media":992480,"comment_status":"closed","ping_status":"closed","template":"","meta":{"_acf_changed":false},"product_brand":[],"product_cat":[613,611,627],"product_tag":[],"class_list":{"0":"post-10181","1":"product","2":"type-product","3":"status-publish","4":"has-post-thumbnail","6":"product_cat-beauty","7":"product_cat-glass-bottle-manufacturer","8":"product_cat-wholesale-glass-lotion-bottle","10":"first","11":"instock","12":"shipping-taxable","13":"product-type-simple"},"acf":[],"yoast_head":"<!-- This site is optimized with the Yoast SEO plugin v26.7 - https:\/\/yoast.com\/wordpress\/plugins\/seo\/ -->\n<title>500ml Black White Glass Lotion Bottle with Plastic&amp;wooden cap - Reihey Glass<\/title>\n<meta name=\"robots\" content=\"index, follow, max-snippet:-1, max-image-preview:large, max-video-preview:-1\" \/>\n<link rel=\"canonical\" href=\"https:\/\/reihey.com\/tr\/product\/500ml-black-white-glass-lotion-bottle-with-plasticwooden-cap\/\" \/>\n<meta property=\"og:locale\" content=\"tr_TR\" \/>\n<meta property=\"og:type\" content=\"article\" \/>\n<meta property=\"og:title\" content=\"500ml Black White Glass Lotion Bottle with Plastic&amp;wooden cap - Reihey Glass\" \/>\n<meta property=\"og:description\" content=\"Material Color Capacity Lid Usage   Glass Black 500ml Plastic &amp; Wooden Skin Care Packaging    White          Material Glass   Color Black White   Capacity 500ml   Lid Plastic &amp; Wooden   Usage Skin Care Packaging    The design of pressure pump head makes it smooth and uniform to discharge the lotion. Easy to fill and clean, the cap can be locked without clogging, no odor, no need to worry about leak-off. Perfect for makeup dispenser, lotion\/cream\/essential oil\/ shampoo, skin creams and etc. suit for traveling or camping or other outside.easy to put it in your pouch,very convenient to carry everywhere\" \/>\n<meta property=\"og:url\" content=\"https:\/\/reihey.com\/tr\/product\/500ml-black-white-glass-lotion-bottle-with-plasticwooden-cap\/\" \/>\n<meta property=\"og:site_name\" content=\"Reihey Glass\" \/>\n<meta property=\"article:modified_time\" content=\"2025-10-28T12:13:12+00:00\" \/>\n<meta property=\"og:image\" content=\"https:\/\/reihey.com\/wp-content\/uploads\/2025\/08\/sd-1.jpg\" \/>\n\t<meta property=\"og:image:width\" content=\"800\" \/>\n\t<meta property=\"og:image:height\" content=\"800\" \/>\n\t<meta property=\"og:image:type\" content=\"image\/jpeg\" \/>\n<meta name=\"twitter:card\" content=\"summary_large_image\" \/>\n<meta name=\"twitter:label1\" content=\"Est. reading time\" \/>\n\t<meta name=\"twitter:data1\" content=\"1 dakika\" \/>\n<script type=\"application\/ld+json\" class=\"yoast-schema-graph\">{\"@context\":\"https:\/\/schema.org\",\"@graph\":[{\"@type\":\"WebPage\",\"@id\":\"https:\/\/reihey.com\/product\/500ml-black-white-glass-lotion-bottle-with-plasticwooden-cap\/\",\"url\":\"https:\/\/reihey.com\/product\/500ml-black-white-glass-lotion-bottle-with-plasticwooden-cap\/\",\"name\":\"500ml Black White Glass Lotion Bottle with Plastic&amp;wooden cap - Reihey Glass\",\"isPartOf\":{\"@id\":\"https:\/\/reihey.com\/#website\"},\"primaryImageOfPage\":{\"@id\":\"https:\/\/reihey.com\/product\/500ml-black-white-glass-lotion-bottle-with-plasticwooden-cap\/#primaryimage\"},\"image\":{\"@id\":\"https:\/\/reihey.com\/product\/500ml-black-white-glass-lotion-bottle-with-plasticwooden-cap\/#primaryimage\"},\"thumbnailUrl\":\"https:\/\/reihey.com\/wp-content\/uploads\/2025\/08\/sd-1.jpg\",\"datePublished\":\"2025-08-27T11:17:45+00:00\",\"dateModified\":\"2025-10-28T12:13:12+00:00\",\"breadcrumb\":{\"@id\":\"https:\/\/reihey.com\/product\/500ml-black-white-glass-lotion-bottle-with-plasticwooden-cap\/#breadcrumb\"},\"inLanguage\":\"tr\",\"potentialAction\":[{\"@type\":\"ReadAction\",\"target\":[\"https:\/\/reihey.com\/product\/500ml-black-white-glass-lotion-bottle-with-plasticwooden-cap\/\"]}]},{\"@type\":\"ImageObject\",\"inLanguage\":\"tr\",\"@id\":\"https:\/\/reihey.com\/product\/500ml-black-white-glass-lotion-bottle-with-plasticwooden-cap\/#primaryimage\",\"url\":\"https:\/\/reihey.com\/wp-content\/uploads\/2025\/08\/sd-1.jpg\",\"contentUrl\":\"https:\/\/reihey.com\/wp-content\/uploads\/2025\/08\/sd-1.jpg\",\"width\":800,\"height\":800},{\"@type\":\"BreadcrumbList\",\"@id\":\"https:\/\/reihey.com\/product\/500ml-black-white-glass-lotion-bottle-with-plasticwooden-cap\/#breadcrumb\",\"itemListElement\":[{\"@type\":\"ListItem\",\"position\":1,\"name\":\"Home\",\"item\":\"https:\/\/reihey.com\/\"},{\"@type\":\"ListItem\",\"position\":2,\"name\":\"Shop\",\"item\":\"https:\/\/reihey.com\/shop\/\"},{\"@type\":\"ListItem\",\"position\":3,\"name\":\"500ml Black White Glass Lotion Bottle with Plastic&amp;wooden cap\"}]},{\"@type\":\"WebSite\",\"@id\":\"https:\/\/reihey.com\/#website\",\"url\":\"https:\/\/reihey.com\/\",\"name\":\"Reihey Glass\",\"description\":\"\",\"publisher\":{\"@id\":\"https:\/\/reihey.com\/#organization\"},\"potentialAction\":[{\"@type\":\"SearchAction\",\"target\":{\"@type\":\"EntryPoint\",\"urlTemplate\":\"https:\/\/reihey.com\/?s={search_term_string}\"},\"query-input\":{\"@type\":\"PropertyValueSpecification\",\"valueRequired\":true,\"valueName\":\"search_term_string\"}}],\"inLanguage\":\"tr\"},{\"@type\":\"Organization\",\"@id\":\"https:\/\/reihey.com\/#organization\",\"name\":\"Reihey Glass\",\"url\":\"https:\/\/reihey.com\/\",\"logo\":{\"@type\":\"ImageObject\",\"inLanguage\":\"tr\",\"@id\":\"https:\/\/reihey.com\/#\/schema\/logo\/image\/\",\"url\":\"https:\/\/reihey.com\/wp-content\/uploads\/2023\/07\/Reihey-logo-2026.svg\",\"contentUrl\":\"https:\/\/reihey.com\/wp-content\/uploads\/2023\/07\/Reihey-logo-2026.svg\",\"width\":1984,\"height\":566,\"caption\":\"Reihey Glass\"},\"image\":{\"@id\":\"https:\/\/reihey.com\/#\/schema\/logo\/image\/\"}}]}<\/script>\n<!-- \/ Yoast SEO plugin. -->","yoast_head_json":{"title":"500ml Black White Glass Lotion Bottle with Plastic&amp;wooden cap - Reihey Glass","robots":{"index":"index","follow":"follow","max-snippet":"max-snippet:-1","max-image-preview":"max-image-preview:large","max-video-preview":"max-video-preview:-1"},"canonical":"https:\/\/reihey.com\/tr\/product\/500ml-black-white-glass-lotion-bottle-with-plasticwooden-cap\/","og_locale":"tr_TR","og_type":"article","og_title":"500ml Black White Glass Lotion Bottle with Plastic&amp;wooden cap - Reihey Glass","og_description":"Material Color Capacity Lid Usage   Glass Black 500ml Plastic &amp; Wooden Skin Care Packaging    White          Material Glass   Color Black White   Capacity 500ml   Lid Plastic &amp; Wooden   Usage Skin Care Packaging    The design of pressure pump head makes it smooth and uniform to discharge the lotion. Easy to fill and clean, the cap can be locked without clogging, no odor, no need to worry about leak-off. Perfect for makeup dispenser, lotion\/cream\/essential oil\/ shampoo, skin creams and etc. suit for traveling or camping or other outside.easy to put it in your pouch,very convenient to carry everywhere","og_url":"https:\/\/reihey.com\/tr\/product\/500ml-black-white-glass-lotion-bottle-with-plasticwooden-cap\/","og_site_name":"Reihey Glass","article_modified_time":"2025-10-28T12:13:12+00:00","og_image":[{"width":800,"height":800,"url":"https:\/\/reihey.com\/wp-content\/uploads\/2025\/08\/sd-1.jpg","type":"image\/jpeg"}],"twitter_card":"summary_large_image","twitter_misc":{"Est. reading time":"1 dakika"},"schema":{"@context":"https:\/\/schema.org","@graph":[{"@type":"WebPage","@id":"https:\/\/reihey.com\/product\/500ml-black-white-glass-lotion-bottle-with-plasticwooden-cap\/","url":"https:\/\/reihey.com\/product\/500ml-black-white-glass-lotion-bottle-with-plasticwooden-cap\/","name":"500ml Siyah Beyaz Cam Losyon \u015ei\u015fesi Plastik ve ah\u015fap kapak - Reihey Glass","isPartOf":{"@id":"https:\/\/reihey.com\/#website"},"primaryImageOfPage":{"@id":"https:\/\/reihey.com\/product\/500ml-black-white-glass-lotion-bottle-with-plasticwooden-cap\/#primaryimage"},"image":{"@id":"https:\/\/reihey.com\/product\/500ml-black-white-glass-lotion-bottle-with-plasticwooden-cap\/#primaryimage"},"thumbnailUrl":"https:\/\/reihey.com\/wp-content\/uploads\/2025\/08\/sd-1.jpg","datePublished":"2025-08-27T11:17:45+00:00","dateModified":"2025-10-28T12:13:12+00:00","breadcrumb":{"@id":"https:\/\/reihey.com\/product\/500ml-black-white-glass-lotion-bottle-with-plasticwooden-cap\/#breadcrumb"},"inLanguage":"tr","potentialAction":[{"@type":"ReadAction","target":["https:\/\/reihey.com\/product\/500ml-black-white-glass-lotion-bottle-with-plasticwooden-cap\/"]}]},{"@type":"ImageObject","inLanguage":"tr","@id":"https:\/\/reihey.com\/product\/500ml-black-white-glass-lotion-bottle-with-plasticwooden-cap\/#primaryimage","url":"https:\/\/reihey.com\/wp-content\/uploads\/2025\/08\/sd-1.jpg","contentUrl":"https:\/\/reihey.com\/wp-content\/uploads\/2025\/08\/sd-1.jpg","width":800,"height":800},{"@type":"BreadcrumbList","@id":"https:\/\/reihey.com\/product\/500ml-black-white-glass-lotion-bottle-with-plasticwooden-cap\/#breadcrumb","itemListElement":[{"@type":"ListItem","position":1,"name":"Home","item":"https:\/\/reihey.com\/"},{"@type":"ListItem","position":2,"name":"Shop","item":"https:\/\/reihey.com\/shop\/"},{"@type":"ListItem","position":3,"name":"500ml Black White Glass Lotion Bottle with Plastic&amp;wooden cap"}]},{"@type":"WebSite","@id":"https:\/\/reihey.com\/#website","url":"https:\/\/reihey.com\/","name":"Reihey Cam","description":"","publisher":{"@id":"https:\/\/reihey.com\/#organization"},"potentialAction":[{"@type":"SearchAction","target":{"@type":"EntryPoint","urlTemplate":"https:\/\/reihey.com\/?s={search_term_string}"},"query-input":{"@type":"PropertyValueSpecification","valueRequired":true,"valueName":"search_term_string"}}],"inLanguage":"tr"},{"@type":"Organization","@id":"https:\/\/reihey.com\/#organization","name":"Reihey Cam","url":"https:\/\/reihey.com\/","logo":{"@type":"ImageObject","inLanguage":"tr","@id":"https:\/\/reihey.com\/#\/schema\/logo\/image\/","url":"https:\/\/reihey.com\/wp-content\/uploads\/2023\/07\/Reihey-logo-2026.svg","contentUrl":"https:\/\/reihey.com\/wp-content\/uploads\/2023\/07\/Reihey-logo-2026.svg","width":1984,"height":566,"caption":"Reihey Glass"},"image":{"@id":"https:\/\/reihey.com\/#\/schema\/logo\/image\/"}}]}},"_links":{"self":[{"href":"https:\/\/reihey.com\/tr\/wp-json\/wp\/v2\/product\/10181","targetHints":{"allow":["GET"]}}],"collection":[{"href":"https:\/\/reihey.com\/tr\/wp-json\/wp\/v2\/product"}],"about":[{"href":"https:\/\/reihey.com\/tr\/wp-json\/wp\/v2\/types\/product"}],"replies":[{"embeddable":true,"href":"https:\/\/reihey.com\/tr\/wp-json\/wp\/v2\/comments?post=10181"}],"version-history":[{"count":6,"href":"https:\/\/reihey.com\/tr\/wp-json\/wp\/v2\/product\/10181\/revisions"}],"predecessor-version":[{"id":997885,"href":"https:\/\/reihey.com\/tr\/wp-json\/wp\/v2\/product\/10181\/revisions\/997885"}],"wp:featuredmedia":[{"embeddable":true,"href":"https:\/\/reihey.com\/tr\/wp-json\/wp\/v2\/media\/992480"}],"wp:attachment":[{"href":"https:\/\/reihey.com\/tr\/wp-json\/wp\/v2\/media?parent=10181"}],"wp:term":[{"taxonomy":"product_brand","embeddable":true,"href":"https:\/\/reihey.com\/tr\/wp-json\/wp\/v2\/product_brand?post=10181"},{"taxonomy":"product_cat","embeddable":true,"href":"https:\/\/reihey.com\/tr\/wp-json\/wp\/v2\/product_cat?post=10181"},{"taxonomy":"product_tag","embeddable":true,"href":"https:\/\/reihey.com\/tr\/wp-json\/wp\/v2\/product_tag?post=10181"}],"curies":[{"name":"wp","href":"https:\/\/api.w.org\/{rel}","templated":true}]}}