{"id":9246,"date":"2025-08-27T10:53:44","date_gmt":"2025-08-27T10:53:44","guid":{"rendered":"https:\/\/slot71.silverline.dev\/?post_type=product&#038;p=9246"},"modified":"2025-10-28T12:55:52","modified_gmt":"2025-10-28T12:55:52","slug":"20g-clear-glass-cream-jar-with-red-cap","status":"publish","type":"product","link":"https:\/\/reihey.com\/it\/product\/20g-clear-glass-cream-jar-with-red-cap\/","title":{"rendered":"Barattolo in vetro trasparente da 20 g con tappo rosso"},"content":{"rendered":"","protected":false},"excerpt":{"rendered":"<table class=\"desk-tab\">\n<tbody>\n<tr>\n<th>Materiale<\/th>\n<th>Capacit\u00e0<\/th>\n<th>Colore<\/th>\n<th>Coperchio<\/th>\n<th>Uso<\/th>\n<\/tr>\n<tr>\n<td>Vetro<\/td>\n<td>20 g<\/td>\n<td>Chiaro<\/td>\n<td>Plastica<\/td>\n<td>Crema viso cosmetica<\/td>\n<\/tr>\n<tr>\n<td><\/td>\n<td><\/td>\n<td><\/td>\n<td><\/td>\n<td>Crema per il contorno occhi<\/td>\n<\/tr>\n<\/tbody>\n<\/table>\n<table class=\"mob-tab\">\n<tbody>\n<tr>\n<th>Materiale<\/th>\n<td>Vetro<\/td>\n<\/tr>\n<tr>\n<th>Capacit\u00e0<\/th>\n<td>20 g<\/td>\n<\/tr>\n<tr>\n<th>Colore<\/th>\n<td>Chiaro<\/td>\n<\/tr>\n<tr>\n<th>Coperchio<\/th>\n<td>Plastica<\/td>\n<\/tr>\n<tr>\n<th>Uso<\/th>\n<td>Crema viso cosmetica<br \/>\nCrema per il contorno occhi<\/td>\n<\/tr>\n<\/tbody>\n<\/table>\n<p>Il barattolo in vetro satinato per crema \u00e8 realizzato in vetro di grado alimentare, non tossico, senza BPA, ecologico e salutare, e pu\u00f2 essere riutilizzato. Buona tenuta, resistente alle perdite, sicurezza e standard di qualit\u00e0, proteggere i vostri prodotti di bellezza fatti in casa preferiti dall volatilizzazione. Ideale per campionature o stoccaggio di ombretti, trucco, piccoli vials di alta gamma, balsami per labbra, creme per il viso e altre cosmetici.<\/p>","protected":false},"featured_media":991903,"comment_status":"closed","ping_status":"closed","template":"","meta":{"_acf_changed":false},"product_brand":[],"product_cat":[613,636,591],"product_tag":[],"class_list":{"0":"post-9246","1":"product","2":"type-product","3":"status-publish","4":"has-post-thumbnail","6":"product_cat-beauty","7":"product_cat-wholesale-glass-cream-jar","8":"product_cat-glass-jar-manfacturer","10":"first","11":"instock","12":"shipping-taxable","13":"product-type-simple"},"acf":[],"yoast_head":"<!-- This site is optimized with the Yoast SEO plugin v26.7 - https:\/\/yoast.com\/wordpress\/plugins\/seo\/ -->\n<title>20g clear glass cream jar with red cap - Reihey Glass<\/title>\n<meta name=\"robots\" content=\"index, follow, max-snippet:-1, max-image-preview:large, max-video-preview:-1\" \/>\n<link rel=\"canonical\" href=\"https:\/\/reihey.com\/it\/product\/20g-clear-glass-cream-jar-with-red-cap\/\" \/>\n<meta property=\"og:locale\" content=\"it_IT\" \/>\n<meta property=\"og:type\" content=\"article\" \/>\n<meta property=\"og:title\" content=\"20g clear glass cream jar with red cap - Reihey Glass\" \/>\n<meta property=\"og:description\" content=\"Material Capacity Color Lid Usage   Glass 20g Clear Plastic Cosmetic face cream       Skincare eye cream       Material Glass   Capacity 20g   Color Clear   Lid Plastic   Usage Cosmetic face cream Skincare eye cream    The frosted glass cream jar is made of food-grade glass raw material, non-toxic, BPA-free, environmentally friendly and healthy, and can be reused. Good sealing performance, leak-proof, safety and quality standards, protect your favorite homemade beauty products from volatilization. Ideal for sampling or storing eye shadows, makeup, premium vials, lip balms, face creams, and other cosmetics.\" \/>\n<meta property=\"og:url\" content=\"https:\/\/reihey.com\/it\/product\/20g-clear-glass-cream-jar-with-red-cap\/\" \/>\n<meta property=\"og:site_name\" content=\"Reihey Glass\" \/>\n<meta property=\"article:modified_time\" content=\"2025-10-28T12:55:52+00:00\" \/>\n<meta property=\"og:image\" content=\"https:\/\/reihey.com\/wp-content\/uploads\/2025\/08\/\u4e3b\u56fe-06_\u526f\u672c-1.jpg\" \/>\n\t<meta property=\"og:image:width\" content=\"1000\" \/>\n\t<meta property=\"og:image:height\" content=\"1000\" \/>\n\t<meta property=\"og:image:type\" content=\"image\/jpeg\" \/>\n<meta name=\"twitter:card\" content=\"summary_large_image\" \/>\n<meta name=\"twitter:label1\" content=\"Tempo di lettura stimato\" \/>\n\t<meta name=\"twitter:data1\" content=\"1 minuto\" \/>\n<script type=\"application\/ld+json\" class=\"yoast-schema-graph\">{\"@context\":\"https:\/\/schema.org\",\"@graph\":[{\"@type\":\"WebPage\",\"@id\":\"https:\/\/reihey.com\/product\/20g-clear-glass-cream-jar-with-red-cap\/\",\"url\":\"https:\/\/reihey.com\/product\/20g-clear-glass-cream-jar-with-red-cap\/\",\"name\":\"20g clear glass cream jar with red cap - Reihey Glass\",\"isPartOf\":{\"@id\":\"https:\/\/reihey.com\/#website\"},\"primaryImageOfPage\":{\"@id\":\"https:\/\/reihey.com\/product\/20g-clear-glass-cream-jar-with-red-cap\/#primaryimage\"},\"image\":{\"@id\":\"https:\/\/reihey.com\/product\/20g-clear-glass-cream-jar-with-red-cap\/#primaryimage\"},\"thumbnailUrl\":\"https:\/\/reihey.com\/wp-content\/uploads\/2025\/08\/\u4e3b\u56fe-06_\u526f\u672c-1.jpg\",\"datePublished\":\"2025-08-27T10:53:44+00:00\",\"dateModified\":\"2025-10-28T12:55:52+00:00\",\"breadcrumb\":{\"@id\":\"https:\/\/reihey.com\/product\/20g-clear-glass-cream-jar-with-red-cap\/#breadcrumb\"},\"inLanguage\":\"it-IT\",\"potentialAction\":[{\"@type\":\"ReadAction\",\"target\":[\"https:\/\/reihey.com\/product\/20g-clear-glass-cream-jar-with-red-cap\/\"]}]},{\"@type\":\"ImageObject\",\"inLanguage\":\"it-IT\",\"@id\":\"https:\/\/reihey.com\/product\/20g-clear-glass-cream-jar-with-red-cap\/#primaryimage\",\"url\":\"https:\/\/reihey.com\/wp-content\/uploads\/2025\/08\/\u4e3b\u56fe-06_\u526f\u672c-1.jpg\",\"contentUrl\":\"https:\/\/reihey.com\/wp-content\/uploads\/2025\/08\/\u4e3b\u56fe-06_\u526f\u672c-1.jpg\",\"width\":1000,\"height\":1000},{\"@type\":\"BreadcrumbList\",\"@id\":\"https:\/\/reihey.com\/product\/20g-clear-glass-cream-jar-with-red-cap\/#breadcrumb\",\"itemListElement\":[{\"@type\":\"ListItem\",\"position\":1,\"name\":\"Home\",\"item\":\"https:\/\/reihey.com\/\"},{\"@type\":\"ListItem\",\"position\":2,\"name\":\"Shop\",\"item\":\"https:\/\/reihey.com\/shop\/\"},{\"@type\":\"ListItem\",\"position\":3,\"name\":\"20g clear glass cream jar with red cap\"}]},{\"@type\":\"WebSite\",\"@id\":\"https:\/\/reihey.com\/#website\",\"url\":\"https:\/\/reihey.com\/\",\"name\":\"Reihey Glass\",\"description\":\"\",\"publisher\":{\"@id\":\"https:\/\/reihey.com\/#organization\"},\"potentialAction\":[{\"@type\":\"SearchAction\",\"target\":{\"@type\":\"EntryPoint\",\"urlTemplate\":\"https:\/\/reihey.com\/?s={search_term_string}\"},\"query-input\":{\"@type\":\"PropertyValueSpecification\",\"valueRequired\":true,\"valueName\":\"search_term_string\"}}],\"inLanguage\":\"it-IT\"},{\"@type\":\"Organization\",\"@id\":\"https:\/\/reihey.com\/#organization\",\"name\":\"Reihey Glass\",\"url\":\"https:\/\/reihey.com\/\",\"logo\":{\"@type\":\"ImageObject\",\"inLanguage\":\"it-IT\",\"@id\":\"https:\/\/reihey.com\/#\/schema\/logo\/image\/\",\"url\":\"https:\/\/reihey.com\/wp-content\/uploads\/2023\/07\/Reihey-logo-2026.svg\",\"contentUrl\":\"https:\/\/reihey.com\/wp-content\/uploads\/2023\/07\/Reihey-logo-2026.svg\",\"width\":1984,\"height\":566,\"caption\":\"Reihey Glass\"},\"image\":{\"@id\":\"https:\/\/reihey.com\/#\/schema\/logo\/image\/\"}}]}<\/script>\n<!-- \/ Yoast SEO plugin. -->","yoast_head_json":{"title":"Barattolo di crema in vetro trasparente da 20 g con tappo rosso - Reihey Glass","robots":{"index":"index","follow":"follow","max-snippet":"max-snippet:-1","max-image-preview":"max-image-preview:large","max-video-preview":"max-video-preview:-1"},"canonical":"https:\/\/reihey.com\/it\/product\/20g-clear-glass-cream-jar-with-red-cap\/","og_locale":"it_IT","og_type":"article","og_title":"20g clear glass cream jar with red cap - Reihey Glass","og_description":"Material Capacity Color Lid Usage   Glass 20g Clear Plastic Cosmetic face cream       Skincare eye cream       Material Glass   Capacity 20g   Color Clear   Lid Plastic   Usage Cosmetic face cream Skincare eye cream    The frosted glass cream jar is made of food-grade glass raw material, non-toxic, BPA-free, environmentally friendly and healthy, and can be reused. Good sealing performance, leak-proof, safety and quality standards, protect your favorite homemade beauty products from volatilization. Ideal for sampling or storing eye shadows, makeup, premium vials, lip balms, face creams, and other cosmetics.","og_url":"https:\/\/reihey.com\/it\/product\/20g-clear-glass-cream-jar-with-red-cap\/","og_site_name":"Reihey Glass","article_modified_time":"2025-10-28T12:55:52+00:00","og_image":[{"width":1000,"height":1000,"url":"https:\/\/reihey.com\/wp-content\/uploads\/2025\/08\/\u4e3b\u56fe-06_\u526f\u672c-1.jpg","type":"image\/jpeg"}],"twitter_card":"summary_large_image","twitter_misc":{"Tempo di lettura stimato":"1 minuto"},"schema":{"@context":"https:\/\/schema.org","@graph":[{"@type":"WebPage","@id":"https:\/\/reihey.com\/product\/20g-clear-glass-cream-jar-with-red-cap\/","url":"https:\/\/reihey.com\/product\/20g-clear-glass-cream-jar-with-red-cap\/","name":"Barattolo di crema in vetro trasparente da 20 g con tappo rosso - Reihey Glass","isPartOf":{"@id":"https:\/\/reihey.com\/#website"},"primaryImageOfPage":{"@id":"https:\/\/reihey.com\/product\/20g-clear-glass-cream-jar-with-red-cap\/#primaryimage"},"image":{"@id":"https:\/\/reihey.com\/product\/20g-clear-glass-cream-jar-with-red-cap\/#primaryimage"},"thumbnailUrl":"https:\/\/reihey.com\/wp-content\/uploads\/2025\/08\/\u4e3b\u56fe-06_\u526f\u672c-1.jpg","datePublished":"2025-08-27T10:53:44+00:00","dateModified":"2025-10-28T12:55:52+00:00","breadcrumb":{"@id":"https:\/\/reihey.com\/product\/20g-clear-glass-cream-jar-with-red-cap\/#breadcrumb"},"inLanguage":"it-IT","potentialAction":[{"@type":"ReadAction","target":["https:\/\/reihey.com\/product\/20g-clear-glass-cream-jar-with-red-cap\/"]}]},{"@type":"ImageObject","inLanguage":"it-IT","@id":"https:\/\/reihey.com\/product\/20g-clear-glass-cream-jar-with-red-cap\/#primaryimage","url":"https:\/\/reihey.com\/wp-content\/uploads\/2025\/08\/\u4e3b\u56fe-06_\u526f\u672c-1.jpg","contentUrl":"https:\/\/reihey.com\/wp-content\/uploads\/2025\/08\/\u4e3b\u56fe-06_\u526f\u672c-1.jpg","width":1000,"height":1000},{"@type":"BreadcrumbList","@id":"https:\/\/reihey.com\/product\/20g-clear-glass-cream-jar-with-red-cap\/#breadcrumb","itemListElement":[{"@type":"ListItem","position":1,"name":"Home","item":"https:\/\/reihey.com\/"},{"@type":"ListItem","position":2,"name":"Shop","item":"https:\/\/reihey.com\/shop\/"},{"@type":"ListItem","position":3,"name":"20g clear glass cream jar with red cap"}]},{"@type":"WebSite","@id":"https:\/\/reihey.com\/#website","url":"https:\/\/reihey.com\/","name":"Reihey Vetro","description":"","publisher":{"@id":"https:\/\/reihey.com\/#organization"},"potentialAction":[{"@type":"SearchAction","target":{"@type":"EntryPoint","urlTemplate":"https:\/\/reihey.com\/?s={search_term_string}"},"query-input":{"@type":"PropertyValueSpecification","valueRequired":true,"valueName":"search_term_string"}}],"inLanguage":"it-IT"},{"@type":"Organization","@id":"https:\/\/reihey.com\/#organization","name":"Reihey Vetro","url":"https:\/\/reihey.com\/","logo":{"@type":"ImageObject","inLanguage":"it-IT","@id":"https:\/\/reihey.com\/#\/schema\/logo\/image\/","url":"https:\/\/reihey.com\/wp-content\/uploads\/2023\/07\/Reihey-logo-2026.svg","contentUrl":"https:\/\/reihey.com\/wp-content\/uploads\/2023\/07\/Reihey-logo-2026.svg","width":1984,"height":566,"caption":"Reihey Glass"},"image":{"@id":"https:\/\/reihey.com\/#\/schema\/logo\/image\/"}}]}},"_links":{"self":[{"href":"https:\/\/reihey.com\/it\/wp-json\/wp\/v2\/product\/9246","targetHints":{"allow":["GET"]}}],"collection":[{"href":"https:\/\/reihey.com\/it\/wp-json\/wp\/v2\/product"}],"about":[{"href":"https:\/\/reihey.com\/it\/wp-json\/wp\/v2\/types\/product"}],"replies":[{"embeddable":true,"href":"https:\/\/reihey.com\/it\/wp-json\/wp\/v2\/comments?post=9246"}],"version-history":[{"count":4,"href":"https:\/\/reihey.com\/it\/wp-json\/wp\/v2\/product\/9246\/revisions"}],"predecessor-version":[{"id":998035,"href":"https:\/\/reihey.com\/it\/wp-json\/wp\/v2\/product\/9246\/revisions\/998035"}],"wp:featuredmedia":[{"embeddable":true,"href":"https:\/\/reihey.com\/it\/wp-json\/wp\/v2\/media\/991903"}],"wp:attachment":[{"href":"https:\/\/reihey.com\/it\/wp-json\/wp\/v2\/media?parent=9246"}],"wp:term":[{"taxonomy":"product_brand","embeddable":true,"href":"https:\/\/reihey.com\/it\/wp-json\/wp\/v2\/product_brand?post=9246"},{"taxonomy":"product_cat","embeddable":true,"href":"https:\/\/reihey.com\/it\/wp-json\/wp\/v2\/product_cat?post=9246"},{"taxonomy":"product_tag","embeddable":true,"href":"https:\/\/reihey.com\/it\/wp-json\/wp\/v2\/product_tag?post=9246"}],"curies":[{"name":"wp","href":"https:\/\/api.w.org\/{rel}","templated":true}]}}