{"id":598,"date":"2025-08-27T10:39:56","date_gmt":"2025-08-27T10:39:56","guid":{"rendered":"https:\/\/slot71.silverline.dev\/?post_type=product&#038;p=598"},"modified":"2025-10-29T06:28:29","modified_gmt":"2025-10-29T06:28:29","slug":"glass-tube-vases-and-flower-pots-hydroponic-plant-home-garden-simple-decoration","status":"publish","type":"product","link":"https:\/\/reihey.com\/it\/product\/glass-tube-vases-and-flower-pots-hydroponic-plant-home-garden-simple-decoration\/","title":{"rendered":"Vasi a tubo di vetro e pentole per fiori Hydroponic Plant Home Garden Decorazione semplice"},"content":{"rendered":"","protected":false},"excerpt":{"rendered":"<table class=\"desk-tab\">\n<tbody>\n<tr>\n<th>Materiale<\/th>\n<th>Dimensione<\/th>\n<th>Capacit\u00e0<\/th>\n<th>Colore<\/th>\n<th>Uso<\/th>\n<th>Confezione<\/th>\n<\/tr>\n<tr>\n<td>Vetro<\/td>\n<td>8.5*8*8.5cm<\/td>\n<td>300ml<\/td>\n<td>Chiaro<\/td>\n<td>Decorare<\/td>\n<td>Standard export carton\u2013Xpcs\/box, Ybox\/carton.<\/td>\n<\/tr>\n<tr>\n<td><\/td>\n<td>8.5*10*8.5cm<\/td>\n<td>500ml<\/td>\n<td><\/td>\n<td><\/td>\n<td>Pack personalizzato: scatola bianca con il tuo logo, scatola regalo colorata con il tuo logo<\/td>\n<\/tr>\n<tr>\n<td><\/td>\n<td>8.5*12*8.5cm<\/td>\n<td>600ml<\/td>\n<td><\/td>\n<td><\/td>\n<td><\/td>\n<\/tr>\n<tr>\n<td><\/td>\n<td>8.5*15*8.5cm<\/td>\n<td>750ml<\/td>\n<td><\/td>\n<td><\/td>\n<td><\/td>\n<\/tr>\n<tr>\n<td><\/td>\n<td>8.5*20*8.5cm<\/td>\n<td>1000 ml<\/td>\n<td><\/td>\n<td><\/td>\n<td><\/td>\n<\/tr>\n<tr>\n<td><\/td>\n<td>10*20*10cm<\/td>\n<td>1400ml<\/td>\n<td><\/td>\n<td><\/td>\n<td><\/td>\n<\/tr>\n<tr>\n<td><\/td>\n<td>10*25*10cm<\/td>\n<td>1800ml<\/td>\n<td><\/td>\n<td><\/td>\n<td><\/td>\n<\/tr>\n<tr>\n<td><\/td>\n<td>10*30*10cm<\/td>\n<td>2000ml<\/td>\n<td><\/td>\n<td><\/td>\n<td><\/td>\n<\/tr>\n<\/tbody>\n<\/table>\n<table class=\"mob-tab\">\n<tbody>\n<tr>\n<th>Materiale<\/th>\n<td>Vetro<\/td>\n<\/tr>\n<tr>\n<th>Dimensione<\/th>\n<td>8.5*8*8.5cm<br \/>\n8.5*10*8.5cm<br \/>\n8.5*12*8.5cm<br \/>\n8.5*15*8.5cm<br \/>\n8.5*20*8.5cm<br \/>\n10*20*10cm<br \/>\n10*25*10cm<br \/>\n10*30*10cm<\/td>\n<\/tr>\n<tr>\n<th>Capacit\u00e0<\/th>\n<td>300ml<br \/>\n500ml<br \/>\n600ml<br \/>\n750ml<br \/>\n1000 ml<br \/>\n1400ml<br \/>\n1800ml<br \/>\n2000ml<\/td>\n<\/tr>\n<tr>\n<th>Colore<\/th>\n<td>Chiaro<\/td>\n<\/tr>\n<tr>\n<th>Uso<\/th>\n<td>Decorare<\/td>\n<\/tr>\n<tr>\n<th>Confezione<\/th>\n<td>Standard export carton\u2013Xpcs\/box, Ybox\/carton.<br \/>\nPack personalizzato: scatola bianca con il tuo logo, scatola regalo colorata con il tuo logo<\/td>\n<\/tr>\n<\/tbody>\n<\/table>\n<p>MATERIALE PREMIUM: questo vaso \u00e8 realizzato in vetro chiaro spesso. La bottiglia ha linee morbide e una lavorazione fine. Il fondo della bottiglia \u00e8 spesso e robusto per evitare ribaltamenti. DESIGN UNICO: questo vaso trasparente ha un aspetto nuovo e pu\u00f2 essere inserito in vari rami, fiori secchi, erba pampas, e pu\u00f2 essere utilizzato anche come vaso idroponico, perfetto come decorazione per la casa. AMPIA UTILIZZO: questo vaso in vetro chiaro pu\u00f2 essere utilizzato non solo come decorazione domestica, ma anche per matrimoni, feste, Natale, Ringraziamento, e pu\u00f2 essere regalato a amici, familiari, amanti.<\/p>","protected":false},"featured_media":991140,"comment_status":"closed","ping_status":"closed","template":"","meta":{"_acf_changed":false},"product_brand":[],"product_cat":[632,600],"product_tag":[],"class_list":{"0":"post-598","1":"product","2":"type-product","3":"status-publish","4":"has-post-thumbnail","6":"product_cat-home-decor","7":"product_cat-vase","9":"first","10":"instock","11":"shipping-taxable","12":"product-type-simple"},"acf":[],"yoast_head":"<!-- This site is optimized with the Yoast SEO plugin v26.7 - https:\/\/yoast.com\/wordpress\/plugins\/seo\/ -->\n<title>Glass Tube Vases and Flower Pots Hydroponic Plant Home Garden Simple Decoration - Reihey Glass<\/title>\n<meta name=\"robots\" content=\"index, follow, max-snippet:-1, max-image-preview:large, max-video-preview:-1\" \/>\n<link rel=\"canonical\" href=\"https:\/\/reihey.com\/it\/product\/glass-tube-vases-and-flower-pots-hydroponic-plant-home-garden-simple-decoration\/\" \/>\n<meta property=\"og:locale\" content=\"it_IT\" \/>\n<meta property=\"og:type\" content=\"article\" \/>\n<meta property=\"og:title\" content=\"Glass Tube Vases and Flower Pots Hydroponic Plant Home Garden Simple Decoration - Reihey Glass\" \/>\n<meta property=\"og:description\" content=\"Material Size Capacaity Color Usage Packing   Glass 8.5*8*8.5cm 300ml Clear Decorate Standard export carton--Xpcs\/box, Ybox\/carton.    8.5*10*8.5cm 500ml   Custom pack: white box with your logo, Color gift box with your logo    8.5*12*8.5cm 600ml       8.5*15*8.5cm 750ml       8.5*20*8.5cm 1000ml       10*20*10cm 1400ml       10*25*10cm 1800ml       10*30*10cm 2000ml          Material Glass   Size 8.5*8*8.5cm 8.5*10*8.5cm 8.5*12*8.5cm 8.5*15*8.5cm 8.5*20*8.5cm 10*20*10cm 10*25*10cm 10*30*10cm   Capacity 300ml 500ml 600ml 750ml 1000ml 1400ml 1800ml 2000ml   Color Clear   Usage Decorate   Packing Standard export carton--Xpcs\/box, Ybox\/carton. Custom pack: white box with your logo, Color gift box with your logo    PREMIUM MATERIAL: This vase is made of clear thick glass. The bottle has smooth lines and fine craftsmanship. The bottom of the bottle is thick and sturdy to prevent tipping. UNIQUE DESIGN: This transparent vase has a new look and can be inserted into various branches, dried flowers, pampas grass, and can also be used as a hydroponic vase, perfect as a decoration at home. WIDE USE: This clear glass vase can not only be used as home decoration, but also can be used for weddings, parties, Christmas, Thanksgiving, and can be used as gifts for friends, family, lovers.\" \/>\n<meta property=\"og:url\" content=\"https:\/\/reihey.com\/it\/product\/glass-tube-vases-and-flower-pots-hydroponic-plant-home-garden-simple-decoration\/\" \/>\n<meta property=\"og:site_name\" content=\"Reihey Glass\" \/>\n<meta property=\"article:modified_time\" content=\"2025-10-29T06:28:29+00:00\" \/>\n<meta property=\"og:image\" content=\"https:\/\/reihey.com\/wp-content\/uploads\/2025\/08\/vase11.jpg\" \/>\n\t<meta property=\"og:image:width\" content=\"800\" \/>\n\t<meta property=\"og:image:height\" content=\"800\" \/>\n\t<meta property=\"og:image:type\" content=\"image\/jpeg\" \/>\n<meta name=\"twitter:card\" content=\"summary_large_image\" \/>\n<meta name=\"twitter:label1\" content=\"Tempo di lettura stimato\" \/>\n\t<meta name=\"twitter:data1\" content=\"1 minuto\" \/>\n<script type=\"application\/ld+json\" class=\"yoast-schema-graph\">{\"@context\":\"https:\/\/schema.org\",\"@graph\":[{\"@type\":\"WebPage\",\"@id\":\"https:\/\/reihey.com\/product\/glass-tube-vases-and-flower-pots-hydroponic-plant-home-garden-simple-decoration\/\",\"url\":\"https:\/\/reihey.com\/product\/glass-tube-vases-and-flower-pots-hydroponic-plant-home-garden-simple-decoration\/\",\"name\":\"Glass Tube Vases and Flower Pots Hydroponic Plant Home Garden Simple Decoration - Reihey Glass\",\"isPartOf\":{\"@id\":\"https:\/\/reihey.com\/#website\"},\"primaryImageOfPage\":{\"@id\":\"https:\/\/reihey.com\/product\/glass-tube-vases-and-flower-pots-hydroponic-plant-home-garden-simple-decoration\/#primaryimage\"},\"image\":{\"@id\":\"https:\/\/reihey.com\/product\/glass-tube-vases-and-flower-pots-hydroponic-plant-home-garden-simple-decoration\/#primaryimage\"},\"thumbnailUrl\":\"https:\/\/reihey.com\/wp-content\/uploads\/2025\/08\/vase11.jpg\",\"datePublished\":\"2025-08-27T10:39:56+00:00\",\"dateModified\":\"2025-10-29T06:28:29+00:00\",\"breadcrumb\":{\"@id\":\"https:\/\/reihey.com\/product\/glass-tube-vases-and-flower-pots-hydroponic-plant-home-garden-simple-decoration\/#breadcrumb\"},\"inLanguage\":\"it-IT\",\"potentialAction\":[{\"@type\":\"ReadAction\",\"target\":[\"https:\/\/reihey.com\/product\/glass-tube-vases-and-flower-pots-hydroponic-plant-home-garden-simple-decoration\/\"]}]},{\"@type\":\"ImageObject\",\"inLanguage\":\"it-IT\",\"@id\":\"https:\/\/reihey.com\/product\/glass-tube-vases-and-flower-pots-hydroponic-plant-home-garden-simple-decoration\/#primaryimage\",\"url\":\"https:\/\/reihey.com\/wp-content\/uploads\/2025\/08\/vase11.jpg\",\"contentUrl\":\"https:\/\/reihey.com\/wp-content\/uploads\/2025\/08\/vase11.jpg\",\"width\":800,\"height\":800},{\"@type\":\"BreadcrumbList\",\"@id\":\"https:\/\/reihey.com\/product\/glass-tube-vases-and-flower-pots-hydroponic-plant-home-garden-simple-decoration\/#breadcrumb\",\"itemListElement\":[{\"@type\":\"ListItem\",\"position\":1,\"name\":\"Home\",\"item\":\"https:\/\/reihey.com\/\"},{\"@type\":\"ListItem\",\"position\":2,\"name\":\"Shop\",\"item\":\"https:\/\/reihey.com\/shop\/\"},{\"@type\":\"ListItem\",\"position\":3,\"name\":\"Glass Tube Vases and Flower Pots Hydroponic Plant Home Garden Simple Decoration\"}]},{\"@type\":\"WebSite\",\"@id\":\"https:\/\/reihey.com\/#website\",\"url\":\"https:\/\/reihey.com\/\",\"name\":\"Reihey Glass\",\"description\":\"\",\"publisher\":{\"@id\":\"https:\/\/reihey.com\/#organization\"},\"potentialAction\":[{\"@type\":\"SearchAction\",\"target\":{\"@type\":\"EntryPoint\",\"urlTemplate\":\"https:\/\/reihey.com\/?s={search_term_string}\"},\"query-input\":{\"@type\":\"PropertyValueSpecification\",\"valueRequired\":true,\"valueName\":\"search_term_string\"}}],\"inLanguage\":\"it-IT\"},{\"@type\":\"Organization\",\"@id\":\"https:\/\/reihey.com\/#organization\",\"name\":\"Reihey Glass\",\"url\":\"https:\/\/reihey.com\/\",\"logo\":{\"@type\":\"ImageObject\",\"inLanguage\":\"it-IT\",\"@id\":\"https:\/\/reihey.com\/#\/schema\/logo\/image\/\",\"url\":\"https:\/\/reihey.com\/wp-content\/uploads\/2023\/07\/Reihey-logo-2026.svg\",\"contentUrl\":\"https:\/\/reihey.com\/wp-content\/uploads\/2023\/07\/Reihey-logo-2026.svg\",\"width\":1984,\"height\":566,\"caption\":\"Reihey Glass\"},\"image\":{\"@id\":\"https:\/\/reihey.com\/#\/schema\/logo\/image\/\"}}]}<\/script>\n<!-- \/ Yoast SEO plugin. -->","yoast_head_json":{"title":"Vasetti cilindrici in vetro e vasi per piante idroponiche, decorazione domestica semplice - Reihey Glass","robots":{"index":"index","follow":"follow","max-snippet":"max-snippet:-1","max-image-preview":"max-image-preview:large","max-video-preview":"max-video-preview:-1"},"canonical":"https:\/\/reihey.com\/it\/product\/glass-tube-vases-and-flower-pots-hydroponic-plant-home-garden-simple-decoration\/","og_locale":"it_IT","og_type":"article","og_title":"Glass Tube Vases and Flower Pots Hydroponic Plant Home Garden Simple Decoration - Reihey Glass","og_description":"Material Size Capacaity Color Usage Packing   Glass 8.5*8*8.5cm 300ml Clear Decorate Standard export carton--Xpcs\/box, Ybox\/carton.    8.5*10*8.5cm 500ml   Custom pack: white box with your logo, Color gift box with your logo    8.5*12*8.5cm 600ml       8.5*15*8.5cm 750ml       8.5*20*8.5cm 1000ml       10*20*10cm 1400ml       10*25*10cm 1800ml       10*30*10cm 2000ml          Material Glass   Size 8.5*8*8.5cm 8.5*10*8.5cm 8.5*12*8.5cm 8.5*15*8.5cm 8.5*20*8.5cm 10*20*10cm 10*25*10cm 10*30*10cm   Capacity 300ml 500ml 600ml 750ml 1000ml 1400ml 1800ml 2000ml   Color Clear   Usage Decorate   Packing Standard export carton--Xpcs\/box, Ybox\/carton. Custom pack: white box with your logo, Color gift box with your logo    PREMIUM MATERIAL: This vase is made of clear thick glass. The bottle has smooth lines and fine craftsmanship. The bottom of the bottle is thick and sturdy to prevent tipping. UNIQUE DESIGN: This transparent vase has a new look and can be inserted into various branches, dried flowers, pampas grass, and can also be used as a hydroponic vase, perfect as a decoration at home. WIDE USE: This clear glass vase can not only be used as home decoration, but also can be used for weddings, parties, Christmas, Thanksgiving, and can be used as gifts for friends, family, lovers.","og_url":"https:\/\/reihey.com\/it\/product\/glass-tube-vases-and-flower-pots-hydroponic-plant-home-garden-simple-decoration\/","og_site_name":"Reihey Glass","article_modified_time":"2025-10-29T06:28:29+00:00","og_image":[{"width":800,"height":800,"url":"https:\/\/reihey.com\/wp-content\/uploads\/2025\/08\/vase11.jpg","type":"image\/jpeg"}],"twitter_card":"summary_large_image","twitter_misc":{"Tempo di lettura stimato":"1 minuto"},"schema":{"@context":"https:\/\/schema.org","@graph":[{"@type":"WebPage","@id":"https:\/\/reihey.com\/product\/glass-tube-vases-and-flower-pots-hydroponic-plant-home-garden-simple-decoration\/","url":"https:\/\/reihey.com\/product\/glass-tube-vases-and-flower-pots-hydroponic-plant-home-garden-simple-decoration\/","name":"Vasetti cilindrici in vetro e vasi per piante idroponiche, decorazione domestica semplice - Reihey Glass","isPartOf":{"@id":"https:\/\/reihey.com\/#website"},"primaryImageOfPage":{"@id":"https:\/\/reihey.com\/product\/glass-tube-vases-and-flower-pots-hydroponic-plant-home-garden-simple-decoration\/#primaryimage"},"image":{"@id":"https:\/\/reihey.com\/product\/glass-tube-vases-and-flower-pots-hydroponic-plant-home-garden-simple-decoration\/#primaryimage"},"thumbnailUrl":"https:\/\/reihey.com\/wp-content\/uploads\/2025\/08\/vase11.jpg","datePublished":"2025-08-27T10:39:56+00:00","dateModified":"2025-10-29T06:28:29+00:00","breadcrumb":{"@id":"https:\/\/reihey.com\/product\/glass-tube-vases-and-flower-pots-hydroponic-plant-home-garden-simple-decoration\/#breadcrumb"},"inLanguage":"it-IT","potentialAction":[{"@type":"ReadAction","target":["https:\/\/reihey.com\/product\/glass-tube-vases-and-flower-pots-hydroponic-plant-home-garden-simple-decoration\/"]}]},{"@type":"ImageObject","inLanguage":"it-IT","@id":"https:\/\/reihey.com\/product\/glass-tube-vases-and-flower-pots-hydroponic-plant-home-garden-simple-decoration\/#primaryimage","url":"https:\/\/reihey.com\/wp-content\/uploads\/2025\/08\/vase11.jpg","contentUrl":"https:\/\/reihey.com\/wp-content\/uploads\/2025\/08\/vase11.jpg","width":800,"height":800},{"@type":"BreadcrumbList","@id":"https:\/\/reihey.com\/product\/glass-tube-vases-and-flower-pots-hydroponic-plant-home-garden-simple-decoration\/#breadcrumb","itemListElement":[{"@type":"ListItem","position":1,"name":"Home","item":"https:\/\/reihey.com\/"},{"@type":"ListItem","position":2,"name":"Shop","item":"https:\/\/reihey.com\/shop\/"},{"@type":"ListItem","position":3,"name":"Glass Tube Vases and Flower Pots Hydroponic Plant Home Garden Simple Decoration"}]},{"@type":"WebSite","@id":"https:\/\/reihey.com\/#website","url":"https:\/\/reihey.com\/","name":"Reihey Vetro","description":"","publisher":{"@id":"https:\/\/reihey.com\/#organization"},"potentialAction":[{"@type":"SearchAction","target":{"@type":"EntryPoint","urlTemplate":"https:\/\/reihey.com\/?s={search_term_string}"},"query-input":{"@type":"PropertyValueSpecification","valueRequired":true,"valueName":"search_term_string"}}],"inLanguage":"it-IT"},{"@type":"Organization","@id":"https:\/\/reihey.com\/#organization","name":"Reihey Vetro","url":"https:\/\/reihey.com\/","logo":{"@type":"ImageObject","inLanguage":"it-IT","@id":"https:\/\/reihey.com\/#\/schema\/logo\/image\/","url":"https:\/\/reihey.com\/wp-content\/uploads\/2023\/07\/Reihey-logo-2026.svg","contentUrl":"https:\/\/reihey.com\/wp-content\/uploads\/2023\/07\/Reihey-logo-2026.svg","width":1984,"height":566,"caption":"Reihey Glass"},"image":{"@id":"https:\/\/reihey.com\/#\/schema\/logo\/image\/"}}]}},"_links":{"self":[{"href":"https:\/\/reihey.com\/it\/wp-json\/wp\/v2\/product\/598","targetHints":{"allow":["GET"]}}],"collection":[{"href":"https:\/\/reihey.com\/it\/wp-json\/wp\/v2\/product"}],"about":[{"href":"https:\/\/reihey.com\/it\/wp-json\/wp\/v2\/types\/product"}],"replies":[{"embeddable":true,"href":"https:\/\/reihey.com\/it\/wp-json\/wp\/v2\/comments?post=598"}],"version-history":[{"count":4,"href":"https:\/\/reihey.com\/it\/wp-json\/wp\/v2\/product\/598\/revisions"}],"predecessor-version":[{"id":998208,"href":"https:\/\/reihey.com\/it\/wp-json\/wp\/v2\/product\/598\/revisions\/998208"}],"wp:featuredmedia":[{"embeddable":true,"href":"https:\/\/reihey.com\/it\/wp-json\/wp\/v2\/media\/991140"}],"wp:attachment":[{"href":"https:\/\/reihey.com\/it\/wp-json\/wp\/v2\/media?parent=598"}],"wp:term":[{"taxonomy":"product_brand","embeddable":true,"href":"https:\/\/reihey.com\/it\/wp-json\/wp\/v2\/product_brand?post=598"},{"taxonomy":"product_cat","embeddable":true,"href":"https:\/\/reihey.com\/it\/wp-json\/wp\/v2\/product_cat?post=598"},{"taxonomy":"product_tag","embeddable":true,"href":"https:\/\/reihey.com\/it\/wp-json\/wp\/v2\/product_tag?post=598"}],"curies":[{"name":"wp","href":"https:\/\/api.w.org\/{rel}","templated":true}]}}