{"id":4435,"date":"2025-08-27T10:48:35","date_gmt":"2025-08-27T10:48:35","guid":{"rendered":"https:\/\/slot71.silverline.dev\/?post_type=product&#038;p=4435"},"modified":"2025-10-28T13:27:21","modified_gmt":"2025-10-28T13:27:21","slug":"clear-borosil-bakeware-crystal-glass-2-1l-round-baking-dish-without-lid-in-oven","status":"publish","type":"product","link":"https:\/\/reihey.com\/it\/product\/clear-borosil-bakeware-crystal-glass-2-1l-round-baking-dish-without-lid-in-oven\/","title":{"rendered":"Vetro borosilicato trasparente per forno cristallo 2,1 L grande teglia rotonda senza coperchio in forno"},"content":{"rendered":"","protected":false},"excerpt":{"rendered":"<table class=\"desk-tab\">\n<tbody>\n<tr>\n<th>Materiale<\/th>\n<th>Colore<\/th>\n<th>Dimensione<\/th>\n<th>Capacit\u00e0<\/th>\n<th>Uso<\/th>\n<th>Confezione<\/th>\n<\/tr>\n<tr>\n<td>Vetro ad alta borosilicate<\/td>\n<td>Trasparente<\/td>\n<td>26,3 cm*5,7 cm<\/td>\n<td>2,1 L<\/td>\n<td>Microonde<\/td>\n<td>1. Scatola esportazione standard\u2013Xpez\/box, Ybox\/scatola.<\/td>\n<\/tr>\n<tr>\n<td><\/td>\n<td><\/td>\n<td><\/td>\n<td><\/td>\n<td>Forno<\/td>\n<td>2. Pacchetto personalizzato: scatola bianca con il tuo logo. Scatola regalo colorata con il tuo logo<\/td>\n<\/tr>\n<tr>\n<td><\/td>\n<td><\/td>\n<td><\/td>\n<td><\/td>\n<td>Congelatore<\/td>\n<td><\/td>\n<\/tr>\n<tr>\n<td><\/td>\n<td><\/td>\n<td><\/td>\n<td><\/td>\n<td>Lavastoviglie<\/td>\n<td><\/td>\n<\/tr>\n<\/tbody>\n<\/table>\n<p><!-- Mobile Version --><\/p>\n<table class=\"mob-tab\">\n<tbody>\n<tr>\n<th>Materiale<\/th>\n<td>Vetro ad alta borosilicate<\/td>\n<\/tr>\n<tr>\n<th>Colore<\/th>\n<td>Trasparente<\/td>\n<\/tr>\n<tr>\n<th>Dimensione<\/th>\n<td>26,3 cm*5,7 cm<\/td>\n<\/tr>\n<tr>\n<th>Capacit\u00e0<\/th>\n<td>2,1 L<\/td>\n<\/tr>\n<tr>\n<th>Uso<\/th>\n<td>Microonde<br \/>\nForno<br \/>\nCongelatore<br \/>\nLavastoviglie<\/td>\n<\/tr>\n<tr>\n<th>Confezione<\/th>\n<td>1. Scatola esportazione standard\u2013Xpez\/box, Ybox\/scatola.<br \/>\n2. Pacchetto personalizzato: scatola bianca con il tuo logo. Scatola regalo colorata con il tuo logo<\/td>\n<\/tr>\n<\/tbody>\n<\/table>\n<p>Vetro alimentare privo di piombo e cadmio, 2.1L stampo rotondo in vetro da forno. Servizio in tavola in vetro, rendi la tua cucina e la sala da pranzo pi\u00f9 all'avanguardia. Il vetro \u00e8 incolore e inodore, tegame antiaderente, facile da pulire e sembra nuovo a lungo. Il vetro \u00e8 robusto e resistente all'usura, senza scheggiature, per decenni di uso continuo. Il vetro non reagisce chimicamente con alcun alimento durante la cottura e il vetro \u00e8 un materiale riciclabile. Varie capacit\u00e0, teglia rotonda e quadrata, pi\u00f9 comoda da usare. Prodotti in vetro borosilicato ad alta temperatura, resistenza al calore fino a 300\u00b0C, estremamente caldo e estremamente freddo 120\u00b0C. Vetro temperato, se rotto former\u00e0 un angolo ottuso, nessun danno per il corpo umano.<\/p>","protected":false},"featured_media":991594,"comment_status":"closed","ping_status":"closed","template":"","meta":{"_acf_changed":false},"product_brand":[],"product_cat":[601,634],"product_tag":[],"class_list":{"0":"post-4435","1":"product","2":"type-product","3":"status-publish","4":"has-post-thumbnail","6":"product_cat-food-beverage","7":"product_cat-glass-bakeware","9":"first","10":"instock","11":"shipping-taxable","12":"product-type-simple"},"acf":[],"yoast_head":"<!-- This site is optimized with the Yoast SEO plugin v26.7 - https:\/\/yoast.com\/wordpress\/plugins\/seo\/ -->\n<title>Clear borosil bakeware crystal glass 2.1L round baking dish without lid in oven - Reihey Glass<\/title>\n<meta name=\"robots\" content=\"index, follow, max-snippet:-1, max-image-preview:large, max-video-preview:-1\" \/>\n<link rel=\"canonical\" href=\"https:\/\/reihey.com\/it\/product\/clear-borosil-bakeware-crystal-glass-2-1l-round-baking-dish-without-lid-in-oven\/\" \/>\n<meta property=\"og:locale\" content=\"it_IT\" \/>\n<meta property=\"og:type\" content=\"article\" \/>\n<meta property=\"og:title\" content=\"Clear borosil bakeware crystal glass 2.1L round baking dish without lid in oven - Reihey Glass\" \/>\n<meta property=\"og:description\" content=\"Material Color Size Capacity Usage Packing   High Borosilicate Glass Transparent 26.3cm*5.7cm 2.1L Microwave 1. Standard export carton--Xpcs\/box, Ybox\/carton.       Oven 2. Curtom pack: white box with your logo.Color gift box with your logo       Freezer        Dishwasher         Material High Borosilicate Glass   Color Transparent   Size 26.3cm*5.7cm   Capacity 2.1L   Usage Microwave Oven Freezer Dishwasher   Packing 1. Standard export carton--Xpcs\/box, Ybox\/carton. 2. Curtom pack: white box with your logo.Color gift box with your logo    Lead-free and cadmium-free food grade glass, 2.1L round glass baking pan. Glass tableware, make your kitchen and dining room more advanced. The glass is colorless and odorless, non-stick pan, easy to clean, and looks like new for a long time. The glass is firm and wear-resistant, without peeling, for decades of continuous use. Glass will not chemically react with any food during cooking and glass is a recyclable material. Kinds of capacity, round and square baking pan, more convenient to use. High boron glass products, high temperature resistance 300\u00b0C, extremely hot and extremely cold 120\u00b0C. Tempered glass, broken will form an obtuse angle, no harm to the human body.\" \/>\n<meta property=\"og:url\" content=\"https:\/\/reihey.com\/it\/product\/clear-borosil-bakeware-crystal-glass-2-1l-round-baking-dish-without-lid-in-oven\/\" \/>\n<meta property=\"og:site_name\" content=\"Reihey Glass\" \/>\n<meta property=\"article:modified_time\" content=\"2025-10-28T13:27:21+00:00\" \/>\n<meta property=\"og:image\" content=\"https:\/\/reihey.com\/wp-content\/uploads\/2025\/08\/glass-bakeware-4-1.png\" \/>\n\t<meta property=\"og:image:width\" content=\"800\" \/>\n\t<meta property=\"og:image:height\" content=\"800\" \/>\n\t<meta property=\"og:image:type\" content=\"image\/png\" \/>\n<meta name=\"twitter:card\" content=\"summary_large_image\" \/>\n<meta name=\"twitter:label1\" content=\"Tempo di lettura stimato\" \/>\n\t<meta name=\"twitter:data1\" content=\"1 minuto\" \/>\n<script type=\"application\/ld+json\" class=\"yoast-schema-graph\">{\"@context\":\"https:\/\/schema.org\",\"@graph\":[{\"@type\":\"WebPage\",\"@id\":\"https:\/\/reihey.com\/product\/clear-borosil-bakeware-crystal-glass-2-1l-round-baking-dish-without-lid-in-oven\/\",\"url\":\"https:\/\/reihey.com\/product\/clear-borosil-bakeware-crystal-glass-2-1l-round-baking-dish-without-lid-in-oven\/\",\"name\":\"Clear borosil bakeware crystal glass 2.1L round baking dish without lid in oven - Reihey Glass\",\"isPartOf\":{\"@id\":\"https:\/\/reihey.com\/#website\"},\"primaryImageOfPage\":{\"@id\":\"https:\/\/reihey.com\/product\/clear-borosil-bakeware-crystal-glass-2-1l-round-baking-dish-without-lid-in-oven\/#primaryimage\"},\"image\":{\"@id\":\"https:\/\/reihey.com\/product\/clear-borosil-bakeware-crystal-glass-2-1l-round-baking-dish-without-lid-in-oven\/#primaryimage\"},\"thumbnailUrl\":\"https:\/\/reihey.com\/wp-content\/uploads\/2025\/08\/glass-bakeware-4-1.png\",\"datePublished\":\"2025-08-27T10:48:35+00:00\",\"dateModified\":\"2025-10-28T13:27:21+00:00\",\"breadcrumb\":{\"@id\":\"https:\/\/reihey.com\/product\/clear-borosil-bakeware-crystal-glass-2-1l-round-baking-dish-without-lid-in-oven\/#breadcrumb\"},\"inLanguage\":\"it-IT\",\"potentialAction\":[{\"@type\":\"ReadAction\",\"target\":[\"https:\/\/reihey.com\/product\/clear-borosil-bakeware-crystal-glass-2-1l-round-baking-dish-without-lid-in-oven\/\"]}]},{\"@type\":\"ImageObject\",\"inLanguage\":\"it-IT\",\"@id\":\"https:\/\/reihey.com\/product\/clear-borosil-bakeware-crystal-glass-2-1l-round-baking-dish-without-lid-in-oven\/#primaryimage\",\"url\":\"https:\/\/reihey.com\/wp-content\/uploads\/2025\/08\/glass-bakeware-4-1.png\",\"contentUrl\":\"https:\/\/reihey.com\/wp-content\/uploads\/2025\/08\/glass-bakeware-4-1.png\",\"width\":800,\"height\":800},{\"@type\":\"BreadcrumbList\",\"@id\":\"https:\/\/reihey.com\/product\/clear-borosil-bakeware-crystal-glass-2-1l-round-baking-dish-without-lid-in-oven\/#breadcrumb\",\"itemListElement\":[{\"@type\":\"ListItem\",\"position\":1,\"name\":\"Home\",\"item\":\"https:\/\/reihey.com\/\"},{\"@type\":\"ListItem\",\"position\":2,\"name\":\"Shop\",\"item\":\"https:\/\/reihey.com\/shop\/\"},{\"@type\":\"ListItem\",\"position\":3,\"name\":\"Clear borosil bakeware crystal glass 2.1L round baking dish without lid in oven\"}]},{\"@type\":\"WebSite\",\"@id\":\"https:\/\/reihey.com\/#website\",\"url\":\"https:\/\/reihey.com\/\",\"name\":\"Reihey Glass\",\"description\":\"\",\"publisher\":{\"@id\":\"https:\/\/reihey.com\/#organization\"},\"potentialAction\":[{\"@type\":\"SearchAction\",\"target\":{\"@type\":\"EntryPoint\",\"urlTemplate\":\"https:\/\/reihey.com\/?s={search_term_string}\"},\"query-input\":{\"@type\":\"PropertyValueSpecification\",\"valueRequired\":true,\"valueName\":\"search_term_string\"}}],\"inLanguage\":\"it-IT\"},{\"@type\":\"Organization\",\"@id\":\"https:\/\/reihey.com\/#organization\",\"name\":\"Reihey Glass\",\"url\":\"https:\/\/reihey.com\/\",\"logo\":{\"@type\":\"ImageObject\",\"inLanguage\":\"it-IT\",\"@id\":\"https:\/\/reihey.com\/#\/schema\/logo\/image\/\",\"url\":\"https:\/\/reihey.com\/wp-content\/uploads\/2023\/07\/Reihey-logo-2026.svg\",\"contentUrl\":\"https:\/\/reihey.com\/wp-content\/uploads\/2023\/07\/Reihey-logo-2026.svg\",\"width\":1984,\"height\":566,\"caption\":\"Reihey Glass\"},\"image\":{\"@id\":\"https:\/\/reihey.com\/#\/schema\/logo\/image\/\"}}]}<\/script>\n<!-- \/ Yoast SEO plugin. -->","yoast_head_json":{"title":"Vetreria borosilicate chiara per forno cristallo 2,1 L ciotola rotonda da forno senza coperchio in forno - Reihey Glass","robots":{"index":"index","follow":"follow","max-snippet":"max-snippet:-1","max-image-preview":"max-image-preview:large","max-video-preview":"max-video-preview:-1"},"canonical":"https:\/\/reihey.com\/it\/product\/clear-borosil-bakeware-crystal-glass-2-1l-round-baking-dish-without-lid-in-oven\/","og_locale":"it_IT","og_type":"article","og_title":"Clear borosil bakeware crystal glass 2.1L round baking dish without lid in oven - Reihey Glass","og_description":"Material Color Size Capacity Usage Packing   High Borosilicate Glass Transparent 26.3cm*5.7cm 2.1L Microwave 1. Standard export carton--Xpcs\/box, Ybox\/carton.       Oven 2. Curtom pack: white box with your logo.Color gift box with your logo       Freezer        Dishwasher         Material High Borosilicate Glass   Color Transparent   Size 26.3cm*5.7cm   Capacity 2.1L   Usage Microwave Oven Freezer Dishwasher   Packing 1. Standard export carton--Xpcs\/box, Ybox\/carton. 2. Curtom pack: white box with your logo.Color gift box with your logo    Lead-free and cadmium-free food grade glass, 2.1L round glass baking pan. Glass tableware, make your kitchen and dining room more advanced. The glass is colorless and odorless, non-stick pan, easy to clean, and looks like new for a long time. The glass is firm and wear-resistant, without peeling, for decades of continuous use. Glass will not chemically react with any food during cooking and glass is a recyclable material. Kinds of capacity, round and square baking pan, more convenient to use. High boron glass products, high temperature resistance 300\u00b0C, extremely hot and extremely cold 120\u00b0C. Tempered glass, broken will form an obtuse angle, no harm to the human body.","og_url":"https:\/\/reihey.com\/it\/product\/clear-borosil-bakeware-crystal-glass-2-1l-round-baking-dish-without-lid-in-oven\/","og_site_name":"Reihey Glass","article_modified_time":"2025-10-28T13:27:21+00:00","og_image":[{"width":800,"height":800,"url":"https:\/\/reihey.com\/wp-content\/uploads\/2025\/08\/glass-bakeware-4-1.png","type":"image\/png"}],"twitter_card":"summary_large_image","twitter_misc":{"Tempo di lettura stimato":"1 minuto"},"schema":{"@context":"https:\/\/schema.org","@graph":[{"@type":"WebPage","@id":"https:\/\/reihey.com\/product\/clear-borosil-bakeware-crystal-glass-2-1l-round-baking-dish-without-lid-in-oven\/","url":"https:\/\/reihey.com\/product\/clear-borosil-bakeware-crystal-glass-2-1l-round-baking-dish-without-lid-in-oven\/","name":"Vetreria borosilicate chiara per forno cristallo 2,1 L ciotola rotonda da forno senza coperchio in forno - Reihey Glass","isPartOf":{"@id":"https:\/\/reihey.com\/#website"},"primaryImageOfPage":{"@id":"https:\/\/reihey.com\/product\/clear-borosil-bakeware-crystal-glass-2-1l-round-baking-dish-without-lid-in-oven\/#primaryimage"},"image":{"@id":"https:\/\/reihey.com\/product\/clear-borosil-bakeware-crystal-glass-2-1l-round-baking-dish-without-lid-in-oven\/#primaryimage"},"thumbnailUrl":"https:\/\/reihey.com\/wp-content\/uploads\/2025\/08\/glass-bakeware-4-1.png","datePublished":"2025-08-27T10:48:35+00:00","dateModified":"2025-10-28T13:27:21+00:00","breadcrumb":{"@id":"https:\/\/reihey.com\/product\/clear-borosil-bakeware-crystal-glass-2-1l-round-baking-dish-without-lid-in-oven\/#breadcrumb"},"inLanguage":"it-IT","potentialAction":[{"@type":"ReadAction","target":["https:\/\/reihey.com\/product\/clear-borosil-bakeware-crystal-glass-2-1l-round-baking-dish-without-lid-in-oven\/"]}]},{"@type":"ImageObject","inLanguage":"it-IT","@id":"https:\/\/reihey.com\/product\/clear-borosil-bakeware-crystal-glass-2-1l-round-baking-dish-without-lid-in-oven\/#primaryimage","url":"https:\/\/reihey.com\/wp-content\/uploads\/2025\/08\/glass-bakeware-4-1.png","contentUrl":"https:\/\/reihey.com\/wp-content\/uploads\/2025\/08\/glass-bakeware-4-1.png","width":800,"height":800},{"@type":"BreadcrumbList","@id":"https:\/\/reihey.com\/product\/clear-borosil-bakeware-crystal-glass-2-1l-round-baking-dish-without-lid-in-oven\/#breadcrumb","itemListElement":[{"@type":"ListItem","position":1,"name":"Home","item":"https:\/\/reihey.com\/"},{"@type":"ListItem","position":2,"name":"Shop","item":"https:\/\/reihey.com\/shop\/"},{"@type":"ListItem","position":3,"name":"Clear borosil bakeware crystal glass 2.1L round baking dish without lid in oven"}]},{"@type":"WebSite","@id":"https:\/\/reihey.com\/#website","url":"https:\/\/reihey.com\/","name":"Reihey Vetro","description":"","publisher":{"@id":"https:\/\/reihey.com\/#organization"},"potentialAction":[{"@type":"SearchAction","target":{"@type":"EntryPoint","urlTemplate":"https:\/\/reihey.com\/?s={search_term_string}"},"query-input":{"@type":"PropertyValueSpecification","valueRequired":true,"valueName":"search_term_string"}}],"inLanguage":"it-IT"},{"@type":"Organization","@id":"https:\/\/reihey.com\/#organization","name":"Reihey Vetro","url":"https:\/\/reihey.com\/","logo":{"@type":"ImageObject","inLanguage":"it-IT","@id":"https:\/\/reihey.com\/#\/schema\/logo\/image\/","url":"https:\/\/reihey.com\/wp-content\/uploads\/2023\/07\/Reihey-logo-2026.svg","contentUrl":"https:\/\/reihey.com\/wp-content\/uploads\/2023\/07\/Reihey-logo-2026.svg","width":1984,"height":566,"caption":"Reihey Glass"},"image":{"@id":"https:\/\/reihey.com\/#\/schema\/logo\/image\/"}}]}},"_links":{"self":[{"href":"https:\/\/reihey.com\/it\/wp-json\/wp\/v2\/product\/4435","targetHints":{"allow":["GET"]}}],"collection":[{"href":"https:\/\/reihey.com\/it\/wp-json\/wp\/v2\/product"}],"about":[{"href":"https:\/\/reihey.com\/it\/wp-json\/wp\/v2\/types\/product"}],"replies":[{"embeddable":true,"href":"https:\/\/reihey.com\/it\/wp-json\/wp\/v2\/comments?post=4435"}],"version-history":[{"count":3,"href":"https:\/\/reihey.com\/it\/wp-json\/wp\/v2\/product\/4435\/revisions"}],"predecessor-version":[{"id":998107,"href":"https:\/\/reihey.com\/it\/wp-json\/wp\/v2\/product\/4435\/revisions\/998107"}],"wp:featuredmedia":[{"embeddable":true,"href":"https:\/\/reihey.com\/it\/wp-json\/wp\/v2\/media\/991594"}],"wp:attachment":[{"href":"https:\/\/reihey.com\/it\/wp-json\/wp\/v2\/media?parent=4435"}],"wp:term":[{"taxonomy":"product_brand","embeddable":true,"href":"https:\/\/reihey.com\/it\/wp-json\/wp\/v2\/product_brand?post=4435"},{"taxonomy":"product_cat","embeddable":true,"href":"https:\/\/reihey.com\/it\/wp-json\/wp\/v2\/product_cat?post=4435"},{"taxonomy":"product_tag","embeddable":true,"href":"https:\/\/reihey.com\/it\/wp-json\/wp\/v2\/product_tag?post=4435"}],"curies":[{"name":"wp","href":"https:\/\/api.w.org\/{rel}","templated":true}]}}