{"id":4338,"date":"2025-08-27T10:47:52","date_gmt":"2025-08-27T10:47:52","guid":{"rendered":"https:\/\/slot71.silverline.dev\/?post_type=product&#038;p=4338"},"modified":"2025-10-28T13:27:12","modified_gmt":"2025-10-28T13:27:12","slug":"colorful-large-dynamic-round-glass-3d-deep-moving-flowing-sand-art","status":"publish","type":"product","link":"https:\/\/reihey.com\/it\/product\/colorful-large-dynamic-round-glass-3d-deep-moving-flowing-sand-art\/","title":{"rendered":"Colorato grande dinamico rotondo vetro 3d profondo in movimento fluente arte sabbia"},"content":{"rendered":"","protected":false},"excerpt":{"rendered":"<table class=\"desk-tab\">\n<tbody>\n<tr>\n<th>Materiale<\/th>\n<th>Dimensione<\/th>\n<th>Forma<\/th>\n<th>Tempo<\/th>\n<th>Colore della sabbia<\/th>\n<th>Uso<\/th>\n<th>Confezione<\/th>\n<\/tr>\n<tr>\n<td>Vetro<\/td>\n<td>7inch<\/td>\n<td>Rotondo<\/td>\n<td>1min<\/td>\n<td>Blu<\/td>\n<td>Tempismo<\/td>\n<td>Standard export carton\u2013Xpcs\/box, Ybox\/carton.<\/td>\n<\/tr>\n<tr>\n<td><\/td>\n<td>12inch<\/td>\n<td><\/td>\n<td>3min<\/td>\n<td>Nero<\/td>\n<td><\/td>\n<td>Pack personalizzato: scatola bianca con il tuo logo, scatola regalo colorata con il tuo logo<\/td>\n<\/tr>\n<tr>\n<td><\/td>\n<td><\/td>\n<td><\/td>\n<td>5min<\/td>\n<td>Rosso<\/td>\n<td><\/td>\n<td><\/td>\n<\/tr>\n<tr>\n<td><\/td>\n<td><\/td>\n<td><\/td>\n<td><\/td>\n<td>Verde<\/td>\n<td><\/td>\n<td><\/td>\n<\/tr>\n<tr>\n<td><\/td>\n<td><\/td>\n<td><\/td>\n<td><\/td>\n<td>Viola<\/td>\n<td><\/td>\n<td><\/td>\n<\/tr>\n<tr>\n<td><\/td>\n<td><\/td>\n<td><\/td>\n<td><\/td>\n<td>Giallo<\/td>\n<td><\/td>\n<td><\/td>\n<\/tr>\n<tr>\n<td><\/td>\n<td><\/td>\n<td><\/td>\n<td><\/td>\n<td>Rose Red<\/td>\n<td><\/td>\n<td><\/td>\n<\/tr>\n<\/tbody>\n<\/table>\n<table class=\"mob-tab\">\n<tbody>\n<tr>\n<th>Materiale<\/th>\n<td>Vetro<\/td>\n<\/tr>\n<tr>\n<th>Dimensione<\/th>\n<td>7inch<br \/>\n12inch<\/td>\n<\/tr>\n<tr>\n<th>Forma<\/th>\n<td>Rotondo<\/td>\n<\/tr>\n<tr>\n<th>Tempo<\/th>\n<td>1min<br \/>\n3min<br \/>\n5min<\/td>\n<\/tr>\n<tr>\n<th>Colore della sabbia<\/th>\n<td>Blu<br \/>\nNero<br \/>\nRosso<br \/>\nVerde<br \/>\nViola<br \/>\nGiallo<br \/>\nRose Red<\/td>\n<\/tr>\n<tr>\n<th>Uso<\/th>\n<td>Tempismo<\/td>\n<\/tr>\n<tr>\n<th>Confezione<\/th>\n<td>Standard export carton\u2013Xpcs\/box, Ybox\/carton.<br \/>\nPack personalizzato: scatola bianca con il tuo logo, scatola regalo colorata con il tuo logo<\/td>\n<\/tr>\n<\/tbody>\n<\/table>\n<p><strong>Informazioni su questo articolo<\/strong><br \/>\n1.\u3010Indulge in the landscape\u3011- la sabbia profonda che scorre former\u00e0 una nuova mappa paesaggistica con la rotazione continua. Immergiti nella sabbia che scorre lentamente e osserva la mappa paesaggistica che si forma lentamente, come se fossi tra montagne e fiumi, l'acqua gorgogliante purifica la mente, allevia la stanchezza di una giornata di studio\/lavoro, riduce lo stress e ti offre un'esperienza confortevole. 2.\u3010Perfect Quality\u3011- Vetro privo di piombo di alta qualit\u00e0, trasparente come l'acqua, che permette di vivere pienamente l'acqua fangosa gorgogliante. Il design del prodotto \u00e8 ingegnoso, la lavorazione \u00e8 precisa, ogni livello di dettaglio \u00e8 distinto, e la sabbia fina e il suo colore rendono ogni immagine 3D che fuoriesce piena di connotazione artistica. La cornice in materiale ABS non deve preoccuparsi del suo impatto ambientale ed \u00e8 una eccellente decorazione per mobili. 3.\u3010Sand Painting Decoration\u3011- La decorazione perfetta per casa\/ufficio. Una pittura paesaggistica naturale rende la tua casa\/ufficio al centro del paesaggio, tranquillo, naturale, elegante e indifferente. Guardando i diversi paesaggi formati dal flusso di sabbia, puoi sentire la magia del Creatore, e ogni cambiamento \u00e8 cos\u00ec naturale e bello. 4.\u3010High-value gifts\u3011- Esprimi i tuoi sentimenti profondi esprimendo i tuoi sentimenti nel paesaggio e donandoli a una persona speciale. Per gli impiegati, studenti con studi pesanti e persone che lavorano a computer per lungo tempo, un dipinto paesaggistico pieno di concezione artistica \u00e8 il complemento perfetto alle loro scrivanie. Essere nell'acqua mormorante pu\u00f2 scacciare la stanchezza, stimolare i pensieri e migliorare l'efficienza.<\/p>","protected":false},"featured_media":991557,"comment_status":"closed","ping_status":"closed","template":"","meta":{"_acf_changed":false},"product_brand":[],"product_cat":[632,599],"product_tag":[],"class_list":{"0":"post-4338","1":"product","2":"type-product","3":"status-publish","4":"has-post-thumbnail","6":"product_cat-home-decor","7":"product_cat-hourglass","9":"first","10":"instock","11":"shipping-taxable","12":"product-type-simple"},"acf":[],"yoast_head":"<!-- This site is optimized with the Yoast SEO plugin v26.7 - https:\/\/yoast.com\/wordpress\/plugins\/seo\/ -->\n<title>Colorful large dynamic round glass 3d deep moving flowing sand art - Reihey Glass<\/title>\n<meta name=\"robots\" content=\"index, follow, max-snippet:-1, max-image-preview:large, max-video-preview:-1\" \/>\n<link rel=\"canonical\" href=\"https:\/\/reihey.com\/it\/product\/colorful-large-dynamic-round-glass-3d-deep-moving-flowing-sand-art\/\" \/>\n<meta property=\"og:locale\" content=\"it_IT\" \/>\n<meta property=\"og:type\" content=\"article\" \/>\n<meta property=\"og:title\" content=\"Colorful large dynamic round glass 3d deep moving flowing sand art - Reihey Glass\" \/>\n<meta property=\"og:description\" content=\"Material Size Shape Time Sand Color Usage Packing   Glass 7inch Round 1min Blue Timing Standard export carton--Xpcs\/box, Ybox\/carton.    12inch  3min Black  Custom pack: white box with your logo, Color gift box with your logo      5min Red         Green         Purple         Yellow         Rose Red         Material Glass   Size 7inch 12inch   Shape Round   Time 1min 3min 5min   Sand Color Blue Black Red Green Purple Yellow Rose Red   Usage Timing   Packing Standard export carton--Xpcs\/box, Ybox\/carton. Custom pack: white box with your logo, Color gift box with your logo    About this item 1.\u3010Indulge in the landscape\u3011- the flowing deep-sea sand will form another new landscape map with the continuous rotation. Immerse in the slowly flowing sand and watch the slowly forming landscape map, as if you are in the mountains and rivers, the gurgling water , purify the mind, relieve the fatigue of a day&#039;s study\/work, relieve stress, and give you a comfortable experience. 2.\u3010Perfect Quality\u3011- High-quality lead-free glass that is transparent like water, allowing you to fully experience the gurgling quicksand. The product design is ingenious, the workmanship is precise, each detail level is distinct, and the perfect fine sand and its color make every 3D picture that flows out is full of artistic conception. The frame of ABS material does not need to worry about its environmental protection problem, and it is an excellent furniture decoration. 3.\u3010Sand Painting Decoration\u3011- The perfect home\/office decoration. A natural landscape painting makes your house\/office in the middle of landscape, quiet, natural, elegant and indifferent. Watching the different landscape pictures formed with the flow of sand, you can feel the magic of the Creator, and every change is so natural and beautiful. 4.\u3010High-value gifts\u3011- Express your heavy feelings by expressing your own feelings in the landscape and presenting them to a special person. For office workers, students with heavy studies, and people who work on computers for a long time, a landscape painting full of artistic conception is the perfect complement to their desks. Being in the murmuring water can wash away fatigue, inspire thoughts, and improve efficiency.\" \/>\n<meta property=\"og:url\" content=\"https:\/\/reihey.com\/it\/product\/colorful-large-dynamic-round-glass-3d-deep-moving-flowing-sand-art\/\" \/>\n<meta property=\"og:site_name\" content=\"Reihey Glass\" \/>\n<meta property=\"article:modified_time\" content=\"2025-10-28T13:27:12+00:00\" \/>\n<meta property=\"og:image\" content=\"https:\/\/reihey.com\/wp-content\/uploads\/2025\/08\/Main-02-36.jpg\" \/>\n\t<meta property=\"og:image:width\" content=\"930\" \/>\n\t<meta property=\"og:image:height\" content=\"930\" \/>\n\t<meta property=\"og:image:type\" content=\"image\/jpeg\" \/>\n<meta name=\"twitter:card\" content=\"summary_large_image\" \/>\n<meta name=\"twitter:label1\" content=\"Tempo di lettura stimato\" \/>\n\t<meta name=\"twitter:data1\" content=\"1 minuto\" \/>\n<script type=\"application\/ld+json\" class=\"yoast-schema-graph\">{\"@context\":\"https:\/\/schema.org\",\"@graph\":[{\"@type\":\"WebPage\",\"@id\":\"https:\/\/reihey.com\/product\/colorful-large-dynamic-round-glass-3d-deep-moving-flowing-sand-art\/\",\"url\":\"https:\/\/reihey.com\/product\/colorful-large-dynamic-round-glass-3d-deep-moving-flowing-sand-art\/\",\"name\":\"Colorful large dynamic round glass 3d deep moving flowing sand art - Reihey Glass\",\"isPartOf\":{\"@id\":\"https:\/\/reihey.com\/#website\"},\"primaryImageOfPage\":{\"@id\":\"https:\/\/reihey.com\/product\/colorful-large-dynamic-round-glass-3d-deep-moving-flowing-sand-art\/#primaryimage\"},\"image\":{\"@id\":\"https:\/\/reihey.com\/product\/colorful-large-dynamic-round-glass-3d-deep-moving-flowing-sand-art\/#primaryimage\"},\"thumbnailUrl\":\"https:\/\/reihey.com\/wp-content\/uploads\/2025\/08\/Main-02-36.jpg\",\"datePublished\":\"2025-08-27T10:47:52+00:00\",\"dateModified\":\"2025-10-28T13:27:12+00:00\",\"breadcrumb\":{\"@id\":\"https:\/\/reihey.com\/product\/colorful-large-dynamic-round-glass-3d-deep-moving-flowing-sand-art\/#breadcrumb\"},\"inLanguage\":\"it-IT\",\"potentialAction\":[{\"@type\":\"ReadAction\",\"target\":[\"https:\/\/reihey.com\/product\/colorful-large-dynamic-round-glass-3d-deep-moving-flowing-sand-art\/\"]}]},{\"@type\":\"ImageObject\",\"inLanguage\":\"it-IT\",\"@id\":\"https:\/\/reihey.com\/product\/colorful-large-dynamic-round-glass-3d-deep-moving-flowing-sand-art\/#primaryimage\",\"url\":\"https:\/\/reihey.com\/wp-content\/uploads\/2025\/08\/Main-02-36.jpg\",\"contentUrl\":\"https:\/\/reihey.com\/wp-content\/uploads\/2025\/08\/Main-02-36.jpg\",\"width\":930,\"height\":930},{\"@type\":\"BreadcrumbList\",\"@id\":\"https:\/\/reihey.com\/product\/colorful-large-dynamic-round-glass-3d-deep-moving-flowing-sand-art\/#breadcrumb\",\"itemListElement\":[{\"@type\":\"ListItem\",\"position\":1,\"name\":\"Home\",\"item\":\"https:\/\/reihey.com\/\"},{\"@type\":\"ListItem\",\"position\":2,\"name\":\"Shop\",\"item\":\"https:\/\/reihey.com\/shop\/\"},{\"@type\":\"ListItem\",\"position\":3,\"name\":\"Colorful large dynamic round glass 3d deep moving flowing sand art\"}]},{\"@type\":\"WebSite\",\"@id\":\"https:\/\/reihey.com\/#website\",\"url\":\"https:\/\/reihey.com\/\",\"name\":\"Reihey Glass\",\"description\":\"\",\"publisher\":{\"@id\":\"https:\/\/reihey.com\/#organization\"},\"potentialAction\":[{\"@type\":\"SearchAction\",\"target\":{\"@type\":\"EntryPoint\",\"urlTemplate\":\"https:\/\/reihey.com\/?s={search_term_string}\"},\"query-input\":{\"@type\":\"PropertyValueSpecification\",\"valueRequired\":true,\"valueName\":\"search_term_string\"}}],\"inLanguage\":\"it-IT\"},{\"@type\":\"Organization\",\"@id\":\"https:\/\/reihey.com\/#organization\",\"name\":\"Reihey Glass\",\"url\":\"https:\/\/reihey.com\/\",\"logo\":{\"@type\":\"ImageObject\",\"inLanguage\":\"it-IT\",\"@id\":\"https:\/\/reihey.com\/#\/schema\/logo\/image\/\",\"url\":\"https:\/\/reihey.com\/wp-content\/uploads\/2023\/07\/Reihey-logo-2026.svg\",\"contentUrl\":\"https:\/\/reihey.com\/wp-content\/uploads\/2023\/07\/Reihey-logo-2026.svg\",\"width\":1984,\"height\":566,\"caption\":\"Reihey Glass\"},\"image\":{\"@id\":\"https:\/\/reihey.com\/#\/schema\/logo\/image\/\"}}]}<\/script>\n<!-- \/ Yoast SEO plugin. -->","yoast_head_json":{"title":"Vetro grande dinamico colorato, 3D profondo, sabbia moving fluente - Reihenay Glass","robots":{"index":"index","follow":"follow","max-snippet":"max-snippet:-1","max-image-preview":"max-image-preview:large","max-video-preview":"max-video-preview:-1"},"canonical":"https:\/\/reihey.com\/it\/product\/colorful-large-dynamic-round-glass-3d-deep-moving-flowing-sand-art\/","og_locale":"it_IT","og_type":"article","og_title":"Colorful large dynamic round glass 3d deep moving flowing sand art - Reihey Glass","og_description":"Material Size Shape Time Sand Color Usage Packing   Glass 7inch Round 1min Blue Timing Standard export carton--Xpcs\/box, Ybox\/carton.    12inch  3min Black  Custom pack: white box with your logo, Color gift box with your logo      5min Red         Green         Purple         Yellow         Rose Red         Material Glass   Size 7inch 12inch   Shape Round   Time 1min 3min 5min   Sand Color Blue Black Red Green Purple Yellow Rose Red   Usage Timing   Packing Standard export carton--Xpcs\/box, Ybox\/carton. Custom pack: white box with your logo, Color gift box with your logo    About this item 1.\u3010Indulge in the landscape\u3011- the flowing deep-sea sand will form another new landscape map with the continuous rotation. Immerse in the slowly flowing sand and watch the slowly forming landscape map, as if you are in the mountains and rivers, the gurgling water , purify the mind, relieve the fatigue of a day's study\/work, relieve stress, and give you a comfortable experience. 2.\u3010Perfect Quality\u3011- High-quality lead-free glass that is transparent like water, allowing you to fully experience the gurgling quicksand. The product design is ingenious, the workmanship is precise, each detail level is distinct, and the perfect fine sand and its color make every 3D picture that flows out is full of artistic conception. The frame of ABS material does not need to worry about its environmental protection problem, and it is an excellent furniture decoration. 3.\u3010Sand Painting Decoration\u3011- The perfect home\/office decoration. A natural landscape painting makes your house\/office in the middle of landscape, quiet, natural, elegant and indifferent. Watching the different landscape pictures formed with the flow of sand, you can feel the magic of the Creator, and every change is so natural and beautiful. 4.\u3010High-value gifts\u3011- Express your heavy feelings by expressing your own feelings in the landscape and presenting them to a special person. For office workers, students with heavy studies, and people who work on computers for a long time, a landscape painting full of artistic conception is the perfect complement to their desks. Being in the murmuring water can wash away fatigue, inspire thoughts, and improve efficiency.","og_url":"https:\/\/reihey.com\/it\/product\/colorful-large-dynamic-round-glass-3d-deep-moving-flowing-sand-art\/","og_site_name":"Reihey Glass","article_modified_time":"2025-10-28T13:27:12+00:00","og_image":[{"width":930,"height":930,"url":"https:\/\/reihey.com\/wp-content\/uploads\/2025\/08\/Main-02-36.jpg","type":"image\/jpeg"}],"twitter_card":"summary_large_image","twitter_misc":{"Tempo di lettura stimato":"1 minuto"},"schema":{"@context":"https:\/\/schema.org","@graph":[{"@type":"WebPage","@id":"https:\/\/reihey.com\/product\/colorful-large-dynamic-round-glass-3d-deep-moving-flowing-sand-art\/","url":"https:\/\/reihey.com\/product\/colorful-large-dynamic-round-glass-3d-deep-moving-flowing-sand-art\/","name":"Vetro grande dinamico colorato, 3D profondo, sabbia moving fluente - Reihenay Glass","isPartOf":{"@id":"https:\/\/reihey.com\/#website"},"primaryImageOfPage":{"@id":"https:\/\/reihey.com\/product\/colorful-large-dynamic-round-glass-3d-deep-moving-flowing-sand-art\/#primaryimage"},"image":{"@id":"https:\/\/reihey.com\/product\/colorful-large-dynamic-round-glass-3d-deep-moving-flowing-sand-art\/#primaryimage"},"thumbnailUrl":"https:\/\/reihey.com\/wp-content\/uploads\/2025\/08\/Main-02-36.jpg","datePublished":"2025-08-27T10:47:52+00:00","dateModified":"2025-10-28T13:27:12+00:00","breadcrumb":{"@id":"https:\/\/reihey.com\/product\/colorful-large-dynamic-round-glass-3d-deep-moving-flowing-sand-art\/#breadcrumb"},"inLanguage":"it-IT","potentialAction":[{"@type":"ReadAction","target":["https:\/\/reihey.com\/product\/colorful-large-dynamic-round-glass-3d-deep-moving-flowing-sand-art\/"]}]},{"@type":"ImageObject","inLanguage":"it-IT","@id":"https:\/\/reihey.com\/product\/colorful-large-dynamic-round-glass-3d-deep-moving-flowing-sand-art\/#primaryimage","url":"https:\/\/reihey.com\/wp-content\/uploads\/2025\/08\/Main-02-36.jpg","contentUrl":"https:\/\/reihey.com\/wp-content\/uploads\/2025\/08\/Main-02-36.jpg","width":930,"height":930},{"@type":"BreadcrumbList","@id":"https:\/\/reihey.com\/product\/colorful-large-dynamic-round-glass-3d-deep-moving-flowing-sand-art\/#breadcrumb","itemListElement":[{"@type":"ListItem","position":1,"name":"Home","item":"https:\/\/reihey.com\/"},{"@type":"ListItem","position":2,"name":"Shop","item":"https:\/\/reihey.com\/shop\/"},{"@type":"ListItem","position":3,"name":"Colorful large dynamic round glass 3d deep moving flowing sand art"}]},{"@type":"WebSite","@id":"https:\/\/reihey.com\/#website","url":"https:\/\/reihey.com\/","name":"Reihey Vetro","description":"","publisher":{"@id":"https:\/\/reihey.com\/#organization"},"potentialAction":[{"@type":"SearchAction","target":{"@type":"EntryPoint","urlTemplate":"https:\/\/reihey.com\/?s={search_term_string}"},"query-input":{"@type":"PropertyValueSpecification","valueRequired":true,"valueName":"search_term_string"}}],"inLanguage":"it-IT"},{"@type":"Organization","@id":"https:\/\/reihey.com\/#organization","name":"Reihey Vetro","url":"https:\/\/reihey.com\/","logo":{"@type":"ImageObject","inLanguage":"it-IT","@id":"https:\/\/reihey.com\/#\/schema\/logo\/image\/","url":"https:\/\/reihey.com\/wp-content\/uploads\/2023\/07\/Reihey-logo-2026.svg","contentUrl":"https:\/\/reihey.com\/wp-content\/uploads\/2023\/07\/Reihey-logo-2026.svg","width":1984,"height":566,"caption":"Reihey Glass"},"image":{"@id":"https:\/\/reihey.com\/#\/schema\/logo\/image\/"}}]}},"_links":{"self":[{"href":"https:\/\/reihey.com\/it\/wp-json\/wp\/v2\/product\/4338","targetHints":{"allow":["GET"]}}],"collection":[{"href":"https:\/\/reihey.com\/it\/wp-json\/wp\/v2\/product"}],"about":[{"href":"https:\/\/reihey.com\/it\/wp-json\/wp\/v2\/types\/product"}],"replies":[{"embeddable":true,"href":"https:\/\/reihey.com\/it\/wp-json\/wp\/v2\/comments?post=4338"}],"version-history":[{"count":4,"href":"https:\/\/reihey.com\/it\/wp-json\/wp\/v2\/product\/4338\/revisions"}],"predecessor-version":[{"id":998099,"href":"https:\/\/reihey.com\/it\/wp-json\/wp\/v2\/product\/4338\/revisions\/998099"}],"wp:featuredmedia":[{"embeddable":true,"href":"https:\/\/reihey.com\/it\/wp-json\/wp\/v2\/media\/991557"}],"wp:attachment":[{"href":"https:\/\/reihey.com\/it\/wp-json\/wp\/v2\/media?parent=4338"}],"wp:term":[{"taxonomy":"product_brand","embeddable":true,"href":"https:\/\/reihey.com\/it\/wp-json\/wp\/v2\/product_brand?post=4338"},{"taxonomy":"product_cat","embeddable":true,"href":"https:\/\/reihey.com\/it\/wp-json\/wp\/v2\/product_cat?post=4338"},{"taxonomy":"product_tag","embeddable":true,"href":"https:\/\/reihey.com\/it\/wp-json\/wp\/v2\/product_tag?post=4338"}],"curies":[{"name":"wp","href":"https:\/\/api.w.org\/{rel}","templated":true}]}}