{"id":4304,"date":"2025-08-27T10:47:41","date_gmt":"2025-08-27T10:47:41","guid":{"rendered":"https:\/\/slot71.silverline.dev\/?post_type=product&#038;p=4304"},"modified":"2025-10-29T06:14:50","modified_gmt":"2025-10-29T06:14:50","slug":"transparent-colorful-glass-sand-clock-hourglasses-sand-timer-5-60min-hourglass","status":"publish","type":"product","link":"https:\/\/reihey.com\/it\/product\/transparent-colorful-glass-sand-clock-hourglasses-sand-timer-5-60min-hourglass\/","title":{"rendered":"clessidre di vetro colorate trasparenti orologi di sabbia 5-60min"},"content":{"rendered":"","protected":false},"excerpt":{"rendered":"<table class=\"desk-tab\">\n<tbody>\n<tr>\n<th>Materiale<\/th>\n<th>Dimensione<\/th>\n<th>Colore della sabbia<\/th>\n<th>Uso<\/th>\n<th>Confezione<\/th>\n<\/tr>\n<tr>\n<td>Vetro ad alta borosilicate<\/td>\n<td>5 minuti<\/td>\n<td>Benvenuto Personalizzato<\/td>\n<td>Tempismo<\/td>\n<td>Standard export carton\u2013Xpcs\/box, Ybox\/carton.<\/td>\n<\/tr>\n<tr>\n<td>Sabbia<\/td>\n<td>15 minuti<\/td>\n<td>Lascia il tuo logo unico.<\/td>\n<td><\/td>\n<td>Pack personalizzato: scatola bianca con il tuo logo, scatola regalo colorata con il tuo logo<\/td>\n<\/tr>\n<tr>\n<td><\/td>\n<td>30 minuti<\/td>\n<td><\/td>\n<td><\/td>\n<td><\/td>\n<\/tr>\n<tr>\n<td><\/td>\n<td>60 minuti<\/td>\n<td><\/td>\n<td><\/td>\n<td><\/td>\n<\/tr>\n<tr>\n<td><\/td>\n<td>Fissa la dimensione prevista per abbinarsi ai tuoi prodotti<\/td>\n<td><\/td>\n<td><\/td>\n<td><\/td>\n<\/tr>\n<\/tbody>\n<\/table>\n<table class=\"mob-tab\">\n<tbody>\n<tr>\n<th>Materiale<\/th>\n<td>Vetro ad alta borosilicate + Sabbia<\/td>\n<\/tr>\n<tr>\n<th>Dimensione<\/th>\n<td>5 minuti<br \/>\n15 minuti<br \/>\n30 minuti<br \/>\n60 minuti<br \/>\nFissa la dimensione prevista per abbinarsi ai tuoi prodotti<\/td>\n<\/tr>\n<tr>\n<th>Colore della sabbia<\/th>\n<td>Benvenuto Personalizzato,<br \/>\nLascia il tuo logo unico.<\/td>\n<\/tr>\n<tr>\n<th>Uso<\/th>\n<td>Tempismo<\/td>\n<\/tr>\n<tr>\n<th>Confezione<\/th>\n<td>Standard export carton\u2013Xpcs\/box, Ybox\/carton.<br \/>\nPack personalizzato: scatola bianca con il tuo logo, scatola regalo colorata con il tuo logo<\/td>\n<\/tr>\n<\/tbody>\n<\/table>\n<p><strong>Informazioni su questo articolo<\/strong><br \/>\nTimer a sabbia da 1,30 minuti: rilassa e diminuisci lo stress sul lavoro. Girando la clessidra, otterrai 30 minuti di flusso di lavoro ininterrotto, rimanendo concentrato e produttivo pi\u00f9 a lungo. 2. Tempo preciso: la clessidra metallica \u00e8 progettata negli USA secondo lo standard di qualit\u00e0 pi\u00f9 alto \u00b13 minuti. Il timer di sabbia vintage da 60 minuti pu\u00f2 aiutarti a seguire facilmente il lavoro e a prevenire la stanchezza causata da straordinari. Migliora la tua produttivit\u00e0: quando dedichi un periodo di tempo definito a un compito, hai maggiori possibilit\u00e0 di concentrarti e completare l\u2019attivit\u00e0. Sconfiggi la procrastinazione. 3. Design alla moda e moderno: colori vivaci che offrono un impatto visivo e possono essere usati come una decorazione bella per soggiorno, sala da pranzo, camera da letto, ufficio. 4. Regalo perfetto: questo timer \u00e8 un regalo eccellente per bambini, studenti e adulti. Pu\u00f2 anche essere dato come presente di inaugurazione della casa, strumento di mindfulness o come regalo per una persona amata che sta decorando la propria casa.<\/p>","protected":false},"featured_media":991547,"comment_status":"closed","ping_status":"closed","template":"","meta":{"_acf_changed":false},"product_brand":[],"product_cat":[632,599],"product_tag":[],"class_list":{"0":"post-4304","1":"product","2":"type-product","3":"status-publish","4":"has-post-thumbnail","6":"product_cat-home-decor","7":"product_cat-hourglass","9":"first","10":"instock","11":"shipping-taxable","12":"product-type-simple"},"acf":[],"yoast_head":"<!-- This site is optimized with the Yoast SEO plugin v26.7 - https:\/\/yoast.com\/wordpress\/plugins\/seo\/ -->\n<title>Transparent colorful glass sand clock hourglasses sand timer 5-60min HourGlass - Reihey Glass<\/title>\n<meta name=\"robots\" content=\"index, follow, max-snippet:-1, max-image-preview:large, max-video-preview:-1\" \/>\n<link rel=\"canonical\" href=\"https:\/\/reihey.com\/it\/product\/transparent-colorful-glass-sand-clock-hourglasses-sand-timer-5-60min-hourglass\/\" \/>\n<meta property=\"og:locale\" content=\"it_IT\" \/>\n<meta property=\"og:type\" content=\"article\" \/>\n<meta property=\"og:title\" content=\"Transparent colorful glass sand clock hourglasses sand timer 5-60min HourGlass - Reihey Glass\" \/>\n<meta property=\"og:description\" content=\"Material Size Sand Color Usage Packing   High Borosilicate Glass 5 mins Welcome Customized Timing Standard export carton--Xpcs\/box, Ybox\/carton.   Sand 15 mins Let Your Logo Unique.  Custom pack: white box with your logo, Color gift box with your logo    30 mins       60 mins       Make Appointed Size to Match Your Products          Material High Borosilicate Glass + Sand   Size 5 mins 15 mins 30 mins 60 mins Make Appointed Size to Match Your Products   Sand Color Welcome Customized, Let Your Logo Unique.   Usage Timing   Packing Standard export carton--Xpcs\/box, Ybox\/carton. Custom pack: white box with your logo, Color gift box with your logo    About this item 1.30 Minute Sand Timer: Relax and relieve stress at work. By flipping the hourglass, you&#039;ll get 30 minutes of uninterrupted workflow, staying focused and productive longer. 2.Precise time: The metal hourglass is engineered in the USA to the highest quality \u00b13 minute industry standard. The vintage 60 minute sand timer can help you to follow up on the work easily, and to prevent the fatigue caused by overtime working. Improve your productivity: When you dedicate a set time period to a task, you are more likely to focus and complete the activity. Get over your procrastination. 3.Fashionable and modern design: bright colors bring you visual impact, and can be used as a beautiful decoration for living room, dining room, bedroom, office. 4.Perfect gift:this timer makes an excellent gift for kids, students, and adults alike. It can also be given as a housewarming present, mindfulness tool, or as a gift for a loved one who is decorating their home.\" \/>\n<meta property=\"og:url\" content=\"https:\/\/reihey.com\/it\/product\/transparent-colorful-glass-sand-clock-hourglasses-sand-timer-5-60min-hourglass\/\" \/>\n<meta property=\"og:site_name\" content=\"Reihey Glass\" \/>\n<meta property=\"article:modified_time\" content=\"2025-10-29T06:14:50+00:00\" \/>\n<meta property=\"og:image\" content=\"https:\/\/reihey.com\/wp-content\/uploads\/2025\/08\/Main-02-35.jpg\" \/>\n\t<meta property=\"og:image:width\" content=\"815\" \/>\n\t<meta property=\"og:image:height\" content=\"862\" \/>\n\t<meta property=\"og:image:type\" content=\"image\/jpeg\" \/>\n<meta name=\"twitter:card\" content=\"summary_large_image\" \/>\n<meta name=\"twitter:label1\" content=\"Tempo di lettura stimato\" \/>\n\t<meta name=\"twitter:data1\" content=\"1 minuto\" \/>\n<script type=\"application\/ld+json\" class=\"yoast-schema-graph\">{\"@context\":\"https:\/\/schema.org\",\"@graph\":[{\"@type\":\"WebPage\",\"@id\":\"https:\/\/reihey.com\/product\/transparent-colorful-glass-sand-clock-hourglasses-sand-timer-5-60min-hourglass\/\",\"url\":\"https:\/\/reihey.com\/product\/transparent-colorful-glass-sand-clock-hourglasses-sand-timer-5-60min-hourglass\/\",\"name\":\"Transparent colorful glass sand clock hourglasses sand timer 5-60min HourGlass - Reihey Glass\",\"isPartOf\":{\"@id\":\"https:\/\/reihey.com\/#website\"},\"primaryImageOfPage\":{\"@id\":\"https:\/\/reihey.com\/product\/transparent-colorful-glass-sand-clock-hourglasses-sand-timer-5-60min-hourglass\/#primaryimage\"},\"image\":{\"@id\":\"https:\/\/reihey.com\/product\/transparent-colorful-glass-sand-clock-hourglasses-sand-timer-5-60min-hourglass\/#primaryimage\"},\"thumbnailUrl\":\"https:\/\/reihey.com\/wp-content\/uploads\/2025\/08\/Main-02-35.jpg\",\"datePublished\":\"2025-08-27T10:47:41+00:00\",\"dateModified\":\"2025-10-29T06:14:50+00:00\",\"breadcrumb\":{\"@id\":\"https:\/\/reihey.com\/product\/transparent-colorful-glass-sand-clock-hourglasses-sand-timer-5-60min-hourglass\/#breadcrumb\"},\"inLanguage\":\"it-IT\",\"potentialAction\":[{\"@type\":\"ReadAction\",\"target\":[\"https:\/\/reihey.com\/product\/transparent-colorful-glass-sand-clock-hourglasses-sand-timer-5-60min-hourglass\/\"]}]},{\"@type\":\"ImageObject\",\"inLanguage\":\"it-IT\",\"@id\":\"https:\/\/reihey.com\/product\/transparent-colorful-glass-sand-clock-hourglasses-sand-timer-5-60min-hourglass\/#primaryimage\",\"url\":\"https:\/\/reihey.com\/wp-content\/uploads\/2025\/08\/Main-02-35.jpg\",\"contentUrl\":\"https:\/\/reihey.com\/wp-content\/uploads\/2025\/08\/Main-02-35.jpg\",\"width\":815,\"height\":862},{\"@type\":\"BreadcrumbList\",\"@id\":\"https:\/\/reihey.com\/product\/transparent-colorful-glass-sand-clock-hourglasses-sand-timer-5-60min-hourglass\/#breadcrumb\",\"itemListElement\":[{\"@type\":\"ListItem\",\"position\":1,\"name\":\"Home\",\"item\":\"https:\/\/reihey.com\/\"},{\"@type\":\"ListItem\",\"position\":2,\"name\":\"Shop\",\"item\":\"https:\/\/reihey.com\/shop\/\"},{\"@type\":\"ListItem\",\"position\":3,\"name\":\"Transparent colorful glass sand clock hourglasses sand timer 5-60min HourGlass\"}]},{\"@type\":\"WebSite\",\"@id\":\"https:\/\/reihey.com\/#website\",\"url\":\"https:\/\/reihey.com\/\",\"name\":\"Reihey Glass\",\"description\":\"\",\"publisher\":{\"@id\":\"https:\/\/reihey.com\/#organization\"},\"potentialAction\":[{\"@type\":\"SearchAction\",\"target\":{\"@type\":\"EntryPoint\",\"urlTemplate\":\"https:\/\/reihey.com\/?s={search_term_string}\"},\"query-input\":{\"@type\":\"PropertyValueSpecification\",\"valueRequired\":true,\"valueName\":\"search_term_string\"}}],\"inLanguage\":\"it-IT\"},{\"@type\":\"Organization\",\"@id\":\"https:\/\/reihey.com\/#organization\",\"name\":\"Reihey Glass\",\"url\":\"https:\/\/reihey.com\/\",\"logo\":{\"@type\":\"ImageObject\",\"inLanguage\":\"it-IT\",\"@id\":\"https:\/\/reihey.com\/#\/schema\/logo\/image\/\",\"url\":\"https:\/\/reihey.com\/wp-content\/uploads\/2023\/07\/Reihey-logo-2026.svg\",\"contentUrl\":\"https:\/\/reihey.com\/wp-content\/uploads\/2023\/07\/Reihey-logo-2026.svg\",\"width\":1984,\"height\":566,\"caption\":\"Reihey Glass\"},\"image\":{\"@id\":\"https:\/\/reihey.com\/#\/schema\/logo\/image\/\"}}]}<\/script>\n<!-- \/ Yoast SEO plugin. -->","yoast_head_json":{"title":"Orologio a sabbia trasparente colorato, clessidre, timer da 5-60min, clessidra - Reihey Glass","robots":{"index":"index","follow":"follow","max-snippet":"max-snippet:-1","max-image-preview":"max-image-preview:large","max-video-preview":"max-video-preview:-1"},"canonical":"https:\/\/reihey.com\/it\/product\/transparent-colorful-glass-sand-clock-hourglasses-sand-timer-5-60min-hourglass\/","og_locale":"it_IT","og_type":"article","og_title":"Transparent colorful glass sand clock hourglasses sand timer 5-60min HourGlass - Reihey Glass","og_description":"Material Size Sand Color Usage Packing   High Borosilicate Glass 5 mins Welcome Customized Timing Standard export carton--Xpcs\/box, Ybox\/carton.   Sand 15 mins Let Your Logo Unique.  Custom pack: white box with your logo, Color gift box with your logo    30 mins       60 mins       Make Appointed Size to Match Your Products          Material High Borosilicate Glass + Sand   Size 5 mins 15 mins 30 mins 60 mins Make Appointed Size to Match Your Products   Sand Color Welcome Customized, Let Your Logo Unique.   Usage Timing   Packing Standard export carton--Xpcs\/box, Ybox\/carton. Custom pack: white box with your logo, Color gift box with your logo    About this item 1.30 Minute Sand Timer: Relax and relieve stress at work. By flipping the hourglass, you'll get 30 minutes of uninterrupted workflow, staying focused and productive longer. 2.Precise time: The metal hourglass is engineered in the USA to the highest quality \u00b13 minute industry standard. The vintage 60 minute sand timer can help you to follow up on the work easily, and to prevent the fatigue caused by overtime working. Improve your productivity: When you dedicate a set time period to a task, you are more likely to focus and complete the activity. Get over your procrastination. 3.Fashionable and modern design: bright colors bring you visual impact, and can be used as a beautiful decoration for living room, dining room, bedroom, office. 4.Perfect gift:this timer makes an excellent gift for kids, students, and adults alike. It can also be given as a housewarming present, mindfulness tool, or as a gift for a loved one who is decorating their home.","og_url":"https:\/\/reihey.com\/it\/product\/transparent-colorful-glass-sand-clock-hourglasses-sand-timer-5-60min-hourglass\/","og_site_name":"Reihey Glass","article_modified_time":"2025-10-29T06:14:50+00:00","og_image":[{"width":815,"height":862,"url":"https:\/\/reihey.com\/wp-content\/uploads\/2025\/08\/Main-02-35.jpg","type":"image\/jpeg"}],"twitter_card":"summary_large_image","twitter_misc":{"Tempo di lettura stimato":"1 minuto"},"schema":{"@context":"https:\/\/schema.org","@graph":[{"@type":"WebPage","@id":"https:\/\/reihey.com\/product\/transparent-colorful-glass-sand-clock-hourglasses-sand-timer-5-60min-hourglass\/","url":"https:\/\/reihey.com\/product\/transparent-colorful-glass-sand-clock-hourglasses-sand-timer-5-60min-hourglass\/","name":"Orologio a sabbia trasparente colorato, clessidre, timer da 5-60min, clessidra - Reihey Glass","isPartOf":{"@id":"https:\/\/reihey.com\/#website"},"primaryImageOfPage":{"@id":"https:\/\/reihey.com\/product\/transparent-colorful-glass-sand-clock-hourglasses-sand-timer-5-60min-hourglass\/#primaryimage"},"image":{"@id":"https:\/\/reihey.com\/product\/transparent-colorful-glass-sand-clock-hourglasses-sand-timer-5-60min-hourglass\/#primaryimage"},"thumbnailUrl":"https:\/\/reihey.com\/wp-content\/uploads\/2025\/08\/Main-02-35.jpg","datePublished":"2025-08-27T10:47:41+00:00","dateModified":"2025-10-29T06:14:50+00:00","breadcrumb":{"@id":"https:\/\/reihey.com\/product\/transparent-colorful-glass-sand-clock-hourglasses-sand-timer-5-60min-hourglass\/#breadcrumb"},"inLanguage":"it-IT","potentialAction":[{"@type":"ReadAction","target":["https:\/\/reihey.com\/product\/transparent-colorful-glass-sand-clock-hourglasses-sand-timer-5-60min-hourglass\/"]}]},{"@type":"ImageObject","inLanguage":"it-IT","@id":"https:\/\/reihey.com\/product\/transparent-colorful-glass-sand-clock-hourglasses-sand-timer-5-60min-hourglass\/#primaryimage","url":"https:\/\/reihey.com\/wp-content\/uploads\/2025\/08\/Main-02-35.jpg","contentUrl":"https:\/\/reihey.com\/wp-content\/uploads\/2025\/08\/Main-02-35.jpg","width":815,"height":862},{"@type":"BreadcrumbList","@id":"https:\/\/reihey.com\/product\/transparent-colorful-glass-sand-clock-hourglasses-sand-timer-5-60min-hourglass\/#breadcrumb","itemListElement":[{"@type":"ListItem","position":1,"name":"Home","item":"https:\/\/reihey.com\/"},{"@type":"ListItem","position":2,"name":"Shop","item":"https:\/\/reihey.com\/shop\/"},{"@type":"ListItem","position":3,"name":"Transparent colorful glass sand clock hourglasses sand timer 5-60min HourGlass"}]},{"@type":"WebSite","@id":"https:\/\/reihey.com\/#website","url":"https:\/\/reihey.com\/","name":"Reihey Vetro","description":"","publisher":{"@id":"https:\/\/reihey.com\/#organization"},"potentialAction":[{"@type":"SearchAction","target":{"@type":"EntryPoint","urlTemplate":"https:\/\/reihey.com\/?s={search_term_string}"},"query-input":{"@type":"PropertyValueSpecification","valueRequired":true,"valueName":"search_term_string"}}],"inLanguage":"it-IT"},{"@type":"Organization","@id":"https:\/\/reihey.com\/#organization","name":"Reihey Vetro","url":"https:\/\/reihey.com\/","logo":{"@type":"ImageObject","inLanguage":"it-IT","@id":"https:\/\/reihey.com\/#\/schema\/logo\/image\/","url":"https:\/\/reihey.com\/wp-content\/uploads\/2023\/07\/Reihey-logo-2026.svg","contentUrl":"https:\/\/reihey.com\/wp-content\/uploads\/2023\/07\/Reihey-logo-2026.svg","width":1984,"height":566,"caption":"Reihey Glass"},"image":{"@id":"https:\/\/reihey.com\/#\/schema\/logo\/image\/"}}]}},"_links":{"self":[{"href":"https:\/\/reihey.com\/it\/wp-json\/wp\/v2\/product\/4304","targetHints":{"allow":["GET"]}}],"collection":[{"href":"https:\/\/reihey.com\/it\/wp-json\/wp\/v2\/product"}],"about":[{"href":"https:\/\/reihey.com\/it\/wp-json\/wp\/v2\/types\/product"}],"replies":[{"embeddable":true,"href":"https:\/\/reihey.com\/it\/wp-json\/wp\/v2\/comments?post=4304"}],"version-history":[{"count":4,"href":"https:\/\/reihey.com\/it\/wp-json\/wp\/v2\/product\/4304\/revisions"}],"predecessor-version":[{"id":998167,"href":"https:\/\/reihey.com\/it\/wp-json\/wp\/v2\/product\/4304\/revisions\/998167"}],"wp:featuredmedia":[{"embeddable":true,"href":"https:\/\/reihey.com\/it\/wp-json\/wp\/v2\/media\/991547"}],"wp:attachment":[{"href":"https:\/\/reihey.com\/it\/wp-json\/wp\/v2\/media?parent=4304"}],"wp:term":[{"taxonomy":"product_brand","embeddable":true,"href":"https:\/\/reihey.com\/it\/wp-json\/wp\/v2\/product_brand?post=4304"},{"taxonomy":"product_cat","embeddable":true,"href":"https:\/\/reihey.com\/it\/wp-json\/wp\/v2\/product_cat?post=4304"},{"taxonomy":"product_tag","embeddable":true,"href":"https:\/\/reihey.com\/it\/wp-json\/wp\/v2\/product_tag?post=4304"}],"curies":[{"name":"wp","href":"https:\/\/api.w.org\/{rel}","templated":true}]}}