{"id":4243,"date":"2025-08-27T10:47:22","date_gmt":"2025-08-27T10:47:22","guid":{"rendered":"https:\/\/slot71.silverline.dev\/?post_type=product&#038;p=4243"},"modified":"2025-10-29T06:14:50","modified_gmt":"2025-10-29T06:14:50","slug":"cylinder-glass-vase-and-decorative-centerpieces-for-home-or-wedding","status":"publish","type":"product","link":"https:\/\/reihey.com\/it\/product\/cylinder-glass-vase-and-decorative-centerpieces-for-home-or-wedding\/","title":{"rendered":"Vaso cilindrico in vetro e centrotavola decorativi per casa o matrimonio"},"content":{"rendered":"","protected":false},"excerpt":{"rendered":"<table class=\"desk-tab\">\n<tbody>\n<tr>\n<th>Materiale<\/th>\n<th>Dimensione<\/th>\n<th>Capacit\u00e0<\/th>\n<th>Colore<\/th>\n<th>Uso<\/th>\n<th>Confezione<\/th>\n<\/tr>\n<tr>\n<td>Vetro<\/td>\n<td>10*16,5 cm<\/td>\n<td>M<\/td>\n<td>Trasparente<\/td>\n<td>Decorare<\/td>\n<td>Standard export carton\u2013Xpcs\/box, Ybox\/carton.<\/td>\n<\/tr>\n<tr>\n<td><\/td>\n<td><\/td>\n<td><\/td>\n<td><\/td>\n<td><\/td>\n<td>Pack personalizzato: scatola bianca con il tuo logo, scatola regalo colorata con il tuo logo<\/td>\n<\/tr>\n<\/tbody>\n<\/table>\n<table class=\"mob-tab\">\n<tbody>\n<tr>\n<th>Materiale<\/th>\n<td>Vetro<\/td>\n<\/tr>\n<tr>\n<th>Dimensione<\/th>\n<td>10*16,5 cm<\/td>\n<\/tr>\n<tr>\n<th>Capacit\u00e0<\/th>\n<td>M<\/td>\n<\/tr>\n<tr>\n<th>Colore<\/th>\n<td>Trasparente<\/td>\n<\/tr>\n<tr>\n<th>Uso<\/th>\n<td>Decorare<\/td>\n<\/tr>\n<tr>\n<th>Confezione<\/th>\n<td>Standard export carton\u2013Xpcs\/box, Ybox\/carton.<br \/>\nPack personalizzato: scatola bianca con il tuo logo, scatola regalo colorata con il tuo logo<\/td>\n<\/tr>\n<\/tbody>\n<\/table>\n<p>MATERIALE PREMIUM: questo vaso \u00e8 realizzato in vetro chiaro spesso. La bottiglia ha linee morbide e una lavorazione fine. Il fondo della bottiglia \u00e8 spesso e robusto per evitare ribaltamenti. DESIGN UNICO: questo vaso trasparente ha un aspetto nuovo e pu\u00f2 essere inserito in vari rami, fiori secchi, erba pampas, e pu\u00f2 essere utilizzato anche come vaso idroponico, perfetto come decorazione per la casa. AMPIA UTILIZZO: questo vaso in vetro chiaro pu\u00f2 essere utilizzato non solo come decorazione domestica, ma anche per matrimoni, feste, Natale, Ringraziamento, e pu\u00f2 essere regalato a amici, familiari, amanti.<\/p>","protected":false},"featured_media":991534,"comment_status":"closed","ping_status":"closed","template":"","meta":{"_acf_changed":false},"product_brand":[],"product_cat":[632,600],"product_tag":[],"class_list":{"0":"post-4243","1":"product","2":"type-product","3":"status-publish","4":"has-post-thumbnail","6":"product_cat-home-decor","7":"product_cat-vase","9":"first","10":"instock","11":"shipping-taxable","12":"product-type-simple"},"acf":[],"yoast_head":"<!-- This site is optimized with the Yoast SEO plugin v26.7 - https:\/\/yoast.com\/wordpress\/plugins\/seo\/ -->\n<title>Cylinder Glass Vase and Decorative Centerpieces for Home or Wedding - Reihey Glass<\/title>\n<meta name=\"robots\" content=\"index, follow, max-snippet:-1, max-image-preview:large, max-video-preview:-1\" \/>\n<link rel=\"canonical\" href=\"https:\/\/reihey.com\/it\/product\/cylinder-glass-vase-and-decorative-centerpieces-for-home-or-wedding\/\" \/>\n<meta property=\"og:locale\" content=\"it_IT\" \/>\n<meta property=\"og:type\" content=\"article\" \/>\n<meta property=\"og:title\" content=\"Cylinder Glass Vase and Decorative Centerpieces for Home or Wedding - Reihey Glass\" \/>\n<meta property=\"og:description\" content=\"Material Size Capacity Color Usage Packing   Glass 10*16.5cm M Transparent Decorate Standard export carton--Xpcs\/box, Ybox\/carton.        Custom pack: white box with your logo, Color gift box with your logo       Material Glass   Size 10*16.5cm   Capacity M   Color Transparent   Usage Decorate   Packing Standard export carton--Xpcs\/box, Ybox\/carton. Custom pack: white box with your logo, Color gift box with your logo    PREMIUM MATERIAL: This vase is made of clear thick glass. The bottle has smooth lines and fine craftsmanship. The bottom of the bottle is thick and sturdy to prevent tipping. UNIQUE DESIGN: This transparent vase has a new look and can be inserted into various branches, dried flowers, pampas grass, and can also be used as a hydroponic vase, perfect as a decoration at home. WIDE USE: This clear glass vase can not only be used as home decoration, but also can be used for weddings, parties, Christmas, Thanksgiving, and can be used as gifts for friends, family, lovers.\" \/>\n<meta property=\"og:url\" content=\"https:\/\/reihey.com\/it\/product\/cylinder-glass-vase-and-decorative-centerpieces-for-home-or-wedding\/\" \/>\n<meta property=\"og:site_name\" content=\"Reihey Glass\" \/>\n<meta property=\"article:modified_time\" content=\"2025-10-29T06:14:50+00:00\" \/>\n<meta property=\"og:image\" content=\"https:\/\/reihey.com\/wp-content\/uploads\/2025\/08\/8-4.jpg\" \/>\n\t<meta property=\"og:image:width\" content=\"800\" \/>\n\t<meta property=\"og:image:height\" content=\"800\" \/>\n\t<meta property=\"og:image:type\" content=\"image\/jpeg\" \/>\n<meta name=\"twitter:card\" content=\"summary_large_image\" \/>\n<meta name=\"twitter:label1\" content=\"Tempo di lettura stimato\" \/>\n\t<meta name=\"twitter:data1\" content=\"1 minuto\" \/>\n<script type=\"application\/ld+json\" class=\"yoast-schema-graph\">{\"@context\":\"https:\/\/schema.org\",\"@graph\":[{\"@type\":\"WebPage\",\"@id\":\"https:\/\/reihey.com\/product\/cylinder-glass-vase-and-decorative-centerpieces-for-home-or-wedding\/\",\"url\":\"https:\/\/reihey.com\/product\/cylinder-glass-vase-and-decorative-centerpieces-for-home-or-wedding\/\",\"name\":\"Cylinder Glass Vase and Decorative Centerpieces for Home or Wedding - Reihey Glass\",\"isPartOf\":{\"@id\":\"https:\/\/reihey.com\/#website\"},\"primaryImageOfPage\":{\"@id\":\"https:\/\/reihey.com\/product\/cylinder-glass-vase-and-decorative-centerpieces-for-home-or-wedding\/#primaryimage\"},\"image\":{\"@id\":\"https:\/\/reihey.com\/product\/cylinder-glass-vase-and-decorative-centerpieces-for-home-or-wedding\/#primaryimage\"},\"thumbnailUrl\":\"https:\/\/reihey.com\/wp-content\/uploads\/2025\/08\/8-4.jpg\",\"datePublished\":\"2025-08-27T10:47:22+00:00\",\"dateModified\":\"2025-10-29T06:14:50+00:00\",\"breadcrumb\":{\"@id\":\"https:\/\/reihey.com\/product\/cylinder-glass-vase-and-decorative-centerpieces-for-home-or-wedding\/#breadcrumb\"},\"inLanguage\":\"it-IT\",\"potentialAction\":[{\"@type\":\"ReadAction\",\"target\":[\"https:\/\/reihey.com\/product\/cylinder-glass-vase-and-decorative-centerpieces-for-home-or-wedding\/\"]}]},{\"@type\":\"ImageObject\",\"inLanguage\":\"it-IT\",\"@id\":\"https:\/\/reihey.com\/product\/cylinder-glass-vase-and-decorative-centerpieces-for-home-or-wedding\/#primaryimage\",\"url\":\"https:\/\/reihey.com\/wp-content\/uploads\/2025\/08\/8-4.jpg\",\"contentUrl\":\"https:\/\/reihey.com\/wp-content\/uploads\/2025\/08\/8-4.jpg\",\"width\":800,\"height\":800},{\"@type\":\"BreadcrumbList\",\"@id\":\"https:\/\/reihey.com\/product\/cylinder-glass-vase-and-decorative-centerpieces-for-home-or-wedding\/#breadcrumb\",\"itemListElement\":[{\"@type\":\"ListItem\",\"position\":1,\"name\":\"Home\",\"item\":\"https:\/\/reihey.com\/\"},{\"@type\":\"ListItem\",\"position\":2,\"name\":\"Shop\",\"item\":\"https:\/\/reihey.com\/shop\/\"},{\"@type\":\"ListItem\",\"position\":3,\"name\":\"Cylinder Glass Vase and Decorative Centerpieces for Home or Wedding\"}]},{\"@type\":\"WebSite\",\"@id\":\"https:\/\/reihey.com\/#website\",\"url\":\"https:\/\/reihey.com\/\",\"name\":\"Reihey Glass\",\"description\":\"\",\"publisher\":{\"@id\":\"https:\/\/reihey.com\/#organization\"},\"potentialAction\":[{\"@type\":\"SearchAction\",\"target\":{\"@type\":\"EntryPoint\",\"urlTemplate\":\"https:\/\/reihey.com\/?s={search_term_string}\"},\"query-input\":{\"@type\":\"PropertyValueSpecification\",\"valueRequired\":true,\"valueName\":\"search_term_string\"}}],\"inLanguage\":\"it-IT\"},{\"@type\":\"Organization\",\"@id\":\"https:\/\/reihey.com\/#organization\",\"name\":\"Reihey Glass\",\"url\":\"https:\/\/reihey.com\/\",\"logo\":{\"@type\":\"ImageObject\",\"inLanguage\":\"it-IT\",\"@id\":\"https:\/\/reihey.com\/#\/schema\/logo\/image\/\",\"url\":\"https:\/\/reihey.com\/wp-content\/uploads\/2023\/07\/Reihey-logo-2026.svg\",\"contentUrl\":\"https:\/\/reihey.com\/wp-content\/uploads\/2023\/07\/Reihey-logo-2026.svg\",\"width\":1984,\"height\":566,\"caption\":\"Reihey Glass\"},\"image\":{\"@id\":\"https:\/\/reihey.com\/#\/schema\/logo\/image\/\"}}]}<\/script>\n<!-- \/ Yoast SEO plugin. -->","yoast_head_json":{"title":"Vaso cilindro in vetro e centrotavola decorativi per casa o matrimonio - Reihey Glass","robots":{"index":"index","follow":"follow","max-snippet":"max-snippet:-1","max-image-preview":"max-image-preview:large","max-video-preview":"max-video-preview:-1"},"canonical":"https:\/\/reihey.com\/it\/product\/cylinder-glass-vase-and-decorative-centerpieces-for-home-or-wedding\/","og_locale":"it_IT","og_type":"article","og_title":"Cylinder Glass Vase and Decorative Centerpieces for Home or Wedding - Reihey Glass","og_description":"Material Size Capacity Color Usage Packing   Glass 10*16.5cm M Transparent Decorate Standard export carton--Xpcs\/box, Ybox\/carton.        Custom pack: white box with your logo, Color gift box with your logo       Material Glass   Size 10*16.5cm   Capacity M   Color Transparent   Usage Decorate   Packing Standard export carton--Xpcs\/box, Ybox\/carton. Custom pack: white box with your logo, Color gift box with your logo    PREMIUM MATERIAL: This vase is made of clear thick glass. The bottle has smooth lines and fine craftsmanship. The bottom of the bottle is thick and sturdy to prevent tipping. UNIQUE DESIGN: This transparent vase has a new look and can be inserted into various branches, dried flowers, pampas grass, and can also be used as a hydroponic vase, perfect as a decoration at home. WIDE USE: This clear glass vase can not only be used as home decoration, but also can be used for weddings, parties, Christmas, Thanksgiving, and can be used as gifts for friends, family, lovers.","og_url":"https:\/\/reihey.com\/it\/product\/cylinder-glass-vase-and-decorative-centerpieces-for-home-or-wedding\/","og_site_name":"Reihey Glass","article_modified_time":"2025-10-29T06:14:50+00:00","og_image":[{"width":800,"height":800,"url":"https:\/\/reihey.com\/wp-content\/uploads\/2025\/08\/8-4.jpg","type":"image\/jpeg"}],"twitter_card":"summary_large_image","twitter_misc":{"Tempo di lettura stimato":"1 minuto"},"schema":{"@context":"https:\/\/schema.org","@graph":[{"@type":"WebPage","@id":"https:\/\/reihey.com\/product\/cylinder-glass-vase-and-decorative-centerpieces-for-home-or-wedding\/","url":"https:\/\/reihey.com\/product\/cylinder-glass-vase-and-decorative-centerpieces-for-home-or-wedding\/","name":"Vaso cilindro in vetro e centrotavola decorativi per casa o matrimonio - Reihey Glass","isPartOf":{"@id":"https:\/\/reihey.com\/#website"},"primaryImageOfPage":{"@id":"https:\/\/reihey.com\/product\/cylinder-glass-vase-and-decorative-centerpieces-for-home-or-wedding\/#primaryimage"},"image":{"@id":"https:\/\/reihey.com\/product\/cylinder-glass-vase-and-decorative-centerpieces-for-home-or-wedding\/#primaryimage"},"thumbnailUrl":"https:\/\/reihey.com\/wp-content\/uploads\/2025\/08\/8-4.jpg","datePublished":"2025-08-27T10:47:22+00:00","dateModified":"2025-10-29T06:14:50+00:00","breadcrumb":{"@id":"https:\/\/reihey.com\/product\/cylinder-glass-vase-and-decorative-centerpieces-for-home-or-wedding\/#breadcrumb"},"inLanguage":"it-IT","potentialAction":[{"@type":"ReadAction","target":["https:\/\/reihey.com\/product\/cylinder-glass-vase-and-decorative-centerpieces-for-home-or-wedding\/"]}]},{"@type":"ImageObject","inLanguage":"it-IT","@id":"https:\/\/reihey.com\/product\/cylinder-glass-vase-and-decorative-centerpieces-for-home-or-wedding\/#primaryimage","url":"https:\/\/reihey.com\/wp-content\/uploads\/2025\/08\/8-4.jpg","contentUrl":"https:\/\/reihey.com\/wp-content\/uploads\/2025\/08\/8-4.jpg","width":800,"height":800},{"@type":"BreadcrumbList","@id":"https:\/\/reihey.com\/product\/cylinder-glass-vase-and-decorative-centerpieces-for-home-or-wedding\/#breadcrumb","itemListElement":[{"@type":"ListItem","position":1,"name":"Home","item":"https:\/\/reihey.com\/"},{"@type":"ListItem","position":2,"name":"Shop","item":"https:\/\/reihey.com\/shop\/"},{"@type":"ListItem","position":3,"name":"Cylinder Glass Vase and Decorative Centerpieces for Home or Wedding"}]},{"@type":"WebSite","@id":"https:\/\/reihey.com\/#website","url":"https:\/\/reihey.com\/","name":"Reihey Vetro","description":"","publisher":{"@id":"https:\/\/reihey.com\/#organization"},"potentialAction":[{"@type":"SearchAction","target":{"@type":"EntryPoint","urlTemplate":"https:\/\/reihey.com\/?s={search_term_string}"},"query-input":{"@type":"PropertyValueSpecification","valueRequired":true,"valueName":"search_term_string"}}],"inLanguage":"it-IT"},{"@type":"Organization","@id":"https:\/\/reihey.com\/#organization","name":"Reihey Vetro","url":"https:\/\/reihey.com\/","logo":{"@type":"ImageObject","inLanguage":"it-IT","@id":"https:\/\/reihey.com\/#\/schema\/logo\/image\/","url":"https:\/\/reihey.com\/wp-content\/uploads\/2023\/07\/Reihey-logo-2026.svg","contentUrl":"https:\/\/reihey.com\/wp-content\/uploads\/2023\/07\/Reihey-logo-2026.svg","width":1984,"height":566,"caption":"Reihey Glass"},"image":{"@id":"https:\/\/reihey.com\/#\/schema\/logo\/image\/"}}]}},"_links":{"self":[{"href":"https:\/\/reihey.com\/it\/wp-json\/wp\/v2\/product\/4243","targetHints":{"allow":["GET"]}}],"collection":[{"href":"https:\/\/reihey.com\/it\/wp-json\/wp\/v2\/product"}],"about":[{"href":"https:\/\/reihey.com\/it\/wp-json\/wp\/v2\/types\/product"}],"replies":[{"embeddable":true,"href":"https:\/\/reihey.com\/it\/wp-json\/wp\/v2\/comments?post=4243"}],"version-history":[{"count":4,"href":"https:\/\/reihey.com\/it\/wp-json\/wp\/v2\/product\/4243\/revisions"}],"predecessor-version":[{"id":998163,"href":"https:\/\/reihey.com\/it\/wp-json\/wp\/v2\/product\/4243\/revisions\/998163"}],"wp:featuredmedia":[{"embeddable":true,"href":"https:\/\/reihey.com\/it\/wp-json\/wp\/v2\/media\/991534"}],"wp:attachment":[{"href":"https:\/\/reihey.com\/it\/wp-json\/wp\/v2\/media?parent=4243"}],"wp:term":[{"taxonomy":"product_brand","embeddable":true,"href":"https:\/\/reihey.com\/it\/wp-json\/wp\/v2\/product_brand?post=4243"},{"taxonomy":"product_cat","embeddable":true,"href":"https:\/\/reihey.com\/it\/wp-json\/wp\/v2\/product_cat?post=4243"},{"taxonomy":"product_tag","embeddable":true,"href":"https:\/\/reihey.com\/it\/wp-json\/wp\/v2\/product_tag?post=4243"}],"curies":[{"name":"wp","href":"https:\/\/api.w.org\/{rel}","templated":true}]}}