{"id":4008,"date":"2025-08-27T10:45:01","date_gmt":"2025-08-27T10:45:01","guid":{"rendered":"https:\/\/slot71.silverline.dev\/?post_type=product&#038;p=4008"},"modified":"2025-10-29T06:14:26","modified_gmt":"2025-10-29T06:14:26","slug":"5oz-embossed-glass-round-candle-jar","status":"publish","type":"product","link":"https:\/\/reihey.com\/it\/product\/5oz-embossed-glass-round-candle-jar\/","title":{"rendered":"Vaso di candela rotondo in vetro inciso da 5oz"},"content":{"rendered":"","protected":false},"excerpt":{"rendered":"<table class=\"desk-tab\">\n<tbody>\n<tr>\n<th>Materiale<\/th>\n<th>Capacit\u00e0<\/th>\n<th>Colore<\/th>\n<th>Dimensione<\/th>\n<th>Coperchio<\/th>\n<th>Uso<\/th>\n<th>Anti-shock termico<\/th>\n<th>Stress interno<\/th>\n<th>Tolleranza termica<\/th>\n<\/tr>\n<tr>\n<td>Vetro<\/td>\n<td>5oz<\/td>\n<td>Grigio<\/td>\n<td>7,1 cm * 8,9 cm<\/td>\n<td>Metallo<\/td>\n<td>Decorazione per la casa<\/td>\n<td>\u226541 gradi<\/td>\n<td>\u2264Qualifica 4<\/td>\n<td>120 gradi<\/td>\n<\/tr>\n<tr>\n<td><\/td>\n<td>8 oz<\/td>\n<td>Giallo<\/td>\n<td><\/td>\n<td><\/td>\n<td><\/td>\n<td><\/td>\n<td><\/td>\n<td><\/td>\n<\/tr>\n<tr>\n<td><\/td>\n<td><\/td>\n<td>Rosso<\/td>\n<td><\/td>\n<td><\/td>\n<td><\/td>\n<td><\/td>\n<td><\/td>\n<td><\/td>\n<\/tr>\n<tr>\n<td><\/td>\n<td><\/td>\n<td>Rosa<\/td>\n<td><\/td>\n<td><\/td>\n<td><\/td>\n<td><\/td>\n<td><\/td>\n<td><\/td>\n<\/tr>\n<tr>\n<td><\/td>\n<td><\/td>\n<td>Blu<\/td>\n<td><\/td>\n<td><\/td>\n<td><\/td>\n<td><\/td>\n<td><\/td>\n<td><\/td>\n<\/tr>\n<tr>\n<td><\/td>\n<td><\/td>\n<td>Viola<\/td>\n<td><\/td>\n<td><\/td>\n<td><\/td>\n<td><\/td>\n<td><\/td>\n<td><\/td>\n<\/tr>\n<tr>\n<td><\/td>\n<td><\/td>\n<td>Bianco<\/td>\n<td><\/td>\n<td><\/td>\n<td><\/td>\n<td><\/td>\n<td><\/td>\n<td><\/td>\n<\/tr>\n<\/tbody>\n<\/table>\n<table class=\"mob-tab\">\n<tbody>\n<tr>\n<th>Materiale<\/th>\n<td>Vetro<\/td>\n<\/tr>\n<tr>\n<th>Capacit\u00e0<\/th>\n<td>5oz<br \/>\n8 oz<\/td>\n<\/tr>\n<tr>\n<th>Colore<\/th>\n<td>Grigio<br \/>\nGiallo<br \/>\nRosso<br \/>\nRosa<br \/>\nBlu<br \/>\nViola<br \/>\nBianco<\/td>\n<\/tr>\n<tr>\n<th>Dimensione<\/th>\n<td>7,1 cm * 8,9 cm<\/td>\n<\/tr>\n<tr>\n<th>Coperchio<\/th>\n<td>Metallo<\/td>\n<\/tr>\n<tr>\n<th>Uso<\/th>\n<td>Decorazione per la casa<\/td>\n<\/tr>\n<tr>\n<th>Anti-shock termico<\/th>\n<td>\u226541 gradi<\/td>\n<\/tr>\n<tr>\n<th>Stress interno<\/th>\n<td>\u2264Qualifica 4<\/td>\n<\/tr>\n<tr>\n<th>Tolleranza termica<\/th>\n<td>120 gradi<\/td>\n<\/tr>\n<\/tbody>\n<\/table>\n<p>Design in vetro goffrato: il barattolo per candela presenta un motivo in rilievo sulla superficie del vetro, aggiungendo consistenza e interesse visivo al barattolo. Il design goffrato crea un aspetto unico e decorativo, migliorando l'appeal estetico complessivo delle tue candele. Struttura durevole: il barattolo \u00e8 realizzato in vetro di alta qualit\u00e0, garantendo durabilit\u00e0 e uso a lungo termine. La costruzione robusta consente una combustione sicura e stabile della candela senza compromettere l'integrit\u00e0 del barattolo.<\/p>","protected":false},"featured_media":991433,"comment_status":"closed","ping_status":"closed","template":"","meta":{"_acf_changed":false},"product_brand":[],"product_cat":[628,591],"product_tag":[],"class_list":{"0":"post-4008","1":"product","2":"type-product","3":"status-publish","4":"has-post-thumbnail","6":"product_cat-wholesale-glass-candle-jar","7":"product_cat-glass-jar-manfacturer","9":"first","10":"instock","11":"shipping-taxable","12":"product-type-simple"},"acf":[],"yoast_head":"<!-- This site is optimized with the Yoast SEO plugin v26.7 - https:\/\/yoast.com\/wordpress\/plugins\/seo\/ -->\n<title>5oz Embossed Glass Round Candle Jar - Reihey Glass<\/title>\n<meta name=\"robots\" content=\"index, follow, max-snippet:-1, max-image-preview:large, max-video-preview:-1\" \/>\n<link rel=\"canonical\" href=\"https:\/\/reihey.com\/it\/product\/5oz-embossed-glass-round-candle-jar\/\" \/>\n<meta property=\"og:locale\" content=\"it_IT\" \/>\n<meta property=\"og:type\" content=\"article\" \/>\n<meta property=\"og:title\" content=\"5oz Embossed Glass Round Candle Jar - Reihey Glass\" \/>\n<meta property=\"og:description\" content=\"Material Capacity Color Size Lid Usage Anti-thermal shock Internal stress Thermal Tolerance   Glass 5oz Grey 7.1cm*8.9cm Metal Home Decoration \u226541 degrees \u2264Grade 4 120 degrees    8oz Yellow           Red           Pink           Blue           Purple           White             Material Glass   Capacity 5oz 8oz   Color Grey Yellow Red Pink Blue Purple White   Size 7.1cm*8.9cm   Lid Metal   Usage Home Decoration   Anti-thermal shock \u226541 degrees   Internal stress \u2264Grade 4   Thermal Tolerance 120 degrees    Embossed Glass Design: The candle jar features an embossed pattern on the glass surface, adding texture and visual interest to the jar. The embossed design creates a unique and decorative look, enhancing the overall aesthetic appeal of your candles. Durable Construction: The jar is made from high-quality glass, ensuring durability and long-lasting use. The sturdy construction allows for safe and secure candle burning without compromising the integrity of the jar.\" \/>\n<meta property=\"og:url\" content=\"https:\/\/reihey.com\/it\/product\/5oz-embossed-glass-round-candle-jar\/\" \/>\n<meta property=\"og:site_name\" content=\"Reihey Glass\" \/>\n<meta property=\"article:modified_time\" content=\"2025-10-29T06:14:26+00:00\" \/>\n<meta property=\"og:image\" content=\"https:\/\/reihey.com\/wp-content\/uploads\/2025\/08\/AgAABhGzgjSnVWMM2LZF5Kj8JTsb9THD.jpeg\" \/>\n\t<meta property=\"og:image:width\" content=\"800\" \/>\n\t<meta property=\"og:image:height\" content=\"800\" \/>\n\t<meta property=\"og:image:type\" content=\"image\/jpeg\" \/>\n<meta name=\"twitter:card\" content=\"summary_large_image\" \/>\n<meta name=\"twitter:label1\" content=\"Tempo di lettura stimato\" \/>\n\t<meta name=\"twitter:data1\" content=\"1 minuto\" \/>\n<script type=\"application\/ld+json\" class=\"yoast-schema-graph\">{\"@context\":\"https:\/\/schema.org\",\"@graph\":[{\"@type\":\"WebPage\",\"@id\":\"https:\/\/reihey.com\/product\/5oz-embossed-glass-round-candle-jar\/\",\"url\":\"https:\/\/reihey.com\/product\/5oz-embossed-glass-round-candle-jar\/\",\"name\":\"5oz Embossed Glass Round Candle Jar - Reihey Glass\",\"isPartOf\":{\"@id\":\"https:\/\/reihey.com\/#website\"},\"primaryImageOfPage\":{\"@id\":\"https:\/\/reihey.com\/product\/5oz-embossed-glass-round-candle-jar\/#primaryimage\"},\"image\":{\"@id\":\"https:\/\/reihey.com\/product\/5oz-embossed-glass-round-candle-jar\/#primaryimage\"},\"thumbnailUrl\":\"https:\/\/reihey.com\/wp-content\/uploads\/2025\/08\/AgAABhGzgjSnVWMM2LZF5Kj8JTsb9THD.jpeg\",\"datePublished\":\"2025-08-27T10:45:01+00:00\",\"dateModified\":\"2025-10-29T06:14:26+00:00\",\"breadcrumb\":{\"@id\":\"https:\/\/reihey.com\/product\/5oz-embossed-glass-round-candle-jar\/#breadcrumb\"},\"inLanguage\":\"it-IT\",\"potentialAction\":[{\"@type\":\"ReadAction\",\"target\":[\"https:\/\/reihey.com\/product\/5oz-embossed-glass-round-candle-jar\/\"]}]},{\"@type\":\"ImageObject\",\"inLanguage\":\"it-IT\",\"@id\":\"https:\/\/reihey.com\/product\/5oz-embossed-glass-round-candle-jar\/#primaryimage\",\"url\":\"https:\/\/reihey.com\/wp-content\/uploads\/2025\/08\/AgAABhGzgjSnVWMM2LZF5Kj8JTsb9THD.jpeg\",\"contentUrl\":\"https:\/\/reihey.com\/wp-content\/uploads\/2025\/08\/AgAABhGzgjSnVWMM2LZF5Kj8JTsb9THD.jpeg\",\"width\":800,\"height\":800},{\"@type\":\"BreadcrumbList\",\"@id\":\"https:\/\/reihey.com\/product\/5oz-embossed-glass-round-candle-jar\/#breadcrumb\",\"itemListElement\":[{\"@type\":\"ListItem\",\"position\":1,\"name\":\"Home\",\"item\":\"https:\/\/reihey.com\/\"},{\"@type\":\"ListItem\",\"position\":2,\"name\":\"Shop\",\"item\":\"https:\/\/reihey.com\/shop\/\"},{\"@type\":\"ListItem\",\"position\":3,\"name\":\"5oz Embossed Glass Round Candle Jar\"}]},{\"@type\":\"WebSite\",\"@id\":\"https:\/\/reihey.com\/#website\",\"url\":\"https:\/\/reihey.com\/\",\"name\":\"Reihey Glass\",\"description\":\"\",\"publisher\":{\"@id\":\"https:\/\/reihey.com\/#organization\"},\"potentialAction\":[{\"@type\":\"SearchAction\",\"target\":{\"@type\":\"EntryPoint\",\"urlTemplate\":\"https:\/\/reihey.com\/?s={search_term_string}\"},\"query-input\":{\"@type\":\"PropertyValueSpecification\",\"valueRequired\":true,\"valueName\":\"search_term_string\"}}],\"inLanguage\":\"it-IT\"},{\"@type\":\"Organization\",\"@id\":\"https:\/\/reihey.com\/#organization\",\"name\":\"Reihey Glass\",\"url\":\"https:\/\/reihey.com\/\",\"logo\":{\"@type\":\"ImageObject\",\"inLanguage\":\"it-IT\",\"@id\":\"https:\/\/reihey.com\/#\/schema\/logo\/image\/\",\"url\":\"https:\/\/reihey.com\/wp-content\/uploads\/2023\/07\/Reihey-logo-2026.svg\",\"contentUrl\":\"https:\/\/reihey.com\/wp-content\/uploads\/2023\/07\/Reihey-logo-2026.svg\",\"width\":1984,\"height\":566,\"caption\":\"Reihey Glass\"},\"image\":{\"@id\":\"https:\/\/reihey.com\/#\/schema\/logo\/image\/\"}}]}<\/script>\n<!-- \/ Yoast SEO plugin. -->","yoast_head_json":{"title":"5oz Boccale di vetro tondo con motivo in rilievo - Reihey Glass","robots":{"index":"index","follow":"follow","max-snippet":"max-snippet:-1","max-image-preview":"max-image-preview:large","max-video-preview":"max-video-preview:-1"},"canonical":"https:\/\/reihey.com\/it\/product\/5oz-embossed-glass-round-candle-jar\/","og_locale":"it_IT","og_type":"article","og_title":"5oz Embossed Glass Round Candle Jar - Reihey Glass","og_description":"Material Capacity Color Size Lid Usage Anti-thermal shock Internal stress Thermal Tolerance   Glass 5oz Grey 7.1cm*8.9cm Metal Home Decoration \u226541 degrees \u2264Grade 4 120 degrees    8oz Yellow           Red           Pink           Blue           Purple           White             Material Glass   Capacity 5oz 8oz   Color Grey Yellow Red Pink Blue Purple White   Size 7.1cm*8.9cm   Lid Metal   Usage Home Decoration   Anti-thermal shock \u226541 degrees   Internal stress \u2264Grade 4   Thermal Tolerance 120 degrees    Embossed Glass Design: The candle jar features an embossed pattern on the glass surface, adding texture and visual interest to the jar. The embossed design creates a unique and decorative look, enhancing the overall aesthetic appeal of your candles. Durable Construction: The jar is made from high-quality glass, ensuring durability and long-lasting use. The sturdy construction allows for safe and secure candle burning without compromising the integrity of the jar.","og_url":"https:\/\/reihey.com\/it\/product\/5oz-embossed-glass-round-candle-jar\/","og_site_name":"Reihey Glass","article_modified_time":"2025-10-29T06:14:26+00:00","og_image":[{"width":800,"height":800,"url":"https:\/\/reihey.com\/wp-content\/uploads\/2025\/08\/AgAABhGzgjSnVWMM2LZF5Kj8JTsb9THD.jpeg","type":"image\/jpeg"}],"twitter_card":"summary_large_image","twitter_misc":{"Tempo di lettura stimato":"1 minuto"},"schema":{"@context":"https:\/\/schema.org","@graph":[{"@type":"WebPage","@id":"https:\/\/reihey.com\/product\/5oz-embossed-glass-round-candle-jar\/","url":"https:\/\/reihey.com\/product\/5oz-embossed-glass-round-candle-jar\/","name":"5oz Boccale di vetro tondo con motivo in rilievo - Reihey Glass","isPartOf":{"@id":"https:\/\/reihey.com\/#website"},"primaryImageOfPage":{"@id":"https:\/\/reihey.com\/product\/5oz-embossed-glass-round-candle-jar\/#primaryimage"},"image":{"@id":"https:\/\/reihey.com\/product\/5oz-embossed-glass-round-candle-jar\/#primaryimage"},"thumbnailUrl":"https:\/\/reihey.com\/wp-content\/uploads\/2025\/08\/AgAABhGzgjSnVWMM2LZF5Kj8JTsb9THD.jpeg","datePublished":"2025-08-27T10:45:01+00:00","dateModified":"2025-10-29T06:14:26+00:00","breadcrumb":{"@id":"https:\/\/reihey.com\/product\/5oz-embossed-glass-round-candle-jar\/#breadcrumb"},"inLanguage":"it-IT","potentialAction":[{"@type":"ReadAction","target":["https:\/\/reihey.com\/product\/5oz-embossed-glass-round-candle-jar\/"]}]},{"@type":"ImageObject","inLanguage":"it-IT","@id":"https:\/\/reihey.com\/product\/5oz-embossed-glass-round-candle-jar\/#primaryimage","url":"https:\/\/reihey.com\/wp-content\/uploads\/2025\/08\/AgAABhGzgjSnVWMM2LZF5Kj8JTsb9THD.jpeg","contentUrl":"https:\/\/reihey.com\/wp-content\/uploads\/2025\/08\/AgAABhGzgjSnVWMM2LZF5Kj8JTsb9THD.jpeg","width":800,"height":800},{"@type":"BreadcrumbList","@id":"https:\/\/reihey.com\/product\/5oz-embossed-glass-round-candle-jar\/#breadcrumb","itemListElement":[{"@type":"ListItem","position":1,"name":"Home","item":"https:\/\/reihey.com\/"},{"@type":"ListItem","position":2,"name":"Shop","item":"https:\/\/reihey.com\/shop\/"},{"@type":"ListItem","position":3,"name":"5oz Embossed Glass Round Candle Jar"}]},{"@type":"WebSite","@id":"https:\/\/reihey.com\/#website","url":"https:\/\/reihey.com\/","name":"Reihey Vetro","description":"","publisher":{"@id":"https:\/\/reihey.com\/#organization"},"potentialAction":[{"@type":"SearchAction","target":{"@type":"EntryPoint","urlTemplate":"https:\/\/reihey.com\/?s={search_term_string}"},"query-input":{"@type":"PropertyValueSpecification","valueRequired":true,"valueName":"search_term_string"}}],"inLanguage":"it-IT"},{"@type":"Organization","@id":"https:\/\/reihey.com\/#organization","name":"Reihey Vetro","url":"https:\/\/reihey.com\/","logo":{"@type":"ImageObject","inLanguage":"it-IT","@id":"https:\/\/reihey.com\/#\/schema\/logo\/image\/","url":"https:\/\/reihey.com\/wp-content\/uploads\/2023\/07\/Reihey-logo-2026.svg","contentUrl":"https:\/\/reihey.com\/wp-content\/uploads\/2023\/07\/Reihey-logo-2026.svg","width":1984,"height":566,"caption":"Reihey Glass"},"image":{"@id":"https:\/\/reihey.com\/#\/schema\/logo\/image\/"}}]}},"_links":{"self":[{"href":"https:\/\/reihey.com\/it\/wp-json\/wp\/v2\/product\/4008","targetHints":{"allow":["GET"]}}],"collection":[{"href":"https:\/\/reihey.com\/it\/wp-json\/wp\/v2\/product"}],"about":[{"href":"https:\/\/reihey.com\/it\/wp-json\/wp\/v2\/types\/product"}],"replies":[{"embeddable":true,"href":"https:\/\/reihey.com\/it\/wp-json\/wp\/v2\/comments?post=4008"}],"version-history":[{"count":5,"href":"https:\/\/reihey.com\/it\/wp-json\/wp\/v2\/product\/4008\/revisions"}],"predecessor-version":[{"id":998141,"href":"https:\/\/reihey.com\/it\/wp-json\/wp\/v2\/product\/4008\/revisions\/998141"}],"wp:featuredmedia":[{"embeddable":true,"href":"https:\/\/reihey.com\/it\/wp-json\/wp\/v2\/media\/991433"}],"wp:attachment":[{"href":"https:\/\/reihey.com\/it\/wp-json\/wp\/v2\/media?parent=4008"}],"wp:term":[{"taxonomy":"product_brand","embeddable":true,"href":"https:\/\/reihey.com\/it\/wp-json\/wp\/v2\/product_brand?post=4008"},{"taxonomy":"product_cat","embeddable":true,"href":"https:\/\/reihey.com\/it\/wp-json\/wp\/v2\/product_cat?post=4008"},{"taxonomy":"product_tag","embeddable":true,"href":"https:\/\/reihey.com\/it\/wp-json\/wp\/v2\/product_tag?post=4008"}],"curies":[{"name":"wp","href":"https:\/\/api.w.org\/{rel}","templated":true}]}}