{"id":3406,"date":"2025-08-27T10:41:51","date_gmt":"2025-08-27T10:41:51","guid":{"rendered":"https:\/\/slot71.silverline.dev\/?post_type=product&#038;p=3406"},"modified":"2025-10-29T06:21:19","modified_gmt":"2025-10-29T06:21:19","slug":"clear-glass-juice-bottle-glass-milk-bottle-with-metal-lid-beverage-bottle","status":"publish","type":"product","link":"https:\/\/reihey.com\/it\/product\/clear-glass-juice-bottle-glass-milk-bottle-with-metal-lid-beverage-bottle\/","title":{"rendered":"Bottiglia di vetro trasparente per succhi Bottiglia di vetro per latte con coperchio in metallo Bevanda"},"content":{"rendered":"","protected":false},"excerpt":{"rendered":"<table class=\"desk-tab\">\n<tbody>\n<tr>\n<th>Materiale<\/th>\n<th>Capacit\u00e0<\/th>\n<th>Colore<\/th>\n<th>Dimensione<\/th>\n<th>Coperchio<\/th>\n<th>Uso<\/th>\n<th>Confezione<\/th>\n<\/tr>\n<tr>\n<td>Vetro<\/td>\n<td>200 ml<\/td>\n<td>Chiaro<\/td>\n<td>11,9*5,9 cm<\/td>\n<td>Tappo a vite<\/td>\n<td>Bevanda<\/td>\n<td>1. Scatola esportazione standard\u2013Xpez\/box, Ybox\/scatola<\/td>\n<\/tr>\n<tr>\n<td><\/td>\n<td>250 ml<\/td>\n<td><\/td>\n<td>14*6 cm<\/td>\n<td><\/td>\n<td>Succo<\/td>\n<td>2. Confezione personalizzata: scatola bianca con il tuo logo. Scatola regalo colorata con il tuo logo<\/td>\n<\/tr>\n<tr>\n<td><\/td>\n<td>300ml<\/td>\n<td><\/td>\n<td>15,2*6,5 cm<\/td>\n<td><\/td>\n<td><\/td>\n<td><\/td>\n<\/tr>\n<tr>\n<td><\/td>\n<td>500ml<\/td>\n<td><\/td>\n<td>20,5*7,3 cm<\/td>\n<td><\/td>\n<td><\/td>\n<td><\/td>\n<\/tr>\n<tr>\n<td><\/td>\n<td>1000 ml<\/td>\n<td><\/td>\n<td>25,8*8 cm<\/td>\n<td><\/td>\n<td><\/td>\n<td><\/td>\n<\/tr>\n<\/tbody>\n<\/table>\n<table class=\"mob-tab\">\n<tbody>\n<tr>\n<th>Materiale<\/th>\n<td>Vetro<\/td>\n<\/tr>\n<tr>\n<th>Capacit\u00e0<\/th>\n<td>200 ml<br \/>\n250 ml<br \/>\n300ml<br \/>\n500ml<br \/>\n1000 ml<\/td>\n<\/tr>\n<tr>\n<th>Colore<\/th>\n<td>Chiaro<\/td>\n<\/tr>\n<tr>\n<th>Dimensione<\/th>\n<td>11,9*5,9 cm<br \/>\n14*6 cm<br \/>\n15,2*6,5 cm<br \/>\n20,5*7,3 cm<br \/>\n25,8*8 cm<\/td>\n<\/tr>\n<tr>\n<th>Coperchio<\/th>\n<td>Tappo a vite<\/td>\n<\/tr>\n<tr>\n<th>Uso<\/th>\n<td>Bevanda<br \/>\nSucco<\/td>\n<\/tr>\n<tr>\n<th>Confezione<\/th>\n<td>1. Scatola esportazione standard\u2013Xpez\/box, Ybox\/scatola.<br \/>\n2. Confezione personalizzata: scatola bianca con il tuo LOGO. Scatola regalo colorata con il tuo logo<\/td>\n<\/tr>\n<\/tbody>\n<\/table>\n<p>Realizzata in materiale vetro di alta qualit\u00e0, senza piombo, le nostre bottiglie di latte in vetro con coperchi sono perfette per conservare latte, latticello, miele, sciroppo d'acero, marmellata, salsa fatta in casa, salsa barbecue, salsa piccante, ketchup e altro! Le nostre tappi sono progettati con un anello di sicurezza, saprai subito se la bottiglia \u00e8 stata gi\u00e0 aperta. Il nostro barattolo per latte con coperchi \u00e8 lavabile in lavastoviglie ed \u00e8 anche facile da pulire a mano. Lavare semplicemente con acqua tiepida, sapone per piatti delicato e una spugna non Abrasive per avere le bottiglie pulite come nuove! Grade alimentare: una grande alternativa alle bottiglie in acrilico e plastica. A differenza della plastica, le nostre bottiglie non rilasciano BPA o ftalati nel cibo. Le nostre bottiglie sono anche riciclabili e riutilizzabili. Usare le nostre bottiglie aiuta a ridurre le emissioni tossiche. Materiali differenti per i tappi di prova. La bottiglia ha due tappi di materiali diversi, tappo in metallo e tappi in plastica tra cui scegliere!<\/p>","protected":false},"featured_media":991247,"comment_status":"closed","ping_status":"closed","template":"","meta":{"_acf_changed":false},"product_brand":[],"product_cat":[601,611,597,621],"product_tag":[],"class_list":{"0":"post-3406","1":"product","2":"type-product","3":"status-publish","4":"has-post-thumbnail","6":"product_cat-food-beverage","7":"product_cat-glass-bottle-manufacturer","8":"product_cat-glass-juice-bottle-manufacturer","9":"product_cat-glass-milk-bottle-manufacturer","11":"first","12":"instock","13":"shipping-taxable","14":"product-type-simple"},"acf":[],"yoast_head":"<!-- This site is optimized with the Yoast SEO plugin v26.7 - https:\/\/yoast.com\/wordpress\/plugins\/seo\/ -->\n<title>Clear Glass Juice Bottle Glass Milk Bottle With Metal Lid Beverage Bottle - Reihey Glass<\/title>\n<meta name=\"robots\" content=\"index, follow, max-snippet:-1, max-image-preview:large, max-video-preview:-1\" \/>\n<link rel=\"canonical\" href=\"https:\/\/reihey.com\/it\/product\/clear-glass-juice-bottle-glass-milk-bottle-with-metal-lid-beverage-bottle\/\" \/>\n<meta property=\"og:locale\" content=\"it_IT\" \/>\n<meta property=\"og:type\" content=\"article\" \/>\n<meta property=\"og:title\" content=\"Clear Glass Juice Bottle Glass Milk Bottle With Metal Lid Beverage Bottle - Reihey Glass\" \/>\n<meta property=\"og:description\" content=\"Material Capacity Color Size Lid Usage Packing   Glass 200ml Clear 11.9*5.9cm Screw Cap Beverage 1. Standard export carton--Xpcs\/box, Ybox\/carton    250ml  14*6cm  Juice 2. Custom pack: white box with your logo. Color gift box with your logo    300ml  15.2*6.5cm       500ml  20.5*7.3cm       1000ml  25.8*8cm          Material Glass   Capacity 200ml 250ml 300ml 500ml 1000ml   Color Clear   Size 11.9*5.9cm 14*6cm 15.2*6.5cm 20.5*7.3cm 25.8*8cm   Lid Screw Cap   Usage Beverage Juice   Packing 1. Standard export carton--Xpcs\/box, Ybox\/carton. 2. Custom pack: white box with your LOGO. Color gift box with your logo    Made of premium quality, lead-free glass material, our glass milk bottles with caps are perfect for storing milk, butter-milk, honey, maple syrup, jam, homemade sauce, barbecue sauce, hot sauce, ketchup, and more! Our lids are designed with a security ring, you\u2019ll know right away if the bottle has been opened already. Our milk jar with lids is dishwasher safe and even easy to clean by hand. Simply wash with warm water, mild dish soap and a non-abrasive sponge to get your bottles squeaky clean! Food Grade: A great alternative to acrylic and plastic bottles. Unlike plastic, our bottles won\u2019t leach BPA or phthalates into your food. Our bottles are also recyclable &amp; reusable. Using our bottles helps reduce toxic emissions.Different material for the Proof Caps The bottle have two different material lids,Metal cap and the plastic caps for your choose!\" \/>\n<meta property=\"og:url\" content=\"https:\/\/reihey.com\/it\/product\/clear-glass-juice-bottle-glass-milk-bottle-with-metal-lid-beverage-bottle\/\" \/>\n<meta property=\"og:site_name\" content=\"Reihey Glass\" \/>\n<meta property=\"article:modified_time\" content=\"2025-10-29T06:21:19+00:00\" \/>\n<meta property=\"og:image\" content=\"https:\/\/reihey.com\/wp-content\/uploads\/2025\/08\/SKU-02-Glass-Milk-Bottle.jpg\" \/>\n\t<meta property=\"og:image:width\" content=\"1000\" \/>\n\t<meta property=\"og:image:height\" content=\"1000\" \/>\n\t<meta property=\"og:image:type\" content=\"image\/jpeg\" \/>\n<meta name=\"twitter:card\" content=\"summary_large_image\" \/>\n<meta name=\"twitter:label1\" content=\"Tempo di lettura stimato\" \/>\n\t<meta name=\"twitter:data1\" content=\"1 minuto\" \/>\n<script type=\"application\/ld+json\" class=\"yoast-schema-graph\">{\"@context\":\"https:\/\/schema.org\",\"@graph\":[{\"@type\":\"WebPage\",\"@id\":\"https:\/\/reihey.com\/product\/clear-glass-juice-bottle-glass-milk-bottle-with-metal-lid-beverage-bottle\/\",\"url\":\"https:\/\/reihey.com\/product\/clear-glass-juice-bottle-glass-milk-bottle-with-metal-lid-beverage-bottle\/\",\"name\":\"Clear Glass Juice Bottle Glass Milk Bottle With Metal Lid Beverage Bottle - Reihey Glass\",\"isPartOf\":{\"@id\":\"https:\/\/reihey.com\/#website\"},\"primaryImageOfPage\":{\"@id\":\"https:\/\/reihey.com\/product\/clear-glass-juice-bottle-glass-milk-bottle-with-metal-lid-beverage-bottle\/#primaryimage\"},\"image\":{\"@id\":\"https:\/\/reihey.com\/product\/clear-glass-juice-bottle-glass-milk-bottle-with-metal-lid-beverage-bottle\/#primaryimage\"},\"thumbnailUrl\":\"https:\/\/reihey.com\/wp-content\/uploads\/2025\/08\/SKU-02-Glass-Milk-Bottle.jpg\",\"datePublished\":\"2025-08-27T10:41:51+00:00\",\"dateModified\":\"2025-10-29T06:21:19+00:00\",\"breadcrumb\":{\"@id\":\"https:\/\/reihey.com\/product\/clear-glass-juice-bottle-glass-milk-bottle-with-metal-lid-beverage-bottle\/#breadcrumb\"},\"inLanguage\":\"it-IT\",\"potentialAction\":[{\"@type\":\"ReadAction\",\"target\":[\"https:\/\/reihey.com\/product\/clear-glass-juice-bottle-glass-milk-bottle-with-metal-lid-beverage-bottle\/\"]}]},{\"@type\":\"ImageObject\",\"inLanguage\":\"it-IT\",\"@id\":\"https:\/\/reihey.com\/product\/clear-glass-juice-bottle-glass-milk-bottle-with-metal-lid-beverage-bottle\/#primaryimage\",\"url\":\"https:\/\/reihey.com\/wp-content\/uploads\/2025\/08\/SKU-02-Glass-Milk-Bottle.jpg\",\"contentUrl\":\"https:\/\/reihey.com\/wp-content\/uploads\/2025\/08\/SKU-02-Glass-Milk-Bottle.jpg\",\"width\":1000,\"height\":1000},{\"@type\":\"BreadcrumbList\",\"@id\":\"https:\/\/reihey.com\/product\/clear-glass-juice-bottle-glass-milk-bottle-with-metal-lid-beverage-bottle\/#breadcrumb\",\"itemListElement\":[{\"@type\":\"ListItem\",\"position\":1,\"name\":\"Home\",\"item\":\"https:\/\/reihey.com\/\"},{\"@type\":\"ListItem\",\"position\":2,\"name\":\"Shop\",\"item\":\"https:\/\/reihey.com\/shop\/\"},{\"@type\":\"ListItem\",\"position\":3,\"name\":\"Clear Glass Juice Bottle Glass Milk Bottle With Metal Lid Beverage Bottle\"}]},{\"@type\":\"WebSite\",\"@id\":\"https:\/\/reihey.com\/#website\",\"url\":\"https:\/\/reihey.com\/\",\"name\":\"Reihey Glass\",\"description\":\"\",\"publisher\":{\"@id\":\"https:\/\/reihey.com\/#organization\"},\"potentialAction\":[{\"@type\":\"SearchAction\",\"target\":{\"@type\":\"EntryPoint\",\"urlTemplate\":\"https:\/\/reihey.com\/?s={search_term_string}\"},\"query-input\":{\"@type\":\"PropertyValueSpecification\",\"valueRequired\":true,\"valueName\":\"search_term_string\"}}],\"inLanguage\":\"it-IT\"},{\"@type\":\"Organization\",\"@id\":\"https:\/\/reihey.com\/#organization\",\"name\":\"Reihey Glass\",\"url\":\"https:\/\/reihey.com\/\",\"logo\":{\"@type\":\"ImageObject\",\"inLanguage\":\"it-IT\",\"@id\":\"https:\/\/reihey.com\/#\/schema\/logo\/image\/\",\"url\":\"https:\/\/reihey.com\/wp-content\/uploads\/2023\/07\/Reihey-logo-2026.svg\",\"contentUrl\":\"https:\/\/reihey.com\/wp-content\/uploads\/2023\/07\/Reihey-logo-2026.svg\",\"width\":1984,\"height\":566,\"caption\":\"Reihey Glass\"},\"image\":{\"@id\":\"https:\/\/reihey.com\/#\/schema\/logo\/image\/\"}}]}<\/script>\n<!-- \/ Yoast SEO plugin. -->","yoast_head_json":{"title":"Bottiglia per succo in vetro chiaro Bottiglia di latte in vetro con tappo in metallo Bevanda - Reihey Glass","robots":{"index":"index","follow":"follow","max-snippet":"max-snippet:-1","max-image-preview":"max-image-preview:large","max-video-preview":"max-video-preview:-1"},"canonical":"https:\/\/reihey.com\/it\/product\/clear-glass-juice-bottle-glass-milk-bottle-with-metal-lid-beverage-bottle\/","og_locale":"it_IT","og_type":"article","og_title":"Clear Glass Juice Bottle Glass Milk Bottle With Metal Lid Beverage Bottle - Reihey Glass","og_description":"Material Capacity Color Size Lid Usage Packing   Glass 200ml Clear 11.9*5.9cm Screw Cap Beverage 1. Standard export carton--Xpcs\/box, Ybox\/carton    250ml  14*6cm  Juice 2. Custom pack: white box with your logo. Color gift box with your logo    300ml  15.2*6.5cm       500ml  20.5*7.3cm       1000ml  25.8*8cm          Material Glass   Capacity 200ml 250ml 300ml 500ml 1000ml   Color Clear   Size 11.9*5.9cm 14*6cm 15.2*6.5cm 20.5*7.3cm 25.8*8cm   Lid Screw Cap   Usage Beverage Juice   Packing 1. Standard export carton--Xpcs\/box, Ybox\/carton. 2. Custom pack: white box with your LOGO. Color gift box with your logo    Made of premium quality, lead-free glass material, our glass milk bottles with caps are perfect for storing milk, butter-milk, honey, maple syrup, jam, homemade sauce, barbecue sauce, hot sauce, ketchup, and more! Our lids are designed with a security ring, you\u2019ll know right away if the bottle has been opened already. Our milk jar with lids is dishwasher safe and even easy to clean by hand. Simply wash with warm water, mild dish soap and a non-abrasive sponge to get your bottles squeaky clean! Food Grade: A great alternative to acrylic and plastic bottles. Unlike plastic, our bottles won\u2019t leach BPA or phthalates into your food. Our bottles are also recyclable &amp; reusable. Using our bottles helps reduce toxic emissions.Different material for the Proof Caps The bottle have two different material lids,Metal cap and the plastic caps for your choose!","og_url":"https:\/\/reihey.com\/it\/product\/clear-glass-juice-bottle-glass-milk-bottle-with-metal-lid-beverage-bottle\/","og_site_name":"Reihey Glass","article_modified_time":"2025-10-29T06:21:19+00:00","og_image":[{"width":1000,"height":1000,"url":"https:\/\/reihey.com\/wp-content\/uploads\/2025\/08\/SKU-02-Glass-Milk-Bottle.jpg","type":"image\/jpeg"}],"twitter_card":"summary_large_image","twitter_misc":{"Tempo di lettura stimato":"1 minuto"},"schema":{"@context":"https:\/\/schema.org","@graph":[{"@type":"WebPage","@id":"https:\/\/reihey.com\/product\/clear-glass-juice-bottle-glass-milk-bottle-with-metal-lid-beverage-bottle\/","url":"https:\/\/reihey.com\/product\/clear-glass-juice-bottle-glass-milk-bottle-with-metal-lid-beverage-bottle\/","name":"Bottiglia per succo in vetro chiaro Bottiglia di latte in vetro con tappo in metallo Bevanda - Reihey Glass","isPartOf":{"@id":"https:\/\/reihey.com\/#website"},"primaryImageOfPage":{"@id":"https:\/\/reihey.com\/product\/clear-glass-juice-bottle-glass-milk-bottle-with-metal-lid-beverage-bottle\/#primaryimage"},"image":{"@id":"https:\/\/reihey.com\/product\/clear-glass-juice-bottle-glass-milk-bottle-with-metal-lid-beverage-bottle\/#primaryimage"},"thumbnailUrl":"https:\/\/reihey.com\/wp-content\/uploads\/2025\/08\/SKU-02-Glass-Milk-Bottle.jpg","datePublished":"2025-08-27T10:41:51+00:00","dateModified":"2025-10-29T06:21:19+00:00","breadcrumb":{"@id":"https:\/\/reihey.com\/product\/clear-glass-juice-bottle-glass-milk-bottle-with-metal-lid-beverage-bottle\/#breadcrumb"},"inLanguage":"it-IT","potentialAction":[{"@type":"ReadAction","target":["https:\/\/reihey.com\/product\/clear-glass-juice-bottle-glass-milk-bottle-with-metal-lid-beverage-bottle\/"]}]},{"@type":"ImageObject","inLanguage":"it-IT","@id":"https:\/\/reihey.com\/product\/clear-glass-juice-bottle-glass-milk-bottle-with-metal-lid-beverage-bottle\/#primaryimage","url":"https:\/\/reihey.com\/wp-content\/uploads\/2025\/08\/SKU-02-Glass-Milk-Bottle.jpg","contentUrl":"https:\/\/reihey.com\/wp-content\/uploads\/2025\/08\/SKU-02-Glass-Milk-Bottle.jpg","width":1000,"height":1000},{"@type":"BreadcrumbList","@id":"https:\/\/reihey.com\/product\/clear-glass-juice-bottle-glass-milk-bottle-with-metal-lid-beverage-bottle\/#breadcrumb","itemListElement":[{"@type":"ListItem","position":1,"name":"Home","item":"https:\/\/reihey.com\/"},{"@type":"ListItem","position":2,"name":"Shop","item":"https:\/\/reihey.com\/shop\/"},{"@type":"ListItem","position":3,"name":"Clear Glass Juice Bottle Glass Milk Bottle With Metal Lid Beverage Bottle"}]},{"@type":"WebSite","@id":"https:\/\/reihey.com\/#website","url":"https:\/\/reihey.com\/","name":"Reihey Vetro","description":"","publisher":{"@id":"https:\/\/reihey.com\/#organization"},"potentialAction":[{"@type":"SearchAction","target":{"@type":"EntryPoint","urlTemplate":"https:\/\/reihey.com\/?s={search_term_string}"},"query-input":{"@type":"PropertyValueSpecification","valueRequired":true,"valueName":"search_term_string"}}],"inLanguage":"it-IT"},{"@type":"Organization","@id":"https:\/\/reihey.com\/#organization","name":"Reihey Vetro","url":"https:\/\/reihey.com\/","logo":{"@type":"ImageObject","inLanguage":"it-IT","@id":"https:\/\/reihey.com\/#\/schema\/logo\/image\/","url":"https:\/\/reihey.com\/wp-content\/uploads\/2023\/07\/Reihey-logo-2026.svg","contentUrl":"https:\/\/reihey.com\/wp-content\/uploads\/2023\/07\/Reihey-logo-2026.svg","width":1984,"height":566,"caption":"Reihey Glass"},"image":{"@id":"https:\/\/reihey.com\/#\/schema\/logo\/image\/"}}]}},"_links":{"self":[{"href":"https:\/\/reihey.com\/it\/wp-json\/wp\/v2\/product\/3406","targetHints":{"allow":["GET"]}}],"collection":[{"href":"https:\/\/reihey.com\/it\/wp-json\/wp\/v2\/product"}],"about":[{"href":"https:\/\/reihey.com\/it\/wp-json\/wp\/v2\/types\/product"}],"replies":[{"embeddable":true,"href":"https:\/\/reihey.com\/it\/wp-json\/wp\/v2\/comments?post=3406"}],"version-history":[{"count":9,"href":"https:\/\/reihey.com\/it\/wp-json\/wp\/v2\/product\/3406\/revisions"}],"predecessor-version":[{"id":998171,"href":"https:\/\/reihey.com\/it\/wp-json\/wp\/v2\/product\/3406\/revisions\/998171"}],"wp:featuredmedia":[{"embeddable":true,"href":"https:\/\/reihey.com\/it\/wp-json\/wp\/v2\/media\/991247"}],"wp:attachment":[{"href":"https:\/\/reihey.com\/it\/wp-json\/wp\/v2\/media?parent=3406"}],"wp:term":[{"taxonomy":"product_brand","embeddable":true,"href":"https:\/\/reihey.com\/it\/wp-json\/wp\/v2\/product_brand?post=3406"},{"taxonomy":"product_cat","embeddable":true,"href":"https:\/\/reihey.com\/it\/wp-json\/wp\/v2\/product_cat?post=3406"},{"taxonomy":"product_tag","embeddable":true,"href":"https:\/\/reihey.com\/it\/wp-json\/wp\/v2\/product_tag?post=3406"}],"curies":[{"name":"wp","href":"https:\/\/api.w.org\/{rel}","templated":true}]}}