{"id":3370,"date":"2025-08-27T10:41:30","date_gmt":"2025-08-27T10:41:30","guid":{"rendered":"https:\/\/slot71.silverline.dev\/?post_type=product&#038;p=3370"},"modified":"2025-10-29T06:29:09","modified_gmt":"2025-10-29T06:29:09","slug":"100ml-150ml-200ml-clear-wide-mouth-pudding-glass-jar-milk-glass-bottle","status":"publish","type":"product","link":"https:\/\/reihey.com\/it\/product\/100ml-150ml-200ml-clear-wide-mouth-pudding-glass-jar-milk-glass-bottle\/","title":{"rendered":"Bottiglia di vetro per budino chiaro da 100ml\/150ml\/200ml, bocca ampia, latte in vetro"},"content":{"rendered":"","protected":false},"excerpt":{"rendered":"<p><!-- Desk Table --><\/p>\n<table class=\"desk-tab\">\n<tbody>\n<tr>\n<th>Materiale della bottiglia<\/th>\n<th>Capacit\u00e0<\/th>\n<th>Colore della bottiglia<\/th>\n<th>Dimensione<\/th>\n<th>Tappo<\/th>\n<th>Uso<\/th>\n<th>Confezione<\/th>\n<\/tr>\n<tr>\n<td>Vetro<\/td>\n<td>100ml<\/td>\n<td>Chiaro<\/td>\n<td>D5.5*H7.5cm<\/td>\n<td>Sughero<\/td>\n<td>Bevanda<\/td>\n<td>Standard export carton\u2013Xpcs\/box, Ybox\/carton.<\/td>\n<\/tr>\n<tr>\n<td><\/td>\n<td>150ml<\/td>\n<td><\/td>\n<td>D6*H7.8cm<\/td>\n<td>Plastica<\/td>\n<td>Succo<\/td>\n<td>confezione personalizzata: scatola bianca con il tuo LOGO, scatola regalo colorata con il tuo marchio<\/td>\n<\/tr>\n<tr>\n<td><\/td>\n<td>200 ml<\/td>\n<td><\/td>\n<td>D6.8*H7.5cm<\/td>\n<td><\/td>\n<td>Latte<\/td>\n<td><\/td>\n<\/tr>\n<tr>\n<td><\/td>\n<td><\/td>\n<td><\/td>\n<td><\/td>\n<td><\/td>\n<td>Frutta<\/td>\n<td><\/td>\n<\/tr>\n<tr>\n<td><\/td>\n<td><\/td>\n<td><\/td>\n<td><\/td>\n<td><\/td>\n<td>Caff\u00e8<\/td>\n<td><\/td>\n<\/tr>\n<tr>\n<td><\/td>\n<td><\/td>\n<td><\/td>\n<td><\/td>\n<td><\/td>\n<td>Cesteria<\/td>\n<td><\/td>\n<\/tr>\n<tr>\n<td><\/td>\n<td><\/td>\n<td><\/td>\n<td><\/td>\n<td><\/td>\n<td>Cibo<\/td>\n<td><\/td>\n<\/tr>\n<tr>\n<td><\/td>\n<td><\/td>\n<td><\/td>\n<td><\/td>\n<td><\/td>\n<td>Miele<\/td>\n<td><\/td>\n<\/tr>\n<tr>\n<td><\/td>\n<td><\/td>\n<td><\/td>\n<td><\/td>\n<td><\/td>\n<td>Yogurt<\/td>\n<td><\/td>\n<\/tr>\n<\/tbody>\n<\/table>\n<p><!-- Mobile Table --><\/p>\n<table class=\"mob-tab\">\n<tbody>\n<tr>\n<th>Materiale<\/th>\n<td>Vetro<\/td>\n<\/tr>\n<tr>\n<th>Capacit\u00e0<\/th>\n<td>100ml<br \/>\n150ml<br \/>\n200 ml<\/td>\n<\/tr>\n<tr>\n<th>Colore<\/th>\n<td>Chiaro<\/td>\n<\/tr>\n<tr>\n<th>Dimensione<\/th>\n<td>D5.5*H7.5cm<br \/>\nD6*H7.8cm<br \/>\nD6.8*H7.5cm<\/td>\n<\/tr>\n<tr>\n<th>Tappo<\/th>\n<td>Sughero<br \/>\nPlastica<\/td>\n<\/tr>\n<tr>\n<th>Uso<\/th>\n<td>Bevanda<br \/>\nSucco<br \/>\nLatte<br \/>\nFrutta<br \/>\nCaff\u00e8<br \/>\nCesteria<br \/>\nCibo<br \/>\nMiele<br \/>\nYogurt<\/td>\n<\/tr>\n<tr>\n<th>Confezione<\/th>\n<td>1. Scatola esportazione standard\u2013Xpez\/box, Ybox\/scatola.<br \/>\n2. Pacchetto personalizzato: scatola bianca con il tuo LOGO, confezione regalo colorata con il tuo logo<\/td>\n<\/tr>\n<\/tbody>\n<\/table>\n<p><strong>Informazioni su questo articolo<\/strong><br \/>\n1. Barattoli di vetro di alta qualit\u00e0: fatti di vetro chiaro spesso di alta qualit\u00e0 alimentare, senza BPA, riciclabile, non tossico, conservante e resistenza alle alte temperature. Il sughero \u00e8 una chiusura liscia e buona, non facile a lasciare residui che possano ostruire saldamente l'apertura della bottiglia. 2. Ideale per conservazione quotidiana: Perfetti per conservare budino, latte, yogurt, marmellate fatte in casa, gelatina, mousse e altri piccoli dessert, spezie, fagioli, cibo per bambini, progetti fai-da-te e molto altro. 3. Occasions: I piccoli barattoli di vetro con sughero sono perfetti per matrimonio in spiaggia, baby shower, festa di compleanno, festa in stile Harry Potter, serata di gioco, festa in costume da mago, vacanza in spiaggia e uso quotidiano in cucina. 4. Note Calde: Si prega di mettere i barattoli di gelatina in acqua tiepida prima di versare liquidi bollenti, soprattutto se usati come contenitori per candele. Ogni bottiglia di vetro \u00e8 ben fatta, superficie e angoli lisci, ottimi per conservare contenuti luminosi e creare un'atmosfera romantica e calda.<\/p>","protected":false},"featured_media":991230,"comment_status":"closed","ping_status":"closed","template":"","meta":{"_acf_changed":false},"product_brand":[],"product_cat":[601,611,608],"product_tag":[],"class_list":{"0":"post-3370","1":"product","2":"type-product","3":"status-publish","4":"has-post-thumbnail","6":"product_cat-food-beverage","7":"product_cat-glass-bottle-manufacturer","8":"product_cat-glass-yogurt-bottle-manufacturer","10":"first","11":"instock","12":"shipping-taxable","13":"product-type-simple"},"acf":[],"yoast_head":"<!-- This site is optimized with the Yoast SEO plugin v26.7 - https:\/\/yoast.com\/wordpress\/plugins\/seo\/ -->\n<title>100Ml 150Ml 200Ml Clear Wide Mouth Pudding Glass Jar Milk Glass Bottle - Reihey Glass<\/title>\n<meta name=\"robots\" content=\"index, follow, max-snippet:-1, max-image-preview:large, max-video-preview:-1\" \/>\n<link rel=\"canonical\" href=\"https:\/\/reihey.com\/it\/product\/100ml-150ml-200ml-clear-wide-mouth-pudding-glass-jar-milk-glass-bottle\/\" \/>\n<meta property=\"og:locale\" content=\"it_IT\" \/>\n<meta property=\"og:type\" content=\"article\" \/>\n<meta property=\"og:title\" content=\"100Ml 150Ml 200Ml Clear Wide Mouth Pudding Glass Jar Milk Glass Bottle - Reihey Glass\" \/>\n<meta property=\"og:description\" content=\"Bottle Material Capacity Bottle Color Size Cap Usage Packing   Glass 100ml Clear D5.5*H7.5cm Cork Beverage Standard export carton--Xpcs\/box, Ybox\/carton.    150ml  D6*H7.8cm Plastic Juice Custom pack: white box with your LOGO, Color gift box with your logo    200ml  D6.8*H7.5cm  Milk         Fruit         Coffee         Canning         Food         Honey         Yogurt         Material Glass   Capacity 100ml 150ml 200ml   Color Clear   Size D5.5*H7.5cm D6*H7.8cm D6.8*H7.5cm   Cap Cork Plastic   Usage Beverage Juice Milk Fruit Coffee Canning Food Honey Yogurt   Packing 1. Standard export carton--Xpcs\/box, Ybox\/carton. 2. Custom pack: white box with your LOGO, Color gift box with your logo    About this item 1. High Quality Glass Jars: Made of thick clear high-quality food grade glass, BPA-free, recyclable non-toxic, preservative and high temperature resistance. The cork is a smooth and good seal, not easy to drop residue that can be firmly plugged bottle mouth. 2.Ideal for Daily Storage: Perfect to store pudding, milk, yogurt, homemade jams, jelly, mousse and other small dessert, spices, beans, baby food, DIY project and much more. 3.Occasions: The small glass jars with cork are perfect for beach wedding, baby shower, birthday party, Harry Potter party, game night, wizard costume party, beach vacation and daily kitchen use. 4.Warm Notes: Please soak the jelly jars in warm water first if you need to pour boiling liquid inside, especially use as candle containers. Each glass bottle is well-made, smooth in the surface and corner, great to store bright stuff to create romantic and warm the ambience.\" \/>\n<meta property=\"og:url\" content=\"https:\/\/reihey.com\/it\/product\/100ml-150ml-200ml-clear-wide-mouth-pudding-glass-jar-milk-glass-bottle\/\" \/>\n<meta property=\"og:site_name\" content=\"Reihey Glass\" \/>\n<meta property=\"article:modified_time\" content=\"2025-10-29T06:29:09+00:00\" \/>\n<meta property=\"og:image\" content=\"https:\/\/reihey.com\/wp-content\/uploads\/2025\/08\/Main-02-14.jpg\" \/>\n\t<meta property=\"og:image:width\" content=\"750\" \/>\n\t<meta property=\"og:image:height\" content=\"750\" \/>\n\t<meta property=\"og:image:type\" content=\"image\/jpeg\" \/>\n<meta name=\"twitter:card\" content=\"summary_large_image\" \/>\n<meta name=\"twitter:label1\" content=\"Tempo di lettura stimato\" \/>\n\t<meta name=\"twitter:data1\" content=\"1 minuto\" \/>\n<script type=\"application\/ld+json\" class=\"yoast-schema-graph\">{\"@context\":\"https:\/\/schema.org\",\"@graph\":[{\"@type\":\"WebPage\",\"@id\":\"https:\/\/reihey.com\/product\/100ml-150ml-200ml-clear-wide-mouth-pudding-glass-jar-milk-glass-bottle\/\",\"url\":\"https:\/\/reihey.com\/product\/100ml-150ml-200ml-clear-wide-mouth-pudding-glass-jar-milk-glass-bottle\/\",\"name\":\"100Ml 150Ml 200Ml Clear Wide Mouth Pudding Glass Jar Milk Glass Bottle - Reihey Glass\",\"isPartOf\":{\"@id\":\"https:\/\/reihey.com\/#website\"},\"primaryImageOfPage\":{\"@id\":\"https:\/\/reihey.com\/product\/100ml-150ml-200ml-clear-wide-mouth-pudding-glass-jar-milk-glass-bottle\/#primaryimage\"},\"image\":{\"@id\":\"https:\/\/reihey.com\/product\/100ml-150ml-200ml-clear-wide-mouth-pudding-glass-jar-milk-glass-bottle\/#primaryimage\"},\"thumbnailUrl\":\"https:\/\/reihey.com\/wp-content\/uploads\/2025\/08\/Main-02-14.jpg\",\"datePublished\":\"2025-08-27T10:41:30+00:00\",\"dateModified\":\"2025-10-29T06:29:09+00:00\",\"breadcrumb\":{\"@id\":\"https:\/\/reihey.com\/product\/100ml-150ml-200ml-clear-wide-mouth-pudding-glass-jar-milk-glass-bottle\/#breadcrumb\"},\"inLanguage\":\"it-IT\",\"potentialAction\":[{\"@type\":\"ReadAction\",\"target\":[\"https:\/\/reihey.com\/product\/100ml-150ml-200ml-clear-wide-mouth-pudding-glass-jar-milk-glass-bottle\/\"]}]},{\"@type\":\"ImageObject\",\"inLanguage\":\"it-IT\",\"@id\":\"https:\/\/reihey.com\/product\/100ml-150ml-200ml-clear-wide-mouth-pudding-glass-jar-milk-glass-bottle\/#primaryimage\",\"url\":\"https:\/\/reihey.com\/wp-content\/uploads\/2025\/08\/Main-02-14.jpg\",\"contentUrl\":\"https:\/\/reihey.com\/wp-content\/uploads\/2025\/08\/Main-02-14.jpg\",\"width\":750,\"height\":750},{\"@type\":\"BreadcrumbList\",\"@id\":\"https:\/\/reihey.com\/product\/100ml-150ml-200ml-clear-wide-mouth-pudding-glass-jar-milk-glass-bottle\/#breadcrumb\",\"itemListElement\":[{\"@type\":\"ListItem\",\"position\":1,\"name\":\"Home\",\"item\":\"https:\/\/reihey.com\/\"},{\"@type\":\"ListItem\",\"position\":2,\"name\":\"Shop\",\"item\":\"https:\/\/reihey.com\/shop\/\"},{\"@type\":\"ListItem\",\"position\":3,\"name\":\"100Ml 150Ml 200Ml Clear Wide Mouth Pudding Glass Jar Milk Glass Bottle\"}]},{\"@type\":\"WebSite\",\"@id\":\"https:\/\/reihey.com\/#website\",\"url\":\"https:\/\/reihey.com\/\",\"name\":\"Reihey Glass\",\"description\":\"\",\"publisher\":{\"@id\":\"https:\/\/reihey.com\/#organization\"},\"potentialAction\":[{\"@type\":\"SearchAction\",\"target\":{\"@type\":\"EntryPoint\",\"urlTemplate\":\"https:\/\/reihey.com\/?s={search_term_string}\"},\"query-input\":{\"@type\":\"PropertyValueSpecification\",\"valueRequired\":true,\"valueName\":\"search_term_string\"}}],\"inLanguage\":\"it-IT\"},{\"@type\":\"Organization\",\"@id\":\"https:\/\/reihey.com\/#organization\",\"name\":\"Reihey Glass\",\"url\":\"https:\/\/reihey.com\/\",\"logo\":{\"@type\":\"ImageObject\",\"inLanguage\":\"it-IT\",\"@id\":\"https:\/\/reihey.com\/#\/schema\/logo\/image\/\",\"url\":\"https:\/\/reihey.com\/wp-content\/uploads\/2023\/07\/Reihey-logo-2026.svg\",\"contentUrl\":\"https:\/\/reihey.com\/wp-content\/uploads\/2023\/07\/Reihey-logo-2026.svg\",\"width\":1984,\"height\":566,\"caption\":\"Reihey Glass\"},\"image\":{\"@id\":\"https:\/\/reihey.com\/#\/schema\/logo\/image\/\"}}]}<\/script>\n<!-- \/ Yoast SEO plugin. -->","yoast_head_json":{"title":"100Ml 150Ml 200Ml Chiaro Bocca larga Pudding Glass Jar Milk Glass Bottle - Reihey Glass","robots":{"index":"index","follow":"follow","max-snippet":"max-snippet:-1","max-image-preview":"max-image-preview:large","max-video-preview":"max-video-preview:-1"},"canonical":"https:\/\/reihey.com\/it\/product\/100ml-150ml-200ml-clear-wide-mouth-pudding-glass-jar-milk-glass-bottle\/","og_locale":"it_IT","og_type":"article","og_title":"100Ml 150Ml 200Ml Clear Wide Mouth Pudding Glass Jar Milk Glass Bottle - Reihey Glass","og_description":"Bottle Material Capacity Bottle Color Size Cap Usage Packing   Glass 100ml Clear D5.5*H7.5cm Cork Beverage Standard export carton--Xpcs\/box, Ybox\/carton.    150ml  D6*H7.8cm Plastic Juice Custom pack: white box with your LOGO, Color gift box with your logo    200ml  D6.8*H7.5cm  Milk         Fruit         Coffee         Canning         Food         Honey         Yogurt         Material Glass   Capacity 100ml 150ml 200ml   Color Clear   Size D5.5*H7.5cm D6*H7.8cm D6.8*H7.5cm   Cap Cork Plastic   Usage Beverage Juice Milk Fruit Coffee Canning Food Honey Yogurt   Packing 1. Standard export carton--Xpcs\/box, Ybox\/carton. 2. Custom pack: white box with your LOGO, Color gift box with your logo    About this item 1. High Quality Glass Jars: Made of thick clear high-quality food grade glass, BPA-free, recyclable non-toxic, preservative and high temperature resistance. The cork is a smooth and good seal, not easy to drop residue that can be firmly plugged bottle mouth. 2.Ideal for Daily Storage: Perfect to store pudding, milk, yogurt, homemade jams, jelly, mousse and other small dessert, spices, beans, baby food, DIY project and much more. 3.Occasions: The small glass jars with cork are perfect for beach wedding, baby shower, birthday party, Harry Potter party, game night, wizard costume party, beach vacation and daily kitchen use. 4.Warm Notes: Please soak the jelly jars in warm water first if you need to pour boiling liquid inside, especially use as candle containers. Each glass bottle is well-made, smooth in the surface and corner, great to store bright stuff to create romantic and warm the ambience.","og_url":"https:\/\/reihey.com\/it\/product\/100ml-150ml-200ml-clear-wide-mouth-pudding-glass-jar-milk-glass-bottle\/","og_site_name":"Reihey Glass","article_modified_time":"2025-10-29T06:29:09+00:00","og_image":[{"width":750,"height":750,"url":"https:\/\/reihey.com\/wp-content\/uploads\/2025\/08\/Main-02-14.jpg","type":"image\/jpeg"}],"twitter_card":"summary_large_image","twitter_misc":{"Tempo di lettura stimato":"1 minuto"},"schema":{"@context":"https:\/\/schema.org","@graph":[{"@type":"WebPage","@id":"https:\/\/reihey.com\/product\/100ml-150ml-200ml-clear-wide-mouth-pudding-glass-jar-milk-glass-bottle\/","url":"https:\/\/reihey.com\/product\/100ml-150ml-200ml-clear-wide-mouth-pudding-glass-jar-milk-glass-bottle\/","name":"100Ml 150Ml 200Ml Chiaro Bocca larga Pudding Glass Jar Milk Glass Bottle - Reihey Glass","isPartOf":{"@id":"https:\/\/reihey.com\/#website"},"primaryImageOfPage":{"@id":"https:\/\/reihey.com\/product\/100ml-150ml-200ml-clear-wide-mouth-pudding-glass-jar-milk-glass-bottle\/#primaryimage"},"image":{"@id":"https:\/\/reihey.com\/product\/100ml-150ml-200ml-clear-wide-mouth-pudding-glass-jar-milk-glass-bottle\/#primaryimage"},"thumbnailUrl":"https:\/\/reihey.com\/wp-content\/uploads\/2025\/08\/Main-02-14.jpg","datePublished":"2025-08-27T10:41:30+00:00","dateModified":"2025-10-29T06:29:09+00:00","breadcrumb":{"@id":"https:\/\/reihey.com\/product\/100ml-150ml-200ml-clear-wide-mouth-pudding-glass-jar-milk-glass-bottle\/#breadcrumb"},"inLanguage":"it-IT","potentialAction":[{"@type":"ReadAction","target":["https:\/\/reihey.com\/product\/100ml-150ml-200ml-clear-wide-mouth-pudding-glass-jar-milk-glass-bottle\/"]}]},{"@type":"ImageObject","inLanguage":"it-IT","@id":"https:\/\/reihey.com\/product\/100ml-150ml-200ml-clear-wide-mouth-pudding-glass-jar-milk-glass-bottle\/#primaryimage","url":"https:\/\/reihey.com\/wp-content\/uploads\/2025\/08\/Main-02-14.jpg","contentUrl":"https:\/\/reihey.com\/wp-content\/uploads\/2025\/08\/Main-02-14.jpg","width":750,"height":750},{"@type":"BreadcrumbList","@id":"https:\/\/reihey.com\/product\/100ml-150ml-200ml-clear-wide-mouth-pudding-glass-jar-milk-glass-bottle\/#breadcrumb","itemListElement":[{"@type":"ListItem","position":1,"name":"Home","item":"https:\/\/reihey.com\/"},{"@type":"ListItem","position":2,"name":"Shop","item":"https:\/\/reihey.com\/shop\/"},{"@type":"ListItem","position":3,"name":"100Ml 150Ml 200Ml Clear Wide Mouth Pudding Glass Jar Milk Glass Bottle"}]},{"@type":"WebSite","@id":"https:\/\/reihey.com\/#website","url":"https:\/\/reihey.com\/","name":"Reihey Vetro","description":"","publisher":{"@id":"https:\/\/reihey.com\/#organization"},"potentialAction":[{"@type":"SearchAction","target":{"@type":"EntryPoint","urlTemplate":"https:\/\/reihey.com\/?s={search_term_string}"},"query-input":{"@type":"PropertyValueSpecification","valueRequired":true,"valueName":"search_term_string"}}],"inLanguage":"it-IT"},{"@type":"Organization","@id":"https:\/\/reihey.com\/#organization","name":"Reihey Vetro","url":"https:\/\/reihey.com\/","logo":{"@type":"ImageObject","inLanguage":"it-IT","@id":"https:\/\/reihey.com\/#\/schema\/logo\/image\/","url":"https:\/\/reihey.com\/wp-content\/uploads\/2023\/07\/Reihey-logo-2026.svg","contentUrl":"https:\/\/reihey.com\/wp-content\/uploads\/2023\/07\/Reihey-logo-2026.svg","width":1984,"height":566,"caption":"Reihey Glass"},"image":{"@id":"https:\/\/reihey.com\/#\/schema\/logo\/image\/"}}]}},"_links":{"self":[{"href":"https:\/\/reihey.com\/it\/wp-json\/wp\/v2\/product\/3370","targetHints":{"allow":["GET"]}}],"collection":[{"href":"https:\/\/reihey.com\/it\/wp-json\/wp\/v2\/product"}],"about":[{"href":"https:\/\/reihey.com\/it\/wp-json\/wp\/v2\/types\/product"}],"replies":[{"embeddable":true,"href":"https:\/\/reihey.com\/it\/wp-json\/wp\/v2\/comments?post=3370"}],"version-history":[{"count":6,"href":"https:\/\/reihey.com\/it\/wp-json\/wp\/v2\/product\/3370\/revisions"}],"predecessor-version":[{"id":998226,"href":"https:\/\/reihey.com\/it\/wp-json\/wp\/v2\/product\/3370\/revisions\/998226"}],"wp:featuredmedia":[{"embeddable":true,"href":"https:\/\/reihey.com\/it\/wp-json\/wp\/v2\/media\/991230"}],"wp:attachment":[{"href":"https:\/\/reihey.com\/it\/wp-json\/wp\/v2\/media?parent=3370"}],"wp:term":[{"taxonomy":"product_brand","embeddable":true,"href":"https:\/\/reihey.com\/it\/wp-json\/wp\/v2\/product_brand?post=3370"},{"taxonomy":"product_cat","embeddable":true,"href":"https:\/\/reihey.com\/it\/wp-json\/wp\/v2\/product_cat?post=3370"},{"taxonomy":"product_tag","embeddable":true,"href":"https:\/\/reihey.com\/it\/wp-json\/wp\/v2\/product_tag?post=3370"}],"curies":[{"name":"wp","href":"https:\/\/api.w.org\/{rel}","templated":true}]}}