{"id":1498,"date":"2025-08-27T10:40:57","date_gmt":"2025-08-27T10:40:57","guid":{"rendered":"https:\/\/slot71.silverline.dev\/?post_type=product&#038;p=1498"},"modified":"2025-10-29T06:29:02","modified_gmt":"2025-10-29T06:29:02","slug":"500ml-750ml-glass-wine-bottle-wine-cabinet-decoration-bottle-display","status":"publish","type":"product","link":"https:\/\/reihey.com\/it\/product\/500ml-750ml-glass-wine-bottle-wine-cabinet-decoration-bottle-display\/","title":{"rendered":"Bottiglia di vino in vetro da 500ml\/750ml, decorazione per armadi\/vetrina di vino"},"content":{"rendered":"","protected":false},"excerpt":{"rendered":"<table class=\"desk-tab\">\n<tbody>\n<tr>\n<th>Materiale<\/th>\n<th>Capacit\u00e0<\/th>\n<th>Colore<\/th>\n<th>Dimensione<\/th>\n<th>Coperchio<\/th>\n<th>Uso<\/th>\n<th>Confezione<\/th>\n<\/tr>\n<tr>\n<td>Vetro<\/td>\n<td>500ml<\/td>\n<td>Verde scuro<\/td>\n<td>30*6cm<\/td>\n<td>Sughero<\/td>\n<td>Vino<\/td>\n<td>1. Scatola esportazione standard\u2013Xpez\/box, Ybox\/scatola<\/td>\n<\/tr>\n<tr>\n<td><\/td>\n<td>750ml<\/td>\n<td>Nero<\/td>\n<td>32.5*7cm<\/td>\n<td>Sigillo<\/td>\n<td><\/td>\n<td>2. Pacchetto personalizzato: scatola bianca con il tuo LOGO, confezione regalo colorata con il tuo logo<\/td>\n<\/tr>\n<tr>\n<td><\/td>\n<td><\/td>\n<td>Marrone<\/td>\n<td><\/td>\n<td><\/td>\n<td><\/td>\n<td><\/td>\n<\/tr>\n<tr>\n<td><\/td>\n<td><\/td>\n<td>Trasparente<\/td>\n<td><\/td>\n<td><\/td>\n<td><\/td>\n<td><\/td>\n<\/tr>\n<\/tbody>\n<\/table>\n<table class=\"mob-tab\">\n<tbody>\n<tr>\n<th>Materiale<\/th>\n<td>Vetro<\/td>\n<\/tr>\n<tr>\n<th>Capacit\u00e0<\/th>\n<td>500ml<br \/>\n750ml<\/td>\n<\/tr>\n<tr>\n<th>Colore<\/th>\n<td>Verde scuro<br \/>\nNero<br \/>\nMarrone<br \/>\nTrasparente<\/td>\n<\/tr>\n<tr>\n<th>Dimensione<\/th>\n<td>30*6cm<br \/>\n32.5*7cm<\/td>\n<\/tr>\n<tr>\n<th>Coperchio<\/th>\n<td>Sughero<br \/>\nSigillo<\/td>\n<\/tr>\n<tr>\n<th>Uso<\/th>\n<td>Vino<\/td>\n<\/tr>\n<tr>\n<th>Confezione<\/th>\n<td>1. Scatola esportazione standard\u2013Xpez\/box, Ybox\/scatola.<br \/>\n2. Pacchetto personalizzato: scatola bianca con il tuo LOGO, confezione regalo colorata con il tuo logo<\/td>\n<\/tr>\n<\/tbody>\n<\/table>\n<p>Caratteristiche:<br \/>\nResistenza alla corrosione: pu\u00f2 contenere qualsiasi tipo di bevanda Stabilit\u00e0 elevata: non verranno rilasciate sostanze dannoseNessun odore: nessuna adsorbimento e mantiene il profumo originale della bevanda, facile da pulire, la parete liscia della tazza non \u00e8 facile da sporcareSigillo al vetro respirante: il timo originale sughero di rovere, il foro di respirazione sulla bocca della bottiglia permette la circolazione dell'aria, rendendo la bevanda pi\u00f9 morbida. Tappo di sughero: sughero di rovere di alta qualit\u00e0, buona flessibilit\u00e0, buona permeabilit\u00e0 all'aria, nessuna contaminazione di umore<\/p>","protected":false},"featured_media":991195,"comment_status":"closed","ping_status":"closed","template":"","meta":{"_acf_changed":false},"product_brand":[],"product_cat":[611,612],"product_tag":[],"class_list":{"0":"post-1498","1":"product","2":"type-product","3":"status-publish","4":"has-post-thumbnail","6":"product_cat-glass-bottle-manufacturer","7":"product_cat-glass-wine-bottle-manufacturer","9":"first","10":"instock","11":"shipping-taxable","12":"product-type-simple"},"acf":[],"yoast_head":"<!-- This site is optimized with the Yoast SEO plugin v26.7 - https:\/\/yoast.com\/wordpress\/plugins\/seo\/ -->\n<title>500ml\/750ml Glass wine bottle wine cabinet decoration bottle display - Reihey Glass<\/title>\n<meta name=\"robots\" content=\"index, follow, max-snippet:-1, max-image-preview:large, max-video-preview:-1\" \/>\n<link rel=\"canonical\" href=\"https:\/\/reihey.com\/it\/product\/500ml-750ml-glass-wine-bottle-wine-cabinet-decoration-bottle-display\/\" \/>\n<meta property=\"og:locale\" content=\"it_IT\" \/>\n<meta property=\"og:type\" content=\"article\" \/>\n<meta property=\"og:title\" content=\"500ml\/750ml Glass wine bottle wine cabinet decoration bottle display - Reihey Glass\" \/>\n<meta property=\"og:description\" content=\"Material Capacity Color Size Lid Usage Packing   Glass 500ml Dark Green 30*6cm Cork Wine 1. Standard export carton--Xpcs\/box, Ybox\/carton    750ml Black 32.5*7cm Seal  2. Custom pack: white box with your LOGO, Color gift box with your logo     Brown         Transparent           Material Glass   Capacity 500ml 750ml   Color Dark Green Black Brown Transparent   Size 30*6cm 32.5*7cm   Lid Cork Seal   Usage Wine   Packing 1. Standard export carton--Xpcs\/box, Ybox\/carton. 2. Custom pack: white box with your LOGO, Color gift box with your logo    Features: Corrosion resistance: can store any type of drink High stability: no harmful substances will be released No smell: no adsorption and maintain the original fragrance of the drink, easy to clean, the smooth wall of the cup is not easy to hide dirt Breathing bottle seal: the original oak cork, the breathing hole on the mouth of the bottle allows the air to circulate, making the drink taste more mellow. Wine cork: high-grade oak cork wood wine cork, good flexibility, good air permeability, no humor pollution\" \/>\n<meta property=\"og:url\" content=\"https:\/\/reihey.com\/it\/product\/500ml-750ml-glass-wine-bottle-wine-cabinet-decoration-bottle-display\/\" \/>\n<meta property=\"og:site_name\" content=\"Reihey Glass\" \/>\n<meta property=\"article:modified_time\" content=\"2025-10-29T06:29:02+00:00\" \/>\n<meta property=\"og:image\" content=\"https:\/\/reihey.com\/wp-content\/uploads\/2025\/08\/1-1.jpg\" \/>\n\t<meta property=\"og:image:width\" content=\"750\" \/>\n\t<meta property=\"og:image:height\" content=\"750\" \/>\n\t<meta property=\"og:image:type\" content=\"image\/jpeg\" \/>\n<meta name=\"twitter:card\" content=\"summary_large_image\" \/>\n<meta name=\"twitter:label1\" content=\"Tempo di lettura stimato\" \/>\n\t<meta name=\"twitter:data1\" content=\"1 minuto\" \/>\n<script type=\"application\/ld+json\" class=\"yoast-schema-graph\">{\"@context\":\"https:\/\/schema.org\",\"@graph\":[{\"@type\":\"WebPage\",\"@id\":\"https:\/\/reihey.com\/product\/500ml-750ml-glass-wine-bottle-wine-cabinet-decoration-bottle-display\/\",\"url\":\"https:\/\/reihey.com\/product\/500ml-750ml-glass-wine-bottle-wine-cabinet-decoration-bottle-display\/\",\"name\":\"500ml\/750ml Glass wine bottle wine cabinet decoration bottle display - Reihey Glass\",\"isPartOf\":{\"@id\":\"https:\/\/reihey.com\/#website\"},\"primaryImageOfPage\":{\"@id\":\"https:\/\/reihey.com\/product\/500ml-750ml-glass-wine-bottle-wine-cabinet-decoration-bottle-display\/#primaryimage\"},\"image\":{\"@id\":\"https:\/\/reihey.com\/product\/500ml-750ml-glass-wine-bottle-wine-cabinet-decoration-bottle-display\/#primaryimage\"},\"thumbnailUrl\":\"https:\/\/reihey.com\/wp-content\/uploads\/2025\/08\/1-1.jpg\",\"datePublished\":\"2025-08-27T10:40:57+00:00\",\"dateModified\":\"2025-10-29T06:29:02+00:00\",\"breadcrumb\":{\"@id\":\"https:\/\/reihey.com\/product\/500ml-750ml-glass-wine-bottle-wine-cabinet-decoration-bottle-display\/#breadcrumb\"},\"inLanguage\":\"it-IT\",\"potentialAction\":[{\"@type\":\"ReadAction\",\"target\":[\"https:\/\/reihey.com\/product\/500ml-750ml-glass-wine-bottle-wine-cabinet-decoration-bottle-display\/\"]}]},{\"@type\":\"ImageObject\",\"inLanguage\":\"it-IT\",\"@id\":\"https:\/\/reihey.com\/product\/500ml-750ml-glass-wine-bottle-wine-cabinet-decoration-bottle-display\/#primaryimage\",\"url\":\"https:\/\/reihey.com\/wp-content\/uploads\/2025\/08\/1-1.jpg\",\"contentUrl\":\"https:\/\/reihey.com\/wp-content\/uploads\/2025\/08\/1-1.jpg\",\"width\":750,\"height\":750},{\"@type\":\"BreadcrumbList\",\"@id\":\"https:\/\/reihey.com\/product\/500ml-750ml-glass-wine-bottle-wine-cabinet-decoration-bottle-display\/#breadcrumb\",\"itemListElement\":[{\"@type\":\"ListItem\",\"position\":1,\"name\":\"Home\",\"item\":\"https:\/\/reihey.com\/\"},{\"@type\":\"ListItem\",\"position\":2,\"name\":\"Shop\",\"item\":\"https:\/\/reihey.com\/shop\/\"},{\"@type\":\"ListItem\",\"position\":3,\"name\":\"500ml\/750ml Glass wine bottle wine cabinet decoration bottle display\"}]},{\"@type\":\"WebSite\",\"@id\":\"https:\/\/reihey.com\/#website\",\"url\":\"https:\/\/reihey.com\/\",\"name\":\"Reihey Glass\",\"description\":\"\",\"publisher\":{\"@id\":\"https:\/\/reihey.com\/#organization\"},\"potentialAction\":[{\"@type\":\"SearchAction\",\"target\":{\"@type\":\"EntryPoint\",\"urlTemplate\":\"https:\/\/reihey.com\/?s={search_term_string}\"},\"query-input\":{\"@type\":\"PropertyValueSpecification\",\"valueRequired\":true,\"valueName\":\"search_term_string\"}}],\"inLanguage\":\"it-IT\"},{\"@type\":\"Organization\",\"@id\":\"https:\/\/reihey.com\/#organization\",\"name\":\"Reihey Glass\",\"url\":\"https:\/\/reihey.com\/\",\"logo\":{\"@type\":\"ImageObject\",\"inLanguage\":\"it-IT\",\"@id\":\"https:\/\/reihey.com\/#\/schema\/logo\/image\/\",\"url\":\"https:\/\/reihey.com\/wp-content\/uploads\/2023\/07\/Reihey-logo-2026.svg\",\"contentUrl\":\"https:\/\/reihey.com\/wp-content\/uploads\/2023\/07\/Reihey-logo-2026.svg\",\"width\":1984,\"height\":566,\"caption\":\"Reihey Glass\"},\"image\":{\"@id\":\"https:\/\/reihey.com\/#\/schema\/logo\/image\/\"}}]}<\/script>\n<!-- \/ Yoast SEO plugin. -->","yoast_head_json":{"title":"Bottiglia in vetro da 500ml\/750ml per vino, decorazione per vetrina della bottiglia - Reihey Glass","robots":{"index":"index","follow":"follow","max-snippet":"max-snippet:-1","max-image-preview":"max-image-preview:large","max-video-preview":"max-video-preview:-1"},"canonical":"https:\/\/reihey.com\/it\/product\/500ml-750ml-glass-wine-bottle-wine-cabinet-decoration-bottle-display\/","og_locale":"it_IT","og_type":"article","og_title":"500ml\/750ml Glass wine bottle wine cabinet decoration bottle display - Reihey Glass","og_description":"Material Capacity Color Size Lid Usage Packing   Glass 500ml Dark Green 30*6cm Cork Wine 1. Standard export carton--Xpcs\/box, Ybox\/carton    750ml Black 32.5*7cm Seal  2. Custom pack: white box with your LOGO, Color gift box with your logo     Brown         Transparent           Material Glass   Capacity 500ml 750ml   Color Dark Green Black Brown Transparent   Size 30*6cm 32.5*7cm   Lid Cork Seal   Usage Wine   Packing 1. Standard export carton--Xpcs\/box, Ybox\/carton. 2. Custom pack: white box with your LOGO, Color gift box with your logo    Features: Corrosion resistance: can store any type of drink High stability: no harmful substances will be released No smell: no adsorption and maintain the original fragrance of the drink, easy to clean, the smooth wall of the cup is not easy to hide dirt Breathing bottle seal: the original oak cork, the breathing hole on the mouth of the bottle allows the air to circulate, making the drink taste more mellow. Wine cork: high-grade oak cork wood wine cork, good flexibility, good air permeability, no humor pollution","og_url":"https:\/\/reihey.com\/it\/product\/500ml-750ml-glass-wine-bottle-wine-cabinet-decoration-bottle-display\/","og_site_name":"Reihey Glass","article_modified_time":"2025-10-29T06:29:02+00:00","og_image":[{"width":750,"height":750,"url":"https:\/\/reihey.com\/wp-content\/uploads\/2025\/08\/1-1.jpg","type":"image\/jpeg"}],"twitter_card":"summary_large_image","twitter_misc":{"Tempo di lettura stimato":"1 minuto"},"schema":{"@context":"https:\/\/schema.org","@graph":[{"@type":"WebPage","@id":"https:\/\/reihey.com\/product\/500ml-750ml-glass-wine-bottle-wine-cabinet-decoration-bottle-display\/","url":"https:\/\/reihey.com\/product\/500ml-750ml-glass-wine-bottle-wine-cabinet-decoration-bottle-display\/","name":"Bottiglia in vetro da 500ml\/750ml per vino, decorazione per vetrina della bottiglia - Reihey Glass","isPartOf":{"@id":"https:\/\/reihey.com\/#website"},"primaryImageOfPage":{"@id":"https:\/\/reihey.com\/product\/500ml-750ml-glass-wine-bottle-wine-cabinet-decoration-bottle-display\/#primaryimage"},"image":{"@id":"https:\/\/reihey.com\/product\/500ml-750ml-glass-wine-bottle-wine-cabinet-decoration-bottle-display\/#primaryimage"},"thumbnailUrl":"https:\/\/reihey.com\/wp-content\/uploads\/2025\/08\/1-1.jpg","datePublished":"2025-08-27T10:40:57+00:00","dateModified":"2025-10-29T06:29:02+00:00","breadcrumb":{"@id":"https:\/\/reihey.com\/product\/500ml-750ml-glass-wine-bottle-wine-cabinet-decoration-bottle-display\/#breadcrumb"},"inLanguage":"it-IT","potentialAction":[{"@type":"ReadAction","target":["https:\/\/reihey.com\/product\/500ml-750ml-glass-wine-bottle-wine-cabinet-decoration-bottle-display\/"]}]},{"@type":"ImageObject","inLanguage":"it-IT","@id":"https:\/\/reihey.com\/product\/500ml-750ml-glass-wine-bottle-wine-cabinet-decoration-bottle-display\/#primaryimage","url":"https:\/\/reihey.com\/wp-content\/uploads\/2025\/08\/1-1.jpg","contentUrl":"https:\/\/reihey.com\/wp-content\/uploads\/2025\/08\/1-1.jpg","width":750,"height":750},{"@type":"BreadcrumbList","@id":"https:\/\/reihey.com\/product\/500ml-750ml-glass-wine-bottle-wine-cabinet-decoration-bottle-display\/#breadcrumb","itemListElement":[{"@type":"ListItem","position":1,"name":"Home","item":"https:\/\/reihey.com\/"},{"@type":"ListItem","position":2,"name":"Shop","item":"https:\/\/reihey.com\/shop\/"},{"@type":"ListItem","position":3,"name":"500ml\/750ml Glass wine bottle wine cabinet decoration bottle display"}]},{"@type":"WebSite","@id":"https:\/\/reihey.com\/#website","url":"https:\/\/reihey.com\/","name":"Reihey Vetro","description":"","publisher":{"@id":"https:\/\/reihey.com\/#organization"},"potentialAction":[{"@type":"SearchAction","target":{"@type":"EntryPoint","urlTemplate":"https:\/\/reihey.com\/?s={search_term_string}"},"query-input":{"@type":"PropertyValueSpecification","valueRequired":true,"valueName":"search_term_string"}}],"inLanguage":"it-IT"},{"@type":"Organization","@id":"https:\/\/reihey.com\/#organization","name":"Reihey Vetro","url":"https:\/\/reihey.com\/","logo":{"@type":"ImageObject","inLanguage":"it-IT","@id":"https:\/\/reihey.com\/#\/schema\/logo\/image\/","url":"https:\/\/reihey.com\/wp-content\/uploads\/2023\/07\/Reihey-logo-2026.svg","contentUrl":"https:\/\/reihey.com\/wp-content\/uploads\/2023\/07\/Reihey-logo-2026.svg","width":1984,"height":566,"caption":"Reihey Glass"},"image":{"@id":"https:\/\/reihey.com\/#\/schema\/logo\/image\/"}}]}},"_links":{"self":[{"href":"https:\/\/reihey.com\/it\/wp-json\/wp\/v2\/product\/1498","targetHints":{"allow":["GET"]}}],"collection":[{"href":"https:\/\/reihey.com\/it\/wp-json\/wp\/v2\/product"}],"about":[{"href":"https:\/\/reihey.com\/it\/wp-json\/wp\/v2\/types\/product"}],"replies":[{"embeddable":true,"href":"https:\/\/reihey.com\/it\/wp-json\/wp\/v2\/comments?post=1498"}],"version-history":[{"count":6,"href":"https:\/\/reihey.com\/it\/wp-json\/wp\/v2\/product\/1498\/revisions"}],"predecessor-version":[{"id":998219,"href":"https:\/\/reihey.com\/it\/wp-json\/wp\/v2\/product\/1498\/revisions\/998219"}],"wp:featuredmedia":[{"embeddable":true,"href":"https:\/\/reihey.com\/it\/wp-json\/wp\/v2\/media\/991195"}],"wp:attachment":[{"href":"https:\/\/reihey.com\/it\/wp-json\/wp\/v2\/media?parent=1498"}],"wp:term":[{"taxonomy":"product_brand","embeddable":true,"href":"https:\/\/reihey.com\/it\/wp-json\/wp\/v2\/product_brand?post=1498"},{"taxonomy":"product_cat","embeddable":true,"href":"https:\/\/reihey.com\/it\/wp-json\/wp\/v2\/product_cat?post=1498"},{"taxonomy":"product_tag","embeddable":true,"href":"https:\/\/reihey.com\/it\/wp-json\/wp\/v2\/product_tag?post=1498"}],"curies":[{"name":"wp","href":"https:\/\/api.w.org\/{rel}","templated":true}]}}