{"id":10536,"date":"2025-08-27T11:35:48","date_gmt":"2025-08-27T11:35:48","guid":{"rendered":"https:\/\/slot71.silverline.dev\/?post_type=product&#038;p=10536"},"modified":"2025-10-28T10:57:10","modified_gmt":"2025-10-28T10:57:10","slug":"5-100ml-pink-glass-essential-oil-with-dropper","status":"publish","type":"product","link":"https:\/\/reihey.com\/it\/product\/5-100ml-pink-glass-essential-oil-with-dropper\/","title":{"rendered":"5-100ml rosa Flacone in vetro per olio essenziale con contagocce"},"content":{"rendered":"","protected":false},"excerpt":{"rendered":"<table class=\"desk-tab\">\n<tbody>\n<tr>\n<th>Materiale<\/th>\n<th>Colore<\/th>\n<th>Capacit\u00e0<\/th>\n<th>Coperchio<\/th>\n<th>Uso<\/th>\n<\/tr>\n<tr>\n<td>Vetro<\/td>\n<td>Rosa<\/td>\n<td>5ml<\/td>\n<td>contagocce<\/td>\n<td>Olio essenziale<\/td>\n<\/tr>\n<tr>\n<td><\/td>\n<td><\/td>\n<td>10ml<\/td>\n<td><\/td>\n<td>Profumo<\/td>\n<\/tr>\n<tr>\n<td><\/td>\n<td><\/td>\n<td>15ml<\/td>\n<td><\/td>\n<td>Olio per capelli<\/td>\n<\/tr>\n<tr>\n<td><\/td>\n<td><\/td>\n<td>20ml<\/td>\n<td><\/td>\n<td><\/td>\n<\/tr>\n<tr>\n<td><\/td>\n<td><\/td>\n<td>30ml<\/td>\n<td><\/td>\n<td><\/td>\n<\/tr>\n<tr>\n<td><\/td>\n<td><\/td>\n<td>50ml<\/td>\n<td><\/td>\n<td><\/td>\n<\/tr>\n<tr>\n<td><\/td>\n<td><\/td>\n<td>100ml<\/td>\n<td><\/td>\n<td><\/td>\n<\/tr>\n<\/tbody>\n<\/table>\n<table class=\"mob-tab\">\n<tbody>\n<tr>\n<th>Materiale<\/th>\n<td>Vetro<\/td>\n<\/tr>\n<tr>\n<th>Colore<\/th>\n<td>Rosa<\/td>\n<\/tr>\n<tr>\n<th>Capacit\u00e0<\/th>\n<td>5ml<br \/>\n10ml<br \/>\n15ml<br \/>\n20ml<br \/>\n30ml<br \/>\n50ml<br \/>\n100ml<\/td>\n<\/tr>\n<tr>\n<th>Coperchio<\/th>\n<td>contagocce<\/td>\n<\/tr>\n<tr>\n<th>Uso<\/th>\n<td>Olio essenziale<br \/>\nProfumo<br \/>\nOlio per capelli<\/td>\n<\/tr>\n<\/tbody>\n<\/table>\n<p>Usa solo una pipetta \/ contagocce per trasferire l'olio essenziale nella bottiglia. Facile da lavare con acqua tiepida e sapone e pu\u00f2 essere utilizzata a lungo. Design antirstagnamento: la bocca della bottiglia con filetto \u00e8 abbinata a un coperchio in lega di alluminio placcato oro attraente, che calza saldamente e pu\u00f2 impedire efficacemente qualsiasi perdita di liquido.<\/p>","protected":false},"featured_media":992730,"comment_status":"closed","ping_status":"closed","template":"","meta":{"_acf_changed":false},"product_brand":[],"product_cat":[613,611,622],"product_tag":[],"class_list":{"0":"post-10536","1":"product","2":"type-product","3":"status-publish","4":"has-post-thumbnail","6":"product_cat-beauty","7":"product_cat-glass-bottle-manufacturer","8":"product_cat-wholesale-glass-essential-oil-bottle","10":"first","11":"instock","12":"shipping-taxable","13":"product-type-simple"},"acf":[],"yoast_head":"<!-- This site is optimized with the Yoast SEO plugin v26.7 - https:\/\/yoast.com\/wordpress\/plugins\/seo\/ -->\n<title>5-100ml pink Glass Essential Oil with Dropper - Reihey Glass<\/title>\n<meta name=\"robots\" content=\"index, follow, max-snippet:-1, max-image-preview:large, max-video-preview:-1\" \/>\n<link rel=\"canonical\" href=\"https:\/\/reihey.com\/it\/product\/5-100ml-pink-glass-essential-oil-with-dropper\/\" \/>\n<meta property=\"og:locale\" content=\"it_IT\" \/>\n<meta property=\"og:type\" content=\"article\" \/>\n<meta property=\"og:title\" content=\"5-100ml pink Glass Essential Oil with Dropper - Reihey Glass\" \/>\n<meta property=\"og:description\" content=\"Material Color Capacity Lid Usage   Glass Pink 5ml Dropper Essential Oil     10ml  Perfume     15ml  Hair Oil     20ml       30ml       50ml       100ml         Material Glass   Color Pink   Capacity 5ml 10ml 15ml 20ml 30ml 50ml 100ml   Lid Dropper   Usage Essential Oil Perfume Hair Oil    Just use a pipette \/ pipette to transfer the essential oil to the bottle. Easy to wash with warm soapy water and can be used for a long time. Leakinggproof design: the screw thread finish bottle mouth is matched with a attractive golden plated aluminium alloy cap, which fits tightly and can effectively prevent any liquid leakage.\" \/>\n<meta property=\"og:url\" content=\"https:\/\/reihey.com\/it\/product\/5-100ml-pink-glass-essential-oil-with-dropper\/\" \/>\n<meta property=\"og:site_name\" content=\"Reihey Glass\" \/>\n<meta property=\"article:modified_time\" content=\"2025-10-28T10:57:10+00:00\" \/>\n<meta property=\"og:image\" content=\"https:\/\/reihey.com\/wp-content\/uploads\/2025\/08\/Main-07-2-1.jpg\" \/>\n\t<meta property=\"og:image:width\" content=\"800\" \/>\n\t<meta property=\"og:image:height\" content=\"800\" \/>\n\t<meta property=\"og:image:type\" content=\"image\/jpeg\" \/>\n<meta name=\"twitter:card\" content=\"summary_large_image\" \/>\n<meta name=\"twitter:label1\" content=\"Tempo di lettura stimato\" \/>\n\t<meta name=\"twitter:data1\" content=\"1 minuto\" \/>\n<script type=\"application\/ld+json\" class=\"yoast-schema-graph\">{\"@context\":\"https:\/\/schema.org\",\"@graph\":[{\"@type\":\"WebPage\",\"@id\":\"https:\/\/reihey.com\/product\/5-100ml-pink-glass-essential-oil-with-dropper\/\",\"url\":\"https:\/\/reihey.com\/product\/5-100ml-pink-glass-essential-oil-with-dropper\/\",\"name\":\"5-100ml pink Glass Essential Oil with Dropper - Reihey Glass\",\"isPartOf\":{\"@id\":\"https:\/\/reihey.com\/#website\"},\"primaryImageOfPage\":{\"@id\":\"https:\/\/reihey.com\/product\/5-100ml-pink-glass-essential-oil-with-dropper\/#primaryimage\"},\"image\":{\"@id\":\"https:\/\/reihey.com\/product\/5-100ml-pink-glass-essential-oil-with-dropper\/#primaryimage\"},\"thumbnailUrl\":\"https:\/\/reihey.com\/wp-content\/uploads\/2025\/08\/Main-07-2-1.jpg\",\"datePublished\":\"2025-08-27T11:35:48+00:00\",\"dateModified\":\"2025-10-28T10:57:10+00:00\",\"breadcrumb\":{\"@id\":\"https:\/\/reihey.com\/product\/5-100ml-pink-glass-essential-oil-with-dropper\/#breadcrumb\"},\"inLanguage\":\"it-IT\",\"potentialAction\":[{\"@type\":\"ReadAction\",\"target\":[\"https:\/\/reihey.com\/product\/5-100ml-pink-glass-essential-oil-with-dropper\/\"]}]},{\"@type\":\"ImageObject\",\"inLanguage\":\"it-IT\",\"@id\":\"https:\/\/reihey.com\/product\/5-100ml-pink-glass-essential-oil-with-dropper\/#primaryimage\",\"url\":\"https:\/\/reihey.com\/wp-content\/uploads\/2025\/08\/Main-07-2-1.jpg\",\"contentUrl\":\"https:\/\/reihey.com\/wp-content\/uploads\/2025\/08\/Main-07-2-1.jpg\",\"width\":800,\"height\":800},{\"@type\":\"BreadcrumbList\",\"@id\":\"https:\/\/reihey.com\/product\/5-100ml-pink-glass-essential-oil-with-dropper\/#breadcrumb\",\"itemListElement\":[{\"@type\":\"ListItem\",\"position\":1,\"name\":\"Home\",\"item\":\"https:\/\/reihey.com\/\"},{\"@type\":\"ListItem\",\"position\":2,\"name\":\"Shop\",\"item\":\"https:\/\/reihey.com\/shop\/\"},{\"@type\":\"ListItem\",\"position\":3,\"name\":\"5-100ml pink Glass Essential Oil with Dropper\"}]},{\"@type\":\"WebSite\",\"@id\":\"https:\/\/reihey.com\/#website\",\"url\":\"https:\/\/reihey.com\/\",\"name\":\"Reihey Glass\",\"description\":\"\",\"publisher\":{\"@id\":\"https:\/\/reihey.com\/#organization\"},\"potentialAction\":[{\"@type\":\"SearchAction\",\"target\":{\"@type\":\"EntryPoint\",\"urlTemplate\":\"https:\/\/reihey.com\/?s={search_term_string}\"},\"query-input\":{\"@type\":\"PropertyValueSpecification\",\"valueRequired\":true,\"valueName\":\"search_term_string\"}}],\"inLanguage\":\"it-IT\"},{\"@type\":\"Organization\",\"@id\":\"https:\/\/reihey.com\/#organization\",\"name\":\"Reihey Glass\",\"url\":\"https:\/\/reihey.com\/\",\"logo\":{\"@type\":\"ImageObject\",\"inLanguage\":\"it-IT\",\"@id\":\"https:\/\/reihey.com\/#\/schema\/logo\/image\/\",\"url\":\"https:\/\/reihey.com\/wp-content\/uploads\/2023\/07\/Reihey-logo-2026.svg\",\"contentUrl\":\"https:\/\/reihey.com\/wp-content\/uploads\/2023\/07\/Reihey-logo-2026.svg\",\"width\":1984,\"height\":566,\"caption\":\"Reihey Glass\"},\"image\":{\"@id\":\"https:\/\/reihey.com\/#\/schema\/logo\/image\/\"}}]}<\/script>\n<!-- \/ Yoast SEO plugin. -->","yoast_head_json":{"title":"5-100ml Glass Essential Oil rosa con contagocce - Reihey Glass","robots":{"index":"index","follow":"follow","max-snippet":"max-snippet:-1","max-image-preview":"max-image-preview:large","max-video-preview":"max-video-preview:-1"},"canonical":"https:\/\/reihey.com\/it\/product\/5-100ml-pink-glass-essential-oil-with-dropper\/","og_locale":"it_IT","og_type":"article","og_title":"5-100ml pink Glass Essential Oil with Dropper - Reihey Glass","og_description":"Material Color Capacity Lid Usage   Glass Pink 5ml Dropper Essential Oil     10ml  Perfume     15ml  Hair Oil     20ml       30ml       50ml       100ml         Material Glass   Color Pink   Capacity 5ml 10ml 15ml 20ml 30ml 50ml 100ml   Lid Dropper   Usage Essential Oil Perfume Hair Oil    Just use a pipette \/ pipette to transfer the essential oil to the bottle. Easy to wash with warm soapy water and can be used for a long time. Leakinggproof design: the screw thread finish bottle mouth is matched with a attractive golden plated aluminium alloy cap, which fits tightly and can effectively prevent any liquid leakage.","og_url":"https:\/\/reihey.com\/it\/product\/5-100ml-pink-glass-essential-oil-with-dropper\/","og_site_name":"Reihey Glass","article_modified_time":"2025-10-28T10:57:10+00:00","og_image":[{"width":800,"height":800,"url":"https:\/\/reihey.com\/wp-content\/uploads\/2025\/08\/Main-07-2-1.jpg","type":"image\/jpeg"}],"twitter_card":"summary_large_image","twitter_misc":{"Tempo di lettura stimato":"1 minuto"},"schema":{"@context":"https:\/\/schema.org","@graph":[{"@type":"WebPage","@id":"https:\/\/reihey.com\/product\/5-100ml-pink-glass-essential-oil-with-dropper\/","url":"https:\/\/reihey.com\/product\/5-100ml-pink-glass-essential-oil-with-dropper\/","name":"5-100ml Glass Essential Oil rosa con contagocce - Reihey Glass","isPartOf":{"@id":"https:\/\/reihey.com\/#website"},"primaryImageOfPage":{"@id":"https:\/\/reihey.com\/product\/5-100ml-pink-glass-essential-oil-with-dropper\/#primaryimage"},"image":{"@id":"https:\/\/reihey.com\/product\/5-100ml-pink-glass-essential-oil-with-dropper\/#primaryimage"},"thumbnailUrl":"https:\/\/reihey.com\/wp-content\/uploads\/2025\/08\/Main-07-2-1.jpg","datePublished":"2025-08-27T11:35:48+00:00","dateModified":"2025-10-28T10:57:10+00:00","breadcrumb":{"@id":"https:\/\/reihey.com\/product\/5-100ml-pink-glass-essential-oil-with-dropper\/#breadcrumb"},"inLanguage":"it-IT","potentialAction":[{"@type":"ReadAction","target":["https:\/\/reihey.com\/product\/5-100ml-pink-glass-essential-oil-with-dropper\/"]}]},{"@type":"ImageObject","inLanguage":"it-IT","@id":"https:\/\/reihey.com\/product\/5-100ml-pink-glass-essential-oil-with-dropper\/#primaryimage","url":"https:\/\/reihey.com\/wp-content\/uploads\/2025\/08\/Main-07-2-1.jpg","contentUrl":"https:\/\/reihey.com\/wp-content\/uploads\/2025\/08\/Main-07-2-1.jpg","width":800,"height":800},{"@type":"BreadcrumbList","@id":"https:\/\/reihey.com\/product\/5-100ml-pink-glass-essential-oil-with-dropper\/#breadcrumb","itemListElement":[{"@type":"ListItem","position":1,"name":"Home","item":"https:\/\/reihey.com\/"},{"@type":"ListItem","position":2,"name":"Shop","item":"https:\/\/reihey.com\/shop\/"},{"@type":"ListItem","position":3,"name":"5-100ml pink Glass Essential Oil with Dropper"}]},{"@type":"WebSite","@id":"https:\/\/reihey.com\/#website","url":"https:\/\/reihey.com\/","name":"Reihey Vetro","description":"","publisher":{"@id":"https:\/\/reihey.com\/#organization"},"potentialAction":[{"@type":"SearchAction","target":{"@type":"EntryPoint","urlTemplate":"https:\/\/reihey.com\/?s={search_term_string}"},"query-input":{"@type":"PropertyValueSpecification","valueRequired":true,"valueName":"search_term_string"}}],"inLanguage":"it-IT"},{"@type":"Organization","@id":"https:\/\/reihey.com\/#organization","name":"Reihey Vetro","url":"https:\/\/reihey.com\/","logo":{"@type":"ImageObject","inLanguage":"it-IT","@id":"https:\/\/reihey.com\/#\/schema\/logo\/image\/","url":"https:\/\/reihey.com\/wp-content\/uploads\/2023\/07\/Reihey-logo-2026.svg","contentUrl":"https:\/\/reihey.com\/wp-content\/uploads\/2023\/07\/Reihey-logo-2026.svg","width":1984,"height":566,"caption":"Reihey Glass"},"image":{"@id":"https:\/\/reihey.com\/#\/schema\/logo\/image\/"}}]}},"_links":{"self":[{"href":"https:\/\/reihey.com\/it\/wp-json\/wp\/v2\/product\/10536","targetHints":{"allow":["GET"]}}],"collection":[{"href":"https:\/\/reihey.com\/it\/wp-json\/wp\/v2\/product"}],"about":[{"href":"https:\/\/reihey.com\/it\/wp-json\/wp\/v2\/types\/product"}],"replies":[{"embeddable":true,"href":"https:\/\/reihey.com\/it\/wp-json\/wp\/v2\/comments?post=10536"}],"version-history":[{"count":6,"href":"https:\/\/reihey.com\/it\/wp-json\/wp\/v2\/product\/10536\/revisions"}],"predecessor-version":[{"id":997809,"href":"https:\/\/reihey.com\/it\/wp-json\/wp\/v2\/product\/10536\/revisions\/997809"}],"wp:featuredmedia":[{"embeddable":true,"href":"https:\/\/reihey.com\/it\/wp-json\/wp\/v2\/media\/992730"}],"wp:attachment":[{"href":"https:\/\/reihey.com\/it\/wp-json\/wp\/v2\/media?parent=10536"}],"wp:term":[{"taxonomy":"product_brand","embeddable":true,"href":"https:\/\/reihey.com\/it\/wp-json\/wp\/v2\/product_brand?post=10536"},{"taxonomy":"product_cat","embeddable":true,"href":"https:\/\/reihey.com\/it\/wp-json\/wp\/v2\/product_cat?post=10536"},{"taxonomy":"product_tag","embeddable":true,"href":"https:\/\/reihey.com\/it\/wp-json\/wp\/v2\/product_tag?post=10536"}],"curies":[{"name":"wp","href":"https:\/\/api.w.org\/{rel}","templated":true}]}}