{"id":10396,"date":"2025-08-27T11:34:13","date_gmt":"2025-08-27T11:34:13","guid":{"rendered":"https:\/\/slot71.silverline.dev\/?post_type=product&#038;p=10396"},"modified":"2025-10-28T11:32:05","modified_gmt":"2025-10-28T11:32:05","slug":"6oz-diamond-pattern-tea-glasses","status":"publish","type":"product","link":"https:\/\/reihey.com\/it\/product\/6oz-diamond-pattern-tea-glasses\/","title":{"rendered":"6oz Bicchieri da t\u00e8 con motivo a diamante"},"content":{"rendered":"","protected":false},"excerpt":{"rendered":"<p><!-- Desk Version --><\/p>\n<table class=\"desk-tab\">\n<tbody>\n<tr>\n<th>Nome<\/th>\n<th>Materiale<\/th>\n<th>Capacit\u00e0<\/th>\n<th>Colore<\/th>\n<th>Dimensione<\/th>\n<th>Uso<\/th>\n<th>Confezione<\/th>\n<\/tr>\n<tr>\n<td>Bicchieri da t\u00e8<\/td>\n<td>Vetro<\/td>\n<td>6 oz<\/td>\n<td>Trasparente<\/td>\n<td>88*72mm<\/td>\n<td>T\u00e8<\/td>\n<td>1. Standard export carton \u2014 Xpcs\/box, Ybox\/carton.<\/td>\n<\/tr>\n<tr>\n<td><\/td>\n<td><\/td>\n<td><\/td>\n<td><\/td>\n<td><\/td>\n<td><\/td>\n<td>2. Confezione personalizzata: scatola bianca con il tuo LOGO. Scatola regalo colorata con il tuo logo<\/td>\n<\/tr>\n<\/tbody>\n<\/table>\n<p><!-- Mobile Version --><\/p>\n<table class=\"mob-tab\">\n<tbody>\n<tr>\n<th>Nome<\/th>\n<td>Bicchieri da t\u00e8<\/td>\n<\/tr>\n<tr>\n<th>Materiale<\/th>\n<td>Vetro<\/td>\n<\/tr>\n<tr>\n<th>Capacit\u00e0<\/th>\n<td>6 oz<\/td>\n<\/tr>\n<tr>\n<th>Colore<\/th>\n<td>Trasparente<\/td>\n<\/tr>\n<tr>\n<th>Dimensione<\/th>\n<td>88*72mm<\/td>\n<\/tr>\n<tr>\n<th>Uso<\/th>\n<td>T\u00e8<\/td>\n<\/tr>\n<tr>\n<th>Confezione<\/th>\n<td>1. Standard export carton \u2014 Xpcs\/box, Ybox\/carton.<\/td>\n<\/tr>\n<tr>\n<th>Confezione<\/th>\n<td>2. Confezione personalizzata: scatola bianca con il tuo LOGO. Scatola regalo colorata con il tuo logo<\/td>\n<\/tr>\n<\/tbody>\n<\/table>\n<p>Questi bicchierini possono essere usati per caff\u00e8 e t\u00e8, cioccolata calda, caff\u00e8 freddo, cappuccino, latte, espresso, cortado e molto altro. Adatti per ogni bevanda calda o fredda.<br \/>\nRealizzati con materiali di alta qualit\u00e0, questi bicchieri per caff\u00e8 e t\u00e8 sono stati progettati e realizzati per un uso regolare quotidiano. Caratteristiche bordo rinforzato, design robusto e proporzioni perfettamente equilibrate. Molto resistenti e in grado di sopportare alte temperature. Vetro senza piombo. Adatti al microonde e alla lavastoviglie.<\/p>","protected":false},"featured_media":992630,"comment_status":"closed","ping_status":"closed","template":"","meta":{"_acf_changed":false},"product_brand":[],"product_cat":[637,632,610],"product_tag":[],"class_list":{"0":"post-10396","1":"product","2":"type-product","3":"status-publish","4":"has-post-thumbnail","6":"product_cat-drinking-glasses","7":"product_cat-home-decor","8":"product_cat-tea-glasses","10":"first","11":"instock","12":"shipping-taxable","13":"product-type-simple"},"acf":[],"yoast_head":"<!-- This site is optimized with the Yoast SEO plugin v26.7 - https:\/\/yoast.com\/wordpress\/plugins\/seo\/ -->\n<title>6oz Diamond Pattern Tea Glasses - Reihey Glass<\/title>\n<meta name=\"robots\" content=\"index, follow, max-snippet:-1, max-image-preview:large, max-video-preview:-1\" \/>\n<link rel=\"canonical\" href=\"https:\/\/reihey.com\/it\/product\/6oz-diamond-pattern-tea-glasses\/\" \/>\n<meta property=\"og:locale\" content=\"it_IT\" \/>\n<meta property=\"og:type\" content=\"article\" \/>\n<meta property=\"og:title\" content=\"6oz Diamond Pattern Tea Glasses - Reihey Glass\" \/>\n<meta property=\"og:description\" content=\"Name    Material    Capacity    Color    Size    Usage    Packing          Tea Glasses    Glass    6oz    Transparent    88*72mm    Tea    1. Standard export carton -- Xpcs\/box, Ybox\/carton.                                  2. Custom pack: white box with your LOGO. Color gift box with your logo                  Name    Tea Glasses          Material    Glass          Capacity    6oz          Color    Transparent          Size    88*72mm          Usage    Tea          Packing    1. Standard export carton -- Xpcs\/box, Ybox\/carton.          Packing    2. Custom pack: white box with your LOGO. Color gift box with your logo         These glass cups can be used for coffee and tea, hot chocolate, iced coffee, cappuccino, latte, espresso, cortado and more. Suitable for every hot or cold drinks. Made of premium quality materials, these coffee and tea cups have been designed and manufactured for regular everyday use. Features reinforced rim, sturdy design and perfectly balanced proportions. Very sturdy and able to withstand high temperature glass cups. Lead Free Glass. Microwave and Dishwasher Safe.\" \/>\n<meta property=\"og:url\" content=\"https:\/\/reihey.com\/it\/product\/6oz-diamond-pattern-tea-glasses\/\" \/>\n<meta property=\"og:site_name\" content=\"Reihey Glass\" \/>\n<meta property=\"article:modified_time\" content=\"2025-10-28T11:32:05+00:00\" \/>\n<meta property=\"og:image\" content=\"https:\/\/reihey.com\/wp-content\/uploads\/2025\/08\/1-130.jpg\" \/>\n\t<meta property=\"og:image:width\" content=\"673\" \/>\n\t<meta property=\"og:image:height\" content=\"610\" \/>\n\t<meta property=\"og:image:type\" content=\"image\/jpeg\" \/>\n<meta name=\"twitter:card\" content=\"summary_large_image\" \/>\n<meta name=\"twitter:label1\" content=\"Tempo di lettura stimato\" \/>\n\t<meta name=\"twitter:data1\" content=\"1 minuto\" \/>\n<script type=\"application\/ld+json\" class=\"yoast-schema-graph\">{\"@context\":\"https:\/\/schema.org\",\"@graph\":[{\"@type\":\"WebPage\",\"@id\":\"https:\/\/reihey.com\/product\/6oz-diamond-pattern-tea-glasses\/\",\"url\":\"https:\/\/reihey.com\/product\/6oz-diamond-pattern-tea-glasses\/\",\"name\":\"6oz Diamond Pattern Tea Glasses - Reihey Glass\",\"isPartOf\":{\"@id\":\"https:\/\/reihey.com\/#website\"},\"primaryImageOfPage\":{\"@id\":\"https:\/\/reihey.com\/product\/6oz-diamond-pattern-tea-glasses\/#primaryimage\"},\"image\":{\"@id\":\"https:\/\/reihey.com\/product\/6oz-diamond-pattern-tea-glasses\/#primaryimage\"},\"thumbnailUrl\":\"https:\/\/reihey.com\/wp-content\/uploads\/2025\/08\/1-130.jpg\",\"datePublished\":\"2025-08-27T11:34:13+00:00\",\"dateModified\":\"2025-10-28T11:32:05+00:00\",\"breadcrumb\":{\"@id\":\"https:\/\/reihey.com\/product\/6oz-diamond-pattern-tea-glasses\/#breadcrumb\"},\"inLanguage\":\"it-IT\",\"potentialAction\":[{\"@type\":\"ReadAction\",\"target\":[\"https:\/\/reihey.com\/product\/6oz-diamond-pattern-tea-glasses\/\"]}]},{\"@type\":\"ImageObject\",\"inLanguage\":\"it-IT\",\"@id\":\"https:\/\/reihey.com\/product\/6oz-diamond-pattern-tea-glasses\/#primaryimage\",\"url\":\"https:\/\/reihey.com\/wp-content\/uploads\/2025\/08\/1-130.jpg\",\"contentUrl\":\"https:\/\/reihey.com\/wp-content\/uploads\/2025\/08\/1-130.jpg\",\"width\":673,\"height\":610},{\"@type\":\"BreadcrumbList\",\"@id\":\"https:\/\/reihey.com\/product\/6oz-diamond-pattern-tea-glasses\/#breadcrumb\",\"itemListElement\":[{\"@type\":\"ListItem\",\"position\":1,\"name\":\"Home\",\"item\":\"https:\/\/reihey.com\/\"},{\"@type\":\"ListItem\",\"position\":2,\"name\":\"Shop\",\"item\":\"https:\/\/reihey.com\/shop\/\"},{\"@type\":\"ListItem\",\"position\":3,\"name\":\"6oz Diamond Pattern Tea Glasses\"}]},{\"@type\":\"WebSite\",\"@id\":\"https:\/\/reihey.com\/#website\",\"url\":\"https:\/\/reihey.com\/\",\"name\":\"Reihey Glass\",\"description\":\"\",\"publisher\":{\"@id\":\"https:\/\/reihey.com\/#organization\"},\"potentialAction\":[{\"@type\":\"SearchAction\",\"target\":{\"@type\":\"EntryPoint\",\"urlTemplate\":\"https:\/\/reihey.com\/?s={search_term_string}\"},\"query-input\":{\"@type\":\"PropertyValueSpecification\",\"valueRequired\":true,\"valueName\":\"search_term_string\"}}],\"inLanguage\":\"it-IT\"},{\"@type\":\"Organization\",\"@id\":\"https:\/\/reihey.com\/#organization\",\"name\":\"Reihey Glass\",\"url\":\"https:\/\/reihey.com\/\",\"logo\":{\"@type\":\"ImageObject\",\"inLanguage\":\"it-IT\",\"@id\":\"https:\/\/reihey.com\/#\/schema\/logo\/image\/\",\"url\":\"https:\/\/reihey.com\/wp-content\/uploads\/2023\/07\/Reihey-logo-2026.svg\",\"contentUrl\":\"https:\/\/reihey.com\/wp-content\/uploads\/2023\/07\/Reihey-logo-2026.svg\",\"width\":1984,\"height\":566,\"caption\":\"Reihey Glass\"},\"image\":{\"@id\":\"https:\/\/reihey.com\/#\/schema\/logo\/image\/\"}}]}<\/script>\n<!-- \/ Yoast SEO plugin. -->","yoast_head_json":{"title":"6oz Bicchiere da t\u00e8 a motivo a diamanti - Reihey Glass","robots":{"index":"index","follow":"follow","max-snippet":"max-snippet:-1","max-image-preview":"max-image-preview:large","max-video-preview":"max-video-preview:-1"},"canonical":"https:\/\/reihey.com\/it\/product\/6oz-diamond-pattern-tea-glasses\/","og_locale":"it_IT","og_type":"article","og_title":"6oz Diamond Pattern Tea Glasses - Reihey Glass","og_description":"Name    Material    Capacity    Color    Size    Usage    Packing          Tea Glasses    Glass    6oz    Transparent    88*72mm    Tea    1. Standard export carton -- Xpcs\/box, Ybox\/carton.                                  2. Custom pack: white box with your LOGO. Color gift box with your logo                  Name    Tea Glasses          Material    Glass          Capacity    6oz          Color    Transparent          Size    88*72mm          Usage    Tea          Packing    1. Standard export carton -- Xpcs\/box, Ybox\/carton.          Packing    2. Custom pack: white box with your LOGO. Color gift box with your logo         These glass cups can be used for coffee and tea, hot chocolate, iced coffee, cappuccino, latte, espresso, cortado and more. Suitable for every hot or cold drinks. Made of premium quality materials, these coffee and tea cups have been designed and manufactured for regular everyday use. Features reinforced rim, sturdy design and perfectly balanced proportions. Very sturdy and able to withstand high temperature glass cups. Lead Free Glass. Microwave and Dishwasher Safe.","og_url":"https:\/\/reihey.com\/it\/product\/6oz-diamond-pattern-tea-glasses\/","og_site_name":"Reihey Glass","article_modified_time":"2025-10-28T11:32:05+00:00","og_image":[{"width":673,"height":610,"url":"https:\/\/reihey.com\/wp-content\/uploads\/2025\/08\/1-130.jpg","type":"image\/jpeg"}],"twitter_card":"summary_large_image","twitter_misc":{"Tempo di lettura stimato":"1 minuto"},"schema":{"@context":"https:\/\/schema.org","@graph":[{"@type":"WebPage","@id":"https:\/\/reihey.com\/product\/6oz-diamond-pattern-tea-glasses\/","url":"https:\/\/reihey.com\/product\/6oz-diamond-pattern-tea-glasses\/","name":"6oz Bicchiere da t\u00e8 a motivo a diamanti - Reihey Glass","isPartOf":{"@id":"https:\/\/reihey.com\/#website"},"primaryImageOfPage":{"@id":"https:\/\/reihey.com\/product\/6oz-diamond-pattern-tea-glasses\/#primaryimage"},"image":{"@id":"https:\/\/reihey.com\/product\/6oz-diamond-pattern-tea-glasses\/#primaryimage"},"thumbnailUrl":"https:\/\/reihey.com\/wp-content\/uploads\/2025\/08\/1-130.jpg","datePublished":"2025-08-27T11:34:13+00:00","dateModified":"2025-10-28T11:32:05+00:00","breadcrumb":{"@id":"https:\/\/reihey.com\/product\/6oz-diamond-pattern-tea-glasses\/#breadcrumb"},"inLanguage":"it-IT","potentialAction":[{"@type":"ReadAction","target":["https:\/\/reihey.com\/product\/6oz-diamond-pattern-tea-glasses\/"]}]},{"@type":"ImageObject","inLanguage":"it-IT","@id":"https:\/\/reihey.com\/product\/6oz-diamond-pattern-tea-glasses\/#primaryimage","url":"https:\/\/reihey.com\/wp-content\/uploads\/2025\/08\/1-130.jpg","contentUrl":"https:\/\/reihey.com\/wp-content\/uploads\/2025\/08\/1-130.jpg","width":673,"height":610},{"@type":"BreadcrumbList","@id":"https:\/\/reihey.com\/product\/6oz-diamond-pattern-tea-glasses\/#breadcrumb","itemListElement":[{"@type":"ListItem","position":1,"name":"Home","item":"https:\/\/reihey.com\/"},{"@type":"ListItem","position":2,"name":"Shop","item":"https:\/\/reihey.com\/shop\/"},{"@type":"ListItem","position":3,"name":"6oz Diamond Pattern Tea Glasses"}]},{"@type":"WebSite","@id":"https:\/\/reihey.com\/#website","url":"https:\/\/reihey.com\/","name":"Reihey Vetro","description":"","publisher":{"@id":"https:\/\/reihey.com\/#organization"},"potentialAction":[{"@type":"SearchAction","target":{"@type":"EntryPoint","urlTemplate":"https:\/\/reihey.com\/?s={search_term_string}"},"query-input":{"@type":"PropertyValueSpecification","valueRequired":true,"valueName":"search_term_string"}}],"inLanguage":"it-IT"},{"@type":"Organization","@id":"https:\/\/reihey.com\/#organization","name":"Reihey Vetro","url":"https:\/\/reihey.com\/","logo":{"@type":"ImageObject","inLanguage":"it-IT","@id":"https:\/\/reihey.com\/#\/schema\/logo\/image\/","url":"https:\/\/reihey.com\/wp-content\/uploads\/2023\/07\/Reihey-logo-2026.svg","contentUrl":"https:\/\/reihey.com\/wp-content\/uploads\/2023\/07\/Reihey-logo-2026.svg","width":1984,"height":566,"caption":"Reihey Glass"},"image":{"@id":"https:\/\/reihey.com\/#\/schema\/logo\/image\/"}}]}},"_links":{"self":[{"href":"https:\/\/reihey.com\/it\/wp-json\/wp\/v2\/product\/10396","targetHints":{"allow":["GET"]}}],"collection":[{"href":"https:\/\/reihey.com\/it\/wp-json\/wp\/v2\/product"}],"about":[{"href":"https:\/\/reihey.com\/it\/wp-json\/wp\/v2\/types\/product"}],"replies":[{"embeddable":true,"href":"https:\/\/reihey.com\/it\/wp-json\/wp\/v2\/comments?post=10396"}],"version-history":[{"count":4,"href":"https:\/\/reihey.com\/it\/wp-json\/wp\/v2\/product\/10396\/revisions"}],"predecessor-version":[{"id":997836,"href":"https:\/\/reihey.com\/it\/wp-json\/wp\/v2\/product\/10396\/revisions\/997836"}],"wp:featuredmedia":[{"embeddable":true,"href":"https:\/\/reihey.com\/it\/wp-json\/wp\/v2\/media\/992630"}],"wp:attachment":[{"href":"https:\/\/reihey.com\/it\/wp-json\/wp\/v2\/media?parent=10396"}],"wp:term":[{"taxonomy":"product_brand","embeddable":true,"href":"https:\/\/reihey.com\/it\/wp-json\/wp\/v2\/product_brand?post=10396"},{"taxonomy":"product_cat","embeddable":true,"href":"https:\/\/reihey.com\/it\/wp-json\/wp\/v2\/product_cat?post=10396"},{"taxonomy":"product_tag","embeddable":true,"href":"https:\/\/reihey.com\/it\/wp-json\/wp\/v2\/product_tag?post=10396"}],"curies":[{"name":"wp","href":"https:\/\/api.w.org\/{rel}","templated":true}]}}