{"id":10302,"date":"2025-08-27T11:33:03","date_gmt":"2025-08-27T11:33:03","guid":{"rendered":"https:\/\/slot71.silverline.dev\/?post_type=product&#038;p=10302"},"modified":"2025-10-28T11:48:34","modified_gmt":"2025-10-28T11:48:34","slug":"380ml-650ml-leak-proof-sealing-stainless-steel-oil-bottle","status":"publish","type":"product","link":"https:\/\/reihey.com\/it\/product\/380ml-650ml-leak-proof-sealing-stainless-steel-oil-bottle\/","title":{"rendered":"380ml 650ml contenitore in acciaio inossidabile a prova di perdite con sigillatura"},"content":{"rendered":"","protected":false},"excerpt":{"rendered":"<table class=\"desk-tab\">\n<tbody>\n<tr>\n<th>Materiale<\/th>\n<th>Colore<\/th>\n<th>Capacit\u00e0<\/th>\n<th>Coperchio<\/th>\n<th>Uso<\/th>\n<\/tr>\n<tr>\n<td>Acciaio inossidabile Vetro<\/td>\n<td>Chiaro<\/td>\n<td>380ml<\/td>\n<td>Plastica<\/td>\n<td>Cibo<\/td>\n<\/tr>\n<tr>\n<td><\/td>\n<td><\/td>\n<td>650ml<\/td>\n<td><\/td>\n<td><\/td>\n<\/tr>\n<\/tbody>\n<\/table>\n<table class=\"mob-tab\">\n<tbody>\n<tr>\n<th>Materiale<\/th>\n<td>Acciaio inossidabile Vetro<\/td>\n<\/tr>\n<tr>\n<th>Colore<\/th>\n<td>Chiaro<\/td>\n<\/tr>\n<tr>\n<th>Capacit\u00e0<\/th>\n<td>380ml<br \/>\n650ml<\/td>\n<\/tr>\n<tr>\n<th>Coperchio<\/th>\n<td>Plastica<\/td>\n<\/tr>\n<tr>\n<th>Uso<\/th>\n<td>Cibo<\/td>\n<\/tr>\n<\/tbody>\n<\/table>\n<p>\u3010Non-drip Design\u3011 Lancia olio pu\u00f2 essere usato per olio d'oliva, aceto, vino, il tuo olio piccante fatto in casa per condire insalate, cucinare, grigliare, pu\u00f2 persino usare questa bottiglia per mescolare il tuo olio piccante. C'\u00e8 un design antiscivolo sul fondo della bottiglia.<br \/>\n\u3010CONTROLLO DISTRIBUZIONE DELL'OLIO\u3011 La bottiglia d'olio controlla la quantit\u00e0 di olio, condimento o aceto versata sui piatti, favorendo un'alimentazione pi\u00f9 sana e evitando pasticci. C'\u00e8 un design anti-goccia, la bottiglia di vetro pu\u00f2 impedire efficacemente la fuoriuscita di olio, mantiene sempre pulita e igienica la tua bottiglia di vetro, tappo piccolo in cima, pu\u00f2 mantenere i contenuti sempre freschi.<\/p>","protected":false},"featured_media":992557,"comment_status":"closed","ping_status":"closed","template":"","meta":{"_acf_changed":false},"product_brand":[],"product_cat":[611,619],"product_tag":[],"class_list":{"0":"post-10302","1":"product","2":"type-product","3":"status-publish","4":"has-post-thumbnail","6":"product_cat-glass-bottle-manufacturer","7":"product_cat-glass-oil-bottle-manufacturer","9":"first","10":"instock","11":"shipping-taxable","12":"product-type-simple"},"acf":[],"yoast_head":"<!-- This site is optimized with the Yoast SEO plugin v26.7 - https:\/\/yoast.com\/wordpress\/plugins\/seo\/ -->\n<title>380ml 650ml Leak Proof Sealing Stainless Steel Oil Bottle - Reihey Glass<\/title>\n<meta name=\"robots\" content=\"index, follow, max-snippet:-1, max-image-preview:large, max-video-preview:-1\" \/>\n<link rel=\"canonical\" href=\"https:\/\/reihey.com\/it\/product\/380ml-650ml-leak-proof-sealing-stainless-steel-oil-bottle\/\" \/>\n<meta property=\"og:locale\" content=\"it_IT\" \/>\n<meta property=\"og:type\" content=\"article\" \/>\n<meta property=\"og:title\" content=\"380ml 650ml Leak Proof Sealing Stainless Steel Oil Bottle - Reihey Glass\" \/>\n<meta property=\"og:description\" content=\"Material Color Capacity Lid Usage   Stainless Steel Glass Clear 380ml Plastic Food     650ml         Material Stainless Steel Glass   Color Clear   Capacity 380ml 650ml   Lid Plastic   Usage Food    \u3010Non-drip Design\u3011 Oil dispenser can be used for olive oil, vinegar, wine, your homemade chilli oil for salad dressing, cooking, barbecue, even can use this bottle mix your chilli oil. There is non-slip design at the bottom of the bottle. \u3010CONTROL OIL DISPENSING\u3011 Oil bottle controls the amount of oil, dressing, or vinegar poured into your dishes,thus eating healthier and preventing messes. There is anti-drip design, the glass bottle can prevent effectively oil leaking, always keep your glass bottle clean and hygienic, little cap on the top, can keep the contents always remain fresh.\" \/>\n<meta property=\"og:url\" content=\"https:\/\/reihey.com\/it\/product\/380ml-650ml-leak-proof-sealing-stainless-steel-oil-bottle\/\" \/>\n<meta property=\"og:site_name\" content=\"Reihey Glass\" \/>\n<meta property=\"article:modified_time\" content=\"2025-10-28T11:48:34+00:00\" \/>\n<meta property=\"og:image\" content=\"https:\/\/reihey.com\/wp-content\/uploads\/2025\/08\/\u4e3b\u56fe-05-69.jpg\" \/>\n\t<meta property=\"og:image:width\" content=\"800\" \/>\n\t<meta property=\"og:image:height\" content=\"800\" \/>\n\t<meta property=\"og:image:type\" content=\"image\/jpeg\" \/>\n<meta name=\"twitter:card\" content=\"summary_large_image\" \/>\n<meta name=\"twitter:label1\" content=\"Tempo di lettura stimato\" \/>\n\t<meta name=\"twitter:data1\" content=\"1 minuto\" \/>\n<script type=\"application\/ld+json\" class=\"yoast-schema-graph\">{\"@context\":\"https:\/\/schema.org\",\"@graph\":[{\"@type\":\"WebPage\",\"@id\":\"https:\/\/reihey.com\/product\/380ml-650ml-leak-proof-sealing-stainless-steel-oil-bottle\/\",\"url\":\"https:\/\/reihey.com\/product\/380ml-650ml-leak-proof-sealing-stainless-steel-oil-bottle\/\",\"name\":\"380ml 650ml Leak Proof Sealing Stainless Steel Oil Bottle - Reihey Glass\",\"isPartOf\":{\"@id\":\"https:\/\/reihey.com\/#website\"},\"primaryImageOfPage\":{\"@id\":\"https:\/\/reihey.com\/product\/380ml-650ml-leak-proof-sealing-stainless-steel-oil-bottle\/#primaryimage\"},\"image\":{\"@id\":\"https:\/\/reihey.com\/product\/380ml-650ml-leak-proof-sealing-stainless-steel-oil-bottle\/#primaryimage\"},\"thumbnailUrl\":\"https:\/\/reihey.com\/wp-content\/uploads\/2025\/08\/\u4e3b\u56fe-05-69.jpg\",\"datePublished\":\"2025-08-27T11:33:03+00:00\",\"dateModified\":\"2025-10-28T11:48:34+00:00\",\"breadcrumb\":{\"@id\":\"https:\/\/reihey.com\/product\/380ml-650ml-leak-proof-sealing-stainless-steel-oil-bottle\/#breadcrumb\"},\"inLanguage\":\"it-IT\",\"potentialAction\":[{\"@type\":\"ReadAction\",\"target\":[\"https:\/\/reihey.com\/product\/380ml-650ml-leak-proof-sealing-stainless-steel-oil-bottle\/\"]}]},{\"@type\":\"ImageObject\",\"inLanguage\":\"it-IT\",\"@id\":\"https:\/\/reihey.com\/product\/380ml-650ml-leak-proof-sealing-stainless-steel-oil-bottle\/#primaryimage\",\"url\":\"https:\/\/reihey.com\/wp-content\/uploads\/2025\/08\/\u4e3b\u56fe-05-69.jpg\",\"contentUrl\":\"https:\/\/reihey.com\/wp-content\/uploads\/2025\/08\/\u4e3b\u56fe-05-69.jpg\",\"width\":800,\"height\":800},{\"@type\":\"BreadcrumbList\",\"@id\":\"https:\/\/reihey.com\/product\/380ml-650ml-leak-proof-sealing-stainless-steel-oil-bottle\/#breadcrumb\",\"itemListElement\":[{\"@type\":\"ListItem\",\"position\":1,\"name\":\"Home\",\"item\":\"https:\/\/reihey.com\/\"},{\"@type\":\"ListItem\",\"position\":2,\"name\":\"Shop\",\"item\":\"https:\/\/reihey.com\/shop\/\"},{\"@type\":\"ListItem\",\"position\":3,\"name\":\"380ml 650ml Leak Proof Sealing Stainless Steel Oil Bottle\"}]},{\"@type\":\"WebSite\",\"@id\":\"https:\/\/reihey.com\/#website\",\"url\":\"https:\/\/reihey.com\/\",\"name\":\"Reihey Glass\",\"description\":\"\",\"publisher\":{\"@id\":\"https:\/\/reihey.com\/#organization\"},\"potentialAction\":[{\"@type\":\"SearchAction\",\"target\":{\"@type\":\"EntryPoint\",\"urlTemplate\":\"https:\/\/reihey.com\/?s={search_term_string}\"},\"query-input\":{\"@type\":\"PropertyValueSpecification\",\"valueRequired\":true,\"valueName\":\"search_term_string\"}}],\"inLanguage\":\"it-IT\"},{\"@type\":\"Organization\",\"@id\":\"https:\/\/reihey.com\/#organization\",\"name\":\"Reihey Glass\",\"url\":\"https:\/\/reihey.com\/\",\"logo\":{\"@type\":\"ImageObject\",\"inLanguage\":\"it-IT\",\"@id\":\"https:\/\/reihey.com\/#\/schema\/logo\/image\/\",\"url\":\"https:\/\/reihey.com\/wp-content\/uploads\/2023\/07\/Reihey-logo-2026.svg\",\"contentUrl\":\"https:\/\/reihey.com\/wp-content\/uploads\/2023\/07\/Reihey-logo-2026.svg\",\"width\":1984,\"height\":566,\"caption\":\"Reihey Glass\"},\"image\":{\"@id\":\"https:\/\/reihey.com\/#\/schema\/logo\/image\/\"}}]}<\/script>\n<!-- \/ Yoast SEO plugin. -->","yoast_head_json":{"title":"Bottiglia in acciaio inossidabile da 380 ml\/650 ml a prova di perdite con sigillatura - Reihen Glass","robots":{"index":"index","follow":"follow","max-snippet":"max-snippet:-1","max-image-preview":"max-image-preview:large","max-video-preview":"max-video-preview:-1"},"canonical":"https:\/\/reihey.com\/it\/product\/380ml-650ml-leak-proof-sealing-stainless-steel-oil-bottle\/","og_locale":"it_IT","og_type":"article","og_title":"380ml 650ml Leak Proof Sealing Stainless Steel Oil Bottle - Reihey Glass","og_description":"Material Color Capacity Lid Usage   Stainless Steel Glass Clear 380ml Plastic Food     650ml         Material Stainless Steel Glass   Color Clear   Capacity 380ml 650ml   Lid Plastic   Usage Food    \u3010Non-drip Design\u3011 Oil dispenser can be used for olive oil, vinegar, wine, your homemade chilli oil for salad dressing, cooking, barbecue, even can use this bottle mix your chilli oil. There is non-slip design at the bottom of the bottle. \u3010CONTROL OIL DISPENSING\u3011 Oil bottle controls the amount of oil, dressing, or vinegar poured into your dishes,thus eating healthier and preventing messes. There is anti-drip design, the glass bottle can prevent effectively oil leaking, always keep your glass bottle clean and hygienic, little cap on the top, can keep the contents always remain fresh.","og_url":"https:\/\/reihey.com\/it\/product\/380ml-650ml-leak-proof-sealing-stainless-steel-oil-bottle\/","og_site_name":"Reihey Glass","article_modified_time":"2025-10-28T11:48:34+00:00","og_image":[{"width":800,"height":800,"url":"https:\/\/reihey.com\/wp-content\/uploads\/2025\/08\/\u4e3b\u56fe-05-69.jpg","type":"image\/jpeg"}],"twitter_card":"summary_large_image","twitter_misc":{"Tempo di lettura stimato":"1 minuto"},"schema":{"@context":"https:\/\/schema.org","@graph":[{"@type":"WebPage","@id":"https:\/\/reihey.com\/product\/380ml-650ml-leak-proof-sealing-stainless-steel-oil-bottle\/","url":"https:\/\/reihey.com\/product\/380ml-650ml-leak-proof-sealing-stainless-steel-oil-bottle\/","name":"Bottiglia in acciaio inossidabile da 380 ml\/650 ml a prova di perdite con sigillatura - Reihen Glass","isPartOf":{"@id":"https:\/\/reihey.com\/#website"},"primaryImageOfPage":{"@id":"https:\/\/reihey.com\/product\/380ml-650ml-leak-proof-sealing-stainless-steel-oil-bottle\/#primaryimage"},"image":{"@id":"https:\/\/reihey.com\/product\/380ml-650ml-leak-proof-sealing-stainless-steel-oil-bottle\/#primaryimage"},"thumbnailUrl":"https:\/\/reihey.com\/wp-content\/uploads\/2025\/08\/\u4e3b\u56fe-05-69.jpg","datePublished":"2025-08-27T11:33:03+00:00","dateModified":"2025-10-28T11:48:34+00:00","breadcrumb":{"@id":"https:\/\/reihey.com\/product\/380ml-650ml-leak-proof-sealing-stainless-steel-oil-bottle\/#breadcrumb"},"inLanguage":"it-IT","potentialAction":[{"@type":"ReadAction","target":["https:\/\/reihey.com\/product\/380ml-650ml-leak-proof-sealing-stainless-steel-oil-bottle\/"]}]},{"@type":"ImageObject","inLanguage":"it-IT","@id":"https:\/\/reihey.com\/product\/380ml-650ml-leak-proof-sealing-stainless-steel-oil-bottle\/#primaryimage","url":"https:\/\/reihey.com\/wp-content\/uploads\/2025\/08\/\u4e3b\u56fe-05-69.jpg","contentUrl":"https:\/\/reihey.com\/wp-content\/uploads\/2025\/08\/\u4e3b\u56fe-05-69.jpg","width":800,"height":800},{"@type":"BreadcrumbList","@id":"https:\/\/reihey.com\/product\/380ml-650ml-leak-proof-sealing-stainless-steel-oil-bottle\/#breadcrumb","itemListElement":[{"@type":"ListItem","position":1,"name":"Home","item":"https:\/\/reihey.com\/"},{"@type":"ListItem","position":2,"name":"Shop","item":"https:\/\/reihey.com\/shop\/"},{"@type":"ListItem","position":3,"name":"380ml 650ml Leak Proof Sealing Stainless Steel Oil Bottle"}]},{"@type":"WebSite","@id":"https:\/\/reihey.com\/#website","url":"https:\/\/reihey.com\/","name":"Reihey Vetro","description":"","publisher":{"@id":"https:\/\/reihey.com\/#organization"},"potentialAction":[{"@type":"SearchAction","target":{"@type":"EntryPoint","urlTemplate":"https:\/\/reihey.com\/?s={search_term_string}"},"query-input":{"@type":"PropertyValueSpecification","valueRequired":true,"valueName":"search_term_string"}}],"inLanguage":"it-IT"},{"@type":"Organization","@id":"https:\/\/reihey.com\/#organization","name":"Reihey Vetro","url":"https:\/\/reihey.com\/","logo":{"@type":"ImageObject","inLanguage":"it-IT","@id":"https:\/\/reihey.com\/#\/schema\/logo\/image\/","url":"https:\/\/reihey.com\/wp-content\/uploads\/2023\/07\/Reihey-logo-2026.svg","contentUrl":"https:\/\/reihey.com\/wp-content\/uploads\/2023\/07\/Reihey-logo-2026.svg","width":1984,"height":566,"caption":"Reihey Glass"},"image":{"@id":"https:\/\/reihey.com\/#\/schema\/logo\/image\/"}}]}},"_links":{"self":[{"href":"https:\/\/reihey.com\/it\/wp-json\/wp\/v2\/product\/10302","targetHints":{"allow":["GET"]}}],"collection":[{"href":"https:\/\/reihey.com\/it\/wp-json\/wp\/v2\/product"}],"about":[{"href":"https:\/\/reihey.com\/it\/wp-json\/wp\/v2\/types\/product"}],"replies":[{"embeddable":true,"href":"https:\/\/reihey.com\/it\/wp-json\/wp\/v2\/comments?post=10302"}],"version-history":[{"count":5,"href":"https:\/\/reihey.com\/it\/wp-json\/wp\/v2\/product\/10302\/revisions"}],"predecessor-version":[{"id":997855,"href":"https:\/\/reihey.com\/it\/wp-json\/wp\/v2\/product\/10302\/revisions\/997855"}],"wp:featuredmedia":[{"embeddable":true,"href":"https:\/\/reihey.com\/it\/wp-json\/wp\/v2\/media\/992557"}],"wp:attachment":[{"href":"https:\/\/reihey.com\/it\/wp-json\/wp\/v2\/media?parent=10302"}],"wp:term":[{"taxonomy":"product_brand","embeddable":true,"href":"https:\/\/reihey.com\/it\/wp-json\/wp\/v2\/product_brand?post=10302"},{"taxonomy":"product_cat","embeddable":true,"href":"https:\/\/reihey.com\/it\/wp-json\/wp\/v2\/product_cat?post=10302"},{"taxonomy":"product_tag","embeddable":true,"href":"https:\/\/reihey.com\/it\/wp-json\/wp\/v2\/product_tag?post=10302"}],"curies":[{"name":"wp","href":"https:\/\/api.w.org\/{rel}","templated":true}]}}