{"id":10294,"date":"2025-08-27T11:33:00","date_gmt":"2025-08-27T11:33:00","guid":{"rendered":"https:\/\/slot71.silverline.dev\/?post_type=product&#038;p=10294"},"modified":"2025-10-28T11:49:16","modified_gmt":"2025-10-28T11:49:16","slug":"350ml-500ml-high-borosilicate-glass-oil-bottle-with-silicone-lid","status":"publish","type":"product","link":"https:\/\/reihey.com\/it\/product\/350ml-500ml-high-borosilicate-glass-oil-bottle-with-silicone-lid\/","title":{"rendered":"Bottiglia d'olio in vetro borosilicato ad alto contenuto di 350ml 500ml con tappo in silicone"},"content":{"rendered":"","protected":false},"excerpt":{"rendered":"<table class=\"desk-tab\">\n<tbody>\n<tr>\n<th>Materiale<\/th>\n<th>Colore<\/th>\n<th>Capacit\u00e0<\/th>\n<th>Coperchio<\/th>\n<th>Uso<\/th>\n<\/tr>\n<tr>\n<td>Vetro<\/td>\n<td>Chiaro<\/td>\n<td>350 ml<\/td>\n<td>Plastica<\/td>\n<td>Cibo<\/td>\n<\/tr>\n<tr>\n<td><\/td>\n<td><\/td>\n<td>500ml<\/td>\n<td>tappo in silicone<\/td>\n<td><\/td>\n<\/tr>\n<\/tbody>\n<\/table>\n<table class=\"mob-tab\">\n<tbody>\n<tr>\n<th>Materiale<\/th>\n<td>Vetro<\/td>\n<\/tr>\n<tr>\n<th>Colore<\/th>\n<td>Chiaro<\/td>\n<\/tr>\n<tr>\n<th>Capacit\u00e0<\/th>\n<td>350 ml<br \/>\n500ml<\/td>\n<\/tr>\n<tr>\n<th>Coperchio<\/th>\n<td>Plastica<br \/>\ntappo in silicone<\/td>\n<\/tr>\n<tr>\n<th>Uso<\/th>\n<td>Cibo<\/td>\n<\/tr>\n<\/tbody>\n<\/table>\n<p>\u3010Non-drip Design\u3011 L dispencer d'olio pu\u00f2 essere usato per olio d'oliva, aceto, vino, il tuo olio piccante fatto in casa per condire insalate, cucinare, grigliare, pu\u00f2 anche essere usata questa bottiglia per mescolare il tuo olio al peperoncino. C'\u00e8 un design antiscivolo sul fondo della bottiglia.\u3010CONTROLLO DELLA DISEDURAZIONE DELL'OLIO\u3011 La bottiglia d'olio controlla la quantit\u00e0 di olio, condimento o aceto versata nei tuoi piatti, favorendo un'alimentazione pi\u00f9 sana e evitando pasticci. C'\u00e8 un design antiriflussamento, la bottiglia di vetro pu\u00f2 prevenire efficacemente perdite d'olio, mantiene sempre pulita e igienica la tua bottiglia di vetro, tappo in cima pu\u00f2 mantenere i contenuti sempre freschi.<\/p>","protected":false},"featured_media":992553,"comment_status":"closed","ping_status":"closed","template":"","meta":{"_acf_changed":false},"product_brand":[],"product_cat":[611,619],"product_tag":[],"class_list":{"0":"post-10294","1":"product","2":"type-product","3":"status-publish","4":"has-post-thumbnail","6":"product_cat-glass-bottle-manufacturer","7":"product_cat-glass-oil-bottle-manufacturer","9":"first","10":"instock","11":"shipping-taxable","12":"product-type-simple"},"acf":[],"yoast_head":"<!-- This site is optimized with the Yoast SEO plugin v26.7 - https:\/\/yoast.com\/wordpress\/plugins\/seo\/ -->\n<title>350ml 500ml High Borosilicate Glass Oil Bottle with Silicone Lid - Reihey Glass<\/title>\n<meta name=\"robots\" content=\"index, follow, max-snippet:-1, max-image-preview:large, max-video-preview:-1\" \/>\n<link rel=\"canonical\" href=\"https:\/\/reihey.com\/it\/product\/350ml-500ml-high-borosilicate-glass-oil-bottle-with-silicone-lid\/\" \/>\n<meta property=\"og:locale\" content=\"it_IT\" \/>\n<meta property=\"og:type\" content=\"article\" \/>\n<meta property=\"og:title\" content=\"350ml 500ml High Borosilicate Glass Oil Bottle with Silicone Lid - Reihey Glass\" \/>\n<meta property=\"og:description\" content=\"Material Color Capacity Lid Usage   Glass Clear 350ml Plastic Food     500ml Silicone stopper        Material Glass   Color Clear   Capacity 350ml 500ml   Lid Plastic Silicone stopper   Usage Food    \u3010Non-drip Design\u3011 Oil dispenser can be used for olive oil, vinegar, wine, your homemade chilli oil for salad dressing, cooking, barbecue, even can use this bottle mix your chilli oil. There is non-slip design at the bottom of the bottle.\u3010CONTROL OIL DISPENSING\u3011 Oil bottle controls the amount of oil, dressing, or vinegar poured into your dishes,thus eating healthier and preventing messes. There is anti-drip design, the glass bottle can prevent effectively oil leaking, always keep your glass bottle clean and hygienic, little cap on the top, can keep the contents always remain fresh.\" \/>\n<meta property=\"og:url\" content=\"https:\/\/reihey.com\/it\/product\/350ml-500ml-high-borosilicate-glass-oil-bottle-with-silicone-lid\/\" \/>\n<meta property=\"og:site_name\" content=\"Reihey Glass\" \/>\n<meta property=\"article:modified_time\" content=\"2025-10-28T11:49:16+00:00\" \/>\n<meta property=\"og:image\" content=\"https:\/\/reihey.com\/wp-content\/uploads\/2025\/08\/\u4e3b\u56fe-05-68.jpg\" \/>\n\t<meta property=\"og:image:width\" content=\"1920\" \/>\n\t<meta property=\"og:image:height\" content=\"1920\" \/>\n\t<meta property=\"og:image:type\" content=\"image\/jpeg\" \/>\n<meta name=\"twitter:card\" content=\"summary_large_image\" \/>\n<meta name=\"twitter:label1\" content=\"Tempo di lettura stimato\" \/>\n\t<meta name=\"twitter:data1\" content=\"1 minuto\" \/>\n<script type=\"application\/ld+json\" class=\"yoast-schema-graph\">{\"@context\":\"https:\/\/schema.org\",\"@graph\":[{\"@type\":\"WebPage\",\"@id\":\"https:\/\/reihey.com\/product\/350ml-500ml-high-borosilicate-glass-oil-bottle-with-silicone-lid\/\",\"url\":\"https:\/\/reihey.com\/product\/350ml-500ml-high-borosilicate-glass-oil-bottle-with-silicone-lid\/\",\"name\":\"350ml 500ml High Borosilicate Glass Oil Bottle with Silicone Lid - Reihey Glass\",\"isPartOf\":{\"@id\":\"https:\/\/reihey.com\/#website\"},\"primaryImageOfPage\":{\"@id\":\"https:\/\/reihey.com\/product\/350ml-500ml-high-borosilicate-glass-oil-bottle-with-silicone-lid\/#primaryimage\"},\"image\":{\"@id\":\"https:\/\/reihey.com\/product\/350ml-500ml-high-borosilicate-glass-oil-bottle-with-silicone-lid\/#primaryimage\"},\"thumbnailUrl\":\"https:\/\/reihey.com\/wp-content\/uploads\/2025\/08\/\u4e3b\u56fe-05-68.jpg\",\"datePublished\":\"2025-08-27T11:33:00+00:00\",\"dateModified\":\"2025-10-28T11:49:16+00:00\",\"breadcrumb\":{\"@id\":\"https:\/\/reihey.com\/product\/350ml-500ml-high-borosilicate-glass-oil-bottle-with-silicone-lid\/#breadcrumb\"},\"inLanguage\":\"it-IT\",\"potentialAction\":[{\"@type\":\"ReadAction\",\"target\":[\"https:\/\/reihey.com\/product\/350ml-500ml-high-borosilicate-glass-oil-bottle-with-silicone-lid\/\"]}]},{\"@type\":\"ImageObject\",\"inLanguage\":\"it-IT\",\"@id\":\"https:\/\/reihey.com\/product\/350ml-500ml-high-borosilicate-glass-oil-bottle-with-silicone-lid\/#primaryimage\",\"url\":\"https:\/\/reihey.com\/wp-content\/uploads\/2025\/08\/\u4e3b\u56fe-05-68.jpg\",\"contentUrl\":\"https:\/\/reihey.com\/wp-content\/uploads\/2025\/08\/\u4e3b\u56fe-05-68.jpg\",\"width\":1920,\"height\":1920},{\"@type\":\"BreadcrumbList\",\"@id\":\"https:\/\/reihey.com\/product\/350ml-500ml-high-borosilicate-glass-oil-bottle-with-silicone-lid\/#breadcrumb\",\"itemListElement\":[{\"@type\":\"ListItem\",\"position\":1,\"name\":\"Home\",\"item\":\"https:\/\/reihey.com\/\"},{\"@type\":\"ListItem\",\"position\":2,\"name\":\"Shop\",\"item\":\"https:\/\/reihey.com\/shop\/\"},{\"@type\":\"ListItem\",\"position\":3,\"name\":\"350ml 500ml High Borosilicate Glass Oil Bottle with Silicone Lid\"}]},{\"@type\":\"WebSite\",\"@id\":\"https:\/\/reihey.com\/#website\",\"url\":\"https:\/\/reihey.com\/\",\"name\":\"Reihey Glass\",\"description\":\"\",\"publisher\":{\"@id\":\"https:\/\/reihey.com\/#organization\"},\"potentialAction\":[{\"@type\":\"SearchAction\",\"target\":{\"@type\":\"EntryPoint\",\"urlTemplate\":\"https:\/\/reihey.com\/?s={search_term_string}\"},\"query-input\":{\"@type\":\"PropertyValueSpecification\",\"valueRequired\":true,\"valueName\":\"search_term_string\"}}],\"inLanguage\":\"it-IT\"},{\"@type\":\"Organization\",\"@id\":\"https:\/\/reihey.com\/#organization\",\"name\":\"Reihey Glass\",\"url\":\"https:\/\/reihey.com\/\",\"logo\":{\"@type\":\"ImageObject\",\"inLanguage\":\"it-IT\",\"@id\":\"https:\/\/reihey.com\/#\/schema\/logo\/image\/\",\"url\":\"https:\/\/reihey.com\/wp-content\/uploads\/2023\/07\/Reihey-logo-2026.svg\",\"contentUrl\":\"https:\/\/reihey.com\/wp-content\/uploads\/2023\/07\/Reihey-logo-2026.svg\",\"width\":1984,\"height\":566,\"caption\":\"Reihey Glass\"},\"image\":{\"@id\":\"https:\/\/reihey.com\/#\/schema\/logo\/image\/\"}}]}<\/script>\n<!-- \/ Yoast SEO plugin. -->","yoast_head_json":{"title":"Bottiglia per olio in vetro ad alto borosilicato da 350 ml\/500 ml con coperchio in silicone - Reihey Glass","robots":{"index":"index","follow":"follow","max-snippet":"max-snippet:-1","max-image-preview":"max-image-preview:large","max-video-preview":"max-video-preview:-1"},"canonical":"https:\/\/reihey.com\/it\/product\/350ml-500ml-high-borosilicate-glass-oil-bottle-with-silicone-lid\/","og_locale":"it_IT","og_type":"article","og_title":"350ml 500ml High Borosilicate Glass Oil Bottle with Silicone Lid - Reihey Glass","og_description":"Material Color Capacity Lid Usage   Glass Clear 350ml Plastic Food     500ml Silicone stopper        Material Glass   Color Clear   Capacity 350ml 500ml   Lid Plastic Silicone stopper   Usage Food    \u3010Non-drip Design\u3011 Oil dispenser can be used for olive oil, vinegar, wine, your homemade chilli oil for salad dressing, cooking, barbecue, even can use this bottle mix your chilli oil. There is non-slip design at the bottom of the bottle.\u3010CONTROL OIL DISPENSING\u3011 Oil bottle controls the amount of oil, dressing, or vinegar poured into your dishes,thus eating healthier and preventing messes. There is anti-drip design, the glass bottle can prevent effectively oil leaking, always keep your glass bottle clean and hygienic, little cap on the top, can keep the contents always remain fresh.","og_url":"https:\/\/reihey.com\/it\/product\/350ml-500ml-high-borosilicate-glass-oil-bottle-with-silicone-lid\/","og_site_name":"Reihey Glass","article_modified_time":"2025-10-28T11:49:16+00:00","og_image":[{"width":1920,"height":1920,"url":"https:\/\/reihey.com\/wp-content\/uploads\/2025\/08\/\u4e3b\u56fe-05-68.jpg","type":"image\/jpeg"}],"twitter_card":"summary_large_image","twitter_misc":{"Tempo di lettura stimato":"1 minuto"},"schema":{"@context":"https:\/\/schema.org","@graph":[{"@type":"WebPage","@id":"https:\/\/reihey.com\/product\/350ml-500ml-high-borosilicate-glass-oil-bottle-with-silicone-lid\/","url":"https:\/\/reihey.com\/product\/350ml-500ml-high-borosilicate-glass-oil-bottle-with-silicone-lid\/","name":"Bottiglia per olio in vetro ad alto borosilicato da 350 ml\/500 ml con coperchio in silicone - Reihey Glass","isPartOf":{"@id":"https:\/\/reihey.com\/#website"},"primaryImageOfPage":{"@id":"https:\/\/reihey.com\/product\/350ml-500ml-high-borosilicate-glass-oil-bottle-with-silicone-lid\/#primaryimage"},"image":{"@id":"https:\/\/reihey.com\/product\/350ml-500ml-high-borosilicate-glass-oil-bottle-with-silicone-lid\/#primaryimage"},"thumbnailUrl":"https:\/\/reihey.com\/wp-content\/uploads\/2025\/08\/\u4e3b\u56fe-05-68.jpg","datePublished":"2025-08-27T11:33:00+00:00","dateModified":"2025-10-28T11:49:16+00:00","breadcrumb":{"@id":"https:\/\/reihey.com\/product\/350ml-500ml-high-borosilicate-glass-oil-bottle-with-silicone-lid\/#breadcrumb"},"inLanguage":"it-IT","potentialAction":[{"@type":"ReadAction","target":["https:\/\/reihey.com\/product\/350ml-500ml-high-borosilicate-glass-oil-bottle-with-silicone-lid\/"]}]},{"@type":"ImageObject","inLanguage":"it-IT","@id":"https:\/\/reihey.com\/product\/350ml-500ml-high-borosilicate-glass-oil-bottle-with-silicone-lid\/#primaryimage","url":"https:\/\/reihey.com\/wp-content\/uploads\/2025\/08\/\u4e3b\u56fe-05-68.jpg","contentUrl":"https:\/\/reihey.com\/wp-content\/uploads\/2025\/08\/\u4e3b\u56fe-05-68.jpg","width":1920,"height":1920},{"@type":"BreadcrumbList","@id":"https:\/\/reihey.com\/product\/350ml-500ml-high-borosilicate-glass-oil-bottle-with-silicone-lid\/#breadcrumb","itemListElement":[{"@type":"ListItem","position":1,"name":"Home","item":"https:\/\/reihey.com\/"},{"@type":"ListItem","position":2,"name":"Shop","item":"https:\/\/reihey.com\/shop\/"},{"@type":"ListItem","position":3,"name":"350ml 500ml High Borosilicate Glass Oil Bottle with Silicone Lid"}]},{"@type":"WebSite","@id":"https:\/\/reihey.com\/#website","url":"https:\/\/reihey.com\/","name":"Reihey Vetro","description":"","publisher":{"@id":"https:\/\/reihey.com\/#organization"},"potentialAction":[{"@type":"SearchAction","target":{"@type":"EntryPoint","urlTemplate":"https:\/\/reihey.com\/?s={search_term_string}"},"query-input":{"@type":"PropertyValueSpecification","valueRequired":true,"valueName":"search_term_string"}}],"inLanguage":"it-IT"},{"@type":"Organization","@id":"https:\/\/reihey.com\/#organization","name":"Reihey Vetro","url":"https:\/\/reihey.com\/","logo":{"@type":"ImageObject","inLanguage":"it-IT","@id":"https:\/\/reihey.com\/#\/schema\/logo\/image\/","url":"https:\/\/reihey.com\/wp-content\/uploads\/2023\/07\/Reihey-logo-2026.svg","contentUrl":"https:\/\/reihey.com\/wp-content\/uploads\/2023\/07\/Reihey-logo-2026.svg","width":1984,"height":566,"caption":"Reihey Glass"},"image":{"@id":"https:\/\/reihey.com\/#\/schema\/logo\/image\/"}}]}},"_links":{"self":[{"href":"https:\/\/reihey.com\/it\/wp-json\/wp\/v2\/product\/10294","targetHints":{"allow":["GET"]}}],"collection":[{"href":"https:\/\/reihey.com\/it\/wp-json\/wp\/v2\/product"}],"about":[{"href":"https:\/\/reihey.com\/it\/wp-json\/wp\/v2\/types\/product"}],"replies":[{"embeddable":true,"href":"https:\/\/reihey.com\/it\/wp-json\/wp\/v2\/comments?post=10294"}],"version-history":[{"count":5,"href":"https:\/\/reihey.com\/it\/wp-json\/wp\/v2\/product\/10294\/revisions"}],"predecessor-version":[{"id":997856,"href":"https:\/\/reihey.com\/it\/wp-json\/wp\/v2\/product\/10294\/revisions\/997856"}],"wp:featuredmedia":[{"embeddable":true,"href":"https:\/\/reihey.com\/it\/wp-json\/wp\/v2\/media\/992553"}],"wp:attachment":[{"href":"https:\/\/reihey.com\/it\/wp-json\/wp\/v2\/media?parent=10294"}],"wp:term":[{"taxonomy":"product_brand","embeddable":true,"href":"https:\/\/reihey.com\/it\/wp-json\/wp\/v2\/product_brand?post=10294"},{"taxonomy":"product_cat","embeddable":true,"href":"https:\/\/reihey.com\/it\/wp-json\/wp\/v2\/product_cat?post=10294"},{"taxonomy":"product_tag","embeddable":true,"href":"https:\/\/reihey.com\/it\/wp-json\/wp\/v2\/product_tag?post=10294"}],"curies":[{"name":"wp","href":"https:\/\/api.w.org\/{rel}","templated":true}]}}