{"id":9991,"date":"2025-08-27T11:15:37","date_gmt":"2025-08-27T11:15:37","guid":{"rendered":"https:\/\/slot71.silverline.dev\/?post_type=product&#038;p=9991"},"modified":"2025-10-28T12:20:19","modified_gmt":"2025-10-28T12:20:19","slug":"16-oz-can-shaped-glasses","status":"publish","type":"product","link":"https:\/\/reihey.com\/fr\/product\/16-oz-can-shaped-glasses\/","title":{"rendered":"Lunettes en forme de bo\u00eete de 16 oz"},"content":{"rendered":"","protected":false},"excerpt":{"rendered":"<table class=\"desk-tab\">\n<tbody>\n<tr>\n<th>Nom<\/th>\n<th>Mat\u00e9riel<\/th>\n<th>Capacit\u00e9<\/th>\n<th>Couleur<\/th>\n<th>Taille<\/th>\n<th>Utilisation<\/th>\n<th>Conditionnement<\/th>\n<\/tr>\n<tr>\n<td>Lunettes \u00e0 boire moul\u00e9es<\/td>\n<td>Verre<\/td>\n<td>16 oz<\/td>\n<td>Transparent<\/td>\n<td>155*75mm<\/td>\n<td>VERRE POLYVALENT<\/td>\n<td>1. Carton d'exportation standard\u2013Xpcs\/bo\u00eete, Ybo\u00eete\/carton.<\/td>\n<\/tr>\n<tr>\n<td><\/td>\n<td><\/td>\n<td><\/td>\n<td><\/td>\n<td><\/td>\n<td><\/td>\n<td>2. Conditionnement personnalis\u00e9 : bo\u00eete blanche avec votre LOGO. Bo\u00eete cadeau couleur avec votre logo<\/td>\n<\/tr>\n<\/tbody>\n<\/table>\n<table class=\"mob-tab\">\n<tbody>\n<tr>\n<th>Nom<\/th>\n<td>Lunettes \u00e0 boire moul\u00e9es<\/td>\n<\/tr>\n<tr>\n<th>Mat\u00e9riel<\/th>\n<td>Verre<\/td>\n<\/tr>\n<tr>\n<th>Capacit\u00e9<\/th>\n<td>16 oz<\/td>\n<\/tr>\n<tr>\n<th>Couleur<\/th>\n<td>Transparent<\/td>\n<\/tr>\n<tr>\n<th>Taille<\/th>\n<td>155*75mm<\/td>\n<\/tr>\n<tr>\n<th>Utilisation<\/th>\n<td>VERRE POLYVALENT<\/td>\n<\/tr>\n<tr>\n<th>Conditionnement<\/th>\n<td>\n        1. Carton d'exportation standard\u2013Xpcs\/bo\u00eete, Ybo\u00eete\/carton.<br \/>\n        2. Conditionnement personnalis\u00e9 : bo\u00eete blanche avec votre LOGO. Bo\u00eete cadeau couleur avec votre logo\n      <\/td>\n<\/tr>\n<\/tbody>\n<\/table>\n<p>VERRE POLYVALENT : Qui ne voudrait pas d\u2019un ensemble de verres en verre pouvant \u00eatre utilis\u00e9s simultan\u00e9ment pour divers types de boissons lors de votre repas ? Notre ensemble de verres est con\u00e7u avec des verres highball pour votre jus et vos cocktails pr\u00e9f\u00e9r\u00e9s. O\u00f9 que vous choisissiez de les utiliser, vous aurez la meilleure exp\u00e9rience de d\u00e9gustation possible.<br \/>\nLAVE-VAISSELLE: Les verres Reihey sont fabriqu\u00e9s en verre de haute qualit\u00e9 et durable, et faciles \u00e0 laver, il suffit de les rincer \u00e0 l\u2019eau ti\u00e8de ou de les mettre au lave-vaisselle.<\/p>","protected":false},"featured_media":992352,"comment_status":"closed","ping_status":"closed","template":"","meta":{"_acf_changed":false},"product_brand":[],"product_cat":[637,642],"product_tag":[],"class_list":{"0":"post-9991","1":"product","2":"type-product","3":"status-publish","4":"has-post-thumbnail","6":"product_cat-drinking-glasses","7":"product_cat-tumble-glasses","9":"first","10":"instock","11":"shipping-taxable","12":"product-type-simple"},"acf":[],"yoast_head":"<!-- This site is optimized with the Yoast SEO plugin v26.7 - https:\/\/yoast.com\/wordpress\/plugins\/seo\/ -->\n<title>16 oz Can Shaped Glasses - Reihey Glass<\/title>\n<meta name=\"robots\" content=\"index, follow, max-snippet:-1, max-image-preview:large, max-video-preview:-1\" \/>\n<link rel=\"canonical\" href=\"https:\/\/reihey.com\/fr\/product\/16-oz-can-shaped-glasses\/\" \/>\n<meta property=\"og:locale\" content=\"fr_FR\" \/>\n<meta property=\"og:type\" content=\"article\" \/>\n<meta property=\"og:title\" content=\"16 oz Can Shaped Glasses - Reihey Glass\" \/>\n<meta property=\"og:description\" content=\"Name    Material    Capacity    Color    Size    Usage    Packing          Tumble Glasses    Glass    16oz    Transparent    155*75mm    ALL-PURPOSE GLASS    1. Standard export carton--Xpcs\/box, Ybox\/carton.                                  2. Custom pack: white box with your LOGO. Color gift box with your logo                 Name    Tumble Glasses          Material    Glass          Capacity    16oz          Color    Transparent          Size    155*75mm          Usage    ALL-PURPOSE GLASS          Packing         1. Standard export carton--Xpcs\/box, Ybox\/carton.     2. Custom pack: white box with your LOGO. Color gift box with your logo            ALL-PURPOSE GLASS : Who doesn&#039;t want a set of glass cup glasses that can be used simultaneously for various drink types at your dinner? Our glass set is well designed with highball glasses for your favorite juice and cocktail drinks.So wherever you wish to use it you will have the best drinking experience possible. DISHWASHER SAFE: Reihey drinking glasses are made of high-quality durable glass, and are easy to wash, simply wash under warm water or place them in the dishwasher.\" \/>\n<meta property=\"og:url\" content=\"https:\/\/reihey.com\/fr\/product\/16-oz-can-shaped-glasses\/\" \/>\n<meta property=\"og:site_name\" content=\"Reihey Glass\" \/>\n<meta property=\"article:modified_time\" content=\"2025-10-28T12:20:19+00:00\" \/>\n<meta property=\"og:image\" content=\"https:\/\/reihey.com\/wp-content\/uploads\/2025\/08\/1-108.jpg\" \/>\n\t<meta property=\"og:image:width\" content=\"664\" \/>\n\t<meta property=\"og:image:height\" content=\"661\" \/>\n\t<meta property=\"og:image:type\" content=\"image\/jpeg\" \/>\n<meta name=\"twitter:card\" content=\"summary_large_image\" \/>\n<script type=\"application\/ld+json\" class=\"yoast-schema-graph\">{\"@context\":\"https:\/\/schema.org\",\"@graph\":[{\"@type\":\"WebPage\",\"@id\":\"https:\/\/reihey.com\/product\/16-oz-can-shaped-glasses\/\",\"url\":\"https:\/\/reihey.com\/product\/16-oz-can-shaped-glasses\/\",\"name\":\"16 oz Can Shaped Glasses - Reihey Glass\",\"isPartOf\":{\"@id\":\"https:\/\/reihey.com\/#website\"},\"primaryImageOfPage\":{\"@id\":\"https:\/\/reihey.com\/product\/16-oz-can-shaped-glasses\/#primaryimage\"},\"image\":{\"@id\":\"https:\/\/reihey.com\/product\/16-oz-can-shaped-glasses\/#primaryimage\"},\"thumbnailUrl\":\"https:\/\/reihey.com\/wp-content\/uploads\/2025\/08\/1-108.jpg\",\"datePublished\":\"2025-08-27T11:15:37+00:00\",\"dateModified\":\"2025-10-28T12:20:19+00:00\",\"breadcrumb\":{\"@id\":\"https:\/\/reihey.com\/product\/16-oz-can-shaped-glasses\/#breadcrumb\"},\"inLanguage\":\"fr-FR\",\"potentialAction\":[{\"@type\":\"ReadAction\",\"target\":[\"https:\/\/reihey.com\/product\/16-oz-can-shaped-glasses\/\"]}]},{\"@type\":\"ImageObject\",\"inLanguage\":\"fr-FR\",\"@id\":\"https:\/\/reihey.com\/product\/16-oz-can-shaped-glasses\/#primaryimage\",\"url\":\"https:\/\/reihey.com\/wp-content\/uploads\/2025\/08\/1-108.jpg\",\"contentUrl\":\"https:\/\/reihey.com\/wp-content\/uploads\/2025\/08\/1-108.jpg\",\"width\":664,\"height\":661},{\"@type\":\"BreadcrumbList\",\"@id\":\"https:\/\/reihey.com\/product\/16-oz-can-shaped-glasses\/#breadcrumb\",\"itemListElement\":[{\"@type\":\"ListItem\",\"position\":1,\"name\":\"Home\",\"item\":\"https:\/\/reihey.com\/\"},{\"@type\":\"ListItem\",\"position\":2,\"name\":\"Shop\",\"item\":\"https:\/\/reihey.com\/shop\/\"},{\"@type\":\"ListItem\",\"position\":3,\"name\":\"16 oz Can Shaped Glasses\"}]},{\"@type\":\"WebSite\",\"@id\":\"https:\/\/reihey.com\/#website\",\"url\":\"https:\/\/reihey.com\/\",\"name\":\"Reihey Glass\",\"description\":\"\",\"publisher\":{\"@id\":\"https:\/\/reihey.com\/#organization\"},\"potentialAction\":[{\"@type\":\"SearchAction\",\"target\":{\"@type\":\"EntryPoint\",\"urlTemplate\":\"https:\/\/reihey.com\/?s={search_term_string}\"},\"query-input\":{\"@type\":\"PropertyValueSpecification\",\"valueRequired\":true,\"valueName\":\"search_term_string\"}}],\"inLanguage\":\"fr-FR\"},{\"@type\":\"Organization\",\"@id\":\"https:\/\/reihey.com\/#organization\",\"name\":\"Reihey Glass\",\"url\":\"https:\/\/reihey.com\/\",\"logo\":{\"@type\":\"ImageObject\",\"inLanguage\":\"fr-FR\",\"@id\":\"https:\/\/reihey.com\/#\/schema\/logo\/image\/\",\"url\":\"https:\/\/reihey.com\/wp-content\/uploads\/2023\/07\/Reihey-logo-2026.svg\",\"contentUrl\":\"https:\/\/reihey.com\/wp-content\/uploads\/2023\/07\/Reihey-logo-2026.svg\",\"width\":1984,\"height\":566,\"caption\":\"Reihey Glass\"},\"image\":{\"@id\":\"https:\/\/reihey.com\/#\/schema\/logo\/image\/\"}}]}<\/script>\n<!-- \/ Yoast SEO plugin. -->","yoast_head_json":{"title":"Verres en forme de bo\u00eete de 16 oz - Verre Reihey","robots":{"index":"index","follow":"follow","max-snippet":"max-snippet:-1","max-image-preview":"max-image-preview:large","max-video-preview":"max-video-preview:-1"},"canonical":"https:\/\/reihey.com\/fr\/product\/16-oz-can-shaped-glasses\/","og_locale":"fr_FR","og_type":"article","og_title":"16 oz Can Shaped Glasses - Reihey Glass","og_description":"Name    Material    Capacity    Color    Size    Usage    Packing          Tumble Glasses    Glass    16oz    Transparent    155*75mm    ALL-PURPOSE GLASS    1. Standard export carton--Xpcs\/box, Ybox\/carton.                                  2. Custom pack: white box with your LOGO. Color gift box with your logo                 Name    Tumble Glasses          Material    Glass          Capacity    16oz          Color    Transparent          Size    155*75mm          Usage    ALL-PURPOSE GLASS          Packing         1. Standard export carton--Xpcs\/box, Ybox\/carton.     2. Custom pack: white box with your LOGO. Color gift box with your logo            ALL-PURPOSE GLASS : Who doesn't want a set of glass cup glasses that can be used simultaneously for various drink types at your dinner? Our glass set is well designed with highball glasses for your favorite juice and cocktail drinks.So wherever you wish to use it you will have the best drinking experience possible. DISHWASHER SAFE: Reihey drinking glasses are made of high-quality durable glass, and are easy to wash, simply wash under warm water or place them in the dishwasher.","og_url":"https:\/\/reihey.com\/fr\/product\/16-oz-can-shaped-glasses\/","og_site_name":"Reihey Glass","article_modified_time":"2025-10-28T12:20:19+00:00","og_image":[{"width":664,"height":661,"url":"https:\/\/reihey.com\/wp-content\/uploads\/2025\/08\/1-108.jpg","type":"image\/jpeg"}],"twitter_card":"summary_large_image","schema":{"@context":"https:\/\/schema.org","@graph":[{"@type":"WebPage","@id":"https:\/\/reihey.com\/product\/16-oz-can-shaped-glasses\/","url":"https:\/\/reihey.com\/product\/16-oz-can-shaped-glasses\/","name":"Verres en forme de bo\u00eete de 16 oz - Verre Reihey","isPartOf":{"@id":"https:\/\/reihey.com\/#website"},"primaryImageOfPage":{"@id":"https:\/\/reihey.com\/product\/16-oz-can-shaped-glasses\/#primaryimage"},"image":{"@id":"https:\/\/reihey.com\/product\/16-oz-can-shaped-glasses\/#primaryimage"},"thumbnailUrl":"https:\/\/reihey.com\/wp-content\/uploads\/2025\/08\/1-108.jpg","datePublished":"2025-08-27T11:15:37+00:00","dateModified":"2025-10-28T12:20:19+00:00","breadcrumb":{"@id":"https:\/\/reihey.com\/product\/16-oz-can-shaped-glasses\/#breadcrumb"},"inLanguage":"fr-FR","potentialAction":[{"@type":"ReadAction","target":["https:\/\/reihey.com\/product\/16-oz-can-shaped-glasses\/"]}]},{"@type":"ImageObject","inLanguage":"fr-FR","@id":"https:\/\/reihey.com\/product\/16-oz-can-shaped-glasses\/#primaryimage","url":"https:\/\/reihey.com\/wp-content\/uploads\/2025\/08\/1-108.jpg","contentUrl":"https:\/\/reihey.com\/wp-content\/uploads\/2025\/08\/1-108.jpg","width":664,"height":661},{"@type":"BreadcrumbList","@id":"https:\/\/reihey.com\/product\/16-oz-can-shaped-glasses\/#breadcrumb","itemListElement":[{"@type":"ListItem","position":1,"name":"Home","item":"https:\/\/reihey.com\/"},{"@type":"ListItem","position":2,"name":"Shop","item":"https:\/\/reihey.com\/shop\/"},{"@type":"ListItem","position":3,"name":"16 oz Can Shaped Glasses"}]},{"@type":"WebSite","@id":"https:\/\/reihey.com\/#website","url":"https:\/\/reihey.com\/","name":"Verre Reiheney","description":"","publisher":{"@id":"https:\/\/reihey.com\/#organization"},"potentialAction":[{"@type":"SearchAction","target":{"@type":"EntryPoint","urlTemplate":"https:\/\/reihey.com\/?s={search_term_string}"},"query-input":{"@type":"PropertyValueSpecification","valueRequired":true,"valueName":"search_term_string"}}],"inLanguage":"fr-FR"},{"@type":"Organization","@id":"https:\/\/reihey.com\/#organization","name":"Verre Reiheney","url":"https:\/\/reihey.com\/","logo":{"@type":"ImageObject","inLanguage":"fr-FR","@id":"https:\/\/reihey.com\/#\/schema\/logo\/image\/","url":"https:\/\/reihey.com\/wp-content\/uploads\/2023\/07\/Reihey-logo-2026.svg","contentUrl":"https:\/\/reihey.com\/wp-content\/uploads\/2023\/07\/Reihey-logo-2026.svg","width":1984,"height":566,"caption":"Reihey Glass"},"image":{"@id":"https:\/\/reihey.com\/#\/schema\/logo\/image\/"}}]}},"_links":{"self":[{"href":"https:\/\/reihey.com\/fr\/wp-json\/wp\/v2\/product\/9991","targetHints":{"allow":["GET"]}}],"collection":[{"href":"https:\/\/reihey.com\/fr\/wp-json\/wp\/v2\/product"}],"about":[{"href":"https:\/\/reihey.com\/fr\/wp-json\/wp\/v2\/types\/product"}],"replies":[{"embeddable":true,"href":"https:\/\/reihey.com\/fr\/wp-json\/wp\/v2\/comments?post=9991"}],"version-history":[{"count":5,"href":"https:\/\/reihey.com\/fr\/wp-json\/wp\/v2\/product\/9991\/revisions"}],"predecessor-version":[{"id":997906,"href":"https:\/\/reihey.com\/fr\/wp-json\/wp\/v2\/product\/9991\/revisions\/997906"}],"wp:featuredmedia":[{"embeddable":true,"href":"https:\/\/reihey.com\/fr\/wp-json\/wp\/v2\/media\/992352"}],"wp:attachment":[{"href":"https:\/\/reihey.com\/fr\/wp-json\/wp\/v2\/media?parent=9991"}],"wp:term":[{"taxonomy":"product_brand","embeddable":true,"href":"https:\/\/reihey.com\/fr\/wp-json\/wp\/v2\/product_brand?post=9991"},{"taxonomy":"product_cat","embeddable":true,"href":"https:\/\/reihey.com\/fr\/wp-json\/wp\/v2\/product_cat?post=9991"},{"taxonomy":"product_tag","embeddable":true,"href":"https:\/\/reihey.com\/fr\/wp-json\/wp\/v2\/product_tag?post=9991"}],"curies":[{"name":"wp","href":"https:\/\/api.w.org\/{rel}","templated":true}]}}