{"id":994221,"date":"2025-09-02T06:49:05","date_gmt":"2025-09-02T06:49:05","guid":{"rendered":"https:\/\/slot71.silverline.dev\/?post_type=product&#038;p=994221"},"modified":"2025-10-28T07:55:18","modified_gmt":"2025-10-28T07:55:18","slug":"60ml-oblique-shoulder-glass-lotion-bottle-with-pump","status":"publish","type":"product","link":"https:\/\/reihey.com\/fr\/product\/60ml-oblique-shoulder-glass-lotion-bottle-with-pump\/","title":{"rendered":"Flacon en verre \u00e0 \u00e9paule oblique de 60 ml avec pompe"},"content":{"rendered":"","protected":false},"excerpt":{"rendered":"<table class=\"desk-tab\">\n<tbody>\n<tr>\n<th>Mat\u00e9riel<\/th>\n<th>Couleur<\/th>\n<th>Capacit\u00e9<\/th>\n<th>Couvercle<\/th>\n<th>Utilisation<\/th>\n<\/tr>\n<tr>\n<td>Verre<\/td>\n<td>Vert<\/td>\n<td>60 ml<\/td>\n<td>Plastique<\/td>\n<td>Emballage de soins de la peau<\/td>\n<\/tr>\n<tr>\n<td><\/td>\n<td>Ambre<\/td>\n<td><\/td>\n<td><\/td>\n<td><\/td>\n<\/tr>\n<\/tbody>\n<\/table>\n<table class=\"mob-tab\">\n<tbody>\n<tr>\n<th>Mat\u00e9riel<\/th>\n<td>Verre<\/td>\n<\/tr>\n<tr>\n<th>Couleur<\/th>\n<td>Vert<br \/>\nAmbre<\/td>\n<\/tr>\n<tr>\n<th>Capacit\u00e9<\/th>\n<td>60 ml<\/td>\n<\/tr>\n<tr>\n<th>Couvercle<\/th>\n<td>Plastique<\/td>\n<\/tr>\n<tr>\n<th>Utilisation<\/th>\n<td>Emballage de soins de la peau<\/td>\n<\/tr>\n<\/tbody>\n<\/table>\n<p>La conception de la t\u00eate de pompe pression la rend lisse et uniforme pour d\u00e9charger la lotion. Facile \u00e0 remplir et \u00e0 nettoyer, le bouchon peut \u00eatre verrouill\u00e9 sans obstruer, sans odeur, pas besoin de s'inqui\u00e9ter de fuite. Parfait pour distributeur de maquillage, lotion\/cr\u00e8me\/huile essentielle\/shampooing, cr\u00e8mes pour la peau, etc. convient pour voyager ou camper ou autre activit\u00e9 ext\u00e9rieure. facile \u00e0 mettre dans votre pochette, tr\u00e8s pratique \u00e0 transporter partout<\/p>","protected":false},"featured_media":994222,"comment_status":"closed","ping_status":"closed","template":"","meta":{"_acf_changed":false},"product_brand":[],"product_cat":[613,611,627],"product_tag":[],"class_list":{"0":"post-994221","1":"product","2":"type-product","3":"status-publish","4":"has-post-thumbnail","6":"product_cat-beauty","7":"product_cat-glass-bottle-manufacturer","8":"product_cat-wholesale-glass-lotion-bottle","10":"first","11":"instock","12":"shipping-taxable","13":"product-type-simple"},"acf":[],"yoast_head":"<!-- This site is optimized with the Yoast SEO plugin v26.7 - https:\/\/yoast.com\/wordpress\/plugins\/seo\/ -->\n<title>60ml Oblique Shoulder Glass Lotion Bottle With Pump - Reihey Glass<\/title>\n<meta name=\"robots\" content=\"index, follow, max-snippet:-1, max-image-preview:large, max-video-preview:-1\" \/>\n<link rel=\"canonical\" href=\"https:\/\/reihey.com\/fr\/product\/60ml-oblique-shoulder-glass-lotion-bottle-with-pump\/\" \/>\n<meta property=\"og:locale\" content=\"fr_FR\" \/>\n<meta property=\"og:type\" content=\"article\" \/>\n<meta property=\"og:title\" content=\"60ml Oblique Shoulder Glass Lotion Bottle With Pump - Reihey Glass\" \/>\n<meta property=\"og:description\" content=\"Material Color Capacity Lid Usage   Glass Green 60ml Plastic Skin Care Packaging    Amber          Material Glass   Color Green Amber   Capacity 60ml   Lid Plastic   Usage Skin Care Packaging    The design of pressure pump head makes it smooth and uniform to discharge the lotion. Easy to fill and clean, the cap can be locked without clogging, no odor, no need to worry about leak-off. Perfect for makeup dispenser, lotion\/cream\/essential oil\/ shampoo, skin creams and etc. suit for traveling or camping or other outside.easy to put it in your pouch,very convenient to carry everywhere\" \/>\n<meta property=\"og:url\" content=\"https:\/\/reihey.com\/fr\/product\/60ml-oblique-shoulder-glass-lotion-bottle-with-pump\/\" \/>\n<meta property=\"og:site_name\" content=\"Reihey Glass\" \/>\n<meta property=\"article:modified_time\" content=\"2025-10-28T07:55:18+00:00\" \/>\n<meta property=\"og:image\" content=\"https:\/\/reihey.com\/wp-content\/uploads\/2025\/09\/Main-02-1-300x300-1.jpg\" \/>\n\t<meta property=\"og:image:width\" content=\"300\" \/>\n\t<meta property=\"og:image:height\" content=\"300\" \/>\n\t<meta property=\"og:image:type\" content=\"image\/jpeg\" \/>\n<meta name=\"twitter:card\" content=\"summary_large_image\" \/>\n<meta name=\"twitter:label1\" content=\"Est. reading time\" \/>\n\t<meta name=\"twitter:data1\" content=\"1 minute\" \/>\n<script type=\"application\/ld+json\" class=\"yoast-schema-graph\">{\"@context\":\"https:\/\/schema.org\",\"@graph\":[{\"@type\":\"WebPage\",\"@id\":\"https:\/\/reihey.com\/product\/60ml-oblique-shoulder-glass-lotion-bottle-with-pump\/\",\"url\":\"https:\/\/reihey.com\/product\/60ml-oblique-shoulder-glass-lotion-bottle-with-pump\/\",\"name\":\"60ml Oblique Shoulder Glass Lotion Bottle With Pump - Reihey Glass\",\"isPartOf\":{\"@id\":\"https:\/\/reihey.com\/#website\"},\"primaryImageOfPage\":{\"@id\":\"https:\/\/reihey.com\/product\/60ml-oblique-shoulder-glass-lotion-bottle-with-pump\/#primaryimage\"},\"image\":{\"@id\":\"https:\/\/reihey.com\/product\/60ml-oblique-shoulder-glass-lotion-bottle-with-pump\/#primaryimage\"},\"thumbnailUrl\":\"https:\/\/reihey.com\/wp-content\/uploads\/2025\/09\/Main-02-1-300x300-1.jpg\",\"datePublished\":\"2025-09-02T06:49:05+00:00\",\"dateModified\":\"2025-10-28T07:55:18+00:00\",\"breadcrumb\":{\"@id\":\"https:\/\/reihey.com\/product\/60ml-oblique-shoulder-glass-lotion-bottle-with-pump\/#breadcrumb\"},\"inLanguage\":\"fr-FR\",\"potentialAction\":[{\"@type\":\"ReadAction\",\"target\":[\"https:\/\/reihey.com\/product\/60ml-oblique-shoulder-glass-lotion-bottle-with-pump\/\"]}]},{\"@type\":\"ImageObject\",\"inLanguage\":\"fr-FR\",\"@id\":\"https:\/\/reihey.com\/product\/60ml-oblique-shoulder-glass-lotion-bottle-with-pump\/#primaryimage\",\"url\":\"https:\/\/reihey.com\/wp-content\/uploads\/2025\/09\/Main-02-1-300x300-1.jpg\",\"contentUrl\":\"https:\/\/reihey.com\/wp-content\/uploads\/2025\/09\/Main-02-1-300x300-1.jpg\",\"width\":300,\"height\":300},{\"@type\":\"BreadcrumbList\",\"@id\":\"https:\/\/reihey.com\/product\/60ml-oblique-shoulder-glass-lotion-bottle-with-pump\/#breadcrumb\",\"itemListElement\":[{\"@type\":\"ListItem\",\"position\":1,\"name\":\"Home\",\"item\":\"https:\/\/reihey.com\/\"},{\"@type\":\"ListItem\",\"position\":2,\"name\":\"Shop\",\"item\":\"https:\/\/reihey.com\/shop\/\"},{\"@type\":\"ListItem\",\"position\":3,\"name\":\"60ml Oblique Shoulder Glass Lotion Bottle With Pump\"}]},{\"@type\":\"WebSite\",\"@id\":\"https:\/\/reihey.com\/#website\",\"url\":\"https:\/\/reihey.com\/\",\"name\":\"Reihey Glass\",\"description\":\"\",\"publisher\":{\"@id\":\"https:\/\/reihey.com\/#organization\"},\"potentialAction\":[{\"@type\":\"SearchAction\",\"target\":{\"@type\":\"EntryPoint\",\"urlTemplate\":\"https:\/\/reihey.com\/?s={search_term_string}\"},\"query-input\":{\"@type\":\"PropertyValueSpecification\",\"valueRequired\":true,\"valueName\":\"search_term_string\"}}],\"inLanguage\":\"fr-FR\"},{\"@type\":\"Organization\",\"@id\":\"https:\/\/reihey.com\/#organization\",\"name\":\"Reihey Glass\",\"url\":\"https:\/\/reihey.com\/\",\"logo\":{\"@type\":\"ImageObject\",\"inLanguage\":\"fr-FR\",\"@id\":\"https:\/\/reihey.com\/#\/schema\/logo\/image\/\",\"url\":\"https:\/\/reihey.com\/wp-content\/uploads\/2023\/07\/Reihey-logo-2026.svg\",\"contentUrl\":\"https:\/\/reihey.com\/wp-content\/uploads\/2023\/07\/Reihey-logo-2026.svg\",\"width\":1984,\"height\":566,\"caption\":\"Reihey Glass\"},\"image\":{\"@id\":\"https:\/\/reihey.com\/#\/schema\/logo\/image\/\"}}]}<\/script>\n<!-- \/ Yoast SEO plugin. -->","yoast_head_json":{"title":"Flacon en verre \u00e0 \u00e9paule oblique de 60 ml avec pompe - Verre Reihey","robots":{"index":"index","follow":"follow","max-snippet":"max-snippet:-1","max-image-preview":"max-image-preview:large","max-video-preview":"max-video-preview:-1"},"canonical":"https:\/\/reihey.com\/fr\/product\/60ml-oblique-shoulder-glass-lotion-bottle-with-pump\/","og_locale":"fr_FR","og_type":"article","og_title":"60ml Oblique Shoulder Glass Lotion Bottle With Pump - Reihey Glass","og_description":"Material Color Capacity Lid Usage   Glass Green 60ml Plastic Skin Care Packaging    Amber          Material Glass   Color Green Amber   Capacity 60ml   Lid Plastic   Usage Skin Care Packaging    The design of pressure pump head makes it smooth and uniform to discharge the lotion. Easy to fill and clean, the cap can be locked without clogging, no odor, no need to worry about leak-off. Perfect for makeup dispenser, lotion\/cream\/essential oil\/ shampoo, skin creams and etc. suit for traveling or camping or other outside.easy to put it in your pouch,very convenient to carry everywhere","og_url":"https:\/\/reihey.com\/fr\/product\/60ml-oblique-shoulder-glass-lotion-bottle-with-pump\/","og_site_name":"Reihey Glass","article_modified_time":"2025-10-28T07:55:18+00:00","og_image":[{"width":300,"height":300,"url":"https:\/\/reihey.com\/wp-content\/uploads\/2025\/09\/Main-02-1-300x300-1.jpg","type":"image\/jpeg"}],"twitter_card":"summary_large_image","twitter_misc":{"Est. reading time":"1 minute"},"schema":{"@context":"https:\/\/schema.org","@graph":[{"@type":"WebPage","@id":"https:\/\/reihey.com\/product\/60ml-oblique-shoulder-glass-lotion-bottle-with-pump\/","url":"https:\/\/reihey.com\/product\/60ml-oblique-shoulder-glass-lotion-bottle-with-pump\/","name":"Flacon en verre \u00e0 \u00e9paule oblique de 60 ml avec pompe - Verre Reihey","isPartOf":{"@id":"https:\/\/reihey.com\/#website"},"primaryImageOfPage":{"@id":"https:\/\/reihey.com\/product\/60ml-oblique-shoulder-glass-lotion-bottle-with-pump\/#primaryimage"},"image":{"@id":"https:\/\/reihey.com\/product\/60ml-oblique-shoulder-glass-lotion-bottle-with-pump\/#primaryimage"},"thumbnailUrl":"https:\/\/reihey.com\/wp-content\/uploads\/2025\/09\/Main-02-1-300x300-1.jpg","datePublished":"2025-09-02T06:49:05+00:00","dateModified":"2025-10-28T07:55:18+00:00","breadcrumb":{"@id":"https:\/\/reihey.com\/product\/60ml-oblique-shoulder-glass-lotion-bottle-with-pump\/#breadcrumb"},"inLanguage":"fr-FR","potentialAction":[{"@type":"ReadAction","target":["https:\/\/reihey.com\/product\/60ml-oblique-shoulder-glass-lotion-bottle-with-pump\/"]}]},{"@type":"ImageObject","inLanguage":"fr-FR","@id":"https:\/\/reihey.com\/product\/60ml-oblique-shoulder-glass-lotion-bottle-with-pump\/#primaryimage","url":"https:\/\/reihey.com\/wp-content\/uploads\/2025\/09\/Main-02-1-300x300-1.jpg","contentUrl":"https:\/\/reihey.com\/wp-content\/uploads\/2025\/09\/Main-02-1-300x300-1.jpg","width":300,"height":300},{"@type":"BreadcrumbList","@id":"https:\/\/reihey.com\/product\/60ml-oblique-shoulder-glass-lotion-bottle-with-pump\/#breadcrumb","itemListElement":[{"@type":"ListItem","position":1,"name":"Home","item":"https:\/\/reihey.com\/"},{"@type":"ListItem","position":2,"name":"Shop","item":"https:\/\/reihey.com\/shop\/"},{"@type":"ListItem","position":3,"name":"60ml Oblique Shoulder Glass Lotion Bottle With Pump"}]},{"@type":"WebSite","@id":"https:\/\/reihey.com\/#website","url":"https:\/\/reihey.com\/","name":"Verre Reiheney","description":"","publisher":{"@id":"https:\/\/reihey.com\/#organization"},"potentialAction":[{"@type":"SearchAction","target":{"@type":"EntryPoint","urlTemplate":"https:\/\/reihey.com\/?s={search_term_string}"},"query-input":{"@type":"PropertyValueSpecification","valueRequired":true,"valueName":"search_term_string"}}],"inLanguage":"fr-FR"},{"@type":"Organization","@id":"https:\/\/reihey.com\/#organization","name":"Verre Reiheney","url":"https:\/\/reihey.com\/","logo":{"@type":"ImageObject","inLanguage":"fr-FR","@id":"https:\/\/reihey.com\/#\/schema\/logo\/image\/","url":"https:\/\/reihey.com\/wp-content\/uploads\/2023\/07\/Reihey-logo-2026.svg","contentUrl":"https:\/\/reihey.com\/wp-content\/uploads\/2023\/07\/Reihey-logo-2026.svg","width":1984,"height":566,"caption":"Reihey Glass"},"image":{"@id":"https:\/\/reihey.com\/#\/schema\/logo\/image\/"}}]}},"_links":{"self":[{"href":"https:\/\/reihey.com\/fr\/wp-json\/wp\/v2\/product\/994221","targetHints":{"allow":["GET"]}}],"collection":[{"href":"https:\/\/reihey.com\/fr\/wp-json\/wp\/v2\/product"}],"about":[{"href":"https:\/\/reihey.com\/fr\/wp-json\/wp\/v2\/types\/product"}],"replies":[{"embeddable":true,"href":"https:\/\/reihey.com\/fr\/wp-json\/wp\/v2\/comments?post=994221"}],"version-history":[{"count":5,"href":"https:\/\/reihey.com\/fr\/wp-json\/wp\/v2\/product\/994221\/revisions"}],"predecessor-version":[{"id":997747,"href":"https:\/\/reihey.com\/fr\/wp-json\/wp\/v2\/product\/994221\/revisions\/997747"}],"wp:featuredmedia":[{"embeddable":true,"href":"https:\/\/reihey.com\/fr\/wp-json\/wp\/v2\/media\/994222"}],"wp:attachment":[{"href":"https:\/\/reihey.com\/fr\/wp-json\/wp\/v2\/media?parent=994221"}],"wp:term":[{"taxonomy":"product_brand","embeddable":true,"href":"https:\/\/reihey.com\/fr\/wp-json\/wp\/v2\/product_brand?post=994221"},{"taxonomy":"product_cat","embeddable":true,"href":"https:\/\/reihey.com\/fr\/wp-json\/wp\/v2\/product_cat?post=994221"},{"taxonomy":"product_tag","embeddable":true,"href":"https:\/\/reihey.com\/fr\/wp-json\/wp\/v2\/product_tag?post=994221"}],"curies":[{"name":"wp","href":"https:\/\/api.w.org\/{rel}","templated":true}]}}