{"id":994212,"date":"2025-09-02T06:45:06","date_gmt":"2025-09-02T06:45:06","guid":{"rendered":"https:\/\/slot71.silverline.dev\/?post_type=product&#038;p=994212"},"modified":"2025-10-28T07:57:41","modified_gmt":"2025-10-28T07:57:41","slug":"20g-30g-50g-black-uv-glass-cream-jar-with-round-cap","status":"publish","type":"product","link":"https:\/\/reihey.com\/fr\/product\/20g-30g-50g-black-uv-glass-cream-jar-with-round-cap\/","title":{"rendered":"20 g 30 g 50 g pot en verre UV noir avec bouchon rond"},"content":{"rendered":"","protected":false},"excerpt":{"rendered":"<table class=\"desk-tab\">\n<tbody>\n<tr>\n<th>Mat\u00e9riel<\/th>\n<th>Taille<\/th>\n<th>Capacit\u00e9<\/th>\n<th>Couleur<\/th>\n<th>Couvercle<\/th>\n<th>Utilisation<\/th>\n<\/tr>\n<tr>\n<td>Verre<\/td>\n<td>3.2*4.7 cm<\/td>\n<td>20 g<\/td>\n<td>Noir<\/td>\n<td>Plastique<\/td>\n<td>Cr\u00e8me pour le visage Cosm\u00e9tique<\/td>\n<\/tr>\n<tr>\n<td><\/td>\n<td>4*5,2 cm<\/td>\n<td>30 g<\/td>\n<td><\/td>\n<td><\/td>\n<td>Cr\u00e8me pour les yeux pour soin de la peau<\/td>\n<\/tr>\n<tr>\n<td><\/td>\n<td>4,6\u00d75,5 cm<\/td>\n<td>50 g<\/td>\n<td><\/td>\n<td><\/td>\n<td><\/td>\n<\/tr>\n<\/tbody>\n<\/table>\n<table class=\"mob-tab\">\n<tbody>\n<tr>\n<th>Mat\u00e9riel<\/th>\n<td>Verre<\/td>\n<\/tr>\n<tr>\n<th>Taille<\/th>\n<td>3.2*4.7 cm<br \/>\n4*5,2 cm<br \/>\n4,6\u00d75,5 cm<\/td>\n<\/tr>\n<tr>\n<th>Capacit\u00e9<\/th>\n<td>20 g<br \/>\n30 g<br \/>\n50 g<\/td>\n<\/tr>\n<tr>\n<th>Couleur<\/th>\n<td>Noir<\/td>\n<\/tr>\n<tr>\n<th>Couvercle<\/th>\n<td>Plastique<\/td>\n<\/tr>\n<tr>\n<th>Utilisation<\/th>\n<td>Cr\u00e8me pour le visage Cosm\u00e9tique<br \/>\nCr\u00e8me pour les yeux pour soin de la peau<\/td>\n<\/tr>\n<\/tbody>\n<\/table>\n<p>Le pot en verre givr\u00e9 pour cr\u00e8me est fabriqu\u00e9 \u00e0 partir de verre brut de qualit\u00e9 alimentaire, non toxique, sans BPA, \u00e9cologique et sain, et peut \u00eatre r\u00e9utilis\u00e9. Bonne \u00e9tanch\u00e9it\u00e9, anti-fuite, s\u00e9curit\u00e9 et normes de qualit\u00e9, prot\u00e9gez vos produits de beaut\u00e9 faits maison pr\u00e9f\u00e9r\u00e9s de la volatilisation. Id\u00e9al pour \u00e9chantillonner ou stocker des ombres \u00e0 paupi\u00e8res, du maquillage, des flacons premium, des baumes \u00e0 l\u00e8vres, des cr\u00e8mes pour le visage et d'autres cosm\u00e9tiques.<\/p>","protected":false},"featured_media":994216,"comment_status":"open","ping_status":"closed","template":"","meta":{"_acf_changed":false},"product_brand":[],"product_cat":[613,636,591],"product_tag":[],"class_list":{"0":"post-994212","1":"product","2":"type-product","3":"status-publish","4":"has-post-thumbnail","6":"product_cat-beauty","7":"product_cat-wholesale-glass-cream-jar","8":"product_cat-glass-jar-manfacturer","10":"first","11":"instock","12":"shipping-taxable","13":"product-type-simple"},"acf":[],"yoast_head":"<!-- This site is optimized with the Yoast SEO plugin v26.7 - https:\/\/yoast.com\/wordpress\/plugins\/seo\/ -->\n<title>20g 30g 50g black uv glass cream jar with round cap - Reihey Glass<\/title>\n<meta name=\"robots\" content=\"index, follow, max-snippet:-1, max-image-preview:large, max-video-preview:-1\" \/>\n<link rel=\"canonical\" href=\"https:\/\/reihey.com\/fr\/product\/20g-30g-50g-black-uv-glass-cream-jar-with-round-cap\/\" \/>\n<meta property=\"og:locale\" content=\"fr_FR\" \/>\n<meta property=\"og:type\" content=\"article\" \/>\n<meta property=\"og:title\" content=\"20g 30g 50g black uv glass cream jar with round cap - Reihey Glass\" \/>\n<meta property=\"og:description\" content=\"Material Size Capacity Color Lid Usage   Glass 3.2*4.7cm 20g Black Plastic Cosmetic face cream    4*5.2cm 30g   Skincare eye cream    4.6*5.5cm 50g          Material Glass   Size 3.2*4.7cm 4*5.2cm 4.6*5.5cm   Capacity 20g 30g 50g   Color Black   Lid Plastic   Usage Cosmetic face cream Skincare eye cream    The frosted glass cream jar is made of food-grade glass raw material, non-toxic, BPA-free, environmentally friendly and healthy, and can be reused. Good sealing performance, leak-proof, safety and quality standards, protect your favorite homemade beauty products from volatilization. Ideal for sampling or storing eye shadows, makeup, premium vials, lip balms, face creams, and other cosmetics.\" \/>\n<meta property=\"og:url\" content=\"https:\/\/reihey.com\/fr\/product\/20g-30g-50g-black-uv-glass-cream-jar-with-round-cap\/\" \/>\n<meta property=\"og:site_name\" content=\"Reihey Glass\" \/>\n<meta property=\"article:modified_time\" content=\"2025-10-28T07:57:41+00:00\" \/>\n<meta property=\"og:image\" content=\"https:\/\/reihey.com\/wp-content\/uploads\/2025\/09\/\u4e3b\u56fe-06-2-300x300-1.jpg\" \/>\n\t<meta property=\"og:image:width\" content=\"300\" \/>\n\t<meta property=\"og:image:height\" content=\"300\" \/>\n\t<meta property=\"og:image:type\" content=\"image\/jpeg\" \/>\n<meta name=\"twitter:card\" content=\"summary_large_image\" \/>\n<meta name=\"twitter:label1\" content=\"Est. reading time\" \/>\n\t<meta name=\"twitter:data1\" content=\"1 minute\" \/>\n<script type=\"application\/ld+json\" class=\"yoast-schema-graph\">{\"@context\":\"https:\/\/schema.org\",\"@graph\":[{\"@type\":\"WebPage\",\"@id\":\"https:\/\/reihey.com\/product\/20g-30g-50g-black-uv-glass-cream-jar-with-round-cap\/\",\"url\":\"https:\/\/reihey.com\/product\/20g-30g-50g-black-uv-glass-cream-jar-with-round-cap\/\",\"name\":\"20g 30g 50g black uv glass cream jar with round cap - Reihey Glass\",\"isPartOf\":{\"@id\":\"https:\/\/reihey.com\/#website\"},\"primaryImageOfPage\":{\"@id\":\"https:\/\/reihey.com\/product\/20g-30g-50g-black-uv-glass-cream-jar-with-round-cap\/#primaryimage\"},\"image\":{\"@id\":\"https:\/\/reihey.com\/product\/20g-30g-50g-black-uv-glass-cream-jar-with-round-cap\/#primaryimage\"},\"thumbnailUrl\":\"https:\/\/reihey.com\/wp-content\/uploads\/2025\/09\/\u4e3b\u56fe-06-2-300x300-1.jpg\",\"datePublished\":\"2025-09-02T06:45:06+00:00\",\"dateModified\":\"2025-10-28T07:57:41+00:00\",\"breadcrumb\":{\"@id\":\"https:\/\/reihey.com\/product\/20g-30g-50g-black-uv-glass-cream-jar-with-round-cap\/#breadcrumb\"},\"inLanguage\":\"fr-FR\",\"potentialAction\":[{\"@type\":\"ReadAction\",\"target\":[\"https:\/\/reihey.com\/product\/20g-30g-50g-black-uv-glass-cream-jar-with-round-cap\/\"]}]},{\"@type\":\"ImageObject\",\"inLanguage\":\"fr-FR\",\"@id\":\"https:\/\/reihey.com\/product\/20g-30g-50g-black-uv-glass-cream-jar-with-round-cap\/#primaryimage\",\"url\":\"https:\/\/reihey.com\/wp-content\/uploads\/2025\/09\/\u4e3b\u56fe-06-2-300x300-1.jpg\",\"contentUrl\":\"https:\/\/reihey.com\/wp-content\/uploads\/2025\/09\/\u4e3b\u56fe-06-2-300x300-1.jpg\",\"width\":300,\"height\":300},{\"@type\":\"BreadcrumbList\",\"@id\":\"https:\/\/reihey.com\/product\/20g-30g-50g-black-uv-glass-cream-jar-with-round-cap\/#breadcrumb\",\"itemListElement\":[{\"@type\":\"ListItem\",\"position\":1,\"name\":\"Home\",\"item\":\"https:\/\/reihey.com\/\"},{\"@type\":\"ListItem\",\"position\":2,\"name\":\"Shop\",\"item\":\"https:\/\/reihey.com\/shop\/\"},{\"@type\":\"ListItem\",\"position\":3,\"name\":\"20g 30g 50g black uv glass cream jar with round cap\"}]},{\"@type\":\"WebSite\",\"@id\":\"https:\/\/reihey.com\/#website\",\"url\":\"https:\/\/reihey.com\/\",\"name\":\"Reihey Glass\",\"description\":\"\",\"publisher\":{\"@id\":\"https:\/\/reihey.com\/#organization\"},\"potentialAction\":[{\"@type\":\"SearchAction\",\"target\":{\"@type\":\"EntryPoint\",\"urlTemplate\":\"https:\/\/reihey.com\/?s={search_term_string}\"},\"query-input\":{\"@type\":\"PropertyValueSpecification\",\"valueRequired\":true,\"valueName\":\"search_term_string\"}}],\"inLanguage\":\"fr-FR\"},{\"@type\":\"Organization\",\"@id\":\"https:\/\/reihey.com\/#organization\",\"name\":\"Reihey Glass\",\"url\":\"https:\/\/reihey.com\/\",\"logo\":{\"@type\":\"ImageObject\",\"inLanguage\":\"fr-FR\",\"@id\":\"https:\/\/reihey.com\/#\/schema\/logo\/image\/\",\"url\":\"https:\/\/reihey.com\/wp-content\/uploads\/2023\/07\/Reihey-logo-2026.svg\",\"contentUrl\":\"https:\/\/reihey.com\/wp-content\/uploads\/2023\/07\/Reihey-logo-2026.svg\",\"width\":1984,\"height\":566,\"caption\":\"Reihey Glass\"},\"image\":{\"@id\":\"https:\/\/reihey.com\/#\/schema\/logo\/image\/\"}}]}<\/script>\n<!-- \/ Yoast SEO plugin. -->","yoast_head_json":{"title":"20g 30g 50g pot en verre UV noir avec bouchon rond - Reihey Glass","robots":{"index":"index","follow":"follow","max-snippet":"max-snippet:-1","max-image-preview":"max-image-preview:large","max-video-preview":"max-video-preview:-1"},"canonical":"https:\/\/reihey.com\/fr\/product\/20g-30g-50g-black-uv-glass-cream-jar-with-round-cap\/","og_locale":"fr_FR","og_type":"article","og_title":"20g 30g 50g black uv glass cream jar with round cap - Reihey Glass","og_description":"Material Size Capacity Color Lid Usage   Glass 3.2*4.7cm 20g Black Plastic Cosmetic face cream    4*5.2cm 30g   Skincare eye cream    4.6*5.5cm 50g          Material Glass   Size 3.2*4.7cm 4*5.2cm 4.6*5.5cm   Capacity 20g 30g 50g   Color Black   Lid Plastic   Usage Cosmetic face cream Skincare eye cream    The frosted glass cream jar is made of food-grade glass raw material, non-toxic, BPA-free, environmentally friendly and healthy, and can be reused. Good sealing performance, leak-proof, safety and quality standards, protect your favorite homemade beauty products from volatilization. Ideal for sampling or storing eye shadows, makeup, premium vials, lip balms, face creams, and other cosmetics.","og_url":"https:\/\/reihey.com\/fr\/product\/20g-30g-50g-black-uv-glass-cream-jar-with-round-cap\/","og_site_name":"Reihey Glass","article_modified_time":"2025-10-28T07:57:41+00:00","og_image":[{"width":300,"height":300,"url":"https:\/\/reihey.com\/wp-content\/uploads\/2025\/09\/\u4e3b\u56fe-06-2-300x300-1.jpg","type":"image\/jpeg"}],"twitter_card":"summary_large_image","twitter_misc":{"Est. reading time":"1 minute"},"schema":{"@context":"https:\/\/schema.org","@graph":[{"@type":"WebPage","@id":"https:\/\/reihey.com\/product\/20g-30g-50g-black-uv-glass-cream-jar-with-round-cap\/","url":"https:\/\/reihey.com\/product\/20g-30g-50g-black-uv-glass-cream-jar-with-round-cap\/","name":"20g 30g 50g pot en verre UV noir avec bouchon rond - Reihey Glass","isPartOf":{"@id":"https:\/\/reihey.com\/#website"},"primaryImageOfPage":{"@id":"https:\/\/reihey.com\/product\/20g-30g-50g-black-uv-glass-cream-jar-with-round-cap\/#primaryimage"},"image":{"@id":"https:\/\/reihey.com\/product\/20g-30g-50g-black-uv-glass-cream-jar-with-round-cap\/#primaryimage"},"thumbnailUrl":"https:\/\/reihey.com\/wp-content\/uploads\/2025\/09\/\u4e3b\u56fe-06-2-300x300-1.jpg","datePublished":"2025-09-02T06:45:06+00:00","dateModified":"2025-10-28T07:57:41+00:00","breadcrumb":{"@id":"https:\/\/reihey.com\/product\/20g-30g-50g-black-uv-glass-cream-jar-with-round-cap\/#breadcrumb"},"inLanguage":"fr-FR","potentialAction":[{"@type":"ReadAction","target":["https:\/\/reihey.com\/product\/20g-30g-50g-black-uv-glass-cream-jar-with-round-cap\/"]}]},{"@type":"ImageObject","inLanguage":"fr-FR","@id":"https:\/\/reihey.com\/product\/20g-30g-50g-black-uv-glass-cream-jar-with-round-cap\/#primaryimage","url":"https:\/\/reihey.com\/wp-content\/uploads\/2025\/09\/\u4e3b\u56fe-06-2-300x300-1.jpg","contentUrl":"https:\/\/reihey.com\/wp-content\/uploads\/2025\/09\/\u4e3b\u56fe-06-2-300x300-1.jpg","width":300,"height":300},{"@type":"BreadcrumbList","@id":"https:\/\/reihey.com\/product\/20g-30g-50g-black-uv-glass-cream-jar-with-round-cap\/#breadcrumb","itemListElement":[{"@type":"ListItem","position":1,"name":"Home","item":"https:\/\/reihey.com\/"},{"@type":"ListItem","position":2,"name":"Shop","item":"https:\/\/reihey.com\/shop\/"},{"@type":"ListItem","position":3,"name":"20g 30g 50g black uv glass cream jar with round cap"}]},{"@type":"WebSite","@id":"https:\/\/reihey.com\/#website","url":"https:\/\/reihey.com\/","name":"Verre Reiheney","description":"","publisher":{"@id":"https:\/\/reihey.com\/#organization"},"potentialAction":[{"@type":"SearchAction","target":{"@type":"EntryPoint","urlTemplate":"https:\/\/reihey.com\/?s={search_term_string}"},"query-input":{"@type":"PropertyValueSpecification","valueRequired":true,"valueName":"search_term_string"}}],"inLanguage":"fr-FR"},{"@type":"Organization","@id":"https:\/\/reihey.com\/#organization","name":"Verre Reiheney","url":"https:\/\/reihey.com\/","logo":{"@type":"ImageObject","inLanguage":"fr-FR","@id":"https:\/\/reihey.com\/#\/schema\/logo\/image\/","url":"https:\/\/reihey.com\/wp-content\/uploads\/2023\/07\/Reihey-logo-2026.svg","contentUrl":"https:\/\/reihey.com\/wp-content\/uploads\/2023\/07\/Reihey-logo-2026.svg","width":1984,"height":566,"caption":"Reihey Glass"},"image":{"@id":"https:\/\/reihey.com\/#\/schema\/logo\/image\/"}}]}},"_links":{"self":[{"href":"https:\/\/reihey.com\/fr\/wp-json\/wp\/v2\/product\/994212","targetHints":{"allow":["GET"]}}],"collection":[{"href":"https:\/\/reihey.com\/fr\/wp-json\/wp\/v2\/product"}],"about":[{"href":"https:\/\/reihey.com\/fr\/wp-json\/wp\/v2\/types\/product"}],"replies":[{"embeddable":true,"href":"https:\/\/reihey.com\/fr\/wp-json\/wp\/v2\/comments?post=994212"}],"version-history":[{"count":5,"href":"https:\/\/reihey.com\/fr\/wp-json\/wp\/v2\/product\/994212\/revisions"}],"predecessor-version":[{"id":997749,"href":"https:\/\/reihey.com\/fr\/wp-json\/wp\/v2\/product\/994212\/revisions\/997749"}],"wp:featuredmedia":[{"embeddable":true,"href":"https:\/\/reihey.com\/fr\/wp-json\/wp\/v2\/media\/994216"}],"wp:attachment":[{"href":"https:\/\/reihey.com\/fr\/wp-json\/wp\/v2\/media?parent=994212"}],"wp:term":[{"taxonomy":"product_brand","embeddable":true,"href":"https:\/\/reihey.com\/fr\/wp-json\/wp\/v2\/product_brand?post=994212"},{"taxonomy":"product_cat","embeddable":true,"href":"https:\/\/reihey.com\/fr\/wp-json\/wp\/v2\/product_cat?post=994212"},{"taxonomy":"product_tag","embeddable":true,"href":"https:\/\/reihey.com\/fr\/wp-json\/wp\/v2\/product_tag?post=994212"}],"curies":[{"name":"wp","href":"https:\/\/api.w.org\/{rel}","templated":true}]}}