{"id":992534,"date":"2025-08-27T11:32:20","date_gmt":"2025-08-27T11:32:20","guid":{"rendered":"https:\/\/slot71.silverline.dev\/?post_type=product&#038;p=992534"},"modified":"2025-10-28T11:56:37","modified_gmt":"2025-10-28T11:56:37","slug":"custom-1-3-5-minutes-sand-timer-hourglass-creative-conjoined-wooden-hourglass-3","status":"publish","type":"product","link":"https:\/\/reihey.com\/fr\/product\/custom-1-3-5-minutes-sand-timer-hourglass-creative-conjoined-wooden-hourglass-3\/","title":{"rendered":"sablier personnalis\u00e9 1\/ 3\/ 5 minutes cr\u00e9atif Conjur\u00e9 sablier en bois"},"content":{"rendered":"","protected":false},"excerpt":{"rendered":"<table class=\"desk-tab\">\n<tbody>\n<tr>\n<th>Mat\u00e9riel<\/th>\n<th>Taille<\/th>\n<th>Forme<\/th>\n<th>Temps<\/th>\n<th>Couleur du sable<\/th>\n<th>Utilisation<\/th>\n<th>Conditionnement<\/th>\n<\/tr>\n<tr>\n<td>verre borosilicate \u00e9lev\u00e9<\/td>\n<td>70*70*120mm<\/td>\n<td>Cylindrique<\/td>\n<td>1min<\/td>\n<td>Bienvenue Personnalis\u00e9<\/td>\n<td>Chronom\u00e9trage<\/td>\n<td>Carton d\u2019exportation standard\u2013Xpcs\/bo\u00eete, Ybox\/carton.<\/td>\n<\/tr>\n<tr>\n<td>Sable<\/td>\n<td><\/td>\n<td><\/td>\n<td>3min<\/td>\n<td>Laissez Votre Logo Unique.<\/td>\n<td><\/td>\n<td>Pack personnalis\u00e9 : bo\u00eete blanche avec votre logo, bo\u00eete cadeau couleur avec votre logo<\/td>\n<\/tr>\n<tr>\n<td>Bois<\/td>\n<td><\/td>\n<td><\/td>\n<td>5min<\/td>\n<td><\/td>\n<td><\/td>\n<td><\/td>\n<\/tr>\n<\/tbody>\n<\/table>\n<table class=\"mob-tab\">\n<tbody>\n<tr>\n<th>Mat\u00e9riel<\/th>\n<td>Verre borosilicat haute teneur + sable + bois<\/td>\n<\/tr>\n<tr>\n<th>Taille<\/th>\n<td>70*70*120mm<\/td>\n<\/tr>\n<tr>\n<th>Forme<\/th>\n<td>Cylindrique<\/td>\n<\/tr>\n<tr>\n<th>Temps<\/th>\n<td>1min,<br \/>\n3min,<br \/>\n5min<\/td>\n<\/tr>\n<tr>\n<th>Couleur du sable<\/th>\n<td>Bienvenue Personnalis\u00e9,<br \/>\nLaissez Votre Logo Unique.<\/td>\n<\/tr>\n<tr>\n<th>Utilisation<\/th>\n<td>Chronom\u00e9trage<\/td>\n<\/tr>\n<tr>\n<th>Conditionnement<\/th>\n<td>Carton d\u2019exportation standard\u2013Xpcs\/bo\u00eete, Ybox\/carton.<br \/>\nPack personnalis\u00e9 : bo\u00eete blanche avec votre logo, bo\u00eete cadeau couleur avec votre logo<\/td>\n<\/tr>\n<\/tbody>\n<\/table>\n<p><strong>\u00c0 propos de cet article<\/strong><br \/>\n1.PREFECT TEA TIMER HOURGLASS: The tea sand timer offers 1 minutes, 3 minutes and 5 minutes. It allows you to make tea or coffee at different times, depending on the taste. It makes you feel different when you drikng it. 2.PRECISE TIME: The tea sand clock has achived to the highest quality \u00b110% industry standard in the USA. The sandglass can make your afternoon tea time relaxing and enjoyable, allowing you to make exactly the tea you want. 3.GREAT DECORATIVE &amp; VALUE GIFTS: The personalized sand timer set comes with a beautiful box,you can order as a gift to your family or friend. And it\u2019s bound to amaze and impress your friends 4.HOURGLASS TIMER MATERIAL : Our sturdy and durable sand timers are made of durable wood, instead of cheap plastic,not easy to break.<\/p>","protected":false},"featured_media":991553,"comment_status":"closed","ping_status":"closed","template":"","meta":{"_acf_changed":false},"product_brand":[],"product_cat":[632,599],"product_tag":[],"class_list":{"0":"post-992534","1":"product","2":"type-product","3":"status-publish","4":"has-post-thumbnail","6":"product_cat-home-decor","7":"product_cat-hourglass","9":"first","10":"instock","11":"shipping-taxable","12":"product-type-simple"},"acf":[],"yoast_head":"<!-- This site is optimized with the Yoast SEO plugin v26.7 - https:\/\/yoast.com\/wordpress\/plugins\/seo\/ -->\n<title>custom 1\/ 3\/ 5 minutes sand timer hourglass creative Conjoined wooden hourglass - Reihey Glass<\/title>\n<meta name=\"robots\" content=\"index, follow, max-snippet:-1, max-image-preview:large, max-video-preview:-1\" \/>\n<link rel=\"canonical\" href=\"https:\/\/reihey.com\/fr\/product\/custom-1-3-5-minutes-sand-timer-hourglass-creative-conjoined-wooden-hourglass-3\/\" \/>\n<meta property=\"og:locale\" content=\"fr_FR\" \/>\n<meta property=\"og:type\" content=\"article\" \/>\n<meta property=\"og:title\" content=\"custom 1\/ 3\/ 5 minutes sand timer hourglass creative Conjoined wooden hourglass - Reihey Glass\" \/>\n<meta property=\"og:description\" content=\"Material Size Shape Time Sand Color Usage Packing   High Borosilicate Glass 70*70*120mm Cylindrical 1min Welcome Customized Timing Standard export carton--Xpcs\/box, Ybox\/carton.   Sand   3min Let Your Logo Unique.  Custom pack: white box with your logo, Color gift box with your logo   Wood   5min          Material High Borosilicate Glass + Sand + Wood   Size 70*70*120mm   Shape Cylindrical   Time 1min, 3min, 5min   Sand Color Welcome Customized, Let Your Logo Unique.   Usage Timing   Packing Standard export carton--Xpcs\/box, Ybox\/carton. Custom pack: white box with your logo, Color gift box with your logo    About this item 1.PREFECT TEA TIMER HOURGLASS: The tea sand timer offers 1 minutes, 3 minutes and 5 minutes. It allows you to make tea or coffee at different times, depending on the taste. It makes you feel different when you drikng it. 2.PRECISE TIME: The tea sand clock has achived to the highest quality \u00b110% industry standard in the USA. The sandglass can make your afternoon tea time relaxing and enjoyable, allowing you to make exactly the tea you want. 3.GREAT DECORATIVE &amp; VALUE GIFTS: The personalized sand timer set comes with a beautiful box,you can order as a gift to your family or friend. And it&#039;s bound to amaze and impress your friends 4.HOURGLASS TIMER MATERIAL : Our sturdy and durable sand timers are made of durable wood, instead of cheap plastic,not easy to break.\" \/>\n<meta property=\"og:url\" content=\"https:\/\/reihey.com\/fr\/product\/custom-1-3-5-minutes-sand-timer-hourglass-creative-conjoined-wooden-hourglass-3\/\" \/>\n<meta property=\"og:site_name\" content=\"Reihey Glass\" \/>\n<meta property=\"article:modified_time\" content=\"2025-10-28T11:56:37+00:00\" \/>\n<meta property=\"og:image\" content=\"https:\/\/reihey.com\/wp-content\/uploads\/2025\/08\/Hourglass-1-3.png\" \/>\n\t<meta property=\"og:image:width\" content=\"800\" \/>\n\t<meta property=\"og:image:height\" content=\"800\" \/>\n\t<meta property=\"og:image:type\" content=\"image\/png\" \/>\n<meta name=\"twitter:card\" content=\"summary_large_image\" \/>\n<meta name=\"twitter:label1\" content=\"Est. reading time\" \/>\n\t<meta name=\"twitter:data1\" content=\"1 minute\" \/>\n<script type=\"application\/ld+json\" class=\"yoast-schema-graph\">{\"@context\":\"https:\/\/schema.org\",\"@graph\":[{\"@type\":\"WebPage\",\"@id\":\"https:\/\/reihey.com\/product\/custom-1-3-5-minutes-sand-timer-hourglass-creative-conjoined-wooden-hourglass-3\/\",\"url\":\"https:\/\/reihey.com\/product\/custom-1-3-5-minutes-sand-timer-hourglass-creative-conjoined-wooden-hourglass-3\/\",\"name\":\"custom 1\/ 3\/ 5 minutes sand timer hourglass creative Conjoined wooden hourglass - Reihey Glass\",\"isPartOf\":{\"@id\":\"https:\/\/reihey.com\/#website\"},\"primaryImageOfPage\":{\"@id\":\"https:\/\/reihey.com\/product\/custom-1-3-5-minutes-sand-timer-hourglass-creative-conjoined-wooden-hourglass-3\/#primaryimage\"},\"image\":{\"@id\":\"https:\/\/reihey.com\/product\/custom-1-3-5-minutes-sand-timer-hourglass-creative-conjoined-wooden-hourglass-3\/#primaryimage\"},\"thumbnailUrl\":\"https:\/\/reihey.com\/wp-content\/uploads\/2025\/08\/Hourglass-1-3.png\",\"datePublished\":\"2025-08-27T11:32:20+00:00\",\"dateModified\":\"2025-10-28T11:56:37+00:00\",\"breadcrumb\":{\"@id\":\"https:\/\/reihey.com\/product\/custom-1-3-5-minutes-sand-timer-hourglass-creative-conjoined-wooden-hourglass-3\/#breadcrumb\"},\"inLanguage\":\"fr-FR\",\"potentialAction\":[{\"@type\":\"ReadAction\",\"target\":[\"https:\/\/reihey.com\/product\/custom-1-3-5-minutes-sand-timer-hourglass-creative-conjoined-wooden-hourglass-3\/\"]}]},{\"@type\":\"ImageObject\",\"inLanguage\":\"fr-FR\",\"@id\":\"https:\/\/reihey.com\/product\/custom-1-3-5-minutes-sand-timer-hourglass-creative-conjoined-wooden-hourglass-3\/#primaryimage\",\"url\":\"https:\/\/reihey.com\/wp-content\/uploads\/2025\/08\/Hourglass-1-3.png\",\"contentUrl\":\"https:\/\/reihey.com\/wp-content\/uploads\/2025\/08\/Hourglass-1-3.png\",\"width\":800,\"height\":800},{\"@type\":\"BreadcrumbList\",\"@id\":\"https:\/\/reihey.com\/product\/custom-1-3-5-minutes-sand-timer-hourglass-creative-conjoined-wooden-hourglass-3\/#breadcrumb\",\"itemListElement\":[{\"@type\":\"ListItem\",\"position\":1,\"name\":\"Home\",\"item\":\"https:\/\/reihey.com\/\"},{\"@type\":\"ListItem\",\"position\":2,\"name\":\"Shop\",\"item\":\"https:\/\/reihey.com\/shop\/\"},{\"@type\":\"ListItem\",\"position\":3,\"name\":\"custom 1\/ 3\/ 5 minutes sand timer hourglass creative Conjoined wooden hourglass\"}]},{\"@type\":\"WebSite\",\"@id\":\"https:\/\/reihey.com\/#website\",\"url\":\"https:\/\/reihey.com\/\",\"name\":\"Reihey Glass\",\"description\":\"\",\"publisher\":{\"@id\":\"https:\/\/reihey.com\/#organization\"},\"potentialAction\":[{\"@type\":\"SearchAction\",\"target\":{\"@type\":\"EntryPoint\",\"urlTemplate\":\"https:\/\/reihey.com\/?s={search_term_string}\"},\"query-input\":{\"@type\":\"PropertyValueSpecification\",\"valueRequired\":true,\"valueName\":\"search_term_string\"}}],\"inLanguage\":\"fr-FR\"},{\"@type\":\"Organization\",\"@id\":\"https:\/\/reihey.com\/#organization\",\"name\":\"Reihey Glass\",\"url\":\"https:\/\/reihey.com\/\",\"logo\":{\"@type\":\"ImageObject\",\"inLanguage\":\"fr-FR\",\"@id\":\"https:\/\/reihey.com\/#\/schema\/logo\/image\/\",\"url\":\"https:\/\/reihey.com\/wp-content\/uploads\/2023\/07\/Reihey-logo-2026.svg\",\"contentUrl\":\"https:\/\/reihey.com\/wp-content\/uploads\/2023\/07\/Reihey-logo-2026.svg\",\"width\":1984,\"height\":566,\"caption\":\"Reihey Glass\"},\"image\":{\"@id\":\"https:\/\/reihey.com\/#\/schema\/logo\/image\/\"}}]}<\/script>\n<!-- \/ Yoast SEO plugin. -->","yoast_head_json":{"title":"sablier d\u00e9coratif 1\/ 3\/ 5 minutes sable conjugu\u00e9 en bois - Reihey Glass","robots":{"index":"index","follow":"follow","max-snippet":"max-snippet:-1","max-image-preview":"max-image-preview:large","max-video-preview":"max-video-preview:-1"},"canonical":"https:\/\/reihey.com\/fr\/product\/custom-1-3-5-minutes-sand-timer-hourglass-creative-conjoined-wooden-hourglass-3\/","og_locale":"fr_FR","og_type":"article","og_title":"custom 1\/ 3\/ 5 minutes sand timer hourglass creative Conjoined wooden hourglass - Reihey Glass","og_description":"Material Size Shape Time Sand Color Usage Packing   High Borosilicate Glass 70*70*120mm Cylindrical 1min Welcome Customized Timing Standard export carton--Xpcs\/box, Ybox\/carton.   Sand   3min Let Your Logo Unique.  Custom pack: white box with your logo, Color gift box with your logo   Wood   5min          Material High Borosilicate Glass + Sand + Wood   Size 70*70*120mm   Shape Cylindrical   Time 1min, 3min, 5min   Sand Color Welcome Customized, Let Your Logo Unique.   Usage Timing   Packing Standard export carton--Xpcs\/box, Ybox\/carton. Custom pack: white box with your logo, Color gift box with your logo    About this item 1.PREFECT TEA TIMER HOURGLASS: The tea sand timer offers 1 minutes, 3 minutes and 5 minutes. It allows you to make tea or coffee at different times, depending on the taste. It makes you feel different when you drikng it. 2.PRECISE TIME: The tea sand clock has achived to the highest quality \u00b110% industry standard in the USA. The sandglass can make your afternoon tea time relaxing and enjoyable, allowing you to make exactly the tea you want. 3.GREAT DECORATIVE &amp; VALUE GIFTS: The personalized sand timer set comes with a beautiful box,you can order as a gift to your family or friend. And it's bound to amaze and impress your friends 4.HOURGLASS TIMER MATERIAL : Our sturdy and durable sand timers are made of durable wood, instead of cheap plastic,not easy to break.","og_url":"https:\/\/reihey.com\/fr\/product\/custom-1-3-5-minutes-sand-timer-hourglass-creative-conjoined-wooden-hourglass-3\/","og_site_name":"Reihey Glass","article_modified_time":"2025-10-28T11:56:37+00:00","og_image":[{"width":800,"height":800,"url":"https:\/\/reihey.com\/wp-content\/uploads\/2025\/08\/Hourglass-1-3.png","type":"image\/png"}],"twitter_card":"summary_large_image","twitter_misc":{"Est. reading time":"1 minute"},"schema":{"@context":"https:\/\/schema.org","@graph":[{"@type":"WebPage","@id":"https:\/\/reihey.com\/product\/custom-1-3-5-minutes-sand-timer-hourglass-creative-conjoined-wooden-hourglass-3\/","url":"https:\/\/reihey.com\/product\/custom-1-3-5-minutes-sand-timer-hourglass-creative-conjoined-wooden-hourglass-3\/","name":"sablier d\u00e9coratif 1\/ 3\/ 5 minutes sable conjugu\u00e9 en bois - Reihey Glass","isPartOf":{"@id":"https:\/\/reihey.com\/#website"},"primaryImageOfPage":{"@id":"https:\/\/reihey.com\/product\/custom-1-3-5-minutes-sand-timer-hourglass-creative-conjoined-wooden-hourglass-3\/#primaryimage"},"image":{"@id":"https:\/\/reihey.com\/product\/custom-1-3-5-minutes-sand-timer-hourglass-creative-conjoined-wooden-hourglass-3\/#primaryimage"},"thumbnailUrl":"https:\/\/reihey.com\/wp-content\/uploads\/2025\/08\/Hourglass-1-3.png","datePublished":"2025-08-27T11:32:20+00:00","dateModified":"2025-10-28T11:56:37+00:00","breadcrumb":{"@id":"https:\/\/reihey.com\/product\/custom-1-3-5-minutes-sand-timer-hourglass-creative-conjoined-wooden-hourglass-3\/#breadcrumb"},"inLanguage":"fr-FR","potentialAction":[{"@type":"ReadAction","target":["https:\/\/reihey.com\/product\/custom-1-3-5-minutes-sand-timer-hourglass-creative-conjoined-wooden-hourglass-3\/"]}]},{"@type":"ImageObject","inLanguage":"fr-FR","@id":"https:\/\/reihey.com\/product\/custom-1-3-5-minutes-sand-timer-hourglass-creative-conjoined-wooden-hourglass-3\/#primaryimage","url":"https:\/\/reihey.com\/wp-content\/uploads\/2025\/08\/Hourglass-1-3.png","contentUrl":"https:\/\/reihey.com\/wp-content\/uploads\/2025\/08\/Hourglass-1-3.png","width":800,"height":800},{"@type":"BreadcrumbList","@id":"https:\/\/reihey.com\/product\/custom-1-3-5-minutes-sand-timer-hourglass-creative-conjoined-wooden-hourglass-3\/#breadcrumb","itemListElement":[{"@type":"ListItem","position":1,"name":"Home","item":"https:\/\/reihey.com\/"},{"@type":"ListItem","position":2,"name":"Shop","item":"https:\/\/reihey.com\/shop\/"},{"@type":"ListItem","position":3,"name":"custom 1\/ 3\/ 5 minutes sand timer hourglass creative Conjoined wooden hourglass"}]},{"@type":"WebSite","@id":"https:\/\/reihey.com\/#website","url":"https:\/\/reihey.com\/","name":"Verre Reiheney","description":"","publisher":{"@id":"https:\/\/reihey.com\/#organization"},"potentialAction":[{"@type":"SearchAction","target":{"@type":"EntryPoint","urlTemplate":"https:\/\/reihey.com\/?s={search_term_string}"},"query-input":{"@type":"PropertyValueSpecification","valueRequired":true,"valueName":"search_term_string"}}],"inLanguage":"fr-FR"},{"@type":"Organization","@id":"https:\/\/reihey.com\/#organization","name":"Verre Reiheney","url":"https:\/\/reihey.com\/","logo":{"@type":"ImageObject","inLanguage":"fr-FR","@id":"https:\/\/reihey.com\/#\/schema\/logo\/image\/","url":"https:\/\/reihey.com\/wp-content\/uploads\/2023\/07\/Reihey-logo-2026.svg","contentUrl":"https:\/\/reihey.com\/wp-content\/uploads\/2023\/07\/Reihey-logo-2026.svg","width":1984,"height":566,"caption":"Reihey Glass"},"image":{"@id":"https:\/\/reihey.com\/#\/schema\/logo\/image\/"}}]}},"_links":{"self":[{"href":"https:\/\/reihey.com\/fr\/wp-json\/wp\/v2\/product\/992534","targetHints":{"allow":["GET"]}}],"collection":[{"href":"https:\/\/reihey.com\/fr\/wp-json\/wp\/v2\/product"}],"about":[{"href":"https:\/\/reihey.com\/fr\/wp-json\/wp\/v2\/types\/product"}],"replies":[{"embeddable":true,"href":"https:\/\/reihey.com\/fr\/wp-json\/wp\/v2\/comments?post=992534"}],"version-history":[{"count":4,"href":"https:\/\/reihey.com\/fr\/wp-json\/wp\/v2\/product\/992534\/revisions"}],"predecessor-version":[{"id":997864,"href":"https:\/\/reihey.com\/fr\/wp-json\/wp\/v2\/product\/992534\/revisions\/997864"}],"wp:featuredmedia":[{"embeddable":true,"href":"https:\/\/reihey.com\/fr\/wp-json\/wp\/v2\/media\/991553"}],"wp:attachment":[{"href":"https:\/\/reihey.com\/fr\/wp-json\/wp\/v2\/media?parent=992534"}],"wp:term":[{"taxonomy":"product_brand","embeddable":true,"href":"https:\/\/reihey.com\/fr\/wp-json\/wp\/v2\/product_brand?post=992534"},{"taxonomy":"product_cat","embeddable":true,"href":"https:\/\/reihey.com\/fr\/wp-json\/wp\/v2\/product_cat?post=992534"},{"taxonomy":"product_tag","embeddable":true,"href":"https:\/\/reihey.com\/fr\/wp-json\/wp\/v2\/product_tag?post=992534"}],"curies":[{"name":"wp","href":"https:\/\/api.w.org\/{rel}","templated":true}]}}