{"id":992381,"date":"2025-08-27T11:16:05","date_gmt":"2025-08-27T11:16:05","guid":{"rendered":"https:\/\/slot71.silverline.dev\/?post_type=product&#038;p=992381"},"modified":"2025-10-28T12:20:35","modified_gmt":"2025-10-28T12:20:35","slug":"400ml-800ml-1200ml-high-borosilicate-vacuumed-airtight-glass-food-jar","status":"publish","type":"product","link":"https:\/\/reihey.com\/fr\/product\/400ml-800ml-1200ml-high-borosilicate-vacuumed-airtight-glass-food-jar\/","title":{"rendered":"400 ml 800 ml 1200 ml High borosilicate vacuumed Airtight glass food jar"},"content":{"rendered":"","protected":false},"excerpt":{"rendered":"<table class=\"desk-tab\">\n<tbody>\n<tr>\n<th>Mat\u00e9riel<\/th>\n<th>Capacit\u00e9<\/th>\n<th>Couleur<\/th>\n<th>Couvercle<\/th>\n<th>Utilisation<\/th>\n<\/tr>\n<tr>\n<td>verre borosilicate \u00e9lev\u00e9<\/td>\n<td>400ml<\/td>\n<td>Clair<\/td>\n<td>Couvercle en plastique<\/td>\n<td>Stockage alimentaire<\/td>\n<\/tr>\n<tr>\n<td><\/td>\n<td>800ml<\/td>\n<td><\/td>\n<td><\/td>\n<td><\/td>\n<\/tr>\n<tr>\n<td><\/td>\n<td>1200ml<\/td>\n<td><\/td>\n<td><\/td>\n<td><\/td>\n<\/tr>\n<\/tbody>\n<\/table>\n<table class=\"mob-tab\">\n<tbody>\n<tr>\n<th>Mat\u00e9riel<\/th>\n<td>verre borosilicate \u00e9lev\u00e9<\/td>\n<\/tr>\n<tr>\n<th>Couleur<\/th>\n<td>Clair<\/td>\n<\/tr>\n<tr>\n<th>Capacit\u00e9<\/th>\n<td>400ml<br \/>\n800ml<br \/>\n1200ml<\/td>\n<\/tr>\n<tr>\n<th>Couvercle<\/th>\n<td>Couvercle en plastique<\/td>\n<\/tr>\n<tr>\n<th>Utilisation<\/th>\n<td>Stockage alimentaire<\/td>\n<\/tr>\n<\/tbody>\n<\/table>\n<p>Taille id\u00e9ale : Ces bocaux existent en capacit\u00e9s vari\u00e9es, r\u00e9pondant \u00e0 de multiples besoins de stockage. Ils sont parfaits pour les cuisines domestiques, les caf\u00e9s ou les environnements commerciaux. Utilisation polyvalente : Ces bocaux en verre conviennent pour stocker une large gamme d'aliments secs, notamment p\u00e2tes, c\u00e9r\u00e9ales, caf\u00e9, bonbons, biscuits, et bien plus. Leur design \u00e9l\u00e9gant apporte \u00e9galement une touche styl\u00e9e \u00e0 votre d\u00e9cor de cuisine. Conception conviviale : la forme cylindrique des bocaux et leur large ouverture permettent un remplissage et une r\u00e9cup\u00e9ration faciles des \u00e9l\u00e9ments stock\u00e9s. Ils sont aussi faciles \u00e0 nettoyer et entretenir. Respectueux de l'environnement : notre engagement envers la durabilit\u00e9 se manifeste par l'utilisation du verre pour ces bocaux. Le mat\u00e9riau est enti\u00e8rement recyclable, contribuant \u00e0 la conservation de l'environnement.<\/p>","protected":false},"featured_media":992382,"comment_status":"closed","ping_status":"closed","template":"","meta":{"_acf_changed":false},"product_brand":[],"product_cat":[639,591,632],"product_tag":[],"class_list":{"0":"post-992381","1":"product","2":"type-product","3":"status-publish","4":"has-post-thumbnail","6":"product_cat-wholesale-glass-food-storage-jar","7":"product_cat-glass-jar-manfacturer","8":"product_cat-home-decor","10":"first","11":"instock","12":"shipping-taxable","13":"product-type-simple"},"acf":[],"yoast_head":"<!-- This site is optimized with the Yoast SEO plugin v26.7 - https:\/\/yoast.com\/wordpress\/plugins\/seo\/ -->\n<title>400ml 800ml 1200ml High borosilicate vacuumed Airtight glass food jar - Reihey Glass<\/title>\n<meta name=\"robots\" content=\"index, follow, max-snippet:-1, max-image-preview:large, max-video-preview:-1\" \/>\n<link rel=\"canonical\" href=\"https:\/\/reihey.com\/fr\/product\/400ml-800ml-1200ml-high-borosilicate-vacuumed-airtight-glass-food-jar\/\" \/>\n<meta property=\"og:locale\" content=\"fr_FR\" \/>\n<meta property=\"og:type\" content=\"article\" \/>\n<meta property=\"og:title\" content=\"400ml 800ml 1200ml High borosilicate vacuumed Airtight glass food jar - Reihey Glass\" \/>\n<meta property=\"og:description\" content=\"Material Capacity Color Lid Usage   High Borosilicate Glass 400ml Clear Plastic Lid Food storage    800ml       1200ml          Material High Borosilicate Glass   Color Clear   Capacity 400ml 800ml 1200ml   Lid Plastic Lid   Usage Food storage    Ideal Size: These canisters come in varying capacities, catering to a multitude of storage requirements. They&#039;re perfect for home kitchens, cafes, or commercial settings. Versatile Use: These glass jars are ideal for storing a wide array of dry foods, including pasta, grains, coffee, candies, cookies, and more. Their elegant design also adds a stylish touch to your kitchen decor. User-Friendly Design: The canisters&#039; cylindrical shape and wide opening allow for easy filling and retrieval of stored items. They&#039;re also easy to clean and maintain. Eco-Friendly: Our commitment to sustainability is evident in the use of glass for these jars. The material is fully recyclable, contributing to environmental conservation.\" \/>\n<meta property=\"og:url\" content=\"https:\/\/reihey.com\/fr\/product\/400ml-800ml-1200ml-high-borosilicate-vacuumed-airtight-glass-food-jar\/\" \/>\n<meta property=\"og:site_name\" content=\"Reihey Glass\" \/>\n<meta property=\"article:modified_time\" content=\"2025-10-28T12:20:35+00:00\" \/>\n<meta property=\"og:image\" content=\"https:\/\/reihey.com\/wp-content\/uploads\/2025\/08\/\u4e3b\u56fe-06-7-1.jpg\" \/>\n\t<meta property=\"og:image:width\" content=\"800\" \/>\n\t<meta property=\"og:image:height\" content=\"800\" \/>\n\t<meta property=\"og:image:type\" content=\"image\/jpeg\" \/>\n<meta name=\"twitter:card\" content=\"summary_large_image\" \/>\n<script type=\"application\/ld+json\" class=\"yoast-schema-graph\">{\"@context\":\"https:\/\/schema.org\",\"@graph\":[{\"@type\":\"WebPage\",\"@id\":\"https:\/\/reihey.com\/product\/400ml-800ml-1200ml-high-borosilicate-vacuumed-airtight-glass-food-jar\/\",\"url\":\"https:\/\/reihey.com\/product\/400ml-800ml-1200ml-high-borosilicate-vacuumed-airtight-glass-food-jar\/\",\"name\":\"400ml 800ml 1200ml High borosilicate vacuumed Airtight glass food jar - Reihey Glass\",\"isPartOf\":{\"@id\":\"https:\/\/reihey.com\/#website\"},\"primaryImageOfPage\":{\"@id\":\"https:\/\/reihey.com\/product\/400ml-800ml-1200ml-high-borosilicate-vacuumed-airtight-glass-food-jar\/#primaryimage\"},\"image\":{\"@id\":\"https:\/\/reihey.com\/product\/400ml-800ml-1200ml-high-borosilicate-vacuumed-airtight-glass-food-jar\/#primaryimage\"},\"thumbnailUrl\":\"https:\/\/reihey.com\/wp-content\/uploads\/2025\/08\/\u4e3b\u56fe-06-7-1.jpg\",\"datePublished\":\"2025-08-27T11:16:05+00:00\",\"dateModified\":\"2025-10-28T12:20:35+00:00\",\"breadcrumb\":{\"@id\":\"https:\/\/reihey.com\/product\/400ml-800ml-1200ml-high-borosilicate-vacuumed-airtight-glass-food-jar\/#breadcrumb\"},\"inLanguage\":\"fr-FR\",\"potentialAction\":[{\"@type\":\"ReadAction\",\"target\":[\"https:\/\/reihey.com\/product\/400ml-800ml-1200ml-high-borosilicate-vacuumed-airtight-glass-food-jar\/\"]}]},{\"@type\":\"ImageObject\",\"inLanguage\":\"fr-FR\",\"@id\":\"https:\/\/reihey.com\/product\/400ml-800ml-1200ml-high-borosilicate-vacuumed-airtight-glass-food-jar\/#primaryimage\",\"url\":\"https:\/\/reihey.com\/wp-content\/uploads\/2025\/08\/\u4e3b\u56fe-06-7-1.jpg\",\"contentUrl\":\"https:\/\/reihey.com\/wp-content\/uploads\/2025\/08\/\u4e3b\u56fe-06-7-1.jpg\",\"width\":800,\"height\":800},{\"@type\":\"BreadcrumbList\",\"@id\":\"https:\/\/reihey.com\/product\/400ml-800ml-1200ml-high-borosilicate-vacuumed-airtight-glass-food-jar\/#breadcrumb\",\"itemListElement\":[{\"@type\":\"ListItem\",\"position\":1,\"name\":\"Home\",\"item\":\"https:\/\/reihey.com\/\"},{\"@type\":\"ListItem\",\"position\":2,\"name\":\"Shop\",\"item\":\"https:\/\/reihey.com\/shop\/\"},{\"@type\":\"ListItem\",\"position\":3,\"name\":\"400ml 800ml 1200ml High borosilicate vacuumed Airtight glass food jar\"}]},{\"@type\":\"WebSite\",\"@id\":\"https:\/\/reihey.com\/#website\",\"url\":\"https:\/\/reihey.com\/\",\"name\":\"Reihey Glass\",\"description\":\"\",\"publisher\":{\"@id\":\"https:\/\/reihey.com\/#organization\"},\"potentialAction\":[{\"@type\":\"SearchAction\",\"target\":{\"@type\":\"EntryPoint\",\"urlTemplate\":\"https:\/\/reihey.com\/?s={search_term_string}\"},\"query-input\":{\"@type\":\"PropertyValueSpecification\",\"valueRequired\":true,\"valueName\":\"search_term_string\"}}],\"inLanguage\":\"fr-FR\"},{\"@type\":\"Organization\",\"@id\":\"https:\/\/reihey.com\/#organization\",\"name\":\"Reihey Glass\",\"url\":\"https:\/\/reihey.com\/\",\"logo\":{\"@type\":\"ImageObject\",\"inLanguage\":\"fr-FR\",\"@id\":\"https:\/\/reihey.com\/#\/schema\/logo\/image\/\",\"url\":\"https:\/\/reihey.com\/wp-content\/uploads\/2023\/07\/Reihey-logo-2026.svg\",\"contentUrl\":\"https:\/\/reihey.com\/wp-content\/uploads\/2023\/07\/Reihey-logo-2026.svg\",\"width\":1984,\"height\":566,\"caption\":\"Reihey Glass\"},\"image\":{\"@id\":\"https:\/\/reihey.com\/#\/schema\/logo\/image\/\"}}]}<\/script>\n<!-- \/ Yoast SEO plugin. -->","yoast_head_json":{"title":"400ml 800ml 1200ml High borosilicate vacuumed Airtight glass food jar - Reihey Glass","robots":{"index":"index","follow":"follow","max-snippet":"max-snippet:-1","max-image-preview":"max-image-preview:large","max-video-preview":"max-video-preview:-1"},"canonical":"https:\/\/reihey.com\/fr\/product\/400ml-800ml-1200ml-high-borosilicate-vacuumed-airtight-glass-food-jar\/","og_locale":"fr_FR","og_type":"article","og_title":"400ml 800ml 1200ml High borosilicate vacuumed Airtight glass food jar - Reihey Glass","og_description":"Material Capacity Color Lid Usage   High Borosilicate Glass 400ml Clear Plastic Lid Food storage    800ml       1200ml          Material High Borosilicate Glass   Color Clear   Capacity 400ml 800ml 1200ml   Lid Plastic Lid   Usage Food storage    Ideal Size: These canisters come in varying capacities, catering to a multitude of storage requirements. They're perfect for home kitchens, cafes, or commercial settings. Versatile Use: These glass jars are ideal for storing a wide array of dry foods, including pasta, grains, coffee, candies, cookies, and more. Their elegant design also adds a stylish touch to your kitchen decor. User-Friendly Design: The canisters' cylindrical shape and wide opening allow for easy filling and retrieval of stored items. They're also easy to clean and maintain. Eco-Friendly: Our commitment to sustainability is evident in the use of glass for these jars. The material is fully recyclable, contributing to environmental conservation.","og_url":"https:\/\/reihey.com\/fr\/product\/400ml-800ml-1200ml-high-borosilicate-vacuumed-airtight-glass-food-jar\/","og_site_name":"Reihey Glass","article_modified_time":"2025-10-28T12:20:35+00:00","og_image":[{"width":800,"height":800,"url":"https:\/\/reihey.com\/wp-content\/uploads\/2025\/08\/\u4e3b\u56fe-06-7-1.jpg","type":"image\/jpeg"}],"twitter_card":"summary_large_image","schema":{"@context":"https:\/\/schema.org","@graph":[{"@type":"WebPage","@id":"https:\/\/reihey.com\/product\/400ml-800ml-1200ml-high-borosilicate-vacuumed-airtight-glass-food-jar\/","url":"https:\/\/reihey.com\/product\/400ml-800ml-1200ml-high-borosilicate-vacuumed-airtight-glass-food-jar\/","name":"400ml 800ml 1200ml High borosilicate vacuumed Airtight glass food jar - Reihey Glass","isPartOf":{"@id":"https:\/\/reihey.com\/#website"},"primaryImageOfPage":{"@id":"https:\/\/reihey.com\/product\/400ml-800ml-1200ml-high-borosilicate-vacuumed-airtight-glass-food-jar\/#primaryimage"},"image":{"@id":"https:\/\/reihey.com\/product\/400ml-800ml-1200ml-high-borosilicate-vacuumed-airtight-glass-food-jar\/#primaryimage"},"thumbnailUrl":"https:\/\/reihey.com\/wp-content\/uploads\/2025\/08\/\u4e3b\u56fe-06-7-1.jpg","datePublished":"2025-08-27T11:16:05+00:00","dateModified":"2025-10-28T12:20:35+00:00","breadcrumb":{"@id":"https:\/\/reihey.com\/product\/400ml-800ml-1200ml-high-borosilicate-vacuumed-airtight-glass-food-jar\/#breadcrumb"},"inLanguage":"fr-FR","potentialAction":[{"@type":"ReadAction","target":["https:\/\/reihey.com\/product\/400ml-800ml-1200ml-high-borosilicate-vacuumed-airtight-glass-food-jar\/"]}]},{"@type":"ImageObject","inLanguage":"fr-FR","@id":"https:\/\/reihey.com\/product\/400ml-800ml-1200ml-high-borosilicate-vacuumed-airtight-glass-food-jar\/#primaryimage","url":"https:\/\/reihey.com\/wp-content\/uploads\/2025\/08\/\u4e3b\u56fe-06-7-1.jpg","contentUrl":"https:\/\/reihey.com\/wp-content\/uploads\/2025\/08\/\u4e3b\u56fe-06-7-1.jpg","width":800,"height":800},{"@type":"BreadcrumbList","@id":"https:\/\/reihey.com\/product\/400ml-800ml-1200ml-high-borosilicate-vacuumed-airtight-glass-food-jar\/#breadcrumb","itemListElement":[{"@type":"ListItem","position":1,"name":"Home","item":"https:\/\/reihey.com\/"},{"@type":"ListItem","position":2,"name":"Shop","item":"https:\/\/reihey.com\/shop\/"},{"@type":"ListItem","position":3,"name":"400ml 800ml 1200ml High borosilicate vacuumed Airtight glass food jar"}]},{"@type":"WebSite","@id":"https:\/\/reihey.com\/#website","url":"https:\/\/reihey.com\/","name":"Verre Reiheney","description":"","publisher":{"@id":"https:\/\/reihey.com\/#organization"},"potentialAction":[{"@type":"SearchAction","target":{"@type":"EntryPoint","urlTemplate":"https:\/\/reihey.com\/?s={search_term_string}"},"query-input":{"@type":"PropertyValueSpecification","valueRequired":true,"valueName":"search_term_string"}}],"inLanguage":"fr-FR"},{"@type":"Organization","@id":"https:\/\/reihey.com\/#organization","name":"Verre Reiheney","url":"https:\/\/reihey.com\/","logo":{"@type":"ImageObject","inLanguage":"fr-FR","@id":"https:\/\/reihey.com\/#\/schema\/logo\/image\/","url":"https:\/\/reihey.com\/wp-content\/uploads\/2023\/07\/Reihey-logo-2026.svg","contentUrl":"https:\/\/reihey.com\/wp-content\/uploads\/2023\/07\/Reihey-logo-2026.svg","width":1984,"height":566,"caption":"Reihey Glass"},"image":{"@id":"https:\/\/reihey.com\/#\/schema\/logo\/image\/"}}]}},"_links":{"self":[{"href":"https:\/\/reihey.com\/fr\/wp-json\/wp\/v2\/product\/992381","targetHints":{"allow":["GET"]}}],"collection":[{"href":"https:\/\/reihey.com\/fr\/wp-json\/wp\/v2\/product"}],"about":[{"href":"https:\/\/reihey.com\/fr\/wp-json\/wp\/v2\/types\/product"}],"replies":[{"embeddable":true,"href":"https:\/\/reihey.com\/fr\/wp-json\/wp\/v2\/comments?post=992381"}],"version-history":[{"count":3,"href":"https:\/\/reihey.com\/fr\/wp-json\/wp\/v2\/product\/992381\/revisions"}],"predecessor-version":[{"id":997925,"href":"https:\/\/reihey.com\/fr\/wp-json\/wp\/v2\/product\/992381\/revisions\/997925"}],"wp:featuredmedia":[{"embeddable":true,"href":"https:\/\/reihey.com\/fr\/wp-json\/wp\/v2\/media\/992382"}],"wp:attachment":[{"href":"https:\/\/reihey.com\/fr\/wp-json\/wp\/v2\/media?parent=992381"}],"wp:term":[{"taxonomy":"product_brand","embeddable":true,"href":"https:\/\/reihey.com\/fr\/wp-json\/wp\/v2\/product_brand?post=992381"},{"taxonomy":"product_cat","embeddable":true,"href":"https:\/\/reihey.com\/fr\/wp-json\/wp\/v2\/product_cat?post=992381"},{"taxonomy":"product_tag","embeddable":true,"href":"https:\/\/reihey.com\/fr\/wp-json\/wp\/v2\/product_tag?post=992381"}],"curies":[{"name":"wp","href":"https:\/\/api.w.org\/{rel}","templated":true}]}}