{"id":9823,"date":"2025-08-27T11:13:38","date_gmt":"2025-08-27T11:13:38","guid":{"rendered":"https:\/\/slot71.silverline.dev\/?post_type=product&#038;p=9823"},"modified":"2025-10-28T12:35:57","modified_gmt":"2025-10-28T12:35:57","slug":"3oz-9oz-12oz-big-belly-glass-mason-jar-with-aluminum-lid","status":"publish","type":"product","link":"https:\/\/reihey.com\/fr\/product\/3oz-9oz-12oz-big-belly-glass-mason-jar-with-aluminum-lid\/","title":{"rendered":"3 oz 9 oz 12 oz Grand M\u00e2tin Verre Mason \u00e0 ventre volumineux avec couvercle en aluminium"},"content":{"rendered":"","protected":false},"excerpt":{"rendered":"<table class=\"desk-tab\">\n<tbody>\n<tr>\n<th>Mat\u00e9riel<\/th>\n<th>Couleur<\/th>\n<th>Capacit\u00e9<\/th>\n<th>Couvercle<\/th>\n<th>Utilisation<\/th>\n<\/tr>\n<tr>\n<td>Verre<\/td>\n<td>Clair<\/td>\n<td>3 oz<\/td>\n<td>Couvercle d'\u00e9tanch\u00e9it\u00e9 en aluminium<\/td>\n<td>Eau<\/td>\n<\/tr>\n<tr>\n<td><\/td>\n<td><\/td>\n<td>9 oz<\/td>\n<td><\/td>\n<td>Boisson<\/td>\n<\/tr>\n<tr>\n<td><\/td>\n<td><\/td>\n<td>12 oz<\/td>\n<td><\/td>\n<td>Etc.<\/td>\n<\/tr>\n<\/tbody>\n<\/table>\n<table class=\"mob-tab\">\n<tbody>\n<tr>\n<th>Mat\u00e9riel<\/th>\n<td>Verre<\/td>\n<\/tr>\n<tr>\n<th>Couleur<\/th>\n<td>Clair<\/td>\n<\/tr>\n<tr>\n<th>Capacit\u00e9<\/th>\n<td>3 oz<br \/>9 oz<br \/>12 oz<\/td>\n<\/tr>\n<tr>\n<th>Couvercle<\/th>\n<td>Couvercle d'\u00e9tanch\u00e9it\u00e9 en aluminium<\/td>\n<\/tr>\n<tr>\n<th>Utilisation<\/th>\n<td>Eau<br \/>Boisson<br \/>Etc.<\/td>\n<\/tr>\n<\/tbody>\n<\/table>\n<p>Taille optimale : ces bocaux sont disponibles en diff\u00e9rentes tailles pour r\u00e9pondre \u00e0 de multiples besoins de mise en conserve. Ils sont id\u00e9aux pour un usage domestique, les caf\u00e9s ou les besoins commerciaux. Utilisation polyvalente : ces bocaux en verre sont parfaits pour la mise en conserve d\u2019une large vari\u00e9t\u00e9 d\u2019aliments. Leur motif en diamant apporte \u00e9galement une touche \u00e9l\u00e9gante \u00e0 votre d\u00e9cor de cuisine et peut m\u00eame \u00eatre utilis\u00e9 comme objets de d\u00e9coration styl\u00e9s.<\/p>","protected":false},"featured_media":992236,"comment_status":"closed","ping_status":"closed","template":"","meta":{"_acf_changed":false},"product_brand":[],"product_cat":[601,603,591,595],"product_tag":[],"class_list":{"0":"post-9823","1":"product","2":"type-product","3":"status-publish","4":"has-post-thumbnail","6":"product_cat-food-beverage","7":"product_cat-wholesale-glass-jam-jar","8":"product_cat-glass-jar-manfacturer","9":"product_cat-wholesale-mason-jar","11":"first","12":"instock","13":"shipping-taxable","14":"product-type-simple"},"acf":[],"yoast_head":"<!-- This site is optimized with the Yoast SEO plugin v26.7 - https:\/\/yoast.com\/wordpress\/plugins\/seo\/ -->\n<title>3oz 9oz 12oz Big Belly Glass Mason Jar with Aluminum Lid - Reihey Glass<\/title>\n<meta name=\"robots\" content=\"index, follow, max-snippet:-1, max-image-preview:large, max-video-preview:-1\" \/>\n<link rel=\"canonical\" href=\"https:\/\/reihey.com\/fr\/product\/3oz-9oz-12oz-big-belly-glass-mason-jar-with-aluminum-lid\/\" \/>\n<meta property=\"og:locale\" content=\"fr_FR\" \/>\n<meta property=\"og:type\" content=\"article\" \/>\n<meta property=\"og:title\" content=\"3oz 9oz 12oz Big Belly Glass Mason Jar with Aluminum Lid - Reihey Glass\" \/>\n<meta property=\"og:description\" content=\"Material    Color    Capacity    Lid    Usage          Glass    Clear    3oz    Aluminum Seal Lid    Water                  9oz        Beverage                  12oz        Etc                 Material    Glass          Color    Clear          Capacity    3oz9oz12oz          Lid    Aluminum Seal Lid          Usage    WaterBeverageEtc        Optimal Size: These jars are available in various sizes to cater to a multitude of canning requirements. They&#039;re ideal for home use, cafes, or commercial needs. Versatile Use: These glass jars are perfect for canning a wide array of foods. Their diamond pattern also adds an elegant touch to your kitchen decor and can even be used as stylish decor items.\" \/>\n<meta property=\"og:url\" content=\"https:\/\/reihey.com\/fr\/product\/3oz-9oz-12oz-big-belly-glass-mason-jar-with-aluminum-lid\/\" \/>\n<meta property=\"og:site_name\" content=\"Reihey Glass\" \/>\n<meta property=\"article:modified_time\" content=\"2025-10-28T12:35:57+00:00\" \/>\n<meta property=\"og:image\" content=\"https:\/\/reihey.com\/wp-content\/uploads\/2025\/08\/\u4e3b\u56fe-01-16.jpg\" \/>\n\t<meta property=\"og:image:width\" content=\"800\" \/>\n\t<meta property=\"og:image:height\" content=\"800\" \/>\n\t<meta property=\"og:image:type\" content=\"image\/jpeg\" \/>\n<meta name=\"twitter:card\" content=\"summary_large_image\" \/>\n<meta name=\"twitter:label1\" content=\"Est. reading time\" \/>\n\t<meta name=\"twitter:data1\" content=\"1 minute\" \/>\n<script type=\"application\/ld+json\" class=\"yoast-schema-graph\">{\"@context\":\"https:\/\/schema.org\",\"@graph\":[{\"@type\":\"WebPage\",\"@id\":\"https:\/\/reihey.com\/product\/3oz-9oz-12oz-big-belly-glass-mason-jar-with-aluminum-lid\/\",\"url\":\"https:\/\/reihey.com\/product\/3oz-9oz-12oz-big-belly-glass-mason-jar-with-aluminum-lid\/\",\"name\":\"3oz 9oz 12oz Big Belly Glass Mason Jar with Aluminum Lid - Reihey Glass\",\"isPartOf\":{\"@id\":\"https:\/\/reihey.com\/#website\"},\"primaryImageOfPage\":{\"@id\":\"https:\/\/reihey.com\/product\/3oz-9oz-12oz-big-belly-glass-mason-jar-with-aluminum-lid\/#primaryimage\"},\"image\":{\"@id\":\"https:\/\/reihey.com\/product\/3oz-9oz-12oz-big-belly-glass-mason-jar-with-aluminum-lid\/#primaryimage\"},\"thumbnailUrl\":\"https:\/\/reihey.com\/wp-content\/uploads\/2025\/08\/\u4e3b\u56fe-01-16.jpg\",\"datePublished\":\"2025-08-27T11:13:38+00:00\",\"dateModified\":\"2025-10-28T12:35:57+00:00\",\"breadcrumb\":{\"@id\":\"https:\/\/reihey.com\/product\/3oz-9oz-12oz-big-belly-glass-mason-jar-with-aluminum-lid\/#breadcrumb\"},\"inLanguage\":\"fr-FR\",\"potentialAction\":[{\"@type\":\"ReadAction\",\"target\":[\"https:\/\/reihey.com\/product\/3oz-9oz-12oz-big-belly-glass-mason-jar-with-aluminum-lid\/\"]}]},{\"@type\":\"ImageObject\",\"inLanguage\":\"fr-FR\",\"@id\":\"https:\/\/reihey.com\/product\/3oz-9oz-12oz-big-belly-glass-mason-jar-with-aluminum-lid\/#primaryimage\",\"url\":\"https:\/\/reihey.com\/wp-content\/uploads\/2025\/08\/\u4e3b\u56fe-01-16.jpg\",\"contentUrl\":\"https:\/\/reihey.com\/wp-content\/uploads\/2025\/08\/\u4e3b\u56fe-01-16.jpg\",\"width\":800,\"height\":800},{\"@type\":\"BreadcrumbList\",\"@id\":\"https:\/\/reihey.com\/product\/3oz-9oz-12oz-big-belly-glass-mason-jar-with-aluminum-lid\/#breadcrumb\",\"itemListElement\":[{\"@type\":\"ListItem\",\"position\":1,\"name\":\"Home\",\"item\":\"https:\/\/reihey.com\/\"},{\"@type\":\"ListItem\",\"position\":2,\"name\":\"Shop\",\"item\":\"https:\/\/reihey.com\/shop\/\"},{\"@type\":\"ListItem\",\"position\":3,\"name\":\"3oz 9oz 12oz Big Belly Glass Mason Jar with Aluminum Lid\"}]},{\"@type\":\"WebSite\",\"@id\":\"https:\/\/reihey.com\/#website\",\"url\":\"https:\/\/reihey.com\/\",\"name\":\"Reihey Glass\",\"description\":\"\",\"publisher\":{\"@id\":\"https:\/\/reihey.com\/#organization\"},\"potentialAction\":[{\"@type\":\"SearchAction\",\"target\":{\"@type\":\"EntryPoint\",\"urlTemplate\":\"https:\/\/reihey.com\/?s={search_term_string}\"},\"query-input\":{\"@type\":\"PropertyValueSpecification\",\"valueRequired\":true,\"valueName\":\"search_term_string\"}}],\"inLanguage\":\"fr-FR\"},{\"@type\":\"Organization\",\"@id\":\"https:\/\/reihey.com\/#organization\",\"name\":\"Reihey Glass\",\"url\":\"https:\/\/reihey.com\/\",\"logo\":{\"@type\":\"ImageObject\",\"inLanguage\":\"fr-FR\",\"@id\":\"https:\/\/reihey.com\/#\/schema\/logo\/image\/\",\"url\":\"https:\/\/reihey.com\/wp-content\/uploads\/2023\/07\/Reihey-logo-2026.svg\",\"contentUrl\":\"https:\/\/reihey.com\/wp-content\/uploads\/2023\/07\/Reihey-logo-2026.svg\",\"width\":1984,\"height\":566,\"caption\":\"Reihey Glass\"},\"image\":{\"@id\":\"https:\/\/reihey.com\/#\/schema\/logo\/image\/\"}}]}<\/script>\n<!-- \/ Yoast SEO plugin. -->","yoast_head_json":{"title":"3oz 9oz 12oz Grand bocal en verre \u00e0 panse bomb\u00e9e avec couvercle en aluminium - Reihey Glass","robots":{"index":"index","follow":"follow","max-snippet":"max-snippet:-1","max-image-preview":"max-image-preview:large","max-video-preview":"max-video-preview:-1"},"canonical":"https:\/\/reihey.com\/fr\/product\/3oz-9oz-12oz-big-belly-glass-mason-jar-with-aluminum-lid\/","og_locale":"fr_FR","og_type":"article","og_title":"3oz 9oz 12oz Big Belly Glass Mason Jar with Aluminum Lid - Reihey Glass","og_description":"Material    Color    Capacity    Lid    Usage          Glass    Clear    3oz    Aluminum Seal Lid    Water                  9oz        Beverage                  12oz        Etc                 Material    Glass          Color    Clear          Capacity    3oz9oz12oz          Lid    Aluminum Seal Lid          Usage    WaterBeverageEtc        Optimal Size: These jars are available in various sizes to cater to a multitude of canning requirements. They're ideal for home use, cafes, or commercial needs. Versatile Use: These glass jars are perfect for canning a wide array of foods. Their diamond pattern also adds an elegant touch to your kitchen decor and can even be used as stylish decor items.","og_url":"https:\/\/reihey.com\/fr\/product\/3oz-9oz-12oz-big-belly-glass-mason-jar-with-aluminum-lid\/","og_site_name":"Reihey Glass","article_modified_time":"2025-10-28T12:35:57+00:00","og_image":[{"width":800,"height":800,"url":"https:\/\/reihey.com\/wp-content\/uploads\/2025\/08\/\u4e3b\u56fe-01-16.jpg","type":"image\/jpeg"}],"twitter_card":"summary_large_image","twitter_misc":{"Est. reading time":"1 minute"},"schema":{"@context":"https:\/\/schema.org","@graph":[{"@type":"WebPage","@id":"https:\/\/reihey.com\/product\/3oz-9oz-12oz-big-belly-glass-mason-jar-with-aluminum-lid\/","url":"https:\/\/reihey.com\/product\/3oz-9oz-12oz-big-belly-glass-mason-jar-with-aluminum-lid\/","name":"3oz 9oz 12oz Grand bocal en verre \u00e0 panse bomb\u00e9e avec couvercle en aluminium - Reihey Glass","isPartOf":{"@id":"https:\/\/reihey.com\/#website"},"primaryImageOfPage":{"@id":"https:\/\/reihey.com\/product\/3oz-9oz-12oz-big-belly-glass-mason-jar-with-aluminum-lid\/#primaryimage"},"image":{"@id":"https:\/\/reihey.com\/product\/3oz-9oz-12oz-big-belly-glass-mason-jar-with-aluminum-lid\/#primaryimage"},"thumbnailUrl":"https:\/\/reihey.com\/wp-content\/uploads\/2025\/08\/\u4e3b\u56fe-01-16.jpg","datePublished":"2025-08-27T11:13:38+00:00","dateModified":"2025-10-28T12:35:57+00:00","breadcrumb":{"@id":"https:\/\/reihey.com\/product\/3oz-9oz-12oz-big-belly-glass-mason-jar-with-aluminum-lid\/#breadcrumb"},"inLanguage":"fr-FR","potentialAction":[{"@type":"ReadAction","target":["https:\/\/reihey.com\/product\/3oz-9oz-12oz-big-belly-glass-mason-jar-with-aluminum-lid\/"]}]},{"@type":"ImageObject","inLanguage":"fr-FR","@id":"https:\/\/reihey.com\/product\/3oz-9oz-12oz-big-belly-glass-mason-jar-with-aluminum-lid\/#primaryimage","url":"https:\/\/reihey.com\/wp-content\/uploads\/2025\/08\/\u4e3b\u56fe-01-16.jpg","contentUrl":"https:\/\/reihey.com\/wp-content\/uploads\/2025\/08\/\u4e3b\u56fe-01-16.jpg","width":800,"height":800},{"@type":"BreadcrumbList","@id":"https:\/\/reihey.com\/product\/3oz-9oz-12oz-big-belly-glass-mason-jar-with-aluminum-lid\/#breadcrumb","itemListElement":[{"@type":"ListItem","position":1,"name":"Home","item":"https:\/\/reihey.com\/"},{"@type":"ListItem","position":2,"name":"Shop","item":"https:\/\/reihey.com\/shop\/"},{"@type":"ListItem","position":3,"name":"3oz 9oz 12oz Big Belly Glass Mason Jar with Aluminum Lid"}]},{"@type":"WebSite","@id":"https:\/\/reihey.com\/#website","url":"https:\/\/reihey.com\/","name":"Verre Reiheney","description":"","publisher":{"@id":"https:\/\/reihey.com\/#organization"},"potentialAction":[{"@type":"SearchAction","target":{"@type":"EntryPoint","urlTemplate":"https:\/\/reihey.com\/?s={search_term_string}"},"query-input":{"@type":"PropertyValueSpecification","valueRequired":true,"valueName":"search_term_string"}}],"inLanguage":"fr-FR"},{"@type":"Organization","@id":"https:\/\/reihey.com\/#organization","name":"Verre Reiheney","url":"https:\/\/reihey.com\/","logo":{"@type":"ImageObject","inLanguage":"fr-FR","@id":"https:\/\/reihey.com\/#\/schema\/logo\/image\/","url":"https:\/\/reihey.com\/wp-content\/uploads\/2023\/07\/Reihey-logo-2026.svg","contentUrl":"https:\/\/reihey.com\/wp-content\/uploads\/2023\/07\/Reihey-logo-2026.svg","width":1984,"height":566,"caption":"Reihey Glass"},"image":{"@id":"https:\/\/reihey.com\/#\/schema\/logo\/image\/"}}]}},"_links":{"self":[{"href":"https:\/\/reihey.com\/fr\/wp-json\/wp\/v2\/product\/9823","targetHints":{"allow":["GET"]}}],"collection":[{"href":"https:\/\/reihey.com\/fr\/wp-json\/wp\/v2\/product"}],"about":[{"href":"https:\/\/reihey.com\/fr\/wp-json\/wp\/v2\/types\/product"}],"replies":[{"embeddable":true,"href":"https:\/\/reihey.com\/fr\/wp-json\/wp\/v2\/comments?post=9823"}],"version-history":[{"count":5,"href":"https:\/\/reihey.com\/fr\/wp-json\/wp\/v2\/product\/9823\/revisions"}],"predecessor-version":[{"id":997971,"href":"https:\/\/reihey.com\/fr\/wp-json\/wp\/v2\/product\/9823\/revisions\/997971"}],"wp:featuredmedia":[{"embeddable":true,"href":"https:\/\/reihey.com\/fr\/wp-json\/wp\/v2\/media\/992236"}],"wp:attachment":[{"href":"https:\/\/reihey.com\/fr\/wp-json\/wp\/v2\/media?parent=9823"}],"wp:term":[{"taxonomy":"product_brand","embeddable":true,"href":"https:\/\/reihey.com\/fr\/wp-json\/wp\/v2\/product_brand?post=9823"},{"taxonomy":"product_cat","embeddable":true,"href":"https:\/\/reihey.com\/fr\/wp-json\/wp\/v2\/product_cat?post=9823"},{"taxonomy":"product_tag","embeddable":true,"href":"https:\/\/reihey.com\/fr\/wp-json\/wp\/v2\/product_tag?post=9823"}],"curies":[{"name":"wp","href":"https:\/\/api.w.org\/{rel}","templated":true}]}}