{"id":9420,"date":"2025-08-27T10:55:19","date_gmt":"2025-08-27T10:55:19","guid":{"rendered":"https:\/\/slot71.silverline.dev\/?post_type=product&#038;p=9420"},"modified":"2025-10-28T12:51:41","modified_gmt":"2025-10-28T12:51:41","slug":"5oz-rocks-whiskey-glasses","status":"publish","type":"product","link":"https:\/\/reihey.com\/fr\/product\/5oz-rocks-whiskey-glasses\/","title":{"rendered":"5oz Verres \u00e0 Whiskey Rocks"},"content":{"rendered":"","protected":false},"excerpt":{"rendered":"<table class=\"desk-tab\">\n<tbody>\n<tr>\n<th>Nom<\/th>\n<th>Mat\u00e9riel<\/th>\n<th>Capacit\u00e9<\/th>\n<th>Couleur<\/th>\n<th>Taille<\/th>\n<th>Utilisation<\/th>\n<th>Conditionnement<\/th>\n<\/tr>\n<tr>\n<td>Verres \u00e0 whisky<\/td>\n<td>Verre<\/td>\n<td>5 oz<\/td>\n<td>Transparent<\/td>\n<td>80*74mm<\/td>\n<td>Whiskey<\/td>\n<td>Carton d\u2019exportation standard\u2013Xpcs\/bo\u00eete, Ybox\/carton.<\/td>\n<\/tr>\n<tr>\n<td><\/td>\n<td><\/td>\n<td><\/td>\n<td><\/td>\n<td><\/td>\n<td><\/td>\n<td>pack personnalis\u00e9 : bo\u00eete blanche avec votre LOGO. Bo\u00eete cadeau color\u00e9e avec votre logo<\/td>\n<\/tr>\n<\/tbody>\n<\/table>\n<table class=\"mob-tab\">\n<tbody>\n<tr>\n<th>Nom<\/th>\n<td>Verres \u00e0 whisky<\/td>\n<\/tr>\n<tr>\n<th>Mat\u00e9riel<\/th>\n<td>Verre<\/td>\n<\/tr>\n<tr>\n<th>Capacit\u00e9<\/th>\n<td>5 oz<\/td>\n<\/tr>\n<tr>\n<th>Couleur<\/th>\n<td>Transparent<\/td>\n<\/tr>\n<tr>\n<th>Taille<\/th>\n<td>80*74mm<\/td>\n<\/tr>\n<tr>\n<th>Utilisation<\/th>\n<td>Whiskey<\/td>\n<\/tr>\n<tr>\n<th>Conditionnement<\/th>\n<td>\n        Carton d\u2019exportation standard\u2013Xpcs\/bo\u00eete, Ybox\/carton.<br \/>\n        pack personnalis\u00e9 : bo\u00eete blanche avec votre LOGO. Bo\u00eete cadeau color\u00e9e avec votre logo\n      <\/td>\n<\/tr>\n<\/tbody>\n<\/table>\n<p>Les verres \u00e0 whiskey peuvent facilement contenir des boules de whiskey et des gla\u00e7ons. Parfaits pour boire votre bourbon, scotch, vodka, old fashioned, tequila, gin, cognac ou votre boisson pr\u00e9f\u00e9r\u00e9e, ou peuvent \u00eatre utilis\u00e9s comme verre vintage pour jus ou eau. Compatible lave-vaisselle, facile \u00e0 nettoyer et suffisamment durables pour pr\u00e9server leur durabilit\u00e9.<\/p>","protected":false},"featured_media":991998,"comment_status":"closed","ping_status":"closed","template":"","meta":{"_acf_changed":false},"product_brand":[],"product_cat":[637,641],"product_tag":[],"class_list":{"0":"post-9420","1":"product","2":"type-product","3":"status-publish","4":"has-post-thumbnail","6":"product_cat-drinking-glasses","7":"product_cat-glass-whiskey-cup-manufacturer","9":"first","10":"instock","11":"shipping-taxable","12":"product-type-simple"},"acf":[],"yoast_head":"<!-- This site is optimized with the Yoast SEO plugin v26.7 - https:\/\/yoast.com\/wordpress\/plugins\/seo\/ -->\n<title>5oz Rocks Whiskey Glasses - Reihey Glass<\/title>\n<meta name=\"robots\" content=\"index, follow, max-snippet:-1, max-image-preview:large, max-video-preview:-1\" \/>\n<link rel=\"canonical\" href=\"https:\/\/reihey.com\/fr\/product\/5oz-rocks-whiskey-glasses\/\" \/>\n<meta property=\"og:locale\" content=\"fr_FR\" \/>\n<meta property=\"og:type\" content=\"article\" \/>\n<meta property=\"og:title\" content=\"5oz Rocks Whiskey Glasses - Reihey Glass\" \/>\n<meta property=\"og:description\" content=\"Name    Material    Capacity    Color    Size    Usage    Packing          Whiskey Glasses    Glass    5oz    Transparent    80*74mm    Whiskey    Standard export carton--Xpcs\/box, Ybox\/carton.                                  Custom pack: white box with your LOGO. Color gift box with your logo                 Name    Whiskey Glasses          Material    Glass          Capacity    5oz          Color    Transparent          Size    80*74mm          Usage    Whiskey          Packing         Standard export carton--Xpcs\/box, Ybox\/carton.     Custom pack: white box with your LOGO. Color gift box with your logo            Whiskey glasses easily hold whiskey balls and ice cubes. Perfect for drinking your favorite bourbon, scotch, vodka, old fashioned, tequila, gin, cognac or your favorite beverage, or can be used as a vintage style juice or water glass. Dishwasher safe, easy to clean and adequate durable to maintain its durability.\" \/>\n<meta property=\"og:url\" content=\"https:\/\/reihey.com\/fr\/product\/5oz-rocks-whiskey-glasses\/\" \/>\n<meta property=\"og:site_name\" content=\"Reihey Glass\" \/>\n<meta property=\"article:modified_time\" content=\"2025-10-28T12:51:41+00:00\" \/>\n<meta property=\"og:image\" content=\"https:\/\/reihey.com\/wp-content\/uploads\/2025\/08\/1-51.jpg\" \/>\n\t<meta property=\"og:image:width\" content=\"663\" \/>\n\t<meta property=\"og:image:height\" content=\"547\" \/>\n\t<meta property=\"og:image:type\" content=\"image\/jpeg\" \/>\n<meta name=\"twitter:card\" content=\"summary_large_image\" \/>\n<meta name=\"twitter:label1\" content=\"Est. reading time\" \/>\n\t<meta name=\"twitter:data1\" content=\"1 minute\" \/>\n<script type=\"application\/ld+json\" class=\"yoast-schema-graph\">{\"@context\":\"https:\/\/schema.org\",\"@graph\":[{\"@type\":\"WebPage\",\"@id\":\"https:\/\/reihey.com\/product\/5oz-rocks-whiskey-glasses\/\",\"url\":\"https:\/\/reihey.com\/product\/5oz-rocks-whiskey-glasses\/\",\"name\":\"5oz Rocks Whiskey Glasses - Reihey Glass\",\"isPartOf\":{\"@id\":\"https:\/\/reihey.com\/#website\"},\"primaryImageOfPage\":{\"@id\":\"https:\/\/reihey.com\/product\/5oz-rocks-whiskey-glasses\/#primaryimage\"},\"image\":{\"@id\":\"https:\/\/reihey.com\/product\/5oz-rocks-whiskey-glasses\/#primaryimage\"},\"thumbnailUrl\":\"https:\/\/reihey.com\/wp-content\/uploads\/2025\/08\/1-51.jpg\",\"datePublished\":\"2025-08-27T10:55:19+00:00\",\"dateModified\":\"2025-10-28T12:51:41+00:00\",\"breadcrumb\":{\"@id\":\"https:\/\/reihey.com\/product\/5oz-rocks-whiskey-glasses\/#breadcrumb\"},\"inLanguage\":\"fr-FR\",\"potentialAction\":[{\"@type\":\"ReadAction\",\"target\":[\"https:\/\/reihey.com\/product\/5oz-rocks-whiskey-glasses\/\"]}]},{\"@type\":\"ImageObject\",\"inLanguage\":\"fr-FR\",\"@id\":\"https:\/\/reihey.com\/product\/5oz-rocks-whiskey-glasses\/#primaryimage\",\"url\":\"https:\/\/reihey.com\/wp-content\/uploads\/2025\/08\/1-51.jpg\",\"contentUrl\":\"https:\/\/reihey.com\/wp-content\/uploads\/2025\/08\/1-51.jpg\",\"width\":663,\"height\":547},{\"@type\":\"BreadcrumbList\",\"@id\":\"https:\/\/reihey.com\/product\/5oz-rocks-whiskey-glasses\/#breadcrumb\",\"itemListElement\":[{\"@type\":\"ListItem\",\"position\":1,\"name\":\"Home\",\"item\":\"https:\/\/reihey.com\/\"},{\"@type\":\"ListItem\",\"position\":2,\"name\":\"Shop\",\"item\":\"https:\/\/reihey.com\/shop\/\"},{\"@type\":\"ListItem\",\"position\":3,\"name\":\"5oz Rocks Whiskey Glasses\"}]},{\"@type\":\"WebSite\",\"@id\":\"https:\/\/reihey.com\/#website\",\"url\":\"https:\/\/reihey.com\/\",\"name\":\"Reihey Glass\",\"description\":\"\",\"publisher\":{\"@id\":\"https:\/\/reihey.com\/#organization\"},\"potentialAction\":[{\"@type\":\"SearchAction\",\"target\":{\"@type\":\"EntryPoint\",\"urlTemplate\":\"https:\/\/reihey.com\/?s={search_term_string}\"},\"query-input\":{\"@type\":\"PropertyValueSpecification\",\"valueRequired\":true,\"valueName\":\"search_term_string\"}}],\"inLanguage\":\"fr-FR\"},{\"@type\":\"Organization\",\"@id\":\"https:\/\/reihey.com\/#organization\",\"name\":\"Reihey Glass\",\"url\":\"https:\/\/reihey.com\/\",\"logo\":{\"@type\":\"ImageObject\",\"inLanguage\":\"fr-FR\",\"@id\":\"https:\/\/reihey.com\/#\/schema\/logo\/image\/\",\"url\":\"https:\/\/reihey.com\/wp-content\/uploads\/2023\/07\/Reihey-logo-2026.svg\",\"contentUrl\":\"https:\/\/reihey.com\/wp-content\/uploads\/2023\/07\/Reihey-logo-2026.svg\",\"width\":1984,\"height\":566,\"caption\":\"Reihey Glass\"},\"image\":{\"@id\":\"https:\/\/reihey.com\/#\/schema\/logo\/image\/\"}}]}<\/script>\n<!-- \/ Yoast SEO plugin. -->","yoast_head_json":{"title":"5oz Verres \u00e0 whisky Rocks - Reihey Glass","robots":{"index":"index","follow":"follow","max-snippet":"max-snippet:-1","max-image-preview":"max-image-preview:large","max-video-preview":"max-video-preview:-1"},"canonical":"https:\/\/reihey.com\/fr\/product\/5oz-rocks-whiskey-glasses\/","og_locale":"fr_FR","og_type":"article","og_title":"5oz Rocks Whiskey Glasses - Reihey Glass","og_description":"Name    Material    Capacity    Color    Size    Usage    Packing          Whiskey Glasses    Glass    5oz    Transparent    80*74mm    Whiskey    Standard export carton--Xpcs\/box, Ybox\/carton.                                  Custom pack: white box with your LOGO. Color gift box with your logo                 Name    Whiskey Glasses          Material    Glass          Capacity    5oz          Color    Transparent          Size    80*74mm          Usage    Whiskey          Packing         Standard export carton--Xpcs\/box, Ybox\/carton.     Custom pack: white box with your LOGO. Color gift box with your logo            Whiskey glasses easily hold whiskey balls and ice cubes. Perfect for drinking your favorite bourbon, scotch, vodka, old fashioned, tequila, gin, cognac or your favorite beverage, or can be used as a vintage style juice or water glass. Dishwasher safe, easy to clean and adequate durable to maintain its durability.","og_url":"https:\/\/reihey.com\/fr\/product\/5oz-rocks-whiskey-glasses\/","og_site_name":"Reihey Glass","article_modified_time":"2025-10-28T12:51:41+00:00","og_image":[{"width":663,"height":547,"url":"https:\/\/reihey.com\/wp-content\/uploads\/2025\/08\/1-51.jpg","type":"image\/jpeg"}],"twitter_card":"summary_large_image","twitter_misc":{"Est. reading time":"1 minute"},"schema":{"@context":"https:\/\/schema.org","@graph":[{"@type":"WebPage","@id":"https:\/\/reihey.com\/product\/5oz-rocks-whiskey-glasses\/","url":"https:\/\/reihey.com\/product\/5oz-rocks-whiskey-glasses\/","name":"5oz Verres \u00e0 whisky Rocks - Reihey Glass","isPartOf":{"@id":"https:\/\/reihey.com\/#website"},"primaryImageOfPage":{"@id":"https:\/\/reihey.com\/product\/5oz-rocks-whiskey-glasses\/#primaryimage"},"image":{"@id":"https:\/\/reihey.com\/product\/5oz-rocks-whiskey-glasses\/#primaryimage"},"thumbnailUrl":"https:\/\/reihey.com\/wp-content\/uploads\/2025\/08\/1-51.jpg","datePublished":"2025-08-27T10:55:19+00:00","dateModified":"2025-10-28T12:51:41+00:00","breadcrumb":{"@id":"https:\/\/reihey.com\/product\/5oz-rocks-whiskey-glasses\/#breadcrumb"},"inLanguage":"fr-FR","potentialAction":[{"@type":"ReadAction","target":["https:\/\/reihey.com\/product\/5oz-rocks-whiskey-glasses\/"]}]},{"@type":"ImageObject","inLanguage":"fr-FR","@id":"https:\/\/reihey.com\/product\/5oz-rocks-whiskey-glasses\/#primaryimage","url":"https:\/\/reihey.com\/wp-content\/uploads\/2025\/08\/1-51.jpg","contentUrl":"https:\/\/reihey.com\/wp-content\/uploads\/2025\/08\/1-51.jpg","width":663,"height":547},{"@type":"BreadcrumbList","@id":"https:\/\/reihey.com\/product\/5oz-rocks-whiskey-glasses\/#breadcrumb","itemListElement":[{"@type":"ListItem","position":1,"name":"Home","item":"https:\/\/reihey.com\/"},{"@type":"ListItem","position":2,"name":"Shop","item":"https:\/\/reihey.com\/shop\/"},{"@type":"ListItem","position":3,"name":"5oz Rocks Whiskey Glasses"}]},{"@type":"WebSite","@id":"https:\/\/reihey.com\/#website","url":"https:\/\/reihey.com\/","name":"Verre Reiheney","description":"","publisher":{"@id":"https:\/\/reihey.com\/#organization"},"potentialAction":[{"@type":"SearchAction","target":{"@type":"EntryPoint","urlTemplate":"https:\/\/reihey.com\/?s={search_term_string}"},"query-input":{"@type":"PropertyValueSpecification","valueRequired":true,"valueName":"search_term_string"}}],"inLanguage":"fr-FR"},{"@type":"Organization","@id":"https:\/\/reihey.com\/#organization","name":"Verre Reiheney","url":"https:\/\/reihey.com\/","logo":{"@type":"ImageObject","inLanguage":"fr-FR","@id":"https:\/\/reihey.com\/#\/schema\/logo\/image\/","url":"https:\/\/reihey.com\/wp-content\/uploads\/2023\/07\/Reihey-logo-2026.svg","contentUrl":"https:\/\/reihey.com\/wp-content\/uploads\/2023\/07\/Reihey-logo-2026.svg","width":1984,"height":566,"caption":"Reihey Glass"},"image":{"@id":"https:\/\/reihey.com\/#\/schema\/logo\/image\/"}}]}},"_links":{"self":[{"href":"https:\/\/reihey.com\/fr\/wp-json\/wp\/v2\/product\/9420","targetHints":{"allow":["GET"]}}],"collection":[{"href":"https:\/\/reihey.com\/fr\/wp-json\/wp\/v2\/product"}],"about":[{"href":"https:\/\/reihey.com\/fr\/wp-json\/wp\/v2\/types\/product"}],"replies":[{"embeddable":true,"href":"https:\/\/reihey.com\/fr\/wp-json\/wp\/v2\/comments?post=9420"}],"version-history":[{"count":3,"href":"https:\/\/reihey.com\/fr\/wp-json\/wp\/v2\/product\/9420\/revisions"}],"predecessor-version":[{"id":998022,"href":"https:\/\/reihey.com\/fr\/wp-json\/wp\/v2\/product\/9420\/revisions\/998022"}],"wp:featuredmedia":[{"embeddable":true,"href":"https:\/\/reihey.com\/fr\/wp-json\/wp\/v2\/media\/991998"}],"wp:attachment":[{"href":"https:\/\/reihey.com\/fr\/wp-json\/wp\/v2\/media?parent=9420"}],"wp:term":[{"taxonomy":"product_brand","embeddable":true,"href":"https:\/\/reihey.com\/fr\/wp-json\/wp\/v2\/product_brand?post=9420"},{"taxonomy":"product_cat","embeddable":true,"href":"https:\/\/reihey.com\/fr\/wp-json\/wp\/v2\/product_cat?post=9420"},{"taxonomy":"product_tag","embeddable":true,"href":"https:\/\/reihey.com\/fr\/wp-json\/wp\/v2\/product_tag?post=9420"}],"curies":[{"name":"wp","href":"https:\/\/api.w.org\/{rel}","templated":true}]}}