{"id":8904,"date":"2025-08-27T10:50:31","date_gmt":"2025-08-27T10:50:31","guid":{"rendered":"https:\/\/slot71.silverline.dev\/?post_type=product&#038;p=8904"},"modified":"2025-09-08T07:47:16","modified_gmt":"2025-09-08T07:47:16","slug":"1oz-stripped-lines-clear-glass-candle-jar","status":"publish","type":"product","link":"https:\/\/reihey.com\/fr\/product\/1oz-stripped-lines-clear-glass-candle-jar\/","title":{"rendered":"1oz Jarra de vela de vidrio claro con l\u00edneas despojadas"},"content":{"rendered":"","protected":false},"excerpt":{"rendered":"<table class=\"desk-tab\">\n<tbody>\n<tr>\n<th>Nom<\/th>\n<th>Mat\u00e9riel<\/th>\n<th>Capacit\u00e9<\/th>\n<th>Couleur<\/th>\n<th>Taille<\/th>\n<th>Utilisation<\/th>\n<th>Conditionnement<\/th>\n<\/tr>\n<tr>\n<td>Pot \u00e0 bougie en verre<\/td>\n<td>Verre<\/td>\n<td>1 oz<\/td>\n<td>Clair<\/td>\n<td>5.5x3.5 cm**<\/td>\n<td>D\u00e9coration int\u00e9rieure<\/td>\n<td>1. Carton d'exportation standard \u2013 Xpcs\/bo\u00eete, Ybo\u00eete\/carton.<\/td>\n<\/tr>\n<tr>\n<td><\/td>\n<td><\/td>\n<td><\/td>\n<td>Caf\u00e9<\/td>\n<td><\/td>\n<td><\/td>\n<td>2. Conditionnement personnalis\u00e9 : bo\u00eete blanche avec votre LOGO. Bo\u00eete cadeau couleur avec votre logo<\/td>\n<\/tr>\n<tr>\n<td><\/td>\n<td><\/td>\n<td><\/td>\n<td>Bleu<\/td>\n<td><\/td>\n<td><\/td>\n<td><\/td>\n<\/tr>\n<tr>\n<td><\/td>\n<td><\/td>\n<td><\/td>\n<td>Vert<\/td>\n<td><\/td>\n<td><\/td>\n<td><\/td>\n<\/tr>\n<tr>\n<td><\/td>\n<td><\/td>\n<td><\/td>\n<td>Violet<\/td>\n<td><\/td>\n<td><\/td>\n<td><\/td>\n<\/tr>\n<tr>\n<td><\/td>\n<td><\/td>\n<td><\/td>\n<td>Rose<\/td>\n<td><\/td>\n<td><\/td>\n<td><\/td>\n<\/tr>\n<tr>\n<td><\/td>\n<td><\/td>\n<td><\/td>\n<td>Orange<\/td>\n<td><\/td>\n<td><\/td>\n<td><\/td>\n<\/tr>\n<tr>\n<td><\/td>\n<td><\/td>\n<td><\/td>\n<td>Rouge<\/td>\n<td><\/td>\n<td><\/td>\n<td><\/td>\n<\/tr>\n<\/tbody>\n<\/table>\n<table class=\"mob-tab\">\n<tbody>\n<tr>\n<th>Nom<\/th>\n<td>Pot \u00e0 bougie en verre<\/td>\n<\/tr>\n<tr>\n<th>Mat\u00e9riel<\/th>\n<td>Verre<\/td>\n<\/tr>\n<tr>\n<th>Capacit\u00e9<\/th>\n<td>1 oz<\/td>\n<\/tr>\n<tr>\n<th>Couleur<\/th>\n<td>Clair<br \/>\nCaf\u00e9<br \/>\nBleu<br \/>\nVert<br \/>\nViolet<br \/>\nRose<br \/>\nOrange<br \/>\nRouge<\/td>\n<\/tr>\n<tr>\n<th>Taille<\/th>\n<td>5.5x3.5 cm**<\/td>\n<\/tr>\n<tr>\n<th>Utilisation<\/th>\n<td>D\u00e9coration int\u00e9rieure<\/td>\n<\/tr>\n<tr>\n<th>Conditionnement<\/th>\n<td>1. Carton d'exportation standard \u2013 Xpcs\/bo\u00eete, Ybo\u00eete\/carton.<br \/>\n2. Conditionnement personnalis\u00e9 : bo\u00eete blanche avec votre LOGO. Bo\u00eete cadeau couleur avec votre logo<\/td>\n<\/tr>\n<\/tbody>\n<\/table>\n<p>Style simple, moderne et \u00e0 la mode. Utiliser du verre, pas de m\u00e9tal lourd, \u00e9clairage doux, abat-jour en verre.<\/p>","protected":false},"featured_media":991696,"comment_status":"closed","ping_status":"closed","template":"","meta":{"_acf_changed":false},"product_brand":[],"product_cat":[628,591],"product_tag":[],"class_list":{"0":"post-8904","1":"product","2":"type-product","3":"status-publish","4":"has-post-thumbnail","6":"product_cat-wholesale-glass-candle-jar","7":"product_cat-glass-jar-manfacturer","9":"first","10":"instock","11":"shipping-taxable","12":"product-type-simple"},"acf":[],"yoast_head":"<!-- This site is optimized with the Yoast SEO plugin v26.7 - https:\/\/yoast.com\/wordpress\/plugins\/seo\/ -->\n<title>1oz Stripped Lines Clear Glass Candle jar - Reihey Glass<\/title>\n<meta name=\"robots\" content=\"index, follow, max-snippet:-1, max-image-preview:large, max-video-preview:-1\" \/>\n<link rel=\"canonical\" href=\"https:\/\/reihey.com\/fr\/product\/1oz-stripped-lines-clear-glass-candle-jar\/\" \/>\n<meta property=\"og:locale\" content=\"fr_FR\" \/>\n<meta property=\"og:type\" content=\"article\" \/>\n<meta property=\"og:title\" content=\"1oz Stripped Lines Clear Glass Candle jar - Reihey Glass\" \/>\n<meta property=\"og:description\" content=\"Name Material Capacity Color Size Usage Packing   Glass candle jar Glass 1oz Clear 5.5*3.5cm Home Decoration 1. Standard export carton \u2013 Xpcs\/box, Ybox\/carton.      Coffee   2. Custom pack: white box with your LOGO. Color gift box with your logo      Blue         Green         Purple         Pink         Orange         Red          Name Glass candle jar   Material Glass   Capacity 1oz   Color Clear Coffee Blue Green Purple Pink Orange Red   Size 5.5*3.5cm   Usage Home Decoration   Packing 1. Standard export carton \u2013 Xpcs\/box, Ybox\/carton. 2. Custom pack: white box with your LOGO. Color gift box with your logo    Simple, modern and fashionable style. Use glass material, no heavy metal, soft lighting, glass lampshade.\" \/>\n<meta property=\"og:url\" content=\"https:\/\/reihey.com\/fr\/product\/1oz-stripped-lines-clear-glass-candle-jar\/\" \/>\n<meta property=\"og:site_name\" content=\"Reihey Glass\" \/>\n<meta property=\"article:modified_time\" content=\"2025-09-08T07:47:16+00:00\" \/>\n<meta property=\"og:image\" content=\"https:\/\/reihey.com\/wp-content\/uploads\/2025\/08\/\u4e3b\u56fe-03.jpg\" \/>\n\t<meta property=\"og:image:width\" content=\"800\" \/>\n\t<meta property=\"og:image:height\" content=\"800\" \/>\n\t<meta property=\"og:image:type\" content=\"image\/jpeg\" \/>\n<meta name=\"twitter:card\" content=\"summary_large_image\" \/>\n<script type=\"application\/ld+json\" class=\"yoast-schema-graph\">{\"@context\":\"https:\/\/schema.org\",\"@graph\":[{\"@type\":\"WebPage\",\"@id\":\"https:\/\/reihey.com\/product\/1oz-stripped-lines-clear-glass-candle-jar\/\",\"url\":\"https:\/\/reihey.com\/product\/1oz-stripped-lines-clear-glass-candle-jar\/\",\"name\":\"1oz Stripped Lines Clear Glass Candle jar - Reihey Glass\",\"isPartOf\":{\"@id\":\"https:\/\/reihey.com\/#website\"},\"primaryImageOfPage\":{\"@id\":\"https:\/\/reihey.com\/product\/1oz-stripped-lines-clear-glass-candle-jar\/#primaryimage\"},\"image\":{\"@id\":\"https:\/\/reihey.com\/product\/1oz-stripped-lines-clear-glass-candle-jar\/#primaryimage\"},\"thumbnailUrl\":\"https:\/\/reihey.com\/wp-content\/uploads\/2025\/08\/\u4e3b\u56fe-03.jpg\",\"datePublished\":\"2025-08-27T10:50:31+00:00\",\"dateModified\":\"2025-09-08T07:47:16+00:00\",\"breadcrumb\":{\"@id\":\"https:\/\/reihey.com\/product\/1oz-stripped-lines-clear-glass-candle-jar\/#breadcrumb\"},\"inLanguage\":\"fr-FR\",\"potentialAction\":[{\"@type\":\"ReadAction\",\"target\":[\"https:\/\/reihey.com\/product\/1oz-stripped-lines-clear-glass-candle-jar\/\"]}]},{\"@type\":\"ImageObject\",\"inLanguage\":\"fr-FR\",\"@id\":\"https:\/\/reihey.com\/product\/1oz-stripped-lines-clear-glass-candle-jar\/#primaryimage\",\"url\":\"https:\/\/reihey.com\/wp-content\/uploads\/2025\/08\/\u4e3b\u56fe-03.jpg\",\"contentUrl\":\"https:\/\/reihey.com\/wp-content\/uploads\/2025\/08\/\u4e3b\u56fe-03.jpg\",\"width\":800,\"height\":800},{\"@type\":\"BreadcrumbList\",\"@id\":\"https:\/\/reihey.com\/product\/1oz-stripped-lines-clear-glass-candle-jar\/#breadcrumb\",\"itemListElement\":[{\"@type\":\"ListItem\",\"position\":1,\"name\":\"Home\",\"item\":\"https:\/\/reihey.com\/\"},{\"@type\":\"ListItem\",\"position\":2,\"name\":\"Shop\",\"item\":\"https:\/\/reihey.com\/shop\/\"},{\"@type\":\"ListItem\",\"position\":3,\"name\":\"1oz Stripped Lines Clear Glass Candle jar\"}]},{\"@type\":\"WebSite\",\"@id\":\"https:\/\/reihey.com\/#website\",\"url\":\"https:\/\/reihey.com\/\",\"name\":\"Reihey Glass\",\"description\":\"\",\"publisher\":{\"@id\":\"https:\/\/reihey.com\/#organization\"},\"potentialAction\":[{\"@type\":\"SearchAction\",\"target\":{\"@type\":\"EntryPoint\",\"urlTemplate\":\"https:\/\/reihey.com\/?s={search_term_string}\"},\"query-input\":{\"@type\":\"PropertyValueSpecification\",\"valueRequired\":true,\"valueName\":\"search_term_string\"}}],\"inLanguage\":\"fr-FR\"},{\"@type\":\"Organization\",\"@id\":\"https:\/\/reihey.com\/#organization\",\"name\":\"Reihey Glass\",\"url\":\"https:\/\/reihey.com\/\",\"logo\":{\"@type\":\"ImageObject\",\"inLanguage\":\"fr-FR\",\"@id\":\"https:\/\/reihey.com\/#\/schema\/logo\/image\/\",\"url\":\"https:\/\/reihey.com\/wp-content\/uploads\/2023\/07\/Reihey-logo-2026.svg\",\"contentUrl\":\"https:\/\/reihey.com\/wp-content\/uploads\/2023\/07\/Reihey-logo-2026.svg\",\"width\":1984,\"height\":566,\"caption\":\"Reihey Glass\"},\"image\":{\"@id\":\"https:\/\/reihey.com\/#\/schema\/logo\/image\/\"}}]}<\/script>\n<!-- \/ Yoast SEO plugin. -->","yoast_head_json":{"title":"1oz Verres \u00e0 bougie transparent \u00e0 motifs ray\u00e9s - Reihey Glass","robots":{"index":"index","follow":"follow","max-snippet":"max-snippet:-1","max-image-preview":"max-image-preview:large","max-video-preview":"max-video-preview:-1"},"canonical":"https:\/\/reihey.com\/fr\/product\/1oz-stripped-lines-clear-glass-candle-jar\/","og_locale":"fr_FR","og_type":"article","og_title":"1oz Stripped Lines Clear Glass Candle jar - Reihey Glass","og_description":"Name Material Capacity Color Size Usage Packing   Glass candle jar Glass 1oz Clear 5.5*3.5cm Home Decoration 1. Standard export carton \u2013 Xpcs\/box, Ybox\/carton.      Coffee   2. Custom pack: white box with your LOGO. Color gift box with your logo      Blue         Green         Purple         Pink         Orange         Red          Name Glass candle jar   Material Glass   Capacity 1oz   Color Clear Coffee Blue Green Purple Pink Orange Red   Size 5.5*3.5cm   Usage Home Decoration   Packing 1. Standard export carton \u2013 Xpcs\/box, Ybox\/carton. 2. Custom pack: white box with your LOGO. Color gift box with your logo    Simple, modern and fashionable style. Use glass material, no heavy metal, soft lighting, glass lampshade.","og_url":"https:\/\/reihey.com\/fr\/product\/1oz-stripped-lines-clear-glass-candle-jar\/","og_site_name":"Reihey Glass","article_modified_time":"2025-09-08T07:47:16+00:00","og_image":[{"width":800,"height":800,"url":"https:\/\/reihey.com\/wp-content\/uploads\/2025\/08\/\u4e3b\u56fe-03.jpg","type":"image\/jpeg"}],"twitter_card":"summary_large_image","schema":{"@context":"https:\/\/schema.org","@graph":[{"@type":"WebPage","@id":"https:\/\/reihey.com\/product\/1oz-stripped-lines-clear-glass-candle-jar\/","url":"https:\/\/reihey.com\/product\/1oz-stripped-lines-clear-glass-candle-jar\/","name":"1oz Verres \u00e0 bougie transparent \u00e0 motifs ray\u00e9s - Reihey Glass","isPartOf":{"@id":"https:\/\/reihey.com\/#website"},"primaryImageOfPage":{"@id":"https:\/\/reihey.com\/product\/1oz-stripped-lines-clear-glass-candle-jar\/#primaryimage"},"image":{"@id":"https:\/\/reihey.com\/product\/1oz-stripped-lines-clear-glass-candle-jar\/#primaryimage"},"thumbnailUrl":"https:\/\/reihey.com\/wp-content\/uploads\/2025\/08\/\u4e3b\u56fe-03.jpg","datePublished":"2025-08-27T10:50:31+00:00","dateModified":"2025-09-08T07:47:16+00:00","breadcrumb":{"@id":"https:\/\/reihey.com\/product\/1oz-stripped-lines-clear-glass-candle-jar\/#breadcrumb"},"inLanguage":"fr-FR","potentialAction":[{"@type":"ReadAction","target":["https:\/\/reihey.com\/product\/1oz-stripped-lines-clear-glass-candle-jar\/"]}]},{"@type":"ImageObject","inLanguage":"fr-FR","@id":"https:\/\/reihey.com\/product\/1oz-stripped-lines-clear-glass-candle-jar\/#primaryimage","url":"https:\/\/reihey.com\/wp-content\/uploads\/2025\/08\/\u4e3b\u56fe-03.jpg","contentUrl":"https:\/\/reihey.com\/wp-content\/uploads\/2025\/08\/\u4e3b\u56fe-03.jpg","width":800,"height":800},{"@type":"BreadcrumbList","@id":"https:\/\/reihey.com\/product\/1oz-stripped-lines-clear-glass-candle-jar\/#breadcrumb","itemListElement":[{"@type":"ListItem","position":1,"name":"Home","item":"https:\/\/reihey.com\/"},{"@type":"ListItem","position":2,"name":"Shop","item":"https:\/\/reihey.com\/shop\/"},{"@type":"ListItem","position":3,"name":"1oz Stripped Lines Clear Glass Candle jar"}]},{"@type":"WebSite","@id":"https:\/\/reihey.com\/#website","url":"https:\/\/reihey.com\/","name":"Verre Reiheney","description":"","publisher":{"@id":"https:\/\/reihey.com\/#organization"},"potentialAction":[{"@type":"SearchAction","target":{"@type":"EntryPoint","urlTemplate":"https:\/\/reihey.com\/?s={search_term_string}"},"query-input":{"@type":"PropertyValueSpecification","valueRequired":true,"valueName":"search_term_string"}}],"inLanguage":"fr-FR"},{"@type":"Organization","@id":"https:\/\/reihey.com\/#organization","name":"Verre Reiheney","url":"https:\/\/reihey.com\/","logo":{"@type":"ImageObject","inLanguage":"fr-FR","@id":"https:\/\/reihey.com\/#\/schema\/logo\/image\/","url":"https:\/\/reihey.com\/wp-content\/uploads\/2023\/07\/Reihey-logo-2026.svg","contentUrl":"https:\/\/reihey.com\/wp-content\/uploads\/2023\/07\/Reihey-logo-2026.svg","width":1984,"height":566,"caption":"Reihey Glass"},"image":{"@id":"https:\/\/reihey.com\/#\/schema\/logo\/image\/"}}]}},"_links":{"self":[{"href":"https:\/\/reihey.com\/fr\/wp-json\/wp\/v2\/product\/8904","targetHints":{"allow":["GET"]}}],"collection":[{"href":"https:\/\/reihey.com\/fr\/wp-json\/wp\/v2\/product"}],"about":[{"href":"https:\/\/reihey.com\/fr\/wp-json\/wp\/v2\/types\/product"}],"replies":[{"embeddable":true,"href":"https:\/\/reihey.com\/fr\/wp-json\/wp\/v2\/comments?post=8904"}],"version-history":[{"count":4,"href":"https:\/\/reihey.com\/fr\/wp-json\/wp\/v2\/product\/8904\/revisions"}],"predecessor-version":[{"id":995508,"href":"https:\/\/reihey.com\/fr\/wp-json\/wp\/v2\/product\/8904\/revisions\/995508"}],"wp:featuredmedia":[{"embeddable":true,"href":"https:\/\/reihey.com\/fr\/wp-json\/wp\/v2\/media\/991696"}],"wp:attachment":[{"href":"https:\/\/reihey.com\/fr\/wp-json\/wp\/v2\/media?parent=8904"}],"wp:term":[{"taxonomy":"product_brand","embeddable":true,"href":"https:\/\/reihey.com\/fr\/wp-json\/wp\/v2\/product_brand?post=8904"},{"taxonomy":"product_cat","embeddable":true,"href":"https:\/\/reihey.com\/fr\/wp-json\/wp\/v2\/product_cat?post=8904"},{"taxonomy":"product_tag","embeddable":true,"href":"https:\/\/reihey.com\/fr\/wp-json\/wp\/v2\/product_tag?post=8904"}],"curies":[{"name":"wp","href":"https:\/\/api.w.org\/{rel}","templated":true}]}}