{"id":859,"date":"2025-08-27T10:40:26","date_gmt":"2025-08-27T10:40:26","guid":{"rendered":"https:\/\/slot71.silverline.dev\/?post_type=product&#038;p=859"},"modified":"2025-10-29T06:28:29","modified_gmt":"2025-10-29T06:28:29","slug":"reusable-borosilicate-glass-meal-prep-bento-box-airtight-food-storage-containers-with-bamboo-lids","status":"publish","type":"product","link":"https:\/\/reihey.com\/fr\/product\/reusable-borosilicate-glass-meal-prep-bento-box-airtight-food-storage-containers-with-bamboo-lids\/","title":{"rendered":"Bo\u00eete Bento de pr\u00e9paration des repas en verre borosilicate r\u00e9utilisable, herm\u00e9tique, avec couvercles en bambou"},"content":{"rendered":"","protected":false},"excerpt":{"rendered":"<table class=\"desk-tab\">\n<tbody>\n<tr>\n<th>Mat\u00e9riel<\/th>\n<th>Couleur<\/th>\n<th>Capacit\u00e9<\/th>\n<th>Cap et couleur<\/th>\n<th>Utilisation<\/th>\n<th>Conditionnement<\/th>\n<\/tr>\n<tr>\n<td>Verre borosilicate<\/td>\n<td>Clair<\/td>\n<td>Carr\u00e9 : 320 ml<\/td>\n<td>Couvercle en bambou<\/td>\n<td>Alimentation<\/td>\n<td>1. Carton d'exportation standard\u2013Xpcs\/bo\u00eete, Ybo\u00eete\/carton.<\/td>\n<\/tr>\n<tr>\n<td><\/td>\n<td><\/td>\n<td>Carr\u00e9 : 520 ml<\/td>\n<td><\/td>\n<td><\/td>\n<td>2. Pack personnalis\u00e9 : bo\u00eete blanche avec votre logo. Bo\u00eete cadeau couleur avec votre logo<\/td>\n<\/tr>\n<tr>\n<td><\/td>\n<td><\/td>\n<td>Carr\u00e9 : 800 ml<\/td>\n<td><\/td>\n<td><\/td>\n<td><\/td>\n<\/tr>\n<tr>\n<td><\/td>\n<td><\/td>\n<td>Carr\u00e9 : 1200 ml<\/td>\n<td><\/td>\n<td><\/td>\n<td><\/td>\n<\/tr>\n<tr>\n<td><\/td>\n<td><\/td>\n<td>Rectangle : 370 ml<\/td>\n<td><\/td>\n<td><\/td>\n<td><\/td>\n<\/tr>\n<tr>\n<td><\/td>\n<td><\/td>\n<td>Rectangle : 640 ml<\/td>\n<td><\/td>\n<td><\/td>\n<td><\/td>\n<\/tr>\n<tr>\n<td><\/td>\n<td><\/td>\n<td>Rectangle : 1040 ml<\/td>\n<td><\/td>\n<td><\/td>\n<td><\/td>\n<\/tr>\n<tr>\n<td><\/td>\n<td><\/td>\n<td>Rectangle : 1520 ml<\/td>\n<td><\/td>\n<td><\/td>\n<td><\/td>\n<\/tr>\n<tr>\n<td><\/td>\n<td><\/td>\n<td>Rond : 620 ml<\/td>\n<td><\/td>\n<td><\/td>\n<td><\/td>\n<\/tr>\n<tr>\n<td><\/td>\n<td><\/td>\n<td>Rond : 950 ml<\/td>\n<td><\/td>\n<td><\/td>\n<td><\/td>\n<\/tr>\n<tr>\n<td><\/td>\n<td><\/td>\n<td>Rond : 1300 ml<\/td>\n<td><\/td>\n<td><\/td>\n<td><\/td>\n<\/tr>\n<\/tbody>\n<\/table>\n<p><!-- Mobile Version --><\/p>\n<table class=\"mob-tab\">\n<tbody>\n<tr>\n<th>Mat\u00e9riel<\/th>\n<td>Verre borosilicate<\/td>\n<\/tr>\n<tr>\n<th>Couleur<\/th>\n<td>Clair<\/td>\n<\/tr>\n<tr>\n<th>Capacit\u00e9<\/th>\n<td>Carr\u00e9 : 320 ml<br \/>\nCarr\u00e9 : 520 ml<br \/>\nCarr\u00e9 : 800 ml<br \/>\nCarr\u00e9 : 1200 ml<br \/>\nRectangle : 370 ml<br \/>\nRectangle : 640 ml<br \/>\nRectangle : 1040 ml<br \/>\nRectangle : 1520 ml<br \/>\nRond : 620 ml<br \/>\nRond : 950 ml<br \/>\nRond : 1300 ml<\/td>\n<\/tr>\n<tr>\n<th>Cap et couleur<\/th>\n<td>Couvercle en bambou<\/td>\n<\/tr>\n<tr>\n<th>Utilisation<\/th>\n<td>Alimentation<\/td>\n<\/tr>\n<tr>\n<th>Conditionnement<\/th>\n<td>1. Carton d'exportation standard\u2013Xpcs\/bo\u00eete, Ybo\u00eete\/carton.<br \/>\n2. Pack personnalis\u00e9 : bo\u00eete blanche avec votre logo. Bo\u00eete cadeau couleur avec votre logo<\/td>\n<\/tr>\n<\/tbody>\n<\/table>\n<p><strong>\u00c0 propos de cet article<\/strong><br \/>\n1. S\u00c9CURIT\u00c9 FOUR\/MICRO-ONDES\/FROID\/FARIN\u00c9 DISWASHER -190\u2103\/-40\u2109 au cong\u00e9lateur jusqu'\u00e0 400\u2103\/752\u2109 au four, s\u00fbr pour le four, le micro-ondes, le lave-vaisselle et le cong\u00e9lateur. Les couvercles ne vont pas au four ni au micro-ondes, veuillez retirer les couvercles avant de chauffer et de cuire les aliments. Il est s\u00fbr de laver les couvercles au lave-vaisselle, mais des temp\u00e9ratures \u00e9lev\u00e9es sur une longue p\u00e9riode peuvent d\u00e9former la garniture en silicone au bord du couvercle. Veuillez laver les couvercles \u00e0 la main autant que possible. 2. SANS BPA \u2013 Les contenants en verre sont sans BPA et fabriqu\u00e9s en verre borosilicat\u00e9 haute durabilit\u00e9 pour un \u00e9chauffement facile et une durabilit\u00e9 accrue. Verre non poreux, sans produits chimiques nocifs. (Couvercles sans BPA, attache \u00e0 verrouillage sp\u00e9cialement con\u00e7ue, couvercles sans fuite compl\u00e8tement herm\u00e9tiques \u00e0 l\u2019air et au liquide.)<\/p>","protected":false},"featured_media":991164,"comment_status":"closed","ping_status":"closed","template":"","meta":{"_acf_changed":false},"product_brand":[],"product_cat":[601,605],"product_tag":[],"class_list":{"0":"post-859","1":"product","2":"type-product","3":"status-publish","4":"has-post-thumbnail","6":"product_cat-food-beverage","7":"product_cat-glass-food-container","9":"first","10":"instock","11":"shipping-taxable","12":"product-type-simple"},"acf":[],"yoast_head":"<!-- This site is optimized with the Yoast SEO plugin v26.7 - https:\/\/yoast.com\/wordpress\/plugins\/seo\/ -->\n<title>Reusable Borosilicate Glass Meal Prep Bento Box Airtight Food Storage Containers With Bamboo Lids - Reihey Glass<\/title>\n<meta name=\"robots\" content=\"index, follow, max-snippet:-1, max-image-preview:large, max-video-preview:-1\" \/>\n<link rel=\"canonical\" href=\"https:\/\/reihey.com\/fr\/product\/reusable-borosilicate-glass-meal-prep-bento-box-airtight-food-storage-containers-with-bamboo-lids\/\" \/>\n<meta property=\"og:locale\" content=\"fr_FR\" \/>\n<meta property=\"og:type\" content=\"article\" \/>\n<meta property=\"og:title\" content=\"Reusable Borosilicate Glass Meal Prep Bento Box Airtight Food Storage Containers With Bamboo Lids - Reihey Glass\" \/>\n<meta property=\"og:description\" content=\"Material Color Capacity Cap &amp; Color Usage Packing   Borosilicate Glass Clear Square: 320ml Bamboo Cover Food 1. Standard export carton--Xpcs\/box, Ybox\/carton.     Square: 520ml   2. Curtom pack: white box with your logo.Color gift box with your logo     Square: 800ml        Square: 1200ml        Rectangle: 370ml        Rectangle: 640ml        Rectangle: 1040ml        Rectangle: 1520ml        Round: 620ml        Round: 950ml        Round: 1300ml           Material Borosilicate Glass   Color Clear   Capacity Square: 320ml Square: 520ml Square: 800ml Square: 1200ml Rectangle: 370ml Rectangle: 640ml Rectangle: 1040ml Rectangle: 1520ml Round: 620ml Round: 950ml Round: 1300ml   Cap &amp; Color Bamboo Cover   Usage Food   Packing 1. Standard export carton--Xpcs\/box, Ybox\/carton. 2. Curtom pack: white box with your logo.Color gift box with your logo    About this item 1.OVEN\/MICROWAVE\/FREEZER\/DISHWASHER SAFE-from -40\u2103\/-40\u2109 in freezer to 400\u2103\/752\u2109 in oven, safe for oven, microwave, dishwasher and freezer .The lids are not oven or microwave safe,please remove the lids before heating and cooking food.It&#039;s safe to wash the lids in the dishwasher, but high temperatures over a long period of time can deform the silicone sealing strip at the edge of the lid. Please wash the lids by hand as much as possible. 2.BPA FREE - The Glass Storage Containers are BPA Free, and made out of high-borosilicate glass for easy heating and durability. non-porous glass, Free of Harmful Chemicals.(BPA free lids, specially designed snap down, no leak lids are completely air and liquid proof.)\" \/>\n<meta property=\"og:url\" content=\"https:\/\/reihey.com\/fr\/product\/reusable-borosilicate-glass-meal-prep-bento-box-airtight-food-storage-containers-with-bamboo-lids\/\" \/>\n<meta property=\"og:site_name\" content=\"Reihey Glass\" \/>\n<meta property=\"article:modified_time\" content=\"2025-10-29T06:28:29+00:00\" \/>\n<meta property=\"og:image\" content=\"https:\/\/reihey.com\/wp-content\/uploads\/2025\/08\/Detail-07-2.jpg\" \/>\n\t<meta property=\"og:image:width\" content=\"750\" \/>\n\t<meta property=\"og:image:height\" content=\"750\" \/>\n\t<meta property=\"og:image:type\" content=\"image\/jpeg\" \/>\n<meta name=\"twitter:card\" content=\"summary_large_image\" \/>\n<meta name=\"twitter:label1\" content=\"Est. reading time\" \/>\n\t<meta name=\"twitter:data1\" content=\"1 minute\" \/>\n<script type=\"application\/ld+json\" class=\"yoast-schema-graph\">{\"@context\":\"https:\/\/schema.org\",\"@graph\":[{\"@type\":\"WebPage\",\"@id\":\"https:\/\/reihey.com\/product\/reusable-borosilicate-glass-meal-prep-bento-box-airtight-food-storage-containers-with-bamboo-lids\/\",\"url\":\"https:\/\/reihey.com\/product\/reusable-borosilicate-glass-meal-prep-bento-box-airtight-food-storage-containers-with-bamboo-lids\/\",\"name\":\"Reusable Borosilicate Glass Meal Prep Bento Box Airtight Food Storage Containers With Bamboo Lids - Reihey Glass\",\"isPartOf\":{\"@id\":\"https:\/\/reihey.com\/#website\"},\"primaryImageOfPage\":{\"@id\":\"https:\/\/reihey.com\/product\/reusable-borosilicate-glass-meal-prep-bento-box-airtight-food-storage-containers-with-bamboo-lids\/#primaryimage\"},\"image\":{\"@id\":\"https:\/\/reihey.com\/product\/reusable-borosilicate-glass-meal-prep-bento-box-airtight-food-storage-containers-with-bamboo-lids\/#primaryimage\"},\"thumbnailUrl\":\"https:\/\/reihey.com\/wp-content\/uploads\/2025\/08\/Detail-07-2.jpg\",\"datePublished\":\"2025-08-27T10:40:26+00:00\",\"dateModified\":\"2025-10-29T06:28:29+00:00\",\"breadcrumb\":{\"@id\":\"https:\/\/reihey.com\/product\/reusable-borosilicate-glass-meal-prep-bento-box-airtight-food-storage-containers-with-bamboo-lids\/#breadcrumb\"},\"inLanguage\":\"fr-FR\",\"potentialAction\":[{\"@type\":\"ReadAction\",\"target\":[\"https:\/\/reihey.com\/product\/reusable-borosilicate-glass-meal-prep-bento-box-airtight-food-storage-containers-with-bamboo-lids\/\"]}]},{\"@type\":\"ImageObject\",\"inLanguage\":\"fr-FR\",\"@id\":\"https:\/\/reihey.com\/product\/reusable-borosilicate-glass-meal-prep-bento-box-airtight-food-storage-containers-with-bamboo-lids\/#primaryimage\",\"url\":\"https:\/\/reihey.com\/wp-content\/uploads\/2025\/08\/Detail-07-2.jpg\",\"contentUrl\":\"https:\/\/reihey.com\/wp-content\/uploads\/2025\/08\/Detail-07-2.jpg\",\"width\":750,\"height\":750},{\"@type\":\"BreadcrumbList\",\"@id\":\"https:\/\/reihey.com\/product\/reusable-borosilicate-glass-meal-prep-bento-box-airtight-food-storage-containers-with-bamboo-lids\/#breadcrumb\",\"itemListElement\":[{\"@type\":\"ListItem\",\"position\":1,\"name\":\"Home\",\"item\":\"https:\/\/reihey.com\/\"},{\"@type\":\"ListItem\",\"position\":2,\"name\":\"Shop\",\"item\":\"https:\/\/reihey.com\/shop\/\"},{\"@type\":\"ListItem\",\"position\":3,\"name\":\"Reusable Borosilicate Glass Meal Prep Bento Box Airtight Food Storage Containers With Bamboo Lids\"}]},{\"@type\":\"WebSite\",\"@id\":\"https:\/\/reihey.com\/#website\",\"url\":\"https:\/\/reihey.com\/\",\"name\":\"Reihey Glass\",\"description\":\"\",\"publisher\":{\"@id\":\"https:\/\/reihey.com\/#organization\"},\"potentialAction\":[{\"@type\":\"SearchAction\",\"target\":{\"@type\":\"EntryPoint\",\"urlTemplate\":\"https:\/\/reihey.com\/?s={search_term_string}\"},\"query-input\":{\"@type\":\"PropertyValueSpecification\",\"valueRequired\":true,\"valueName\":\"search_term_string\"}}],\"inLanguage\":\"fr-FR\"},{\"@type\":\"Organization\",\"@id\":\"https:\/\/reihey.com\/#organization\",\"name\":\"Reihey Glass\",\"url\":\"https:\/\/reihey.com\/\",\"logo\":{\"@type\":\"ImageObject\",\"inLanguage\":\"fr-FR\",\"@id\":\"https:\/\/reihey.com\/#\/schema\/logo\/image\/\",\"url\":\"https:\/\/reihey.com\/wp-content\/uploads\/2023\/07\/Reihey-logo-2026.svg\",\"contentUrl\":\"https:\/\/reihey.com\/wp-content\/uploads\/2023\/07\/Reihey-logo-2026.svg\",\"width\":1984,\"height\":566,\"caption\":\"Reihey Glass\"},\"image\":{\"@id\":\"https:\/\/reihey.com\/#\/schema\/logo\/image\/\"}}]}<\/script>\n<!-- \/ Yoast SEO plugin. -->","yoast_head_json":{"title":"Bo\u00eete repas Bento en verre borosilicat\u00e9 r\u00e9utilisable et herm\u00e9tique avec couvercles en bambou - Verre Reich Glass","robots":{"index":"index","follow":"follow","max-snippet":"max-snippet:-1","max-image-preview":"max-image-preview:large","max-video-preview":"max-video-preview:-1"},"canonical":"https:\/\/reihey.com\/fr\/product\/reusable-borosilicate-glass-meal-prep-bento-box-airtight-food-storage-containers-with-bamboo-lids\/","og_locale":"fr_FR","og_type":"article","og_title":"Reusable Borosilicate Glass Meal Prep Bento Box Airtight Food Storage Containers With Bamboo Lids - Reihey Glass","og_description":"Material Color Capacity Cap &amp; Color Usage Packing   Borosilicate Glass Clear Square: 320ml Bamboo Cover Food 1. Standard export carton--Xpcs\/box, Ybox\/carton.     Square: 520ml   2. Curtom pack: white box with your logo.Color gift box with your logo     Square: 800ml        Square: 1200ml        Rectangle: 370ml        Rectangle: 640ml        Rectangle: 1040ml        Rectangle: 1520ml        Round: 620ml        Round: 950ml        Round: 1300ml           Material Borosilicate Glass   Color Clear   Capacity Square: 320ml Square: 520ml Square: 800ml Square: 1200ml Rectangle: 370ml Rectangle: 640ml Rectangle: 1040ml Rectangle: 1520ml Round: 620ml Round: 950ml Round: 1300ml   Cap &amp; Color Bamboo Cover   Usage Food   Packing 1. Standard export carton--Xpcs\/box, Ybox\/carton. 2. Curtom pack: white box with your logo.Color gift box with your logo    About this item 1.OVEN\/MICROWAVE\/FREEZER\/DISHWASHER SAFE-from -40\u2103\/-40\u2109 in freezer to 400\u2103\/752\u2109 in oven, safe for oven, microwave, dishwasher and freezer .The lids are not oven or microwave safe,please remove the lids before heating and cooking food.It's safe to wash the lids in the dishwasher, but high temperatures over a long period of time can deform the silicone sealing strip at the edge of the lid. Please wash the lids by hand as much as possible. 2.BPA FREE - The Glass Storage Containers are BPA Free, and made out of high-borosilicate glass for easy heating and durability. non-porous glass, Free of Harmful Chemicals.(BPA free lids, specially designed snap down, no leak lids are completely air and liquid proof.)","og_url":"https:\/\/reihey.com\/fr\/product\/reusable-borosilicate-glass-meal-prep-bento-box-airtight-food-storage-containers-with-bamboo-lids\/","og_site_name":"Reihey Glass","article_modified_time":"2025-10-29T06:28:29+00:00","og_image":[{"width":750,"height":750,"url":"https:\/\/reihey.com\/wp-content\/uploads\/2025\/08\/Detail-07-2.jpg","type":"image\/jpeg"}],"twitter_card":"summary_large_image","twitter_misc":{"Est. reading time":"1 minute"},"schema":{"@context":"https:\/\/schema.org","@graph":[{"@type":"WebPage","@id":"https:\/\/reihey.com\/product\/reusable-borosilicate-glass-meal-prep-bento-box-airtight-food-storage-containers-with-bamboo-lids\/","url":"https:\/\/reihey.com\/product\/reusable-borosilicate-glass-meal-prep-bento-box-airtight-food-storage-containers-with-bamboo-lids\/","name":"Bo\u00eete repas Bento en verre borosilicat\u00e9 r\u00e9utilisable et herm\u00e9tique avec couvercles en bambou - Verre Reich Glass","isPartOf":{"@id":"https:\/\/reihey.com\/#website"},"primaryImageOfPage":{"@id":"https:\/\/reihey.com\/product\/reusable-borosilicate-glass-meal-prep-bento-box-airtight-food-storage-containers-with-bamboo-lids\/#primaryimage"},"image":{"@id":"https:\/\/reihey.com\/product\/reusable-borosilicate-glass-meal-prep-bento-box-airtight-food-storage-containers-with-bamboo-lids\/#primaryimage"},"thumbnailUrl":"https:\/\/reihey.com\/wp-content\/uploads\/2025\/08\/Detail-07-2.jpg","datePublished":"2025-08-27T10:40:26+00:00","dateModified":"2025-10-29T06:28:29+00:00","breadcrumb":{"@id":"https:\/\/reihey.com\/product\/reusable-borosilicate-glass-meal-prep-bento-box-airtight-food-storage-containers-with-bamboo-lids\/#breadcrumb"},"inLanguage":"fr-FR","potentialAction":[{"@type":"ReadAction","target":["https:\/\/reihey.com\/product\/reusable-borosilicate-glass-meal-prep-bento-box-airtight-food-storage-containers-with-bamboo-lids\/"]}]},{"@type":"ImageObject","inLanguage":"fr-FR","@id":"https:\/\/reihey.com\/product\/reusable-borosilicate-glass-meal-prep-bento-box-airtight-food-storage-containers-with-bamboo-lids\/#primaryimage","url":"https:\/\/reihey.com\/wp-content\/uploads\/2025\/08\/Detail-07-2.jpg","contentUrl":"https:\/\/reihey.com\/wp-content\/uploads\/2025\/08\/Detail-07-2.jpg","width":750,"height":750},{"@type":"BreadcrumbList","@id":"https:\/\/reihey.com\/product\/reusable-borosilicate-glass-meal-prep-bento-box-airtight-food-storage-containers-with-bamboo-lids\/#breadcrumb","itemListElement":[{"@type":"ListItem","position":1,"name":"Home","item":"https:\/\/reihey.com\/"},{"@type":"ListItem","position":2,"name":"Shop","item":"https:\/\/reihey.com\/shop\/"},{"@type":"ListItem","position":3,"name":"Reusable Borosilicate Glass Meal Prep Bento Box Airtight Food Storage Containers With Bamboo Lids"}]},{"@type":"WebSite","@id":"https:\/\/reihey.com\/#website","url":"https:\/\/reihey.com\/","name":"Verre Reiheney","description":"","publisher":{"@id":"https:\/\/reihey.com\/#organization"},"potentialAction":[{"@type":"SearchAction","target":{"@type":"EntryPoint","urlTemplate":"https:\/\/reihey.com\/?s={search_term_string}"},"query-input":{"@type":"PropertyValueSpecification","valueRequired":true,"valueName":"search_term_string"}}],"inLanguage":"fr-FR"},{"@type":"Organization","@id":"https:\/\/reihey.com\/#organization","name":"Verre Reiheney","url":"https:\/\/reihey.com\/","logo":{"@type":"ImageObject","inLanguage":"fr-FR","@id":"https:\/\/reihey.com\/#\/schema\/logo\/image\/","url":"https:\/\/reihey.com\/wp-content\/uploads\/2023\/07\/Reihey-logo-2026.svg","contentUrl":"https:\/\/reihey.com\/wp-content\/uploads\/2023\/07\/Reihey-logo-2026.svg","width":1984,"height":566,"caption":"Reihey Glass"},"image":{"@id":"https:\/\/reihey.com\/#\/schema\/logo\/image\/"}}]}},"_links":{"self":[{"href":"https:\/\/reihey.com\/fr\/wp-json\/wp\/v2\/product\/859","targetHints":{"allow":["GET"]}}],"collection":[{"href":"https:\/\/reihey.com\/fr\/wp-json\/wp\/v2\/product"}],"about":[{"href":"https:\/\/reihey.com\/fr\/wp-json\/wp\/v2\/types\/product"}],"replies":[{"embeddable":true,"href":"https:\/\/reihey.com\/fr\/wp-json\/wp\/v2\/comments?post=859"}],"version-history":[{"count":4,"href":"https:\/\/reihey.com\/fr\/wp-json\/wp\/v2\/product\/859\/revisions"}],"predecessor-version":[{"id":998212,"href":"https:\/\/reihey.com\/fr\/wp-json\/wp\/v2\/product\/859\/revisions\/998212"}],"wp:featuredmedia":[{"embeddable":true,"href":"https:\/\/reihey.com\/fr\/wp-json\/wp\/v2\/media\/991164"}],"wp:attachment":[{"href":"https:\/\/reihey.com\/fr\/wp-json\/wp\/v2\/media?parent=859"}],"wp:term":[{"taxonomy":"product_brand","embeddable":true,"href":"https:\/\/reihey.com\/fr\/wp-json\/wp\/v2\/product_brand?post=859"},{"taxonomy":"product_cat","embeddable":true,"href":"https:\/\/reihey.com\/fr\/wp-json\/wp\/v2\/product_cat?post=859"},{"taxonomy":"product_tag","embeddable":true,"href":"https:\/\/reihey.com\/fr\/wp-json\/wp\/v2\/product_tag?post=859"}],"curies":[{"name":"wp","href":"https:\/\/api.w.org\/{rel}","templated":true}]}}