{"id":568,"date":"2025-08-27T10:39:39","date_gmt":"2025-08-27T10:39:39","guid":{"rendered":"https:\/\/slot71.silverline.dev\/?post_type=product&#038;p=568"},"modified":"2025-10-29T06:28:20","modified_gmt":"2025-10-29T06:28:20","slug":"custom-clock-hour-glass-sand-timer-with-colorful-sand-mini-timed-hourglass-timer","status":"publish","type":"product","link":"https:\/\/reihey.com\/fr\/product\/custom-clock-hour-glass-sand-timer-with-colorful-sand-mini-timed-hourglass-timer\/","title":{"rendered":"Timer en sable personnalis\u00e9 avec sablier horloge couleur sablier mini chronom\u00e9tr\u00e9"},"content":{"rendered":"","protected":false},"excerpt":{"rendered":"<table class=\"desk-tab\">\n<tbody>\n<tr>\n<th>Mat\u00e9riel<\/th>\n<th>Capacit\u00e9<\/th>\n<th>Taille<\/th>\n<th>Couleur du sable<\/th>\n<th>Utilisation<\/th>\n<th>Conditionnement<\/th>\n<\/tr>\n<tr>\n<td>Verre borosilicat\u00e9 \u00e9lev\u00e9<\/td>\n<td>1 Minute<\/td>\n<td>4,4\u00d79,8 cm<\/td>\n<td>Rose<\/td>\n<td>Minuteur de cuisine<\/td>\n<td>1. Carton d'exportation standard\u2013Xpcs\/bo\u00eete, Ybo\u00eete\/carton.<\/td>\n<\/tr>\n<tr>\n<td>Sable<\/td>\n<td>3 Minutes<\/td>\n<td><\/td>\n<td>Bleu<\/td>\n<td>Minuteur d\u2019\u0153ufs<\/td>\n<td>2. Pack personnalis\u00e9 : bo\u00eete blanche avec votre logo, bo\u00eete cadeau couleur avec votre logo<\/td>\n<\/tr>\n<tr>\n<td><\/td>\n<td>5 Minutes<\/td>\n<td><\/td>\n<td>Violet<\/td>\n<td>Souvenir<\/td>\n<td><\/td>\n<\/tr>\n<tr>\n<td><\/td>\n<td>10 Minutes<\/td>\n<td><\/td>\n<td>Personnalis\u00e9<\/td>\n<td><\/td>\n<td><\/td>\n<\/tr>\n<tr>\n<td><\/td>\n<td>15 Minutes<\/td>\n<td><\/td>\n<td><\/td>\n<td><\/td>\n<td><\/td>\n<\/tr>\n<tr>\n<td><\/td>\n<td>30 Minutes<\/td>\n<td><\/td>\n<td><\/td>\n<td><\/td>\n<td><\/td>\n<\/tr>\n<tr>\n<td><\/td>\n<td>45 Minutes<\/td>\n<td><\/td>\n<td><\/td>\n<td><\/td>\n<td><\/td>\n<\/tr>\n<tr>\n<td><\/td>\n<td>60 Minutes<\/td>\n<td><\/td>\n<td><\/td>\n<td><\/td>\n<td><\/td>\n<\/tr>\n<\/tbody>\n<\/table>\n<p><!-- Mobile Table --><\/p>\n<table class=\"mob-tab\">\n<tbody>\n<tr>\n<th>Mat\u00e9riel<\/th>\n<td>Verre borosilicate haute qualit\u00e9 + sable<\/td>\n<\/tr>\n<tr>\n<th>Capacit\u00e9<\/th>\n<td>1 Minute<br \/>\n3 Minutes<br \/>\n5 Minutes<br \/>\n10 Minutes<br \/>\n15 Minutes<br \/>\n30 Minutes<br \/>\n45 Minutes<br \/>\n60 Minutes<\/td>\n<\/tr>\n<tr>\n<th>Taille<\/th>\n<td>4,4\u00d79,8 cm<\/td>\n<\/tr>\n<tr>\n<th>Couleur du sable<\/th>\n<td>Rose<br \/>\nBleu<br \/>\nViolet\/Personnalis\u00e9<\/td>\n<\/tr>\n<tr>\n<th>Utilisation<\/th>\n<td>Minuteur de cuisine<br \/>\nMinuteur d\u2019\u0153ufs<br \/>\nSouvenir<\/td>\n<\/tr>\n<tr>\n<th>Conditionnement<\/th>\n<td>1. Carton d'exportation standard\u2013Xpcs\/bo\u00eete, Ybo\u00eete\/carton.<br \/>\n2. Pack personnalis\u00e9 : bo\u00eete blanche avec votre logo, bo\u00eete cadeau couleur avec votre logo<\/td>\n<\/tr>\n<\/tbody>\n<\/table>\n<p><strong>\u00c0 propos de cet article<\/strong><br \/>\n1. Mat\u00e9riau durable et s\u00fbr : Fabriqu\u00e9 en verre borosilicat\u00e9 de haute qualit\u00e9, sable non toxique et couvercle en acrylique ABS durable, qui ne se cassera pas facilement m\u00eame s'il tombe sur le sol. 2. Excellent outil de gestion du temps : le sablier fournit une aide visuelle pour savoir combien de temps il reste et les enfants connaissent une p\u00e9riode de temps sur laquelle ils doivent lire, jouer, regarder, etc. Bonne fa\u00e7on de vaincre la procrastination. Le sable expirera silencieusement, permettant \u00e0 quelqu'un d'oublier le temps et de profiter du temps. Cela a grandement facilit\u00e9 notre vie. 3. Utilisations diverses : Id\u00e9al pour l'utilisation en classe, le temps de jeu, le brossage des dents des enfants, l'apprentissage chez l'enfant, l'autocontr\u00f4le, la formation psychologique et la cuisine. Remarque : ce sablier n'est pas un dispositif de minutage de pr\u00e9cision, il existe donc une d\u00e9rive du temps.<\/p>","protected":false},"featured_media":991125,"comment_status":"closed","ping_status":"closed","template":"","meta":{"_acf_changed":false},"product_brand":[],"product_cat":[632,599],"product_tag":[],"class_list":{"0":"post-568","1":"product","2":"type-product","3":"status-publish","4":"has-post-thumbnail","6":"product_cat-home-decor","7":"product_cat-hourglass","9":"first","10":"instock","11":"shipping-taxable","12":"product-type-simple"},"acf":[],"yoast_head":"<!-- This site is optimized with the Yoast SEO plugin v26.7 - https:\/\/yoast.com\/wordpress\/plugins\/seo\/ -->\n<title>Custom Clock Hour Glass Sand Timer with Colorful Sand Mini Timed Hourglass Timer - Reihey Glass<\/title>\n<meta name=\"robots\" content=\"index, follow, max-snippet:-1, max-image-preview:large, max-video-preview:-1\" \/>\n<link rel=\"canonical\" href=\"https:\/\/reihey.com\/fr\/product\/custom-clock-hour-glass-sand-timer-with-colorful-sand-mini-timed-hourglass-timer\/\" \/>\n<meta property=\"og:locale\" content=\"fr_FR\" \/>\n<meta property=\"og:type\" content=\"article\" \/>\n<meta property=\"og:title\" content=\"Custom Clock Hour Glass Sand Timer with Colorful Sand Mini Timed Hourglass Timer - Reihey Glass\" \/>\n<meta property=\"og:description\" content=\"Material Capacity Size Sand Color Usage Packing   High borosilicate glass 1 Minute 4.4*9.8cm Pink Kitchen Timer 1. Standard export carton--Xpcs\/box, Ybox\/carton.   Sand 3 Minutes  Blue Egg Timer 2. Custom pack: white box with your logo, Color gift box with your logo    5 Minutes  Purple Souvenir     10 Minutes  Custom      15 Minutes        30 Minutes        45 Minutes        60 Minutes            Material High borosilicate glass + sand   Capacity 1 Minute 3 Minutes 5 Minutes 10 Minutes 15 Minutes 30 Minutes 45 Minutes 60 Minutes   Size 4.4*9.8cm   Sand Color Pink Blue Purple\/Custom   Usage Kitchen Timer Egg Timer Souvenir   Packing 1. Standard export carton--Xpcs\/box, Ybox\/carton. 2. Custom pack: white box with your logo, Color gift box with your logo    About this item 1.Durable &amp; Safe Material: Made of high quality borosilicate glass, non-toxic sand, and durable Acrylic, ABS cover, which won\u2019t break easily even if descend on floor. 2.Great Time Management Tool: The hourglass sand timer give a visual aid to know how much time is left and kids know a time frame of how long they need to read, play, watch ect. Good way to beat procrastination. The sand will quietly expire, allowing someone to forget time and enjoy time. This made our life much easier.3.Widely Use : Ideal for classroom use, game time, kids&#039; tooth brushing, child learning, self- control, psychological training and cooking. Note: This sand timer is not a precision timing device, so there is time deviation.\" \/>\n<meta property=\"og:url\" content=\"https:\/\/reihey.com\/fr\/product\/custom-clock-hour-glass-sand-timer-with-colorful-sand-mini-timed-hourglass-timer\/\" \/>\n<meta property=\"og:site_name\" content=\"Reihey Glass\" \/>\n<meta property=\"article:modified_time\" content=\"2025-10-29T06:28:20+00:00\" \/>\n<meta property=\"og:image\" content=\"https:\/\/reihey.com\/wp-content\/uploads\/2025\/08\/Gourglass6.jpg\" \/>\n\t<meta property=\"og:image:width\" content=\"1001\" \/>\n\t<meta property=\"og:image:height\" content=\"1001\" \/>\n\t<meta property=\"og:image:type\" content=\"image\/jpeg\" \/>\n<meta name=\"twitter:card\" content=\"summary_large_image\" \/>\n<meta name=\"twitter:label1\" content=\"Est. reading time\" \/>\n\t<meta name=\"twitter:data1\" content=\"1 minute\" \/>\n<script type=\"application\/ld+json\" class=\"yoast-schema-graph\">{\"@context\":\"https:\/\/schema.org\",\"@graph\":[{\"@type\":\"WebPage\",\"@id\":\"https:\/\/reihey.com\/product\/custom-clock-hour-glass-sand-timer-with-colorful-sand-mini-timed-hourglass-timer\/\",\"url\":\"https:\/\/reihey.com\/product\/custom-clock-hour-glass-sand-timer-with-colorful-sand-mini-timed-hourglass-timer\/\",\"name\":\"Custom Clock Hour Glass Sand Timer with Colorful Sand Mini Timed Hourglass Timer - Reihey Glass\",\"isPartOf\":{\"@id\":\"https:\/\/reihey.com\/#website\"},\"primaryImageOfPage\":{\"@id\":\"https:\/\/reihey.com\/product\/custom-clock-hour-glass-sand-timer-with-colorful-sand-mini-timed-hourglass-timer\/#primaryimage\"},\"image\":{\"@id\":\"https:\/\/reihey.com\/product\/custom-clock-hour-glass-sand-timer-with-colorful-sand-mini-timed-hourglass-timer\/#primaryimage\"},\"thumbnailUrl\":\"https:\/\/reihey.com\/wp-content\/uploads\/2025\/08\/Gourglass6.jpg\",\"datePublished\":\"2025-08-27T10:39:39+00:00\",\"dateModified\":\"2025-10-29T06:28:20+00:00\",\"breadcrumb\":{\"@id\":\"https:\/\/reihey.com\/product\/custom-clock-hour-glass-sand-timer-with-colorful-sand-mini-timed-hourglass-timer\/#breadcrumb\"},\"inLanguage\":\"fr-FR\",\"potentialAction\":[{\"@type\":\"ReadAction\",\"target\":[\"https:\/\/reihey.com\/product\/custom-clock-hour-glass-sand-timer-with-colorful-sand-mini-timed-hourglass-timer\/\"]}]},{\"@type\":\"ImageObject\",\"inLanguage\":\"fr-FR\",\"@id\":\"https:\/\/reihey.com\/product\/custom-clock-hour-glass-sand-timer-with-colorful-sand-mini-timed-hourglass-timer\/#primaryimage\",\"url\":\"https:\/\/reihey.com\/wp-content\/uploads\/2025\/08\/Gourglass6.jpg\",\"contentUrl\":\"https:\/\/reihey.com\/wp-content\/uploads\/2025\/08\/Gourglass6.jpg\",\"width\":1001,\"height\":1001},{\"@type\":\"BreadcrumbList\",\"@id\":\"https:\/\/reihey.com\/product\/custom-clock-hour-glass-sand-timer-with-colorful-sand-mini-timed-hourglass-timer\/#breadcrumb\",\"itemListElement\":[{\"@type\":\"ListItem\",\"position\":1,\"name\":\"Home\",\"item\":\"https:\/\/reihey.com\/\"},{\"@type\":\"ListItem\",\"position\":2,\"name\":\"Shop\",\"item\":\"https:\/\/reihey.com\/shop\/\"},{\"@type\":\"ListItem\",\"position\":3,\"name\":\"Custom Clock Hour Glass Sand Timer with Colorful Sand Mini Timed Hourglass Timer\"}]},{\"@type\":\"WebSite\",\"@id\":\"https:\/\/reihey.com\/#website\",\"url\":\"https:\/\/reihey.com\/\",\"name\":\"Reihey Glass\",\"description\":\"\",\"publisher\":{\"@id\":\"https:\/\/reihey.com\/#organization\"},\"potentialAction\":[{\"@type\":\"SearchAction\",\"target\":{\"@type\":\"EntryPoint\",\"urlTemplate\":\"https:\/\/reihey.com\/?s={search_term_string}\"},\"query-input\":{\"@type\":\"PropertyValueSpecification\",\"valueRequired\":true,\"valueName\":\"search_term_string\"}}],\"inLanguage\":\"fr-FR\"},{\"@type\":\"Organization\",\"@id\":\"https:\/\/reihey.com\/#organization\",\"name\":\"Reihey Glass\",\"url\":\"https:\/\/reihey.com\/\",\"logo\":{\"@type\":\"ImageObject\",\"inLanguage\":\"fr-FR\",\"@id\":\"https:\/\/reihey.com\/#\/schema\/logo\/image\/\",\"url\":\"https:\/\/reihey.com\/wp-content\/uploads\/2023\/07\/Reihey-logo-2026.svg\",\"contentUrl\":\"https:\/\/reihey.com\/wp-content\/uploads\/2023\/07\/Reihey-logo-2026.svg\",\"width\":1984,\"height\":566,\"caption\":\"Reihey Glass\"},\"image\":{\"@id\":\"https:\/\/reihey.com\/#\/schema\/logo\/image\/\"}}]}<\/script>\n<!-- \/ Yoast SEO plugin. -->","yoast_head_json":{"title":"Sablier horloge personnalis\u00e9 avec sable color\u00e9 Mini sablier - Reihey Glass","robots":{"index":"index","follow":"follow","max-snippet":"max-snippet:-1","max-image-preview":"max-image-preview:large","max-video-preview":"max-video-preview:-1"},"canonical":"https:\/\/reihey.com\/fr\/product\/custom-clock-hour-glass-sand-timer-with-colorful-sand-mini-timed-hourglass-timer\/","og_locale":"fr_FR","og_type":"article","og_title":"Custom Clock Hour Glass Sand Timer with Colorful Sand Mini Timed Hourglass Timer - Reihey Glass","og_description":"Material Capacity Size Sand Color Usage Packing   High borosilicate glass 1 Minute 4.4*9.8cm Pink Kitchen Timer 1. Standard export carton--Xpcs\/box, Ybox\/carton.   Sand 3 Minutes  Blue Egg Timer 2. Custom pack: white box with your logo, Color gift box with your logo    5 Minutes  Purple Souvenir     10 Minutes  Custom      15 Minutes        30 Minutes        45 Minutes        60 Minutes            Material High borosilicate glass + sand   Capacity 1 Minute 3 Minutes 5 Minutes 10 Minutes 15 Minutes 30 Minutes 45 Minutes 60 Minutes   Size 4.4*9.8cm   Sand Color Pink Blue Purple\/Custom   Usage Kitchen Timer Egg Timer Souvenir   Packing 1. Standard export carton--Xpcs\/box, Ybox\/carton. 2. Custom pack: white box with your logo, Color gift box with your logo    About this item 1.Durable &amp; Safe Material: Made of high quality borosilicate glass, non-toxic sand, and durable Acrylic, ABS cover, which won\u2019t break easily even if descend on floor. 2.Great Time Management Tool: The hourglass sand timer give a visual aid to know how much time is left and kids know a time frame of how long they need to read, play, watch ect. Good way to beat procrastination. The sand will quietly expire, allowing someone to forget time and enjoy time. This made our life much easier.3.Widely Use : Ideal for classroom use, game time, kids' tooth brushing, child learning, self- control, psychological training and cooking. Note: This sand timer is not a precision timing device, so there is time deviation.","og_url":"https:\/\/reihey.com\/fr\/product\/custom-clock-hour-glass-sand-timer-with-colorful-sand-mini-timed-hourglass-timer\/","og_site_name":"Reihey Glass","article_modified_time":"2025-10-29T06:28:20+00:00","og_image":[{"width":1001,"height":1001,"url":"https:\/\/reihey.com\/wp-content\/uploads\/2025\/08\/Gourglass6.jpg","type":"image\/jpeg"}],"twitter_card":"summary_large_image","twitter_misc":{"Est. reading time":"1 minute"},"schema":{"@context":"https:\/\/schema.org","@graph":[{"@type":"WebPage","@id":"https:\/\/reihey.com\/product\/custom-clock-hour-glass-sand-timer-with-colorful-sand-mini-timed-hourglass-timer\/","url":"https:\/\/reihey.com\/product\/custom-clock-hour-glass-sand-timer-with-colorful-sand-mini-timed-hourglass-timer\/","name":"Sablier horloge personnalis\u00e9 avec sable color\u00e9 Mini sablier - Reihey Glass","isPartOf":{"@id":"https:\/\/reihey.com\/#website"},"primaryImageOfPage":{"@id":"https:\/\/reihey.com\/product\/custom-clock-hour-glass-sand-timer-with-colorful-sand-mini-timed-hourglass-timer\/#primaryimage"},"image":{"@id":"https:\/\/reihey.com\/product\/custom-clock-hour-glass-sand-timer-with-colorful-sand-mini-timed-hourglass-timer\/#primaryimage"},"thumbnailUrl":"https:\/\/reihey.com\/wp-content\/uploads\/2025\/08\/Gourglass6.jpg","datePublished":"2025-08-27T10:39:39+00:00","dateModified":"2025-10-29T06:28:20+00:00","breadcrumb":{"@id":"https:\/\/reihey.com\/product\/custom-clock-hour-glass-sand-timer-with-colorful-sand-mini-timed-hourglass-timer\/#breadcrumb"},"inLanguage":"fr-FR","potentialAction":[{"@type":"ReadAction","target":["https:\/\/reihey.com\/product\/custom-clock-hour-glass-sand-timer-with-colorful-sand-mini-timed-hourglass-timer\/"]}]},{"@type":"ImageObject","inLanguage":"fr-FR","@id":"https:\/\/reihey.com\/product\/custom-clock-hour-glass-sand-timer-with-colorful-sand-mini-timed-hourglass-timer\/#primaryimage","url":"https:\/\/reihey.com\/wp-content\/uploads\/2025\/08\/Gourglass6.jpg","contentUrl":"https:\/\/reihey.com\/wp-content\/uploads\/2025\/08\/Gourglass6.jpg","width":1001,"height":1001},{"@type":"BreadcrumbList","@id":"https:\/\/reihey.com\/product\/custom-clock-hour-glass-sand-timer-with-colorful-sand-mini-timed-hourglass-timer\/#breadcrumb","itemListElement":[{"@type":"ListItem","position":1,"name":"Home","item":"https:\/\/reihey.com\/"},{"@type":"ListItem","position":2,"name":"Shop","item":"https:\/\/reihey.com\/shop\/"},{"@type":"ListItem","position":3,"name":"Custom Clock Hour Glass Sand Timer with Colorful Sand Mini Timed Hourglass Timer"}]},{"@type":"WebSite","@id":"https:\/\/reihey.com\/#website","url":"https:\/\/reihey.com\/","name":"Verre Reiheney","description":"","publisher":{"@id":"https:\/\/reihey.com\/#organization"},"potentialAction":[{"@type":"SearchAction","target":{"@type":"EntryPoint","urlTemplate":"https:\/\/reihey.com\/?s={search_term_string}"},"query-input":{"@type":"PropertyValueSpecification","valueRequired":true,"valueName":"search_term_string"}}],"inLanguage":"fr-FR"},{"@type":"Organization","@id":"https:\/\/reihey.com\/#organization","name":"Verre Reiheney","url":"https:\/\/reihey.com\/","logo":{"@type":"ImageObject","inLanguage":"fr-FR","@id":"https:\/\/reihey.com\/#\/schema\/logo\/image\/","url":"https:\/\/reihey.com\/wp-content\/uploads\/2023\/07\/Reihey-logo-2026.svg","contentUrl":"https:\/\/reihey.com\/wp-content\/uploads\/2023\/07\/Reihey-logo-2026.svg","width":1984,"height":566,"caption":"Reihey Glass"},"image":{"@id":"https:\/\/reihey.com\/#\/schema\/logo\/image\/"}}]}},"_links":{"self":[{"href":"https:\/\/reihey.com\/fr\/wp-json\/wp\/v2\/product\/568","targetHints":{"allow":["GET"]}}],"collection":[{"href":"https:\/\/reihey.com\/fr\/wp-json\/wp\/v2\/product"}],"about":[{"href":"https:\/\/reihey.com\/fr\/wp-json\/wp\/v2\/types\/product"}],"replies":[{"embeddable":true,"href":"https:\/\/reihey.com\/fr\/wp-json\/wp\/v2\/comments?post=568"}],"version-history":[{"count":5,"href":"https:\/\/reihey.com\/fr\/wp-json\/wp\/v2\/product\/568\/revisions"}],"predecessor-version":[{"id":998205,"href":"https:\/\/reihey.com\/fr\/wp-json\/wp\/v2\/product\/568\/revisions\/998205"}],"wp:featuredmedia":[{"embeddable":true,"href":"https:\/\/reihey.com\/fr\/wp-json\/wp\/v2\/media\/991125"}],"wp:attachment":[{"href":"https:\/\/reihey.com\/fr\/wp-json\/wp\/v2\/media?parent=568"}],"wp:term":[{"taxonomy":"product_brand","embeddable":true,"href":"https:\/\/reihey.com\/fr\/wp-json\/wp\/v2\/product_brand?post=568"},{"taxonomy":"product_cat","embeddable":true,"href":"https:\/\/reihey.com\/fr\/wp-json\/wp\/v2\/product_cat?post=568"},{"taxonomy":"product_tag","embeddable":true,"href":"https:\/\/reihey.com\/fr\/wp-json\/wp\/v2\/product_tag?post=568"}],"curies":[{"name":"wp","href":"https:\/\/api.w.org\/{rel}","templated":true}]}}