{"id":5181,"date":"2025-08-27T10:50:04","date_gmt":"2025-08-27T10:50:04","guid":{"rendered":"https:\/\/slot71.silverline.dev\/?post_type=product&#038;p=5181"},"modified":"2025-10-28T13:27:37","modified_gmt":"2025-10-28T13:27:37","slug":"8oz-crystal-glass-martini-cocktail-glass","status":"publish","type":"product","link":"https:\/\/reihey.com\/fr\/product\/8oz-crystal-glass-martini-cocktail-glass\/","title":{"rendered":"Verre \u00e0 Martini en cristal 8oz"},"content":{"rendered":"","protected":false},"excerpt":{"rendered":"<table class=\"desk-tab\">\n<tbody>\n<tr>\n<th>Nom<\/th>\n<th>Mat\u00e9riel<\/th>\n<th>Capacit\u00e9<\/th>\n<th>Couleur<\/th>\n<th>Taille<\/th>\n<th>Utilisation<\/th>\n<th>Conditionnement<\/th>\n<\/tr>\n<tr>\n<td>Verres \u00e0 cocktail<\/td>\n<td>Verre<\/td>\n<td>8 oz<\/td>\n<td>Transparent<\/td>\n<td>180*115mm<\/td>\n<td>Cocktail<\/td>\n<td>1. Carton d'exportation standard\u2013Xpcs\/bo\u00eete, Ybo\u00eete\/carton.<\/td>\n<\/tr>\n<tr>\n<td><\/td>\n<td><\/td>\n<td><\/td>\n<td><\/td>\n<td><\/td>\n<td><\/td>\n<td>2. Pack personnalis\u00e9 : bo\u00eete blanche avec votre LOGO<\/td>\n<\/tr>\n<tr>\n<td><\/td>\n<td><\/td>\n<td><\/td>\n<td><\/td>\n<td><\/td>\n<td><\/td>\n<td>3. Bo\u00eete cadeau couleur avec votre logo<\/td>\n<\/tr>\n<\/tbody>\n<\/table>\n<table class=\"mob-tab\">\n<tbody>\n<tr>\n<th>Nom<\/th>\n<td>Verres \u00e0 cocktail<\/td>\n<\/tr>\n<tr>\n<th>Mat\u00e9riel<\/th>\n<td>Verre<\/td>\n<\/tr>\n<tr>\n<th>Capacit\u00e9<\/th>\n<td>8 oz<\/td>\n<\/tr>\n<tr>\n<th>Couleur<\/th>\n<td>Transparent<\/td>\n<\/tr>\n<tr>\n<th>Taille<\/th>\n<td>180*115mm<\/td>\n<\/tr>\n<tr>\n<th>Utilisation<\/th>\n<td>Cocktail<\/td>\n<\/tr>\n<tr>\n<th>Conditionnement<\/th>\n<td>\n        1. Carton d'exportation standard\u2013Xpcs\/bo\u00eete, Ybo\u00eete\/carton.<br \/>\n        2. Pack personnalis\u00e9 : bo\u00eete blanche avec votre LOGO<br \/>\n        3. Bo\u00eete cadeau couleur avec votre logo\n      <\/td>\n<\/tr>\n<\/tbody>\n<\/table>\n<p>MULTIPURPOSE: Peut \u00eatre utilis\u00e9 pour diff\u00e9rentes boissons, y compris la pr\u00e9paration de cocktails \u00e9l\u00e9gants avec du champagne et du martini dans votre bar \u00e0 domicile, ainsi que la pr\u00e9paration de desserts coupe sucr\u00e9s dans votre cuisine.<\/p>\n<p>IMPRESSIONNEZ VOS GUESTS: Adapt\u00e9 \u00e0 chaque occasion et \u00e0 chaque type de boisson, durable et lavable au lave-vaisselle pour un nettoyage rapide et facile<\/p>","protected":false},"featured_media":991669,"comment_status":"closed","ping_status":"closed","template":"","meta":{"_acf_changed":false},"product_brand":[],"product_cat":[640,637],"product_tag":[],"class_list":{"0":"post-5181","1":"product","2":"type-product","3":"status-publish","4":"has-post-thumbnail","6":"product_cat-glass-cocktail-cup-manufacturer","7":"product_cat-drinking-glasses","9":"first","10":"instock","11":"shipping-taxable","12":"product-type-simple"},"acf":[],"yoast_head":"<!-- This site is optimized with the Yoast SEO plugin v26.7 - https:\/\/yoast.com\/wordpress\/plugins\/seo\/ -->\n<title>8oz Crystal Glass Martini Cocktail Glass - Reihey Glass<\/title>\n<meta name=\"robots\" content=\"index, follow, max-snippet:-1, max-image-preview:large, max-video-preview:-1\" \/>\n<link rel=\"canonical\" href=\"https:\/\/reihey.com\/fr\/product\/8oz-crystal-glass-martini-cocktail-glass\/\" \/>\n<meta property=\"og:locale\" content=\"fr_FR\" \/>\n<meta property=\"og:type\" content=\"article\" \/>\n<meta property=\"og:title\" content=\"8oz Crystal Glass Martini Cocktail Glass - Reihey Glass\" \/>\n<meta property=\"og:description\" content=\"Name    Material    Capacity    Color    Size    Usage    Packing          Cocktail Glasses    Glass    8oz    Transparent    180*115mm    Cocktail    1. Standard export carton--Xpcs\/box, Ybox\/carton.                                  2. Custom pack: white box with your LOGO                                  3. Color gift box with your logo                 Name    Cocktail Glasses          Material    Glass          Capacity    8oz          Color    Transparent          Size    180*115mm          Usage    Cocktail          Packing         1. Standard export carton--Xpcs\/box, Ybox\/carton.     2. Custom pack: white box with your LOGO     3. Color gift box with your logo            MULTIPURPOSE: Can be used for different drinks including preparing elegant cocktails with champagne and martini in your home bar as well as preparing sweet coupe desserts in your kitchen.  IMPRESS YOUR GUESTS: Suitable for every occasion and every kind of drink, durable and dishwasher safe for quick, easy cleanup\" \/>\n<meta property=\"og:url\" content=\"https:\/\/reihey.com\/fr\/product\/8oz-crystal-glass-martini-cocktail-glass\/\" \/>\n<meta property=\"og:site_name\" content=\"Reihey Glass\" \/>\n<meta property=\"article:modified_time\" content=\"2025-10-28T13:27:37+00:00\" \/>\n<meta property=\"og:image\" content=\"https:\/\/reihey.com\/wp-content\/uploads\/2025\/08\/1-20.jpg\" \/>\n\t<meta property=\"og:image:width\" content=\"750\" \/>\n\t<meta property=\"og:image:height\" content=\"750\" \/>\n\t<meta property=\"og:image:type\" content=\"image\/jpeg\" \/>\n<meta name=\"twitter:card\" content=\"summary_large_image\" \/>\n<meta name=\"twitter:label1\" content=\"Est. reading time\" \/>\n\t<meta name=\"twitter:data1\" content=\"1 minute\" \/>\n<script type=\"application\/ld+json\" class=\"yoast-schema-graph\">{\"@context\":\"https:\/\/schema.org\",\"@graph\":[{\"@type\":\"WebPage\",\"@id\":\"https:\/\/reihey.com\/product\/8oz-crystal-glass-martini-cocktail-glass\/\",\"url\":\"https:\/\/reihey.com\/product\/8oz-crystal-glass-martini-cocktail-glass\/\",\"name\":\"8oz Crystal Glass Martini Cocktail Glass - Reihey Glass\",\"isPartOf\":{\"@id\":\"https:\/\/reihey.com\/#website\"},\"primaryImageOfPage\":{\"@id\":\"https:\/\/reihey.com\/product\/8oz-crystal-glass-martini-cocktail-glass\/#primaryimage\"},\"image\":{\"@id\":\"https:\/\/reihey.com\/product\/8oz-crystal-glass-martini-cocktail-glass\/#primaryimage\"},\"thumbnailUrl\":\"https:\/\/reihey.com\/wp-content\/uploads\/2025\/08\/1-20.jpg\",\"datePublished\":\"2025-08-27T10:50:04+00:00\",\"dateModified\":\"2025-10-28T13:27:37+00:00\",\"breadcrumb\":{\"@id\":\"https:\/\/reihey.com\/product\/8oz-crystal-glass-martini-cocktail-glass\/#breadcrumb\"},\"inLanguage\":\"fr-FR\",\"potentialAction\":[{\"@type\":\"ReadAction\",\"target\":[\"https:\/\/reihey.com\/product\/8oz-crystal-glass-martini-cocktail-glass\/\"]}]},{\"@type\":\"ImageObject\",\"inLanguage\":\"fr-FR\",\"@id\":\"https:\/\/reihey.com\/product\/8oz-crystal-glass-martini-cocktail-glass\/#primaryimage\",\"url\":\"https:\/\/reihey.com\/wp-content\/uploads\/2025\/08\/1-20.jpg\",\"contentUrl\":\"https:\/\/reihey.com\/wp-content\/uploads\/2025\/08\/1-20.jpg\",\"width\":750,\"height\":750},{\"@type\":\"BreadcrumbList\",\"@id\":\"https:\/\/reihey.com\/product\/8oz-crystal-glass-martini-cocktail-glass\/#breadcrumb\",\"itemListElement\":[{\"@type\":\"ListItem\",\"position\":1,\"name\":\"Home\",\"item\":\"https:\/\/reihey.com\/\"},{\"@type\":\"ListItem\",\"position\":2,\"name\":\"Shop\",\"item\":\"https:\/\/reihey.com\/shop\/\"},{\"@type\":\"ListItem\",\"position\":3,\"name\":\"8oz Crystal Glass Martini Cocktail Glass\"}]},{\"@type\":\"WebSite\",\"@id\":\"https:\/\/reihey.com\/#website\",\"url\":\"https:\/\/reihey.com\/\",\"name\":\"Reihey Glass\",\"description\":\"\",\"publisher\":{\"@id\":\"https:\/\/reihey.com\/#organization\"},\"potentialAction\":[{\"@type\":\"SearchAction\",\"target\":{\"@type\":\"EntryPoint\",\"urlTemplate\":\"https:\/\/reihey.com\/?s={search_term_string}\"},\"query-input\":{\"@type\":\"PropertyValueSpecification\",\"valueRequired\":true,\"valueName\":\"search_term_string\"}}],\"inLanguage\":\"fr-FR\"},{\"@type\":\"Organization\",\"@id\":\"https:\/\/reihey.com\/#organization\",\"name\":\"Reihey Glass\",\"url\":\"https:\/\/reihey.com\/\",\"logo\":{\"@type\":\"ImageObject\",\"inLanguage\":\"fr-FR\",\"@id\":\"https:\/\/reihey.com\/#\/schema\/logo\/image\/\",\"url\":\"https:\/\/reihey.com\/wp-content\/uploads\/2023\/07\/Reihey-logo-2026.svg\",\"contentUrl\":\"https:\/\/reihey.com\/wp-content\/uploads\/2023\/07\/Reihey-logo-2026.svg\",\"width\":1984,\"height\":566,\"caption\":\"Reihey Glass\"},\"image\":{\"@id\":\"https:\/\/reihey.com\/#\/schema\/logo\/image\/\"}}]}<\/script>\n<!-- \/ Yoast SEO plugin. -->","yoast_head_json":{"title":"Verre \u00e0 cocktail en cristal de 8 oz - Verre Reihey","robots":{"index":"index","follow":"follow","max-snippet":"max-snippet:-1","max-image-preview":"max-image-preview:large","max-video-preview":"max-video-preview:-1"},"canonical":"https:\/\/reihey.com\/fr\/product\/8oz-crystal-glass-martini-cocktail-glass\/","og_locale":"fr_FR","og_type":"article","og_title":"8oz Crystal Glass Martini Cocktail Glass - Reihey Glass","og_description":"Name    Material    Capacity    Color    Size    Usage    Packing          Cocktail Glasses    Glass    8oz    Transparent    180*115mm    Cocktail    1. Standard export carton--Xpcs\/box, Ybox\/carton.                                  2. Custom pack: white box with your LOGO                                  3. Color gift box with your logo                 Name    Cocktail Glasses          Material    Glass          Capacity    8oz          Color    Transparent          Size    180*115mm          Usage    Cocktail          Packing         1. Standard export carton--Xpcs\/box, Ybox\/carton.     2. Custom pack: white box with your LOGO     3. Color gift box with your logo            MULTIPURPOSE: Can be used for different drinks including preparing elegant cocktails with champagne and martini in your home bar as well as preparing sweet coupe desserts in your kitchen.  IMPRESS YOUR GUESTS: Suitable for every occasion and every kind of drink, durable and dishwasher safe for quick, easy cleanup","og_url":"https:\/\/reihey.com\/fr\/product\/8oz-crystal-glass-martini-cocktail-glass\/","og_site_name":"Reihey Glass","article_modified_time":"2025-10-28T13:27:37+00:00","og_image":[{"width":750,"height":750,"url":"https:\/\/reihey.com\/wp-content\/uploads\/2025\/08\/1-20.jpg","type":"image\/jpeg"}],"twitter_card":"summary_large_image","twitter_misc":{"Est. reading time":"1 minute"},"schema":{"@context":"https:\/\/schema.org","@graph":[{"@type":"WebPage","@id":"https:\/\/reihey.com\/product\/8oz-crystal-glass-martini-cocktail-glass\/","url":"https:\/\/reihey.com\/product\/8oz-crystal-glass-martini-cocktail-glass\/","name":"Verre \u00e0 cocktail en cristal de 8 oz - Verre Reihey","isPartOf":{"@id":"https:\/\/reihey.com\/#website"},"primaryImageOfPage":{"@id":"https:\/\/reihey.com\/product\/8oz-crystal-glass-martini-cocktail-glass\/#primaryimage"},"image":{"@id":"https:\/\/reihey.com\/product\/8oz-crystal-glass-martini-cocktail-glass\/#primaryimage"},"thumbnailUrl":"https:\/\/reihey.com\/wp-content\/uploads\/2025\/08\/1-20.jpg","datePublished":"2025-08-27T10:50:04+00:00","dateModified":"2025-10-28T13:27:37+00:00","breadcrumb":{"@id":"https:\/\/reihey.com\/product\/8oz-crystal-glass-martini-cocktail-glass\/#breadcrumb"},"inLanguage":"fr-FR","potentialAction":[{"@type":"ReadAction","target":["https:\/\/reihey.com\/product\/8oz-crystal-glass-martini-cocktail-glass\/"]}]},{"@type":"ImageObject","inLanguage":"fr-FR","@id":"https:\/\/reihey.com\/product\/8oz-crystal-glass-martini-cocktail-glass\/#primaryimage","url":"https:\/\/reihey.com\/wp-content\/uploads\/2025\/08\/1-20.jpg","contentUrl":"https:\/\/reihey.com\/wp-content\/uploads\/2025\/08\/1-20.jpg","width":750,"height":750},{"@type":"BreadcrumbList","@id":"https:\/\/reihey.com\/product\/8oz-crystal-glass-martini-cocktail-glass\/#breadcrumb","itemListElement":[{"@type":"ListItem","position":1,"name":"Home","item":"https:\/\/reihey.com\/"},{"@type":"ListItem","position":2,"name":"Shop","item":"https:\/\/reihey.com\/shop\/"},{"@type":"ListItem","position":3,"name":"8oz Crystal Glass Martini Cocktail Glass"}]},{"@type":"WebSite","@id":"https:\/\/reihey.com\/#website","url":"https:\/\/reihey.com\/","name":"Verre Reiheney","description":"","publisher":{"@id":"https:\/\/reihey.com\/#organization"},"potentialAction":[{"@type":"SearchAction","target":{"@type":"EntryPoint","urlTemplate":"https:\/\/reihey.com\/?s={search_term_string}"},"query-input":{"@type":"PropertyValueSpecification","valueRequired":true,"valueName":"search_term_string"}}],"inLanguage":"fr-FR"},{"@type":"Organization","@id":"https:\/\/reihey.com\/#organization","name":"Verre Reiheney","url":"https:\/\/reihey.com\/","logo":{"@type":"ImageObject","inLanguage":"fr-FR","@id":"https:\/\/reihey.com\/#\/schema\/logo\/image\/","url":"https:\/\/reihey.com\/wp-content\/uploads\/2023\/07\/Reihey-logo-2026.svg","contentUrl":"https:\/\/reihey.com\/wp-content\/uploads\/2023\/07\/Reihey-logo-2026.svg","width":1984,"height":566,"caption":"Reihey Glass"},"image":{"@id":"https:\/\/reihey.com\/#\/schema\/logo\/image\/"}}]}},"_links":{"self":[{"href":"https:\/\/reihey.com\/fr\/wp-json\/wp\/v2\/product\/5181","targetHints":{"allow":["GET"]}}],"collection":[{"href":"https:\/\/reihey.com\/fr\/wp-json\/wp\/v2\/product"}],"about":[{"href":"https:\/\/reihey.com\/fr\/wp-json\/wp\/v2\/types\/product"}],"replies":[{"embeddable":true,"href":"https:\/\/reihey.com\/fr\/wp-json\/wp\/v2\/comments?post=5181"}],"version-history":[{"count":4,"href":"https:\/\/reihey.com\/fr\/wp-json\/wp\/v2\/product\/5181\/revisions"}],"predecessor-version":[{"id":998124,"href":"https:\/\/reihey.com\/fr\/wp-json\/wp\/v2\/product\/5181\/revisions\/998124"}],"wp:featuredmedia":[{"embeddable":true,"href":"https:\/\/reihey.com\/fr\/wp-json\/wp\/v2\/media\/991669"}],"wp:attachment":[{"href":"https:\/\/reihey.com\/fr\/wp-json\/wp\/v2\/media?parent=5181"}],"wp:term":[{"taxonomy":"product_brand","embeddable":true,"href":"https:\/\/reihey.com\/fr\/wp-json\/wp\/v2\/product_brand?post=5181"},{"taxonomy":"product_cat","embeddable":true,"href":"https:\/\/reihey.com\/fr\/wp-json\/wp\/v2\/product_cat?post=5181"},{"taxonomy":"product_tag","embeddable":true,"href":"https:\/\/reihey.com\/fr\/wp-json\/wp\/v2\/product_tag?post=5181"}],"curies":[{"name":"wp","href":"https:\/\/api.w.org\/{rel}","templated":true}]}}