{"id":4667,"date":"2025-08-27T10:49:40","date_gmt":"2025-08-27T10:49:40","guid":{"rendered":"https:\/\/slot71.silverline.dev\/?post_type=product&#038;p=4667"},"modified":"2025-10-28T13:27:28","modified_gmt":"2025-10-28T13:27:28","slug":"5g-100g-frosted-glass-cream-jar","status":"publish","type":"product","link":"https:\/\/reihey.com\/fr\/product\/5g-100g-frosted-glass-cream-jar\/","title":{"rendered":"Pot \u00e0 cr\u00e8me en verre d\u00e9poli 5 g-100 g"},"content":{"rendered":"","protected":false},"excerpt":{"rendered":"<table class=\"desk-tab\">\n<tbody>\n<tr>\n<th>Mat\u00e9riel<\/th>\n<th>Taille<\/th>\n<th>Capacit\u00e9<\/th>\n<th>Couleur<\/th>\n<th>Couvercle<\/th>\n<th>Utilisation<\/th>\n<\/tr>\n<tr>\n<td>Verre<\/td>\n<td>3.3*3.5 cm<\/td>\n<td>5g<\/td>\n<td>Clair<\/td>\n<td>Plastique<\/td>\n<td>Cr\u00e8me pour le visage Cosm\u00e9tique<\/td>\n<\/tr>\n<tr>\n<td><\/td>\n<td>3.6*4.3 cm<\/td>\n<td>10 g<\/td>\n<td><\/td>\n<td><\/td>\n<td>Cr\u00e8me pour les yeux pour soin de la peau<\/td>\n<\/tr>\n<tr>\n<td><\/td>\n<td>3.2*4.7 cm<\/td>\n<td>15 g<\/td>\n<td><\/td>\n<td><\/td>\n<td><\/td>\n<\/tr>\n<tr>\n<td><\/td>\n<td>3.9*5.2 cm<\/td>\n<td>20 g<\/td>\n<td><\/td>\n<td><\/td>\n<td><\/td>\n<\/tr>\n<tr>\n<td><\/td>\n<td>4.5*5.7 cm<\/td>\n<td>30 g<\/td>\n<td><\/td>\n<td><\/td>\n<td><\/td>\n<\/tr>\n<tr>\n<td><\/td>\n<td>6.5*6.1 cm<\/td>\n<td>50 g<\/td>\n<td><\/td>\n<td><\/td>\n<td><\/td>\n<\/tr>\n<tr>\n<td><\/td>\n<td><\/td>\n<td>100 g<\/td>\n<td><\/td>\n<td><\/td>\n<td><\/td>\n<\/tr>\n<\/tbody>\n<\/table>\n<table class=\"mob-tab\">\n<tbody>\n<tr>\n<th>Mat\u00e9riel<\/th>\n<td>Verre<\/td>\n<\/tr>\n<tr>\n<th>Taille<\/th>\n<td>3.3*3.5 cm<br \/>\n3.6*4.3 cm<br \/>\n3.2*4.7 cm<br \/>\n3.9*5.2 cm<br \/>\n4.5*5.7 cm<br \/>\n6.5*6.1 cm<\/td>\n<\/tr>\n<tr>\n<th>Capacit\u00e9<\/th>\n<td>5g<br \/>\n10 g<br \/>\n15 g<br \/>\n20 g<br \/>\n30 g<br \/>\n50 g<br \/>\n100 g<\/td>\n<\/tr>\n<tr>\n<th>Couleur<\/th>\n<td>Clair<\/td>\n<\/tr>\n<tr>\n<th>Couvercle<\/th>\n<td>Plastique<\/td>\n<\/tr>\n<tr>\n<th>Utilisation<\/th>\n<td>Cr\u00e8me pour le visage Cosm\u00e9tique<br \/>\nCr\u00e8me pour les yeux pour soin de la peau<\/td>\n<\/tr>\n<\/tbody>\n<\/table>\n<p>Utilisation polyvalente : Sp\u00e9cialement con\u00e7us pour le rangement des cr\u00e8mes faciales, ces pots en verre vert sont \u00e9galement suffisamment polyvalents pour d\u2019autres produits de soins de la peau. Design efficace : la forme des pots et leur large ouverture permettent un acc\u00e8s facile \u00e0 votre cr\u00e8me et un nettoyage simple apr\u00e8s utilisation. Le bouchon \u00e9tanche assure la fra\u00eecheur et la puissance de vos produits de soins. \u00c9co-responsable : L\u2019utilisation du verre vert pour ces pots soutient notre engagement en faveur du d\u00e9veloppement durable. Le mat\u00e9riau est enti\u00e8rement recyclable, contribuant \u00e0 la protection de l\u2019environnement.<\/p>","protected":false},"featured_media":991647,"comment_status":"closed","ping_status":"closed","template":"","meta":{"_acf_changed":false},"product_brand":[],"product_cat":[613,636,591],"product_tag":[],"class_list":{"0":"post-4667","1":"product","2":"type-product","3":"status-publish","4":"has-post-thumbnail","6":"product_cat-beauty","7":"product_cat-wholesale-glass-cream-jar","8":"product_cat-glass-jar-manfacturer","10":"first","11":"instock","12":"shipping-taxable","13":"product-type-simple"},"acf":[],"yoast_head":"<!-- This site is optimized with the Yoast SEO plugin v26.7 - https:\/\/yoast.com\/wordpress\/plugins\/seo\/ -->\n<title>5g-100g Frosted glass cream jar - Reihey Glass<\/title>\n<meta name=\"robots\" content=\"index, follow, max-snippet:-1, max-image-preview:large, max-video-preview:-1\" \/>\n<link rel=\"canonical\" href=\"https:\/\/reihey.com\/fr\/product\/5g-100g-frosted-glass-cream-jar\/\" \/>\n<meta property=\"og:locale\" content=\"fr_FR\" \/>\n<meta property=\"og:type\" content=\"article\" \/>\n<meta property=\"og:title\" content=\"5g-100g Frosted glass cream jar - Reihey Glass\" \/>\n<meta property=\"og:description\" content=\"Material Size Capacity Color Lid Usage   Glass 3.3*3.5cm 5g Clear Plastic Cosmetic face cream    3.6*4.3cm 10g   Skincare eye cream    3.2*4.7cm 15g       3.9*5.2cm 20g       4.5*5.7cm 30g       6.5*6.1cm 50g        100g          Material Glass   Size 3.3*3.5cm 3.6*4.3cm 3.2*4.7cm 3.9*5.2cm 4.5*5.7cm 6.5*6.1cm   Capacity 5g 10g 15g 20g 30g 50g 100g   Color Clear   Lid Plastic   Usage Cosmetic face cream Skincare eye cream    Versatile Use: Specifically designed for storing face creams, these green glass jars are also versatile enough for other skincare products. Efficient Design: The jars&#039; shape and wide opening allow easy access to your cream and simple cleaning after use. The tight-sealing lid ensures the freshness and potency of your skincare products. Eco-Friendly: The use of green glass for these jars supports our commitment to sustainability. The material is fully recyclable, contributing to the protection of the environment.\" \/>\n<meta property=\"og:url\" content=\"https:\/\/reihey.com\/fr\/product\/5g-100g-frosted-glass-cream-jar\/\" \/>\n<meta property=\"og:site_name\" content=\"Reihey Glass\" \/>\n<meta property=\"article:modified_time\" content=\"2025-10-28T13:27:28+00:00\" \/>\n<meta property=\"og:image\" content=\"https:\/\/reihey.com\/wp-content\/uploads\/2025\/08\/\u4e3b\u56fe-05-9.jpg\" \/>\n\t<meta property=\"og:image:width\" content=\"800\" \/>\n\t<meta property=\"og:image:height\" content=\"800\" \/>\n\t<meta property=\"og:image:type\" content=\"image\/jpeg\" \/>\n<meta name=\"twitter:card\" content=\"summary_large_image\" \/>\n<meta name=\"twitter:label1\" content=\"Est. reading time\" \/>\n\t<meta name=\"twitter:data1\" content=\"1 minute\" \/>\n<script type=\"application\/ld+json\" class=\"yoast-schema-graph\">{\"@context\":\"https:\/\/schema.org\",\"@graph\":[{\"@type\":\"WebPage\",\"@id\":\"https:\/\/reihey.com\/product\/5g-100g-frosted-glass-cream-jar\/\",\"url\":\"https:\/\/reihey.com\/product\/5g-100g-frosted-glass-cream-jar\/\",\"name\":\"5g-100g Frosted glass cream jar - Reihey Glass\",\"isPartOf\":{\"@id\":\"https:\/\/reihey.com\/#website\"},\"primaryImageOfPage\":{\"@id\":\"https:\/\/reihey.com\/product\/5g-100g-frosted-glass-cream-jar\/#primaryimage\"},\"image\":{\"@id\":\"https:\/\/reihey.com\/product\/5g-100g-frosted-glass-cream-jar\/#primaryimage\"},\"thumbnailUrl\":\"https:\/\/reihey.com\/wp-content\/uploads\/2025\/08\/\u4e3b\u56fe-05-9.jpg\",\"datePublished\":\"2025-08-27T10:49:40+00:00\",\"dateModified\":\"2025-10-28T13:27:28+00:00\",\"breadcrumb\":{\"@id\":\"https:\/\/reihey.com\/product\/5g-100g-frosted-glass-cream-jar\/#breadcrumb\"},\"inLanguage\":\"fr-FR\",\"potentialAction\":[{\"@type\":\"ReadAction\",\"target\":[\"https:\/\/reihey.com\/product\/5g-100g-frosted-glass-cream-jar\/\"]}]},{\"@type\":\"ImageObject\",\"inLanguage\":\"fr-FR\",\"@id\":\"https:\/\/reihey.com\/product\/5g-100g-frosted-glass-cream-jar\/#primaryimage\",\"url\":\"https:\/\/reihey.com\/wp-content\/uploads\/2025\/08\/\u4e3b\u56fe-05-9.jpg\",\"contentUrl\":\"https:\/\/reihey.com\/wp-content\/uploads\/2025\/08\/\u4e3b\u56fe-05-9.jpg\",\"width\":800,\"height\":800},{\"@type\":\"BreadcrumbList\",\"@id\":\"https:\/\/reihey.com\/product\/5g-100g-frosted-glass-cream-jar\/#breadcrumb\",\"itemListElement\":[{\"@type\":\"ListItem\",\"position\":1,\"name\":\"Home\",\"item\":\"https:\/\/reihey.com\/\"},{\"@type\":\"ListItem\",\"position\":2,\"name\":\"Shop\",\"item\":\"https:\/\/reihey.com\/shop\/\"},{\"@type\":\"ListItem\",\"position\":3,\"name\":\"5g-100g Frosted glass cream jar\"}]},{\"@type\":\"WebSite\",\"@id\":\"https:\/\/reihey.com\/#website\",\"url\":\"https:\/\/reihey.com\/\",\"name\":\"Reihey Glass\",\"description\":\"\",\"publisher\":{\"@id\":\"https:\/\/reihey.com\/#organization\"},\"potentialAction\":[{\"@type\":\"SearchAction\",\"target\":{\"@type\":\"EntryPoint\",\"urlTemplate\":\"https:\/\/reihey.com\/?s={search_term_string}\"},\"query-input\":{\"@type\":\"PropertyValueSpecification\",\"valueRequired\":true,\"valueName\":\"search_term_string\"}}],\"inLanguage\":\"fr-FR\"},{\"@type\":\"Organization\",\"@id\":\"https:\/\/reihey.com\/#organization\",\"name\":\"Reihey Glass\",\"url\":\"https:\/\/reihey.com\/\",\"logo\":{\"@type\":\"ImageObject\",\"inLanguage\":\"fr-FR\",\"@id\":\"https:\/\/reihey.com\/#\/schema\/logo\/image\/\",\"url\":\"https:\/\/reihey.com\/wp-content\/uploads\/2023\/07\/Reihey-logo-2026.svg\",\"contentUrl\":\"https:\/\/reihey.com\/wp-content\/uploads\/2023\/07\/Reihey-logo-2026.svg\",\"width\":1984,\"height\":566,\"caption\":\"Reihey Glass\"},\"image\":{\"@id\":\"https:\/\/reihey.com\/#\/schema\/logo\/image\/\"}}]}<\/script>\n<!-- \/ Yoast SEO plugin. -->","yoast_head_json":{"title":"5g-100g Pots \u00e0 cr\u00e8me en verre givr\u00e9 - Reihey Glass","robots":{"index":"index","follow":"follow","max-snippet":"max-snippet:-1","max-image-preview":"max-image-preview:large","max-video-preview":"max-video-preview:-1"},"canonical":"https:\/\/reihey.com\/fr\/product\/5g-100g-frosted-glass-cream-jar\/","og_locale":"fr_FR","og_type":"article","og_title":"5g-100g Frosted glass cream jar - Reihey Glass","og_description":"Material Size Capacity Color Lid Usage   Glass 3.3*3.5cm 5g Clear Plastic Cosmetic face cream    3.6*4.3cm 10g   Skincare eye cream    3.2*4.7cm 15g       3.9*5.2cm 20g       4.5*5.7cm 30g       6.5*6.1cm 50g        100g          Material Glass   Size 3.3*3.5cm 3.6*4.3cm 3.2*4.7cm 3.9*5.2cm 4.5*5.7cm 6.5*6.1cm   Capacity 5g 10g 15g 20g 30g 50g 100g   Color Clear   Lid Plastic   Usage Cosmetic face cream Skincare eye cream    Versatile Use: Specifically designed for storing face creams, these green glass jars are also versatile enough for other skincare products. Efficient Design: The jars' shape and wide opening allow easy access to your cream and simple cleaning after use. The tight-sealing lid ensures the freshness and potency of your skincare products. Eco-Friendly: The use of green glass for these jars supports our commitment to sustainability. The material is fully recyclable, contributing to the protection of the environment.","og_url":"https:\/\/reihey.com\/fr\/product\/5g-100g-frosted-glass-cream-jar\/","og_site_name":"Reihey Glass","article_modified_time":"2025-10-28T13:27:28+00:00","og_image":[{"width":800,"height":800,"url":"https:\/\/reihey.com\/wp-content\/uploads\/2025\/08\/\u4e3b\u56fe-05-9.jpg","type":"image\/jpeg"}],"twitter_card":"summary_large_image","twitter_misc":{"Est. reading time":"1 minute"},"schema":{"@context":"https:\/\/schema.org","@graph":[{"@type":"WebPage","@id":"https:\/\/reihey.com\/product\/5g-100g-frosted-glass-cream-jar\/","url":"https:\/\/reihey.com\/product\/5g-100g-frosted-glass-cream-jar\/","name":"5g-100g Pots \u00e0 cr\u00e8me en verre givr\u00e9 - Reihey Glass","isPartOf":{"@id":"https:\/\/reihey.com\/#website"},"primaryImageOfPage":{"@id":"https:\/\/reihey.com\/product\/5g-100g-frosted-glass-cream-jar\/#primaryimage"},"image":{"@id":"https:\/\/reihey.com\/product\/5g-100g-frosted-glass-cream-jar\/#primaryimage"},"thumbnailUrl":"https:\/\/reihey.com\/wp-content\/uploads\/2025\/08\/\u4e3b\u56fe-05-9.jpg","datePublished":"2025-08-27T10:49:40+00:00","dateModified":"2025-10-28T13:27:28+00:00","breadcrumb":{"@id":"https:\/\/reihey.com\/product\/5g-100g-frosted-glass-cream-jar\/#breadcrumb"},"inLanguage":"fr-FR","potentialAction":[{"@type":"ReadAction","target":["https:\/\/reihey.com\/product\/5g-100g-frosted-glass-cream-jar\/"]}]},{"@type":"ImageObject","inLanguage":"fr-FR","@id":"https:\/\/reihey.com\/product\/5g-100g-frosted-glass-cream-jar\/#primaryimage","url":"https:\/\/reihey.com\/wp-content\/uploads\/2025\/08\/\u4e3b\u56fe-05-9.jpg","contentUrl":"https:\/\/reihey.com\/wp-content\/uploads\/2025\/08\/\u4e3b\u56fe-05-9.jpg","width":800,"height":800},{"@type":"BreadcrumbList","@id":"https:\/\/reihey.com\/product\/5g-100g-frosted-glass-cream-jar\/#breadcrumb","itemListElement":[{"@type":"ListItem","position":1,"name":"Home","item":"https:\/\/reihey.com\/"},{"@type":"ListItem","position":2,"name":"Shop","item":"https:\/\/reihey.com\/shop\/"},{"@type":"ListItem","position":3,"name":"5g-100g Frosted glass cream jar"}]},{"@type":"WebSite","@id":"https:\/\/reihey.com\/#website","url":"https:\/\/reihey.com\/","name":"Verre Reiheney","description":"","publisher":{"@id":"https:\/\/reihey.com\/#organization"},"potentialAction":[{"@type":"SearchAction","target":{"@type":"EntryPoint","urlTemplate":"https:\/\/reihey.com\/?s={search_term_string}"},"query-input":{"@type":"PropertyValueSpecification","valueRequired":true,"valueName":"search_term_string"}}],"inLanguage":"fr-FR"},{"@type":"Organization","@id":"https:\/\/reihey.com\/#organization","name":"Verre Reiheney","url":"https:\/\/reihey.com\/","logo":{"@type":"ImageObject","inLanguage":"fr-FR","@id":"https:\/\/reihey.com\/#\/schema\/logo\/image\/","url":"https:\/\/reihey.com\/wp-content\/uploads\/2023\/07\/Reihey-logo-2026.svg","contentUrl":"https:\/\/reihey.com\/wp-content\/uploads\/2023\/07\/Reihey-logo-2026.svg","width":1984,"height":566,"caption":"Reihey Glass"},"image":{"@id":"https:\/\/reihey.com\/#\/schema\/logo\/image\/"}}]}},"_links":{"self":[{"href":"https:\/\/reihey.com\/fr\/wp-json\/wp\/v2\/product\/4667","targetHints":{"allow":["GET"]}}],"collection":[{"href":"https:\/\/reihey.com\/fr\/wp-json\/wp\/v2\/product"}],"about":[{"href":"https:\/\/reihey.com\/fr\/wp-json\/wp\/v2\/types\/product"}],"replies":[{"embeddable":true,"href":"https:\/\/reihey.com\/fr\/wp-json\/wp\/v2\/comments?post=4667"}],"version-history":[{"count":5,"href":"https:\/\/reihey.com\/fr\/wp-json\/wp\/v2\/product\/4667\/revisions"}],"predecessor-version":[{"id":998118,"href":"https:\/\/reihey.com\/fr\/wp-json\/wp\/v2\/product\/4667\/revisions\/998118"}],"wp:featuredmedia":[{"embeddable":true,"href":"https:\/\/reihey.com\/fr\/wp-json\/wp\/v2\/media\/991647"}],"wp:attachment":[{"href":"https:\/\/reihey.com\/fr\/wp-json\/wp\/v2\/media?parent=4667"}],"wp:term":[{"taxonomy":"product_brand","embeddable":true,"href":"https:\/\/reihey.com\/fr\/wp-json\/wp\/v2\/product_brand?post=4667"},{"taxonomy":"product_cat","embeddable":true,"href":"https:\/\/reihey.com\/fr\/wp-json\/wp\/v2\/product_cat?post=4667"},{"taxonomy":"product_tag","embeddable":true,"href":"https:\/\/reihey.com\/fr\/wp-json\/wp\/v2\/product_tag?post=4667"}],"curies":[{"name":"wp","href":"https:\/\/api.w.org\/{rel}","templated":true}]}}