{"id":4435,"date":"2025-08-27T10:48:35","date_gmt":"2025-08-27T10:48:35","guid":{"rendered":"https:\/\/slot71.silverline.dev\/?post_type=product&#038;p=4435"},"modified":"2025-10-28T13:27:21","modified_gmt":"2025-10-28T13:27:21","slug":"clear-borosil-bakeware-crystal-glass-2-1l-round-baking-dish-without-lid-in-oven","status":"publish","type":"product","link":"https:\/\/reihey.com\/fr\/product\/clear-borosil-bakeware-crystal-glass-2-1l-round-baking-dish-without-lid-in-oven\/","title":{"rendered":"Pyrex borosilicate clair en verre ultra clair 2,1 L, plat rond de cuisson sans couvercle allant au four"},"content":{"rendered":"","protected":false},"excerpt":{"rendered":"<table class=\"desk-tab\">\n<tbody>\n<tr>\n<th>Mat\u00e9riel<\/th>\n<th>Couleur<\/th>\n<th>Taille<\/th>\n<th>Capacit\u00e9<\/th>\n<th>Utilisation<\/th>\n<th>Conditionnement<\/th>\n<\/tr>\n<tr>\n<td>verre borosilicate \u00e9lev\u00e9<\/td>\n<td>Transparent<\/td>\n<td>26,3 cm*5,7 cm<\/td>\n<td>2,1 L<\/td>\n<td>Micro-ondes<\/td>\n<td>1. Carton d'exportation standard\u2013Xpcs\/bo\u00eete, Ybo\u00eete\/carton.<\/td>\n<\/tr>\n<tr>\n<td><\/td>\n<td><\/td>\n<td><\/td>\n<td><\/td>\n<td>Four<\/td>\n<td>2. Pack personnalis\u00e9 : bo\u00eete blanche avec votre logo. Bo\u00eete cadeau couleur avec votre logo<\/td>\n<\/tr>\n<tr>\n<td><\/td>\n<td><\/td>\n<td><\/td>\n<td><\/td>\n<td>Cong\u00e9lateur<\/td>\n<td><\/td>\n<\/tr>\n<tr>\n<td><\/td>\n<td><\/td>\n<td><\/td>\n<td><\/td>\n<td>Lave-vaisselle<\/td>\n<td><\/td>\n<\/tr>\n<\/tbody>\n<\/table>\n<p><!-- Mobile Version --><\/p>\n<table class=\"mob-tab\">\n<tbody>\n<tr>\n<th>Mat\u00e9riel<\/th>\n<td>verre borosilicate \u00e9lev\u00e9<\/td>\n<\/tr>\n<tr>\n<th>Couleur<\/th>\n<td>Transparent<\/td>\n<\/tr>\n<tr>\n<th>Taille<\/th>\n<td>26,3 cm*5,7 cm<\/td>\n<\/tr>\n<tr>\n<th>Capacit\u00e9<\/th>\n<td>2,1 L<\/td>\n<\/tr>\n<tr>\n<th>Utilisation<\/th>\n<td>Micro-ondes<br \/>\nFour<br \/>\nCong\u00e9lateur<br \/>\nLave-vaisselle<\/td>\n<\/tr>\n<tr>\n<th>Conditionnement<\/th>\n<td>1. Carton d'exportation standard\u2013Xpcs\/bo\u00eete, Ybo\u00eete\/carton.<br \/>\n2. Pack personnalis\u00e9 : bo\u00eete blanche avec votre logo. Bo\u00eete cadeau couleur avec votre logo<\/td>\n<\/tr>\n<\/tbody>\n<\/table>\n<p>Glass - sans plomb et sans cadmium, verre alimentaire, moule \u00e0 cuisson rond de 2,1 L. Vaisselle en verre, rendez votre cuisine et votre salle \u00e0 manger plus modernes. Le verre est incolore et sans odeur, po\u00eale antiadh\u00e9sive, facile \u00e0 nettoyer et semble neuf pendant longtemps. Le verre est ferme et r\u00e9sistant \u00e0 l\u2019usure, sans peeling, pour des d\u00e9cennies d\u2019utilisation continue. Le verre ne r\u00e9agit pas chimiquement avec les aliments pendant la cuisson et le verre est un mat\u00e9riau recyclable. Diff\u00e9rents volumes, moules ronds et carr\u00e9s, plus pratiques \u00e0 utiliser. Verres en verre borosilicate \u00e0 haute r\u00e9sistance, r\u00e9sistance \u00e0 haute temp\u00e9rature 300\u00b0C, extr\u00eamement chaud et extr\u00eamement froid 120\u00b0C. Verre tremp\u00e9, en cas de cassure, le morceau forme un angle obtus, sans danger pour le corps humain.<\/p>","protected":false},"featured_media":991594,"comment_status":"closed","ping_status":"closed","template":"","meta":{"_acf_changed":false},"product_brand":[],"product_cat":[601,634],"product_tag":[],"class_list":{"0":"post-4435","1":"product","2":"type-product","3":"status-publish","4":"has-post-thumbnail","6":"product_cat-food-beverage","7":"product_cat-glass-bakeware","9":"first","10":"instock","11":"shipping-taxable","12":"product-type-simple"},"acf":[],"yoast_head":"<!-- This site is optimized with the Yoast SEO plugin v26.7 - https:\/\/yoast.com\/wordpress\/plugins\/seo\/ -->\n<title>Clear borosil bakeware crystal glass 2.1L round baking dish without lid in oven - Reihey Glass<\/title>\n<meta name=\"robots\" content=\"index, follow, max-snippet:-1, max-image-preview:large, max-video-preview:-1\" \/>\n<link rel=\"canonical\" href=\"https:\/\/reihey.com\/fr\/product\/clear-borosil-bakeware-crystal-glass-2-1l-round-baking-dish-without-lid-in-oven\/\" \/>\n<meta property=\"og:locale\" content=\"fr_FR\" \/>\n<meta property=\"og:type\" content=\"article\" \/>\n<meta property=\"og:title\" content=\"Clear borosil bakeware crystal glass 2.1L round baking dish without lid in oven - Reihey Glass\" \/>\n<meta property=\"og:description\" content=\"Material Color Size Capacity Usage Packing   High Borosilicate Glass Transparent 26.3cm*5.7cm 2.1L Microwave 1. Standard export carton--Xpcs\/box, Ybox\/carton.       Oven 2. Curtom pack: white box with your logo.Color gift box with your logo       Freezer        Dishwasher         Material High Borosilicate Glass   Color Transparent   Size 26.3cm*5.7cm   Capacity 2.1L   Usage Microwave Oven Freezer Dishwasher   Packing 1. Standard export carton--Xpcs\/box, Ybox\/carton. 2. Curtom pack: white box with your logo.Color gift box with your logo    Lead-free and cadmium-free food grade glass, 2.1L round glass baking pan. Glass tableware, make your kitchen and dining room more advanced. The glass is colorless and odorless, non-stick pan, easy to clean, and looks like new for a long time. The glass is firm and wear-resistant, without peeling, for decades of continuous use. Glass will not chemically react with any food during cooking and glass is a recyclable material. Kinds of capacity, round and square baking pan, more convenient to use. High boron glass products, high temperature resistance 300\u00b0C, extremely hot and extremely cold 120\u00b0C. Tempered glass, broken will form an obtuse angle, no harm to the human body.\" \/>\n<meta property=\"og:url\" content=\"https:\/\/reihey.com\/fr\/product\/clear-borosil-bakeware-crystal-glass-2-1l-round-baking-dish-without-lid-in-oven\/\" \/>\n<meta property=\"og:site_name\" content=\"Reihey Glass\" \/>\n<meta property=\"article:modified_time\" content=\"2025-10-28T13:27:21+00:00\" \/>\n<meta property=\"og:image\" content=\"https:\/\/reihey.com\/wp-content\/uploads\/2025\/08\/glass-bakeware-4-1.png\" \/>\n\t<meta property=\"og:image:width\" content=\"800\" \/>\n\t<meta property=\"og:image:height\" content=\"800\" \/>\n\t<meta property=\"og:image:type\" content=\"image\/png\" \/>\n<meta name=\"twitter:card\" content=\"summary_large_image\" \/>\n<meta name=\"twitter:label1\" content=\"Est. reading time\" \/>\n\t<meta name=\"twitter:data1\" content=\"1 minute\" \/>\n<script type=\"application\/ld+json\" class=\"yoast-schema-graph\">{\"@context\":\"https:\/\/schema.org\",\"@graph\":[{\"@type\":\"WebPage\",\"@id\":\"https:\/\/reihey.com\/product\/clear-borosil-bakeware-crystal-glass-2-1l-round-baking-dish-without-lid-in-oven\/\",\"url\":\"https:\/\/reihey.com\/product\/clear-borosil-bakeware-crystal-glass-2-1l-round-baking-dish-without-lid-in-oven\/\",\"name\":\"Clear borosil bakeware crystal glass 2.1L round baking dish without lid in oven - Reihey Glass\",\"isPartOf\":{\"@id\":\"https:\/\/reihey.com\/#website\"},\"primaryImageOfPage\":{\"@id\":\"https:\/\/reihey.com\/product\/clear-borosil-bakeware-crystal-glass-2-1l-round-baking-dish-without-lid-in-oven\/#primaryimage\"},\"image\":{\"@id\":\"https:\/\/reihey.com\/product\/clear-borosil-bakeware-crystal-glass-2-1l-round-baking-dish-without-lid-in-oven\/#primaryimage\"},\"thumbnailUrl\":\"https:\/\/reihey.com\/wp-content\/uploads\/2025\/08\/glass-bakeware-4-1.png\",\"datePublished\":\"2025-08-27T10:48:35+00:00\",\"dateModified\":\"2025-10-28T13:27:21+00:00\",\"breadcrumb\":{\"@id\":\"https:\/\/reihey.com\/product\/clear-borosil-bakeware-crystal-glass-2-1l-round-baking-dish-without-lid-in-oven\/#breadcrumb\"},\"inLanguage\":\"fr-FR\",\"potentialAction\":[{\"@type\":\"ReadAction\",\"target\":[\"https:\/\/reihey.com\/product\/clear-borosil-bakeware-crystal-glass-2-1l-round-baking-dish-without-lid-in-oven\/\"]}]},{\"@type\":\"ImageObject\",\"inLanguage\":\"fr-FR\",\"@id\":\"https:\/\/reihey.com\/product\/clear-borosil-bakeware-crystal-glass-2-1l-round-baking-dish-without-lid-in-oven\/#primaryimage\",\"url\":\"https:\/\/reihey.com\/wp-content\/uploads\/2025\/08\/glass-bakeware-4-1.png\",\"contentUrl\":\"https:\/\/reihey.com\/wp-content\/uploads\/2025\/08\/glass-bakeware-4-1.png\",\"width\":800,\"height\":800},{\"@type\":\"BreadcrumbList\",\"@id\":\"https:\/\/reihey.com\/product\/clear-borosil-bakeware-crystal-glass-2-1l-round-baking-dish-without-lid-in-oven\/#breadcrumb\",\"itemListElement\":[{\"@type\":\"ListItem\",\"position\":1,\"name\":\"Home\",\"item\":\"https:\/\/reihey.com\/\"},{\"@type\":\"ListItem\",\"position\":2,\"name\":\"Shop\",\"item\":\"https:\/\/reihey.com\/shop\/\"},{\"@type\":\"ListItem\",\"position\":3,\"name\":\"Clear borosil bakeware crystal glass 2.1L round baking dish without lid in oven\"}]},{\"@type\":\"WebSite\",\"@id\":\"https:\/\/reihey.com\/#website\",\"url\":\"https:\/\/reihey.com\/\",\"name\":\"Reihey Glass\",\"description\":\"\",\"publisher\":{\"@id\":\"https:\/\/reihey.com\/#organization\"},\"potentialAction\":[{\"@type\":\"SearchAction\",\"target\":{\"@type\":\"EntryPoint\",\"urlTemplate\":\"https:\/\/reihey.com\/?s={search_term_string}\"},\"query-input\":{\"@type\":\"PropertyValueSpecification\",\"valueRequired\":true,\"valueName\":\"search_term_string\"}}],\"inLanguage\":\"fr-FR\"},{\"@type\":\"Organization\",\"@id\":\"https:\/\/reihey.com\/#organization\",\"name\":\"Reihey Glass\",\"url\":\"https:\/\/reihey.com\/\",\"logo\":{\"@type\":\"ImageObject\",\"inLanguage\":\"fr-FR\",\"@id\":\"https:\/\/reihey.com\/#\/schema\/logo\/image\/\",\"url\":\"https:\/\/reihey.com\/wp-content\/uploads\/2023\/07\/Reihey-logo-2026.svg\",\"contentUrl\":\"https:\/\/reihey.com\/wp-content\/uploads\/2023\/07\/Reihey-logo-2026.svg\",\"width\":1984,\"height\":566,\"caption\":\"Reihey Glass\"},\"image\":{\"@id\":\"https:\/\/reihey.com\/#\/schema\/logo\/image\/\"}}]}<\/script>\n<!-- \/ Yoast SEO plugin. -->","yoast_head_json":{"title":"Plat rond \u00e0 p\u00e2tisserie en verre cristal borosilicat\u00e9 transparent 2,1 L sans couvercle pour four - Reihey Glass","robots":{"index":"index","follow":"follow","max-snippet":"max-snippet:-1","max-image-preview":"max-image-preview:large","max-video-preview":"max-video-preview:-1"},"canonical":"https:\/\/reihey.com\/fr\/product\/clear-borosil-bakeware-crystal-glass-2-1l-round-baking-dish-without-lid-in-oven\/","og_locale":"fr_FR","og_type":"article","og_title":"Clear borosil bakeware crystal glass 2.1L round baking dish without lid in oven - Reihey Glass","og_description":"Material Color Size Capacity Usage Packing   High Borosilicate Glass Transparent 26.3cm*5.7cm 2.1L Microwave 1. Standard export carton--Xpcs\/box, Ybox\/carton.       Oven 2. Curtom pack: white box with your logo.Color gift box with your logo       Freezer        Dishwasher         Material High Borosilicate Glass   Color Transparent   Size 26.3cm*5.7cm   Capacity 2.1L   Usage Microwave Oven Freezer Dishwasher   Packing 1. Standard export carton--Xpcs\/box, Ybox\/carton. 2. Curtom pack: white box with your logo.Color gift box with your logo    Lead-free and cadmium-free food grade glass, 2.1L round glass baking pan. Glass tableware, make your kitchen and dining room more advanced. The glass is colorless and odorless, non-stick pan, easy to clean, and looks like new for a long time. The glass is firm and wear-resistant, without peeling, for decades of continuous use. Glass will not chemically react with any food during cooking and glass is a recyclable material. Kinds of capacity, round and square baking pan, more convenient to use. High boron glass products, high temperature resistance 300\u00b0C, extremely hot and extremely cold 120\u00b0C. Tempered glass, broken will form an obtuse angle, no harm to the human body.","og_url":"https:\/\/reihey.com\/fr\/product\/clear-borosil-bakeware-crystal-glass-2-1l-round-baking-dish-without-lid-in-oven\/","og_site_name":"Reihey Glass","article_modified_time":"2025-10-28T13:27:21+00:00","og_image":[{"width":800,"height":800,"url":"https:\/\/reihey.com\/wp-content\/uploads\/2025\/08\/glass-bakeware-4-1.png","type":"image\/png"}],"twitter_card":"summary_large_image","twitter_misc":{"Est. reading time":"1 minute"},"schema":{"@context":"https:\/\/schema.org","@graph":[{"@type":"WebPage","@id":"https:\/\/reihey.com\/product\/clear-borosil-bakeware-crystal-glass-2-1l-round-baking-dish-without-lid-in-oven\/","url":"https:\/\/reihey.com\/product\/clear-borosil-bakeware-crystal-glass-2-1l-round-baking-dish-without-lid-in-oven\/","name":"Plat rond \u00e0 p\u00e2tisserie en verre cristal borosilicat\u00e9 transparent 2,1 L sans couvercle pour four - Reihey Glass","isPartOf":{"@id":"https:\/\/reihey.com\/#website"},"primaryImageOfPage":{"@id":"https:\/\/reihey.com\/product\/clear-borosil-bakeware-crystal-glass-2-1l-round-baking-dish-without-lid-in-oven\/#primaryimage"},"image":{"@id":"https:\/\/reihey.com\/product\/clear-borosil-bakeware-crystal-glass-2-1l-round-baking-dish-without-lid-in-oven\/#primaryimage"},"thumbnailUrl":"https:\/\/reihey.com\/wp-content\/uploads\/2025\/08\/glass-bakeware-4-1.png","datePublished":"2025-08-27T10:48:35+00:00","dateModified":"2025-10-28T13:27:21+00:00","breadcrumb":{"@id":"https:\/\/reihey.com\/product\/clear-borosil-bakeware-crystal-glass-2-1l-round-baking-dish-without-lid-in-oven\/#breadcrumb"},"inLanguage":"fr-FR","potentialAction":[{"@type":"ReadAction","target":["https:\/\/reihey.com\/product\/clear-borosil-bakeware-crystal-glass-2-1l-round-baking-dish-without-lid-in-oven\/"]}]},{"@type":"ImageObject","inLanguage":"fr-FR","@id":"https:\/\/reihey.com\/product\/clear-borosil-bakeware-crystal-glass-2-1l-round-baking-dish-without-lid-in-oven\/#primaryimage","url":"https:\/\/reihey.com\/wp-content\/uploads\/2025\/08\/glass-bakeware-4-1.png","contentUrl":"https:\/\/reihey.com\/wp-content\/uploads\/2025\/08\/glass-bakeware-4-1.png","width":800,"height":800},{"@type":"BreadcrumbList","@id":"https:\/\/reihey.com\/product\/clear-borosil-bakeware-crystal-glass-2-1l-round-baking-dish-without-lid-in-oven\/#breadcrumb","itemListElement":[{"@type":"ListItem","position":1,"name":"Home","item":"https:\/\/reihey.com\/"},{"@type":"ListItem","position":2,"name":"Shop","item":"https:\/\/reihey.com\/shop\/"},{"@type":"ListItem","position":3,"name":"Clear borosil bakeware crystal glass 2.1L round baking dish without lid in oven"}]},{"@type":"WebSite","@id":"https:\/\/reihey.com\/#website","url":"https:\/\/reihey.com\/","name":"Verre Reiheney","description":"","publisher":{"@id":"https:\/\/reihey.com\/#organization"},"potentialAction":[{"@type":"SearchAction","target":{"@type":"EntryPoint","urlTemplate":"https:\/\/reihey.com\/?s={search_term_string}"},"query-input":{"@type":"PropertyValueSpecification","valueRequired":true,"valueName":"search_term_string"}}],"inLanguage":"fr-FR"},{"@type":"Organization","@id":"https:\/\/reihey.com\/#organization","name":"Verre Reiheney","url":"https:\/\/reihey.com\/","logo":{"@type":"ImageObject","inLanguage":"fr-FR","@id":"https:\/\/reihey.com\/#\/schema\/logo\/image\/","url":"https:\/\/reihey.com\/wp-content\/uploads\/2023\/07\/Reihey-logo-2026.svg","contentUrl":"https:\/\/reihey.com\/wp-content\/uploads\/2023\/07\/Reihey-logo-2026.svg","width":1984,"height":566,"caption":"Reihey Glass"},"image":{"@id":"https:\/\/reihey.com\/#\/schema\/logo\/image\/"}}]}},"_links":{"self":[{"href":"https:\/\/reihey.com\/fr\/wp-json\/wp\/v2\/product\/4435","targetHints":{"allow":["GET"]}}],"collection":[{"href":"https:\/\/reihey.com\/fr\/wp-json\/wp\/v2\/product"}],"about":[{"href":"https:\/\/reihey.com\/fr\/wp-json\/wp\/v2\/types\/product"}],"replies":[{"embeddable":true,"href":"https:\/\/reihey.com\/fr\/wp-json\/wp\/v2\/comments?post=4435"}],"version-history":[{"count":3,"href":"https:\/\/reihey.com\/fr\/wp-json\/wp\/v2\/product\/4435\/revisions"}],"predecessor-version":[{"id":998107,"href":"https:\/\/reihey.com\/fr\/wp-json\/wp\/v2\/product\/4435\/revisions\/998107"}],"wp:featuredmedia":[{"embeddable":true,"href":"https:\/\/reihey.com\/fr\/wp-json\/wp\/v2\/media\/991594"}],"wp:attachment":[{"href":"https:\/\/reihey.com\/fr\/wp-json\/wp\/v2\/media?parent=4435"}],"wp:term":[{"taxonomy":"product_brand","embeddable":true,"href":"https:\/\/reihey.com\/fr\/wp-json\/wp\/v2\/product_brand?post=4435"},{"taxonomy":"product_cat","embeddable":true,"href":"https:\/\/reihey.com\/fr\/wp-json\/wp\/v2\/product_cat?post=4435"},{"taxonomy":"product_tag","embeddable":true,"href":"https:\/\/reihey.com\/fr\/wp-json\/wp\/v2\/product_tag?post=4435"}],"curies":[{"name":"wp","href":"https:\/\/api.w.org\/{rel}","templated":true}]}}