{"id":4419,"date":"2025-08-27T10:48:27","date_gmt":"2025-08-27T10:48:27","guid":{"rendered":"https:\/\/slot71.silverline.dev\/?post_type=product&#038;p=4419"},"modified":"2025-10-28T13:27:12","modified_gmt":"2025-10-28T13:27:12","slug":"glass-color-bottles-wishing-bottle-tiny-jars-vials-rectangle-bottles-with-cork","status":"publish","type":"product","link":"https:\/\/reihey.com\/fr\/product\/glass-color-bottles-wishing-bottle-tiny-jars-vials-rectangle-bottles-with-cork\/","title":{"rendered":"Bouteilles en verre couleur Bouteilles de souhaits Petite jars flacons Rectangles avec bouchon"},"content":{"rendered":"","protected":false},"excerpt":{"rendered":"<table class=\"desk-tab\">\n<tbody>\n<tr>\n<th>Mat\u00e9riel<\/th>\n<th>Taille<\/th>\n<th>Type de bouchon<\/th>\n<th>Couleur du sable<\/th>\n<th>Utilisation<\/th>\n<th>Conditionnement<\/th>\n<\/tr>\n<tr>\n<td>Verre<\/td>\n<td>H 2,5 x \u00d8 1,5 cm<\/td>\n<td>Li\u00e8ge<\/td>\n<td>Diff\u00e9rentes couleurs disponibles<\/td>\n<td>DIY<\/td>\n<td>Carton d\u2019exportation standard\u2013Xpcs\/bo\u00eete, Ybox\/carton.<\/td>\n<\/tr>\n<tr>\n<td><\/td>\n<td><\/td>\n<td><\/td>\n<td><\/td>\n<td>D\u00e9coration int\u00e9rieure<\/td>\n<td>Pack personnalis\u00e9 : bo\u00eete blanche avec votre logo, bo\u00eete cadeau couleur avec votre logo<\/td>\n<\/tr>\n<tr>\n<td><\/td>\n<td><\/td>\n<td><\/td>\n<td><\/td>\n<td>Cadeau f\u00eate mariage<\/td>\n<td><\/td>\n<\/tr>\n<\/tbody>\n<\/table>\n<table class=\"mob-tab\">\n<tbody>\n<tr>\n<th>Mat\u00e9riel<\/th>\n<td>Verre<\/td>\n<\/tr>\n<tr>\n<th>Taille<\/th>\n<td>H 2,5 x \u00d8 1,5 cm<\/td>\n<\/tr>\n<tr>\n<th>Type de bouchon<\/th>\n<td>Li\u00e8ge<\/td>\n<\/tr>\n<tr>\n<th>Couleur du sable<\/th>\n<td>Diff\u00e9rentes couleurs disponibles<\/td>\n<\/tr>\n<tr>\n<th>Utilisation<\/th>\n<td>DIY<br \/>\nD\u00e9coration int\u00e9rieure<br \/>\nCadeau f\u00eate mariage<\/td>\n<\/tr>\n<tr>\n<th>Conditionnement<\/th>\n<td>Carton d\u2019exportation standard\u2013Xpcs\/bo\u00eete, Ybox\/carton.<br \/>\nPack personnalis\u00e9 : bo\u00eete blanche avec votre logo, bo\u00eete cadeau couleur avec votre logo<\/td>\n<\/tr>\n<\/tbody>\n<\/table>\n<p><strong>\u00c0 propos de cet article<\/strong><br \/>\n1.Mod\u00e8le r\u00e9tro : de jolies petites bouteilles color\u00e9es en verre de souhaits, fabriqu\u00e9es en verre, cr\u00e9ent une atmosph\u00e8re romantique avec ces petites bouteilles en verre pour la d\u00e9coration de votre mariage et de votre f\u00eate, donnez \u00e0 votre soir\u00e9e un charme vintage en les ornant d\u2019\u00e9tiquettes, de ficelles ou de rubans et en leur donnant un aspect plus personnalis\u00e9. 2. Utilisations vari\u00e9es : nos petites bouteilles rectangulaires en verre color\u00e9 avec bouchon peuvent \u00eatre utilis\u00e9es non seulement comme d\u00e9corations, faveurs de mariage et accessoires de rangement, mais aussi comme petits contenants pour messages, \u00e9chantillons et autres petits objets. 3.Bouteilles de souhaits mignonnes : les petits fioles sont un choix de cadeau id\u00e9al pour les amis en tant que bouteilles de souhaits, vous pouvez \u00e9crire vos meilleurs v\u0153ux sur des petits morceaux de papier, puis les mettre dans la bouteille et les envoyer \u00e0 vos amis.<\/p>","protected":false},"featured_media":991589,"comment_status":"closed","ping_status":"closed","template":"","meta":{"_acf_changed":false},"product_brand":[],"product_cat":[633,632],"product_tag":[],"class_list":{"0":"post-4419","1":"product","2":"type-product","3":"status-publish","4":"has-post-thumbnail","6":"product_cat-glass-wishing-bottle","7":"product_cat-home-decor","9":"first","10":"instock","11":"shipping-taxable","12":"product-type-simple"},"acf":[],"yoast_head":"<!-- This site is optimized with the Yoast SEO plugin v26.7 - https:\/\/yoast.com\/wordpress\/plugins\/seo\/ -->\n<title>Glass Color Bottles Wishing Bottle Tiny Jars Vials Rectangle Bottles with Cork - Reihey Glass<\/title>\n<meta name=\"robots\" content=\"index, follow, max-snippet:-1, max-image-preview:large, max-video-preview:-1\" \/>\n<link rel=\"canonical\" href=\"https:\/\/reihey.com\/fr\/product\/glass-color-bottles-wishing-bottle-tiny-jars-vials-rectangle-bottles-with-cork\/\" \/>\n<meta property=\"og:locale\" content=\"fr_FR\" \/>\n<meta property=\"og:type\" content=\"article\" \/>\n<meta property=\"og:title\" content=\"Glass Color Bottles Wishing Bottle Tiny Jars Vials Rectangle Bottles with Cork - Reihey Glass\" \/>\n<meta property=\"og:description\" content=\"Material Size Cap type Sand Color Usage Packing   Glass H 2.5 x D1.5 cm Cork Different colors are available DIY Standard export carton--Xpcs\/box, Ybox\/carton.       Home decoration Custom pack: white box with your logo, Color gift box with your logo       Party Wedding Gift        Material Glass   Size H 2.5 x D1.5 cm   Cap type Cork   Sand Color Different colors are available   Usage DIY Home decoration Party Wedding Gift   Packing Standard export carton--Xpcs\/box, Ybox\/carton. Custom pack: white box with your logo, Color gift box with your logo    About this item 1.Retro style: cute mini colored glass wishing bottles are made with glass, create a romantic atmosphere with these mini glass bottles for your wedding and party decoration, add your party a vintage appeal by adorning these with labels, twines, or ribbons and giving them a more personalized look. 2.Widely usage: our rectangle cute mini colored glass bottles with cork can be applied not only as decorations, wedding favors and storage accessories, but also as small containers for message, samples and other tiny items. 3.Cute wish bottles: the tiny jars vials are ideal gift choice for friends as wish bottles, you can write your best wishes on pieces of small paper, and then put them into the bottle, then send to your friends.\" \/>\n<meta property=\"og:url\" content=\"https:\/\/reihey.com\/fr\/product\/glass-color-bottles-wishing-bottle-tiny-jars-vials-rectangle-bottles-with-cork\/\" \/>\n<meta property=\"og:site_name\" content=\"Reihey Glass\" \/>\n<meta property=\"article:modified_time\" content=\"2025-10-28T13:27:12+00:00\" \/>\n<meta property=\"og:image\" content=\"https:\/\/reihey.com\/wp-content\/uploads\/2025\/08\/Glass-Color-Bottles-Wishing-Bottle-2.png\" \/>\n\t<meta property=\"og:image:width\" content=\"800\" \/>\n\t<meta property=\"og:image:height\" content=\"800\" \/>\n\t<meta property=\"og:image:type\" content=\"image\/png\" \/>\n<meta name=\"twitter:card\" content=\"summary_large_image\" \/>\n<meta name=\"twitter:label1\" content=\"Est. reading time\" \/>\n\t<meta name=\"twitter:data1\" content=\"1 minute\" \/>\n<script type=\"application\/ld+json\" class=\"yoast-schema-graph\">{\"@context\":\"https:\/\/schema.org\",\"@graph\":[{\"@type\":\"WebPage\",\"@id\":\"https:\/\/reihey.com\/product\/glass-color-bottles-wishing-bottle-tiny-jars-vials-rectangle-bottles-with-cork\/\",\"url\":\"https:\/\/reihey.com\/product\/glass-color-bottles-wishing-bottle-tiny-jars-vials-rectangle-bottles-with-cork\/\",\"name\":\"Glass Color Bottles Wishing Bottle Tiny Jars Vials Rectangle Bottles with Cork - Reihey Glass\",\"isPartOf\":{\"@id\":\"https:\/\/reihey.com\/#website\"},\"primaryImageOfPage\":{\"@id\":\"https:\/\/reihey.com\/product\/glass-color-bottles-wishing-bottle-tiny-jars-vials-rectangle-bottles-with-cork\/#primaryimage\"},\"image\":{\"@id\":\"https:\/\/reihey.com\/product\/glass-color-bottles-wishing-bottle-tiny-jars-vials-rectangle-bottles-with-cork\/#primaryimage\"},\"thumbnailUrl\":\"https:\/\/reihey.com\/wp-content\/uploads\/2025\/08\/Glass-Color-Bottles-Wishing-Bottle-2.png\",\"datePublished\":\"2025-08-27T10:48:27+00:00\",\"dateModified\":\"2025-10-28T13:27:12+00:00\",\"breadcrumb\":{\"@id\":\"https:\/\/reihey.com\/product\/glass-color-bottles-wishing-bottle-tiny-jars-vials-rectangle-bottles-with-cork\/#breadcrumb\"},\"inLanguage\":\"fr-FR\",\"potentialAction\":[{\"@type\":\"ReadAction\",\"target\":[\"https:\/\/reihey.com\/product\/glass-color-bottles-wishing-bottle-tiny-jars-vials-rectangle-bottles-with-cork\/\"]}]},{\"@type\":\"ImageObject\",\"inLanguage\":\"fr-FR\",\"@id\":\"https:\/\/reihey.com\/product\/glass-color-bottles-wishing-bottle-tiny-jars-vials-rectangle-bottles-with-cork\/#primaryimage\",\"url\":\"https:\/\/reihey.com\/wp-content\/uploads\/2025\/08\/Glass-Color-Bottles-Wishing-Bottle-2.png\",\"contentUrl\":\"https:\/\/reihey.com\/wp-content\/uploads\/2025\/08\/Glass-Color-Bottles-Wishing-Bottle-2.png\",\"width\":800,\"height\":800},{\"@type\":\"BreadcrumbList\",\"@id\":\"https:\/\/reihey.com\/product\/glass-color-bottles-wishing-bottle-tiny-jars-vials-rectangle-bottles-with-cork\/#breadcrumb\",\"itemListElement\":[{\"@type\":\"ListItem\",\"position\":1,\"name\":\"Home\",\"item\":\"https:\/\/reihey.com\/\"},{\"@type\":\"ListItem\",\"position\":2,\"name\":\"Shop\",\"item\":\"https:\/\/reihey.com\/shop\/\"},{\"@type\":\"ListItem\",\"position\":3,\"name\":\"Glass Color Bottles Wishing Bottle Tiny Jars Vials Rectangle Bottles with Cork\"}]},{\"@type\":\"WebSite\",\"@id\":\"https:\/\/reihey.com\/#website\",\"url\":\"https:\/\/reihey.com\/\",\"name\":\"Reihey Glass\",\"description\":\"\",\"publisher\":{\"@id\":\"https:\/\/reihey.com\/#organization\"},\"potentialAction\":[{\"@type\":\"SearchAction\",\"target\":{\"@type\":\"EntryPoint\",\"urlTemplate\":\"https:\/\/reihey.com\/?s={search_term_string}\"},\"query-input\":{\"@type\":\"PropertyValueSpecification\",\"valueRequired\":true,\"valueName\":\"search_term_string\"}}],\"inLanguage\":\"fr-FR\"},{\"@type\":\"Organization\",\"@id\":\"https:\/\/reihey.com\/#organization\",\"name\":\"Reihey Glass\",\"url\":\"https:\/\/reihey.com\/\",\"logo\":{\"@type\":\"ImageObject\",\"inLanguage\":\"fr-FR\",\"@id\":\"https:\/\/reihey.com\/#\/schema\/logo\/image\/\",\"url\":\"https:\/\/reihey.com\/wp-content\/uploads\/2023\/07\/Reihey-logo-2026.svg\",\"contentUrl\":\"https:\/\/reihey.com\/wp-content\/uploads\/2023\/07\/Reihey-logo-2026.svg\",\"width\":1984,\"height\":566,\"caption\":\"Reihey Glass\"},\"image\":{\"@id\":\"https:\/\/reihey.com\/#\/schema\/logo\/image\/\"}}]}<\/script>\n<!-- \/ Yoast SEO plugin. -->","yoast_head_json":{"title":"Bouteilles en verre couleur verre de souhaits petites fioles rectangles avec bouchon - R\u00e9ihey Glass","robots":{"index":"index","follow":"follow","max-snippet":"max-snippet:-1","max-image-preview":"max-image-preview:large","max-video-preview":"max-video-preview:-1"},"canonical":"https:\/\/reihey.com\/fr\/product\/glass-color-bottles-wishing-bottle-tiny-jars-vials-rectangle-bottles-with-cork\/","og_locale":"fr_FR","og_type":"article","og_title":"Glass Color Bottles Wishing Bottle Tiny Jars Vials Rectangle Bottles with Cork - Reihey Glass","og_description":"Material Size Cap type Sand Color Usage Packing   Glass H 2.5 x D1.5 cm Cork Different colors are available DIY Standard export carton--Xpcs\/box, Ybox\/carton.       Home decoration Custom pack: white box with your logo, Color gift box with your logo       Party Wedding Gift        Material Glass   Size H 2.5 x D1.5 cm   Cap type Cork   Sand Color Different colors are available   Usage DIY Home decoration Party Wedding Gift   Packing Standard export carton--Xpcs\/box, Ybox\/carton. Custom pack: white box with your logo, Color gift box with your logo    About this item 1.Retro style: cute mini colored glass wishing bottles are made with glass, create a romantic atmosphere with these mini glass bottles for your wedding and party decoration, add your party a vintage appeal by adorning these with labels, twines, or ribbons and giving them a more personalized look. 2.Widely usage: our rectangle cute mini colored glass bottles with cork can be applied not only as decorations, wedding favors and storage accessories, but also as small containers for message, samples and other tiny items. 3.Cute wish bottles: the tiny jars vials are ideal gift choice for friends as wish bottles, you can write your best wishes on pieces of small paper, and then put them into the bottle, then send to your friends.","og_url":"https:\/\/reihey.com\/fr\/product\/glass-color-bottles-wishing-bottle-tiny-jars-vials-rectangle-bottles-with-cork\/","og_site_name":"Reihey Glass","article_modified_time":"2025-10-28T13:27:12+00:00","og_image":[{"width":800,"height":800,"url":"https:\/\/reihey.com\/wp-content\/uploads\/2025\/08\/Glass-Color-Bottles-Wishing-Bottle-2.png","type":"image\/png"}],"twitter_card":"summary_large_image","twitter_misc":{"Est. reading time":"1 minute"},"schema":{"@context":"https:\/\/schema.org","@graph":[{"@type":"WebPage","@id":"https:\/\/reihey.com\/product\/glass-color-bottles-wishing-bottle-tiny-jars-vials-rectangle-bottles-with-cork\/","url":"https:\/\/reihey.com\/product\/glass-color-bottles-wishing-bottle-tiny-jars-vials-rectangle-bottles-with-cork\/","name":"Bouteilles en verre couleur verre de souhaits petites fioles rectangles avec bouchon - R\u00e9ihey Glass","isPartOf":{"@id":"https:\/\/reihey.com\/#website"},"primaryImageOfPage":{"@id":"https:\/\/reihey.com\/product\/glass-color-bottles-wishing-bottle-tiny-jars-vials-rectangle-bottles-with-cork\/#primaryimage"},"image":{"@id":"https:\/\/reihey.com\/product\/glass-color-bottles-wishing-bottle-tiny-jars-vials-rectangle-bottles-with-cork\/#primaryimage"},"thumbnailUrl":"https:\/\/reihey.com\/wp-content\/uploads\/2025\/08\/Glass-Color-Bottles-Wishing-Bottle-2.png","datePublished":"2025-08-27T10:48:27+00:00","dateModified":"2025-10-28T13:27:12+00:00","breadcrumb":{"@id":"https:\/\/reihey.com\/product\/glass-color-bottles-wishing-bottle-tiny-jars-vials-rectangle-bottles-with-cork\/#breadcrumb"},"inLanguage":"fr-FR","potentialAction":[{"@type":"ReadAction","target":["https:\/\/reihey.com\/product\/glass-color-bottles-wishing-bottle-tiny-jars-vials-rectangle-bottles-with-cork\/"]}]},{"@type":"ImageObject","inLanguage":"fr-FR","@id":"https:\/\/reihey.com\/product\/glass-color-bottles-wishing-bottle-tiny-jars-vials-rectangle-bottles-with-cork\/#primaryimage","url":"https:\/\/reihey.com\/wp-content\/uploads\/2025\/08\/Glass-Color-Bottles-Wishing-Bottle-2.png","contentUrl":"https:\/\/reihey.com\/wp-content\/uploads\/2025\/08\/Glass-Color-Bottles-Wishing-Bottle-2.png","width":800,"height":800},{"@type":"BreadcrumbList","@id":"https:\/\/reihey.com\/product\/glass-color-bottles-wishing-bottle-tiny-jars-vials-rectangle-bottles-with-cork\/#breadcrumb","itemListElement":[{"@type":"ListItem","position":1,"name":"Home","item":"https:\/\/reihey.com\/"},{"@type":"ListItem","position":2,"name":"Shop","item":"https:\/\/reihey.com\/shop\/"},{"@type":"ListItem","position":3,"name":"Glass Color Bottles Wishing Bottle Tiny Jars Vials Rectangle Bottles with Cork"}]},{"@type":"WebSite","@id":"https:\/\/reihey.com\/#website","url":"https:\/\/reihey.com\/","name":"Verre Reiheney","description":"","publisher":{"@id":"https:\/\/reihey.com\/#organization"},"potentialAction":[{"@type":"SearchAction","target":{"@type":"EntryPoint","urlTemplate":"https:\/\/reihey.com\/?s={search_term_string}"},"query-input":{"@type":"PropertyValueSpecification","valueRequired":true,"valueName":"search_term_string"}}],"inLanguage":"fr-FR"},{"@type":"Organization","@id":"https:\/\/reihey.com\/#organization","name":"Verre Reiheney","url":"https:\/\/reihey.com\/","logo":{"@type":"ImageObject","inLanguage":"fr-FR","@id":"https:\/\/reihey.com\/#\/schema\/logo\/image\/","url":"https:\/\/reihey.com\/wp-content\/uploads\/2023\/07\/Reihey-logo-2026.svg","contentUrl":"https:\/\/reihey.com\/wp-content\/uploads\/2023\/07\/Reihey-logo-2026.svg","width":1984,"height":566,"caption":"Reihey Glass"},"image":{"@id":"https:\/\/reihey.com\/#\/schema\/logo\/image\/"}}]}},"_links":{"self":[{"href":"https:\/\/reihey.com\/fr\/wp-json\/wp\/v2\/product\/4419","targetHints":{"allow":["GET"]}}],"collection":[{"href":"https:\/\/reihey.com\/fr\/wp-json\/wp\/v2\/product"}],"about":[{"href":"https:\/\/reihey.com\/fr\/wp-json\/wp\/v2\/types\/product"}],"replies":[{"embeddable":true,"href":"https:\/\/reihey.com\/fr\/wp-json\/wp\/v2\/comments?post=4419"}],"version-history":[{"count":5,"href":"https:\/\/reihey.com\/fr\/wp-json\/wp\/v2\/product\/4419\/revisions"}],"predecessor-version":[{"id":998106,"href":"https:\/\/reihey.com\/fr\/wp-json\/wp\/v2\/product\/4419\/revisions\/998106"}],"wp:featuredmedia":[{"embeddable":true,"href":"https:\/\/reihey.com\/fr\/wp-json\/wp\/v2\/media\/991589"}],"wp:attachment":[{"href":"https:\/\/reihey.com\/fr\/wp-json\/wp\/v2\/media?parent=4419"}],"wp:term":[{"taxonomy":"product_brand","embeddable":true,"href":"https:\/\/reihey.com\/fr\/wp-json\/wp\/v2\/product_brand?post=4419"},{"taxonomy":"product_cat","embeddable":true,"href":"https:\/\/reihey.com\/fr\/wp-json\/wp\/v2\/product_cat?post=4419"},{"taxonomy":"product_tag","embeddable":true,"href":"https:\/\/reihey.com\/fr\/wp-json\/wp\/v2\/product_tag?post=4419"}],"curies":[{"name":"wp","href":"https:\/\/api.w.org\/{rel}","templated":true}]}}