{"id":4338,"date":"2025-08-27T10:47:52","date_gmt":"2025-08-27T10:47:52","guid":{"rendered":"https:\/\/slot71.silverline.dev\/?post_type=product&#038;p=4338"},"modified":"2025-10-28T13:27:12","modified_gmt":"2025-10-28T13:27:12","slug":"colorful-large-dynamic-round-glass-3d-deep-moving-flowing-sand-art","status":"publish","type":"product","link":"https:\/\/reihey.com\/fr\/product\/colorful-large-dynamic-round-glass-3d-deep-moving-flowing-sand-art\/","title":{"rendered":"Grand sablier dynamique color\u00e9 rond en verre 3D, sable en mouvement profond"},"content":{"rendered":"","protected":false},"excerpt":{"rendered":"<table class=\"desk-tab\">\n<tbody>\n<tr>\n<th>Mat\u00e9riel<\/th>\n<th>Taille<\/th>\n<th>Forme<\/th>\n<th>Temps<\/th>\n<th>Couleur du sable<\/th>\n<th>Utilisation<\/th>\n<th>Conditionnement<\/th>\n<\/tr>\n<tr>\n<td>Verre<\/td>\n<td>7 pouces<\/td>\n<td>Rond<\/td>\n<td>1min<\/td>\n<td>Bleu<\/td>\n<td>Chronom\u00e9trage<\/td>\n<td>Carton d\u2019exportation standard\u2013Xpcs\/bo\u00eete, Ybox\/carton.<\/td>\n<\/tr>\n<tr>\n<td><\/td>\n<td>12 pouces<\/td>\n<td><\/td>\n<td>3min<\/td>\n<td>Noir<\/td>\n<td><\/td>\n<td>Pack personnalis\u00e9 : bo\u00eete blanche avec votre logo, bo\u00eete cadeau couleur avec votre logo<\/td>\n<\/tr>\n<tr>\n<td><\/td>\n<td><\/td>\n<td><\/td>\n<td>5min<\/td>\n<td>Rouge<\/td>\n<td><\/td>\n<td><\/td>\n<\/tr>\n<tr>\n<td><\/td>\n<td><\/td>\n<td><\/td>\n<td><\/td>\n<td>Vert<\/td>\n<td><\/td>\n<td><\/td>\n<\/tr>\n<tr>\n<td><\/td>\n<td><\/td>\n<td><\/td>\n<td><\/td>\n<td>Violet<\/td>\n<td><\/td>\n<td><\/td>\n<\/tr>\n<tr>\n<td><\/td>\n<td><\/td>\n<td><\/td>\n<td><\/td>\n<td>Jaune<\/td>\n<td><\/td>\n<td><\/td>\n<\/tr>\n<tr>\n<td><\/td>\n<td><\/td>\n<td><\/td>\n<td><\/td>\n<td>Rose Rouge<\/td>\n<td><\/td>\n<td><\/td>\n<\/tr>\n<\/tbody>\n<\/table>\n<table class=\"mob-tab\">\n<tbody>\n<tr>\n<th>Mat\u00e9riel<\/th>\n<td>Verre<\/td>\n<\/tr>\n<tr>\n<th>Taille<\/th>\n<td>7 pouces<br \/>\n12 pouces<\/td>\n<\/tr>\n<tr>\n<th>Forme<\/th>\n<td>Rond<\/td>\n<\/tr>\n<tr>\n<th>Temps<\/th>\n<td>1min<br \/>\n3min<br \/>\n5min<\/td>\n<\/tr>\n<tr>\n<th>Couleur du sable<\/th>\n<td>Bleu<br \/>\nNoir<br \/>\nRouge<br \/>\nVert<br \/>\nViolet<br \/>\nJaune<br \/>\nRose Rouge<\/td>\n<\/tr>\n<tr>\n<th>Utilisation<\/th>\n<td>Chronom\u00e9trage<\/td>\n<\/tr>\n<tr>\n<th>Conditionnement<\/th>\n<td>Carton d\u2019exportation standard\u2013Xpcs\/bo\u00eete, Ybox\/carton.<br \/>\nPack personnalis\u00e9 : bo\u00eete blanche avec votre logo, bo\u00eete cadeau couleur avec votre logo<\/td>\n<\/tr>\n<\/tbody>\n<\/table>\n<p><strong>\u00c0 propos de cet article<\/strong><br \/>\n1.\u3010Savourer le paysage\u3011- le sable profond et fluide formera une autre nouvelle carte du paysage avec la rotation continue. Impr\u00e9gnez-vous du sable qui coule lentement et regardez la carte du paysage se former peu \u00e0 peu, comme si vous \u00e9tiez dans les montagnes et les rivi\u00e8res, l'eau qui babille, purifier l'esprit, soulager la fatigue d'une journ\u00e9e d'\u00e9tude\/travail, r\u00e9duire le stress et vous offrir une exp\u00e9rience confortable. 2.\u3010Qualit\u00e9 parfaite\u3011- Verre sans plomb de haute qualit\u00e9, transparent comme l'eau, permettant de vivre pleinement le babillage du sable mouvant. Le design du produit est ing\u00e9nieux, le travail est pr\u00e9cis, chaque niveau de d\u00e9tail est distinct, et le sable fin parfait et sa couleur donnent \u00e0 chaque image 3D qui s\u2019\u00e9coule une notion artistique compl\u00e8te. Le cadre en mat\u00e9riau ABS ne n\u00e9cessite pas de s'inqui\u00e9ter de son probl\u00e8me environnemental, et il constitue une excellente d\u00e9coration de mobilier. 3.\u3010D\u00e9coration de peinture sur sable\u3011- La d\u00e9coration parfaite pour la maison\/bureau. Une peinture de paysage naturel rend votre maison\/bureau au milieu du paysage, calme, naturel, \u00e9l\u00e9gant et indiff\u00e9rent. En regardant les diff\u00e9rentes pictures de paysage form\u00e9es par le flux de sable, vous pouvez sentir la magie du Cr\u00e9ateur, et chaque changement est si naturel et beau. 4.\u3010Cadeaux de grande valeur\u3011- Exprimez vos sentiments forts en exprimant vos propres sentiments dans le paysage et en les offrant \u00e0 une personne sp\u00e9ciale. Pour les employ\u00e9s de bureau, les \u00e9tudiants avec de lourdes \u00e9tudes et les personnes qui travaillent longtemps sur des ordinateurs, une peinture de paysage pleine de concept artistique est le compl\u00e9ment parfait \u00e0 leurs bureaux. \u00catre dans l\u2019eau murmure peut laver la fatigue, inspirer les pens\u00e9es et am\u00e9liorer l\u2019efficacit\u00e9.<\/p>","protected":false},"featured_media":991557,"comment_status":"closed","ping_status":"closed","template":"","meta":{"_acf_changed":false},"product_brand":[],"product_cat":[632,599],"product_tag":[],"class_list":{"0":"post-4338","1":"product","2":"type-product","3":"status-publish","4":"has-post-thumbnail","6":"product_cat-home-decor","7":"product_cat-hourglass","9":"first","10":"instock","11":"shipping-taxable","12":"product-type-simple"},"acf":[],"yoast_head":"<!-- This site is optimized with the Yoast SEO plugin v26.7 - https:\/\/yoast.com\/wordpress\/plugins\/seo\/ -->\n<title>Colorful large dynamic round glass 3d deep moving flowing sand art - Reihey Glass<\/title>\n<meta name=\"robots\" content=\"index, follow, max-snippet:-1, max-image-preview:large, max-video-preview:-1\" \/>\n<link rel=\"canonical\" href=\"https:\/\/reihey.com\/fr\/product\/colorful-large-dynamic-round-glass-3d-deep-moving-flowing-sand-art\/\" \/>\n<meta property=\"og:locale\" content=\"fr_FR\" \/>\n<meta property=\"og:type\" content=\"article\" \/>\n<meta property=\"og:title\" content=\"Colorful large dynamic round glass 3d deep moving flowing sand art - Reihey Glass\" \/>\n<meta property=\"og:description\" content=\"Material Size Shape Time Sand Color Usage Packing   Glass 7inch Round 1min Blue Timing Standard export carton--Xpcs\/box, Ybox\/carton.    12inch  3min Black  Custom pack: white box with your logo, Color gift box with your logo      5min Red         Green         Purple         Yellow         Rose Red         Material Glass   Size 7inch 12inch   Shape Round   Time 1min 3min 5min   Sand Color Blue Black Red Green Purple Yellow Rose Red   Usage Timing   Packing Standard export carton--Xpcs\/box, Ybox\/carton. Custom pack: white box with your logo, Color gift box with your logo    About this item 1.\u3010Indulge in the landscape\u3011- the flowing deep-sea sand will form another new landscape map with the continuous rotation. Immerse in the slowly flowing sand and watch the slowly forming landscape map, as if you are in the mountains and rivers, the gurgling water , purify the mind, relieve the fatigue of a day&#039;s study\/work, relieve stress, and give you a comfortable experience. 2.\u3010Perfect Quality\u3011- High-quality lead-free glass that is transparent like water, allowing you to fully experience the gurgling quicksand. The product design is ingenious, the workmanship is precise, each detail level is distinct, and the perfect fine sand and its color make every 3D picture that flows out is full of artistic conception. The frame of ABS material does not need to worry about its environmental protection problem, and it is an excellent furniture decoration. 3.\u3010Sand Painting Decoration\u3011- The perfect home\/office decoration. A natural landscape painting makes your house\/office in the middle of landscape, quiet, natural, elegant and indifferent. Watching the different landscape pictures formed with the flow of sand, you can feel the magic of the Creator, and every change is so natural and beautiful. 4.\u3010High-value gifts\u3011- Express your heavy feelings by expressing your own feelings in the landscape and presenting them to a special person. For office workers, students with heavy studies, and people who work on computers for a long time, a landscape painting full of artistic conception is the perfect complement to their desks. Being in the murmuring water can wash away fatigue, inspire thoughts, and improve efficiency.\" \/>\n<meta property=\"og:url\" content=\"https:\/\/reihey.com\/fr\/product\/colorful-large-dynamic-round-glass-3d-deep-moving-flowing-sand-art\/\" \/>\n<meta property=\"og:site_name\" content=\"Reihey Glass\" \/>\n<meta property=\"article:modified_time\" content=\"2025-10-28T13:27:12+00:00\" \/>\n<meta property=\"og:image\" content=\"https:\/\/reihey.com\/wp-content\/uploads\/2025\/08\/Main-02-36.jpg\" \/>\n\t<meta property=\"og:image:width\" content=\"930\" \/>\n\t<meta property=\"og:image:height\" content=\"930\" \/>\n\t<meta property=\"og:image:type\" content=\"image\/jpeg\" \/>\n<meta name=\"twitter:card\" content=\"summary_large_image\" \/>\n<meta name=\"twitter:label1\" content=\"Est. reading time\" \/>\n\t<meta name=\"twitter:data1\" content=\"1 minute\" \/>\n<script type=\"application\/ld+json\" class=\"yoast-schema-graph\">{\"@context\":\"https:\/\/schema.org\",\"@graph\":[{\"@type\":\"WebPage\",\"@id\":\"https:\/\/reihey.com\/product\/colorful-large-dynamic-round-glass-3d-deep-moving-flowing-sand-art\/\",\"url\":\"https:\/\/reihey.com\/product\/colorful-large-dynamic-round-glass-3d-deep-moving-flowing-sand-art\/\",\"name\":\"Colorful large dynamic round glass 3d deep moving flowing sand art - Reihey Glass\",\"isPartOf\":{\"@id\":\"https:\/\/reihey.com\/#website\"},\"primaryImageOfPage\":{\"@id\":\"https:\/\/reihey.com\/product\/colorful-large-dynamic-round-glass-3d-deep-moving-flowing-sand-art\/#primaryimage\"},\"image\":{\"@id\":\"https:\/\/reihey.com\/product\/colorful-large-dynamic-round-glass-3d-deep-moving-flowing-sand-art\/#primaryimage\"},\"thumbnailUrl\":\"https:\/\/reihey.com\/wp-content\/uploads\/2025\/08\/Main-02-36.jpg\",\"datePublished\":\"2025-08-27T10:47:52+00:00\",\"dateModified\":\"2025-10-28T13:27:12+00:00\",\"breadcrumb\":{\"@id\":\"https:\/\/reihey.com\/product\/colorful-large-dynamic-round-glass-3d-deep-moving-flowing-sand-art\/#breadcrumb\"},\"inLanguage\":\"fr-FR\",\"potentialAction\":[{\"@type\":\"ReadAction\",\"target\":[\"https:\/\/reihey.com\/product\/colorful-large-dynamic-round-glass-3d-deep-moving-flowing-sand-art\/\"]}]},{\"@type\":\"ImageObject\",\"inLanguage\":\"fr-FR\",\"@id\":\"https:\/\/reihey.com\/product\/colorful-large-dynamic-round-glass-3d-deep-moving-flowing-sand-art\/#primaryimage\",\"url\":\"https:\/\/reihey.com\/wp-content\/uploads\/2025\/08\/Main-02-36.jpg\",\"contentUrl\":\"https:\/\/reihey.com\/wp-content\/uploads\/2025\/08\/Main-02-36.jpg\",\"width\":930,\"height\":930},{\"@type\":\"BreadcrumbList\",\"@id\":\"https:\/\/reihey.com\/product\/colorful-large-dynamic-round-glass-3d-deep-moving-flowing-sand-art\/#breadcrumb\",\"itemListElement\":[{\"@type\":\"ListItem\",\"position\":1,\"name\":\"Home\",\"item\":\"https:\/\/reihey.com\/\"},{\"@type\":\"ListItem\",\"position\":2,\"name\":\"Shop\",\"item\":\"https:\/\/reihey.com\/shop\/\"},{\"@type\":\"ListItem\",\"position\":3,\"name\":\"Colorful large dynamic round glass 3d deep moving flowing sand art\"}]},{\"@type\":\"WebSite\",\"@id\":\"https:\/\/reihey.com\/#website\",\"url\":\"https:\/\/reihey.com\/\",\"name\":\"Reihey Glass\",\"description\":\"\",\"publisher\":{\"@id\":\"https:\/\/reihey.com\/#organization\"},\"potentialAction\":[{\"@type\":\"SearchAction\",\"target\":{\"@type\":\"EntryPoint\",\"urlTemplate\":\"https:\/\/reihey.com\/?s={search_term_string}\"},\"query-input\":{\"@type\":\"PropertyValueSpecification\",\"valueRequired\":true,\"valueName\":\"search_term_string\"}}],\"inLanguage\":\"fr-FR\"},{\"@type\":\"Organization\",\"@id\":\"https:\/\/reihey.com\/#organization\",\"name\":\"Reihey Glass\",\"url\":\"https:\/\/reihey.com\/\",\"logo\":{\"@type\":\"ImageObject\",\"inLanguage\":\"fr-FR\",\"@id\":\"https:\/\/reihey.com\/#\/schema\/logo\/image\/\",\"url\":\"https:\/\/reihey.com\/wp-content\/uploads\/2023\/07\/Reihey-logo-2026.svg\",\"contentUrl\":\"https:\/\/reihey.com\/wp-content\/uploads\/2023\/07\/Reihey-logo-2026.svg\",\"width\":1984,\"height\":566,\"caption\":\"Reihey Glass\"},\"image\":{\"@id\":\"https:\/\/reihey.com\/#\/schema\/logo\/image\/\"}}]}<\/script>\n<!-- \/ Yoast SEO plugin. -->","yoast_head_json":{"title":"Verre color\u00e9 rond 3D dynamique grand avec sable mouvant fluide et color\u00e9 - Reihey Glass","robots":{"index":"index","follow":"follow","max-snippet":"max-snippet:-1","max-image-preview":"max-image-preview:large","max-video-preview":"max-video-preview:-1"},"canonical":"https:\/\/reihey.com\/fr\/product\/colorful-large-dynamic-round-glass-3d-deep-moving-flowing-sand-art\/","og_locale":"fr_FR","og_type":"article","og_title":"Colorful large dynamic round glass 3d deep moving flowing sand art - Reihey Glass","og_description":"Material Size Shape Time Sand Color Usage Packing   Glass 7inch Round 1min Blue Timing Standard export carton--Xpcs\/box, Ybox\/carton.    12inch  3min Black  Custom pack: white box with your logo, Color gift box with your logo      5min Red         Green         Purple         Yellow         Rose Red         Material Glass   Size 7inch 12inch   Shape Round   Time 1min 3min 5min   Sand Color Blue Black Red Green Purple Yellow Rose Red   Usage Timing   Packing Standard export carton--Xpcs\/box, Ybox\/carton. Custom pack: white box with your logo, Color gift box with your logo    About this item 1.\u3010Indulge in the landscape\u3011- the flowing deep-sea sand will form another new landscape map with the continuous rotation. Immerse in the slowly flowing sand and watch the slowly forming landscape map, as if you are in the mountains and rivers, the gurgling water , purify the mind, relieve the fatigue of a day's study\/work, relieve stress, and give you a comfortable experience. 2.\u3010Perfect Quality\u3011- High-quality lead-free glass that is transparent like water, allowing you to fully experience the gurgling quicksand. The product design is ingenious, the workmanship is precise, each detail level is distinct, and the perfect fine sand and its color make every 3D picture that flows out is full of artistic conception. The frame of ABS material does not need to worry about its environmental protection problem, and it is an excellent furniture decoration. 3.\u3010Sand Painting Decoration\u3011- The perfect home\/office decoration. A natural landscape painting makes your house\/office in the middle of landscape, quiet, natural, elegant and indifferent. Watching the different landscape pictures formed with the flow of sand, you can feel the magic of the Creator, and every change is so natural and beautiful. 4.\u3010High-value gifts\u3011- Express your heavy feelings by expressing your own feelings in the landscape and presenting them to a special person. For office workers, students with heavy studies, and people who work on computers for a long time, a landscape painting full of artistic conception is the perfect complement to their desks. Being in the murmuring water can wash away fatigue, inspire thoughts, and improve efficiency.","og_url":"https:\/\/reihey.com\/fr\/product\/colorful-large-dynamic-round-glass-3d-deep-moving-flowing-sand-art\/","og_site_name":"Reihey Glass","article_modified_time":"2025-10-28T13:27:12+00:00","og_image":[{"width":930,"height":930,"url":"https:\/\/reihey.com\/wp-content\/uploads\/2025\/08\/Main-02-36.jpg","type":"image\/jpeg"}],"twitter_card":"summary_large_image","twitter_misc":{"Est. reading time":"1 minute"},"schema":{"@context":"https:\/\/schema.org","@graph":[{"@type":"WebPage","@id":"https:\/\/reihey.com\/product\/colorful-large-dynamic-round-glass-3d-deep-moving-flowing-sand-art\/","url":"https:\/\/reihey.com\/product\/colorful-large-dynamic-round-glass-3d-deep-moving-flowing-sand-art\/","name":"Verre color\u00e9 rond 3D dynamique grand avec sable mouvant fluide et color\u00e9 - Reihey Glass","isPartOf":{"@id":"https:\/\/reihey.com\/#website"},"primaryImageOfPage":{"@id":"https:\/\/reihey.com\/product\/colorful-large-dynamic-round-glass-3d-deep-moving-flowing-sand-art\/#primaryimage"},"image":{"@id":"https:\/\/reihey.com\/product\/colorful-large-dynamic-round-glass-3d-deep-moving-flowing-sand-art\/#primaryimage"},"thumbnailUrl":"https:\/\/reihey.com\/wp-content\/uploads\/2025\/08\/Main-02-36.jpg","datePublished":"2025-08-27T10:47:52+00:00","dateModified":"2025-10-28T13:27:12+00:00","breadcrumb":{"@id":"https:\/\/reihey.com\/product\/colorful-large-dynamic-round-glass-3d-deep-moving-flowing-sand-art\/#breadcrumb"},"inLanguage":"fr-FR","potentialAction":[{"@type":"ReadAction","target":["https:\/\/reihey.com\/product\/colorful-large-dynamic-round-glass-3d-deep-moving-flowing-sand-art\/"]}]},{"@type":"ImageObject","inLanguage":"fr-FR","@id":"https:\/\/reihey.com\/product\/colorful-large-dynamic-round-glass-3d-deep-moving-flowing-sand-art\/#primaryimage","url":"https:\/\/reihey.com\/wp-content\/uploads\/2025\/08\/Main-02-36.jpg","contentUrl":"https:\/\/reihey.com\/wp-content\/uploads\/2025\/08\/Main-02-36.jpg","width":930,"height":930},{"@type":"BreadcrumbList","@id":"https:\/\/reihey.com\/product\/colorful-large-dynamic-round-glass-3d-deep-moving-flowing-sand-art\/#breadcrumb","itemListElement":[{"@type":"ListItem","position":1,"name":"Home","item":"https:\/\/reihey.com\/"},{"@type":"ListItem","position":2,"name":"Shop","item":"https:\/\/reihey.com\/shop\/"},{"@type":"ListItem","position":3,"name":"Colorful large dynamic round glass 3d deep moving flowing sand art"}]},{"@type":"WebSite","@id":"https:\/\/reihey.com\/#website","url":"https:\/\/reihey.com\/","name":"Verre Reiheney","description":"","publisher":{"@id":"https:\/\/reihey.com\/#organization"},"potentialAction":[{"@type":"SearchAction","target":{"@type":"EntryPoint","urlTemplate":"https:\/\/reihey.com\/?s={search_term_string}"},"query-input":{"@type":"PropertyValueSpecification","valueRequired":true,"valueName":"search_term_string"}}],"inLanguage":"fr-FR"},{"@type":"Organization","@id":"https:\/\/reihey.com\/#organization","name":"Verre Reiheney","url":"https:\/\/reihey.com\/","logo":{"@type":"ImageObject","inLanguage":"fr-FR","@id":"https:\/\/reihey.com\/#\/schema\/logo\/image\/","url":"https:\/\/reihey.com\/wp-content\/uploads\/2023\/07\/Reihey-logo-2026.svg","contentUrl":"https:\/\/reihey.com\/wp-content\/uploads\/2023\/07\/Reihey-logo-2026.svg","width":1984,"height":566,"caption":"Reihey Glass"},"image":{"@id":"https:\/\/reihey.com\/#\/schema\/logo\/image\/"}}]}},"_links":{"self":[{"href":"https:\/\/reihey.com\/fr\/wp-json\/wp\/v2\/product\/4338","targetHints":{"allow":["GET"]}}],"collection":[{"href":"https:\/\/reihey.com\/fr\/wp-json\/wp\/v2\/product"}],"about":[{"href":"https:\/\/reihey.com\/fr\/wp-json\/wp\/v2\/types\/product"}],"replies":[{"embeddable":true,"href":"https:\/\/reihey.com\/fr\/wp-json\/wp\/v2\/comments?post=4338"}],"version-history":[{"count":4,"href":"https:\/\/reihey.com\/fr\/wp-json\/wp\/v2\/product\/4338\/revisions"}],"predecessor-version":[{"id":998099,"href":"https:\/\/reihey.com\/fr\/wp-json\/wp\/v2\/product\/4338\/revisions\/998099"}],"wp:featuredmedia":[{"embeddable":true,"href":"https:\/\/reihey.com\/fr\/wp-json\/wp\/v2\/media\/991557"}],"wp:attachment":[{"href":"https:\/\/reihey.com\/fr\/wp-json\/wp\/v2\/media?parent=4338"}],"wp:term":[{"taxonomy":"product_brand","embeddable":true,"href":"https:\/\/reihey.com\/fr\/wp-json\/wp\/v2\/product_brand?post=4338"},{"taxonomy":"product_cat","embeddable":true,"href":"https:\/\/reihey.com\/fr\/wp-json\/wp\/v2\/product_cat?post=4338"},{"taxonomy":"product_tag","embeddable":true,"href":"https:\/\/reihey.com\/fr\/wp-json\/wp\/v2\/product_tag?post=4338"}],"curies":[{"name":"wp","href":"https:\/\/api.w.org\/{rel}","templated":true}]}}