{"id":4304,"date":"2025-08-27T10:47:41","date_gmt":"2025-08-27T10:47:41","guid":{"rendered":"https:\/\/slot71.silverline.dev\/?post_type=product&#038;p=4304"},"modified":"2025-10-29T06:14:50","modified_gmt":"2025-10-29T06:14:50","slug":"transparent-colorful-glass-sand-clock-hourglasses-sand-timer-5-60min-hourglass","status":"publish","type":"product","link":"https:\/\/reihey.com\/fr\/product\/transparent-colorful-glass-sand-clock-hourglasses-sand-timer-5-60min-hourglass\/","title":{"rendered":"Horloges \u00e0 sable en verre transparent color\u00e9, sablier 5-60 min"},"content":{"rendered":"","protected":false},"excerpt":{"rendered":"<table class=\"desk-tab\">\n<tbody>\n<tr>\n<th>Mat\u00e9riel<\/th>\n<th>Taille<\/th>\n<th>Couleur du sable<\/th>\n<th>Utilisation<\/th>\n<th>Conditionnement<\/th>\n<\/tr>\n<tr>\n<td>verre borosilicate \u00e9lev\u00e9<\/td>\n<td>5 min<\/td>\n<td>Bienvenue Personnalis\u00e9<\/td>\n<td>Chronom\u00e9trage<\/td>\n<td>Carton d\u2019exportation standard\u2013Xpcs\/bo\u00eete, Ybox\/carton.<\/td>\n<\/tr>\n<tr>\n<td>Sable<\/td>\n<td>15 min<\/td>\n<td>Laissez Votre Logo Unique.<\/td>\n<td><\/td>\n<td>Pack personnalis\u00e9 : bo\u00eete blanche avec votre logo, bo\u00eete cadeau couleur avec votre logo<\/td>\n<\/tr>\n<tr>\n<td><\/td>\n<td>30 min<\/td>\n<td><\/td>\n<td><\/td>\n<td><\/td>\n<\/tr>\n<tr>\n<td><\/td>\n<td>60 min<\/td>\n<td><\/td>\n<td><\/td>\n<td><\/td>\n<\/tr>\n<tr>\n<td><\/td>\n<td>Mettre une taille indiqu\u00e9e pour correspondre \u00e0 vos produits<\/td>\n<td><\/td>\n<td><\/td>\n<td><\/td>\n<\/tr>\n<\/tbody>\n<\/table>\n<table class=\"mob-tab\">\n<tbody>\n<tr>\n<th>Mat\u00e9riel<\/th>\n<td>Verre borosilicat\u00e9 \u00e9lev\u00e9 + Sable<\/td>\n<\/tr>\n<tr>\n<th>Taille<\/th>\n<td>5 min<br \/>\n15 min<br \/>\n30 min<br \/>\n60 min<br \/>\nMettre une taille indiqu\u00e9e pour correspondre \u00e0 vos produits<\/td>\n<\/tr>\n<tr>\n<th>Couleur du sable<\/th>\n<td>Bienvenue Personnalis\u00e9,<br \/>\nLaissez Votre Logo Unique.<\/td>\n<\/tr>\n<tr>\n<th>Utilisation<\/th>\n<td>Chronom\u00e9trage<\/td>\n<\/tr>\n<tr>\n<th>Conditionnement<\/th>\n<td>Carton d\u2019exportation standard\u2013Xpcs\/bo\u00eete, Ybox\/carton.<br \/>\nPack personnalis\u00e9 : bo\u00eete blanche avec votre logo, bo\u00eete cadeau couleur avec votre logo<\/td>\n<\/tr>\n<\/tbody>\n<\/table>\n<p><strong>\u00c0 propos de cet article<\/strong><br \/>\nMinuteur \u00e0 sable 1,30 minute : d\u00e9tendez-vous et r\u00e9duisez le stress au travail. En retournant le sablier, vous obtiendrez 30 minutes de flux de travail ininterrompu, en restant concentr\u00e9 et plus productif plus longtemps. 2. Temps pr\u00e9cis : Le sablier m\u00e9tallique est con\u00e7u aux \u00c9tats-Unis selon la norme industrielle de haute qualit\u00e9 \u00b13 minutes. Le minuteur sable vintage de 60 minutes peut vous aider \u00e0 suivre le travail facilement et \u00e0 pr\u00e9venir la fatigue due au travail overtime. Am\u00e9liorez votre productivit\u00e9 : lorsque vous consacrez une p\u00e9riode de temps d\u00e9finie \u00e0 une t\u00e2che, vous \u00eates plus susceptible de vous concentrer et de mener l\u2019activit\u00e9 \u00e0 bien. Mettez fin \u00e0 votre procrastination. 3. Conception moderne et \u00e9l\u00e9gante : des couleurs vives vous apportent un impact visuel et peuvent \u00eatre utilis\u00e9es comme une belle d\u00e9coration pour le salon, la salle \u00e0 manger, la chambre, le bureau. 4. Cadeau id\u00e9al : ce minuteur constitue un excellent cadeau pour les enfants, les \u00e9tudiants et les adultes. Il peut \u00e9galement \u00eatre offert comme cadeau de cr\u00e9maill\u00e8re, outil de pleine conscience, ou comme cadeau pour une personne aim\u00e9e qui d\u00e9core son domicile.<\/p>","protected":false},"featured_media":991547,"comment_status":"closed","ping_status":"closed","template":"","meta":{"_acf_changed":false},"product_brand":[],"product_cat":[632,599],"product_tag":[],"class_list":{"0":"post-4304","1":"product","2":"type-product","3":"status-publish","4":"has-post-thumbnail","6":"product_cat-home-decor","7":"product_cat-hourglass","9":"first","10":"instock","11":"shipping-taxable","12":"product-type-simple"},"acf":[],"yoast_head":"<!-- This site is optimized with the Yoast SEO plugin v26.7 - https:\/\/yoast.com\/wordpress\/plugins\/seo\/ -->\n<title>Transparent colorful glass sand clock hourglasses sand timer 5-60min HourGlass - Reihey Glass<\/title>\n<meta name=\"robots\" content=\"index, follow, max-snippet:-1, max-image-preview:large, max-video-preview:-1\" \/>\n<link rel=\"canonical\" href=\"https:\/\/reihey.com\/fr\/product\/transparent-colorful-glass-sand-clock-hourglasses-sand-timer-5-60min-hourglass\/\" \/>\n<meta property=\"og:locale\" content=\"fr_FR\" \/>\n<meta property=\"og:type\" content=\"article\" \/>\n<meta property=\"og:title\" content=\"Transparent colorful glass sand clock hourglasses sand timer 5-60min HourGlass - Reihey Glass\" \/>\n<meta property=\"og:description\" content=\"Material Size Sand Color Usage Packing   High Borosilicate Glass 5 mins Welcome Customized Timing Standard export carton--Xpcs\/box, Ybox\/carton.   Sand 15 mins Let Your Logo Unique.  Custom pack: white box with your logo, Color gift box with your logo    30 mins       60 mins       Make Appointed Size to Match Your Products          Material High Borosilicate Glass + Sand   Size 5 mins 15 mins 30 mins 60 mins Make Appointed Size to Match Your Products   Sand Color Welcome Customized, Let Your Logo Unique.   Usage Timing   Packing Standard export carton--Xpcs\/box, Ybox\/carton. Custom pack: white box with your logo, Color gift box with your logo    About this item 1.30 Minute Sand Timer: Relax and relieve stress at work. By flipping the hourglass, you&#039;ll get 30 minutes of uninterrupted workflow, staying focused and productive longer. 2.Precise time: The metal hourglass is engineered in the USA to the highest quality \u00b13 minute industry standard. The vintage 60 minute sand timer can help you to follow up on the work easily, and to prevent the fatigue caused by overtime working. Improve your productivity: When you dedicate a set time period to a task, you are more likely to focus and complete the activity. Get over your procrastination. 3.Fashionable and modern design: bright colors bring you visual impact, and can be used as a beautiful decoration for living room, dining room, bedroom, office. 4.Perfect gift:this timer makes an excellent gift for kids, students, and adults alike. It can also be given as a housewarming present, mindfulness tool, or as a gift for a loved one who is decorating their home.\" \/>\n<meta property=\"og:url\" content=\"https:\/\/reihey.com\/fr\/product\/transparent-colorful-glass-sand-clock-hourglasses-sand-timer-5-60min-hourglass\/\" \/>\n<meta property=\"og:site_name\" content=\"Reihey Glass\" \/>\n<meta property=\"article:modified_time\" content=\"2025-10-29T06:14:50+00:00\" \/>\n<meta property=\"og:image\" content=\"https:\/\/reihey.com\/wp-content\/uploads\/2025\/08\/Main-02-35.jpg\" \/>\n\t<meta property=\"og:image:width\" content=\"815\" \/>\n\t<meta property=\"og:image:height\" content=\"862\" \/>\n\t<meta property=\"og:image:type\" content=\"image\/jpeg\" \/>\n<meta name=\"twitter:card\" content=\"summary_large_image\" \/>\n<meta name=\"twitter:label1\" content=\"Est. reading time\" \/>\n\t<meta name=\"twitter:data1\" content=\"1 minute\" \/>\n<script type=\"application\/ld+json\" class=\"yoast-schema-graph\">{\"@context\":\"https:\/\/schema.org\",\"@graph\":[{\"@type\":\"WebPage\",\"@id\":\"https:\/\/reihey.com\/product\/transparent-colorful-glass-sand-clock-hourglasses-sand-timer-5-60min-hourglass\/\",\"url\":\"https:\/\/reihey.com\/product\/transparent-colorful-glass-sand-clock-hourglasses-sand-timer-5-60min-hourglass\/\",\"name\":\"Transparent colorful glass sand clock hourglasses sand timer 5-60min HourGlass - Reihey Glass\",\"isPartOf\":{\"@id\":\"https:\/\/reihey.com\/#website\"},\"primaryImageOfPage\":{\"@id\":\"https:\/\/reihey.com\/product\/transparent-colorful-glass-sand-clock-hourglasses-sand-timer-5-60min-hourglass\/#primaryimage\"},\"image\":{\"@id\":\"https:\/\/reihey.com\/product\/transparent-colorful-glass-sand-clock-hourglasses-sand-timer-5-60min-hourglass\/#primaryimage\"},\"thumbnailUrl\":\"https:\/\/reihey.com\/wp-content\/uploads\/2025\/08\/Main-02-35.jpg\",\"datePublished\":\"2025-08-27T10:47:41+00:00\",\"dateModified\":\"2025-10-29T06:14:50+00:00\",\"breadcrumb\":{\"@id\":\"https:\/\/reihey.com\/product\/transparent-colorful-glass-sand-clock-hourglasses-sand-timer-5-60min-hourglass\/#breadcrumb\"},\"inLanguage\":\"fr-FR\",\"potentialAction\":[{\"@type\":\"ReadAction\",\"target\":[\"https:\/\/reihey.com\/product\/transparent-colorful-glass-sand-clock-hourglasses-sand-timer-5-60min-hourglass\/\"]}]},{\"@type\":\"ImageObject\",\"inLanguage\":\"fr-FR\",\"@id\":\"https:\/\/reihey.com\/product\/transparent-colorful-glass-sand-clock-hourglasses-sand-timer-5-60min-hourglass\/#primaryimage\",\"url\":\"https:\/\/reihey.com\/wp-content\/uploads\/2025\/08\/Main-02-35.jpg\",\"contentUrl\":\"https:\/\/reihey.com\/wp-content\/uploads\/2025\/08\/Main-02-35.jpg\",\"width\":815,\"height\":862},{\"@type\":\"BreadcrumbList\",\"@id\":\"https:\/\/reihey.com\/product\/transparent-colorful-glass-sand-clock-hourglasses-sand-timer-5-60min-hourglass\/#breadcrumb\",\"itemListElement\":[{\"@type\":\"ListItem\",\"position\":1,\"name\":\"Home\",\"item\":\"https:\/\/reihey.com\/\"},{\"@type\":\"ListItem\",\"position\":2,\"name\":\"Shop\",\"item\":\"https:\/\/reihey.com\/shop\/\"},{\"@type\":\"ListItem\",\"position\":3,\"name\":\"Transparent colorful glass sand clock hourglasses sand timer 5-60min HourGlass\"}]},{\"@type\":\"WebSite\",\"@id\":\"https:\/\/reihey.com\/#website\",\"url\":\"https:\/\/reihey.com\/\",\"name\":\"Reihey Glass\",\"description\":\"\",\"publisher\":{\"@id\":\"https:\/\/reihey.com\/#organization\"},\"potentialAction\":[{\"@type\":\"SearchAction\",\"target\":{\"@type\":\"EntryPoint\",\"urlTemplate\":\"https:\/\/reihey.com\/?s={search_term_string}\"},\"query-input\":{\"@type\":\"PropertyValueSpecification\",\"valueRequired\":true,\"valueName\":\"search_term_string\"}}],\"inLanguage\":\"fr-FR\"},{\"@type\":\"Organization\",\"@id\":\"https:\/\/reihey.com\/#organization\",\"name\":\"Reihey Glass\",\"url\":\"https:\/\/reihey.com\/\",\"logo\":{\"@type\":\"ImageObject\",\"inLanguage\":\"fr-FR\",\"@id\":\"https:\/\/reihey.com\/#\/schema\/logo\/image\/\",\"url\":\"https:\/\/reihey.com\/wp-content\/uploads\/2023\/07\/Reihey-logo-2026.svg\",\"contentUrl\":\"https:\/\/reihey.com\/wp-content\/uploads\/2023\/07\/Reihey-logo-2026.svg\",\"width\":1984,\"height\":566,\"caption\":\"Reihey Glass\"},\"image\":{\"@id\":\"https:\/\/reihey.com\/#\/schema\/logo\/image\/\"}}]}<\/script>\n<!-- \/ Yoast SEO plugin. -->","yoast_head_json":{"title":"Horloge \u00e0 sable en verre transparent color\u00e9 horloges \u00e0 sable 5-60min HourGlass - Reihey Glass","robots":{"index":"index","follow":"follow","max-snippet":"max-snippet:-1","max-image-preview":"max-image-preview:large","max-video-preview":"max-video-preview:-1"},"canonical":"https:\/\/reihey.com\/fr\/product\/transparent-colorful-glass-sand-clock-hourglasses-sand-timer-5-60min-hourglass\/","og_locale":"fr_FR","og_type":"article","og_title":"Transparent colorful glass sand clock hourglasses sand timer 5-60min HourGlass - Reihey Glass","og_description":"Material Size Sand Color Usage Packing   High Borosilicate Glass 5 mins Welcome Customized Timing Standard export carton--Xpcs\/box, Ybox\/carton.   Sand 15 mins Let Your Logo Unique.  Custom pack: white box with your logo, Color gift box with your logo    30 mins       60 mins       Make Appointed Size to Match Your Products          Material High Borosilicate Glass + Sand   Size 5 mins 15 mins 30 mins 60 mins Make Appointed Size to Match Your Products   Sand Color Welcome Customized, Let Your Logo Unique.   Usage Timing   Packing Standard export carton--Xpcs\/box, Ybox\/carton. Custom pack: white box with your logo, Color gift box with your logo    About this item 1.30 Minute Sand Timer: Relax and relieve stress at work. By flipping the hourglass, you'll get 30 minutes of uninterrupted workflow, staying focused and productive longer. 2.Precise time: The metal hourglass is engineered in the USA to the highest quality \u00b13 minute industry standard. The vintage 60 minute sand timer can help you to follow up on the work easily, and to prevent the fatigue caused by overtime working. Improve your productivity: When you dedicate a set time period to a task, you are more likely to focus and complete the activity. Get over your procrastination. 3.Fashionable and modern design: bright colors bring you visual impact, and can be used as a beautiful decoration for living room, dining room, bedroom, office. 4.Perfect gift:this timer makes an excellent gift for kids, students, and adults alike. It can also be given as a housewarming present, mindfulness tool, or as a gift for a loved one who is decorating their home.","og_url":"https:\/\/reihey.com\/fr\/product\/transparent-colorful-glass-sand-clock-hourglasses-sand-timer-5-60min-hourglass\/","og_site_name":"Reihey Glass","article_modified_time":"2025-10-29T06:14:50+00:00","og_image":[{"width":815,"height":862,"url":"https:\/\/reihey.com\/wp-content\/uploads\/2025\/08\/Main-02-35.jpg","type":"image\/jpeg"}],"twitter_card":"summary_large_image","twitter_misc":{"Est. reading time":"1 minute"},"schema":{"@context":"https:\/\/schema.org","@graph":[{"@type":"WebPage","@id":"https:\/\/reihey.com\/product\/transparent-colorful-glass-sand-clock-hourglasses-sand-timer-5-60min-hourglass\/","url":"https:\/\/reihey.com\/product\/transparent-colorful-glass-sand-clock-hourglasses-sand-timer-5-60min-hourglass\/","name":"Horloge \u00e0 sable en verre transparent color\u00e9 horloges \u00e0 sable 5-60min HourGlass - Reihey Glass","isPartOf":{"@id":"https:\/\/reihey.com\/#website"},"primaryImageOfPage":{"@id":"https:\/\/reihey.com\/product\/transparent-colorful-glass-sand-clock-hourglasses-sand-timer-5-60min-hourglass\/#primaryimage"},"image":{"@id":"https:\/\/reihey.com\/product\/transparent-colorful-glass-sand-clock-hourglasses-sand-timer-5-60min-hourglass\/#primaryimage"},"thumbnailUrl":"https:\/\/reihey.com\/wp-content\/uploads\/2025\/08\/Main-02-35.jpg","datePublished":"2025-08-27T10:47:41+00:00","dateModified":"2025-10-29T06:14:50+00:00","breadcrumb":{"@id":"https:\/\/reihey.com\/product\/transparent-colorful-glass-sand-clock-hourglasses-sand-timer-5-60min-hourglass\/#breadcrumb"},"inLanguage":"fr-FR","potentialAction":[{"@type":"ReadAction","target":["https:\/\/reihey.com\/product\/transparent-colorful-glass-sand-clock-hourglasses-sand-timer-5-60min-hourglass\/"]}]},{"@type":"ImageObject","inLanguage":"fr-FR","@id":"https:\/\/reihey.com\/product\/transparent-colorful-glass-sand-clock-hourglasses-sand-timer-5-60min-hourglass\/#primaryimage","url":"https:\/\/reihey.com\/wp-content\/uploads\/2025\/08\/Main-02-35.jpg","contentUrl":"https:\/\/reihey.com\/wp-content\/uploads\/2025\/08\/Main-02-35.jpg","width":815,"height":862},{"@type":"BreadcrumbList","@id":"https:\/\/reihey.com\/product\/transparent-colorful-glass-sand-clock-hourglasses-sand-timer-5-60min-hourglass\/#breadcrumb","itemListElement":[{"@type":"ListItem","position":1,"name":"Home","item":"https:\/\/reihey.com\/"},{"@type":"ListItem","position":2,"name":"Shop","item":"https:\/\/reihey.com\/shop\/"},{"@type":"ListItem","position":3,"name":"Transparent colorful glass sand clock hourglasses sand timer 5-60min HourGlass"}]},{"@type":"WebSite","@id":"https:\/\/reihey.com\/#website","url":"https:\/\/reihey.com\/","name":"Verre Reiheney","description":"","publisher":{"@id":"https:\/\/reihey.com\/#organization"},"potentialAction":[{"@type":"SearchAction","target":{"@type":"EntryPoint","urlTemplate":"https:\/\/reihey.com\/?s={search_term_string}"},"query-input":{"@type":"PropertyValueSpecification","valueRequired":true,"valueName":"search_term_string"}}],"inLanguage":"fr-FR"},{"@type":"Organization","@id":"https:\/\/reihey.com\/#organization","name":"Verre Reiheney","url":"https:\/\/reihey.com\/","logo":{"@type":"ImageObject","inLanguage":"fr-FR","@id":"https:\/\/reihey.com\/#\/schema\/logo\/image\/","url":"https:\/\/reihey.com\/wp-content\/uploads\/2023\/07\/Reihey-logo-2026.svg","contentUrl":"https:\/\/reihey.com\/wp-content\/uploads\/2023\/07\/Reihey-logo-2026.svg","width":1984,"height":566,"caption":"Reihey Glass"},"image":{"@id":"https:\/\/reihey.com\/#\/schema\/logo\/image\/"}}]}},"_links":{"self":[{"href":"https:\/\/reihey.com\/fr\/wp-json\/wp\/v2\/product\/4304","targetHints":{"allow":["GET"]}}],"collection":[{"href":"https:\/\/reihey.com\/fr\/wp-json\/wp\/v2\/product"}],"about":[{"href":"https:\/\/reihey.com\/fr\/wp-json\/wp\/v2\/types\/product"}],"replies":[{"embeddable":true,"href":"https:\/\/reihey.com\/fr\/wp-json\/wp\/v2\/comments?post=4304"}],"version-history":[{"count":4,"href":"https:\/\/reihey.com\/fr\/wp-json\/wp\/v2\/product\/4304\/revisions"}],"predecessor-version":[{"id":998167,"href":"https:\/\/reihey.com\/fr\/wp-json\/wp\/v2\/product\/4304\/revisions\/998167"}],"wp:featuredmedia":[{"embeddable":true,"href":"https:\/\/reihey.com\/fr\/wp-json\/wp\/v2\/media\/991547"}],"wp:attachment":[{"href":"https:\/\/reihey.com\/fr\/wp-json\/wp\/v2\/media?parent=4304"}],"wp:term":[{"taxonomy":"product_brand","embeddable":true,"href":"https:\/\/reihey.com\/fr\/wp-json\/wp\/v2\/product_brand?post=4304"},{"taxonomy":"product_cat","embeddable":true,"href":"https:\/\/reihey.com\/fr\/wp-json\/wp\/v2\/product_cat?post=4304"},{"taxonomy":"product_tag","embeddable":true,"href":"https:\/\/reihey.com\/fr\/wp-json\/wp\/v2\/product_tag?post=4304"}],"curies":[{"name":"wp","href":"https:\/\/api.w.org\/{rel}","templated":true}]}}