{"id":4286,"date":"2025-08-27T10:47:34","date_gmt":"2025-08-27T10:47:34","guid":{"rendered":"https:\/\/slot71.silverline.dev\/?post_type=product&#038;p=4286"},"modified":"2025-10-29T06:14:50","modified_gmt":"2025-10-29T06:14:50","slug":"various-models-gold-sequins-sand-decorative-hourglass-timer","status":"publish","type":"product","link":"https:\/\/reihey.com\/fr\/product\/various-models-gold-sequins-sand-decorative-hourglass-timer\/","title":{"rendered":"Divers mod\u00e8les de paillettes dor\u00e9es, sable d\u00e9coratif, sablier horloge"},"content":{"rendered":"","protected":false},"excerpt":{"rendered":"<table class=\"desk-tab\">\n<tbody>\n<tr>\n<th>Mat\u00e9riel<\/th>\n<th>Taille<\/th>\n<th>Couleur du sable<\/th>\n<th>Utilisation<\/th>\n<th>Conditionnement<\/th>\n<\/tr>\n<tr>\n<td>Verre<\/td>\n<td>6,5cm*16cm<\/td>\n<td>Or<\/td>\n<td>Chronom\u00e9trage<\/td>\n<td>Carton d\u2019exportation standard\u2013Xpcs\/bo\u00eete, Ybox\/carton.<\/td>\n<\/tr>\n<tr>\n<td>Sable<\/td>\n<td>8cm*20cm<\/td>\n<td><\/td>\n<td><\/td>\n<td>Pack personnalis\u00e9 : bo\u00eete blanche avec votre logo, bo\u00eete cadeau couleur avec votre logo<\/td>\n<\/tr>\n<tr>\n<td><\/td>\n<td>9,5cm*25cm<\/td>\n<td><\/td>\n<td><\/td>\n<td><\/td>\n<\/tr>\n<\/tbody>\n<\/table>\n<table class=\"mob-tab\">\n<tbody>\n<tr>\n<th>Mat\u00e9riel<\/th>\n<td>Verre + Sable<\/td>\n<\/tr>\n<tr>\n<th>Taille<\/th>\n<td>6,5cm*16cm,<br \/>\n8cm*20cm,<br \/>\n9,5cm*25cm<\/td>\n<\/tr>\n<tr>\n<th>Couleur du sable<\/th>\n<td>Or<\/td>\n<\/tr>\n<tr>\n<th>Utilisation<\/th>\n<td>Chronom\u00e9trage<\/td>\n<\/tr>\n<tr>\n<th>Conditionnement<\/th>\n<td>Carton d\u2019exportation standard\u2013Xpcs\/bo\u00eete, Ybox\/carton.<br \/>\nPack personnalis\u00e9 : bo\u00eete blanche avec votre logo, bo\u00eete cadeau couleur avec votre logo<\/td>\n<\/tr>\n<\/tbody>\n<\/table>\n<p><strong>\u00c0 propos de cet article<\/strong><br \/>\n1.Fonction : formuler des m\u00e9thodes de gestion du temps. Il s'agit d'un outil de productivit\u00e9 ultra-efficace. Parfois, il est plus efficace et plus naturel qu'un smartphone. 2.Chargez le sable vous-m\u00eame : vous pouvez rapporter du sable d'un d\u00e9sert ou d'un voyage \u00e0 la plage, puis le mettre dans un sablier en souvenir. coque : l'ext\u00e9rieur du sablier est transparent, dur ; verre plus \u00e9pais, plus translucide, sable lisse et apparence plus belle, piliers m\u00e9talliques de haute qualit\u00e9, bouchons \u00e0 vis sans soudure exquis. Souvenirs cr\u00e9atifs uniques\/ cadeaux de d\u00e9coration de bureau et maison. 3.Limite de temps : l'utilisation d'un sablier chronom\u00e9tr\u00e9 dans la vie peut changer l'habitude de la procrastination et am\u00e9liorer l'efficacit\u00e9 de la vie. Par exemple, 15 minutes de temps avec le sablier peuvent \u00eatre d\u00e9finis comme le temps de jeu pour les enfants ; 30 minutes de travail ou 60 minutes d'exercice physique, etc.<\/p>","protected":false},"featured_media":991543,"comment_status":"closed","ping_status":"closed","template":"","meta":{"_acf_changed":false},"product_brand":[],"product_cat":[632,599],"product_tag":[],"class_list":{"0":"post-4286","1":"product","2":"type-product","3":"status-publish","4":"has-post-thumbnail","6":"product_cat-home-decor","7":"product_cat-hourglass","9":"first","10":"instock","11":"shipping-taxable","12":"product-type-simple"},"acf":[],"yoast_head":"<!-- This site is optimized with the Yoast SEO plugin v26.7 - https:\/\/yoast.com\/wordpress\/plugins\/seo\/ -->\n<title>Various models gold sequins sand decorative hourglass timer - Reihey Glass<\/title>\n<meta name=\"robots\" content=\"index, follow, max-snippet:-1, max-image-preview:large, max-video-preview:-1\" \/>\n<link rel=\"canonical\" href=\"https:\/\/reihey.com\/fr\/product\/various-models-gold-sequins-sand-decorative-hourglass-timer\/\" \/>\n<meta property=\"og:locale\" content=\"fr_FR\" \/>\n<meta property=\"og:type\" content=\"article\" \/>\n<meta property=\"og:title\" content=\"Various models gold sequins sand decorative hourglass timer - Reihey Glass\" \/>\n<meta property=\"og:description\" content=\"Material Size Sand Color Usage Packing   Glass 6.5cm*16cm Gold Timing Standard export carton--Xpcs\/box, Ybox\/carton.   Sand 8cm*20cm   Custom pack: white box with your logo, Color gift box with your logo    9.5cm*25cm          Material Glass + Sand   Size 6.5cm*16cm, 8cm*20cm, 9.5cm*25cm   Sand Color Gold   Usage Timing   Packing Standard export carton--Xpcs\/box, Ybox\/carton. Custom pack: white box with your logo, Color gift box with your logo    About this item 1.Function: Formulate time management methods. This is an ultra-efficient productivity tool. Sometimes, it is more efficient and more natural than a smartphone. 2.Load the sand yourself: You can bring back sand from a desert or beach trip, and then put it in an hourglass as a souvenir. shell: The outside of the hourglass is transparent, hard; thicker glass, more translucent, smooth sand and more beautiful appearance, high-quality metal pillars, exquisite seamless screw caps. Unique creative souvenirs\/office home decoration gifts. 3.Time limit: Using a timed hourglass in life can change the habit of procrastination and improve life efficiency. For example, 15 minutes of hourglass time can be set as the time for children to play games; 30 minutes of work time or 60 minutes of fitness exercise time, etc.\" \/>\n<meta property=\"og:url\" content=\"https:\/\/reihey.com\/fr\/product\/various-models-gold-sequins-sand-decorative-hourglass-timer\/\" \/>\n<meta property=\"og:site_name\" content=\"Reihey Glass\" \/>\n<meta property=\"article:modified_time\" content=\"2025-10-29T06:14:50+00:00\" \/>\n<meta property=\"og:image\" content=\"https:\/\/reihey.com\/wp-content\/uploads\/2025\/08\/Hourglass-1-1.png\" \/>\n\t<meta property=\"og:image:width\" content=\"750\" \/>\n\t<meta property=\"og:image:height\" content=\"750\" \/>\n\t<meta property=\"og:image:type\" content=\"image\/png\" \/>\n<meta name=\"twitter:card\" content=\"summary_large_image\" \/>\n<meta name=\"twitter:label1\" content=\"Est. reading time\" \/>\n\t<meta name=\"twitter:data1\" content=\"1 minute\" \/>\n<script type=\"application\/ld+json\" class=\"yoast-schema-graph\">{\"@context\":\"https:\/\/schema.org\",\"@graph\":[{\"@type\":\"WebPage\",\"@id\":\"https:\/\/reihey.com\/product\/various-models-gold-sequins-sand-decorative-hourglass-timer\/\",\"url\":\"https:\/\/reihey.com\/product\/various-models-gold-sequins-sand-decorative-hourglass-timer\/\",\"name\":\"Various models gold sequins sand decorative hourglass timer - Reihey Glass\",\"isPartOf\":{\"@id\":\"https:\/\/reihey.com\/#website\"},\"primaryImageOfPage\":{\"@id\":\"https:\/\/reihey.com\/product\/various-models-gold-sequins-sand-decorative-hourglass-timer\/#primaryimage\"},\"image\":{\"@id\":\"https:\/\/reihey.com\/product\/various-models-gold-sequins-sand-decorative-hourglass-timer\/#primaryimage\"},\"thumbnailUrl\":\"https:\/\/reihey.com\/wp-content\/uploads\/2025\/08\/Hourglass-1-1.png\",\"datePublished\":\"2025-08-27T10:47:34+00:00\",\"dateModified\":\"2025-10-29T06:14:50+00:00\",\"breadcrumb\":{\"@id\":\"https:\/\/reihey.com\/product\/various-models-gold-sequins-sand-decorative-hourglass-timer\/#breadcrumb\"},\"inLanguage\":\"fr-FR\",\"potentialAction\":[{\"@type\":\"ReadAction\",\"target\":[\"https:\/\/reihey.com\/product\/various-models-gold-sequins-sand-decorative-hourglass-timer\/\"]}]},{\"@type\":\"ImageObject\",\"inLanguage\":\"fr-FR\",\"@id\":\"https:\/\/reihey.com\/product\/various-models-gold-sequins-sand-decorative-hourglass-timer\/#primaryimage\",\"url\":\"https:\/\/reihey.com\/wp-content\/uploads\/2025\/08\/Hourglass-1-1.png\",\"contentUrl\":\"https:\/\/reihey.com\/wp-content\/uploads\/2025\/08\/Hourglass-1-1.png\",\"width\":750,\"height\":750},{\"@type\":\"BreadcrumbList\",\"@id\":\"https:\/\/reihey.com\/product\/various-models-gold-sequins-sand-decorative-hourglass-timer\/#breadcrumb\",\"itemListElement\":[{\"@type\":\"ListItem\",\"position\":1,\"name\":\"Home\",\"item\":\"https:\/\/reihey.com\/\"},{\"@type\":\"ListItem\",\"position\":2,\"name\":\"Shop\",\"item\":\"https:\/\/reihey.com\/shop\/\"},{\"@type\":\"ListItem\",\"position\":3,\"name\":\"Various models gold sequins sand decorative hourglass timer\"}]},{\"@type\":\"WebSite\",\"@id\":\"https:\/\/reihey.com\/#website\",\"url\":\"https:\/\/reihey.com\/\",\"name\":\"Reihey Glass\",\"description\":\"\",\"publisher\":{\"@id\":\"https:\/\/reihey.com\/#organization\"},\"potentialAction\":[{\"@type\":\"SearchAction\",\"target\":{\"@type\":\"EntryPoint\",\"urlTemplate\":\"https:\/\/reihey.com\/?s={search_term_string}\"},\"query-input\":{\"@type\":\"PropertyValueSpecification\",\"valueRequired\":true,\"valueName\":\"search_term_string\"}}],\"inLanguage\":\"fr-FR\"},{\"@type\":\"Organization\",\"@id\":\"https:\/\/reihey.com\/#organization\",\"name\":\"Reihey Glass\",\"url\":\"https:\/\/reihey.com\/\",\"logo\":{\"@type\":\"ImageObject\",\"inLanguage\":\"fr-FR\",\"@id\":\"https:\/\/reihey.com\/#\/schema\/logo\/image\/\",\"url\":\"https:\/\/reihey.com\/wp-content\/uploads\/2023\/07\/Reihey-logo-2026.svg\",\"contentUrl\":\"https:\/\/reihey.com\/wp-content\/uploads\/2023\/07\/Reihey-logo-2026.svg\",\"width\":1984,\"height\":566,\"caption\":\"Reihey Glass\"},\"image\":{\"@id\":\"https:\/\/reihey.com\/#\/schema\/logo\/image\/\"}}]}<\/script>\n<!-- \/ Yoast SEO plugin. -->","yoast_head_json":{"title":"Diff\u00e9rents mod\u00e8les de sabliers d\u00e9coratifs en or avec paillettes, quartz dor\u00e9 - Reihey Glass","robots":{"index":"index","follow":"follow","max-snippet":"max-snippet:-1","max-image-preview":"max-image-preview:large","max-video-preview":"max-video-preview:-1"},"canonical":"https:\/\/reihey.com\/fr\/product\/various-models-gold-sequins-sand-decorative-hourglass-timer\/","og_locale":"fr_FR","og_type":"article","og_title":"Various models gold sequins sand decorative hourglass timer - Reihey Glass","og_description":"Material Size Sand Color Usage Packing   Glass 6.5cm*16cm Gold Timing Standard export carton--Xpcs\/box, Ybox\/carton.   Sand 8cm*20cm   Custom pack: white box with your logo, Color gift box with your logo    9.5cm*25cm          Material Glass + Sand   Size 6.5cm*16cm, 8cm*20cm, 9.5cm*25cm   Sand Color Gold   Usage Timing   Packing Standard export carton--Xpcs\/box, Ybox\/carton. Custom pack: white box with your logo, Color gift box with your logo    About this item 1.Function: Formulate time management methods. This is an ultra-efficient productivity tool. Sometimes, it is more efficient and more natural than a smartphone. 2.Load the sand yourself: You can bring back sand from a desert or beach trip, and then put it in an hourglass as a souvenir. shell: The outside of the hourglass is transparent, hard; thicker glass, more translucent, smooth sand and more beautiful appearance, high-quality metal pillars, exquisite seamless screw caps. Unique creative souvenirs\/office home decoration gifts. 3.Time limit: Using a timed hourglass in life can change the habit of procrastination and improve life efficiency. For example, 15 minutes of hourglass time can be set as the time for children to play games; 30 minutes of work time or 60 minutes of fitness exercise time, etc.","og_url":"https:\/\/reihey.com\/fr\/product\/various-models-gold-sequins-sand-decorative-hourglass-timer\/","og_site_name":"Reihey Glass","article_modified_time":"2025-10-29T06:14:50+00:00","og_image":[{"width":750,"height":750,"url":"https:\/\/reihey.com\/wp-content\/uploads\/2025\/08\/Hourglass-1-1.png","type":"image\/png"}],"twitter_card":"summary_large_image","twitter_misc":{"Est. reading time":"1 minute"},"schema":{"@context":"https:\/\/schema.org","@graph":[{"@type":"WebPage","@id":"https:\/\/reihey.com\/product\/various-models-gold-sequins-sand-decorative-hourglass-timer\/","url":"https:\/\/reihey.com\/product\/various-models-gold-sequins-sand-decorative-hourglass-timer\/","name":"Diff\u00e9rents mod\u00e8les de sabliers d\u00e9coratifs en or avec paillettes, quartz dor\u00e9 - Reihey Glass","isPartOf":{"@id":"https:\/\/reihey.com\/#website"},"primaryImageOfPage":{"@id":"https:\/\/reihey.com\/product\/various-models-gold-sequins-sand-decorative-hourglass-timer\/#primaryimage"},"image":{"@id":"https:\/\/reihey.com\/product\/various-models-gold-sequins-sand-decorative-hourglass-timer\/#primaryimage"},"thumbnailUrl":"https:\/\/reihey.com\/wp-content\/uploads\/2025\/08\/Hourglass-1-1.png","datePublished":"2025-08-27T10:47:34+00:00","dateModified":"2025-10-29T06:14:50+00:00","breadcrumb":{"@id":"https:\/\/reihey.com\/product\/various-models-gold-sequins-sand-decorative-hourglass-timer\/#breadcrumb"},"inLanguage":"fr-FR","potentialAction":[{"@type":"ReadAction","target":["https:\/\/reihey.com\/product\/various-models-gold-sequins-sand-decorative-hourglass-timer\/"]}]},{"@type":"ImageObject","inLanguage":"fr-FR","@id":"https:\/\/reihey.com\/product\/various-models-gold-sequins-sand-decorative-hourglass-timer\/#primaryimage","url":"https:\/\/reihey.com\/wp-content\/uploads\/2025\/08\/Hourglass-1-1.png","contentUrl":"https:\/\/reihey.com\/wp-content\/uploads\/2025\/08\/Hourglass-1-1.png","width":750,"height":750},{"@type":"BreadcrumbList","@id":"https:\/\/reihey.com\/product\/various-models-gold-sequins-sand-decorative-hourglass-timer\/#breadcrumb","itemListElement":[{"@type":"ListItem","position":1,"name":"Home","item":"https:\/\/reihey.com\/"},{"@type":"ListItem","position":2,"name":"Shop","item":"https:\/\/reihey.com\/shop\/"},{"@type":"ListItem","position":3,"name":"Various models gold sequins sand decorative hourglass timer"}]},{"@type":"WebSite","@id":"https:\/\/reihey.com\/#website","url":"https:\/\/reihey.com\/","name":"Verre Reiheney","description":"","publisher":{"@id":"https:\/\/reihey.com\/#organization"},"potentialAction":[{"@type":"SearchAction","target":{"@type":"EntryPoint","urlTemplate":"https:\/\/reihey.com\/?s={search_term_string}"},"query-input":{"@type":"PropertyValueSpecification","valueRequired":true,"valueName":"search_term_string"}}],"inLanguage":"fr-FR"},{"@type":"Organization","@id":"https:\/\/reihey.com\/#organization","name":"Verre Reiheney","url":"https:\/\/reihey.com\/","logo":{"@type":"ImageObject","inLanguage":"fr-FR","@id":"https:\/\/reihey.com\/#\/schema\/logo\/image\/","url":"https:\/\/reihey.com\/wp-content\/uploads\/2023\/07\/Reihey-logo-2026.svg","contentUrl":"https:\/\/reihey.com\/wp-content\/uploads\/2023\/07\/Reihey-logo-2026.svg","width":1984,"height":566,"caption":"Reihey Glass"},"image":{"@id":"https:\/\/reihey.com\/#\/schema\/logo\/image\/"}}]}},"_links":{"self":[{"href":"https:\/\/reihey.com\/fr\/wp-json\/wp\/v2\/product\/4286","targetHints":{"allow":["GET"]}}],"collection":[{"href":"https:\/\/reihey.com\/fr\/wp-json\/wp\/v2\/product"}],"about":[{"href":"https:\/\/reihey.com\/fr\/wp-json\/wp\/v2\/types\/product"}],"replies":[{"embeddable":true,"href":"https:\/\/reihey.com\/fr\/wp-json\/wp\/v2\/comments?post=4286"}],"version-history":[{"count":4,"href":"https:\/\/reihey.com\/fr\/wp-json\/wp\/v2\/product\/4286\/revisions"}],"predecessor-version":[{"id":998166,"href":"https:\/\/reihey.com\/fr\/wp-json\/wp\/v2\/product\/4286\/revisions\/998166"}],"wp:featuredmedia":[{"embeddable":true,"href":"https:\/\/reihey.com\/fr\/wp-json\/wp\/v2\/media\/991543"}],"wp:attachment":[{"href":"https:\/\/reihey.com\/fr\/wp-json\/wp\/v2\/media?parent=4286"}],"wp:term":[{"taxonomy":"product_brand","embeddable":true,"href":"https:\/\/reihey.com\/fr\/wp-json\/wp\/v2\/product_brand?post=4286"},{"taxonomy":"product_cat","embeddable":true,"href":"https:\/\/reihey.com\/fr\/wp-json\/wp\/v2\/product_cat?post=4286"},{"taxonomy":"product_tag","embeddable":true,"href":"https:\/\/reihey.com\/fr\/wp-json\/wp\/v2\/product_tag?post=4286"}],"curies":[{"name":"wp","href":"https:\/\/api.w.org\/{rel}","templated":true}]}}