{"id":4256,"date":"2025-08-27T10:47:27","date_gmt":"2025-08-27T10:47:27","guid":{"rendered":"https:\/\/slot71.silverline.dev\/?post_type=product&#038;p=4256"},"modified":"2025-10-29T06:14:50","modified_gmt":"2025-10-29T06:14:50","slug":"square-flower-vase-square-glass-cube-vase-fish-tank-clear-glass-vases","status":"publish","type":"product","link":"https:\/\/reihey.com\/fr\/product\/square-flower-vase-square-glass-cube-vase-fish-tank-clear-glass-vases\/","title":{"rendered":"Vase carr\u00e9 pour fleurs Vases carr\u00e9s en verre Cube Transparent Vases aquariums"},"content":{"rendered":"","protected":false},"excerpt":{"rendered":"<table class=\"desk-tab\">\n<tbody>\n<tr>\n<th>Mat\u00e9riel<\/th>\n<th>Taille<\/th>\n<th>Capacit\u00e9<\/th>\n<th>Couleur<\/th>\n<th>Utilisation<\/th>\n<th>Conditionnement<\/th>\n<\/tr>\n<tr>\n<td>Verre<\/td>\n<td>6*6<\/td>\n<td>100ml \u2013<\/td>\n<td>Transparent<\/td>\n<td>D\u00e9corer<\/td>\n<td>Carton d\u2019exportation standard\u2013Xpcs\/bo\u00eete, Ybox\/carton.<\/td>\n<\/tr>\n<tr>\n<td><\/td>\n<td>8*8<\/td>\n<td>800ml<\/td>\n<td><\/td>\n<td><\/td>\n<td>Pack personnalis\u00e9 : bo\u00eete blanche avec votre logo, bo\u00eete cadeau couleur avec votre logo<\/td>\n<\/tr>\n<tr>\n<td><\/td>\n<td>10*10<\/td>\n<td><\/td>\n<td><\/td>\n<td><\/td>\n<td><\/td>\n<\/tr>\n<tr>\n<td><\/td>\n<td>15*15<\/td>\n<td><\/td>\n<td><\/td>\n<td><\/td>\n<td><\/td>\n<\/tr>\n<tr>\n<td><\/td>\n<td>20*20<\/td>\n<td><\/td>\n<td><\/td>\n<td><\/td>\n<td><\/td>\n<\/tr>\n<\/tbody>\n<\/table>\n<table class=\"mob-tab\">\n<tbody>\n<tr>\n<th>Mat\u00e9riel<\/th>\n<td>Verre<\/td>\n<\/tr>\n<tr>\n<th>Capacit\u00e9<\/th>\n<td>6*6<br \/>\n8*8<br \/>\n10*10<br \/>\n15*15<br \/>\n20*20<\/td>\n<\/tr>\n<tr>\n<th>Capacit\u00e9<\/th>\n<td>100ml-800ml<\/td>\n<\/tr>\n<tr>\n<th>Couleur<\/th>\n<td>Transparent<\/td>\n<\/tr>\n<tr>\n<th>Utilisation<\/th>\n<td>D\u00e9corer<\/td>\n<\/tr>\n<tr>\n<th>Conditionnement<\/th>\n<td>Carton d\u2019exportation standard\u2013Xpcs\/bo\u00eete, Ybox\/carton.<br \/>\nPack personnalis\u00e9 : bo\u00eete blanche avec votre logo, bo\u00eete cadeau couleur avec votre logo<\/td>\n<\/tr>\n<\/tbody>\n<\/table>\n<p>MAT\u00c9RIEL PREMIUM : Ce vase est fabriqu\u00e9 en verre clair \u00e9pais. La bouteille pr\u00e9sente des lignes lisses et un travail soign\u00e9. Le fond de la bouteille est \u00e9pais et robuste pour \u00e9viter les tipping. CONCEPTION UNIQUE : Ce vase transparent a un nouvel aspect et peut \u00eatre ins\u00e9r\u00e9 dans diverses branches, fleurs s\u00e9ch\u00e9es, herbe de pampas, et peut \u00e9galement \u00eatre utilis\u00e9 comme vase hydroponique, parfait comme d\u00e9coration \u00e0 la maison. UTILISATION \u00c9TENDUE : Ce vase en verre clair peut non seulement \u00eatre utilis\u00e9 comme d\u00e9cor int\u00e9rieur, mais aussi pour les mariages, les f\u00eates, No\u00ebl, Thanksgiving, et peut \u00eatre offert comme cadeau \u00e0 des amis, \u00e0 la famille, aux amoureux.<\/p>","protected":false},"featured_media":991539,"comment_status":"closed","ping_status":"closed","template":"","meta":{"_acf_changed":false},"product_brand":[],"product_cat":[632,600],"product_tag":[],"class_list":{"0":"post-4256","1":"product","2":"type-product","3":"status-publish","4":"has-post-thumbnail","6":"product_cat-home-decor","7":"product_cat-vase","9":"first","10":"instock","11":"shipping-taxable","12":"product-type-simple"},"acf":[],"yoast_head":"<!-- This site is optimized with the Yoast SEO plugin v26.7 - https:\/\/yoast.com\/wordpress\/plugins\/seo\/ -->\n<title>Square Flower Vase Square Glass Cube Vase Fish Tank Clear Glass Vases - Reihey Glass<\/title>\n<meta name=\"robots\" content=\"index, follow, max-snippet:-1, max-image-preview:large, max-video-preview:-1\" \/>\n<link rel=\"canonical\" href=\"https:\/\/reihey.com\/fr\/product\/square-flower-vase-square-glass-cube-vase-fish-tank-clear-glass-vases\/\" \/>\n<meta property=\"og:locale\" content=\"fr_FR\" \/>\n<meta property=\"og:type\" content=\"article\" \/>\n<meta property=\"og:title\" content=\"Square Flower Vase Square Glass Cube Vase Fish Tank Clear Glass Vases - Reihey Glass\" \/>\n<meta property=\"og:description\" content=\"Material Size Capacity Color Usage Packing   Glass 6*6 100ml - Transparent Decorate Standard export carton--Xpcs\/box, Ybox\/carton.    8*8 800ml   Custom pack: white box with your logo, Color gift box with your logo    10*10        15*15        20*20           Material Glass   Capacity 6*6 8*8 10*10 15*15 20*20   Capacity 100ml-800ml   Color Transparent   Usage Decorate   Packing Standard export carton--Xpcs\/box, Ybox\/carton. Custom pack: white box with your logo, Color gift box with your logo    PREMIUM MATERIAL: This vase is made of clear thick glass. The bottle has smooth lines and fine craftsmanship. The bottom of the bottle is thick and sturdy to prevent tipping. UNIQUE DESIGN: This transparent vase has a new look and can be inserted into various branches, dried flowers, pampas grass, and can also be used as a hydroponic vase, perfect as a decoration at home. WIDE USE: This clear glass vase can not only be used as home decoration, but also can be used for weddings, parties, Christmas, Thanksgiving, and can be used as gifts for friends, family, lovers.\" \/>\n<meta property=\"og:url\" content=\"https:\/\/reihey.com\/fr\/product\/square-flower-vase-square-glass-cube-vase-fish-tank-clear-glass-vases\/\" \/>\n<meta property=\"og:site_name\" content=\"Reihey Glass\" \/>\n<meta property=\"article:modified_time\" content=\"2025-10-29T06:14:50+00:00\" \/>\n<meta property=\"og:image\" content=\"https:\/\/reihey.com\/wp-content\/uploads\/2025\/08\/Vase-1-4.png\" \/>\n\t<meta property=\"og:image:width\" content=\"800\" \/>\n\t<meta property=\"og:image:height\" content=\"800\" \/>\n\t<meta property=\"og:image:type\" content=\"image\/png\" \/>\n<meta name=\"twitter:card\" content=\"summary_large_image\" \/>\n<meta name=\"twitter:label1\" content=\"Est. reading time\" \/>\n\t<meta name=\"twitter:data1\" content=\"1 minute\" \/>\n<script type=\"application\/ld+json\" class=\"yoast-schema-graph\">{\"@context\":\"https:\/\/schema.org\",\"@graph\":[{\"@type\":\"WebPage\",\"@id\":\"https:\/\/reihey.com\/product\/square-flower-vase-square-glass-cube-vase-fish-tank-clear-glass-vases\/\",\"url\":\"https:\/\/reihey.com\/product\/square-flower-vase-square-glass-cube-vase-fish-tank-clear-glass-vases\/\",\"name\":\"Square Flower Vase Square Glass Cube Vase Fish Tank Clear Glass Vases - Reihey Glass\",\"isPartOf\":{\"@id\":\"https:\/\/reihey.com\/#website\"},\"primaryImageOfPage\":{\"@id\":\"https:\/\/reihey.com\/product\/square-flower-vase-square-glass-cube-vase-fish-tank-clear-glass-vases\/#primaryimage\"},\"image\":{\"@id\":\"https:\/\/reihey.com\/product\/square-flower-vase-square-glass-cube-vase-fish-tank-clear-glass-vases\/#primaryimage\"},\"thumbnailUrl\":\"https:\/\/reihey.com\/wp-content\/uploads\/2025\/08\/Vase-1-4.png\",\"datePublished\":\"2025-08-27T10:47:27+00:00\",\"dateModified\":\"2025-10-29T06:14:50+00:00\",\"breadcrumb\":{\"@id\":\"https:\/\/reihey.com\/product\/square-flower-vase-square-glass-cube-vase-fish-tank-clear-glass-vases\/#breadcrumb\"},\"inLanguage\":\"fr-FR\",\"potentialAction\":[{\"@type\":\"ReadAction\",\"target\":[\"https:\/\/reihey.com\/product\/square-flower-vase-square-glass-cube-vase-fish-tank-clear-glass-vases\/\"]}]},{\"@type\":\"ImageObject\",\"inLanguage\":\"fr-FR\",\"@id\":\"https:\/\/reihey.com\/product\/square-flower-vase-square-glass-cube-vase-fish-tank-clear-glass-vases\/#primaryimage\",\"url\":\"https:\/\/reihey.com\/wp-content\/uploads\/2025\/08\/Vase-1-4.png\",\"contentUrl\":\"https:\/\/reihey.com\/wp-content\/uploads\/2025\/08\/Vase-1-4.png\",\"width\":800,\"height\":800},{\"@type\":\"BreadcrumbList\",\"@id\":\"https:\/\/reihey.com\/product\/square-flower-vase-square-glass-cube-vase-fish-tank-clear-glass-vases\/#breadcrumb\",\"itemListElement\":[{\"@type\":\"ListItem\",\"position\":1,\"name\":\"Home\",\"item\":\"https:\/\/reihey.com\/\"},{\"@type\":\"ListItem\",\"position\":2,\"name\":\"Shop\",\"item\":\"https:\/\/reihey.com\/shop\/\"},{\"@type\":\"ListItem\",\"position\":3,\"name\":\"Square Flower Vase Square Glass Cube Vase Fish Tank Clear Glass Vases\"}]},{\"@type\":\"WebSite\",\"@id\":\"https:\/\/reihey.com\/#website\",\"url\":\"https:\/\/reihey.com\/\",\"name\":\"Reihey Glass\",\"description\":\"\",\"publisher\":{\"@id\":\"https:\/\/reihey.com\/#organization\"},\"potentialAction\":[{\"@type\":\"SearchAction\",\"target\":{\"@type\":\"EntryPoint\",\"urlTemplate\":\"https:\/\/reihey.com\/?s={search_term_string}\"},\"query-input\":{\"@type\":\"PropertyValueSpecification\",\"valueRequired\":true,\"valueName\":\"search_term_string\"}}],\"inLanguage\":\"fr-FR\"},{\"@type\":\"Organization\",\"@id\":\"https:\/\/reihey.com\/#organization\",\"name\":\"Reihey Glass\",\"url\":\"https:\/\/reihey.com\/\",\"logo\":{\"@type\":\"ImageObject\",\"inLanguage\":\"fr-FR\",\"@id\":\"https:\/\/reihey.com\/#\/schema\/logo\/image\/\",\"url\":\"https:\/\/reihey.com\/wp-content\/uploads\/2023\/07\/Reihey-logo-2026.svg\",\"contentUrl\":\"https:\/\/reihey.com\/wp-content\/uploads\/2023\/07\/Reihey-logo-2026.svg\",\"width\":1984,\"height\":566,\"caption\":\"Reihey Glass\"},\"image\":{\"@id\":\"https:\/\/reihey.com\/#\/schema\/logo\/image\/\"}}]}<\/script>\n<!-- \/ Yoast SEO plugin. -->","yoast_head_json":{"title":"Vase de fleurs carr\u00e9, vase carr\u00e9 en verre, aquarium en verre clair - Reihey Glass","robots":{"index":"index","follow":"follow","max-snippet":"max-snippet:-1","max-image-preview":"max-image-preview:large","max-video-preview":"max-video-preview:-1"},"canonical":"https:\/\/reihey.com\/fr\/product\/square-flower-vase-square-glass-cube-vase-fish-tank-clear-glass-vases\/","og_locale":"fr_FR","og_type":"article","og_title":"Square Flower Vase Square Glass Cube Vase Fish Tank Clear Glass Vases - Reihey Glass","og_description":"Material Size Capacity Color Usage Packing   Glass 6*6 100ml - Transparent Decorate Standard export carton--Xpcs\/box, Ybox\/carton.    8*8 800ml   Custom pack: white box with your logo, Color gift box with your logo    10*10        15*15        20*20           Material Glass   Capacity 6*6 8*8 10*10 15*15 20*20   Capacity 100ml-800ml   Color Transparent   Usage Decorate   Packing Standard export carton--Xpcs\/box, Ybox\/carton. Custom pack: white box with your logo, Color gift box with your logo    PREMIUM MATERIAL: This vase is made of clear thick glass. The bottle has smooth lines and fine craftsmanship. The bottom of the bottle is thick and sturdy to prevent tipping. UNIQUE DESIGN: This transparent vase has a new look and can be inserted into various branches, dried flowers, pampas grass, and can also be used as a hydroponic vase, perfect as a decoration at home. WIDE USE: This clear glass vase can not only be used as home decoration, but also can be used for weddings, parties, Christmas, Thanksgiving, and can be used as gifts for friends, family, lovers.","og_url":"https:\/\/reihey.com\/fr\/product\/square-flower-vase-square-glass-cube-vase-fish-tank-clear-glass-vases\/","og_site_name":"Reihey Glass","article_modified_time":"2025-10-29T06:14:50+00:00","og_image":[{"width":800,"height":800,"url":"https:\/\/reihey.com\/wp-content\/uploads\/2025\/08\/Vase-1-4.png","type":"image\/png"}],"twitter_card":"summary_large_image","twitter_misc":{"Est. reading time":"1 minute"},"schema":{"@context":"https:\/\/schema.org","@graph":[{"@type":"WebPage","@id":"https:\/\/reihey.com\/product\/square-flower-vase-square-glass-cube-vase-fish-tank-clear-glass-vases\/","url":"https:\/\/reihey.com\/product\/square-flower-vase-square-glass-cube-vase-fish-tank-clear-glass-vases\/","name":"Vase de fleurs carr\u00e9, vase carr\u00e9 en verre, aquarium en verre clair - Reihey Glass","isPartOf":{"@id":"https:\/\/reihey.com\/#website"},"primaryImageOfPage":{"@id":"https:\/\/reihey.com\/product\/square-flower-vase-square-glass-cube-vase-fish-tank-clear-glass-vases\/#primaryimage"},"image":{"@id":"https:\/\/reihey.com\/product\/square-flower-vase-square-glass-cube-vase-fish-tank-clear-glass-vases\/#primaryimage"},"thumbnailUrl":"https:\/\/reihey.com\/wp-content\/uploads\/2025\/08\/Vase-1-4.png","datePublished":"2025-08-27T10:47:27+00:00","dateModified":"2025-10-29T06:14:50+00:00","breadcrumb":{"@id":"https:\/\/reihey.com\/product\/square-flower-vase-square-glass-cube-vase-fish-tank-clear-glass-vases\/#breadcrumb"},"inLanguage":"fr-FR","potentialAction":[{"@type":"ReadAction","target":["https:\/\/reihey.com\/product\/square-flower-vase-square-glass-cube-vase-fish-tank-clear-glass-vases\/"]}]},{"@type":"ImageObject","inLanguage":"fr-FR","@id":"https:\/\/reihey.com\/product\/square-flower-vase-square-glass-cube-vase-fish-tank-clear-glass-vases\/#primaryimage","url":"https:\/\/reihey.com\/wp-content\/uploads\/2025\/08\/Vase-1-4.png","contentUrl":"https:\/\/reihey.com\/wp-content\/uploads\/2025\/08\/Vase-1-4.png","width":800,"height":800},{"@type":"BreadcrumbList","@id":"https:\/\/reihey.com\/product\/square-flower-vase-square-glass-cube-vase-fish-tank-clear-glass-vases\/#breadcrumb","itemListElement":[{"@type":"ListItem","position":1,"name":"Home","item":"https:\/\/reihey.com\/"},{"@type":"ListItem","position":2,"name":"Shop","item":"https:\/\/reihey.com\/shop\/"},{"@type":"ListItem","position":3,"name":"Square Flower Vase Square Glass Cube Vase Fish Tank Clear Glass Vases"}]},{"@type":"WebSite","@id":"https:\/\/reihey.com\/#website","url":"https:\/\/reihey.com\/","name":"Verre Reiheney","description":"","publisher":{"@id":"https:\/\/reihey.com\/#organization"},"potentialAction":[{"@type":"SearchAction","target":{"@type":"EntryPoint","urlTemplate":"https:\/\/reihey.com\/?s={search_term_string}"},"query-input":{"@type":"PropertyValueSpecification","valueRequired":true,"valueName":"search_term_string"}}],"inLanguage":"fr-FR"},{"@type":"Organization","@id":"https:\/\/reihey.com\/#organization","name":"Verre Reiheney","url":"https:\/\/reihey.com\/","logo":{"@type":"ImageObject","inLanguage":"fr-FR","@id":"https:\/\/reihey.com\/#\/schema\/logo\/image\/","url":"https:\/\/reihey.com\/wp-content\/uploads\/2023\/07\/Reihey-logo-2026.svg","contentUrl":"https:\/\/reihey.com\/wp-content\/uploads\/2023\/07\/Reihey-logo-2026.svg","width":1984,"height":566,"caption":"Reihey Glass"},"image":{"@id":"https:\/\/reihey.com\/#\/schema\/logo\/image\/"}}]}},"_links":{"self":[{"href":"https:\/\/reihey.com\/fr\/wp-json\/wp\/v2\/product\/4256","targetHints":{"allow":["GET"]}}],"collection":[{"href":"https:\/\/reihey.com\/fr\/wp-json\/wp\/v2\/product"}],"about":[{"href":"https:\/\/reihey.com\/fr\/wp-json\/wp\/v2\/types\/product"}],"replies":[{"embeddable":true,"href":"https:\/\/reihey.com\/fr\/wp-json\/wp\/v2\/comments?post=4256"}],"version-history":[{"count":8,"href":"https:\/\/reihey.com\/fr\/wp-json\/wp\/v2\/product\/4256\/revisions"}],"predecessor-version":[{"id":998164,"href":"https:\/\/reihey.com\/fr\/wp-json\/wp\/v2\/product\/4256\/revisions\/998164"}],"wp:featuredmedia":[{"embeddable":true,"href":"https:\/\/reihey.com\/fr\/wp-json\/wp\/v2\/media\/991539"}],"wp:attachment":[{"href":"https:\/\/reihey.com\/fr\/wp-json\/wp\/v2\/media?parent=4256"}],"wp:term":[{"taxonomy":"product_brand","embeddable":true,"href":"https:\/\/reihey.com\/fr\/wp-json\/wp\/v2\/product_brand?post=4256"},{"taxonomy":"product_cat","embeddable":true,"href":"https:\/\/reihey.com\/fr\/wp-json\/wp\/v2\/product_cat?post=4256"},{"taxonomy":"product_tag","embeddable":true,"href":"https:\/\/reihey.com\/fr\/wp-json\/wp\/v2\/product_tag?post=4256"}],"curies":[{"name":"wp","href":"https:\/\/api.w.org\/{rel}","templated":true}]}}