{"id":4008,"date":"2025-08-27T10:45:01","date_gmt":"2025-08-27T10:45:01","guid":{"rendered":"https:\/\/slot71.silverline.dev\/?post_type=product&#038;p=4008"},"modified":"2025-10-29T06:14:26","modified_gmt":"2025-10-29T06:14:26","slug":"5oz-embossed-glass-round-candle-jar","status":"publish","type":"product","link":"https:\/\/reihey.com\/fr\/product\/5oz-embossed-glass-round-candle-jar\/","title":{"rendered":"Pot \u00e0 bougie rond en verre press\u00e9 de 5oz"},"content":{"rendered":"","protected":false},"excerpt":{"rendered":"<table class=\"desk-tab\">\n<tbody>\n<tr>\n<th>Mat\u00e9riel<\/th>\n<th>Capacit\u00e9<\/th>\n<th>Couleur<\/th>\n<th>Taille<\/th>\n<th>Couvercle<\/th>\n<th>Utilisation<\/th>\n<th>Anti-choc thermique<\/th>\n<th>Perturbation interne<\/th>\n<th>Tol\u00e9rance thermique<\/th>\n<\/tr>\n<tr>\n<td>Verre<\/td>\n<td>5 oz<\/td>\n<td>Gris<\/td>\n<td>7,1 cm*8,9 cm<\/td>\n<td>M\u00e9tal<\/td>\n<td>D\u00e9coration int\u00e9rieure<\/td>\n<td>\u226541 degr\u00e9s<\/td>\n<td>\u2264Grade 4<\/td>\n<td>120 degr\u00e9s<\/td>\n<\/tr>\n<tr>\n<td><\/td>\n<td>8 oz<\/td>\n<td>Jaune<\/td>\n<td><\/td>\n<td><\/td>\n<td><\/td>\n<td><\/td>\n<td><\/td>\n<td><\/td>\n<\/tr>\n<tr>\n<td><\/td>\n<td><\/td>\n<td>Rouge<\/td>\n<td><\/td>\n<td><\/td>\n<td><\/td>\n<td><\/td>\n<td><\/td>\n<td><\/td>\n<\/tr>\n<tr>\n<td><\/td>\n<td><\/td>\n<td>Rose<\/td>\n<td><\/td>\n<td><\/td>\n<td><\/td>\n<td><\/td>\n<td><\/td>\n<td><\/td>\n<\/tr>\n<tr>\n<td><\/td>\n<td><\/td>\n<td>Bleu<\/td>\n<td><\/td>\n<td><\/td>\n<td><\/td>\n<td><\/td>\n<td><\/td>\n<td><\/td>\n<\/tr>\n<tr>\n<td><\/td>\n<td><\/td>\n<td>Violet<\/td>\n<td><\/td>\n<td><\/td>\n<td><\/td>\n<td><\/td>\n<td><\/td>\n<td><\/td>\n<\/tr>\n<tr>\n<td><\/td>\n<td><\/td>\n<td>Blanc<\/td>\n<td><\/td>\n<td><\/td>\n<td><\/td>\n<td><\/td>\n<td><\/td>\n<td><\/td>\n<\/tr>\n<\/tbody>\n<\/table>\n<table class=\"mob-tab\">\n<tbody>\n<tr>\n<th>Mat\u00e9riel<\/th>\n<td>Verre<\/td>\n<\/tr>\n<tr>\n<th>Capacit\u00e9<\/th>\n<td>5 oz<br \/>\n8 oz<\/td>\n<\/tr>\n<tr>\n<th>Couleur<\/th>\n<td>Gris<br \/>\nJaune<br \/>\nRouge<br \/>\nRose<br \/>\nBleu<br \/>\nViolet<br \/>\nBlanc<\/td>\n<\/tr>\n<tr>\n<th>Taille<\/th>\n<td>7,1 cm*8,9 cm<\/td>\n<\/tr>\n<tr>\n<th>Couvercle<\/th>\n<td>M\u00e9tal<\/td>\n<\/tr>\n<tr>\n<th>Utilisation<\/th>\n<td>D\u00e9coration int\u00e9rieure<\/td>\n<\/tr>\n<tr>\n<th>Anti-choc thermique<\/th>\n<td>\u226541 degr\u00e9s<\/td>\n<\/tr>\n<tr>\n<th>Perturbation interne<\/th>\n<td>\u2264Grade 4<\/td>\n<\/tr>\n<tr>\n<th>Tol\u00e9rance thermique<\/th>\n<td>120 degr\u00e9s<\/td>\n<\/tr>\n<\/tbody>\n<\/table>\n<p>Design en verre emboss\u00e9 : le bocal \u00e0 bougies pr\u00e9sente un motif emboss\u00e9 sur la surface du verre, ajoutant de la texture et un int\u00e9r\u00eat visuel au bocal. Le design emboss\u00e9 cr\u00e9e un look unique et d\u00e9coratif, am\u00e9liorant l\u2019attrait esth\u00e9tique global de vos bougies. Construction durable : le bocal est fabriqu\u00e9 en verre de haute qualit\u00e9, garantissant durabilit\u00e9 et utilisation durable. La construction robuste permet une combustion s\u00fbre et s\u00e9curis\u00e9e des bougies sans compromettre l\u2019int\u00e9grit\u00e9 du bocal.<\/p>","protected":false},"featured_media":991433,"comment_status":"closed","ping_status":"closed","template":"","meta":{"_acf_changed":false},"product_brand":[],"product_cat":[628,591],"product_tag":[],"class_list":{"0":"post-4008","1":"product","2":"type-product","3":"status-publish","4":"has-post-thumbnail","6":"product_cat-wholesale-glass-candle-jar","7":"product_cat-glass-jar-manfacturer","9":"first","10":"instock","11":"shipping-taxable","12":"product-type-simple"},"acf":[],"yoast_head":"<!-- This site is optimized with the Yoast SEO plugin v26.7 - https:\/\/yoast.com\/wordpress\/plugins\/seo\/ -->\n<title>5oz Embossed Glass Round Candle Jar - Reihey Glass<\/title>\n<meta name=\"robots\" content=\"index, follow, max-snippet:-1, max-image-preview:large, max-video-preview:-1\" \/>\n<link rel=\"canonical\" href=\"https:\/\/reihey.com\/fr\/product\/5oz-embossed-glass-round-candle-jar\/\" \/>\n<meta property=\"og:locale\" content=\"fr_FR\" \/>\n<meta property=\"og:type\" content=\"article\" \/>\n<meta property=\"og:title\" content=\"5oz Embossed Glass Round Candle Jar - Reihey Glass\" \/>\n<meta property=\"og:description\" content=\"Material Capacity Color Size Lid Usage Anti-thermal shock Internal stress Thermal Tolerance   Glass 5oz Grey 7.1cm*8.9cm Metal Home Decoration \u226541 degrees \u2264Grade 4 120 degrees    8oz Yellow           Red           Pink           Blue           Purple           White             Material Glass   Capacity 5oz 8oz   Color Grey Yellow Red Pink Blue Purple White   Size 7.1cm*8.9cm   Lid Metal   Usage Home Decoration   Anti-thermal shock \u226541 degrees   Internal stress \u2264Grade 4   Thermal Tolerance 120 degrees    Embossed Glass Design: The candle jar features an embossed pattern on the glass surface, adding texture and visual interest to the jar. The embossed design creates a unique and decorative look, enhancing the overall aesthetic appeal of your candles. Durable Construction: The jar is made from high-quality glass, ensuring durability and long-lasting use. The sturdy construction allows for safe and secure candle burning without compromising the integrity of the jar.\" \/>\n<meta property=\"og:url\" content=\"https:\/\/reihey.com\/fr\/product\/5oz-embossed-glass-round-candle-jar\/\" \/>\n<meta property=\"og:site_name\" content=\"Reihey Glass\" \/>\n<meta property=\"article:modified_time\" content=\"2025-10-29T06:14:26+00:00\" \/>\n<meta property=\"og:image\" content=\"https:\/\/reihey.com\/wp-content\/uploads\/2025\/08\/AgAABhGzgjSnVWMM2LZF5Kj8JTsb9THD.jpeg\" \/>\n\t<meta property=\"og:image:width\" content=\"800\" \/>\n\t<meta property=\"og:image:height\" content=\"800\" \/>\n\t<meta property=\"og:image:type\" content=\"image\/jpeg\" \/>\n<meta name=\"twitter:card\" content=\"summary_large_image\" \/>\n<meta name=\"twitter:label1\" content=\"Est. reading time\" \/>\n\t<meta name=\"twitter:data1\" content=\"1 minute\" \/>\n<script type=\"application\/ld+json\" class=\"yoast-schema-graph\">{\"@context\":\"https:\/\/schema.org\",\"@graph\":[{\"@type\":\"WebPage\",\"@id\":\"https:\/\/reihey.com\/product\/5oz-embossed-glass-round-candle-jar\/\",\"url\":\"https:\/\/reihey.com\/product\/5oz-embossed-glass-round-candle-jar\/\",\"name\":\"5oz Embossed Glass Round Candle Jar - Reihey Glass\",\"isPartOf\":{\"@id\":\"https:\/\/reihey.com\/#website\"},\"primaryImageOfPage\":{\"@id\":\"https:\/\/reihey.com\/product\/5oz-embossed-glass-round-candle-jar\/#primaryimage\"},\"image\":{\"@id\":\"https:\/\/reihey.com\/product\/5oz-embossed-glass-round-candle-jar\/#primaryimage\"},\"thumbnailUrl\":\"https:\/\/reihey.com\/wp-content\/uploads\/2025\/08\/AgAABhGzgjSnVWMM2LZF5Kj8JTsb9THD.jpeg\",\"datePublished\":\"2025-08-27T10:45:01+00:00\",\"dateModified\":\"2025-10-29T06:14:26+00:00\",\"breadcrumb\":{\"@id\":\"https:\/\/reihey.com\/product\/5oz-embossed-glass-round-candle-jar\/#breadcrumb\"},\"inLanguage\":\"fr-FR\",\"potentialAction\":[{\"@type\":\"ReadAction\",\"target\":[\"https:\/\/reihey.com\/product\/5oz-embossed-glass-round-candle-jar\/\"]}]},{\"@type\":\"ImageObject\",\"inLanguage\":\"fr-FR\",\"@id\":\"https:\/\/reihey.com\/product\/5oz-embossed-glass-round-candle-jar\/#primaryimage\",\"url\":\"https:\/\/reihey.com\/wp-content\/uploads\/2025\/08\/AgAABhGzgjSnVWMM2LZF5Kj8JTsb9THD.jpeg\",\"contentUrl\":\"https:\/\/reihey.com\/wp-content\/uploads\/2025\/08\/AgAABhGzgjSnVWMM2LZF5Kj8JTsb9THD.jpeg\",\"width\":800,\"height\":800},{\"@type\":\"BreadcrumbList\",\"@id\":\"https:\/\/reihey.com\/product\/5oz-embossed-glass-round-candle-jar\/#breadcrumb\",\"itemListElement\":[{\"@type\":\"ListItem\",\"position\":1,\"name\":\"Home\",\"item\":\"https:\/\/reihey.com\/\"},{\"@type\":\"ListItem\",\"position\":2,\"name\":\"Shop\",\"item\":\"https:\/\/reihey.com\/shop\/\"},{\"@type\":\"ListItem\",\"position\":3,\"name\":\"5oz Embossed Glass Round Candle Jar\"}]},{\"@type\":\"WebSite\",\"@id\":\"https:\/\/reihey.com\/#website\",\"url\":\"https:\/\/reihey.com\/\",\"name\":\"Reihey Glass\",\"description\":\"\",\"publisher\":{\"@id\":\"https:\/\/reihey.com\/#organization\"},\"potentialAction\":[{\"@type\":\"SearchAction\",\"target\":{\"@type\":\"EntryPoint\",\"urlTemplate\":\"https:\/\/reihey.com\/?s={search_term_string}\"},\"query-input\":{\"@type\":\"PropertyValueSpecification\",\"valueRequired\":true,\"valueName\":\"search_term_string\"}}],\"inLanguage\":\"fr-FR\"},{\"@type\":\"Organization\",\"@id\":\"https:\/\/reihey.com\/#organization\",\"name\":\"Reihey Glass\",\"url\":\"https:\/\/reihey.com\/\",\"logo\":{\"@type\":\"ImageObject\",\"inLanguage\":\"fr-FR\",\"@id\":\"https:\/\/reihey.com\/#\/schema\/logo\/image\/\",\"url\":\"https:\/\/reihey.com\/wp-content\/uploads\/2023\/07\/Reihey-logo-2026.svg\",\"contentUrl\":\"https:\/\/reihey.com\/wp-content\/uploads\/2023\/07\/Reihey-logo-2026.svg\",\"width\":1984,\"height\":566,\"caption\":\"Reihey Glass\"},\"image\":{\"@id\":\"https:\/\/reihey.com\/#\/schema\/logo\/image\/\"}}]}<\/script>\n<!-- \/ Yoast SEO plugin. -->","yoast_head_json":{"title":"Bocal rond en verre emboss\u00e9 de 5 oz - Verre Reihey","robots":{"index":"index","follow":"follow","max-snippet":"max-snippet:-1","max-image-preview":"max-image-preview:large","max-video-preview":"max-video-preview:-1"},"canonical":"https:\/\/reihey.com\/fr\/product\/5oz-embossed-glass-round-candle-jar\/","og_locale":"fr_FR","og_type":"article","og_title":"5oz Embossed Glass Round Candle Jar - Reihey Glass","og_description":"Material Capacity Color Size Lid Usage Anti-thermal shock Internal stress Thermal Tolerance   Glass 5oz Grey 7.1cm*8.9cm Metal Home Decoration \u226541 degrees \u2264Grade 4 120 degrees    8oz Yellow           Red           Pink           Blue           Purple           White             Material Glass   Capacity 5oz 8oz   Color Grey Yellow Red Pink Blue Purple White   Size 7.1cm*8.9cm   Lid Metal   Usage Home Decoration   Anti-thermal shock \u226541 degrees   Internal stress \u2264Grade 4   Thermal Tolerance 120 degrees    Embossed Glass Design: The candle jar features an embossed pattern on the glass surface, adding texture and visual interest to the jar. The embossed design creates a unique and decorative look, enhancing the overall aesthetic appeal of your candles. Durable Construction: The jar is made from high-quality glass, ensuring durability and long-lasting use. The sturdy construction allows for safe and secure candle burning without compromising the integrity of the jar.","og_url":"https:\/\/reihey.com\/fr\/product\/5oz-embossed-glass-round-candle-jar\/","og_site_name":"Reihey Glass","article_modified_time":"2025-10-29T06:14:26+00:00","og_image":[{"width":800,"height":800,"url":"https:\/\/reihey.com\/wp-content\/uploads\/2025\/08\/AgAABhGzgjSnVWMM2LZF5Kj8JTsb9THD.jpeg","type":"image\/jpeg"}],"twitter_card":"summary_large_image","twitter_misc":{"Est. reading time":"1 minute"},"schema":{"@context":"https:\/\/schema.org","@graph":[{"@type":"WebPage","@id":"https:\/\/reihey.com\/product\/5oz-embossed-glass-round-candle-jar\/","url":"https:\/\/reihey.com\/product\/5oz-embossed-glass-round-candle-jar\/","name":"Bocal rond en verre emboss\u00e9 de 5 oz - Verre Reihey","isPartOf":{"@id":"https:\/\/reihey.com\/#website"},"primaryImageOfPage":{"@id":"https:\/\/reihey.com\/product\/5oz-embossed-glass-round-candle-jar\/#primaryimage"},"image":{"@id":"https:\/\/reihey.com\/product\/5oz-embossed-glass-round-candle-jar\/#primaryimage"},"thumbnailUrl":"https:\/\/reihey.com\/wp-content\/uploads\/2025\/08\/AgAABhGzgjSnVWMM2LZF5Kj8JTsb9THD.jpeg","datePublished":"2025-08-27T10:45:01+00:00","dateModified":"2025-10-29T06:14:26+00:00","breadcrumb":{"@id":"https:\/\/reihey.com\/product\/5oz-embossed-glass-round-candle-jar\/#breadcrumb"},"inLanguage":"fr-FR","potentialAction":[{"@type":"ReadAction","target":["https:\/\/reihey.com\/product\/5oz-embossed-glass-round-candle-jar\/"]}]},{"@type":"ImageObject","inLanguage":"fr-FR","@id":"https:\/\/reihey.com\/product\/5oz-embossed-glass-round-candle-jar\/#primaryimage","url":"https:\/\/reihey.com\/wp-content\/uploads\/2025\/08\/AgAABhGzgjSnVWMM2LZF5Kj8JTsb9THD.jpeg","contentUrl":"https:\/\/reihey.com\/wp-content\/uploads\/2025\/08\/AgAABhGzgjSnVWMM2LZF5Kj8JTsb9THD.jpeg","width":800,"height":800},{"@type":"BreadcrumbList","@id":"https:\/\/reihey.com\/product\/5oz-embossed-glass-round-candle-jar\/#breadcrumb","itemListElement":[{"@type":"ListItem","position":1,"name":"Home","item":"https:\/\/reihey.com\/"},{"@type":"ListItem","position":2,"name":"Shop","item":"https:\/\/reihey.com\/shop\/"},{"@type":"ListItem","position":3,"name":"5oz Embossed Glass Round Candle Jar"}]},{"@type":"WebSite","@id":"https:\/\/reihey.com\/#website","url":"https:\/\/reihey.com\/","name":"Verre Reiheney","description":"","publisher":{"@id":"https:\/\/reihey.com\/#organization"},"potentialAction":[{"@type":"SearchAction","target":{"@type":"EntryPoint","urlTemplate":"https:\/\/reihey.com\/?s={search_term_string}"},"query-input":{"@type":"PropertyValueSpecification","valueRequired":true,"valueName":"search_term_string"}}],"inLanguage":"fr-FR"},{"@type":"Organization","@id":"https:\/\/reihey.com\/#organization","name":"Verre Reiheney","url":"https:\/\/reihey.com\/","logo":{"@type":"ImageObject","inLanguage":"fr-FR","@id":"https:\/\/reihey.com\/#\/schema\/logo\/image\/","url":"https:\/\/reihey.com\/wp-content\/uploads\/2023\/07\/Reihey-logo-2026.svg","contentUrl":"https:\/\/reihey.com\/wp-content\/uploads\/2023\/07\/Reihey-logo-2026.svg","width":1984,"height":566,"caption":"Reihey Glass"},"image":{"@id":"https:\/\/reihey.com\/#\/schema\/logo\/image\/"}}]}},"_links":{"self":[{"href":"https:\/\/reihey.com\/fr\/wp-json\/wp\/v2\/product\/4008","targetHints":{"allow":["GET"]}}],"collection":[{"href":"https:\/\/reihey.com\/fr\/wp-json\/wp\/v2\/product"}],"about":[{"href":"https:\/\/reihey.com\/fr\/wp-json\/wp\/v2\/types\/product"}],"replies":[{"embeddable":true,"href":"https:\/\/reihey.com\/fr\/wp-json\/wp\/v2\/comments?post=4008"}],"version-history":[{"count":5,"href":"https:\/\/reihey.com\/fr\/wp-json\/wp\/v2\/product\/4008\/revisions"}],"predecessor-version":[{"id":998141,"href":"https:\/\/reihey.com\/fr\/wp-json\/wp\/v2\/product\/4008\/revisions\/998141"}],"wp:featuredmedia":[{"embeddable":true,"href":"https:\/\/reihey.com\/fr\/wp-json\/wp\/v2\/media\/991433"}],"wp:attachment":[{"href":"https:\/\/reihey.com\/fr\/wp-json\/wp\/v2\/media?parent=4008"}],"wp:term":[{"taxonomy":"product_brand","embeddable":true,"href":"https:\/\/reihey.com\/fr\/wp-json\/wp\/v2\/product_brand?post=4008"},{"taxonomy":"product_cat","embeddable":true,"href":"https:\/\/reihey.com\/fr\/wp-json\/wp\/v2\/product_cat?post=4008"},{"taxonomy":"product_tag","embeddable":true,"href":"https:\/\/reihey.com\/fr\/wp-json\/wp\/v2\/product_tag?post=4008"}],"curies":[{"name":"wp","href":"https:\/\/api.w.org\/{rel}","templated":true}]}}