{"id":3975,"date":"2025-08-27T10:44:53","date_gmt":"2025-08-27T10:44:53","guid":{"rendered":"https:\/\/slot71.silverline.dev\/?post_type=product&#038;p=3975"},"modified":"2025-10-29T06:14:26","modified_gmt":"2025-10-29T06:14:26","slug":"7oz-frosted-glass-candle-jar-with-bamboo-mental-lid","status":"publish","type":"product","link":"https:\/\/reihey.com\/fr\/product\/7oz-frosted-glass-candle-jar-with-bamboo-mental-lid\/","title":{"rendered":"Pot \u00e0 bougie en verre frosted de 7oz avec couvercle en bois"},"content":{"rendered":"","protected":false},"excerpt":{"rendered":"<table class=\"desk-tab\">\n<tbody>\n<tr>\n<th>Mat\u00e9riel<\/th>\n<th>Capacit\u00e9<\/th>\n<th>Couleur<\/th>\n<th>Taille<\/th>\n<th>Couvercle<\/th>\n<th>Utilisation<\/th>\n<\/tr>\n<tr>\n<td>Verre<\/td>\n<td>7 onces<\/td>\n<td>Clair<\/td>\n<td>7,4*8,4 cm<\/td>\n<td>Bambou<\/td>\n<td>D\u00e9coration int\u00e9rieure<\/td>\n<\/tr>\n<tr>\n<td><\/td>\n<td>9 oz<\/td>\n<td>Ambre<\/td>\n<td>8*9 cm<\/td>\n<td>M\u00e9tal<\/td>\n<td><\/td>\n<\/tr>\n<tr>\n<td><\/td>\n<td><\/td>\n<td>Noir<\/td>\n<td><\/td>\n<td><\/td>\n<td><\/td>\n<\/tr>\n<tr>\n<td><\/td>\n<td><\/td>\n<td>Multicolore<\/td>\n<td><\/td>\n<td><\/td>\n<td><\/td>\n<\/tr>\n<\/tbody>\n<\/table>\n<table class=\"mob-tab\">\n<tbody>\n<tr>\n<th>Mat\u00e9riel<\/th>\n<td>Verre<\/td>\n<\/tr>\n<tr>\n<th>Capacit\u00e9<\/th>\n<td>7 onces<br \/>\n9 oz<\/td>\n<\/tr>\n<tr>\n<th>Couleur<\/th>\n<td>Clair<br \/>\nAmbre<br \/>\nNoir<br \/>\nMulticolore<\/td>\n<\/tr>\n<tr>\n<th>Taille<\/th>\n<td>7,4*8,4 cm<br \/>\n8*9 cm<\/td>\n<\/tr>\n<tr>\n<th>Couvercle<\/th>\n<td>Bambou<br \/>\nM\u00e9tal<\/td>\n<\/tr>\n<tr>\n<th>Utilisation<\/th>\n<td>D\u00e9coration int\u00e9rieure<\/td>\n<\/tr>\n<\/tbody>\n<\/table>\n<p>Polyvalent : Support de bougie en verre adapt\u00e9 pour bougie DIY, bougie chauffe-plat R\u00c9UTILISABLE : Apr\u00e8s que la bougie est termin\u00e9e, le pot peut aussi \u00eatre utilis\u00e9 pour le stockage de projets d'artisanat et d'autres petits objets. R\u00e9tro et vintage : Fabriqu\u00e9 en verre \u00e9pais certifi\u00e9 conforme aux normes de s\u00e9curit\u00e9, les kits de fabrication de bougies sont con\u00e7us avec une surface grav\u00e9e et une surface interne \u00e9toil\u00e9e en couleur or\/argent\/violet\/flamme rouge\/gris haut de gamme\/rose.<\/p>","protected":false},"featured_media":991424,"comment_status":"closed","ping_status":"closed","template":"","meta":{"_acf_changed":false},"product_brand":[],"product_cat":[628,591],"product_tag":[],"class_list":{"0":"post-3975","1":"product","2":"type-product","3":"status-publish","4":"has-post-thumbnail","6":"product_cat-wholesale-glass-candle-jar","7":"product_cat-glass-jar-manfacturer","9":"first","10":"instock","11":"shipping-taxable","12":"product-type-simple"},"acf":[],"yoast_head":"<!-- This site is optimized with the Yoast SEO plugin v26.7 - https:\/\/yoast.com\/wordpress\/plugins\/seo\/ -->\n<title>7oz frosted glass candle jar With Bamboo Mental Lid - Reihey Glass<\/title>\n<meta name=\"robots\" content=\"index, follow, max-snippet:-1, max-image-preview:large, max-video-preview:-1\" \/>\n<link rel=\"canonical\" href=\"https:\/\/reihey.com\/fr\/product\/7oz-frosted-glass-candle-jar-with-bamboo-mental-lid\/\" \/>\n<meta property=\"og:locale\" content=\"fr_FR\" \/>\n<meta property=\"og:type\" content=\"article\" \/>\n<meta property=\"og:title\" content=\"7oz frosted glass candle jar With Bamboo Mental Lid - Reihey Glass\" \/>\n<meta property=\"og:description\" content=\"Material Capacity Color Size Lid Usage   Glass 7oz Clear 7.4*8.4cm Bamboo Home Decoration    9oz Amber 8*9cm Metal      Black        Multicolor          Material Glass   Capacity 7oz 9oz   Color Clear Amber Black Multicolor   Size 7.4*8.4cm 8*9cm   Lid Bamboo Metal   Usage Home Decoration    Multipurpose : Glass candle holder fits for DIY candle,tealight candle REUSEABLE: After the candle is gone, the jar can also be used to storage craft projects and other small items. Retro and vintage : Made from thick certified safety standard glass, candle making kits are designed with a carven surface and a starry internal surface in color gold\/silver\/purple\/flame red\/high grade gray\/ pink.\" \/>\n<meta property=\"og:url\" content=\"https:\/\/reihey.com\/fr\/product\/7oz-frosted-glass-candle-jar-with-bamboo-mental-lid\/\" \/>\n<meta property=\"og:site_name\" content=\"Reihey Glass\" \/>\n<meta property=\"article:modified_time\" content=\"2025-10-29T06:14:26+00:00\" \/>\n<meta property=\"og:image\" content=\"https:\/\/reihey.com\/wp-content\/uploads\/2025\/08\/AgAABhGzgjTLGCdPCVpJ4rGOVZmVUl8A-1.jpeg\" \/>\n\t<meta property=\"og:image:width\" content=\"800\" \/>\n\t<meta property=\"og:image:height\" content=\"800\" \/>\n\t<meta property=\"og:image:type\" content=\"image\/jpeg\" \/>\n<meta name=\"twitter:card\" content=\"summary_large_image\" \/>\n<meta name=\"twitter:label1\" content=\"Est. reading time\" \/>\n\t<meta name=\"twitter:data1\" content=\"1 minute\" \/>\n<script type=\"application\/ld+json\" class=\"yoast-schema-graph\">{\"@context\":\"https:\/\/schema.org\",\"@graph\":[{\"@type\":\"WebPage\",\"@id\":\"https:\/\/reihey.com\/product\/7oz-frosted-glass-candle-jar-with-bamboo-mental-lid\/\",\"url\":\"https:\/\/reihey.com\/product\/7oz-frosted-glass-candle-jar-with-bamboo-mental-lid\/\",\"name\":\"7oz frosted glass candle jar With Bamboo Mental Lid - Reihey Glass\",\"isPartOf\":{\"@id\":\"https:\/\/reihey.com\/#website\"},\"primaryImageOfPage\":{\"@id\":\"https:\/\/reihey.com\/product\/7oz-frosted-glass-candle-jar-with-bamboo-mental-lid\/#primaryimage\"},\"image\":{\"@id\":\"https:\/\/reihey.com\/product\/7oz-frosted-glass-candle-jar-with-bamboo-mental-lid\/#primaryimage\"},\"thumbnailUrl\":\"https:\/\/reihey.com\/wp-content\/uploads\/2025\/08\/AgAABhGzgjTLGCdPCVpJ4rGOVZmVUl8A-1.jpeg\",\"datePublished\":\"2025-08-27T10:44:53+00:00\",\"dateModified\":\"2025-10-29T06:14:26+00:00\",\"breadcrumb\":{\"@id\":\"https:\/\/reihey.com\/product\/7oz-frosted-glass-candle-jar-with-bamboo-mental-lid\/#breadcrumb\"},\"inLanguage\":\"fr-FR\",\"potentialAction\":[{\"@type\":\"ReadAction\",\"target\":[\"https:\/\/reihey.com\/product\/7oz-frosted-glass-candle-jar-with-bamboo-mental-lid\/\"]}]},{\"@type\":\"ImageObject\",\"inLanguage\":\"fr-FR\",\"@id\":\"https:\/\/reihey.com\/product\/7oz-frosted-glass-candle-jar-with-bamboo-mental-lid\/#primaryimage\",\"url\":\"https:\/\/reihey.com\/wp-content\/uploads\/2025\/08\/AgAABhGzgjTLGCdPCVpJ4rGOVZmVUl8A-1.jpeg\",\"contentUrl\":\"https:\/\/reihey.com\/wp-content\/uploads\/2025\/08\/AgAABhGzgjTLGCdPCVpJ4rGOVZmVUl8A-1.jpeg\",\"width\":800,\"height\":800},{\"@type\":\"BreadcrumbList\",\"@id\":\"https:\/\/reihey.com\/product\/7oz-frosted-glass-candle-jar-with-bamboo-mental-lid\/#breadcrumb\",\"itemListElement\":[{\"@type\":\"ListItem\",\"position\":1,\"name\":\"Home\",\"item\":\"https:\/\/reihey.com\/\"},{\"@type\":\"ListItem\",\"position\":2,\"name\":\"Shop\",\"item\":\"https:\/\/reihey.com\/shop\/\"},{\"@type\":\"ListItem\",\"position\":3,\"name\":\"7oz frosted glass candle jar With Bamboo Mental Lid\"}]},{\"@type\":\"WebSite\",\"@id\":\"https:\/\/reihey.com\/#website\",\"url\":\"https:\/\/reihey.com\/\",\"name\":\"Reihey Glass\",\"description\":\"\",\"publisher\":{\"@id\":\"https:\/\/reihey.com\/#organization\"},\"potentialAction\":[{\"@type\":\"SearchAction\",\"target\":{\"@type\":\"EntryPoint\",\"urlTemplate\":\"https:\/\/reihey.com\/?s={search_term_string}\"},\"query-input\":{\"@type\":\"PropertyValueSpecification\",\"valueRequired\":true,\"valueName\":\"search_term_string\"}}],\"inLanguage\":\"fr-FR\"},{\"@type\":\"Organization\",\"@id\":\"https:\/\/reihey.com\/#organization\",\"name\":\"Reihey Glass\",\"url\":\"https:\/\/reihey.com\/\",\"logo\":{\"@type\":\"ImageObject\",\"inLanguage\":\"fr-FR\",\"@id\":\"https:\/\/reihey.com\/#\/schema\/logo\/image\/\",\"url\":\"https:\/\/reihey.com\/wp-content\/uploads\/2023\/07\/Reihey-logo-2026.svg\",\"contentUrl\":\"https:\/\/reihey.com\/wp-content\/uploads\/2023\/07\/Reihey-logo-2026.svg\",\"width\":1984,\"height\":566,\"caption\":\"Reihey Glass\"},\"image\":{\"@id\":\"https:\/\/reihey.com\/#\/schema\/logo\/image\/\"}}]}<\/script>\n<!-- \/ Yoast SEO plugin. -->","yoast_head_json":{"title":"7oz pot en verre givr\u00e9 avec couvercle en bambou mental - Reihey Glass","robots":{"index":"index","follow":"follow","max-snippet":"max-snippet:-1","max-image-preview":"max-image-preview:large","max-video-preview":"max-video-preview:-1"},"canonical":"https:\/\/reihey.com\/fr\/product\/7oz-frosted-glass-candle-jar-with-bamboo-mental-lid\/","og_locale":"fr_FR","og_type":"article","og_title":"7oz frosted glass candle jar With Bamboo Mental Lid - Reihey Glass","og_description":"Material Capacity Color Size Lid Usage   Glass 7oz Clear 7.4*8.4cm Bamboo Home Decoration    9oz Amber 8*9cm Metal      Black        Multicolor          Material Glass   Capacity 7oz 9oz   Color Clear Amber Black Multicolor   Size 7.4*8.4cm 8*9cm   Lid Bamboo Metal   Usage Home Decoration    Multipurpose : Glass candle holder fits for DIY candle,tealight candle REUSEABLE: After the candle is gone, the jar can also be used to storage craft projects and other small items. Retro and vintage : Made from thick certified safety standard glass, candle making kits are designed with a carven surface and a starry internal surface in color gold\/silver\/purple\/flame red\/high grade gray\/ pink.","og_url":"https:\/\/reihey.com\/fr\/product\/7oz-frosted-glass-candle-jar-with-bamboo-mental-lid\/","og_site_name":"Reihey Glass","article_modified_time":"2025-10-29T06:14:26+00:00","og_image":[{"width":800,"height":800,"url":"https:\/\/reihey.com\/wp-content\/uploads\/2025\/08\/AgAABhGzgjTLGCdPCVpJ4rGOVZmVUl8A-1.jpeg","type":"image\/jpeg"}],"twitter_card":"summary_large_image","twitter_misc":{"Est. reading time":"1 minute"},"schema":{"@context":"https:\/\/schema.org","@graph":[{"@type":"WebPage","@id":"https:\/\/reihey.com\/product\/7oz-frosted-glass-candle-jar-with-bamboo-mental-lid\/","url":"https:\/\/reihey.com\/product\/7oz-frosted-glass-candle-jar-with-bamboo-mental-lid\/","name":"7oz pot en verre givr\u00e9 avec couvercle en bambou mental - Reihey Glass","isPartOf":{"@id":"https:\/\/reihey.com\/#website"},"primaryImageOfPage":{"@id":"https:\/\/reihey.com\/product\/7oz-frosted-glass-candle-jar-with-bamboo-mental-lid\/#primaryimage"},"image":{"@id":"https:\/\/reihey.com\/product\/7oz-frosted-glass-candle-jar-with-bamboo-mental-lid\/#primaryimage"},"thumbnailUrl":"https:\/\/reihey.com\/wp-content\/uploads\/2025\/08\/AgAABhGzgjTLGCdPCVpJ4rGOVZmVUl8A-1.jpeg","datePublished":"2025-08-27T10:44:53+00:00","dateModified":"2025-10-29T06:14:26+00:00","breadcrumb":{"@id":"https:\/\/reihey.com\/product\/7oz-frosted-glass-candle-jar-with-bamboo-mental-lid\/#breadcrumb"},"inLanguage":"fr-FR","potentialAction":[{"@type":"ReadAction","target":["https:\/\/reihey.com\/product\/7oz-frosted-glass-candle-jar-with-bamboo-mental-lid\/"]}]},{"@type":"ImageObject","inLanguage":"fr-FR","@id":"https:\/\/reihey.com\/product\/7oz-frosted-glass-candle-jar-with-bamboo-mental-lid\/#primaryimage","url":"https:\/\/reihey.com\/wp-content\/uploads\/2025\/08\/AgAABhGzgjTLGCdPCVpJ4rGOVZmVUl8A-1.jpeg","contentUrl":"https:\/\/reihey.com\/wp-content\/uploads\/2025\/08\/AgAABhGzgjTLGCdPCVpJ4rGOVZmVUl8A-1.jpeg","width":800,"height":800},{"@type":"BreadcrumbList","@id":"https:\/\/reihey.com\/product\/7oz-frosted-glass-candle-jar-with-bamboo-mental-lid\/#breadcrumb","itemListElement":[{"@type":"ListItem","position":1,"name":"Home","item":"https:\/\/reihey.com\/"},{"@type":"ListItem","position":2,"name":"Shop","item":"https:\/\/reihey.com\/shop\/"},{"@type":"ListItem","position":3,"name":"7oz frosted glass candle jar With Bamboo Mental Lid"}]},{"@type":"WebSite","@id":"https:\/\/reihey.com\/#website","url":"https:\/\/reihey.com\/","name":"Verre Reiheney","description":"","publisher":{"@id":"https:\/\/reihey.com\/#organization"},"potentialAction":[{"@type":"SearchAction","target":{"@type":"EntryPoint","urlTemplate":"https:\/\/reihey.com\/?s={search_term_string}"},"query-input":{"@type":"PropertyValueSpecification","valueRequired":true,"valueName":"search_term_string"}}],"inLanguage":"fr-FR"},{"@type":"Organization","@id":"https:\/\/reihey.com\/#organization","name":"Verre Reiheney","url":"https:\/\/reihey.com\/","logo":{"@type":"ImageObject","inLanguage":"fr-FR","@id":"https:\/\/reihey.com\/#\/schema\/logo\/image\/","url":"https:\/\/reihey.com\/wp-content\/uploads\/2023\/07\/Reihey-logo-2026.svg","contentUrl":"https:\/\/reihey.com\/wp-content\/uploads\/2023\/07\/Reihey-logo-2026.svg","width":1984,"height":566,"caption":"Reihey Glass"},"image":{"@id":"https:\/\/reihey.com\/#\/schema\/logo\/image\/"}}]}},"_links":{"self":[{"href":"https:\/\/reihey.com\/fr\/wp-json\/wp\/v2\/product\/3975","targetHints":{"allow":["GET"]}}],"collection":[{"href":"https:\/\/reihey.com\/fr\/wp-json\/wp\/v2\/product"}],"about":[{"href":"https:\/\/reihey.com\/fr\/wp-json\/wp\/v2\/types\/product"}],"replies":[{"embeddable":true,"href":"https:\/\/reihey.com\/fr\/wp-json\/wp\/v2\/comments?post=3975"}],"version-history":[{"count":5,"href":"https:\/\/reihey.com\/fr\/wp-json\/wp\/v2\/product\/3975\/revisions"}],"predecessor-version":[{"id":998139,"href":"https:\/\/reihey.com\/fr\/wp-json\/wp\/v2\/product\/3975\/revisions\/998139"}],"wp:featuredmedia":[{"embeddable":true,"href":"https:\/\/reihey.com\/fr\/wp-json\/wp\/v2\/media\/991424"}],"wp:attachment":[{"href":"https:\/\/reihey.com\/fr\/wp-json\/wp\/v2\/media?parent=3975"}],"wp:term":[{"taxonomy":"product_brand","embeddable":true,"href":"https:\/\/reihey.com\/fr\/wp-json\/wp\/v2\/product_brand?post=3975"},{"taxonomy":"product_cat","embeddable":true,"href":"https:\/\/reihey.com\/fr\/wp-json\/wp\/v2\/product_cat?post=3975"},{"taxonomy":"product_tag","embeddable":true,"href":"https:\/\/reihey.com\/fr\/wp-json\/wp\/v2\/product_tag?post=3975"}],"curies":[{"name":"wp","href":"https:\/\/api.w.org\/{rel}","templated":true}]}}